{"id":2734,"date":"2024-07-23T16:01:55","date_gmt":"2024-07-23T14:01:55","guid":{"rendered":"https:\/\/www.holy-supps.nl\/?post_type=product&#038;p=2734"},"modified":"2026-02-20T06:46:52","modified_gmt":"2026-02-20T05:46:52","slug":"proteine-de-lactoserum-maximale-mhp-strong-2-2kg","status":"publish","type":"product","link":"https:\/\/www.holy-supps.nl\/fr\/product\/maximum-whey-protein-mhp-strong-2-2kg\/","title":{"rendered":"Maximum Whey Protein - MHP STRONG - 2.2KG"},"content":{"rendered":"<h2>Meilleur moment pour utiliser Max Whey<\/h2>\n<p>La construction musculaire ne se produit pas pendant l'entra\u00eenement proprement dit, mais surtout dans la p\u00e9riode qui suit. L'entra\u00eenement met le corps dans la bonne position, apr\u00e8s quoi la r\u00e9cup\u00e9ration et la nutrition jouent leur r\u00f4le. Imm\u00e9diatement apr\u00e8s une s\u00e9ance d'entra\u00eenement, c'est le bon moment pour prendre des prot\u00e9ines, car le corps est alors pr\u00eat \u00e0 absorber les nutriments. Une prot\u00e9ine \u00e0 solubilit\u00e9 rapide comme la prot\u00e9ine de lactos\u00e9rum est facile \u00e0 pr\u00e9parer et s'int\u00e8gre bien dans un r\u00e9gime actif.  <\/p>\n<h2>Max Whey pour un style de vie actif<\/h2>\n<p>La prot\u00e9ine de lactos\u00e9rum est connue pour \u00eatre une source de prot\u00e9ines compl\u00e8te avec un riche profil d'acides amin\u00e9s. C'est un choix populaire parmi les athl\u00e8tes et les personnes actives qui veulent soutenir leur apport quotidien en prot\u00e9ines. Sa texture cr\u00e9meuse et sa grande solubilit\u00e9 la rendent facile \u00e0 consommer, par exemple imm\u00e9diatement apr\u00e8s l'entra\u00eenement ou \u00e0 tout autre moment de la journ\u00e9e.  <\/p>\n<p>Lorsque vous suivez un r\u00e9gime alimentaire sain et \u00e9quilibr\u00e9, un suppl\u00e9ment de prot\u00e9ines de lactos\u00e9rum peut \u00eatre un compl\u00e9ment utile pour vous aider \u00e0 maintenir votre apport en prot\u00e9ines. Il est ainsi plus facile d'obtenir la quantit\u00e9 de prot\u00e9ines souhait\u00e9e, en plus de vos repas habituels.  <\/p>\n<ul>\n<li>Appr\u00e9ci\u00e9 des sportifs et des personnes actives<\/li>\n<li>Grande solubilit\u00e9 et texture cr\u00e9meuse<\/li>\n<li>Disponible en diff\u00e9rentes saveurs<\/li>\n<\/ul>\n<p><strong>MAXIMUM WHEY<\/strong> est connu pour \u00eatre \u201cpropre\u201d, il est certifi\u00e9 Informed-Choice, test\u00e9 pour plus de 200 substances list\u00e9es par l'AMA et produit dans une usine conforme aux BPF. Vous \u00eates donc assur\u00e9 de disposer d'un produit r\u00e9pondant \u00e0 des normes de qualit\u00e9 \u00e9lev\u00e9es.<\/p>","protected":false},"excerpt":{"rendered":"<p id=\"tw-target-text\" class=\"tw-data-text tw-text-large tw-ta\" dir=\"ltr\" data-placeholder=\"Vertaling\" aria-label=\"Texte traduit\" data-ved=\"2ahUKEwiO7ZS0qL2HAxWkwAIHHREQBG0Q3ewLegQICBAU\"><span class=\"Y2IQFc\" lang=\"nl\">Maximum Whey contient 25 g de prot\u00e9ines de lactos\u00e9rum pures, et rien d'autre. Le complexe de prot\u00e9ines de lactos\u00e9rum en trois phases contient un concentr\u00e9 de prot\u00e9ines de lactos\u00e9rum, un isolat de prot\u00e9ines de lactos\u00e9rum et des prot\u00e9ines de lactos\u00e9rum hydrolys\u00e9es pour une digestion et une absorption encore plus rapides. <\/span><\/p>","protected":false},"featured_media":2740,"comment_status":"open","ping_status":"closed","template":"","meta":[],"product_brand":[],"product_cat":[77,67,203,165,75],"product_tag":[],"class_list":{"0":"post-2734","1":"product","2":"type-product","3":"status-publish","4":"has-post-thumbnail","6":"product_cat-bundles-save","7":"product_cat-eiwitten-proteine","8":"product_cat-mass-gainers","9":"product_cat-mhp-strong","10":"product_cat-producten","12":"first","13":"instock","14":"sale","15":"taxable","16":"shipping-taxable","17":"purchasable","18":"product-type-variable"},"yoast_head":"<!-- This site is optimized with the Yoast SEO plugin v27.4 - https:\/\/yoast.com\/product\/yoast-seo-wordpress\/ -->\n<title>Maximum Whey Protein - MHP STRONG - 2.2KG - Holy-Supps.nl<\/title>\n<meta name=\"description\" content=\"Maximaliseer spiergroei en herstel met Maximum Whey Protein - 2.2KG van MHP STRONG. Bevat hoogwaardige eiwitten voor droge spiermassa en kracht.\" \/>\n<meta name=\"robots\" content=\"index, follow, max-snippet:-1, max-image-preview:large, max-video-preview:-1\" \/>\n<link rel=\"canonical\" href=\"https:\/\/www.holy-supps.nl\/fr\/produit\/proteine-de-lactoserum-maximale-mhp-strong-2-2kg\/\" \/>\n<meta property=\"og:locale\" content=\"fr_FR\" \/>\n<meta property=\"og:type\" content=\"article\" \/>\n<meta property=\"og:title\" content=\"Maximum Whey Protein - MHP STRONG - 2.2KG - Holy-Supps.nl\" \/>\n<meta property=\"og:description\" content=\"Maximaliseer spiergroei en herstel met Maximum Whey Protein - 2.2KG van MHP STRONG. Bevat hoogwaardige eiwitten voor droge spiermassa en kracht.\" \/>\n<meta property=\"og:url\" content=\"https:\/\/www.holy-supps.nl\/fr\/produit\/proteine-de-lactoserum-maximale-mhp-strong-2-2kg\/\" \/>\n<meta property=\"og:site_name\" content=\"Holy-Supps.nl\" \/>\n<meta property=\"article:publisher\" content=\"https:\/\/www.facebook.com\/holy.supps\" \/>\n<meta property=\"article:modified_time\" content=\"2026-02-20T05:46:52+00:00\" \/>\n<meta property=\"og:image\" content=\"https:\/\/www.holy-supps.nl\/wp-content\/uploads\/2024\/07\/wsi-imageoptim-Maximum-Whey-VI-01_5000x.webp\" \/>\n\t<meta property=\"og:image:width\" content=\"900\" \/>\n\t<meta property=\"og:image:height\" content=\"900\" \/>\n\t<meta property=\"og:image:type\" content=\"image\/webp\" \/>\n<meta name=\"twitter:card\" content=\"summary_large_image\" \/>\n<meta name=\"twitter:label1\" content=\"Dur\u00e9e de lecture estim\u00e9e\" \/>\n\t<meta name=\"twitter:data1\" content=\"2 minutes\" \/>\n<script type=\"application\/ld+json\" class=\"yoast-schema-graph\">{\"@context\":\"https:\\\/\\\/schema.org\",\"@graph\":[{\"@type\":\"WebPage\",\"@id\":\"https:\\\/\\\/www.holy-supps.nl\\\/product\\\/maximum-whey-protein-mhp-strong-2-2kg\\\/\",\"url\":\"https:\\\/\\\/www.holy-supps.nl\\\/product\\\/maximum-whey-protein-mhp-strong-2-2kg\\\/\",\"name\":\"Maximum Whey Protein - MHP STRONG - 2.2KG - Holy-Supps.nl\",\"isPartOf\":{\"@id\":\"https:\\\/\\\/www.holy-supps.nl\\\/#website\"},\"primaryImageOfPage\":{\"@id\":\"https:\\\/\\\/www.holy-supps.nl\\\/product\\\/maximum-whey-protein-mhp-strong-2-2kg\\\/#primaryimage\"},\"image\":{\"@id\":\"https:\\\/\\\/www.holy-supps.nl\\\/product\\\/maximum-whey-protein-mhp-strong-2-2kg\\\/#primaryimage\"},\"thumbnailUrl\":\"https:\\\/\\\/www.holy-supps.nl\\\/wp-content\\\/uploads\\\/2024\\\/07\\\/wsi-imageoptim-Maximum-Whey-VI-01_5000x.webp\",\"datePublished\":\"2024-07-23T14:01:55+00:00\",\"dateModified\":\"2026-02-20T05:46:52+00:00\",\"description\":\"Maximaliseer spiergroei en herstel met Maximum Whey Protein - 2.2KG van MHP STRONG. Bevat hoogwaardige eiwitten voor droge spiermassa en kracht.\",\"breadcrumb\":{\"@id\":\"https:\\\/\\\/www.holy-supps.nl\\\/product\\\/maximum-whey-protein-mhp-strong-2-2kg\\\/#breadcrumb\"},\"inLanguage\":\"fr-FR\",\"potentialAction\":[{\"@type\":\"ReadAction\",\"target\":[\"https:\\\/\\\/www.holy-supps.nl\\\/product\\\/maximum-whey-protein-mhp-strong-2-2kg\\\/\"]}]},{\"@type\":\"ImageObject\",\"inLanguage\":\"fr-FR\",\"@id\":\"https:\\\/\\\/www.holy-supps.nl\\\/product\\\/maximum-whey-protein-mhp-strong-2-2kg\\\/#primaryimage\",\"url\":\"https:\\\/\\\/www.holy-supps.nl\\\/wp-content\\\/uploads\\\/2024\\\/07\\\/wsi-imageoptim-Maximum-Whey-VI-01_5000x.webp\",\"contentUrl\":\"https:\\\/\\\/www.holy-supps.nl\\\/wp-content\\\/uploads\\\/2024\\\/07\\\/wsi-imageoptim-Maximum-Whey-VI-01_5000x.webp\",\"width\":900,\"height\":900},{\"@type\":\"BreadcrumbList\",\"@id\":\"https:\\\/\\\/www.holy-supps.nl\\\/product\\\/maximum-whey-protein-mhp-strong-2-2kg\\\/#breadcrumb\",\"itemListElement\":[{\"@type\":\"ListItem\",\"position\":1,\"name\":\"Home\",\"item\":\"https:\\\/\\\/www.holy-supps.nl\\\/\"},{\"@type\":\"ListItem\",\"position\":2,\"name\":\"Winkel\",\"item\":\"https:\\\/\\\/www.holy-supps.nl\\\/winkel\\\/\"},{\"@type\":\"ListItem\",\"position\":3,\"name\":\"Maximum Whey Protein &#8211; MHP STRONG &#8211; 2.2KG\"}]},{\"@type\":\"WebSite\",\"@id\":\"https:\\\/\\\/www.holy-supps.nl\\\/#website\",\"url\":\"https:\\\/\\\/www.holy-supps.nl\\\/\",\"name\":\"Holy-Supps.nl\",\"description\":\"Official EHPLabs Reseller!\",\"publisher\":{\"@id\":\"https:\\\/\\\/www.holy-supps.nl\\\/#organization\"},\"potentialAction\":[{\"@type\":\"SearchAction\",\"target\":{\"@type\":\"EntryPoint\",\"urlTemplate\":\"https:\\\/\\\/www.holy-supps.nl\\\/?s={search_term_string}\"},\"query-input\":{\"@type\":\"PropertyValueSpecification\",\"valueRequired\":true,\"valueName\":\"search_term_string\"}}],\"inLanguage\":\"fr-FR\"},{\"@type\":\"Organization\",\"@id\":\"https:\\\/\\\/www.holy-supps.nl\\\/#organization\",\"name\":\"Holy Supps\",\"url\":\"https:\\\/\\\/www.holy-supps.nl\\\/\",\"logo\":{\"@type\":\"ImageObject\",\"inLanguage\":\"fr-FR\",\"@id\":\"https:\\\/\\\/www.holy-supps.nl\\\/#\\\/schema\\\/logo\\\/image\\\/\",\"url\":\"https:\\\/\\\/www.holy-supps.nl\\\/wp-content\\\/uploads\\\/2023\\\/06\\\/HOLY-SUPPS.png\",\"contentUrl\":\"https:\\\/\\\/www.holy-supps.nl\\\/wp-content\\\/uploads\\\/2023\\\/06\\\/HOLY-SUPPS.png\",\"width\":1000,\"height\":400,\"caption\":\"Holy Supps\"},\"image\":{\"@id\":\"https:\\\/\\\/www.holy-supps.nl\\\/#\\\/schema\\\/logo\\\/image\\\/\"},\"sameAs\":[\"https:\\\/\\\/www.facebook.com\\\/holy.supps\",\"https:\\\/\\\/www.instagram.com\\\/holy.supps.shop\\\/\"]}]}<\/script>\n<!-- \/ Yoast SEO plugin. -->","yoast_head_json":{"title":"Maximum Whey Protein - MHP STRONG - 2.2KG - Holy-Supps.fr","description":"Maximisez la croissance musculaire et la r\u00e9cup\u00e9ration avec Maximum Whey Protein - 2.2KG de MHP STRONG. Contient des prot\u00e9ines de haute qualit\u00e9 pour la masse musculaire s\u00e8che et la force.","robots":{"index":"index","follow":"follow","max-snippet":"max-snippet:-1","max-image-preview":"max-image-preview:large","max-video-preview":"max-video-preview:-1"},"canonical":"https:\/\/www.holy-supps.nl\/fr\/produit\/proteine-de-lactoserum-maximale-mhp-strong-2-2kg\/","og_locale":"fr_FR","og_type":"article","og_title":"Maximum Whey Protein - MHP STRONG - 2.2KG - Holy-Supps.nl","og_description":"Maximaliseer spiergroei en herstel met Maximum Whey Protein - 2.2KG van MHP STRONG. Bevat hoogwaardige eiwitten voor droge spiermassa en kracht.","og_url":"https:\/\/www.holy-supps.nl\/fr\/produit\/proteine-de-lactoserum-maximale-mhp-strong-2-2kg\/","og_site_name":"Holy-Supps.nl","article_publisher":"https:\/\/www.facebook.com\/holy.supps","article_modified_time":"2026-02-20T05:46:52+00:00","og_image":[{"width":900,"height":900,"url":"https:\/\/www.holy-supps.nl\/wp-content\/uploads\/2024\/07\/wsi-imageoptim-Maximum-Whey-VI-01_5000x.webp","type":"image\/webp"}],"twitter_card":"summary_large_image","twitter_misc":{"Dur\u00e9e de lecture estim\u00e9e":"2 minutes"},"schema":{"@context":"https:\/\/schema.org","@graph":[{"@type":"WebPage","@id":"https:\/\/www.holy-supps.nl\/product\/maximum-whey-protein-mhp-strong-2-2kg\/","url":"https:\/\/www.holy-supps.nl\/product\/maximum-whey-protein-mhp-strong-2-2kg\/","name":"Maximum Whey Protein - MHP STRONG - 2.2KG - Holy-Supps.fr","isPartOf":{"@id":"https:\/\/www.holy-supps.nl\/#website"},"primaryImageOfPage":{"@id":"https:\/\/www.holy-supps.nl\/product\/maximum-whey-protein-mhp-strong-2-2kg\/#primaryimage"},"image":{"@id":"https:\/\/www.holy-supps.nl\/product\/maximum-whey-protein-mhp-strong-2-2kg\/#primaryimage"},"thumbnailUrl":"https:\/\/www.holy-supps.nl\/wp-content\/uploads\/2024\/07\/wsi-imageoptim-Maximum-Whey-VI-01_5000x.webp","datePublished":"2024-07-23T14:01:55+00:00","dateModified":"2026-02-20T05:46:52+00:00","description":"Maximisez la croissance musculaire et la r\u00e9cup\u00e9ration avec Maximum Whey Protein - 2.2KG de MHP STRONG. Contient des prot\u00e9ines de haute qualit\u00e9 pour la masse musculaire s\u00e8che et la force.","breadcrumb":{"@id":"https:\/\/www.holy-supps.nl\/product\/maximum-whey-protein-mhp-strong-2-2kg\/#breadcrumb"},"inLanguage":"fr-FR","potentialAction":[{"@type":"ReadAction","target":["https:\/\/www.holy-supps.nl\/product\/maximum-whey-protein-mhp-strong-2-2kg\/"]}]},{"@type":"ImageObject","inLanguage":"fr-FR","@id":"https:\/\/www.holy-supps.nl\/product\/maximum-whey-protein-mhp-strong-2-2kg\/#primaryimage","url":"https:\/\/www.holy-supps.nl\/wp-content\/uploads\/2024\/07\/wsi-imageoptim-Maximum-Whey-VI-01_5000x.webp","contentUrl":"https:\/\/www.holy-supps.nl\/wp-content\/uploads\/2024\/07\/wsi-imageoptim-Maximum-Whey-VI-01_5000x.webp","width":900,"height":900},{"@type":"BreadcrumbList","@id":"https:\/\/www.holy-supps.nl\/product\/maximum-whey-protein-mhp-strong-2-2kg\/#breadcrumb","itemListElement":[{"@type":"ListItem","position":1,"name":"Home","item":"https:\/\/www.holy-supps.nl\/"},{"@type":"ListItem","position":2,"name":"Winkel","item":"https:\/\/www.holy-supps.nl\/winkel\/"},{"@type":"ListItem","position":3,"name":"Maximum Whey Protein &#8211; MHP STRONG &#8211; 2.2KG"}]},{"@type":"WebSite","@id":"https:\/\/www.holy-supps.nl\/#website","url":"https:\/\/www.holy-supps.nl\/","name":"Holy-Supps.co.uk","description":"Revendeur officiel EHPLabs !","publisher":{"@id":"https:\/\/www.holy-supps.nl\/#organization"},"potentialAction":[{"@type":"SearchAction","target":{"@type":"EntryPoint","urlTemplate":"https:\/\/www.holy-supps.nl\/?s={search_term_string}"},"query-input":{"@type":"PropertyValueSpecification","valueRequired":true,"valueName":"search_term_string"}}],"inLanguage":"fr-FR"},{"@type":"Organization","@id":"https:\/\/www.holy-supps.nl\/#organization","name":"Les Saints Souvenirs","url":"https:\/\/www.holy-supps.nl\/","logo":{"@type":"ImageObject","inLanguage":"fr-FR","@id":"https:\/\/www.holy-supps.nl\/#\/schema\/logo\/image\/","url":"https:\/\/www.holy-supps.nl\/wp-content\/uploads\/2023\/06\/HOLY-SUPPS.png","contentUrl":"https:\/\/www.holy-supps.nl\/wp-content\/uploads\/2023\/06\/HOLY-SUPPS.png","width":1000,"height":400,"caption":"Holy Supps"},"image":{"@id":"https:\/\/www.holy-supps.nl\/#\/schema\/logo\/image\/"},"sameAs":["https:\/\/www.facebook.com\/holy.supps","https:\/\/www.instagram.com\/holy.supps.shop\/"]}]}},"jetpack_sharing_enabled":true,"_links":{"self":[{"href":"https:\/\/www.holy-supps.nl\/fr\/wp-json\/wp\/v2\/product\/2734","targetHints":{"allow":["GET"]}}],"collection":[{"href":"https:\/\/www.holy-supps.nl\/fr\/wp-json\/wp\/v2\/product"}],"about":[{"href":"https:\/\/www.holy-supps.nl\/fr\/wp-json\/wp\/v2\/types\/product"}],"replies":[{"embeddable":true,"href":"https:\/\/www.holy-supps.nl\/fr\/wp-json\/wp\/v2\/comments?post=2734"}],"wp:featuredmedia":[{"embeddable":true,"href":"https:\/\/www.holy-supps.nl\/fr\/wp-json\/wp\/v2\/media\/2740"}],"wp:attachment":[{"href":"https:\/\/www.holy-supps.nl\/fr\/wp-json\/wp\/v2\/media?parent=2734"}],"wp:term":[{"taxonomy":"product_brand","embeddable":true,"href":"https:\/\/www.holy-supps.nl\/fr\/wp-json\/wp\/v2\/product_brand?post=2734"},{"taxonomy":"product_cat","embeddable":true,"href":"https:\/\/www.holy-supps.nl\/fr\/wp-json\/wp\/v2\/product_cat?post=2734"},{"taxonomy":"product_tag","embeddable":true,"href":"https:\/\/www.holy-supps.nl\/fr\/wp-json\/wp\/v2\/product_tag?post=2734"}],"curies":[{"name":"wp","href":"https:\/\/api.w.org\/{rel}","templated":true}]}}