{"id":23,"date":"2023-01-08T18:39:30","date_gmt":"2023-01-08T17:39:30","guid":{"rendered":"https:\/\/www.holy-supps.nl\/?post_type=product&#038;p=23"},"modified":"2026-04-05T05:05:26","modified_gmt":"2026-04-05T03:05:26","slug":"oxygreens-daily-super-greens-powder-ehplabs","status":"publish","type":"product","link":"https:\/\/www.holy-supps.nl\/fr\/product\/oxygreens-daily-super-greens-powder-ehplabs\/","title":{"rendered":"Oxygreens - Daily Super Greens Powder - EHPLabs"},"content":{"rendered":"<h2>Description<\/h2>\n<p>EHPlabs <strong>Poudre OxyGreens Daily Super Greens<\/strong> est un compl\u00e9ment alimentaire v\u00e9g\u00e9tal sous forme de poudre. Il contient un m\u00e9lange de l\u00e9gumes, de fruits et de fibres et est con\u00e7u pour \u00eatre facilement m\u00e9lang\u00e9 \u00e0 de l'eau ou \u00e0 une autre boisson. OxyGreens est disponible en plusieurs saveurs rafra\u00eechissantes et convient comme compl\u00e9ment \u00e0 une alimentation vari\u00e9e.<\/p>\n<hr \/>\n<h2>Avantages<\/h2>\n<ul>\n<li>M\u00e9lange d'extraits de fruits et l\u00e9gumes sous forme de poudre<\/li>\n<li>Contient des fibres alimentaires<\/li>\n<li>100% v\u00e9g\u00e9tal et adapt\u00e9 \u00e0 un mode de vie v\u00e9g\u00e9talien<\/li>\n<li>Facile \u00e0 m\u00e9langer avec de l'eau ou des smoothies<\/li>\n<li>Disponible en plusieurs saveurs<\/li>\n<\/ul>\n<hr \/>\n<h2>Mode d'emploi<\/h2>\n<p>M\u00e9langer <strong>1 cuill\u00e8re (environ 7 g)<\/strong> OxyGreens avec 350 \u00e0 400 ml d'eau ou ajoutez-le \u00e0 un smoothie.<\/p>\n<ul>\n<li>Utilisation recommand\u00e9e : <strong>1 portion par jour<\/strong><\/li>\n<li>Peut \u00eatre pris \u00e0 tout moment de la journ\u00e9e.<\/li>\n<li>Bien agiter ou remuer avant utilisation.<\/li>\n<\/ul>","protected":false},"excerpt":{"rendered":"<p>EHPlabs OxyGreens est une poudre v\u00e9g\u00e9tale superalimentaire contenant un m\u00e9lange de l\u00e9gumes, de fruits et de fibres. La poudre se m\u00e9lange facilement \u00e0 de l'eau ou \u00e0 des smoothies et est disponible en plusieurs saveurs. Un compl\u00e9ment pratique pour ceux qui souhaitent enrichir leur alimentation quotidienne.<\/p>","protected":false},"featured_media":24,"comment_status":"open","ping_status":"closed","template":"","meta":[],"product_brand":[],"product_cat":[77,72,74,84],"product_tag":[],"class_list":{"0":"post-23","1":"product","2":"type-product","3":"status-publish","4":"has-post-thumbnail","6":"product_cat-bundles-save","7":"product_cat-ehplabs","8":"product_cat-health-wellness","9":"product_cat-vegan-supplementen","11":"first","12":"instock","13":"sale","14":"taxable","15":"shipping-taxable","16":"purchasable","17":"product-type-variable"},"yoast_head":"<!-- This site is optimized with the Yoast SEO plugin v27.3 - https:\/\/yoast.com\/product\/yoast-seo-wordpress\/ -->\n<title>Oxygreens \u2013 Daily Super Greens Powder \u2013 EHPLabs - Holy-Supps.nl<\/title>\n<meta name=\"description\" content=\"Verbeter je immuniteit en spijsvertering met OxyGreens, het best smakende super greens poeder zonder bittere nasmaak. Beschikbaar in heerlijke smaken!\" \/>\n<meta name=\"robots\" content=\"index, follow, max-snippet:-1, max-image-preview:large, max-video-preview:-1\" \/>\n<link rel=\"canonical\" href=\"https:\/\/www.holy-supps.nl\/fr\/produit\/oxygreens-daily-super-greens-powder-ehplabs\/\" \/>\n<meta property=\"og:locale\" content=\"fr_FR\" \/>\n<meta property=\"og:type\" content=\"article\" \/>\n<meta property=\"og:title\" content=\"Oxygreens \u2013 Daily Super Greens Powder \u2013 EHPLabs - Holy-Supps.nl\" \/>\n<meta property=\"og:description\" content=\"Verbeter je immuniteit en spijsvertering met OxyGreens, het best smakende super greens poeder zonder bittere nasmaak. Beschikbaar in heerlijke smaken!\" \/>\n<meta property=\"og:url\" content=\"https:\/\/www.holy-supps.nl\/fr\/produit\/oxygreens-daily-super-greens-powder-ehplabs\/\" \/>\n<meta property=\"og:site_name\" content=\"Holy-Supps.nl\" \/>\n<meta property=\"article:publisher\" content=\"https:\/\/www.facebook.com\/holy.supps\" \/>\n<meta property=\"article:modified_time\" content=\"2026-04-05T03:05:26+00:00\" \/>\n<meta property=\"og:image\" content=\"https:\/\/www.holy-supps.nl\/wp-content\/uploads\/2023\/01\/OxyGreensProductPhotos2_1000x.webp\" \/>\n\t<meta property=\"og:image:width\" content=\"1000\" \/>\n\t<meta property=\"og:image:height\" content=\"1000\" \/>\n\t<meta property=\"og:image:type\" content=\"image\/webp\" \/>\n<meta name=\"twitter:card\" content=\"summary_large_image\" \/>\n<meta name=\"twitter:label1\" content=\"Dur\u00e9e de lecture estim\u00e9e\" \/>\n\t<meta name=\"twitter:data1\" content=\"4 minutes\" \/>\n<script type=\"application\/ld+json\" class=\"yoast-schema-graph\">{\"@context\":\"https:\\\/\\\/schema.org\",\"@graph\":[{\"@type\":\"WebPage\",\"@id\":\"https:\\\/\\\/www.holy-supps.nl\\\/product\\\/oxygreens-daily-super-greens-powder-ehplabs\\\/\",\"url\":\"https:\\\/\\\/www.holy-supps.nl\\\/product\\\/oxygreens-daily-super-greens-powder-ehplabs\\\/\",\"name\":\"Oxygreens \u2013 Daily Super Greens Powder \u2013 EHPLabs - Holy-Supps.nl\",\"isPartOf\":{\"@id\":\"https:\\\/\\\/www.holy-supps.nl\\\/#website\"},\"primaryImageOfPage\":{\"@id\":\"https:\\\/\\\/www.holy-supps.nl\\\/product\\\/oxygreens-daily-super-greens-powder-ehplabs\\\/#primaryimage\"},\"image\":{\"@id\":\"https:\\\/\\\/www.holy-supps.nl\\\/product\\\/oxygreens-daily-super-greens-powder-ehplabs\\\/#primaryimage\"},\"thumbnailUrl\":\"https:\\\/\\\/www.holy-supps.nl\\\/wp-content\\\/uploads\\\/2023\\\/01\\\/OxyGreensProductPhotos2_1000x.webp\",\"datePublished\":\"2023-01-08T17:39:30+00:00\",\"dateModified\":\"2026-04-05T03:05:26+00:00\",\"description\":\"Verbeter je immuniteit en spijsvertering met OxyGreens, het best smakende super greens poeder zonder bittere nasmaak. Beschikbaar in heerlijke smaken!\",\"breadcrumb\":{\"@id\":\"https:\\\/\\\/www.holy-supps.nl\\\/product\\\/oxygreens-daily-super-greens-powder-ehplabs\\\/#breadcrumb\"},\"inLanguage\":\"fr-FR\",\"potentialAction\":[{\"@type\":\"ReadAction\",\"target\":[\"https:\\\/\\\/www.holy-supps.nl\\\/product\\\/oxygreens-daily-super-greens-powder-ehplabs\\\/\"]}]},{\"@type\":\"ImageObject\",\"inLanguage\":\"fr-FR\",\"@id\":\"https:\\\/\\\/www.holy-supps.nl\\\/product\\\/oxygreens-daily-super-greens-powder-ehplabs\\\/#primaryimage\",\"url\":\"https:\\\/\\\/www.holy-supps.nl\\\/wp-content\\\/uploads\\\/2023\\\/01\\\/OxyGreensProductPhotos2_1000x.webp\",\"contentUrl\":\"https:\\\/\\\/www.holy-supps.nl\\\/wp-content\\\/uploads\\\/2023\\\/01\\\/OxyGreensProductPhotos2_1000x.webp\",\"width\":1000,\"height\":1000},{\"@type\":\"BreadcrumbList\",\"@id\":\"https:\\\/\\\/www.holy-supps.nl\\\/product\\\/oxygreens-daily-super-greens-powder-ehplabs\\\/#breadcrumb\",\"itemListElement\":[{\"@type\":\"ListItem\",\"position\":1,\"name\":\"Home\",\"item\":\"https:\\\/\\\/www.holy-supps.nl\\\/\"},{\"@type\":\"ListItem\",\"position\":2,\"name\":\"Winkel\",\"item\":\"https:\\\/\\\/www.holy-supps.nl\\\/winkel\\\/\"},{\"@type\":\"ListItem\",\"position\":3,\"name\":\"Oxygreens \u2013 Daily Super Greens Powder \u2013 EHPLabs\"}]},{\"@type\":\"WebSite\",\"@id\":\"https:\\\/\\\/www.holy-supps.nl\\\/#website\",\"url\":\"https:\\\/\\\/www.holy-supps.nl\\\/\",\"name\":\"Holy-Supps.nl\",\"description\":\"Official EHPLabs Reseller!\",\"publisher\":{\"@id\":\"https:\\\/\\\/www.holy-supps.nl\\\/#organization\"},\"potentialAction\":[{\"@type\":\"SearchAction\",\"target\":{\"@type\":\"EntryPoint\",\"urlTemplate\":\"https:\\\/\\\/www.holy-supps.nl\\\/?s={search_term_string}\"},\"query-input\":{\"@type\":\"PropertyValueSpecification\",\"valueRequired\":true,\"valueName\":\"search_term_string\"}}],\"inLanguage\":\"fr-FR\"},{\"@type\":\"Organization\",\"@id\":\"https:\\\/\\\/www.holy-supps.nl\\\/#organization\",\"name\":\"Holy Supps\",\"url\":\"https:\\\/\\\/www.holy-supps.nl\\\/\",\"logo\":{\"@type\":\"ImageObject\",\"inLanguage\":\"fr-FR\",\"@id\":\"https:\\\/\\\/www.holy-supps.nl\\\/#\\\/schema\\\/logo\\\/image\\\/\",\"url\":\"https:\\\/\\\/www.holy-supps.nl\\\/wp-content\\\/uploads\\\/2023\\\/06\\\/HOLY-SUPPS.png\",\"contentUrl\":\"https:\\\/\\\/www.holy-supps.nl\\\/wp-content\\\/uploads\\\/2023\\\/06\\\/HOLY-SUPPS.png\",\"width\":1000,\"height\":400,\"caption\":\"Holy Supps\"},\"image\":{\"@id\":\"https:\\\/\\\/www.holy-supps.nl\\\/#\\\/schema\\\/logo\\\/image\\\/\"},\"sameAs\":[\"https:\\\/\\\/www.facebook.com\\\/holy.supps\",\"https:\\\/\\\/www.instagram.com\\\/holy.supps.shop\\\/\"]}]}<\/script>\n<!-- \/ Yoast SEO plugin. -->","yoast_head_json":{"title":"Oxygreens - Daily Super Greens Powder - EHPLabs - Holy-Supps.fr","description":"Am\u00e9liorez votre immunit\u00e9 et votre digestion avec OxyGreens, la poudre de super l\u00e9gumes la plus savoureuse, sans arri\u00e8re-go\u00fbt amer. Disponible dans des saveurs d\u00e9licieuses !","robots":{"index":"index","follow":"follow","max-snippet":"max-snippet:-1","max-image-preview":"max-image-preview:large","max-video-preview":"max-video-preview:-1"},"canonical":"https:\/\/www.holy-supps.nl\/fr\/produit\/oxygreens-daily-super-greens-powder-ehplabs\/","og_locale":"fr_FR","og_type":"article","og_title":"Oxygreens \u2013 Daily Super Greens Powder \u2013 EHPLabs - Holy-Supps.nl","og_description":"Verbeter je immuniteit en spijsvertering met OxyGreens, het best smakende super greens poeder zonder bittere nasmaak. Beschikbaar in heerlijke smaken!","og_url":"https:\/\/www.holy-supps.nl\/fr\/produit\/oxygreens-daily-super-greens-powder-ehplabs\/","og_site_name":"Holy-Supps.nl","article_publisher":"https:\/\/www.facebook.com\/holy.supps","article_modified_time":"2026-04-05T03:05:26+00:00","og_image":[{"width":1000,"height":1000,"url":"https:\/\/www.holy-supps.nl\/wp-content\/uploads\/2023\/01\/OxyGreensProductPhotos2_1000x.webp","type":"image\/webp"}],"twitter_card":"summary_large_image","twitter_misc":{"Dur\u00e9e de lecture estim\u00e9e":"4 minutes"},"schema":{"@context":"https:\/\/schema.org","@graph":[{"@type":"WebPage","@id":"https:\/\/www.holy-supps.nl\/product\/oxygreens-daily-super-greens-powder-ehplabs\/","url":"https:\/\/www.holy-supps.nl\/product\/oxygreens-daily-super-greens-powder-ehplabs\/","name":"Oxygreens - Daily Super Greens Powder - EHPLabs - Holy-Supps.fr","isPartOf":{"@id":"https:\/\/www.holy-supps.nl\/#website"},"primaryImageOfPage":{"@id":"https:\/\/www.holy-supps.nl\/product\/oxygreens-daily-super-greens-powder-ehplabs\/#primaryimage"},"image":{"@id":"https:\/\/www.holy-supps.nl\/product\/oxygreens-daily-super-greens-powder-ehplabs\/#primaryimage"},"thumbnailUrl":"https:\/\/www.holy-supps.nl\/wp-content\/uploads\/2023\/01\/OxyGreensProductPhotos2_1000x.webp","datePublished":"2023-01-08T17:39:30+00:00","dateModified":"2026-04-05T03:05:26+00:00","description":"Am\u00e9liorez votre immunit\u00e9 et votre digestion avec OxyGreens, la poudre de super l\u00e9gumes la plus savoureuse, sans arri\u00e8re-go\u00fbt amer. Disponible dans des saveurs d\u00e9licieuses !","breadcrumb":{"@id":"https:\/\/www.holy-supps.nl\/product\/oxygreens-daily-super-greens-powder-ehplabs\/#breadcrumb"},"inLanguage":"fr-FR","potentialAction":[{"@type":"ReadAction","target":["https:\/\/www.holy-supps.nl\/product\/oxygreens-daily-super-greens-powder-ehplabs\/"]}]},{"@type":"ImageObject","inLanguage":"fr-FR","@id":"https:\/\/www.holy-supps.nl\/product\/oxygreens-daily-super-greens-powder-ehplabs\/#primaryimage","url":"https:\/\/www.holy-supps.nl\/wp-content\/uploads\/2023\/01\/OxyGreensProductPhotos2_1000x.webp","contentUrl":"https:\/\/www.holy-supps.nl\/wp-content\/uploads\/2023\/01\/OxyGreensProductPhotos2_1000x.webp","width":1000,"height":1000},{"@type":"BreadcrumbList","@id":"https:\/\/www.holy-supps.nl\/product\/oxygreens-daily-super-greens-powder-ehplabs\/#breadcrumb","itemListElement":[{"@type":"ListItem","position":1,"name":"Home","item":"https:\/\/www.holy-supps.nl\/"},{"@type":"ListItem","position":2,"name":"Winkel","item":"https:\/\/www.holy-supps.nl\/winkel\/"},{"@type":"ListItem","position":3,"name":"Oxygreens \u2013 Daily Super Greens Powder \u2013 EHPLabs"}]},{"@type":"WebSite","@id":"https:\/\/www.holy-supps.nl\/#website","url":"https:\/\/www.holy-supps.nl\/","name":"Holy-Supps.co.uk","description":"Revendeur officiel EHPLabs !","publisher":{"@id":"https:\/\/www.holy-supps.nl\/#organization"},"potentialAction":[{"@type":"SearchAction","target":{"@type":"EntryPoint","urlTemplate":"https:\/\/www.holy-supps.nl\/?s={search_term_string}"},"query-input":{"@type":"PropertyValueSpecification","valueRequired":true,"valueName":"search_term_string"}}],"inLanguage":"fr-FR"},{"@type":"Organization","@id":"https:\/\/www.holy-supps.nl\/#organization","name":"Les Saints Souvenirs","url":"https:\/\/www.holy-supps.nl\/","logo":{"@type":"ImageObject","inLanguage":"fr-FR","@id":"https:\/\/www.holy-supps.nl\/#\/schema\/logo\/image\/","url":"https:\/\/www.holy-supps.nl\/wp-content\/uploads\/2023\/06\/HOLY-SUPPS.png","contentUrl":"https:\/\/www.holy-supps.nl\/wp-content\/uploads\/2023\/06\/HOLY-SUPPS.png","width":1000,"height":400,"caption":"Holy Supps"},"image":{"@id":"https:\/\/www.holy-supps.nl\/#\/schema\/logo\/image\/"},"sameAs":["https:\/\/www.facebook.com\/holy.supps","https:\/\/www.instagram.com\/holy.supps.shop\/"]}]}},"jetpack_sharing_enabled":true,"_links":{"self":[{"href":"https:\/\/www.holy-supps.nl\/fr\/wp-json\/wp\/v2\/product\/23","targetHints":{"allow":["GET"]}}],"collection":[{"href":"https:\/\/www.holy-supps.nl\/fr\/wp-json\/wp\/v2\/product"}],"about":[{"href":"https:\/\/www.holy-supps.nl\/fr\/wp-json\/wp\/v2\/types\/product"}],"replies":[{"embeddable":true,"href":"https:\/\/www.holy-supps.nl\/fr\/wp-json\/wp\/v2\/comments?post=23"}],"wp:featuredmedia":[{"embeddable":true,"href":"https:\/\/www.holy-supps.nl\/fr\/wp-json\/wp\/v2\/media\/24"}],"wp:attachment":[{"href":"https:\/\/www.holy-supps.nl\/fr\/wp-json\/wp\/v2\/media?parent=23"}],"wp:term":[{"taxonomy":"product_brand","embeddable":true,"href":"https:\/\/www.holy-supps.nl\/fr\/wp-json\/wp\/v2\/product_brand?post=23"},{"taxonomy":"product_cat","embeddable":true,"href":"https:\/\/www.holy-supps.nl\/fr\/wp-json\/wp\/v2\/product_cat?post=23"},{"taxonomy":"product_tag","embeddable":true,"href":"https:\/\/www.holy-supps.nl\/fr\/wp-json\/wp\/v2\/product_tag?post=23"}],"curies":[{"name":"wp","href":"https:\/\/api.w.org\/{rel}","templated":true}]}}