{"id":2226,"date":"2024-03-29T22:39:53","date_gmt":"2024-03-29T21:39:53","guid":{"rendered":"https:\/\/www.holy-supps.nl\/product\/protein-works-omega-3-high-strength\/"},"modified":"2025-12-22T17:14:59","modified_gmt":"2025-12-22T16:14:59","slug":"protein-works-omega-3-high-strength","status":"publish","type":"product","link":"https:\/\/www.holy-supps.nl\/fr\/product\/protein-works-omega-3-high-strength\/","title":{"rendered":"Omega 3 High Strength - Protein Works"},"content":{"rendered":"<p>Notre Omega 3 High Strength est une formule de suppl\u00e9ment de haute qualit\u00e9 d\u00e9riv\u00e9e d'huile de poisson de premi\u00e8re qualit\u00e9. Chaque softgel contient 1000 mg d'huile de poisson - 180 mg d'EPA et 120 mg de DHA. Le tout dans une capsule facile \u00e0 avaler.<\/p>\n<h3>Qu'est-ce que l'huile om\u00e9ga 3 ?<\/h3>\n<p>Omega 3 de Protein Works est une formule de qualit\u00e9 exceptionnelle d\u00e9riv\u00e9e d'une huile de poisson de premi\u00e8re qualit\u00e9. Chaque softgel du suppl\u00e9ment Omega 3 contient 180 mg d'EPA et 120 mg de DHA. Les acides gras om\u00e9ga 3 sont des graisses polyinsatur\u00e9es que votre corps ne peut pas synth\u00e9tiser lui-m\u00eame et qu'il doit donc obtenir par le biais d'aliments ou de suppl\u00e9ments. Les capsules d'om\u00e9ga 3 sont un moyen pratique de les compl\u00e9ter, surtout si vous mangez peu ou pas de poisson gras.<\/p>\n<h3>Pourquoi utiliser les om\u00e9ga 3 ?<\/h3>\n<p>Un suppl\u00e9ment d'om\u00e9ga 3 contient des acides gras essentiels qui sont souvent difficiles \u00e0 obtenir en quantit\u00e9s suffisantes dans l'alimentation quotidienne. L'organisme ne peut pas produire ces graisses lui-m\u00eame, c'est pourquoi il est important de les compl\u00e9ter par des aliments ou des suppl\u00e9ments. Les om\u00e9ga-3 sont souvent consid\u00e9r\u00e9s comme un compl\u00e9ment pr\u00e9cieux \u00e0 une alimentation saine et sont donc tr\u00e8s appr\u00e9ci\u00e9s par les personnes soucieuses de leur mode de vie.<\/p>","protected":false},"excerpt":{"rendered":"<p>Onze Omega 3 High Strength is een supplementformule van hoge kwaliteit, afkomstig van premium visolie. Elke softgel bevat 1000 mg visolie \u2013 180 mg EPA en 120 mg DHA. Alles in een gemakkelijk te slikken capsule. Wat is Omega 3 olie? Omega 3 van Protein Works is een formule van uitzonderlijk hoge kwaliteit, afkomstig van [&#8230;]\n","protected":false},"featured_media":2227,"comment_status":"open","ping_status":"closed","template":"","meta":[],"product_brand":[],"product_cat":[77,74,73,70],"product_tag":[],"class_list":{"0":"post-2226","1":"product","2":"type-product","3":"status-publish","4":"has-post-thumbnail","6":"product_cat-bundles-save","7":"product_cat-health-wellness","8":"product_cat-protein-works","9":"product_cat-raws","11":"first","12":"instock","13":"sale","14":"taxable","15":"shipping-taxable","16":"purchasable","17":"product-type-simple"},"yoast_head":"<!-- This site is optimized with the Yoast SEO plugin v27.4 - https:\/\/yoast.com\/product\/yoast-seo-wordpress\/ -->\n<title>Omega 3 High Strength - Protein Works - Holy-Supps.nl<\/title>\n<meta name=\"description\" content=\"Omega 3 High Strength: 1000 mg visolie per softgel, met 180 mg EPA en 120 mg DHA. Ondersteunt hart, hersenfunctie en vetverlies. Hoogwaardige kwaliteit.\" \/>\n<meta name=\"robots\" content=\"index, follow, max-snippet:-1, max-image-preview:large, max-video-preview:-1\" \/>\n<link rel=\"canonical\" href=\"https:\/\/www.holy-supps.nl\/fr\/produit\/protein-works-omega-3-high-strength\/\" \/>\n<meta property=\"og:locale\" content=\"fr_FR\" \/>\n<meta property=\"og:type\" content=\"article\" \/>\n<meta property=\"og:title\" content=\"Omega 3 High Strength - Protein Works - Holy-Supps.nl\" \/>\n<meta property=\"og:description\" content=\"Omega 3 High Strength: 1000 mg visolie per softgel, met 180 mg EPA en 120 mg DHA. Ondersteunt hart, hersenfunctie en vetverlies. Hoogwaardige kwaliteit.\" \/>\n<meta property=\"og:url\" content=\"https:\/\/www.holy-supps.nl\/fr\/produit\/protein-works-omega-3-high-strength\/\" \/>\n<meta property=\"og:site_name\" content=\"Holy-Supps.nl\" \/>\n<meta property=\"article:publisher\" content=\"https:\/\/www.facebook.com\/holy.supps\" \/>\n<meta property=\"article:modified_time\" content=\"2025-12-22T16:14:59+00:00\" \/>\n<meta property=\"og:image\" content=\"https:\/\/www.holy-supps.nl\/wp-content\/uploads\/2024\/03\/img_0367.jpeg\" \/>\n\t<meta property=\"og:image:width\" content=\"1048\" \/>\n\t<meta property=\"og:image:height\" content=\"1336\" \/>\n\t<meta property=\"og:image:type\" content=\"image\/jpeg\" \/>\n<meta name=\"twitter:card\" content=\"summary_large_image\" \/>\n<meta name=\"twitter:label1\" content=\"Dur\u00e9e de lecture estim\u00e9e\" \/>\n\t<meta name=\"twitter:data1\" content=\"2 minutes\" \/>\n<script type=\"application\/ld+json\" class=\"yoast-schema-graph\">{\"@context\":\"https:\\\/\\\/schema.org\",\"@graph\":[{\"@type\":\"WebPage\",\"@id\":\"https:\\\/\\\/www.holy-supps.nl\\\/product\\\/protein-works-omega-3-high-strength\\\/\",\"url\":\"https:\\\/\\\/www.holy-supps.nl\\\/product\\\/protein-works-omega-3-high-strength\\\/\",\"name\":\"Omega 3 High Strength - Protein Works - Holy-Supps.nl\",\"isPartOf\":{\"@id\":\"https:\\\/\\\/www.holy-supps.nl\\\/#website\"},\"primaryImageOfPage\":{\"@id\":\"https:\\\/\\\/www.holy-supps.nl\\\/product\\\/protein-works-omega-3-high-strength\\\/#primaryimage\"},\"image\":{\"@id\":\"https:\\\/\\\/www.holy-supps.nl\\\/product\\\/protein-works-omega-3-high-strength\\\/#primaryimage\"},\"thumbnailUrl\":\"https:\\\/\\\/www.holy-supps.nl\\\/wp-content\\\/uploads\\\/2024\\\/03\\\/img_0367.jpeg\",\"datePublished\":\"2024-03-29T21:39:53+00:00\",\"dateModified\":\"2025-12-22T16:14:59+00:00\",\"description\":\"Omega 3 High Strength: 1000 mg visolie per softgel, met 180 mg EPA en 120 mg DHA. Ondersteunt hart, hersenfunctie en vetverlies. Hoogwaardige kwaliteit.\",\"breadcrumb\":{\"@id\":\"https:\\\/\\\/www.holy-supps.nl\\\/product\\\/protein-works-omega-3-high-strength\\\/#breadcrumb\"},\"inLanguage\":\"fr-FR\",\"potentialAction\":[{\"@type\":\"ReadAction\",\"target\":[\"https:\\\/\\\/www.holy-supps.nl\\\/product\\\/protein-works-omega-3-high-strength\\\/\"]}]},{\"@type\":\"ImageObject\",\"inLanguage\":\"fr-FR\",\"@id\":\"https:\\\/\\\/www.holy-supps.nl\\\/product\\\/protein-works-omega-3-high-strength\\\/#primaryimage\",\"url\":\"https:\\\/\\\/www.holy-supps.nl\\\/wp-content\\\/uploads\\\/2024\\\/03\\\/img_0367.jpeg\",\"contentUrl\":\"https:\\\/\\\/www.holy-supps.nl\\\/wp-content\\\/uploads\\\/2024\\\/03\\\/img_0367.jpeg\",\"width\":1048,\"height\":1336},{\"@type\":\"BreadcrumbList\",\"@id\":\"https:\\\/\\\/www.holy-supps.nl\\\/product\\\/protein-works-omega-3-high-strength\\\/#breadcrumb\",\"itemListElement\":[{\"@type\":\"ListItem\",\"position\":1,\"name\":\"Home\",\"item\":\"https:\\\/\\\/www.holy-supps.nl\\\/\"},{\"@type\":\"ListItem\",\"position\":2,\"name\":\"Winkel\",\"item\":\"https:\\\/\\\/www.holy-supps.nl\\\/winkel\\\/\"},{\"@type\":\"ListItem\",\"position\":3,\"name\":\"Omega 3 High Strength &#8211; Protein Works\"}]},{\"@type\":\"WebSite\",\"@id\":\"https:\\\/\\\/www.holy-supps.nl\\\/#website\",\"url\":\"https:\\\/\\\/www.holy-supps.nl\\\/\",\"name\":\"Holy-Supps.nl\",\"description\":\"Official EHPLabs Reseller!\",\"publisher\":{\"@id\":\"https:\\\/\\\/www.holy-supps.nl\\\/#organization\"},\"potentialAction\":[{\"@type\":\"SearchAction\",\"target\":{\"@type\":\"EntryPoint\",\"urlTemplate\":\"https:\\\/\\\/www.holy-supps.nl\\\/?s={search_term_string}\"},\"query-input\":{\"@type\":\"PropertyValueSpecification\",\"valueRequired\":true,\"valueName\":\"search_term_string\"}}],\"inLanguage\":\"fr-FR\"},{\"@type\":\"Organization\",\"@id\":\"https:\\\/\\\/www.holy-supps.nl\\\/#organization\",\"name\":\"Holy Supps\",\"url\":\"https:\\\/\\\/www.holy-supps.nl\\\/\",\"logo\":{\"@type\":\"ImageObject\",\"inLanguage\":\"fr-FR\",\"@id\":\"https:\\\/\\\/www.holy-supps.nl\\\/#\\\/schema\\\/logo\\\/image\\\/\",\"url\":\"https:\\\/\\\/www.holy-supps.nl\\\/wp-content\\\/uploads\\\/2023\\\/06\\\/HOLY-SUPPS.png\",\"contentUrl\":\"https:\\\/\\\/www.holy-supps.nl\\\/wp-content\\\/uploads\\\/2023\\\/06\\\/HOLY-SUPPS.png\",\"width\":1000,\"height\":400,\"caption\":\"Holy Supps\"},\"image\":{\"@id\":\"https:\\\/\\\/www.holy-supps.nl\\\/#\\\/schema\\\/logo\\\/image\\\/\"},\"sameAs\":[\"https:\\\/\\\/www.facebook.com\\\/holy.supps\",\"https:\\\/\\\/www.instagram.com\\\/holy.supps.shop\\\/\"]}]}<\/script>\n<!-- \/ Yoast SEO plugin. -->","yoast_head_json":{"title":"Omega 3 High Strength - Protein Works - Holy-Supps.fr","description":"Omega 3 High Strength : 1000 mg d'huile de poisson par softgel, avec 180 mg d'EPA et 120 mg de DHA. Favorise les fonctions cardiaques et c\u00e9r\u00e9brales et la perte de graisse. Haute qualit\u00e9.","robots":{"index":"index","follow":"follow","max-snippet":"max-snippet:-1","max-image-preview":"max-image-preview:large","max-video-preview":"max-video-preview:-1"},"canonical":"https:\/\/www.holy-supps.nl\/fr\/produit\/protein-works-omega-3-high-strength\/","og_locale":"fr_FR","og_type":"article","og_title":"Omega 3 High Strength - Protein Works - Holy-Supps.nl","og_description":"Omega 3 High Strength: 1000 mg visolie per softgel, met 180 mg EPA en 120 mg DHA. Ondersteunt hart, hersenfunctie en vetverlies. Hoogwaardige kwaliteit.","og_url":"https:\/\/www.holy-supps.nl\/fr\/produit\/protein-works-omega-3-high-strength\/","og_site_name":"Holy-Supps.nl","article_publisher":"https:\/\/www.facebook.com\/holy.supps","article_modified_time":"2025-12-22T16:14:59+00:00","og_image":[{"width":1048,"height":1336,"url":"https:\/\/www.holy-supps.nl\/wp-content\/uploads\/2024\/03\/img_0367.jpeg","type":"image\/jpeg"}],"twitter_card":"summary_large_image","twitter_misc":{"Dur\u00e9e de lecture estim\u00e9e":"2 minutes"},"schema":{"@context":"https:\/\/schema.org","@graph":[{"@type":"WebPage","@id":"https:\/\/www.holy-supps.nl\/product\/protein-works-omega-3-high-strength\/","url":"https:\/\/www.holy-supps.nl\/product\/protein-works-omega-3-high-strength\/","name":"Omega 3 High Strength - Protein Works - Holy-Supps.fr","isPartOf":{"@id":"https:\/\/www.holy-supps.nl\/#website"},"primaryImageOfPage":{"@id":"https:\/\/www.holy-supps.nl\/product\/protein-works-omega-3-high-strength\/#primaryimage"},"image":{"@id":"https:\/\/www.holy-supps.nl\/product\/protein-works-omega-3-high-strength\/#primaryimage"},"thumbnailUrl":"https:\/\/www.holy-supps.nl\/wp-content\/uploads\/2024\/03\/img_0367.jpeg","datePublished":"2024-03-29T21:39:53+00:00","dateModified":"2025-12-22T16:14:59+00:00","description":"Omega 3 High Strength : 1000 mg d'huile de poisson par softgel, avec 180 mg d'EPA et 120 mg de DHA. Favorise les fonctions cardiaques et c\u00e9r\u00e9brales et la perte de graisse. Haute qualit\u00e9.","breadcrumb":{"@id":"https:\/\/www.holy-supps.nl\/product\/protein-works-omega-3-high-strength\/#breadcrumb"},"inLanguage":"fr-FR","potentialAction":[{"@type":"ReadAction","target":["https:\/\/www.holy-supps.nl\/product\/protein-works-omega-3-high-strength\/"]}]},{"@type":"ImageObject","inLanguage":"fr-FR","@id":"https:\/\/www.holy-supps.nl\/product\/protein-works-omega-3-high-strength\/#primaryimage","url":"https:\/\/www.holy-supps.nl\/wp-content\/uploads\/2024\/03\/img_0367.jpeg","contentUrl":"https:\/\/www.holy-supps.nl\/wp-content\/uploads\/2024\/03\/img_0367.jpeg","width":1048,"height":1336},{"@type":"BreadcrumbList","@id":"https:\/\/www.holy-supps.nl\/product\/protein-works-omega-3-high-strength\/#breadcrumb","itemListElement":[{"@type":"ListItem","position":1,"name":"Home","item":"https:\/\/www.holy-supps.nl\/"},{"@type":"ListItem","position":2,"name":"Winkel","item":"https:\/\/www.holy-supps.nl\/winkel\/"},{"@type":"ListItem","position":3,"name":"Omega 3 High Strength &#8211; Protein Works"}]},{"@type":"WebSite","@id":"https:\/\/www.holy-supps.nl\/#website","url":"https:\/\/www.holy-supps.nl\/","name":"Holy-Supps.co.uk","description":"Revendeur officiel EHPLabs !","publisher":{"@id":"https:\/\/www.holy-supps.nl\/#organization"},"potentialAction":[{"@type":"SearchAction","target":{"@type":"EntryPoint","urlTemplate":"https:\/\/www.holy-supps.nl\/?s={search_term_string}"},"query-input":{"@type":"PropertyValueSpecification","valueRequired":true,"valueName":"search_term_string"}}],"inLanguage":"fr-FR"},{"@type":"Organization","@id":"https:\/\/www.holy-supps.nl\/#organization","name":"Les Saints Souvenirs","url":"https:\/\/www.holy-supps.nl\/","logo":{"@type":"ImageObject","inLanguage":"fr-FR","@id":"https:\/\/www.holy-supps.nl\/#\/schema\/logo\/image\/","url":"https:\/\/www.holy-supps.nl\/wp-content\/uploads\/2023\/06\/HOLY-SUPPS.png","contentUrl":"https:\/\/www.holy-supps.nl\/wp-content\/uploads\/2023\/06\/HOLY-SUPPS.png","width":1000,"height":400,"caption":"Holy Supps"},"image":{"@id":"https:\/\/www.holy-supps.nl\/#\/schema\/logo\/image\/"},"sameAs":["https:\/\/www.facebook.com\/holy.supps","https:\/\/www.instagram.com\/holy.supps.shop\/"]}]}},"jetpack_sharing_enabled":true,"_links":{"self":[{"href":"https:\/\/www.holy-supps.nl\/fr\/wp-json\/wp\/v2\/product\/2226","targetHints":{"allow":["GET"]}}],"collection":[{"href":"https:\/\/www.holy-supps.nl\/fr\/wp-json\/wp\/v2\/product"}],"about":[{"href":"https:\/\/www.holy-supps.nl\/fr\/wp-json\/wp\/v2\/types\/product"}],"replies":[{"embeddable":true,"href":"https:\/\/www.holy-supps.nl\/fr\/wp-json\/wp\/v2\/comments?post=2226"}],"wp:featuredmedia":[{"embeddable":true,"href":"https:\/\/www.holy-supps.nl\/fr\/wp-json\/wp\/v2\/media\/2227"}],"wp:attachment":[{"href":"https:\/\/www.holy-supps.nl\/fr\/wp-json\/wp\/v2\/media?parent=2226"}],"wp:term":[{"taxonomy":"product_brand","embeddable":true,"href":"https:\/\/www.holy-supps.nl\/fr\/wp-json\/wp\/v2\/product_brand?post=2226"},{"taxonomy":"product_cat","embeddable":true,"href":"https:\/\/www.holy-supps.nl\/fr\/wp-json\/wp\/v2\/product_cat?post=2226"},{"taxonomy":"product_tag","embeddable":true,"href":"https:\/\/www.holy-supps.nl\/fr\/wp-json\/wp\/v2\/product_tag?post=2226"}],"curies":[{"name":"wp","href":"https:\/\/api.w.org\/{rel}","templated":true}]}}