{"id":207,"date":"2023-03-05T12:47:02","date_gmt":"2023-03-05T11:47:02","guid":{"rendered":"https:\/\/www.holy-supps.nl\/?post_type=product&#038;p=207"},"modified":"2025-10-27T11:13:11","modified_gmt":"2025-10-27T10:13:11","slug":"proteines-vegetales-benies-ehplabs","status":"publish","type":"product","link":"https:\/\/www.holy-supps.nl\/fr\/product\/blessed-plant-based-protein-ehplabs\/","title":{"rendered":"Prot\u00e9ines v\u00e9g\u00e9tales b\u00e9nies - EHPLabs"},"content":{"rendered":"<h2>Description<\/h2>\n<p>Blessed \u2013 Plant-Based Protein van EHPLabs is een plantaardig eiwitpoeder gemaakt van hoogwaardige ingredi\u00ebnten.<br \/>\nDit eiwitpoeder is volledig vegan, vrij van kunstmatige toevoegingen en biedt een veelzijdige manier om extra eiwitten<br \/>\ntoe te voegen aan je dagelijkse voeding. Beschikbaar in diverse smaken en eenvoudig te mengen in shakes of recepten.<\/p>\n<h2>Avantages<\/h2>\n<ul>\n<li>100% plantaardig eiwitpoeder<\/li>\n<li>Vrij van kunstmatige kleur- en smaakstoffen<\/li>\n<li>Geschikt voor veganisten en vegetari\u00ebrs<\/li>\n<li>Verkrijgbaar in meerdere smaken<\/li>\n<li>Eenvoudig te mengen in shakes, smoothies of bakrecepten<\/li>\n<\/ul>\n<h2>Mode d'emploi<\/h2>\n<p>Meng \u00e9\u00e9n maatschep Blessed Protein met 250-300 ml water of plantaardige melk.<br \/>\nGebruik als aanvulling op een gevarieerd voedingspatroon en gezonde levensstijl.<br \/>\nDe aanbevolen hoeveelheid kan per individu verschillen.<\/p>","protected":false},"excerpt":{"rendered":"<p>Blessed \u2013 Plant-Based Protein van EHPLabs is een vegan eiwitpoeder zonder kunstmatige toevoegingen.<br \/>\nVerkrijgbaar in meerdere smaken en geschikt om eenvoudig te gebruiken in shakes, smoothies of bakrecepten.<br \/>\nIdeaal als plantaardige eiwitbron binnen een bewuste levensstijl.<\/p>","protected":false},"featured_media":247,"comment_status":"open","ping_status":"closed","template":"","meta":[],"product_brand":[],"product_cat":[150,77,72,67,205],"product_tag":[],"class_list":{"0":"post-207","1":"product","2":"type-product","3":"status-publish","4":"has-post-thumbnail","6":"product_cat-blessed","7":"product_cat-bundles-save","8":"product_cat-ehplabs","9":"product_cat-eiwitten-proteine","10":"product_cat-export","12":"first","13":"outofstock","14":"sale","15":"taxable","16":"shipping-taxable","17":"purchasable","18":"product-type-variable","19":"has-default-attributes"},"yoast_head":"<!-- This site is optimized with the Yoast SEO plugin v27.3 - https:\/\/yoast.com\/product\/yoast-seo-wordpress\/ -->\n<title>Blessed Plant-Based Protein - EHPLabs - Holy-Supps.nl<\/title>\n<meta name=\"description\" content=\"Blessed Plant-Based Protein: Vegan eiwit voor spiergroei en herstel, met heerlijke smaken en 100% duurzame ingredi\u00ebnten. Glutenvrij en soja-vrij!\" \/>\n<meta name=\"robots\" content=\"index, follow, max-snippet:-1, max-image-preview:large, max-video-preview:-1\" \/>\n<link rel=\"canonical\" href=\"https:\/\/www.holy-supps.nl\/fr\/produit\/proteines-vegetales-benies-ehplabs\/\" \/>\n<meta property=\"og:locale\" content=\"fr_FR\" \/>\n<meta property=\"og:type\" content=\"article\" \/>\n<meta property=\"og:title\" content=\"Blessed Plant-Based Protein - EHPLabs - Holy-Supps.nl\" \/>\n<meta property=\"og:description\" content=\"Blessed Plant-Based Protein: Vegan eiwit voor spiergroei en herstel, met heerlijke smaken en 100% duurzame ingredi\u00ebnten. Glutenvrij en soja-vrij!\" \/>\n<meta property=\"og:url\" content=\"https:\/\/www.holy-supps.nl\/fr\/produit\/proteines-vegetales-benies-ehplabs\/\" \/>\n<meta property=\"og:site_name\" content=\"Holy-Supps.nl\" \/>\n<meta property=\"article:publisher\" content=\"https:\/\/www.facebook.com\/holy.supps\" \/>\n<meta property=\"article:modified_time\" content=\"2025-10-27T10:13:11+00:00\" \/>\n<meta property=\"og:image\" content=\"https:\/\/www.holy-supps.nl\/wp-content\/uploads\/2023\/03\/USWEBSITEIMAGES47_1000x.webp\" \/>\n\t<meta property=\"og:image:width\" content=\"1000\" \/>\n\t<meta property=\"og:image:height\" content=\"1000\" \/>\n\t<meta property=\"og:image:type\" content=\"image\/webp\" \/>\n<meta name=\"twitter:card\" content=\"summary_large_image\" \/>\n<meta name=\"twitter:label1\" content=\"Dur\u00e9e de lecture estim\u00e9e\" \/>\n\t<meta name=\"twitter:data1\" content=\"6 minutes\" \/>\n<script type=\"application\/ld+json\" class=\"yoast-schema-graph\">{\"@context\":\"https:\\\/\\\/schema.org\",\"@graph\":[{\"@type\":\"WebPage\",\"@id\":\"https:\\\/\\\/www.holy-supps.nl\\\/product\\\/blessed-plant-based-protein-ehplabs\\\/\",\"url\":\"https:\\\/\\\/www.holy-supps.nl\\\/product\\\/blessed-plant-based-protein-ehplabs\\\/\",\"name\":\"Blessed Plant-Based Protein - EHPLabs - Holy-Supps.nl\",\"isPartOf\":{\"@id\":\"https:\\\/\\\/www.holy-supps.nl\\\/#website\"},\"primaryImageOfPage\":{\"@id\":\"https:\\\/\\\/www.holy-supps.nl\\\/product\\\/blessed-plant-based-protein-ehplabs\\\/#primaryimage\"},\"image\":{\"@id\":\"https:\\\/\\\/www.holy-supps.nl\\\/product\\\/blessed-plant-based-protein-ehplabs\\\/#primaryimage\"},\"thumbnailUrl\":\"https:\\\/\\\/www.holy-supps.nl\\\/wp-content\\\/uploads\\\/2023\\\/03\\\/USWEBSITEIMAGES47_1000x.webp\",\"datePublished\":\"2023-03-05T11:47:02+00:00\",\"dateModified\":\"2025-10-27T10:13:11+00:00\",\"description\":\"Blessed Plant-Based Protein: Vegan eiwit voor spiergroei en herstel, met heerlijke smaken en 100% duurzame ingredi\u00ebnten. Glutenvrij en soja-vrij!\",\"breadcrumb\":{\"@id\":\"https:\\\/\\\/www.holy-supps.nl\\\/product\\\/blessed-plant-based-protein-ehplabs\\\/#breadcrumb\"},\"inLanguage\":\"fr-FR\",\"potentialAction\":[{\"@type\":\"ReadAction\",\"target\":[\"https:\\\/\\\/www.holy-supps.nl\\\/product\\\/blessed-plant-based-protein-ehplabs\\\/\"]}]},{\"@type\":\"ImageObject\",\"inLanguage\":\"fr-FR\",\"@id\":\"https:\\\/\\\/www.holy-supps.nl\\\/product\\\/blessed-plant-based-protein-ehplabs\\\/#primaryimage\",\"url\":\"https:\\\/\\\/www.holy-supps.nl\\\/wp-content\\\/uploads\\\/2023\\\/03\\\/USWEBSITEIMAGES47_1000x.webp\",\"contentUrl\":\"https:\\\/\\\/www.holy-supps.nl\\\/wp-content\\\/uploads\\\/2023\\\/03\\\/USWEBSITEIMAGES47_1000x.webp\",\"width\":1000,\"height\":1000},{\"@type\":\"BreadcrumbList\",\"@id\":\"https:\\\/\\\/www.holy-supps.nl\\\/product\\\/blessed-plant-based-protein-ehplabs\\\/#breadcrumb\",\"itemListElement\":[{\"@type\":\"ListItem\",\"position\":1,\"name\":\"Home\",\"item\":\"https:\\\/\\\/www.holy-supps.nl\\\/\"},{\"@type\":\"ListItem\",\"position\":2,\"name\":\"Winkel\",\"item\":\"https:\\\/\\\/www.holy-supps.nl\\\/winkel\\\/\"},{\"@type\":\"ListItem\",\"position\":3,\"name\":\"Blessed Plant-Based Protein &#8211; EHPLabs\"}]},{\"@type\":\"WebSite\",\"@id\":\"https:\\\/\\\/www.holy-supps.nl\\\/#website\",\"url\":\"https:\\\/\\\/www.holy-supps.nl\\\/\",\"name\":\"Holy-Supps.nl\",\"description\":\"Official EHPLabs Reseller!\",\"publisher\":{\"@id\":\"https:\\\/\\\/www.holy-supps.nl\\\/#organization\"},\"potentialAction\":[{\"@type\":\"SearchAction\",\"target\":{\"@type\":\"EntryPoint\",\"urlTemplate\":\"https:\\\/\\\/www.holy-supps.nl\\\/?s={search_term_string}\"},\"query-input\":{\"@type\":\"PropertyValueSpecification\",\"valueRequired\":true,\"valueName\":\"search_term_string\"}}],\"inLanguage\":\"fr-FR\"},{\"@type\":\"Organization\",\"@id\":\"https:\\\/\\\/www.holy-supps.nl\\\/#organization\",\"name\":\"Holy Supps\",\"url\":\"https:\\\/\\\/www.holy-supps.nl\\\/\",\"logo\":{\"@type\":\"ImageObject\",\"inLanguage\":\"fr-FR\",\"@id\":\"https:\\\/\\\/www.holy-supps.nl\\\/#\\\/schema\\\/logo\\\/image\\\/\",\"url\":\"https:\\\/\\\/www.holy-supps.nl\\\/wp-content\\\/uploads\\\/2023\\\/06\\\/HOLY-SUPPS.png\",\"contentUrl\":\"https:\\\/\\\/www.holy-supps.nl\\\/wp-content\\\/uploads\\\/2023\\\/06\\\/HOLY-SUPPS.png\",\"width\":1000,\"height\":400,\"caption\":\"Holy Supps\"},\"image\":{\"@id\":\"https:\\\/\\\/www.holy-supps.nl\\\/#\\\/schema\\\/logo\\\/image\\\/\"},\"sameAs\":[\"https:\\\/\\\/www.facebook.com\\\/holy.supps\",\"https:\\\/\\\/www.instagram.com\\\/holy.supps.shop\\\/\"]}]}<\/script>\n<!-- \/ Yoast SEO plugin. -->","yoast_head_json":{"title":"Prot\u00e9ines v\u00e9g\u00e9tales b\u00e9nies - EHPLabs - Holy-Supps.fr","description":"Prot\u00e9ines v\u00e9g\u00e9tales b\u00e9nies : prot\u00e9ines v\u00e9g\u00e9taliennes pour la croissance musculaire et la r\u00e9cup\u00e9ration, avec des saveurs d\u00e9licieuses et des ingr\u00e9dients durables 100%. Sans gluten et sans soja !","robots":{"index":"index","follow":"follow","max-snippet":"max-snippet:-1","max-image-preview":"max-image-preview:large","max-video-preview":"max-video-preview:-1"},"canonical":"https:\/\/www.holy-supps.nl\/fr\/produit\/proteines-vegetales-benies-ehplabs\/","og_locale":"fr_FR","og_type":"article","og_title":"Blessed Plant-Based Protein - EHPLabs - Holy-Supps.nl","og_description":"Blessed Plant-Based Protein: Vegan eiwit voor spiergroei en herstel, met heerlijke smaken en 100% duurzame ingredi\u00ebnten. Glutenvrij en soja-vrij!","og_url":"https:\/\/www.holy-supps.nl\/fr\/produit\/proteines-vegetales-benies-ehplabs\/","og_site_name":"Holy-Supps.nl","article_publisher":"https:\/\/www.facebook.com\/holy.supps","article_modified_time":"2025-10-27T10:13:11+00:00","og_image":[{"width":1000,"height":1000,"url":"https:\/\/www.holy-supps.nl\/wp-content\/uploads\/2023\/03\/USWEBSITEIMAGES47_1000x.webp","type":"image\/webp"}],"twitter_card":"summary_large_image","twitter_misc":{"Dur\u00e9e de lecture estim\u00e9e":"6 minutes"},"schema":{"@context":"https:\/\/schema.org","@graph":[{"@type":"WebPage","@id":"https:\/\/www.holy-supps.nl\/product\/blessed-plant-based-protein-ehplabs\/","url":"https:\/\/www.holy-supps.nl\/product\/blessed-plant-based-protein-ehplabs\/","name":"Prot\u00e9ines v\u00e9g\u00e9tales b\u00e9nies - EHPLabs - Holy-Supps.fr","isPartOf":{"@id":"https:\/\/www.holy-supps.nl\/#website"},"primaryImageOfPage":{"@id":"https:\/\/www.holy-supps.nl\/product\/blessed-plant-based-protein-ehplabs\/#primaryimage"},"image":{"@id":"https:\/\/www.holy-supps.nl\/product\/blessed-plant-based-protein-ehplabs\/#primaryimage"},"thumbnailUrl":"https:\/\/www.holy-supps.nl\/wp-content\/uploads\/2023\/03\/USWEBSITEIMAGES47_1000x.webp","datePublished":"2023-03-05T11:47:02+00:00","dateModified":"2025-10-27T10:13:11+00:00","description":"Prot\u00e9ines v\u00e9g\u00e9tales b\u00e9nies : prot\u00e9ines v\u00e9g\u00e9taliennes pour la croissance musculaire et la r\u00e9cup\u00e9ration, avec des saveurs d\u00e9licieuses et des ingr\u00e9dients durables 100%. Sans gluten et sans soja !","breadcrumb":{"@id":"https:\/\/www.holy-supps.nl\/product\/blessed-plant-based-protein-ehplabs\/#breadcrumb"},"inLanguage":"fr-FR","potentialAction":[{"@type":"ReadAction","target":["https:\/\/www.holy-supps.nl\/product\/blessed-plant-based-protein-ehplabs\/"]}]},{"@type":"ImageObject","inLanguage":"fr-FR","@id":"https:\/\/www.holy-supps.nl\/product\/blessed-plant-based-protein-ehplabs\/#primaryimage","url":"https:\/\/www.holy-supps.nl\/wp-content\/uploads\/2023\/03\/USWEBSITEIMAGES47_1000x.webp","contentUrl":"https:\/\/www.holy-supps.nl\/wp-content\/uploads\/2023\/03\/USWEBSITEIMAGES47_1000x.webp","width":1000,"height":1000},{"@type":"BreadcrumbList","@id":"https:\/\/www.holy-supps.nl\/product\/blessed-plant-based-protein-ehplabs\/#breadcrumb","itemListElement":[{"@type":"ListItem","position":1,"name":"Home","item":"https:\/\/www.holy-supps.nl\/"},{"@type":"ListItem","position":2,"name":"Winkel","item":"https:\/\/www.holy-supps.nl\/winkel\/"},{"@type":"ListItem","position":3,"name":"Blessed Plant-Based Protein &#8211; EHPLabs"}]},{"@type":"WebSite","@id":"https:\/\/www.holy-supps.nl\/#website","url":"https:\/\/www.holy-supps.nl\/","name":"Holy-Supps.co.uk","description":"Revendeur officiel EHPLabs !","publisher":{"@id":"https:\/\/www.holy-supps.nl\/#organization"},"potentialAction":[{"@type":"SearchAction","target":{"@type":"EntryPoint","urlTemplate":"https:\/\/www.holy-supps.nl\/?s={search_term_string}"},"query-input":{"@type":"PropertyValueSpecification","valueRequired":true,"valueName":"search_term_string"}}],"inLanguage":"fr-FR"},{"@type":"Organization","@id":"https:\/\/www.holy-supps.nl\/#organization","name":"Les Saints Souvenirs","url":"https:\/\/www.holy-supps.nl\/","logo":{"@type":"ImageObject","inLanguage":"fr-FR","@id":"https:\/\/www.holy-supps.nl\/#\/schema\/logo\/image\/","url":"https:\/\/www.holy-supps.nl\/wp-content\/uploads\/2023\/06\/HOLY-SUPPS.png","contentUrl":"https:\/\/www.holy-supps.nl\/wp-content\/uploads\/2023\/06\/HOLY-SUPPS.png","width":1000,"height":400,"caption":"Holy Supps"},"image":{"@id":"https:\/\/www.holy-supps.nl\/#\/schema\/logo\/image\/"},"sameAs":["https:\/\/www.facebook.com\/holy.supps","https:\/\/www.instagram.com\/holy.supps.shop\/"]}]}},"jetpack_sharing_enabled":true,"_links":{"self":[{"href":"https:\/\/www.holy-supps.nl\/fr\/wp-json\/wp\/v2\/product\/207","targetHints":{"allow":["GET"]}}],"collection":[{"href":"https:\/\/www.holy-supps.nl\/fr\/wp-json\/wp\/v2\/product"}],"about":[{"href":"https:\/\/www.holy-supps.nl\/fr\/wp-json\/wp\/v2\/types\/product"}],"replies":[{"embeddable":true,"href":"https:\/\/www.holy-supps.nl\/fr\/wp-json\/wp\/v2\/comments?post=207"}],"wp:featuredmedia":[{"embeddable":true,"href":"https:\/\/www.holy-supps.nl\/fr\/wp-json\/wp\/v2\/media\/247"}],"wp:attachment":[{"href":"https:\/\/www.holy-supps.nl\/fr\/wp-json\/wp\/v2\/media?parent=207"}],"wp:term":[{"taxonomy":"product_brand","embeddable":true,"href":"https:\/\/www.holy-supps.nl\/fr\/wp-json\/wp\/v2\/product_brand?post=207"},{"taxonomy":"product_cat","embeddable":true,"href":"https:\/\/www.holy-supps.nl\/fr\/wp-json\/wp\/v2\/product_cat?post=207"},{"taxonomy":"product_tag","embeddable":true,"href":"https:\/\/www.holy-supps.nl\/fr\/wp-json\/wp\/v2\/product_tag?post=207"}],"curies":[{"name":"wp","href":"https:\/\/api.w.org\/{rel}","templated":true}]}}