{"id":2034,"date":"2024-02-15T11:11:47","date_gmt":"2024-02-15T10:11:47","guid":{"rendered":"https:\/\/www.holy-supps.nl\/?post_type=product&#038;p=2034"},"modified":"2026-05-13T09:26:43","modified_gmt":"2026-05-13T07:26:43","slug":"arriba-nutrition-burner","status":"publish","type":"product","link":"https:\/\/www.holy-supps.nl\/fr\/product\/arriba-nutrition-burner\/","title":{"rendered":"Arriba Nutrition - Br\u00fbleur"},"content":{"rendered":"<h2 data-start=\"111\" data-end=\"134\"><strong data-start=\"111\" data-end=\"132\">Br\u00fbleur Arriba<\/strong><\/h2>\n<p data-start=\"136\" data-end=\"186\">Arriba Burner est un m\u00e9lange pour boisson aromatis\u00e9e.<\/p>\n<p data-start=\"188\" data-end=\"342\"><strong data-start=\"188\" data-end=\"215\">Description (neutre)<\/strong><br data-start=\"215\" data-end=\"218\" \/>Ce m\u00e9lange est destin\u00e9 \u00e0 \u00eatre consomm\u00e9 comme boisson savoureuse ou en-cas. Suivez les instructions figurant sur l'\u00e9tiquette pour le dosage et la pr\u00e9paration.<\/p>\n<p data-start=\"344\" data-end=\"365\"><strong data-start=\"344\" data-end=\"354\">Contenu<\/strong><br data-start=\"354\" data-end=\"357\" \/>300 grammes<\/p>\n<p data-start=\"367\" data-end=\"611\"><strong data-start=\"367\" data-end=\"383\">Ingr\u00e9dients<\/strong><br data-start=\"383\" data-end=\"386\" \/>Maltodextrine, L-tyrosine, ar\u00f4me naturel, L-carnitine, acidifiant : acide citrique, extrait de th\u00e9 vert, colorant : betterave rouge, bitartrate de choline, caf\u00e9ine anhydre, \u00e9dulcorant : sucralose, extrait de guarana, extrait de poivre noir.<\/p>\n<p data-start=\"613\" data-end=\"706\"><strong data-start=\"613\" data-end=\"645\">Utilisation quotidienne recommand\u00e9e<\/strong><br data-start=\"645\" data-end=\"648\" \/>M\u00e9langez 7 grammes d'Arriba Burner Watermelon avec 250 ml d'eau.<\/p>\n<p data-start=\"708\" data-end=\"897\"><strong data-start=\"708\" data-end=\"724\">Conseils de stockage<\/strong><br data-start=\"724\" data-end=\"727\" \/>Conserver dans un endroit frais et sec, hors de port\u00e9e des jeunes enfants. \u00c0 consommer rapidement apr\u00e8s ouverture. \u00c0 consommer de pr\u00e9f\u00e9rence avant la fin et code de lot : voir le dessous de l'emballage.<\/p>","protected":false},"excerpt":{"rendered":"<ul>\n<li>Contient du poivre noir, du guarana et de l'extrait de th\u00e9 vert.<\/li>\n<li>Rapide et facile \u00e0 pr\u00e9parer<\/li>\n<li>Faible teneur en sucre et en mati\u00e8res grasses<\/li>\n<li>Ne contient pas de colorants artificiels<\/li>\n<\/ul>","protected":false},"featured_media":2042,"comment_status":"open","ping_status":"closed","template":"","meta":[],"product_brand":[],"product_cat":[89,222,69,87],"product_tag":[],"class_list":{"0":"post-2034","1":"product","2":"type-product","3":"status-publish","4":"has-post-thumbnail","6":"product_cat-afvallen","7":"product_cat-arriba-nutrition","8":"product_cat-burners","9":"product_cat-energie-focus","11":"first","12":"outofstock","13":"taxable","14":"shipping-taxable","15":"purchasable","16":"product-type-variable"},"yoast_head":"<!-- This site is optimized with the Yoast SEO plugin v27.5 - https:\/\/yoast.com\/product\/yoast-seo-wordpress\/ -->\n<title>Arriba Nutrition - Burner - Holy-Supps.nl<\/title>\n<meta name=\"description\" content=\"Arriba Nutrition Fat Burner: Verhoog je energie, versneld je spijsvertering en stil je hongergevoel. 7g per portie, ideaal voor voor of na je training!\" \/>\n<meta name=\"robots\" content=\"index, follow, max-snippet:-1, max-image-preview:large, max-video-preview:-1\" \/>\n<link rel=\"canonical\" href=\"https:\/\/www.holy-supps.nl\/fr\/produit\/arriba-nutrition-burner\/\" \/>\n<meta property=\"og:locale\" content=\"fr_FR\" \/>\n<meta property=\"og:type\" content=\"article\" \/>\n<meta property=\"og:title\" content=\"Arriba Nutrition - Burner - Holy-Supps.nl\" \/>\n<meta property=\"og:description\" content=\"Arriba Nutrition Fat Burner: Verhoog je energie, versneld je spijsvertering en stil je hongergevoel. 7g per portie, ideaal voor voor of na je training!\" \/>\n<meta property=\"og:url\" content=\"https:\/\/www.holy-supps.nl\/fr\/produit\/arriba-nutrition-burner\/\" \/>\n<meta property=\"og:site_name\" content=\"Holy-Supps.nl\" \/>\n<meta property=\"article:publisher\" content=\"https:\/\/www.facebook.com\/holy.supps\" \/>\n<meta property=\"article:modified_time\" content=\"2026-05-13T07:26:43+00:00\" \/>\n<meta property=\"og:image\" content=\"https:\/\/www.holy-supps.nl\/wp-content\/uploads\/2024\/02\/Arriba-Fat_burner-Watermelon-web-v2.png\" \/>\n\t<meta property=\"og:image:width\" content=\"1033\" \/>\n\t<meta property=\"og:image:height\" content=\"1092\" \/>\n\t<meta property=\"og:image:type\" content=\"image\/png\" \/>\n<meta name=\"twitter:card\" content=\"summary_large_image\" \/>\n<meta name=\"twitter:label1\" content=\"Dur\u00e9e de lecture estim\u00e9e\" \/>\n\t<meta name=\"twitter:data1\" content=\"1 minute\" \/>\n<script type=\"application\/ld+json\" class=\"yoast-schema-graph\">{\"@context\":\"https:\\\/\\\/schema.org\",\"@graph\":[{\"@type\":\"WebPage\",\"@id\":\"https:\\\/\\\/www.holy-supps.nl\\\/product\\\/arriba-nutrition-burner\\\/\",\"url\":\"https:\\\/\\\/www.holy-supps.nl\\\/product\\\/arriba-nutrition-burner\\\/\",\"name\":\"Arriba Nutrition - Burner - Holy-Supps.nl\",\"isPartOf\":{\"@id\":\"https:\\\/\\\/www.holy-supps.nl\\\/#website\"},\"primaryImageOfPage\":{\"@id\":\"https:\\\/\\\/www.holy-supps.nl\\\/product\\\/arriba-nutrition-burner\\\/#primaryimage\"},\"image\":{\"@id\":\"https:\\\/\\\/www.holy-supps.nl\\\/product\\\/arriba-nutrition-burner\\\/#primaryimage\"},\"thumbnailUrl\":\"https:\\\/\\\/www.holy-supps.nl\\\/wp-content\\\/uploads\\\/2024\\\/02\\\/Arriba-Fat_burner-Watermelon-web-v2.png\",\"datePublished\":\"2024-02-15T10:11:47+00:00\",\"dateModified\":\"2026-05-13T07:26:43+00:00\",\"description\":\"Arriba Nutrition Fat Burner: Verhoog je energie, versneld je spijsvertering en stil je hongergevoel. 7g per portie, ideaal voor voor of na je training!\",\"breadcrumb\":{\"@id\":\"https:\\\/\\\/www.holy-supps.nl\\\/product\\\/arriba-nutrition-burner\\\/#breadcrumb\"},\"inLanguage\":\"fr-FR\",\"potentialAction\":[{\"@type\":\"ReadAction\",\"target\":[\"https:\\\/\\\/www.holy-supps.nl\\\/product\\\/arriba-nutrition-burner\\\/\"]}]},{\"@type\":\"ImageObject\",\"inLanguage\":\"fr-FR\",\"@id\":\"https:\\\/\\\/www.holy-supps.nl\\\/product\\\/arriba-nutrition-burner\\\/#primaryimage\",\"url\":\"https:\\\/\\\/www.holy-supps.nl\\\/wp-content\\\/uploads\\\/2024\\\/02\\\/Arriba-Fat_burner-Watermelon-web-v2.png\",\"contentUrl\":\"https:\\\/\\\/www.holy-supps.nl\\\/wp-content\\\/uploads\\\/2024\\\/02\\\/Arriba-Fat_burner-Watermelon-web-v2.png\",\"width\":1033,\"height\":1092},{\"@type\":\"BreadcrumbList\",\"@id\":\"https:\\\/\\\/www.holy-supps.nl\\\/product\\\/arriba-nutrition-burner\\\/#breadcrumb\",\"itemListElement\":[{\"@type\":\"ListItem\",\"position\":1,\"name\":\"Home\",\"item\":\"https:\\\/\\\/www.holy-supps.nl\\\/\"},{\"@type\":\"ListItem\",\"position\":2,\"name\":\"Winkel\",\"item\":\"https:\\\/\\\/www.holy-supps.nl\\\/winkel\\\/\"},{\"@type\":\"ListItem\",\"position\":3,\"name\":\"Arriba Nutrition &#8211; Burner\"}]},{\"@type\":\"WebSite\",\"@id\":\"https:\\\/\\\/www.holy-supps.nl\\\/#website\",\"url\":\"https:\\\/\\\/www.holy-supps.nl\\\/\",\"name\":\"Holy-Supps.nl\",\"description\":\"Official EHPLabs Reseller!\",\"publisher\":{\"@id\":\"https:\\\/\\\/www.holy-supps.nl\\\/#organization\"},\"potentialAction\":[{\"@type\":\"SearchAction\",\"target\":{\"@type\":\"EntryPoint\",\"urlTemplate\":\"https:\\\/\\\/www.holy-supps.nl\\\/?s={search_term_string}\"},\"query-input\":{\"@type\":\"PropertyValueSpecification\",\"valueRequired\":true,\"valueName\":\"search_term_string\"}}],\"inLanguage\":\"fr-FR\"},{\"@type\":\"Organization\",\"@id\":\"https:\\\/\\\/www.holy-supps.nl\\\/#organization\",\"name\":\"Holy Supps\",\"url\":\"https:\\\/\\\/www.holy-supps.nl\\\/\",\"logo\":{\"@type\":\"ImageObject\",\"inLanguage\":\"fr-FR\",\"@id\":\"https:\\\/\\\/www.holy-supps.nl\\\/#\\\/schema\\\/logo\\\/image\\\/\",\"url\":\"https:\\\/\\\/www.holy-supps.nl\\\/wp-content\\\/uploads\\\/2023\\\/06\\\/HOLY-SUPPS.png\",\"contentUrl\":\"https:\\\/\\\/www.holy-supps.nl\\\/wp-content\\\/uploads\\\/2023\\\/06\\\/HOLY-SUPPS.png\",\"width\":1000,\"height\":400,\"caption\":\"Holy Supps\"},\"image\":{\"@id\":\"https:\\\/\\\/www.holy-supps.nl\\\/#\\\/schema\\\/logo\\\/image\\\/\"},\"sameAs\":[\"https:\\\/\\\/www.facebook.com\\\/holy.supps\",\"https:\\\/\\\/www.instagram.com\\\/holy.supps.shop\\\/\"]}]}<\/script>\n<!-- \/ Yoast SEO plugin. -->","yoast_head_json":{"title":"Arriba Nutrition - Burner - Holy-Supps.fr","description":"Arriba Nutrition Fat Burner : Augmente votre \u00e9nergie, acc\u00e9l\u00e8re la digestion et calme vos fringales. 7g par portion, id\u00e9al avant ou apr\u00e8s votre entra\u00eenement !","robots":{"index":"index","follow":"follow","max-snippet":"max-snippet:-1","max-image-preview":"max-image-preview:large","max-video-preview":"max-video-preview:-1"},"canonical":"https:\/\/www.holy-supps.nl\/fr\/produit\/arriba-nutrition-burner\/","og_locale":"fr_FR","og_type":"article","og_title":"Arriba Nutrition - Burner - Holy-Supps.nl","og_description":"Arriba Nutrition Fat Burner: Verhoog je energie, versneld je spijsvertering en stil je hongergevoel. 7g per portie, ideaal voor voor of na je training!","og_url":"https:\/\/www.holy-supps.nl\/fr\/produit\/arriba-nutrition-burner\/","og_site_name":"Holy-Supps.nl","article_publisher":"https:\/\/www.facebook.com\/holy.supps","article_modified_time":"2026-05-13T07:26:43+00:00","og_image":[{"width":1033,"height":1092,"url":"https:\/\/www.holy-supps.nl\/wp-content\/uploads\/2024\/02\/Arriba-Fat_burner-Watermelon-web-v2.png","type":"image\/png"}],"twitter_card":"summary_large_image","twitter_misc":{"Dur\u00e9e de lecture estim\u00e9e":"1 minute"},"schema":{"@context":"https:\/\/schema.org","@graph":[{"@type":"WebPage","@id":"https:\/\/www.holy-supps.nl\/product\/arriba-nutrition-burner\/","url":"https:\/\/www.holy-supps.nl\/product\/arriba-nutrition-burner\/","name":"Arriba Nutrition - Burner - Holy-Supps.fr","isPartOf":{"@id":"https:\/\/www.holy-supps.nl\/#website"},"primaryImageOfPage":{"@id":"https:\/\/www.holy-supps.nl\/product\/arriba-nutrition-burner\/#primaryimage"},"image":{"@id":"https:\/\/www.holy-supps.nl\/product\/arriba-nutrition-burner\/#primaryimage"},"thumbnailUrl":"https:\/\/www.holy-supps.nl\/wp-content\/uploads\/2024\/02\/Arriba-Fat_burner-Watermelon-web-v2.png","datePublished":"2024-02-15T10:11:47+00:00","dateModified":"2026-05-13T07:26:43+00:00","description":"Arriba Nutrition Fat Burner : Augmente votre \u00e9nergie, acc\u00e9l\u00e8re la digestion et calme vos fringales. 7g par portion, id\u00e9al avant ou apr\u00e8s votre entra\u00eenement !","breadcrumb":{"@id":"https:\/\/www.holy-supps.nl\/product\/arriba-nutrition-burner\/#breadcrumb"},"inLanguage":"fr-FR","potentialAction":[{"@type":"ReadAction","target":["https:\/\/www.holy-supps.nl\/product\/arriba-nutrition-burner\/"]}]},{"@type":"ImageObject","inLanguage":"fr-FR","@id":"https:\/\/www.holy-supps.nl\/product\/arriba-nutrition-burner\/#primaryimage","url":"https:\/\/www.holy-supps.nl\/wp-content\/uploads\/2024\/02\/Arriba-Fat_burner-Watermelon-web-v2.png","contentUrl":"https:\/\/www.holy-supps.nl\/wp-content\/uploads\/2024\/02\/Arriba-Fat_burner-Watermelon-web-v2.png","width":1033,"height":1092},{"@type":"BreadcrumbList","@id":"https:\/\/www.holy-supps.nl\/product\/arriba-nutrition-burner\/#breadcrumb","itemListElement":[{"@type":"ListItem","position":1,"name":"Home","item":"https:\/\/www.holy-supps.nl\/"},{"@type":"ListItem","position":2,"name":"Winkel","item":"https:\/\/www.holy-supps.nl\/winkel\/"},{"@type":"ListItem","position":3,"name":"Arriba Nutrition &#8211; Burner"}]},{"@type":"WebSite","@id":"https:\/\/www.holy-supps.nl\/#website","url":"https:\/\/www.holy-supps.nl\/","name":"Holy-Supps.co.uk","description":"Revendeur officiel EHPLabs !","publisher":{"@id":"https:\/\/www.holy-supps.nl\/#organization"},"potentialAction":[{"@type":"SearchAction","target":{"@type":"EntryPoint","urlTemplate":"https:\/\/www.holy-supps.nl\/?s={search_term_string}"},"query-input":{"@type":"PropertyValueSpecification","valueRequired":true,"valueName":"search_term_string"}}],"inLanguage":"fr-FR"},{"@type":"Organization","@id":"https:\/\/www.holy-supps.nl\/#organization","name":"Les Saints Souvenirs","url":"https:\/\/www.holy-supps.nl\/","logo":{"@type":"ImageObject","inLanguage":"fr-FR","@id":"https:\/\/www.holy-supps.nl\/#\/schema\/logo\/image\/","url":"https:\/\/www.holy-supps.nl\/wp-content\/uploads\/2023\/06\/HOLY-SUPPS.png","contentUrl":"https:\/\/www.holy-supps.nl\/wp-content\/uploads\/2023\/06\/HOLY-SUPPS.png","width":1000,"height":400,"caption":"Holy Supps"},"image":{"@id":"https:\/\/www.holy-supps.nl\/#\/schema\/logo\/image\/"},"sameAs":["https:\/\/www.facebook.com\/holy.supps","https:\/\/www.instagram.com\/holy.supps.shop\/"]}]}},"jetpack_sharing_enabled":true,"_links":{"self":[{"href":"https:\/\/www.holy-supps.nl\/fr\/wp-json\/wp\/v2\/product\/2034","targetHints":{"allow":["GET"]}}],"collection":[{"href":"https:\/\/www.holy-supps.nl\/fr\/wp-json\/wp\/v2\/product"}],"about":[{"href":"https:\/\/www.holy-supps.nl\/fr\/wp-json\/wp\/v2\/types\/product"}],"replies":[{"embeddable":true,"href":"https:\/\/www.holy-supps.nl\/fr\/wp-json\/wp\/v2\/comments?post=2034"}],"wp:featuredmedia":[{"embeddable":true,"href":"https:\/\/www.holy-supps.nl\/fr\/wp-json\/wp\/v2\/media\/2042"}],"wp:attachment":[{"href":"https:\/\/www.holy-supps.nl\/fr\/wp-json\/wp\/v2\/media?parent=2034"}],"wp:term":[{"taxonomy":"product_brand","embeddable":true,"href":"https:\/\/www.holy-supps.nl\/fr\/wp-json\/wp\/v2\/product_brand?post=2034"},{"taxonomy":"product_cat","embeddable":true,"href":"https:\/\/www.holy-supps.nl\/fr\/wp-json\/wp\/v2\/product_cat?post=2034"},{"taxonomy":"product_tag","embeddable":true,"href":"https:\/\/www.holy-supps.nl\/fr\/wp-json\/wp\/v2\/product_tag?post=2034"}],"curies":[{"name":"wp","href":"https:\/\/api.w.org\/{rel}","templated":true}]}}