{"id":2027,"date":"2024-02-15T11:03:40","date_gmt":"2024-02-15T10:03:40","guid":{"rendered":"https:\/\/www.holy-supps.nl\/?post_type=product&#038;p=2027"},"modified":"2025-10-27T11:09:04","modified_gmt":"2025-10-27T10:09:04","slug":"arriba-nutrition-vegan-protein","status":"publish","type":"product","link":"https:\/\/www.holy-supps.nl\/fr\/product\/arriba-nutrition-vegan-protein\/","title":{"rendered":"Arriba Nutrition - Prot\u00e9ines v\u00e9g\u00e9taliennes"},"content":{"rendered":"<p>Notre Vegan Protein est fabriqu\u00e9e \u00e0 partir de prot\u00e9ines de pois de haute qualit\u00e9 et contient 25 grammes de prot\u00e9ines par portion. Ce shake v\u00e9g\u00e9tal contient les neuf acides amin\u00e9s essentiels et constitue un compl\u00e9ment pratique \u00e0 un mode de vie actif.<\/p>\n<h1>Contenu<\/h1>\n<p>1000 GRAM<\/p>\n<h1>Ingr\u00e9dients<\/h1>\n<p>Isolat de prot\u00e9ines de pois, ar\u00f4me naturel, vanilline, \u00e9paississant : gomme xanthane, \u00e9dulcorant : sucralose.<\/p>\n<h1>Utilisation quotidienne recommand\u00e9e<\/h1>\n<p>M\u00e9langez 30 grammes (environ 1 cuill\u00e8re) d'Arriba Vegan Protein Vanilla avec 250 ml d'eau ou de lait (v\u00e9gan).<\/p>\n<h1>Allerg\u00e8nes<\/h1>\n<p>Ce produit contient du lait. Peut \u00e9ventuellement contenir des traces de soja, de gluten, d'\u0153uf et de poisson.<\/p>\n<h1>Conseils de stockage<\/h1>\n<p>Conserver dans un endroit frais et sec, hors de port\u00e9e des jeunes enfants. Dur\u00e9e de conservation limit\u00e9e apr\u00e8s ouverture. \u00c0 consommer avant la fin et code de lot : voir le dessous de l'emballage.<\/p>","protected":false},"excerpt":{"rendered":"<ul>\n<li>M\u00e9lange de prot\u00e9ines de haute qualit\u00e9 de l'isolat 50%<\/li>\n<li>22 g de prot\u00e9ines de haute qualit\u00e9 par portion<\/li>\n<li>5 g de BCAA d'origine naturelle par portion<\/li>\n<li>Faible teneur en sucre et en mati\u00e8res grasses<\/li>\n<\/ul>","protected":false},"featured_media":2430,"comment_status":"open","ping_status":"closed","template":"","meta":[],"product_brand":[],"product_cat":[86,89,222,67],"product_tag":[],"class_list":{"0":"post-2027","1":"product","2":"type-product","3":"status-publish","4":"has-post-thumbnail","6":"product_cat-aankomen","7":"product_cat-afvallen","8":"product_cat-arriba-nutrition","9":"product_cat-eiwitten-proteine","11":"first","12":"outofstock","13":"taxable","14":"shipping-taxable","15":"purchasable","16":"product-type-variable"},"yoast_head":"<!-- This site is optimized with the Yoast SEO plugin v27.3 - https:\/\/yoast.com\/product\/yoast-seo-wordpress\/ -->\n<title>Arriba Nutrition - Vegan Protein - Holy-Supps.nl<\/title>\n<meta name=\"description\" content=\"Arriba Vegan Protein: 25g erwteneiwit per portie voor spiergroei en herstel. Ideaal voor een plantaardig dieet. Verhoog je spiermassa met hoogwaardige vegan eiwitten!\" \/>\n<meta name=\"robots\" content=\"index, follow, max-snippet:-1, max-image-preview:large, max-video-preview:-1\" \/>\n<link rel=\"canonical\" href=\"https:\/\/www.holy-supps.nl\/fr\/produit\/arriba-nutrition-vegan-protein\/\" \/>\n<meta property=\"og:locale\" content=\"fr_FR\" \/>\n<meta property=\"og:type\" content=\"article\" \/>\n<meta property=\"og:title\" content=\"Arriba Nutrition - Vegan Protein - Holy-Supps.nl\" \/>\n<meta property=\"og:description\" content=\"Arriba Vegan Protein: 25g erwteneiwit per portie voor spiergroei en herstel. Ideaal voor een plantaardig dieet. Verhoog je spiermassa met hoogwaardige vegan eiwitten!\" \/>\n<meta property=\"og:url\" content=\"https:\/\/www.holy-supps.nl\/fr\/produit\/arriba-nutrition-vegan-protein\/\" \/>\n<meta property=\"og:site_name\" content=\"Holy-Supps.nl\" \/>\n<meta property=\"article:publisher\" content=\"https:\/\/www.facebook.com\/holy.supps\" \/>\n<meta property=\"article:modified_time\" content=\"2025-10-27T10:09:04+00:00\" \/>\n<meta property=\"og:image\" content=\"https:\/\/www.holy-supps.nl\/wp-content\/uploads\/2024\/02\/Arriba-Vegan-Protein-Vanilla.png\" \/>\n\t<meta property=\"og:image:width\" content=\"1000\" \/>\n\t<meta property=\"og:image:height\" content=\"1000\" \/>\n\t<meta property=\"og:image:type\" content=\"image\/png\" \/>\n<meta name=\"twitter:card\" content=\"summary_large_image\" \/>\n<meta name=\"twitter:label1\" content=\"Dur\u00e9e de lecture estim\u00e9e\" \/>\n\t<meta name=\"twitter:data1\" content=\"1 minute\" \/>\n<script type=\"application\/ld+json\" class=\"yoast-schema-graph\">{\"@context\":\"https:\\\/\\\/schema.org\",\"@graph\":[{\"@type\":\"WebPage\",\"@id\":\"https:\\\/\\\/www.holy-supps.nl\\\/product\\\/arriba-nutrition-vegan-protein\\\/\",\"url\":\"https:\\\/\\\/www.holy-supps.nl\\\/product\\\/arriba-nutrition-vegan-protein\\\/\",\"name\":\"Arriba Nutrition - Vegan Protein - Holy-Supps.nl\",\"isPartOf\":{\"@id\":\"https:\\\/\\\/www.holy-supps.nl\\\/#website\"},\"primaryImageOfPage\":{\"@id\":\"https:\\\/\\\/www.holy-supps.nl\\\/product\\\/arriba-nutrition-vegan-protein\\\/#primaryimage\"},\"image\":{\"@id\":\"https:\\\/\\\/www.holy-supps.nl\\\/product\\\/arriba-nutrition-vegan-protein\\\/#primaryimage\"},\"thumbnailUrl\":\"https:\\\/\\\/www.holy-supps.nl\\\/wp-content\\\/uploads\\\/2024\\\/02\\\/Arriba-Vegan-Protein-Vanilla.png\",\"datePublished\":\"2024-02-15T10:03:40+00:00\",\"dateModified\":\"2025-10-27T10:09:04+00:00\",\"description\":\"Arriba Vegan Protein: 25g erwteneiwit per portie voor spiergroei en herstel. Ideaal voor een plantaardig dieet. Verhoog je spiermassa met hoogwaardige vegan eiwitten!\",\"breadcrumb\":{\"@id\":\"https:\\\/\\\/www.holy-supps.nl\\\/product\\\/arriba-nutrition-vegan-protein\\\/#breadcrumb\"},\"inLanguage\":\"fr-FR\",\"potentialAction\":[{\"@type\":\"ReadAction\",\"target\":[\"https:\\\/\\\/www.holy-supps.nl\\\/product\\\/arriba-nutrition-vegan-protein\\\/\"]}]},{\"@type\":\"ImageObject\",\"inLanguage\":\"fr-FR\",\"@id\":\"https:\\\/\\\/www.holy-supps.nl\\\/product\\\/arriba-nutrition-vegan-protein\\\/#primaryimage\",\"url\":\"https:\\\/\\\/www.holy-supps.nl\\\/wp-content\\\/uploads\\\/2024\\\/02\\\/Arriba-Vegan-Protein-Vanilla.png\",\"contentUrl\":\"https:\\\/\\\/www.holy-supps.nl\\\/wp-content\\\/uploads\\\/2024\\\/02\\\/Arriba-Vegan-Protein-Vanilla.png\",\"width\":1000,\"height\":1000},{\"@type\":\"BreadcrumbList\",\"@id\":\"https:\\\/\\\/www.holy-supps.nl\\\/product\\\/arriba-nutrition-vegan-protein\\\/#breadcrumb\",\"itemListElement\":[{\"@type\":\"ListItem\",\"position\":1,\"name\":\"Home\",\"item\":\"https:\\\/\\\/www.holy-supps.nl\\\/\"},{\"@type\":\"ListItem\",\"position\":2,\"name\":\"Winkel\",\"item\":\"https:\\\/\\\/www.holy-supps.nl\\\/winkel\\\/\"},{\"@type\":\"ListItem\",\"position\":3,\"name\":\"Arriba Nutrition &#8211; Vegan Protein\"}]},{\"@type\":\"WebSite\",\"@id\":\"https:\\\/\\\/www.holy-supps.nl\\\/#website\",\"url\":\"https:\\\/\\\/www.holy-supps.nl\\\/\",\"name\":\"Holy-Supps.nl\",\"description\":\"Official EHPLabs Reseller!\",\"publisher\":{\"@id\":\"https:\\\/\\\/www.holy-supps.nl\\\/#organization\"},\"potentialAction\":[{\"@type\":\"SearchAction\",\"target\":{\"@type\":\"EntryPoint\",\"urlTemplate\":\"https:\\\/\\\/www.holy-supps.nl\\\/?s={search_term_string}\"},\"query-input\":{\"@type\":\"PropertyValueSpecification\",\"valueRequired\":true,\"valueName\":\"search_term_string\"}}],\"inLanguage\":\"fr-FR\"},{\"@type\":\"Organization\",\"@id\":\"https:\\\/\\\/www.holy-supps.nl\\\/#organization\",\"name\":\"Holy Supps\",\"url\":\"https:\\\/\\\/www.holy-supps.nl\\\/\",\"logo\":{\"@type\":\"ImageObject\",\"inLanguage\":\"fr-FR\",\"@id\":\"https:\\\/\\\/www.holy-supps.nl\\\/#\\\/schema\\\/logo\\\/image\\\/\",\"url\":\"https:\\\/\\\/www.holy-supps.nl\\\/wp-content\\\/uploads\\\/2023\\\/06\\\/HOLY-SUPPS.png\",\"contentUrl\":\"https:\\\/\\\/www.holy-supps.nl\\\/wp-content\\\/uploads\\\/2023\\\/06\\\/HOLY-SUPPS.png\",\"width\":1000,\"height\":400,\"caption\":\"Holy Supps\"},\"image\":{\"@id\":\"https:\\\/\\\/www.holy-supps.nl\\\/#\\\/schema\\\/logo\\\/image\\\/\"},\"sameAs\":[\"https:\\\/\\\/www.facebook.com\\\/holy.supps\",\"https:\\\/\\\/www.instagram.com\\\/holy.supps.shop\\\/\"]}]}<\/script>\n<!-- \/ Yoast SEO plugin. -->","yoast_head_json":{"title":"Arriba Nutrition - Prot\u00e9ines v\u00e9g\u00e9taliennes - Holy-Supps.fr","description":"Arriba Vegan Protein : 25 g de prot\u00e9ines de pois par portion pour la croissance musculaire et la r\u00e9cup\u00e9ration. Id\u00e9al pour un r\u00e9gime \u00e0 base de plantes. Augmentez votre masse musculaire avec des prot\u00e9ines v\u00e9g\u00e9taliennes de haute qualit\u00e9 !","robots":{"index":"index","follow":"follow","max-snippet":"max-snippet:-1","max-image-preview":"max-image-preview:large","max-video-preview":"max-video-preview:-1"},"canonical":"https:\/\/www.holy-supps.nl\/fr\/produit\/arriba-nutrition-vegan-protein\/","og_locale":"fr_FR","og_type":"article","og_title":"Arriba Nutrition - Vegan Protein - Holy-Supps.nl","og_description":"Arriba Vegan Protein: 25g erwteneiwit per portie voor spiergroei en herstel. Ideaal voor een plantaardig dieet. Verhoog je spiermassa met hoogwaardige vegan eiwitten!","og_url":"https:\/\/www.holy-supps.nl\/fr\/produit\/arriba-nutrition-vegan-protein\/","og_site_name":"Holy-Supps.nl","article_publisher":"https:\/\/www.facebook.com\/holy.supps","article_modified_time":"2025-10-27T10:09:04+00:00","og_image":[{"width":1000,"height":1000,"url":"https:\/\/www.holy-supps.nl\/wp-content\/uploads\/2024\/02\/Arriba-Vegan-Protein-Vanilla.png","type":"image\/png"}],"twitter_card":"summary_large_image","twitter_misc":{"Dur\u00e9e de lecture estim\u00e9e":"1 minute"},"schema":{"@context":"https:\/\/schema.org","@graph":[{"@type":"WebPage","@id":"https:\/\/www.holy-supps.nl\/product\/arriba-nutrition-vegan-protein\/","url":"https:\/\/www.holy-supps.nl\/product\/arriba-nutrition-vegan-protein\/","name":"Arriba Nutrition - Prot\u00e9ines v\u00e9g\u00e9taliennes - Holy-Supps.fr","isPartOf":{"@id":"https:\/\/www.holy-supps.nl\/#website"},"primaryImageOfPage":{"@id":"https:\/\/www.holy-supps.nl\/product\/arriba-nutrition-vegan-protein\/#primaryimage"},"image":{"@id":"https:\/\/www.holy-supps.nl\/product\/arriba-nutrition-vegan-protein\/#primaryimage"},"thumbnailUrl":"https:\/\/www.holy-supps.nl\/wp-content\/uploads\/2024\/02\/Arriba-Vegan-Protein-Vanilla.png","datePublished":"2024-02-15T10:03:40+00:00","dateModified":"2025-10-27T10:09:04+00:00","description":"Arriba Vegan Protein : 25 g de prot\u00e9ines de pois par portion pour la croissance musculaire et la r\u00e9cup\u00e9ration. Id\u00e9al pour un r\u00e9gime \u00e0 base de plantes. Augmentez votre masse musculaire avec des prot\u00e9ines v\u00e9g\u00e9taliennes de haute qualit\u00e9 !","breadcrumb":{"@id":"https:\/\/www.holy-supps.nl\/product\/arriba-nutrition-vegan-protein\/#breadcrumb"},"inLanguage":"fr-FR","potentialAction":[{"@type":"ReadAction","target":["https:\/\/www.holy-supps.nl\/product\/arriba-nutrition-vegan-protein\/"]}]},{"@type":"ImageObject","inLanguage":"fr-FR","@id":"https:\/\/www.holy-supps.nl\/product\/arriba-nutrition-vegan-protein\/#primaryimage","url":"https:\/\/www.holy-supps.nl\/wp-content\/uploads\/2024\/02\/Arriba-Vegan-Protein-Vanilla.png","contentUrl":"https:\/\/www.holy-supps.nl\/wp-content\/uploads\/2024\/02\/Arriba-Vegan-Protein-Vanilla.png","width":1000,"height":1000},{"@type":"BreadcrumbList","@id":"https:\/\/www.holy-supps.nl\/product\/arriba-nutrition-vegan-protein\/#breadcrumb","itemListElement":[{"@type":"ListItem","position":1,"name":"Home","item":"https:\/\/www.holy-supps.nl\/"},{"@type":"ListItem","position":2,"name":"Winkel","item":"https:\/\/www.holy-supps.nl\/winkel\/"},{"@type":"ListItem","position":3,"name":"Arriba Nutrition &#8211; Vegan Protein"}]},{"@type":"WebSite","@id":"https:\/\/www.holy-supps.nl\/#website","url":"https:\/\/www.holy-supps.nl\/","name":"Holy-Supps.co.uk","description":"Revendeur officiel EHPLabs !","publisher":{"@id":"https:\/\/www.holy-supps.nl\/#organization"},"potentialAction":[{"@type":"SearchAction","target":{"@type":"EntryPoint","urlTemplate":"https:\/\/www.holy-supps.nl\/?s={search_term_string}"},"query-input":{"@type":"PropertyValueSpecification","valueRequired":true,"valueName":"search_term_string"}}],"inLanguage":"fr-FR"},{"@type":"Organization","@id":"https:\/\/www.holy-supps.nl\/#organization","name":"Les Saints Souvenirs","url":"https:\/\/www.holy-supps.nl\/","logo":{"@type":"ImageObject","inLanguage":"fr-FR","@id":"https:\/\/www.holy-supps.nl\/#\/schema\/logo\/image\/","url":"https:\/\/www.holy-supps.nl\/wp-content\/uploads\/2023\/06\/HOLY-SUPPS.png","contentUrl":"https:\/\/www.holy-supps.nl\/wp-content\/uploads\/2023\/06\/HOLY-SUPPS.png","width":1000,"height":400,"caption":"Holy Supps"},"image":{"@id":"https:\/\/www.holy-supps.nl\/#\/schema\/logo\/image\/"},"sameAs":["https:\/\/www.facebook.com\/holy.supps","https:\/\/www.instagram.com\/holy.supps.shop\/"]}]}},"jetpack_sharing_enabled":true,"_links":{"self":[{"href":"https:\/\/www.holy-supps.nl\/fr\/wp-json\/wp\/v2\/product\/2027","targetHints":{"allow":["GET"]}}],"collection":[{"href":"https:\/\/www.holy-supps.nl\/fr\/wp-json\/wp\/v2\/product"}],"about":[{"href":"https:\/\/www.holy-supps.nl\/fr\/wp-json\/wp\/v2\/types\/product"}],"replies":[{"embeddable":true,"href":"https:\/\/www.holy-supps.nl\/fr\/wp-json\/wp\/v2\/comments?post=2027"}],"wp:featuredmedia":[{"embeddable":true,"href":"https:\/\/www.holy-supps.nl\/fr\/wp-json\/wp\/v2\/media\/2430"}],"wp:attachment":[{"href":"https:\/\/www.holy-supps.nl\/fr\/wp-json\/wp\/v2\/media?parent=2027"}],"wp:term":[{"taxonomy":"product_brand","embeddable":true,"href":"https:\/\/www.holy-supps.nl\/fr\/wp-json\/wp\/v2\/product_brand?post=2027"},{"taxonomy":"product_cat","embeddable":true,"href":"https:\/\/www.holy-supps.nl\/fr\/wp-json\/wp\/v2\/product_cat?post=2027"},{"taxonomy":"product_tag","embeddable":true,"href":"https:\/\/www.holy-supps.nl\/fr\/wp-json\/wp\/v2\/product_tag?post=2027"}],"curies":[{"name":"wp","href":"https:\/\/api.w.org\/{rel}","templated":true}]}}