{"id":2013,"date":"2024-02-15T10:39:49","date_gmt":"2024-02-15T09:39:49","guid":{"rendered":"https:\/\/www.holy-supps.nl\/?post_type=product&#038;p=2013"},"modified":"2026-02-16T22:25:19","modified_gmt":"2026-02-16T21:25:19","slug":"arriba-nutrition-mr-anatoly-whey-isolate","status":"publish","type":"product","link":"https:\/\/www.holy-supps.nl\/fr\/product\/arriba-nutrition-mr-anatoly-whey-isolate\/","title":{"rendered":"Arriba Nutrition - Mr Anatoly - Isolat de lactos\u00e9rum PRO"},"content":{"rendered":"<p>Anatoly Whey Isolate est fabriqu\u00e9 \u00e0 partir de prot\u00e9ines de lactos\u00e9rum de haute qualit\u00e9 et contient 27 grammes de prot\u00e9ines par portion. Ce shake contient les neuf acides amin\u00e9s essentiels et constitue un choix pratique dans le cadre d'un r\u00e9gime actif.<\/p>\n<h1>Contenu<\/h1>\n<p>1000 GRAM<\/p>\n<h1>Ingr\u00e9dients<\/h1>\n<p>Isolat de prot\u00e9ines de lactos\u00e9rum (LAIT), ar\u00f4me naturel, \u00e9paississant : gomme xanthane, \u00e9mulsifiant : l\u00e9cithine, \u00e9dulcorant : sucralose.<\/p>\n<h1>Utilisation quotidienne recommand\u00e9e<\/h1>\n<p>M\u00e9langer 30 grammes (1 mesure) d'isolat de lactos\u00e9rum avec 200-300 ml d'eau ou de lait. Prendre au maximum 3 shakes par jour.<\/p>\n<h1>Conseils de stockage<\/h1>\n<p>Conserver dans un endroit frais et sec, hors de port\u00e9e des jeunes enfants. Dur\u00e9e de conservation limit\u00e9e apr\u00e8s ouverture. \u00c0 consommer avant la fin et code de lot : voir le dessous de l'emballage.<\/p>","protected":false},"excerpt":{"rendered":"<ul>\n<li>M. Anatoly Sceau de qualit\u00e9<\/li>\n<li class=\"jet-listing-dynamic-repeater__item\" data-rocket-lazy-bg-28c7703d-7c32-49fc-9480-3770a27af16e=\"loaded\">Contient les neuf acides amin\u00e9s essentiels<\/li>\n<li class=\"jet-listing-dynamic-repeater__item\" data-rocket-lazy-bg-28c7703d-7c32-49fc-9480-3770a27af16e=\"loaded\">27 g de prot\u00e9ines de haute qualit\u00e9 par portion<\/li>\n<\/ul>","protected":false},"featured_media":2018,"comment_status":"open","ping_status":"closed","template":"","meta":[],"product_brand":[],"product_cat":[86,89,222,80,67,81],"product_tag":[],"class_list":{"0":"post-2013","1":"product","2":"type-product","3":"status-publish","4":"has-post-thumbnail","6":"product_cat-aankomen","7":"product_cat-afvallen","8":"product_cat-arriba-nutrition","9":"product_cat-doel","10":"product_cat-eiwitten-proteine","11":"product_cat-spieropbouw","13":"first","14":"outofstock","15":"taxable","16":"shipping-taxable","17":"purchasable","18":"product-type-variable"},"yoast_head":"<!-- This site is optimized with the Yoast SEO plugin v27.5 - https:\/\/yoast.com\/product\/yoast-seo-wordpress\/ -->\n<title>Arriba Nutrition - Mr Anatoly - Whey Isolate PRO - Holy-Supps.nl<\/title>\n<meta name=\"description\" content=\"Arriba Nutrition Mr. Anatoly Whey Isolate: 27g hoogwaardige eiwitten per portie voor spierherstel en groei. Ideaal voor intensieve training en gewichtsverlies.\" \/>\n<meta name=\"robots\" content=\"index, follow, max-snippet:-1, max-image-preview:large, max-video-preview:-1\" \/>\n<link rel=\"canonical\" href=\"https:\/\/www.holy-supps.nl\/fr\/produit\/arriba-nutrition-mr-anatoly-whey-isolate\/\" \/>\n<meta property=\"og:locale\" content=\"fr_FR\" \/>\n<meta property=\"og:type\" content=\"article\" \/>\n<meta property=\"og:title\" content=\"Arriba Nutrition - Mr Anatoly - Whey Isolate PRO - Holy-Supps.nl\" \/>\n<meta property=\"og:description\" content=\"Arriba Nutrition Mr. Anatoly Whey Isolate: 27g hoogwaardige eiwitten per portie voor spierherstel en groei. Ideaal voor intensieve training en gewichtsverlies.\" \/>\n<meta property=\"og:url\" content=\"https:\/\/www.holy-supps.nl\/fr\/produit\/arriba-nutrition-mr-anatoly-whey-isolate\/\" \/>\n<meta property=\"og:site_name\" content=\"Holy-Supps.nl\" \/>\n<meta property=\"article:publisher\" content=\"https:\/\/www.facebook.com\/holy.supps\" \/>\n<meta property=\"article:modified_time\" content=\"2026-02-16T21:25:19+00:00\" \/>\n<meta property=\"og:image\" content=\"https:\/\/www.holy-supps.nl\/wp-content\/uploads\/2024\/02\/Anatoly-isolate-vanilla-web.png\" \/>\n\t<meta property=\"og:image:width\" content=\"863\" \/>\n\t<meta property=\"og:image:height\" content=\"912\" \/>\n\t<meta property=\"og:image:type\" content=\"image\/png\" \/>\n<meta name=\"twitter:card\" content=\"summary_large_image\" \/>\n<meta name=\"twitter:label1\" content=\"Dur\u00e9e de lecture estim\u00e9e\" \/>\n\t<meta name=\"twitter:data1\" content=\"1 minute\" \/>\n<script type=\"application\/ld+json\" class=\"yoast-schema-graph\">{\"@context\":\"https:\\\/\\\/schema.org\",\"@graph\":[{\"@type\":\"WebPage\",\"@id\":\"https:\\\/\\\/www.holy-supps.nl\\\/product\\\/arriba-nutrition-mr-anatoly-whey-isolate\\\/\",\"url\":\"https:\\\/\\\/www.holy-supps.nl\\\/product\\\/arriba-nutrition-mr-anatoly-whey-isolate\\\/\",\"name\":\"Arriba Nutrition - Mr Anatoly - Whey Isolate PRO - Holy-Supps.nl\",\"isPartOf\":{\"@id\":\"https:\\\/\\\/www.holy-supps.nl\\\/#website\"},\"primaryImageOfPage\":{\"@id\":\"https:\\\/\\\/www.holy-supps.nl\\\/product\\\/arriba-nutrition-mr-anatoly-whey-isolate\\\/#primaryimage\"},\"image\":{\"@id\":\"https:\\\/\\\/www.holy-supps.nl\\\/product\\\/arriba-nutrition-mr-anatoly-whey-isolate\\\/#primaryimage\"},\"thumbnailUrl\":\"https:\\\/\\\/www.holy-supps.nl\\\/wp-content\\\/uploads\\\/2024\\\/02\\\/Anatoly-isolate-vanilla-web.png\",\"datePublished\":\"2024-02-15T09:39:49+00:00\",\"dateModified\":\"2026-02-16T21:25:19+00:00\",\"description\":\"Arriba Nutrition Mr. Anatoly Whey Isolate: 27g hoogwaardige eiwitten per portie voor spierherstel en groei. Ideaal voor intensieve training en gewichtsverlies.\",\"breadcrumb\":{\"@id\":\"https:\\\/\\\/www.holy-supps.nl\\\/product\\\/arriba-nutrition-mr-anatoly-whey-isolate\\\/#breadcrumb\"},\"inLanguage\":\"fr-FR\",\"potentialAction\":[{\"@type\":\"ReadAction\",\"target\":[\"https:\\\/\\\/www.holy-supps.nl\\\/product\\\/arriba-nutrition-mr-anatoly-whey-isolate\\\/\"]}]},{\"@type\":\"ImageObject\",\"inLanguage\":\"fr-FR\",\"@id\":\"https:\\\/\\\/www.holy-supps.nl\\\/product\\\/arriba-nutrition-mr-anatoly-whey-isolate\\\/#primaryimage\",\"url\":\"https:\\\/\\\/www.holy-supps.nl\\\/wp-content\\\/uploads\\\/2024\\\/02\\\/Anatoly-isolate-vanilla-web.png\",\"contentUrl\":\"https:\\\/\\\/www.holy-supps.nl\\\/wp-content\\\/uploads\\\/2024\\\/02\\\/Anatoly-isolate-vanilla-web.png\",\"width\":863,\"height\":912},{\"@type\":\"BreadcrumbList\",\"@id\":\"https:\\\/\\\/www.holy-supps.nl\\\/product\\\/arriba-nutrition-mr-anatoly-whey-isolate\\\/#breadcrumb\",\"itemListElement\":[{\"@type\":\"ListItem\",\"position\":1,\"name\":\"Home\",\"item\":\"https:\\\/\\\/www.holy-supps.nl\\\/\"},{\"@type\":\"ListItem\",\"position\":2,\"name\":\"Winkel\",\"item\":\"https:\\\/\\\/www.holy-supps.nl\\\/winkel\\\/\"},{\"@type\":\"ListItem\",\"position\":3,\"name\":\"Arriba Nutrition &#8211; Mr Anatoly &#8211; Whey Isolate PRO\"}]},{\"@type\":\"WebSite\",\"@id\":\"https:\\\/\\\/www.holy-supps.nl\\\/#website\",\"url\":\"https:\\\/\\\/www.holy-supps.nl\\\/\",\"name\":\"Holy-Supps.nl\",\"description\":\"Official EHPLabs Reseller!\",\"publisher\":{\"@id\":\"https:\\\/\\\/www.holy-supps.nl\\\/#organization\"},\"potentialAction\":[{\"@type\":\"SearchAction\",\"target\":{\"@type\":\"EntryPoint\",\"urlTemplate\":\"https:\\\/\\\/www.holy-supps.nl\\\/?s={search_term_string}\"},\"query-input\":{\"@type\":\"PropertyValueSpecification\",\"valueRequired\":true,\"valueName\":\"search_term_string\"}}],\"inLanguage\":\"fr-FR\"},{\"@type\":\"Organization\",\"@id\":\"https:\\\/\\\/www.holy-supps.nl\\\/#organization\",\"name\":\"Holy Supps\",\"url\":\"https:\\\/\\\/www.holy-supps.nl\\\/\",\"logo\":{\"@type\":\"ImageObject\",\"inLanguage\":\"fr-FR\",\"@id\":\"https:\\\/\\\/www.holy-supps.nl\\\/#\\\/schema\\\/logo\\\/image\\\/\",\"url\":\"https:\\\/\\\/www.holy-supps.nl\\\/wp-content\\\/uploads\\\/2023\\\/06\\\/HOLY-SUPPS.png\",\"contentUrl\":\"https:\\\/\\\/www.holy-supps.nl\\\/wp-content\\\/uploads\\\/2023\\\/06\\\/HOLY-SUPPS.png\",\"width\":1000,\"height\":400,\"caption\":\"Holy Supps\"},\"image\":{\"@id\":\"https:\\\/\\\/www.holy-supps.nl\\\/#\\\/schema\\\/logo\\\/image\\\/\"},\"sameAs\":[\"https:\\\/\\\/www.facebook.com\\\/holy.supps\",\"https:\\\/\\\/www.instagram.com\\\/holy.supps.shop\\\/\"]}]}<\/script>\n<!-- \/ Yoast SEO plugin. -->","yoast_head_json":{"title":"Arriba Nutrition - Mr Anatoly - Whey Isolate PRO - Holy-Supps.fr","description":"Arriba Nutrition Mr. Anatoly Whey Isolate : 27g de prot\u00e9ines de haute qualit\u00e9 par portion pour la r\u00e9cup\u00e9ration et la croissance musculaire. Id\u00e9al pour les entra\u00eenements intenses et la perte de poids.","robots":{"index":"index","follow":"follow","max-snippet":"max-snippet:-1","max-image-preview":"max-image-preview:large","max-video-preview":"max-video-preview:-1"},"canonical":"https:\/\/www.holy-supps.nl\/fr\/produit\/arriba-nutrition-mr-anatoly-whey-isolate\/","og_locale":"fr_FR","og_type":"article","og_title":"Arriba Nutrition - Mr Anatoly - Whey Isolate PRO - Holy-Supps.nl","og_description":"Arriba Nutrition Mr. Anatoly Whey Isolate: 27g hoogwaardige eiwitten per portie voor spierherstel en groei. Ideaal voor intensieve training en gewichtsverlies.","og_url":"https:\/\/www.holy-supps.nl\/fr\/produit\/arriba-nutrition-mr-anatoly-whey-isolate\/","og_site_name":"Holy-Supps.nl","article_publisher":"https:\/\/www.facebook.com\/holy.supps","article_modified_time":"2026-02-16T21:25:19+00:00","og_image":[{"width":863,"height":912,"url":"https:\/\/www.holy-supps.nl\/wp-content\/uploads\/2024\/02\/Anatoly-isolate-vanilla-web.png","type":"image\/png"}],"twitter_card":"summary_large_image","twitter_misc":{"Dur\u00e9e de lecture estim\u00e9e":"1 minute"},"schema":{"@context":"https:\/\/schema.org","@graph":[{"@type":"WebPage","@id":"https:\/\/www.holy-supps.nl\/product\/arriba-nutrition-mr-anatoly-whey-isolate\/","url":"https:\/\/www.holy-supps.nl\/product\/arriba-nutrition-mr-anatoly-whey-isolate\/","name":"Arriba Nutrition - Mr Anatoly - Whey Isolate PRO - Holy-Supps.fr","isPartOf":{"@id":"https:\/\/www.holy-supps.nl\/#website"},"primaryImageOfPage":{"@id":"https:\/\/www.holy-supps.nl\/product\/arriba-nutrition-mr-anatoly-whey-isolate\/#primaryimage"},"image":{"@id":"https:\/\/www.holy-supps.nl\/product\/arriba-nutrition-mr-anatoly-whey-isolate\/#primaryimage"},"thumbnailUrl":"https:\/\/www.holy-supps.nl\/wp-content\/uploads\/2024\/02\/Anatoly-isolate-vanilla-web.png","datePublished":"2024-02-15T09:39:49+00:00","dateModified":"2026-02-16T21:25:19+00:00","description":"Arriba Nutrition Mr. Anatoly Whey Isolate : 27g de prot\u00e9ines de haute qualit\u00e9 par portion pour la r\u00e9cup\u00e9ration et la croissance musculaire. Id\u00e9al pour les entra\u00eenements intenses et la perte de poids.","breadcrumb":{"@id":"https:\/\/www.holy-supps.nl\/product\/arriba-nutrition-mr-anatoly-whey-isolate\/#breadcrumb"},"inLanguage":"fr-FR","potentialAction":[{"@type":"ReadAction","target":["https:\/\/www.holy-supps.nl\/product\/arriba-nutrition-mr-anatoly-whey-isolate\/"]}]},{"@type":"ImageObject","inLanguage":"fr-FR","@id":"https:\/\/www.holy-supps.nl\/product\/arriba-nutrition-mr-anatoly-whey-isolate\/#primaryimage","url":"https:\/\/www.holy-supps.nl\/wp-content\/uploads\/2024\/02\/Anatoly-isolate-vanilla-web.png","contentUrl":"https:\/\/www.holy-supps.nl\/wp-content\/uploads\/2024\/02\/Anatoly-isolate-vanilla-web.png","width":863,"height":912},{"@type":"BreadcrumbList","@id":"https:\/\/www.holy-supps.nl\/product\/arriba-nutrition-mr-anatoly-whey-isolate\/#breadcrumb","itemListElement":[{"@type":"ListItem","position":1,"name":"Home","item":"https:\/\/www.holy-supps.nl\/"},{"@type":"ListItem","position":2,"name":"Winkel","item":"https:\/\/www.holy-supps.nl\/winkel\/"},{"@type":"ListItem","position":3,"name":"Arriba Nutrition &#8211; Mr Anatoly &#8211; Whey Isolate PRO"}]},{"@type":"WebSite","@id":"https:\/\/www.holy-supps.nl\/#website","url":"https:\/\/www.holy-supps.nl\/","name":"Holy-Supps.co.uk","description":"Revendeur officiel EHPLabs !","publisher":{"@id":"https:\/\/www.holy-supps.nl\/#organization"},"potentialAction":[{"@type":"SearchAction","target":{"@type":"EntryPoint","urlTemplate":"https:\/\/www.holy-supps.nl\/?s={search_term_string}"},"query-input":{"@type":"PropertyValueSpecification","valueRequired":true,"valueName":"search_term_string"}}],"inLanguage":"fr-FR"},{"@type":"Organization","@id":"https:\/\/www.holy-supps.nl\/#organization","name":"Les Saints Souvenirs","url":"https:\/\/www.holy-supps.nl\/","logo":{"@type":"ImageObject","inLanguage":"fr-FR","@id":"https:\/\/www.holy-supps.nl\/#\/schema\/logo\/image\/","url":"https:\/\/www.holy-supps.nl\/wp-content\/uploads\/2023\/06\/HOLY-SUPPS.png","contentUrl":"https:\/\/www.holy-supps.nl\/wp-content\/uploads\/2023\/06\/HOLY-SUPPS.png","width":1000,"height":400,"caption":"Holy Supps"},"image":{"@id":"https:\/\/www.holy-supps.nl\/#\/schema\/logo\/image\/"},"sameAs":["https:\/\/www.facebook.com\/holy.supps","https:\/\/www.instagram.com\/holy.supps.shop\/"]}]}},"jetpack_sharing_enabled":true,"_links":{"self":[{"href":"https:\/\/www.holy-supps.nl\/fr\/wp-json\/wp\/v2\/product\/2013","targetHints":{"allow":["GET"]}}],"collection":[{"href":"https:\/\/www.holy-supps.nl\/fr\/wp-json\/wp\/v2\/product"}],"about":[{"href":"https:\/\/www.holy-supps.nl\/fr\/wp-json\/wp\/v2\/types\/product"}],"replies":[{"embeddable":true,"href":"https:\/\/www.holy-supps.nl\/fr\/wp-json\/wp\/v2\/comments?post=2013"}],"wp:featuredmedia":[{"embeddable":true,"href":"https:\/\/www.holy-supps.nl\/fr\/wp-json\/wp\/v2\/media\/2018"}],"wp:attachment":[{"href":"https:\/\/www.holy-supps.nl\/fr\/wp-json\/wp\/v2\/media?parent=2013"}],"wp:term":[{"taxonomy":"product_brand","embeddable":true,"href":"https:\/\/www.holy-supps.nl\/fr\/wp-json\/wp\/v2\/product_brand?post=2013"},{"taxonomy":"product_cat","embeddable":true,"href":"https:\/\/www.holy-supps.nl\/fr\/wp-json\/wp\/v2\/product_cat?post=2013"},{"taxonomy":"product_tag","embeddable":true,"href":"https:\/\/www.holy-supps.nl\/fr\/wp-json\/wp\/v2\/product_tag?post=2013"}],"curies":[{"name":"wp","href":"https:\/\/api.w.org\/{rel}","templated":true}]}}