{"id":2004,"date":"2024-02-14T16:54:53","date_gmt":"2024-02-14T15:54:53","guid":{"rendered":"https:\/\/www.holy-supps.nl\/?post_type=product&#038;p=2004"},"modified":"2025-08-26T14:14:02","modified_gmt":"2025-08-26T12:14:02","slug":"arriba-nutrition-mr-anatoly-pre-workout-pro","status":"publish","type":"product","link":"https:\/\/www.holy-supps.nl\/fr\/product\/arriba-nutrition-mr-anatoly-pre-workout-pro\/","title":{"rendered":"Arriba Nutrition - Mr Anatoly - Pre Workout PRO"},"content":{"rendered":"<p>Anatoly Pre Workout contient une puissante composition d'ingr\u00e9dients. D\u00e9velopp\u00e9e pour les athl\u00e8tes professionnels et r\u00e9cr\u00e9atifs, cette version Pro est souvent utilis\u00e9e dans le cadre de la pr\u00e9paration d'une s\u00e9ance d'entra\u00eenement. Prenez ce shake 15 \u00e0 30 minutes avant votre s\u00e9ance d'entra\u00eenement.<\/p>\n<h1>Contenu<\/h1>\n<p>300 GRAM<\/p>\n<h1>Ingr\u00e9dients<\/h1>\n<p>L-citrulline base, b\u00eata-alanine, l-arginine alpha k\u00e9toglutarate 2:1, acide malique, l-tyrosine, taurine, maltodextrine, tri-citrate de magn\u00e9sium, acide alimentaire : acide citrique, anti-agglom\u00e9rant : dioxyde de silicium, caf\u00e9ine anhydre, EnXtra\u00ae, ar\u00f4me naturel, acide ascorbique (vit. C), \u00e9dulcorant : sucralose, ar\u00f4me naturel d'agrumes, colorant : curcuma, colorant : rouge cochenille A.<\/p>\n<h1>Utilisation quotidienne recommand\u00e9e<\/h1>\n<p>M\u00e9langer 1 dose de 16g (1 mesure) de Pre-Workout avec 350ml d'eau et prendre 15-30 minutes avant l'entra\u00eenement.<\/p>\n<h1>Conseils de stockage<\/h1>\n<p>Conserver dans un endroit frais et sec, hors de port\u00e9e des jeunes enfants. Dur\u00e9e de conservation limit\u00e9e apr\u00e8s ouverture. \u00c0 consommer avant la fin et code de lot : voir le dessous de l'emballage.<\/p>","protected":false},"excerpt":{"rendered":"<ul>\n<li>M. Anatoly Seal Of Quality<\/li>\n<li>Contient 3000 mg de b\u00eata-alanine<\/li>\n<li>Contient de la vitamine C<\/li>\n<li>Faible teneur en sucre et en mati\u00e8res grasses<\/li>\n<\/ul>","protected":false},"featured_media":2006,"comment_status":"open","ping_status":"closed","template":"","meta":[],"product_brand":[],"product_cat":[222,80,87,68],"product_tag":[],"class_list":{"0":"post-2004","1":"product","2":"type-product","3":"status-publish","4":"has-post-thumbnail","6":"product_cat-arriba-nutrition","7":"product_cat-doel","8":"product_cat-energie-focus","9":"product_cat-pre-workout","11":"first","12":"outofstock","13":"taxable","14":"shipping-taxable","15":"purchasable","16":"product-type-variable"},"yoast_head":"<!-- This site is optimized with the Yoast SEO plugin v27.5 - https:\/\/yoast.com\/product\/yoast-seo-wordpress\/ -->\n<title>Arriba Nutrition - Mr Anatoly - Pre Workout PRO - Holy-Supps.nl<\/title>\n<meta name=\"description\" content=\"Arriba Nutrition Mr. Anatoly Pre Workout PRO: Krachtige mix voor explosieve trainingen. 16g per portie, met cafe\u00efne en L-citrulline. Verhoog je prestaties!\" \/>\n<meta name=\"robots\" content=\"index, follow, max-snippet:-1, max-image-preview:large, max-video-preview:-1\" \/>\n<link rel=\"canonical\" href=\"https:\/\/www.holy-supps.nl\/fr\/produit\/arriba-nutrition-mr-anatoly-pre-workout-pro\/\" \/>\n<meta property=\"og:locale\" content=\"fr_FR\" \/>\n<meta property=\"og:type\" content=\"article\" \/>\n<meta property=\"og:title\" content=\"Arriba Nutrition - Mr Anatoly - Pre Workout PRO - Holy-Supps.nl\" \/>\n<meta property=\"og:description\" content=\"Arriba Nutrition Mr. Anatoly Pre Workout PRO: Krachtige mix voor explosieve trainingen. 16g per portie, met cafe\u00efne en L-citrulline. Verhoog je prestaties!\" \/>\n<meta property=\"og:url\" content=\"https:\/\/www.holy-supps.nl\/fr\/produit\/arriba-nutrition-mr-anatoly-pre-workout-pro\/\" \/>\n<meta property=\"og:site_name\" content=\"Holy-Supps.nl\" \/>\n<meta property=\"article:publisher\" content=\"https:\/\/www.facebook.com\/holy.supps\" \/>\n<meta property=\"article:modified_time\" content=\"2025-08-26T12:14:02+00:00\" \/>\n<meta property=\"og:image\" content=\"https:\/\/www.holy-supps.nl\/wp-content\/uploads\/2024\/02\/Anatoly-Pre-Workout-fruit-web.png\" \/>\n\t<meta property=\"og:image:width\" content=\"826\" \/>\n\t<meta property=\"og:image:height\" content=\"874\" \/>\n\t<meta property=\"og:image:type\" content=\"image\/png\" \/>\n<meta name=\"twitter:card\" content=\"summary_large_image\" \/>\n<meta name=\"twitter:label1\" content=\"Dur\u00e9e de lecture estim\u00e9e\" \/>\n\t<meta name=\"twitter:data1\" content=\"1 minute\" \/>\n<script type=\"application\/ld+json\" class=\"yoast-schema-graph\">{\"@context\":\"https:\\\/\\\/schema.org\",\"@graph\":[{\"@type\":\"WebPage\",\"@id\":\"https:\\\/\\\/www.holy-supps.nl\\\/product\\\/arriba-nutrition-mr-anatoly-pre-workout-pro\\\/\",\"url\":\"https:\\\/\\\/www.holy-supps.nl\\\/product\\\/arriba-nutrition-mr-anatoly-pre-workout-pro\\\/\",\"name\":\"Arriba Nutrition - Mr Anatoly - Pre Workout PRO - Holy-Supps.nl\",\"isPartOf\":{\"@id\":\"https:\\\/\\\/www.holy-supps.nl\\\/#website\"},\"primaryImageOfPage\":{\"@id\":\"https:\\\/\\\/www.holy-supps.nl\\\/product\\\/arriba-nutrition-mr-anatoly-pre-workout-pro\\\/#primaryimage\"},\"image\":{\"@id\":\"https:\\\/\\\/www.holy-supps.nl\\\/product\\\/arriba-nutrition-mr-anatoly-pre-workout-pro\\\/#primaryimage\"},\"thumbnailUrl\":\"https:\\\/\\\/www.holy-supps.nl\\\/wp-content\\\/uploads\\\/2024\\\/02\\\/Anatoly-Pre-Workout-fruit-web.png\",\"datePublished\":\"2024-02-14T15:54:53+00:00\",\"dateModified\":\"2025-08-26T12:14:02+00:00\",\"description\":\"Arriba Nutrition Mr. Anatoly Pre Workout PRO: Krachtige mix voor explosieve trainingen. 16g per portie, met cafe\u00efne en L-citrulline. Verhoog je prestaties!\",\"breadcrumb\":{\"@id\":\"https:\\\/\\\/www.holy-supps.nl\\\/product\\\/arriba-nutrition-mr-anatoly-pre-workout-pro\\\/#breadcrumb\"},\"inLanguage\":\"fr-FR\",\"potentialAction\":[{\"@type\":\"ReadAction\",\"target\":[\"https:\\\/\\\/www.holy-supps.nl\\\/product\\\/arriba-nutrition-mr-anatoly-pre-workout-pro\\\/\"]}]},{\"@type\":\"ImageObject\",\"inLanguage\":\"fr-FR\",\"@id\":\"https:\\\/\\\/www.holy-supps.nl\\\/product\\\/arriba-nutrition-mr-anatoly-pre-workout-pro\\\/#primaryimage\",\"url\":\"https:\\\/\\\/www.holy-supps.nl\\\/wp-content\\\/uploads\\\/2024\\\/02\\\/Anatoly-Pre-Workout-fruit-web.png\",\"contentUrl\":\"https:\\\/\\\/www.holy-supps.nl\\\/wp-content\\\/uploads\\\/2024\\\/02\\\/Anatoly-Pre-Workout-fruit-web.png\",\"width\":826,\"height\":874},{\"@type\":\"BreadcrumbList\",\"@id\":\"https:\\\/\\\/www.holy-supps.nl\\\/product\\\/arriba-nutrition-mr-anatoly-pre-workout-pro\\\/#breadcrumb\",\"itemListElement\":[{\"@type\":\"ListItem\",\"position\":1,\"name\":\"Home\",\"item\":\"https:\\\/\\\/www.holy-supps.nl\\\/\"},{\"@type\":\"ListItem\",\"position\":2,\"name\":\"Winkel\",\"item\":\"https:\\\/\\\/www.holy-supps.nl\\\/winkel\\\/\"},{\"@type\":\"ListItem\",\"position\":3,\"name\":\"Arriba Nutrition &#8211; Mr Anatoly &#8211; Pre Workout PRO\"}]},{\"@type\":\"WebSite\",\"@id\":\"https:\\\/\\\/www.holy-supps.nl\\\/#website\",\"url\":\"https:\\\/\\\/www.holy-supps.nl\\\/\",\"name\":\"Holy-Supps.nl\",\"description\":\"Official EHPLabs Reseller!\",\"publisher\":{\"@id\":\"https:\\\/\\\/www.holy-supps.nl\\\/#organization\"},\"potentialAction\":[{\"@type\":\"SearchAction\",\"target\":{\"@type\":\"EntryPoint\",\"urlTemplate\":\"https:\\\/\\\/www.holy-supps.nl\\\/?s={search_term_string}\"},\"query-input\":{\"@type\":\"PropertyValueSpecification\",\"valueRequired\":true,\"valueName\":\"search_term_string\"}}],\"inLanguage\":\"fr-FR\"},{\"@type\":\"Organization\",\"@id\":\"https:\\\/\\\/www.holy-supps.nl\\\/#organization\",\"name\":\"Holy Supps\",\"url\":\"https:\\\/\\\/www.holy-supps.nl\\\/\",\"logo\":{\"@type\":\"ImageObject\",\"inLanguage\":\"fr-FR\",\"@id\":\"https:\\\/\\\/www.holy-supps.nl\\\/#\\\/schema\\\/logo\\\/image\\\/\",\"url\":\"https:\\\/\\\/www.holy-supps.nl\\\/wp-content\\\/uploads\\\/2023\\\/06\\\/HOLY-SUPPS.png\",\"contentUrl\":\"https:\\\/\\\/www.holy-supps.nl\\\/wp-content\\\/uploads\\\/2023\\\/06\\\/HOLY-SUPPS.png\",\"width\":1000,\"height\":400,\"caption\":\"Holy Supps\"},\"image\":{\"@id\":\"https:\\\/\\\/www.holy-supps.nl\\\/#\\\/schema\\\/logo\\\/image\\\/\"},\"sameAs\":[\"https:\\\/\\\/www.facebook.com\\\/holy.supps\",\"https:\\\/\\\/www.instagram.com\\\/holy.supps.shop\\\/\"]}]}<\/script>\n<!-- \/ Yoast SEO plugin. -->","yoast_head_json":{"title":"Arriba Nutrition - Mr Anatoly - Pre Workout PRO - Holy-Supps.fr","description":"Arriba Nutrition Mr. Anatoly Pre Workout PRO : M\u00e9lange puissant pour des entra\u00eenements explosifs. 16g par portion, avec caf\u00e9ine et L-citrulline. Boostez vos performances !","robots":{"index":"index","follow":"follow","max-snippet":"max-snippet:-1","max-image-preview":"max-image-preview:large","max-video-preview":"max-video-preview:-1"},"canonical":"https:\/\/www.holy-supps.nl\/fr\/produit\/arriba-nutrition-mr-anatoly-pre-workout-pro\/","og_locale":"fr_FR","og_type":"article","og_title":"Arriba Nutrition - Mr Anatoly - Pre Workout PRO - Holy-Supps.nl","og_description":"Arriba Nutrition Mr. Anatoly Pre Workout PRO: Krachtige mix voor explosieve trainingen. 16g per portie, met cafe\u00efne en L-citrulline. Verhoog je prestaties!","og_url":"https:\/\/www.holy-supps.nl\/fr\/produit\/arriba-nutrition-mr-anatoly-pre-workout-pro\/","og_site_name":"Holy-Supps.nl","article_publisher":"https:\/\/www.facebook.com\/holy.supps","article_modified_time":"2025-08-26T12:14:02+00:00","og_image":[{"width":826,"height":874,"url":"https:\/\/www.holy-supps.nl\/wp-content\/uploads\/2024\/02\/Anatoly-Pre-Workout-fruit-web.png","type":"image\/png"}],"twitter_card":"summary_large_image","twitter_misc":{"Dur\u00e9e de lecture estim\u00e9e":"1 minute"},"schema":{"@context":"https:\/\/schema.org","@graph":[{"@type":"WebPage","@id":"https:\/\/www.holy-supps.nl\/product\/arriba-nutrition-mr-anatoly-pre-workout-pro\/","url":"https:\/\/www.holy-supps.nl\/product\/arriba-nutrition-mr-anatoly-pre-workout-pro\/","name":"Arriba Nutrition - Mr Anatoly - Pre Workout PRO - Holy-Supps.fr","isPartOf":{"@id":"https:\/\/www.holy-supps.nl\/#website"},"primaryImageOfPage":{"@id":"https:\/\/www.holy-supps.nl\/product\/arriba-nutrition-mr-anatoly-pre-workout-pro\/#primaryimage"},"image":{"@id":"https:\/\/www.holy-supps.nl\/product\/arriba-nutrition-mr-anatoly-pre-workout-pro\/#primaryimage"},"thumbnailUrl":"https:\/\/www.holy-supps.nl\/wp-content\/uploads\/2024\/02\/Anatoly-Pre-Workout-fruit-web.png","datePublished":"2024-02-14T15:54:53+00:00","dateModified":"2025-08-26T12:14:02+00:00","description":"Arriba Nutrition Mr. Anatoly Pre Workout PRO : M\u00e9lange puissant pour des entra\u00eenements explosifs. 16g par portion, avec caf\u00e9ine et L-citrulline. Boostez vos performances !","breadcrumb":{"@id":"https:\/\/www.holy-supps.nl\/product\/arriba-nutrition-mr-anatoly-pre-workout-pro\/#breadcrumb"},"inLanguage":"fr-FR","potentialAction":[{"@type":"ReadAction","target":["https:\/\/www.holy-supps.nl\/product\/arriba-nutrition-mr-anatoly-pre-workout-pro\/"]}]},{"@type":"ImageObject","inLanguage":"fr-FR","@id":"https:\/\/www.holy-supps.nl\/product\/arriba-nutrition-mr-anatoly-pre-workout-pro\/#primaryimage","url":"https:\/\/www.holy-supps.nl\/wp-content\/uploads\/2024\/02\/Anatoly-Pre-Workout-fruit-web.png","contentUrl":"https:\/\/www.holy-supps.nl\/wp-content\/uploads\/2024\/02\/Anatoly-Pre-Workout-fruit-web.png","width":826,"height":874},{"@type":"BreadcrumbList","@id":"https:\/\/www.holy-supps.nl\/product\/arriba-nutrition-mr-anatoly-pre-workout-pro\/#breadcrumb","itemListElement":[{"@type":"ListItem","position":1,"name":"Home","item":"https:\/\/www.holy-supps.nl\/"},{"@type":"ListItem","position":2,"name":"Winkel","item":"https:\/\/www.holy-supps.nl\/winkel\/"},{"@type":"ListItem","position":3,"name":"Arriba Nutrition &#8211; Mr Anatoly &#8211; Pre Workout PRO"}]},{"@type":"WebSite","@id":"https:\/\/www.holy-supps.nl\/#website","url":"https:\/\/www.holy-supps.nl\/","name":"Holy-Supps.co.uk","description":"Revendeur officiel EHPLabs !","publisher":{"@id":"https:\/\/www.holy-supps.nl\/#organization"},"potentialAction":[{"@type":"SearchAction","target":{"@type":"EntryPoint","urlTemplate":"https:\/\/www.holy-supps.nl\/?s={search_term_string}"},"query-input":{"@type":"PropertyValueSpecification","valueRequired":true,"valueName":"search_term_string"}}],"inLanguage":"fr-FR"},{"@type":"Organization","@id":"https:\/\/www.holy-supps.nl\/#organization","name":"Les Saints Souvenirs","url":"https:\/\/www.holy-supps.nl\/","logo":{"@type":"ImageObject","inLanguage":"fr-FR","@id":"https:\/\/www.holy-supps.nl\/#\/schema\/logo\/image\/","url":"https:\/\/www.holy-supps.nl\/wp-content\/uploads\/2023\/06\/HOLY-SUPPS.png","contentUrl":"https:\/\/www.holy-supps.nl\/wp-content\/uploads\/2023\/06\/HOLY-SUPPS.png","width":1000,"height":400,"caption":"Holy Supps"},"image":{"@id":"https:\/\/www.holy-supps.nl\/#\/schema\/logo\/image\/"},"sameAs":["https:\/\/www.facebook.com\/holy.supps","https:\/\/www.instagram.com\/holy.supps.shop\/"]}]}},"jetpack_sharing_enabled":true,"_links":{"self":[{"href":"https:\/\/www.holy-supps.nl\/fr\/wp-json\/wp\/v2\/product\/2004","targetHints":{"allow":["GET"]}}],"collection":[{"href":"https:\/\/www.holy-supps.nl\/fr\/wp-json\/wp\/v2\/product"}],"about":[{"href":"https:\/\/www.holy-supps.nl\/fr\/wp-json\/wp\/v2\/types\/product"}],"replies":[{"embeddable":true,"href":"https:\/\/www.holy-supps.nl\/fr\/wp-json\/wp\/v2\/comments?post=2004"}],"wp:featuredmedia":[{"embeddable":true,"href":"https:\/\/www.holy-supps.nl\/fr\/wp-json\/wp\/v2\/media\/2006"}],"wp:attachment":[{"href":"https:\/\/www.holy-supps.nl\/fr\/wp-json\/wp\/v2\/media?parent=2004"}],"wp:term":[{"taxonomy":"product_brand","embeddable":true,"href":"https:\/\/www.holy-supps.nl\/fr\/wp-json\/wp\/v2\/product_brand?post=2004"},{"taxonomy":"product_cat","embeddable":true,"href":"https:\/\/www.holy-supps.nl\/fr\/wp-json\/wp\/v2\/product_cat?post=2004"},{"taxonomy":"product_tag","embeddable":true,"href":"https:\/\/www.holy-supps.nl\/fr\/wp-json\/wp\/v2\/product_tag?post=2004"}],"curies":[{"name":"wp","href":"https:\/\/api.w.org\/{rel}","templated":true}]}}