{"id":1935,"date":"2024-01-28T16:56:15","date_gmt":"2024-01-28T15:56:15","guid":{"rendered":"https:\/\/www.holy-supps.nl\/?post_type=product&#038;p=1935"},"modified":"2025-08-26T14:14:01","modified_gmt":"2025-08-26T12:14:01","slug":"fit-lean-collagen-probiotics","status":"publish","type":"product","link":"https:\/\/www.holy-supps.nl\/fr\/product\/fit-lean-collagen-probiotics\/","title":{"rendered":"Collag\u00e8ne Fit &amp; Lean + Probiotiques"},"content":{"rendered":"<p>M\u00c9LANGE CORPS ET BEAUT\u00c9<\/p>\n<p>D\u00e9couvrez Fit &amp; Lean Collagen + Probiotics. Le collag\u00e8ne est la prot\u00e9ine la plus abondante dans le corps et est un composant important des cheveux, de la peau, des ongles, des muscles, des os et des articulations. Fit &amp; Lean Collagen + Probiotics contient 11 grammes de peptides de collag\u00e8ne de qualit\u00e9 provenant d'animaux nourris \u00e0 l'herbe.<\/p>\n<p>En outre, ce m\u00e9lange est enrichi de biotine et de 5 milliards d'UFC de probiotiques provenant de 5 esp\u00e8ces diff\u00e9rentes, dont les bact\u00e9ries Lactobacillus et Bifido. Cette combinaison en fait une formule polyvalente qui s'inscrit dans un mode de vie conscient.<\/p>\n<p>Avec Fit &amp; Lean Collagen + Probiotics, vous choisissez une poudre inodore, insipide et facile \u00e0 m\u00e9langer, qui peut \u00eatre facilement ajout\u00e9e \u00e0 votre routine quotidienne.<\/p>\n<p>- Inodore - Sans go\u00fbt - Facile \u00e0 m\u00e9langer<br \/>\n- Contient des peptides de collag\u00e8ne de haute qualit\u00e9<br \/>\n- Avec biotine et probiotiques<br \/>\n- Facile \u00e0 utiliser dans les shakes ou autres boissons<\/p>\n<h3>Ingr\u00e9dients et dosage<\/h3>\n<p>Voir l'\u00e9tiquette<\/p>","protected":false},"excerpt":{"rendered":"<h1>M\u00c9LANGE CORPS ET BEAUT\u00c9<\/h1>\n<ul>\n<li>Inodore - Sans go\u00fbt - Facile \u00e0 m\u00e9langer<\/li>\n<li>Nourrit la peau, les ongles et les cheveux<\/li>\n<li>Renforce les os, les articulations et les muscles<\/li>\n<li>Favorise la digestion et la sant\u00e9 du syst\u00e8me immunitaire<\/li>\n<li>Aide \u00e0 r\u00e9duire la faim<\/li>\n<\/ul>","protected":false},"featured_media":1936,"comment_status":"open","ping_status":"closed","template":"","meta":[],"product_brand":[],"product_cat":[80,67,231,75,81,70,92],"product_tag":[],"class_list":{"0":"post-1935","1":"product","2":"type-product","3":"status-publish","4":"has-post-thumbnail","6":"product_cat-doel","7":"product_cat-eiwitten-proteine","8":"product_cat-fit-lean","9":"product_cat-producten","10":"product_cat-spieropbouw","11":"product_cat-raws","12":"product_cat-vitamine-mineralen","14":"first","15":"outofstock","16":"taxable","17":"shipping-taxable","18":"purchasable","19":"product-type-simple"},"yoast_head":"<!-- This site is optimized with the Yoast SEO plugin v27.4 - https:\/\/yoast.com\/product\/yoast-seo-wordpress\/ -->\n<title>Fit &amp; Lean Collagen + Probiotics - Holy-Supps.nl<\/title>\n<meta name=\"description\" content=\"Verbeter huid, haar, nagels en spijsvertering met Fit &amp; Lean Collagen + Probiotics. 11g collageen, 1000% biotine, 5 miljard CFU&#039;s probiotica. Smaakloos en makkelijk te mengen.\" \/>\n<meta name=\"robots\" content=\"index, follow, max-snippet:-1, max-image-preview:large, max-video-preview:-1\" \/>\n<link rel=\"canonical\" href=\"https:\/\/www.holy-supps.nl\/fr\/produit\/fit-lean-collagen-probiotics\/\" \/>\n<meta property=\"og:locale\" content=\"fr_FR\" \/>\n<meta property=\"og:type\" content=\"article\" \/>\n<meta property=\"og:title\" content=\"Fit &amp; Lean Collagen + Probiotics - Holy-Supps.nl\" \/>\n<meta property=\"og:description\" content=\"Verbeter huid, haar, nagels en spijsvertering met Fit &amp; Lean Collagen + Probiotics. 11g collageen, 1000% biotine, 5 miljard CFU&#039;s probiotica. Smaakloos en makkelijk te mengen.\" \/>\n<meta property=\"og:url\" content=\"https:\/\/www.holy-supps.nl\/fr\/produit\/fit-lean-collagen-probiotics\/\" \/>\n<meta property=\"og:site_name\" content=\"Holy-Supps.nl\" \/>\n<meta property=\"article:publisher\" content=\"https:\/\/www.facebook.com\/holy.supps\" \/>\n<meta property=\"article:modified_time\" content=\"2025-08-26T12:14:01+00:00\" \/>\n<meta property=\"og:image\" content=\"https:\/\/www.holy-supps.nl\/wp-content\/uploads\/2024\/01\/FL_collagen_probiotics_productimage-1.webp\" \/>\n\t<meta property=\"og:image:width\" content=\"1080\" \/>\n\t<meta property=\"og:image:height\" content=\"1080\" \/>\n\t<meta property=\"og:image:type\" content=\"image\/webp\" \/>\n<meta name=\"twitter:card\" content=\"summary_large_image\" \/>\n<meta name=\"twitter:label1\" content=\"Dur\u00e9e de lecture estim\u00e9e\" \/>\n\t<meta name=\"twitter:data1\" content=\"2 minutes\" \/>\n<script type=\"application\/ld+json\" class=\"yoast-schema-graph\">{\"@context\":\"https:\\\/\\\/schema.org\",\"@graph\":[{\"@type\":\"WebPage\",\"@id\":\"https:\\\/\\\/www.holy-supps.nl\\\/product\\\/fit-lean-collagen-probiotics\\\/\",\"url\":\"https:\\\/\\\/www.holy-supps.nl\\\/product\\\/fit-lean-collagen-probiotics\\\/\",\"name\":\"Fit & Lean Collagen + Probiotics - Holy-Supps.nl\",\"isPartOf\":{\"@id\":\"https:\\\/\\\/www.holy-supps.nl\\\/#website\"},\"primaryImageOfPage\":{\"@id\":\"https:\\\/\\\/www.holy-supps.nl\\\/product\\\/fit-lean-collagen-probiotics\\\/#primaryimage\"},\"image\":{\"@id\":\"https:\\\/\\\/www.holy-supps.nl\\\/product\\\/fit-lean-collagen-probiotics\\\/#primaryimage\"},\"thumbnailUrl\":\"https:\\\/\\\/www.holy-supps.nl\\\/wp-content\\\/uploads\\\/2024\\\/01\\\/FL_collagen_probiotics_productimage-1.webp\",\"datePublished\":\"2024-01-28T15:56:15+00:00\",\"dateModified\":\"2025-08-26T12:14:01+00:00\",\"description\":\"Verbeter huid, haar, nagels en spijsvertering met Fit & Lean Collagen + Probiotics. 11g collageen, 1000% biotine, 5 miljard CFU's probiotica. Smaakloos en makkelijk te mengen.\",\"breadcrumb\":{\"@id\":\"https:\\\/\\\/www.holy-supps.nl\\\/product\\\/fit-lean-collagen-probiotics\\\/#breadcrumb\"},\"inLanguage\":\"fr-FR\",\"potentialAction\":[{\"@type\":\"ReadAction\",\"target\":[\"https:\\\/\\\/www.holy-supps.nl\\\/product\\\/fit-lean-collagen-probiotics\\\/\"]}]},{\"@type\":\"ImageObject\",\"inLanguage\":\"fr-FR\",\"@id\":\"https:\\\/\\\/www.holy-supps.nl\\\/product\\\/fit-lean-collagen-probiotics\\\/#primaryimage\",\"url\":\"https:\\\/\\\/www.holy-supps.nl\\\/wp-content\\\/uploads\\\/2024\\\/01\\\/FL_collagen_probiotics_productimage-1.webp\",\"contentUrl\":\"https:\\\/\\\/www.holy-supps.nl\\\/wp-content\\\/uploads\\\/2024\\\/01\\\/FL_collagen_probiotics_productimage-1.webp\",\"width\":1080,\"height\":1080},{\"@type\":\"BreadcrumbList\",\"@id\":\"https:\\\/\\\/www.holy-supps.nl\\\/product\\\/fit-lean-collagen-probiotics\\\/#breadcrumb\",\"itemListElement\":[{\"@type\":\"ListItem\",\"position\":1,\"name\":\"Home\",\"item\":\"https:\\\/\\\/www.holy-supps.nl\\\/\"},{\"@type\":\"ListItem\",\"position\":2,\"name\":\"Winkel\",\"item\":\"https:\\\/\\\/www.holy-supps.nl\\\/winkel\\\/\"},{\"@type\":\"ListItem\",\"position\":3,\"name\":\"Fit &#038; Lean Collagen + Probiotics\"}]},{\"@type\":\"WebSite\",\"@id\":\"https:\\\/\\\/www.holy-supps.nl\\\/#website\",\"url\":\"https:\\\/\\\/www.holy-supps.nl\\\/\",\"name\":\"Holy-Supps.nl\",\"description\":\"Official EHPLabs Reseller!\",\"publisher\":{\"@id\":\"https:\\\/\\\/www.holy-supps.nl\\\/#organization\"},\"potentialAction\":[{\"@type\":\"SearchAction\",\"target\":{\"@type\":\"EntryPoint\",\"urlTemplate\":\"https:\\\/\\\/www.holy-supps.nl\\\/?s={search_term_string}\"},\"query-input\":{\"@type\":\"PropertyValueSpecification\",\"valueRequired\":true,\"valueName\":\"search_term_string\"}}],\"inLanguage\":\"fr-FR\"},{\"@type\":\"Organization\",\"@id\":\"https:\\\/\\\/www.holy-supps.nl\\\/#organization\",\"name\":\"Holy Supps\",\"url\":\"https:\\\/\\\/www.holy-supps.nl\\\/\",\"logo\":{\"@type\":\"ImageObject\",\"inLanguage\":\"fr-FR\",\"@id\":\"https:\\\/\\\/www.holy-supps.nl\\\/#\\\/schema\\\/logo\\\/image\\\/\",\"url\":\"https:\\\/\\\/www.holy-supps.nl\\\/wp-content\\\/uploads\\\/2023\\\/06\\\/HOLY-SUPPS.png\",\"contentUrl\":\"https:\\\/\\\/www.holy-supps.nl\\\/wp-content\\\/uploads\\\/2023\\\/06\\\/HOLY-SUPPS.png\",\"width\":1000,\"height\":400,\"caption\":\"Holy Supps\"},\"image\":{\"@id\":\"https:\\\/\\\/www.holy-supps.nl\\\/#\\\/schema\\\/logo\\\/image\\\/\"},\"sameAs\":[\"https:\\\/\\\/www.facebook.com\\\/holy.supps\",\"https:\\\/\\\/www.instagram.com\\\/holy.supps.shop\\\/\"]}]}<\/script>\n<!-- \/ Yoast SEO plugin. -->","yoast_head_json":{"title":"Collag\u00e8ne Fit &amp; Lean + Probiotiques - Holy-Supps.fr","description":"Am\u00e9liorez votre peau, vos cheveux, vos ongles et votre digestion avec Fit &amp; Lean Collagen + Probiotics. 11 g de collag\u00e8ne, 1000% de biotine, 5 milliards d'UFC de probiotiques. Sans go\u00fbt et facile \u00e0 m\u00e9langer.","robots":{"index":"index","follow":"follow","max-snippet":"max-snippet:-1","max-image-preview":"max-image-preview:large","max-video-preview":"max-video-preview:-1"},"canonical":"https:\/\/www.holy-supps.nl\/fr\/produit\/fit-lean-collagen-probiotics\/","og_locale":"fr_FR","og_type":"article","og_title":"Fit & Lean Collagen + Probiotics - Holy-Supps.nl","og_description":"Verbeter huid, haar, nagels en spijsvertering met Fit & Lean Collagen + Probiotics. 11g collageen, 1000% biotine, 5 miljard CFU's probiotica. Smaakloos en makkelijk te mengen.","og_url":"https:\/\/www.holy-supps.nl\/fr\/produit\/fit-lean-collagen-probiotics\/","og_site_name":"Holy-Supps.nl","article_publisher":"https:\/\/www.facebook.com\/holy.supps","article_modified_time":"2025-08-26T12:14:01+00:00","og_image":[{"width":1080,"height":1080,"url":"https:\/\/www.holy-supps.nl\/wp-content\/uploads\/2024\/01\/FL_collagen_probiotics_productimage-1.webp","type":"image\/webp"}],"twitter_card":"summary_large_image","twitter_misc":{"Dur\u00e9e de lecture estim\u00e9e":"2 minutes"},"schema":{"@context":"https:\/\/schema.org","@graph":[{"@type":"WebPage","@id":"https:\/\/www.holy-supps.nl\/product\/fit-lean-collagen-probiotics\/","url":"https:\/\/www.holy-supps.nl\/product\/fit-lean-collagen-probiotics\/","name":"Collag\u00e8ne Fit &amp; Lean + Probiotiques - Holy-Supps.fr","isPartOf":{"@id":"https:\/\/www.holy-supps.nl\/#website"},"primaryImageOfPage":{"@id":"https:\/\/www.holy-supps.nl\/product\/fit-lean-collagen-probiotics\/#primaryimage"},"image":{"@id":"https:\/\/www.holy-supps.nl\/product\/fit-lean-collagen-probiotics\/#primaryimage"},"thumbnailUrl":"https:\/\/www.holy-supps.nl\/wp-content\/uploads\/2024\/01\/FL_collagen_probiotics_productimage-1.webp","datePublished":"2024-01-28T15:56:15+00:00","dateModified":"2025-08-26T12:14:01+00:00","description":"Am\u00e9liorez votre peau, vos cheveux, vos ongles et votre digestion avec Fit &amp; Lean Collagen + Probiotics. 11 g de collag\u00e8ne, 1000% de biotine, 5 milliards d'UFC de probiotiques. Sans go\u00fbt et facile \u00e0 m\u00e9langer.","breadcrumb":{"@id":"https:\/\/www.holy-supps.nl\/product\/fit-lean-collagen-probiotics\/#breadcrumb"},"inLanguage":"fr-FR","potentialAction":[{"@type":"ReadAction","target":["https:\/\/www.holy-supps.nl\/product\/fit-lean-collagen-probiotics\/"]}]},{"@type":"ImageObject","inLanguage":"fr-FR","@id":"https:\/\/www.holy-supps.nl\/product\/fit-lean-collagen-probiotics\/#primaryimage","url":"https:\/\/www.holy-supps.nl\/wp-content\/uploads\/2024\/01\/FL_collagen_probiotics_productimage-1.webp","contentUrl":"https:\/\/www.holy-supps.nl\/wp-content\/uploads\/2024\/01\/FL_collagen_probiotics_productimage-1.webp","width":1080,"height":1080},{"@type":"BreadcrumbList","@id":"https:\/\/www.holy-supps.nl\/product\/fit-lean-collagen-probiotics\/#breadcrumb","itemListElement":[{"@type":"ListItem","position":1,"name":"Home","item":"https:\/\/www.holy-supps.nl\/"},{"@type":"ListItem","position":2,"name":"Winkel","item":"https:\/\/www.holy-supps.nl\/winkel\/"},{"@type":"ListItem","position":3,"name":"Fit &#038; Lean Collagen + Probiotics"}]},{"@type":"WebSite","@id":"https:\/\/www.holy-supps.nl\/#website","url":"https:\/\/www.holy-supps.nl\/","name":"Holy-Supps.co.uk","description":"Revendeur officiel EHPLabs !","publisher":{"@id":"https:\/\/www.holy-supps.nl\/#organization"},"potentialAction":[{"@type":"SearchAction","target":{"@type":"EntryPoint","urlTemplate":"https:\/\/www.holy-supps.nl\/?s={search_term_string}"},"query-input":{"@type":"PropertyValueSpecification","valueRequired":true,"valueName":"search_term_string"}}],"inLanguage":"fr-FR"},{"@type":"Organization","@id":"https:\/\/www.holy-supps.nl\/#organization","name":"Les Saints Souvenirs","url":"https:\/\/www.holy-supps.nl\/","logo":{"@type":"ImageObject","inLanguage":"fr-FR","@id":"https:\/\/www.holy-supps.nl\/#\/schema\/logo\/image\/","url":"https:\/\/www.holy-supps.nl\/wp-content\/uploads\/2023\/06\/HOLY-SUPPS.png","contentUrl":"https:\/\/www.holy-supps.nl\/wp-content\/uploads\/2023\/06\/HOLY-SUPPS.png","width":1000,"height":400,"caption":"Holy Supps"},"image":{"@id":"https:\/\/www.holy-supps.nl\/#\/schema\/logo\/image\/"},"sameAs":["https:\/\/www.facebook.com\/holy.supps","https:\/\/www.instagram.com\/holy.supps.shop\/"]}]}},"jetpack_sharing_enabled":true,"_links":{"self":[{"href":"https:\/\/www.holy-supps.nl\/fr\/wp-json\/wp\/v2\/product\/1935","targetHints":{"allow":["GET"]}}],"collection":[{"href":"https:\/\/www.holy-supps.nl\/fr\/wp-json\/wp\/v2\/product"}],"about":[{"href":"https:\/\/www.holy-supps.nl\/fr\/wp-json\/wp\/v2\/types\/product"}],"replies":[{"embeddable":true,"href":"https:\/\/www.holy-supps.nl\/fr\/wp-json\/wp\/v2\/comments?post=1935"}],"wp:featuredmedia":[{"embeddable":true,"href":"https:\/\/www.holy-supps.nl\/fr\/wp-json\/wp\/v2\/media\/1936"}],"wp:attachment":[{"href":"https:\/\/www.holy-supps.nl\/fr\/wp-json\/wp\/v2\/media?parent=1935"}],"wp:term":[{"taxonomy":"product_brand","embeddable":true,"href":"https:\/\/www.holy-supps.nl\/fr\/wp-json\/wp\/v2\/product_brand?post=1935"},{"taxonomy":"product_cat","embeddable":true,"href":"https:\/\/www.holy-supps.nl\/fr\/wp-json\/wp\/v2\/product_cat?post=1935"},{"taxonomy":"product_tag","embeddable":true,"href":"https:\/\/www.holy-supps.nl\/fr\/wp-json\/wp\/v2\/product_tag?post=1935"}],"curies":[{"name":"wp","href":"https:\/\/api.w.org\/{rel}","templated":true}]}}