{"id":190,"date":"2023-03-05T11:19:38","date_gmt":"2023-03-05T10:19:38","guid":{"rendered":"https:\/\/www.holy-supps.nl\/?post_type=product&#038;p=190"},"modified":"2026-03-24T12:26:26","modified_gmt":"2026-03-24T11:26:26","slug":"isopept-hydrolyzed-whey-protein-ehplabs","status":"publish","type":"product","link":"https:\/\/www.holy-supps.nl\/fr\/product\/isopept-hydrolyzed-whey-protein-ehplabs\/","title":{"rendered":"Prot\u00e9ine de lactos\u00e9rum hydrolys\u00e9e Isopept - EHPLabs"},"content":{"rendered":"<h2>Description<\/h2>\n<p>EHPlabs <strong>IsoPept Zero Hydrolyzed Whey Protein Isolate<\/strong> is een hoogwaardig eiwitpoeder op basis van gehydrolyseerd wei-eiwit isolaat. Het product is ontwikkeld voor wie een zuiver en snel oplosbaar eiwitpoeder zoekt. IsoPept Zero is verkrijgbaar in verschillende smaken en kan eenvoudig worden gemengd met water of melk.<\/p>\n<hr \/>\n<h2>Avantages<\/h2>\n<ul>\n<li>Bevat gehydrolyseerd wei-eiwit isolaat<\/li>\n<li>Hoog eiwitgehalte per portie<\/li>\n<li>Snel oplosbaar en goed mengbaar<\/li>\n<li>Disponible en plusieurs saveurs<\/li>\n<li>Geschikt als aanvulling binnen een actieve leefstijl<\/li>\n<\/ul>\n<hr \/>\n<h2>Mode d'emploi<\/h2>\n<p>M\u00e9langer <strong>1 scoop (ca. 30 g)<\/strong> IsoPept Zero met 200\u2013250 ml water of melk.<\/p>\n<ul>\n<li>Aanbevolen gebruik: 1 portie per dag of naar persoonlijke behoefte<\/li>\n<li>Peut \u00eatre pris \u00e0 tout moment de la journ\u00e9e.<\/li>\n<li>Goed schudden of mixen voor een glad resultaat<\/li>\n<\/ul>\n<hr \/>","protected":false},"excerpt":{"rendered":"<p>EHPlabs IsoPept Zero is een gehydrolyseerd wei-eiwit isolaat met een hoog eiwitgehalte. Het poeder is verkrijgbaar in diverse smaken en eenvoudig te mengen met water of melk. Ideaal als aanvulling binnen een actieve leefstijl.<\/p>","protected":false},"featured_media":194,"comment_status":"open","ping_status":"closed","template":"","meta":[],"product_brand":[],"product_cat":[72,67],"product_tag":[],"class_list":{"0":"post-190","1":"product","2":"type-product","3":"status-publish","4":"has-post-thumbnail","6":"product_cat-ehplabs","7":"product_cat-eiwitten-proteine","9":"first","10":"instock","11":"taxable","12":"shipping-taxable","13":"purchasable","14":"product-type-variable"},"yoast_head":"<!-- This site is optimized with the Yoast SEO plugin v27.3 - https:\/\/yoast.com\/product\/yoast-seo-wordpress\/ -->\n<title>Isopept Hydrolyzed Whey Protein - EHPLabs - Holy-Supps.nl<\/title>\n<meta name=\"description\" content=\"Verhoog spiergroei en herstel met Isopept Hydrolyzed Whey Protein van EHPLabs. Bevat 27g eiwit per portie, ideaal na intensieve trainingen.\" \/>\n<meta name=\"robots\" content=\"index, follow, max-snippet:-1, max-image-preview:large, max-video-preview:-1\" \/>\n<link rel=\"canonical\" href=\"https:\/\/www.holy-supps.nl\/fr\/produit\/isopept-hydrolyzed-whey-protein-ehplabs\/\" \/>\n<meta property=\"og:locale\" content=\"fr_FR\" \/>\n<meta property=\"og:type\" content=\"article\" \/>\n<meta property=\"og:title\" content=\"Isopept Hydrolyzed Whey Protein - EHPLabs - Holy-Supps.nl\" \/>\n<meta property=\"og:description\" content=\"Verhoog spiergroei en herstel met Isopept Hydrolyzed Whey Protein van EHPLabs. Bevat 27g eiwit per portie, ideaal na intensieve trainingen.\" \/>\n<meta property=\"og:url\" content=\"https:\/\/www.holy-supps.nl\/fr\/produit\/isopept-hydrolyzed-whey-protein-ehplabs\/\" \/>\n<meta property=\"og:site_name\" content=\"Holy-Supps.nl\" \/>\n<meta property=\"article:publisher\" content=\"https:\/\/www.facebook.com\/holy.supps\" \/>\n<meta property=\"article:modified_time\" content=\"2026-03-24T11:26:26+00:00\" \/>\n<meta property=\"og:image\" content=\"https:\/\/www.holy-supps.nl\/wp-content\/uploads\/2023\/03\/USWEBSITEIMAGES48_2455fdb4-46ac-4576-9694-8a26e184f17f.webp\" \/>\n\t<meta property=\"og:image:width\" content=\"1000\" \/>\n\t<meta property=\"og:image:height\" content=\"1000\" \/>\n\t<meta property=\"og:image:type\" content=\"image\/webp\" \/>\n<meta name=\"twitter:card\" content=\"summary_large_image\" \/>\n<meta name=\"twitter:label1\" content=\"Dur\u00e9e de lecture estim\u00e9e\" \/>\n\t<meta name=\"twitter:data1\" content=\"5 minutes\" \/>\n<script type=\"application\/ld+json\" class=\"yoast-schema-graph\">{\"@context\":\"https:\\\/\\\/schema.org\",\"@graph\":[{\"@type\":\"WebPage\",\"@id\":\"https:\\\/\\\/www.holy-supps.nl\\\/product\\\/isopept-hydrolyzed-whey-protein-ehplabs\\\/\",\"url\":\"https:\\\/\\\/www.holy-supps.nl\\\/product\\\/isopept-hydrolyzed-whey-protein-ehplabs\\\/\",\"name\":\"Isopept Hydrolyzed Whey Protein - EHPLabs - Holy-Supps.nl\",\"isPartOf\":{\"@id\":\"https:\\\/\\\/www.holy-supps.nl\\\/#website\"},\"primaryImageOfPage\":{\"@id\":\"https:\\\/\\\/www.holy-supps.nl\\\/product\\\/isopept-hydrolyzed-whey-protein-ehplabs\\\/#primaryimage\"},\"image\":{\"@id\":\"https:\\\/\\\/www.holy-supps.nl\\\/product\\\/isopept-hydrolyzed-whey-protein-ehplabs\\\/#primaryimage\"},\"thumbnailUrl\":\"https:\\\/\\\/www.holy-supps.nl\\\/wp-content\\\/uploads\\\/2023\\\/03\\\/USWEBSITEIMAGES48_2455fdb4-46ac-4576-9694-8a26e184f17f.webp\",\"datePublished\":\"2023-03-05T10:19:38+00:00\",\"dateModified\":\"2026-03-24T11:26:26+00:00\",\"description\":\"Verhoog spiergroei en herstel met Isopept Hydrolyzed Whey Protein van EHPLabs. Bevat 27g eiwit per portie, ideaal na intensieve trainingen.\",\"breadcrumb\":{\"@id\":\"https:\\\/\\\/www.holy-supps.nl\\\/product\\\/isopept-hydrolyzed-whey-protein-ehplabs\\\/#breadcrumb\"},\"inLanguage\":\"fr-FR\",\"potentialAction\":[{\"@type\":\"ReadAction\",\"target\":[\"https:\\\/\\\/www.holy-supps.nl\\\/product\\\/isopept-hydrolyzed-whey-protein-ehplabs\\\/\"]}]},{\"@type\":\"ImageObject\",\"inLanguage\":\"fr-FR\",\"@id\":\"https:\\\/\\\/www.holy-supps.nl\\\/product\\\/isopept-hydrolyzed-whey-protein-ehplabs\\\/#primaryimage\",\"url\":\"https:\\\/\\\/www.holy-supps.nl\\\/wp-content\\\/uploads\\\/2023\\\/03\\\/USWEBSITEIMAGES48_2455fdb4-46ac-4576-9694-8a26e184f17f.webp\",\"contentUrl\":\"https:\\\/\\\/www.holy-supps.nl\\\/wp-content\\\/uploads\\\/2023\\\/03\\\/USWEBSITEIMAGES48_2455fdb4-46ac-4576-9694-8a26e184f17f.webp\",\"width\":1000,\"height\":1000},{\"@type\":\"BreadcrumbList\",\"@id\":\"https:\\\/\\\/www.holy-supps.nl\\\/product\\\/isopept-hydrolyzed-whey-protein-ehplabs\\\/#breadcrumb\",\"itemListElement\":[{\"@type\":\"ListItem\",\"position\":1,\"name\":\"Home\",\"item\":\"https:\\\/\\\/www.holy-supps.nl\\\/\"},{\"@type\":\"ListItem\",\"position\":2,\"name\":\"Winkel\",\"item\":\"https:\\\/\\\/www.holy-supps.nl\\\/winkel\\\/\"},{\"@type\":\"ListItem\",\"position\":3,\"name\":\"Isopept Hydrolyzed Whey Protein &#8211; EHPLabs\"}]},{\"@type\":\"WebSite\",\"@id\":\"https:\\\/\\\/www.holy-supps.nl\\\/#website\",\"url\":\"https:\\\/\\\/www.holy-supps.nl\\\/\",\"name\":\"Holy-Supps.nl\",\"description\":\"Official EHPLabs Reseller!\",\"publisher\":{\"@id\":\"https:\\\/\\\/www.holy-supps.nl\\\/#organization\"},\"potentialAction\":[{\"@type\":\"SearchAction\",\"target\":{\"@type\":\"EntryPoint\",\"urlTemplate\":\"https:\\\/\\\/www.holy-supps.nl\\\/?s={search_term_string}\"},\"query-input\":{\"@type\":\"PropertyValueSpecification\",\"valueRequired\":true,\"valueName\":\"search_term_string\"}}],\"inLanguage\":\"fr-FR\"},{\"@type\":\"Organization\",\"@id\":\"https:\\\/\\\/www.holy-supps.nl\\\/#organization\",\"name\":\"Holy Supps\",\"url\":\"https:\\\/\\\/www.holy-supps.nl\\\/\",\"logo\":{\"@type\":\"ImageObject\",\"inLanguage\":\"fr-FR\",\"@id\":\"https:\\\/\\\/www.holy-supps.nl\\\/#\\\/schema\\\/logo\\\/image\\\/\",\"url\":\"https:\\\/\\\/www.holy-supps.nl\\\/wp-content\\\/uploads\\\/2023\\\/06\\\/HOLY-SUPPS.png\",\"contentUrl\":\"https:\\\/\\\/www.holy-supps.nl\\\/wp-content\\\/uploads\\\/2023\\\/06\\\/HOLY-SUPPS.png\",\"width\":1000,\"height\":400,\"caption\":\"Holy Supps\"},\"image\":{\"@id\":\"https:\\\/\\\/www.holy-supps.nl\\\/#\\\/schema\\\/logo\\\/image\\\/\"},\"sameAs\":[\"https:\\\/\\\/www.facebook.com\\\/holy.supps\",\"https:\\\/\\\/www.instagram.com\\\/holy.supps.shop\\\/\"]}]}<\/script>\n<!-- \/ Yoast SEO plugin. -->","yoast_head_json":{"title":"Isopept Hydrolyzed Whey Protein - EHPLabs - Holy-Supps.fr","description":"Augmentez la croissance musculaire et la r\u00e9cup\u00e9ration avec la prot\u00e9ine de lactos\u00e9rum hydrolys\u00e9e Isopept d'EHPLabs. Contient 27 g de prot\u00e9ines par portion, id\u00e9al apr\u00e8s des s\u00e9ances d'entra\u00eenement intenses.","robots":{"index":"index","follow":"follow","max-snippet":"max-snippet:-1","max-image-preview":"max-image-preview:large","max-video-preview":"max-video-preview:-1"},"canonical":"https:\/\/www.holy-supps.nl\/fr\/produit\/isopept-hydrolyzed-whey-protein-ehplabs\/","og_locale":"fr_FR","og_type":"article","og_title":"Isopept Hydrolyzed Whey Protein - EHPLabs - Holy-Supps.nl","og_description":"Verhoog spiergroei en herstel met Isopept Hydrolyzed Whey Protein van EHPLabs. Bevat 27g eiwit per portie, ideaal na intensieve trainingen.","og_url":"https:\/\/www.holy-supps.nl\/fr\/produit\/isopept-hydrolyzed-whey-protein-ehplabs\/","og_site_name":"Holy-Supps.nl","article_publisher":"https:\/\/www.facebook.com\/holy.supps","article_modified_time":"2026-03-24T11:26:26+00:00","og_image":[{"width":1000,"height":1000,"url":"https:\/\/www.holy-supps.nl\/wp-content\/uploads\/2023\/03\/USWEBSITEIMAGES48_2455fdb4-46ac-4576-9694-8a26e184f17f.webp","type":"image\/webp"}],"twitter_card":"summary_large_image","twitter_misc":{"Dur\u00e9e de lecture estim\u00e9e":"5 minutes"},"schema":{"@context":"https:\/\/schema.org","@graph":[{"@type":"WebPage","@id":"https:\/\/www.holy-supps.nl\/product\/isopept-hydrolyzed-whey-protein-ehplabs\/","url":"https:\/\/www.holy-supps.nl\/product\/isopept-hydrolyzed-whey-protein-ehplabs\/","name":"Isopept Hydrolyzed Whey Protein - EHPLabs - Holy-Supps.fr","isPartOf":{"@id":"https:\/\/www.holy-supps.nl\/#website"},"primaryImageOfPage":{"@id":"https:\/\/www.holy-supps.nl\/product\/isopept-hydrolyzed-whey-protein-ehplabs\/#primaryimage"},"image":{"@id":"https:\/\/www.holy-supps.nl\/product\/isopept-hydrolyzed-whey-protein-ehplabs\/#primaryimage"},"thumbnailUrl":"https:\/\/www.holy-supps.nl\/wp-content\/uploads\/2023\/03\/USWEBSITEIMAGES48_2455fdb4-46ac-4576-9694-8a26e184f17f.webp","datePublished":"2023-03-05T10:19:38+00:00","dateModified":"2026-03-24T11:26:26+00:00","description":"Augmentez la croissance musculaire et la r\u00e9cup\u00e9ration avec la prot\u00e9ine de lactos\u00e9rum hydrolys\u00e9e Isopept d'EHPLabs. Contient 27 g de prot\u00e9ines par portion, id\u00e9al apr\u00e8s des s\u00e9ances d'entra\u00eenement intenses.","breadcrumb":{"@id":"https:\/\/www.holy-supps.nl\/product\/isopept-hydrolyzed-whey-protein-ehplabs\/#breadcrumb"},"inLanguage":"fr-FR","potentialAction":[{"@type":"ReadAction","target":["https:\/\/www.holy-supps.nl\/product\/isopept-hydrolyzed-whey-protein-ehplabs\/"]}]},{"@type":"ImageObject","inLanguage":"fr-FR","@id":"https:\/\/www.holy-supps.nl\/product\/isopept-hydrolyzed-whey-protein-ehplabs\/#primaryimage","url":"https:\/\/www.holy-supps.nl\/wp-content\/uploads\/2023\/03\/USWEBSITEIMAGES48_2455fdb4-46ac-4576-9694-8a26e184f17f.webp","contentUrl":"https:\/\/www.holy-supps.nl\/wp-content\/uploads\/2023\/03\/USWEBSITEIMAGES48_2455fdb4-46ac-4576-9694-8a26e184f17f.webp","width":1000,"height":1000},{"@type":"BreadcrumbList","@id":"https:\/\/www.holy-supps.nl\/product\/isopept-hydrolyzed-whey-protein-ehplabs\/#breadcrumb","itemListElement":[{"@type":"ListItem","position":1,"name":"Home","item":"https:\/\/www.holy-supps.nl\/"},{"@type":"ListItem","position":2,"name":"Winkel","item":"https:\/\/www.holy-supps.nl\/winkel\/"},{"@type":"ListItem","position":3,"name":"Isopept Hydrolyzed Whey Protein &#8211; EHPLabs"}]},{"@type":"WebSite","@id":"https:\/\/www.holy-supps.nl\/#website","url":"https:\/\/www.holy-supps.nl\/","name":"Holy-Supps.co.uk","description":"Revendeur officiel EHPLabs !","publisher":{"@id":"https:\/\/www.holy-supps.nl\/#organization"},"potentialAction":[{"@type":"SearchAction","target":{"@type":"EntryPoint","urlTemplate":"https:\/\/www.holy-supps.nl\/?s={search_term_string}"},"query-input":{"@type":"PropertyValueSpecification","valueRequired":true,"valueName":"search_term_string"}}],"inLanguage":"fr-FR"},{"@type":"Organization","@id":"https:\/\/www.holy-supps.nl\/#organization","name":"Les Saints Souvenirs","url":"https:\/\/www.holy-supps.nl\/","logo":{"@type":"ImageObject","inLanguage":"fr-FR","@id":"https:\/\/www.holy-supps.nl\/#\/schema\/logo\/image\/","url":"https:\/\/www.holy-supps.nl\/wp-content\/uploads\/2023\/06\/HOLY-SUPPS.png","contentUrl":"https:\/\/www.holy-supps.nl\/wp-content\/uploads\/2023\/06\/HOLY-SUPPS.png","width":1000,"height":400,"caption":"Holy Supps"},"image":{"@id":"https:\/\/www.holy-supps.nl\/#\/schema\/logo\/image\/"},"sameAs":["https:\/\/www.facebook.com\/holy.supps","https:\/\/www.instagram.com\/holy.supps.shop\/"]}]}},"jetpack_sharing_enabled":true,"_links":{"self":[{"href":"https:\/\/www.holy-supps.nl\/fr\/wp-json\/wp\/v2\/product\/190","targetHints":{"allow":["GET"]}}],"collection":[{"href":"https:\/\/www.holy-supps.nl\/fr\/wp-json\/wp\/v2\/product"}],"about":[{"href":"https:\/\/www.holy-supps.nl\/fr\/wp-json\/wp\/v2\/types\/product"}],"replies":[{"embeddable":true,"href":"https:\/\/www.holy-supps.nl\/fr\/wp-json\/wp\/v2\/comments?post=190"}],"wp:featuredmedia":[{"embeddable":true,"href":"https:\/\/www.holy-supps.nl\/fr\/wp-json\/wp\/v2\/media\/194"}],"wp:attachment":[{"href":"https:\/\/www.holy-supps.nl\/fr\/wp-json\/wp\/v2\/media?parent=190"}],"wp:term":[{"taxonomy":"product_brand","embeddable":true,"href":"https:\/\/www.holy-supps.nl\/fr\/wp-json\/wp\/v2\/product_brand?post=190"},{"taxonomy":"product_cat","embeddable":true,"href":"https:\/\/www.holy-supps.nl\/fr\/wp-json\/wp\/v2\/product_cat?post=190"},{"taxonomy":"product_tag","embeddable":true,"href":"https:\/\/www.holy-supps.nl\/fr\/wp-json\/wp\/v2\/product_tag?post=190"}],"curies":[{"name":"wp","href":"https:\/\/api.w.org\/{rel}","templated":true}]}}