{"id":1773,"date":"2023-12-08T14:43:52","date_gmt":"2023-12-08T13:43:52","guid":{"rendered":"https:\/\/www.holy-supps.nl\/?post_type=product&#038;p=1773"},"modified":"2025-09-15T15:30:45","modified_gmt":"2025-09-15T13:30:45","slug":"the-protein-works-ridiculous-vegan-protein-bar","status":"publish","type":"product","link":"https:\/\/www.holy-supps.nl\/fr\/product\/the-protein-works-ridiculous-vegan-protein-bar-2\/","title":{"rendered":"The Protein Works - Barre prot\u00e9in\u00e9e v\u00e9g\u00e9talienne ridicule"},"content":{"rendered":"<h2>Qu'est-ce que la barre prot\u00e9in\u00e9e v\u00e9g\u00e9talienne Ridiculous ?<\/h2>\n<p>Nomm\u00e9e d'apr\u00e8s les innombrables r\u00e9actions que nous avons observ\u00e9es chez les gens apr\u00e8s avoir essay\u00e9 cet en-cas prot\u00e9in\u00e9 pratique \u00e0 base de plantes, cette barre v\u00e9g\u00e9talienne est con\u00e7ue sans compromis ; un cadeau pour votre conscience et vos d\u00e9sirs.<\/p>\n<p>Ridicule par nature, ce bar ne devrait pas \u00eatre techniquement possible ! Combinez ces caract\u00e9ristiques par d\u00e9faut dans chaque barre et vous commencerez \u00e0 comprendre pourquoi c'est ridicule :<\/p>\n<p>Enti\u00e8rement \u00e0 base de plantes<\/p>\n<p>D\u00e9lib\u00e9r\u00e9ment sans huile de palme<\/p>\n<p>Impact minimal sur l'environnement<\/p>\n<p>Teneur \u00e9lev\u00e9e en prot\u00e9ines et moins de 1 g de sucre<\/p>\n<p>Riche en fibres, il procure une sensation de sati\u00e9t\u00e9 plus longue.<br \/>\nMoins de 200 calories par barre*<br \/>\nEnti\u00e8rement sans gluten<br \/>\nSans ar\u00f4mes, colorants ou conservateurs artificiels<br \/>\nD\u00e9licieusement aromatis\u00e9, avec de multiples couches de gourmandise<\/p>\n<p>...Tout cela donne une barre v\u00e9g\u00e9talienne unique en son genre.<\/p>\n<h2>Ingr\u00e9dients<\/h2>\n<p>M\u00e9lange de prot\u00e9ines (isolat de prot\u00e9ines de soja, prot\u00e9ines de pois), enrobage de chocolat (20%) (beurre de cacao, farine de soja, xylitol, p\u00e2te de cacao, l\u00e9cithine de tournesol, ar\u00f4me naturel de vanille), fibres de racine de chicor\u00e9e, enrobage de caramel (13%) (\u00e9dulcorant (maltitol), beurre de cacao, glyc\u00e9rine v\u00e9g\u00e9tale, l\u00e9cithine de tournesol, eau, de cacao maigre, gomme d'acacia, sel de l'Himalaya), p\u00e9pites de prot\u00e9ines de soja (8%) (isolat de prot\u00e9ines de soja, poudre de cacao maigre, amidon de tapioca), p\u00e2te d'arachide, glyc\u00e9rine v\u00e9g\u00e9tale, huile de coco, l\u00e9cithine de tournesol, ar\u00f4mes naturels, extrait de th\u00e9 vert, sel de l'Himalaya, \u00e9dulcorant (glycosides de st\u00e9viol), fibres de racine de chicor\u00e9e.<\/p>","protected":false},"excerpt":{"rendered":"<p>Wat Is Ridiculous Vegan Protein Bar? Vernoemd naar de talloze reacties die we van mensen hebben gezien nadat ze deze handige plantaardige eiwitsnack hebben geprobeerd, is dit een veganistische reep die is ontworpen zonder compromissen; een geschenk voor je geweten en je verlangens. Belachelijk door zijn aard, zou deze bar technisch gezien niet mogelijk moeten [&#8230;]\n","protected":false},"featured_media":1774,"comment_status":"open","ping_status":"closed","template":"","meta":[],"product_brand":[],"product_cat":[86,93,79,73,81,83,78],"product_tag":[],"class_list":{"0":"post-1773","1":"product","2":"type-product","3":"status-publish","4":"has-post-thumbnail","6":"product_cat-aankomen","7":"product_cat-bars-snacks","8":"product_cat-maaltijdvervangers","9":"product_cat-protein-works","10":"product_cat-spieropbouw","11":"product_cat-the-protein-works","12":"product_cat-voeding-snacks","14":"first","15":"outofstock","16":"sale","17":"taxable","18":"shipping-taxable","19":"purchasable","20":"product-type-simple"},"yoast_head":"<!-- This site is optimized with the Yoast SEO plugin v27.4 - https:\/\/yoast.com\/product\/yoast-seo-wordpress\/ -->\n<title>The Protein Works - Ridiculous Vegan Protein Bar - Holy-Supps.nl<\/title>\n<meta name=\"robots\" content=\"index, follow, max-snippet:-1, max-image-preview:large, max-video-preview:-1\" \/>\n<link rel=\"canonical\" href=\"https:\/\/www.holy-supps.nl\/fr\/produit\/the-protein-works-ridiculous-vegan-protein-bar\/\" \/>\n<meta property=\"og:locale\" content=\"fr_FR\" \/>\n<meta property=\"og:type\" content=\"article\" \/>\n<meta property=\"og:title\" content=\"The Protein Works - Ridiculous Vegan Protein Bar - Holy-Supps.nl\" \/>\n<meta property=\"og:description\" content=\"Wat Is Ridiculous Vegan Protein Bar? Vernoemd naar de talloze reacties die we van mensen hebben gezien nadat ze deze handige plantaardige eiwitsnack hebben geprobeerd, is dit een veganistische reep die is ontworpen zonder compromissen; een geschenk voor je geweten en je verlangens. Belachelijk door zijn aard, zou deze bar technisch gezien niet mogelijk moeten [...]\" \/>\n<meta property=\"og:url\" content=\"https:\/\/www.holy-supps.nl\/fr\/produit\/the-protein-works-ridiculous-vegan-protein-bar\/\" \/>\n<meta property=\"og:site_name\" content=\"Holy-Supps.nl\" \/>\n<meta property=\"article:publisher\" content=\"https:\/\/www.facebook.com\/holy.supps\" \/>\n<meta property=\"article:modified_time\" content=\"2025-09-15T13:30:45+00:00\" \/>\n<meta property=\"og:image\" content=\"https:\/\/www.holy-supps.nl\/wp-content\/uploads\/2023\/12\/rvb_pdp_4_1.webp\" \/>\n\t<meta property=\"og:image:width\" content=\"1120\" \/>\n\t<meta property=\"og:image:height\" content=\"1120\" \/>\n\t<meta property=\"og:image:type\" content=\"image\/webp\" \/>\n<meta name=\"twitter:card\" content=\"summary_large_image\" \/>\n<meta name=\"twitter:label1\" content=\"Dur\u00e9e de lecture estim\u00e9e\" \/>\n\t<meta name=\"twitter:data1\" content=\"1 minute\" \/>\n<script type=\"application\/ld+json\" class=\"yoast-schema-graph\">{\"@context\":\"https:\\\/\\\/schema.org\",\"@graph\":[{\"@type\":\"WebPage\",\"@id\":\"https:\\\/\\\/www.holy-supps.nl\\\/product\\\/the-protein-works-ridiculous-vegan-protein-bar-2\\\/\",\"url\":\"https:\\\/\\\/www.holy-supps.nl\\\/product\\\/the-protein-works-ridiculous-vegan-protein-bar-2\\\/\",\"name\":\"The Protein Works - Ridiculous Vegan Protein Bar - Holy-Supps.nl\",\"isPartOf\":{\"@id\":\"https:\\\/\\\/www.holy-supps.nl\\\/#website\"},\"primaryImageOfPage\":{\"@id\":\"https:\\\/\\\/www.holy-supps.nl\\\/product\\\/the-protein-works-ridiculous-vegan-protein-bar-2\\\/#primaryimage\"},\"image\":{\"@id\":\"https:\\\/\\\/www.holy-supps.nl\\\/product\\\/the-protein-works-ridiculous-vegan-protein-bar-2\\\/#primaryimage\"},\"thumbnailUrl\":\"https:\\\/\\\/www.holy-supps.nl\\\/wp-content\\\/uploads\\\/2023\\\/12\\\/rvb_pdp_4_1.webp\",\"datePublished\":\"2023-12-08T13:43:52+00:00\",\"dateModified\":\"2025-09-15T13:30:45+00:00\",\"breadcrumb\":{\"@id\":\"https:\\\/\\\/www.holy-supps.nl\\\/product\\\/the-protein-works-ridiculous-vegan-protein-bar-2\\\/#breadcrumb\"},\"inLanguage\":\"fr-FR\",\"potentialAction\":[{\"@type\":\"ReadAction\",\"target\":[\"https:\\\/\\\/www.holy-supps.nl\\\/product\\\/the-protein-works-ridiculous-vegan-protein-bar-2\\\/\"]}]},{\"@type\":\"ImageObject\",\"inLanguage\":\"fr-FR\",\"@id\":\"https:\\\/\\\/www.holy-supps.nl\\\/product\\\/the-protein-works-ridiculous-vegan-protein-bar-2\\\/#primaryimage\",\"url\":\"https:\\\/\\\/www.holy-supps.nl\\\/wp-content\\\/uploads\\\/2023\\\/12\\\/rvb_pdp_4_1.webp\",\"contentUrl\":\"https:\\\/\\\/www.holy-supps.nl\\\/wp-content\\\/uploads\\\/2023\\\/12\\\/rvb_pdp_4_1.webp\",\"width\":1120,\"height\":1120},{\"@type\":\"BreadcrumbList\",\"@id\":\"https:\\\/\\\/www.holy-supps.nl\\\/product\\\/the-protein-works-ridiculous-vegan-protein-bar-2\\\/#breadcrumb\",\"itemListElement\":[{\"@type\":\"ListItem\",\"position\":1,\"name\":\"Home\",\"item\":\"https:\\\/\\\/www.holy-supps.nl\\\/\"},{\"@type\":\"ListItem\",\"position\":2,\"name\":\"Winkel\",\"item\":\"https:\\\/\\\/www.holy-supps.nl\\\/winkel\\\/\"},{\"@type\":\"ListItem\",\"position\":3,\"name\":\"The Protein Works &#8211; Ridiculous Vegan Protein Bar\"}]},{\"@type\":\"WebSite\",\"@id\":\"https:\\\/\\\/www.holy-supps.nl\\\/#website\",\"url\":\"https:\\\/\\\/www.holy-supps.nl\\\/\",\"name\":\"Holy-Supps.nl\",\"description\":\"Official EHPLabs Reseller!\",\"publisher\":{\"@id\":\"https:\\\/\\\/www.holy-supps.nl\\\/#organization\"},\"potentialAction\":[{\"@type\":\"SearchAction\",\"target\":{\"@type\":\"EntryPoint\",\"urlTemplate\":\"https:\\\/\\\/www.holy-supps.nl\\\/?s={search_term_string}\"},\"query-input\":{\"@type\":\"PropertyValueSpecification\",\"valueRequired\":true,\"valueName\":\"search_term_string\"}}],\"inLanguage\":\"fr-FR\"},{\"@type\":\"Organization\",\"@id\":\"https:\\\/\\\/www.holy-supps.nl\\\/#organization\",\"name\":\"Holy Supps\",\"url\":\"https:\\\/\\\/www.holy-supps.nl\\\/\",\"logo\":{\"@type\":\"ImageObject\",\"inLanguage\":\"fr-FR\",\"@id\":\"https:\\\/\\\/www.holy-supps.nl\\\/#\\\/schema\\\/logo\\\/image\\\/\",\"url\":\"https:\\\/\\\/www.holy-supps.nl\\\/wp-content\\\/uploads\\\/2023\\\/06\\\/HOLY-SUPPS.png\",\"contentUrl\":\"https:\\\/\\\/www.holy-supps.nl\\\/wp-content\\\/uploads\\\/2023\\\/06\\\/HOLY-SUPPS.png\",\"width\":1000,\"height\":400,\"caption\":\"Holy Supps\"},\"image\":{\"@id\":\"https:\\\/\\\/www.holy-supps.nl\\\/#\\\/schema\\\/logo\\\/image\\\/\"},\"sameAs\":[\"https:\\\/\\\/www.facebook.com\\\/holy.supps\",\"https:\\\/\\\/www.instagram.com\\\/holy.supps.shop\\\/\"]}]}<\/script>\n<!-- \/ Yoast SEO plugin. -->","yoast_head_json":{"title":"The Protein Works - Ridicule barre prot\u00e9in\u00e9e v\u00e9g\u00e9talienne - Holy-Supps.fr","robots":{"index":"index","follow":"follow","max-snippet":"max-snippet:-1","max-image-preview":"max-image-preview:large","max-video-preview":"max-video-preview:-1"},"canonical":"https:\/\/www.holy-supps.nl\/fr\/produit\/the-protein-works-ridiculous-vegan-protein-bar\/","og_locale":"fr_FR","og_type":"article","og_title":"The Protein Works - Ridiculous Vegan Protein Bar - Holy-Supps.nl","og_description":"Wat Is Ridiculous Vegan Protein Bar? Vernoemd naar de talloze reacties die we van mensen hebben gezien nadat ze deze handige plantaardige eiwitsnack hebben geprobeerd, is dit een veganistische reep die is ontworpen zonder compromissen; een geschenk voor je geweten en je verlangens. Belachelijk door zijn aard, zou deze bar technisch gezien niet mogelijk moeten [...]","og_url":"https:\/\/www.holy-supps.nl\/fr\/produit\/the-protein-works-ridiculous-vegan-protein-bar\/","og_site_name":"Holy-Supps.nl","article_publisher":"https:\/\/www.facebook.com\/holy.supps","article_modified_time":"2025-09-15T13:30:45+00:00","og_image":[{"width":1120,"height":1120,"url":"https:\/\/www.holy-supps.nl\/wp-content\/uploads\/2023\/12\/rvb_pdp_4_1.webp","type":"image\/webp"}],"twitter_card":"summary_large_image","twitter_misc":{"Dur\u00e9e de lecture estim\u00e9e":"1 minute"},"schema":{"@context":"https:\/\/schema.org","@graph":[{"@type":"WebPage","@id":"https:\/\/www.holy-supps.nl\/product\/the-protein-works-ridiculous-vegan-protein-bar-2\/","url":"https:\/\/www.holy-supps.nl\/product\/the-protein-works-ridiculous-vegan-protein-bar-2\/","name":"The Protein Works - Ridicule barre prot\u00e9in\u00e9e v\u00e9g\u00e9talienne - Holy-Supps.fr","isPartOf":{"@id":"https:\/\/www.holy-supps.nl\/#website"},"primaryImageOfPage":{"@id":"https:\/\/www.holy-supps.nl\/product\/the-protein-works-ridiculous-vegan-protein-bar-2\/#primaryimage"},"image":{"@id":"https:\/\/www.holy-supps.nl\/product\/the-protein-works-ridiculous-vegan-protein-bar-2\/#primaryimage"},"thumbnailUrl":"https:\/\/www.holy-supps.nl\/wp-content\/uploads\/2023\/12\/rvb_pdp_4_1.webp","datePublished":"2023-12-08T13:43:52+00:00","dateModified":"2025-09-15T13:30:45+00:00","breadcrumb":{"@id":"https:\/\/www.holy-supps.nl\/product\/the-protein-works-ridiculous-vegan-protein-bar-2\/#breadcrumb"},"inLanguage":"fr-FR","potentialAction":[{"@type":"ReadAction","target":["https:\/\/www.holy-supps.nl\/product\/the-protein-works-ridiculous-vegan-protein-bar-2\/"]}]},{"@type":"ImageObject","inLanguage":"fr-FR","@id":"https:\/\/www.holy-supps.nl\/product\/the-protein-works-ridiculous-vegan-protein-bar-2\/#primaryimage","url":"https:\/\/www.holy-supps.nl\/wp-content\/uploads\/2023\/12\/rvb_pdp_4_1.webp","contentUrl":"https:\/\/www.holy-supps.nl\/wp-content\/uploads\/2023\/12\/rvb_pdp_4_1.webp","width":1120,"height":1120},{"@type":"BreadcrumbList","@id":"https:\/\/www.holy-supps.nl\/product\/the-protein-works-ridiculous-vegan-protein-bar-2\/#breadcrumb","itemListElement":[{"@type":"ListItem","position":1,"name":"Home","item":"https:\/\/www.holy-supps.nl\/"},{"@type":"ListItem","position":2,"name":"Winkel","item":"https:\/\/www.holy-supps.nl\/winkel\/"},{"@type":"ListItem","position":3,"name":"The Protein Works &#8211; Ridiculous Vegan Protein Bar"}]},{"@type":"WebSite","@id":"https:\/\/www.holy-supps.nl\/#website","url":"https:\/\/www.holy-supps.nl\/","name":"Holy-Supps.co.uk","description":"Revendeur officiel EHPLabs !","publisher":{"@id":"https:\/\/www.holy-supps.nl\/#organization"},"potentialAction":[{"@type":"SearchAction","target":{"@type":"EntryPoint","urlTemplate":"https:\/\/www.holy-supps.nl\/?s={search_term_string}"},"query-input":{"@type":"PropertyValueSpecification","valueRequired":true,"valueName":"search_term_string"}}],"inLanguage":"fr-FR"},{"@type":"Organization","@id":"https:\/\/www.holy-supps.nl\/#organization","name":"Les Saints Souvenirs","url":"https:\/\/www.holy-supps.nl\/","logo":{"@type":"ImageObject","inLanguage":"fr-FR","@id":"https:\/\/www.holy-supps.nl\/#\/schema\/logo\/image\/","url":"https:\/\/www.holy-supps.nl\/wp-content\/uploads\/2023\/06\/HOLY-SUPPS.png","contentUrl":"https:\/\/www.holy-supps.nl\/wp-content\/uploads\/2023\/06\/HOLY-SUPPS.png","width":1000,"height":400,"caption":"Holy Supps"},"image":{"@id":"https:\/\/www.holy-supps.nl\/#\/schema\/logo\/image\/"},"sameAs":["https:\/\/www.facebook.com\/holy.supps","https:\/\/www.instagram.com\/holy.supps.shop\/"]}]}},"jetpack_sharing_enabled":true,"_links":{"self":[{"href":"https:\/\/www.holy-supps.nl\/fr\/wp-json\/wp\/v2\/product\/1773","targetHints":{"allow":["GET"]}}],"collection":[{"href":"https:\/\/www.holy-supps.nl\/fr\/wp-json\/wp\/v2\/product"}],"about":[{"href":"https:\/\/www.holy-supps.nl\/fr\/wp-json\/wp\/v2\/types\/product"}],"replies":[{"embeddable":true,"href":"https:\/\/www.holy-supps.nl\/fr\/wp-json\/wp\/v2\/comments?post=1773"}],"wp:featuredmedia":[{"embeddable":true,"href":"https:\/\/www.holy-supps.nl\/fr\/wp-json\/wp\/v2\/media\/1774"}],"wp:attachment":[{"href":"https:\/\/www.holy-supps.nl\/fr\/wp-json\/wp\/v2\/media?parent=1773"}],"wp:term":[{"taxonomy":"product_brand","embeddable":true,"href":"https:\/\/www.holy-supps.nl\/fr\/wp-json\/wp\/v2\/product_brand?post=1773"},{"taxonomy":"product_cat","embeddable":true,"href":"https:\/\/www.holy-supps.nl\/fr\/wp-json\/wp\/v2\/product_cat?post=1773"},{"taxonomy":"product_tag","embeddable":true,"href":"https:\/\/www.holy-supps.nl\/fr\/wp-json\/wp\/v2\/product_tag?post=1773"}],"curies":[{"name":"wp","href":"https:\/\/api.w.org\/{rel}","templated":true}]}}