{"id":159,"date":"2023-03-04T14:54:13","date_gmt":"2023-03-04T13:54:13","guid":{"rendered":"https:\/\/www.holy-supps.nl\/?post_type=product&#038;p=159"},"modified":"2026-04-01T15:15:29","modified_gmt":"2026-04-01T13:15:29","slug":"acetyl-l-carnitine-aide-a-la-perte-de-poids-ehplabs","status":"publish","type":"product","link":"https:\/\/www.holy-supps.nl\/fr\/product\/acetyl-l-carnitine-weight-loss-support-ehplabs\/","title":{"rendered":"Acetyl L-Carnitine - Aide \u00e0 la perte de poids - EHPLabs"},"content":{"rendered":"<h2>Description<\/h2>\n<p>EHPlabs Acetyl L-Carnitine est un compl\u00e9ment alimentaire en poudre tr\u00e8s appr\u00e9ci\u00e9 des sportifs et des personnes qui souhaitent compl\u00e9ter leur alimentation. Ce produit contient de l'ac\u00e9tyl L-carnitine pure et peut \u00eatre facilement m\u00e9lang\u00e9 \u00e0 de l'eau ou ajout\u00e9 \u00e0 un shake. Cette variante est sans saveur, ce qui permet de la combiner facilement avec d'autres compl\u00e9ments alimentaires ou boissons.<\/p>\n<h2>Avantages<\/h2>\n<ul>\n<li>Contient de la poudre d'ac\u00e9tyl L-carnitine pure.<\/li>\n<li>Facilement soluble dans l'eau ou les boissons prot\u00e9in\u00e9es<\/li>\n<li>Sans go\u00fbt, il se marie donc bien avec d'autres produits.<\/li>\n<li>Convient pour une utilisation pendant l'entra\u00eenement ou tout au long de la journ\u00e9e<\/li>\n<\/ul>\n<h2>Mode d'emploi<\/h2>\n<p>Prendre 1 portion (environ 1 gramme) de poudre d'ac\u00e9tyl L-carnitine et la m\u00e9langer avec de l'eau ou une autre boisson de votre choix. Peut \u00eatre consomm\u00e9 avant ou apr\u00e8s l'entra\u00eenement, ou \u00e0 tout moment de la journ\u00e9e. Ne pas d\u00e9passer la dose journali\u00e8re recommand\u00e9e. Conserver dans un endroit frais et sec, hors de port\u00e9e des enfants.<\/p>","protected":false},"excerpt":{"rendered":"<p>EHPlabs Acetyl L-Carnitine est un compl\u00e9ment alimentaire sous forme de poudre pure, facile \u00e0 m\u00e9langer avec de l'eau ou des boissons prot\u00e9in\u00e9es. Gr\u00e2ce \u00e0 sa formule sans saveur, il peut \u00eatre combin\u00e9 id\u00e9alement avec d'autres produits. Convient \u00e0 une utilisation quotidienne dans le cadre d'un mode de vie vari\u00e9.<\/p>","protected":false},"featured_media":160,"comment_status":"open","ping_status":"closed","template":"","meta":[],"product_brand":[],"product_cat":[89,212,72,69,70],"product_tag":[],"class_list":{"0":"post-159","1":"product","2":"type-product","3":"status-publish","4":"has-post-thumbnail","6":"product_cat-afvallen","7":"product_cat-bestsellers","8":"product_cat-ehplabs","9":"product_cat-fatburners","10":"product_cat-raws","12":"first","13":"instock","14":"taxable","15":"shipping-taxable","16":"purchasable","17":"product-type-simple"},"yoast_head":"<!-- This site is optimized with the Yoast SEO plugin v27.3 - https:\/\/yoast.com\/product\/yoast-seo-wordpress\/ -->\n<title>Acetyl L-Carnitine | Weight Loss Support \u2013 EHPLabs - Holy-Supps.nl<\/title>\n<meta name=\"description\" content=\"Acetyl L-Carnitine van EHPLabs: boost vetverbranding, energie en hersenfunctie. Ondersteunt vetverlies en herstel met 100% pure farmaceutische kwaliteit.\" \/>\n<meta name=\"robots\" content=\"index, follow, max-snippet:-1, max-image-preview:large, max-video-preview:-1\" \/>\n<link rel=\"canonical\" href=\"https:\/\/www.holy-supps.nl\/fr\/produit\/acetyl-l-carnitine-aide-a-la-perte-de-poids-ehplabs\/\" \/>\n<meta property=\"og:locale\" content=\"fr_FR\" \/>\n<meta property=\"og:type\" content=\"article\" \/>\n<meta property=\"og:title\" content=\"Acetyl L-Carnitine | Weight Loss Support \u2013 EHPLabs - Holy-Supps.nl\" \/>\n<meta property=\"og:description\" content=\"Acetyl L-Carnitine van EHPLabs: boost vetverbranding, energie en hersenfunctie. Ondersteunt vetverlies en herstel met 100% pure farmaceutische kwaliteit.\" \/>\n<meta property=\"og:url\" content=\"https:\/\/www.holy-supps.nl\/fr\/produit\/acetyl-l-carnitine-aide-a-la-perte-de-poids-ehplabs\/\" \/>\n<meta property=\"og:site_name\" content=\"Holy-Supps.nl\" \/>\n<meta property=\"article:publisher\" content=\"https:\/\/www.facebook.com\/holy.supps\" \/>\n<meta property=\"article:modified_time\" content=\"2026-04-01T13:15:29+00:00\" \/>\n<meta property=\"og:image\" content=\"https:\/\/www.holy-supps.nl\/wp-content\/uploads\/2023\/03\/RAW-ALC1.webp\" \/>\n\t<meta property=\"og:image:width\" content=\"1000\" \/>\n\t<meta property=\"og:image:height\" content=\"1000\" \/>\n\t<meta property=\"og:image:type\" content=\"image\/webp\" \/>\n<meta name=\"twitter:card\" content=\"summary_large_image\" \/>\n<meta name=\"twitter:label1\" content=\"Dur\u00e9e de lecture estim\u00e9e\" \/>\n\t<meta name=\"twitter:data1\" content=\"4 minutes\" \/>\n<script type=\"application\/ld+json\" class=\"yoast-schema-graph\">{\"@context\":\"https:\\\/\\\/schema.org\",\"@graph\":[{\"@type\":\"WebPage\",\"@id\":\"https:\\\/\\\/www.holy-supps.nl\\\/product\\\/acetyl-l-carnitine-weight-loss-support-ehplabs\\\/\",\"url\":\"https:\\\/\\\/www.holy-supps.nl\\\/product\\\/acetyl-l-carnitine-weight-loss-support-ehplabs\\\/\",\"name\":\"Acetyl L-Carnitine | Weight Loss Support \u2013 EHPLabs - Holy-Supps.nl\",\"isPartOf\":{\"@id\":\"https:\\\/\\\/www.holy-supps.nl\\\/#website\"},\"primaryImageOfPage\":{\"@id\":\"https:\\\/\\\/www.holy-supps.nl\\\/product\\\/acetyl-l-carnitine-weight-loss-support-ehplabs\\\/#primaryimage\"},\"image\":{\"@id\":\"https:\\\/\\\/www.holy-supps.nl\\\/product\\\/acetyl-l-carnitine-weight-loss-support-ehplabs\\\/#primaryimage\"},\"thumbnailUrl\":\"https:\\\/\\\/www.holy-supps.nl\\\/wp-content\\\/uploads\\\/2023\\\/03\\\/RAW-ALC1.webp\",\"datePublished\":\"2023-03-04T13:54:13+00:00\",\"dateModified\":\"2026-04-01T13:15:29+00:00\",\"description\":\"Acetyl L-Carnitine van EHPLabs: boost vetverbranding, energie en hersenfunctie. Ondersteunt vetverlies en herstel met 100% pure farmaceutische kwaliteit.\",\"breadcrumb\":{\"@id\":\"https:\\\/\\\/www.holy-supps.nl\\\/product\\\/acetyl-l-carnitine-weight-loss-support-ehplabs\\\/#breadcrumb\"},\"inLanguage\":\"fr-FR\",\"potentialAction\":[{\"@type\":\"ReadAction\",\"target\":[\"https:\\\/\\\/www.holy-supps.nl\\\/product\\\/acetyl-l-carnitine-weight-loss-support-ehplabs\\\/\"]}]},{\"@type\":\"ImageObject\",\"inLanguage\":\"fr-FR\",\"@id\":\"https:\\\/\\\/www.holy-supps.nl\\\/product\\\/acetyl-l-carnitine-weight-loss-support-ehplabs\\\/#primaryimage\",\"url\":\"https:\\\/\\\/www.holy-supps.nl\\\/wp-content\\\/uploads\\\/2023\\\/03\\\/RAW-ALC1.webp\",\"contentUrl\":\"https:\\\/\\\/www.holy-supps.nl\\\/wp-content\\\/uploads\\\/2023\\\/03\\\/RAW-ALC1.webp\",\"width\":1000,\"height\":1000},{\"@type\":\"BreadcrumbList\",\"@id\":\"https:\\\/\\\/www.holy-supps.nl\\\/product\\\/acetyl-l-carnitine-weight-loss-support-ehplabs\\\/#breadcrumb\",\"itemListElement\":[{\"@type\":\"ListItem\",\"position\":1,\"name\":\"Home\",\"item\":\"https:\\\/\\\/www.holy-supps.nl\\\/\"},{\"@type\":\"ListItem\",\"position\":2,\"name\":\"Winkel\",\"item\":\"https:\\\/\\\/www.holy-supps.nl\\\/winkel\\\/\"},{\"@type\":\"ListItem\",\"position\":3,\"name\":\"Acetyl L-Carnitine | Weight Loss Support \u2013 EHPLabs\"}]},{\"@type\":\"WebSite\",\"@id\":\"https:\\\/\\\/www.holy-supps.nl\\\/#website\",\"url\":\"https:\\\/\\\/www.holy-supps.nl\\\/\",\"name\":\"Holy-Supps.nl\",\"description\":\"Official EHPLabs Reseller!\",\"publisher\":{\"@id\":\"https:\\\/\\\/www.holy-supps.nl\\\/#organization\"},\"potentialAction\":[{\"@type\":\"SearchAction\",\"target\":{\"@type\":\"EntryPoint\",\"urlTemplate\":\"https:\\\/\\\/www.holy-supps.nl\\\/?s={search_term_string}\"},\"query-input\":{\"@type\":\"PropertyValueSpecification\",\"valueRequired\":true,\"valueName\":\"search_term_string\"}}],\"inLanguage\":\"fr-FR\"},{\"@type\":\"Organization\",\"@id\":\"https:\\\/\\\/www.holy-supps.nl\\\/#organization\",\"name\":\"Holy Supps\",\"url\":\"https:\\\/\\\/www.holy-supps.nl\\\/\",\"logo\":{\"@type\":\"ImageObject\",\"inLanguage\":\"fr-FR\",\"@id\":\"https:\\\/\\\/www.holy-supps.nl\\\/#\\\/schema\\\/logo\\\/image\\\/\",\"url\":\"https:\\\/\\\/www.holy-supps.nl\\\/wp-content\\\/uploads\\\/2023\\\/06\\\/HOLY-SUPPS.png\",\"contentUrl\":\"https:\\\/\\\/www.holy-supps.nl\\\/wp-content\\\/uploads\\\/2023\\\/06\\\/HOLY-SUPPS.png\",\"width\":1000,\"height\":400,\"caption\":\"Holy Supps\"},\"image\":{\"@id\":\"https:\\\/\\\/www.holy-supps.nl\\\/#\\\/schema\\\/logo\\\/image\\\/\"},\"sameAs\":[\"https:\\\/\\\/www.facebook.com\\\/holy.supps\",\"https:\\\/\\\/www.instagram.com\\\/holy.supps.shop\\\/\"]}]}<\/script>\n<!-- \/ Yoast SEO plugin. -->","yoast_head_json":{"title":"Acetyl L-Carnitine - Aide \u00e0 la perte de poids - EHPLabs - Holy-Supps.fr","description":"Acetyl L-Carnitine de EHPLabs : stimule la combustion des graisses, l'\u00e9nergie et les fonctions c\u00e9r\u00e9brales. Favorise la perte de graisse et la r\u00e9cup\u00e9ration avec 100% de pure qualit\u00e9 pharmaceutique.","robots":{"index":"index","follow":"follow","max-snippet":"max-snippet:-1","max-image-preview":"max-image-preview:large","max-video-preview":"max-video-preview:-1"},"canonical":"https:\/\/www.holy-supps.nl\/fr\/produit\/acetyl-l-carnitine-aide-a-la-perte-de-poids-ehplabs\/","og_locale":"fr_FR","og_type":"article","og_title":"Acetyl L-Carnitine | Weight Loss Support \u2013 EHPLabs - Holy-Supps.nl","og_description":"Acetyl L-Carnitine van EHPLabs: boost vetverbranding, energie en hersenfunctie. Ondersteunt vetverlies en herstel met 100% pure farmaceutische kwaliteit.","og_url":"https:\/\/www.holy-supps.nl\/fr\/produit\/acetyl-l-carnitine-aide-a-la-perte-de-poids-ehplabs\/","og_site_name":"Holy-Supps.nl","article_publisher":"https:\/\/www.facebook.com\/holy.supps","article_modified_time":"2026-04-01T13:15:29+00:00","og_image":[{"width":1000,"height":1000,"url":"https:\/\/www.holy-supps.nl\/wp-content\/uploads\/2023\/03\/RAW-ALC1.webp","type":"image\/webp"}],"twitter_card":"summary_large_image","twitter_misc":{"Dur\u00e9e de lecture estim\u00e9e":"4 minutes"},"schema":{"@context":"https:\/\/schema.org","@graph":[{"@type":"WebPage","@id":"https:\/\/www.holy-supps.nl\/product\/acetyl-l-carnitine-weight-loss-support-ehplabs\/","url":"https:\/\/www.holy-supps.nl\/product\/acetyl-l-carnitine-weight-loss-support-ehplabs\/","name":"Acetyl L-Carnitine - Aide \u00e0 la perte de poids - EHPLabs - Holy-Supps.fr","isPartOf":{"@id":"https:\/\/www.holy-supps.nl\/#website"},"primaryImageOfPage":{"@id":"https:\/\/www.holy-supps.nl\/product\/acetyl-l-carnitine-weight-loss-support-ehplabs\/#primaryimage"},"image":{"@id":"https:\/\/www.holy-supps.nl\/product\/acetyl-l-carnitine-weight-loss-support-ehplabs\/#primaryimage"},"thumbnailUrl":"https:\/\/www.holy-supps.nl\/wp-content\/uploads\/2023\/03\/RAW-ALC1.webp","datePublished":"2023-03-04T13:54:13+00:00","dateModified":"2026-04-01T13:15:29+00:00","description":"Acetyl L-Carnitine de EHPLabs : stimule la combustion des graisses, l'\u00e9nergie et les fonctions c\u00e9r\u00e9brales. Favorise la perte de graisse et la r\u00e9cup\u00e9ration avec 100% de pure qualit\u00e9 pharmaceutique.","breadcrumb":{"@id":"https:\/\/www.holy-supps.nl\/product\/acetyl-l-carnitine-weight-loss-support-ehplabs\/#breadcrumb"},"inLanguage":"fr-FR","potentialAction":[{"@type":"ReadAction","target":["https:\/\/www.holy-supps.nl\/product\/acetyl-l-carnitine-weight-loss-support-ehplabs\/"]}]},{"@type":"ImageObject","inLanguage":"fr-FR","@id":"https:\/\/www.holy-supps.nl\/product\/acetyl-l-carnitine-weight-loss-support-ehplabs\/#primaryimage","url":"https:\/\/www.holy-supps.nl\/wp-content\/uploads\/2023\/03\/RAW-ALC1.webp","contentUrl":"https:\/\/www.holy-supps.nl\/wp-content\/uploads\/2023\/03\/RAW-ALC1.webp","width":1000,"height":1000},{"@type":"BreadcrumbList","@id":"https:\/\/www.holy-supps.nl\/product\/acetyl-l-carnitine-weight-loss-support-ehplabs\/#breadcrumb","itemListElement":[{"@type":"ListItem","position":1,"name":"Home","item":"https:\/\/www.holy-supps.nl\/"},{"@type":"ListItem","position":2,"name":"Winkel","item":"https:\/\/www.holy-supps.nl\/winkel\/"},{"@type":"ListItem","position":3,"name":"Acetyl L-Carnitine | Weight Loss Support \u2013 EHPLabs"}]},{"@type":"WebSite","@id":"https:\/\/www.holy-supps.nl\/#website","url":"https:\/\/www.holy-supps.nl\/","name":"Holy-Supps.co.uk","description":"Revendeur officiel EHPLabs !","publisher":{"@id":"https:\/\/www.holy-supps.nl\/#organization"},"potentialAction":[{"@type":"SearchAction","target":{"@type":"EntryPoint","urlTemplate":"https:\/\/www.holy-supps.nl\/?s={search_term_string}"},"query-input":{"@type":"PropertyValueSpecification","valueRequired":true,"valueName":"search_term_string"}}],"inLanguage":"fr-FR"},{"@type":"Organization","@id":"https:\/\/www.holy-supps.nl\/#organization","name":"Les Saints Souvenirs","url":"https:\/\/www.holy-supps.nl\/","logo":{"@type":"ImageObject","inLanguage":"fr-FR","@id":"https:\/\/www.holy-supps.nl\/#\/schema\/logo\/image\/","url":"https:\/\/www.holy-supps.nl\/wp-content\/uploads\/2023\/06\/HOLY-SUPPS.png","contentUrl":"https:\/\/www.holy-supps.nl\/wp-content\/uploads\/2023\/06\/HOLY-SUPPS.png","width":1000,"height":400,"caption":"Holy Supps"},"image":{"@id":"https:\/\/www.holy-supps.nl\/#\/schema\/logo\/image\/"},"sameAs":["https:\/\/www.facebook.com\/holy.supps","https:\/\/www.instagram.com\/holy.supps.shop\/"]}]}},"jetpack_sharing_enabled":true,"_links":{"self":[{"href":"https:\/\/www.holy-supps.nl\/fr\/wp-json\/wp\/v2\/product\/159","targetHints":{"allow":["GET"]}}],"collection":[{"href":"https:\/\/www.holy-supps.nl\/fr\/wp-json\/wp\/v2\/product"}],"about":[{"href":"https:\/\/www.holy-supps.nl\/fr\/wp-json\/wp\/v2\/types\/product"}],"replies":[{"embeddable":true,"href":"https:\/\/www.holy-supps.nl\/fr\/wp-json\/wp\/v2\/comments?post=159"}],"wp:featuredmedia":[{"embeddable":true,"href":"https:\/\/www.holy-supps.nl\/fr\/wp-json\/wp\/v2\/media\/160"}],"wp:attachment":[{"href":"https:\/\/www.holy-supps.nl\/fr\/wp-json\/wp\/v2\/media?parent=159"}],"wp:term":[{"taxonomy":"product_brand","embeddable":true,"href":"https:\/\/www.holy-supps.nl\/fr\/wp-json\/wp\/v2\/product_brand?post=159"},{"taxonomy":"product_cat","embeddable":true,"href":"https:\/\/www.holy-supps.nl\/fr\/wp-json\/wp\/v2\/product_cat?post=159"},{"taxonomy":"product_tag","embeddable":true,"href":"https:\/\/www.holy-supps.nl\/fr\/wp-json\/wp\/v2\/product_tag?post=159"}],"curies":[{"name":"wp","href":"https:\/\/api.w.org\/{rel}","templated":true}]}}