{"id":1540,"date":"2023-10-23T09:15:40","date_gmt":"2023-10-23T07:15:40","guid":{"rendered":"https:\/\/www.holy-supps.nl\/?post_type=product&#038;p=1540"},"modified":"2025-10-22T14:19:02","modified_gmt":"2025-10-22T12:19:02","slug":"oxyshred-ultra-energy-drink-rtd-355ml","status":"publish","type":"product","link":"https:\/\/www.holy-supps.nl\/fr\/product\/oxyshred-ultra-energy-drink-rtd-355ml\/","title":{"rendered":"OxyShred Ultra Energy Drink RTD - 355ML"},"content":{"rendered":"<div>\n<p data-start=\"209\" data-end=\"351\">OxyShred Ultra Energy est une boisson sans sucre contenant de la caf\u00e9ine, des extraits de plantes, des acides amin\u00e9s et un m\u00e9lange de vitamines et de min\u00e9raux.<\/p>\n<p data-start=\"353\" data-end=\"380\"><strong data-start=\"353\" data-end=\"378\">Points cl\u00e9s (neutres)<\/strong><\/p>\n<ul data-start=\"381\" data-end=\"656\">\n<li data-start=\"381\" data-end=\"496\">\n<p data-start=\"383\" data-end=\"496\">Contient diff\u00e9rentes sources de caf\u00e9ine (notamment de la caf\u00e9ine anhydre, de l'extrait de guarana et de l'extrait de th\u00e9 vert).<\/p>\n<\/li>\n<li data-start=\"497\" data-end=\"571\">\n<p data-start=\"499\" data-end=\"571\">Contient notamment de la L-carnitine, de la taurine, de la tyrosine, du chrome et de l'inositol.<\/p>\n<\/li>\n<li data-start=\"572\" data-end=\"620\">\n<p data-start=\"574\" data-end=\"620\">Contient un m\u00e9lange de vitamines B et de vitamine C.<\/p>\n<\/li>\n<li data-start=\"621\" data-end=\"656\">\n<p data-start=\"623\" data-end=\"656\">Sans sucre (voir valeurs nutritionnelles).<\/p>\n<\/li>\n<\/ul>\n<p data-start=\"658\" data-end=\"828\"><strong data-start=\"658\" data-end=\"669\">Utilisation<\/strong><br data-start=\"669\" data-end=\"672\" \/>Utilisation recommand\u00e9e : de pr\u00e9f\u00e9rence 20 minutes avant une s\u00e9ance d'entra\u00eenement. Suivre les instructions de dosage figurant sur l'\u00e9tiquette et ne pas d\u00e9passer la dose recommand\u00e9e.<\/p>\n<p data-start=\"830\" data-end=\"888\"><strong data-start=\"830\" data-end=\"886\">Valeurs nutritionnelles (par portion ; exemple \/ indicatif)<\/strong><\/p>\n<ul data-start=\"889\" data-end=\"1377\">\n<li data-start=\"889\" data-end=\"911\">\n<p data-start=\"891\" data-end=\"911\">Calories : 0 kcal*<\/p>\n<\/li>\n<li data-start=\"912\" data-end=\"931\">\n<p data-start=\"914\" data-end=\"931\">Mati\u00e8res grasses totales : 0 g<\/p>\n<\/li>\n<li data-start=\"932\" data-end=\"954\">\n<p data-start=\"934\" data-end=\"954\">Graisses satur\u00e9es : 0 g<\/p>\n<\/li>\n<li data-start=\"955\" data-end=\"984\">\n<p data-start=\"957\" data-end=\"984\">Glucides totaux : &lt;1 g<\/p>\n<\/li>\n<li data-start=\"985\" data-end=\"1000\">\n<p data-start=\"987\" data-end=\"1000\">Fibres : 0 g<\/p>\n<\/li>\n<li data-start=\"1001\" data-end=\"1051\">\n<p data-start=\"1003\" data-end=\"1051\">Sucres : 0 g (dont sucres ajout\u00e9s 0 g)<\/p>\n<\/li>\n<li data-start=\"1052\" data-end=\"1066\">\n<p data-start=\"1054\" data-end=\"1066\">Prot\u00e9ines : 0 g<\/p>\n<\/li>\n<li data-start=\"1067\" data-end=\"1085\">\n<p data-start=\"1069\" data-end=\"1085\">Sodium : 20 mg<\/p>\n<\/li>\n<li data-start=\"1086\" data-end=\"1103\">\n<p data-start=\"1088\" data-end=\"1103\">Potassium : 20 mg<\/p>\n<\/li>\n<li data-start=\"1104\" data-end=\"1135\">\n<p data-start=\"1106\" data-end=\"1135\">Vitamine C : 50 mg (\u2248 60% DV)<\/p>\n<\/li>\n<li data-start=\"1136\" data-end=\"1170\">\n<p data-start=\"1138\" data-end=\"1170\">Thiamine (B1) : 4 mg (\u2248330% DV)<\/p>\n<\/li>\n<li data-start=\"1171\" data-end=\"1208\">\n<p data-start=\"1173\" data-end=\"1208\">Riboflavine (B2) : 2 mg (\u2248150% DV)<\/p>\n<\/li>\n<li data-start=\"1209\" data-end=\"1243\">\n<p data-start=\"1211\" data-end=\"1243\">Niacine (B3) : 40 mg (\u2248250% DV)<\/p>\n<\/li>\n<li data-start=\"1244\" data-end=\"1275\">\n<p data-start=\"1246\" data-end=\"1275\">Vitamine B6 : 1 mg (\u2248 60% DV)<\/p>\n<\/li>\n<li data-start=\"1276\" data-end=\"1310\">\n<p data-start=\"1278\" data-end=\"1310\">Vitamine B12 : 10 \u00b5g (\u2248420% DV)<\/p>\n<\/li>\n<li data-start=\"1311\" data-end=\"1350\">\n<p data-start=\"1313\" data-end=\"1350\">Acide pantoth\u00e9nique (B5) : 2 mg (\u2248 40% DV)<\/p>\n<\/li>\n<li data-start=\"1351\" data-end=\"1377\">\n<p data-start=\"1353\" data-end=\"1377\">Chrome : 50 \u00b5g (\u2248140% DV)<\/p>\n<\/li>\n<\/ul>\n<p data-start=\"1379\" data-end=\"1433\">*Indication ; consulter l'\u00e9tiquette pour conna\u00eetre les valeurs exactes.<\/p>\n<p data-start=\"1435\" data-end=\"1656\"><strong data-start=\"1435\" data-end=\"1478\">Ingr\u00e9dients cl\u00e9s (r\u00e9sum\u00e9)<\/strong><br data-start=\"1478\" data-end=\"1481\" \/>Caf\u00e9ine anhydre, extrait de guarana, extrait de th\u00e9 vert, L-carnitine, taurine, tyrosine, chrome, inositol, m\u00e9lange de vitamines B et de vitamine C, ar\u00f4mes et \u00e9dulcorants.<\/p>\n<\/div>","protected":false},"excerpt":{"rendered":"<p>OxyShred Ultra Energy est une boisson \u00e9nergisante l\u00e9g\u00e8rement gazeuse et pr\u00eate \u00e0 boire de EHPlabs. Pas besoin de shaker - prenez-la, buvez-la et continuez votre journ\u00e9e. Disponible en 8 saveurs.<\/p>","protected":false},"featured_media":1553,"comment_status":"closed","ping_status":"closed","template":"","meta":[],"product_brand":[],"product_cat":[89,93,80,149,72,87,205,69,74,71,88,81,82,92,78],"product_tag":[],"class_list":{"0":"post-1540","1":"product","2":"type-product","3":"status-publish","4":"has-post-thumbnail","6":"product_cat-afvallen","7":"product_cat-bars-snacks","8":"product_cat-doel","9":"product_cat-ehplabs-vegan-merken","10":"product_cat-ehplabs","11":"product_cat-energie-focus","12":"product_cat-export","13":"product_cat-fatburners","14":"product_cat-health-wellness","15":"product_cat-merken","16":"product_cat-pre-workout-2","17":"product_cat-spieropbouw","18":"product_cat-vegan-merken","19":"product_cat-vitamine-mineralen","20":"product_cat-voeding-snacks","22":"first","23":"outofstock","24":"taxable","25":"shipping-taxable","26":"purchasable","27":"product-type-variable"},"yoast_head":"<!-- This site is optimized with the Yoast SEO plugin v27.5 - https:\/\/yoast.com\/product\/yoast-seo-wordpress\/ -->\n<title>OxyShred Ultra Energy Drink RTD - 355ML - Holy-Supps.nl<\/title>\n<meta name=\"description\" content=\"OxyShred Ultra Energy Drink: Suikervrij, energie-boostend drankje met vetverbranders, vitamines en no\u00f6tropica. Verhoog focus, energie en vetverlies!\" \/>\n<meta name=\"robots\" content=\"index, follow, max-snippet:-1, max-image-preview:large, max-video-preview:-1\" \/>\n<link rel=\"canonical\" href=\"https:\/\/www.holy-supps.nl\/fr\/produit\/oxyshred-ultra-energy-drink-rtd-355ml\/\" \/>\n<meta property=\"og:locale\" content=\"fr_FR\" \/>\n<meta property=\"og:type\" content=\"article\" \/>\n<meta property=\"og:title\" content=\"OxyShred Ultra Energy Drink RTD - 355ML - Holy-Supps.nl\" \/>\n<meta property=\"og:description\" content=\"OxyShred Ultra Energy Drink: Suikervrij, energie-boostend drankje met vetverbranders, vitamines en no\u00f6tropica. Verhoog focus, energie en vetverlies!\" \/>\n<meta property=\"og:url\" content=\"https:\/\/www.holy-supps.nl\/fr\/produit\/oxyshred-ultra-energy-drink-rtd-355ml\/\" \/>\n<meta property=\"og:site_name\" content=\"Holy-Supps.nl\" \/>\n<meta property=\"article:publisher\" content=\"https:\/\/www.facebook.com\/holy.supps\" \/>\n<meta property=\"article:modified_time\" content=\"2025-10-22T12:19:02+00:00\" \/>\n<meta property=\"og:image\" content=\"https:\/\/www.holy-supps.nl\/wp-content\/uploads\/2023\/10\/RTD_Product_Image_BAHAMA_BREEZE2.webp\" \/>\n\t<meta property=\"og:image:width\" content=\"1000\" \/>\n\t<meta property=\"og:image:height\" content=\"1000\" \/>\n\t<meta property=\"og:image:type\" content=\"image\/webp\" \/>\n<meta name=\"twitter:card\" content=\"summary_large_image\" \/>\n<meta name=\"twitter:label1\" content=\"Dur\u00e9e de lecture estim\u00e9e\" \/>\n\t<meta name=\"twitter:data1\" content=\"4 minutes\" \/>\n<script type=\"application\/ld+json\" class=\"yoast-schema-graph\">{\"@context\":\"https:\\\/\\\/schema.org\",\"@graph\":[{\"@type\":\"WebPage\",\"@id\":\"https:\\\/\\\/www.holy-supps.nl\\\/product\\\/oxyshred-ultra-energy-drink-rtd-355ml\\\/\",\"url\":\"https:\\\/\\\/www.holy-supps.nl\\\/product\\\/oxyshred-ultra-energy-drink-rtd-355ml\\\/\",\"name\":\"OxyShred Ultra Energy Drink RTD - 355ML - Holy-Supps.nl\",\"isPartOf\":{\"@id\":\"https:\\\/\\\/www.holy-supps.nl\\\/#website\"},\"primaryImageOfPage\":{\"@id\":\"https:\\\/\\\/www.holy-supps.nl\\\/product\\\/oxyshred-ultra-energy-drink-rtd-355ml\\\/#primaryimage\"},\"image\":{\"@id\":\"https:\\\/\\\/www.holy-supps.nl\\\/product\\\/oxyshred-ultra-energy-drink-rtd-355ml\\\/#primaryimage\"},\"thumbnailUrl\":\"https:\\\/\\\/www.holy-supps.nl\\\/wp-content\\\/uploads\\\/2023\\\/10\\\/RTD_Product_Image_BAHAMA_BREEZE2.webp\",\"datePublished\":\"2023-10-23T07:15:40+00:00\",\"dateModified\":\"2025-10-22T12:19:02+00:00\",\"description\":\"OxyShred Ultra Energy Drink: Suikervrij, energie-boostend drankje met vetverbranders, vitamines en no\u00f6tropica. Verhoog focus, energie en vetverlies!\",\"breadcrumb\":{\"@id\":\"https:\\\/\\\/www.holy-supps.nl\\\/product\\\/oxyshred-ultra-energy-drink-rtd-355ml\\\/#breadcrumb\"},\"inLanguage\":\"fr-FR\",\"potentialAction\":[{\"@type\":\"ReadAction\",\"target\":[\"https:\\\/\\\/www.holy-supps.nl\\\/product\\\/oxyshred-ultra-energy-drink-rtd-355ml\\\/\"]}]},{\"@type\":\"ImageObject\",\"inLanguage\":\"fr-FR\",\"@id\":\"https:\\\/\\\/www.holy-supps.nl\\\/product\\\/oxyshred-ultra-energy-drink-rtd-355ml\\\/#primaryimage\",\"url\":\"https:\\\/\\\/www.holy-supps.nl\\\/wp-content\\\/uploads\\\/2023\\\/10\\\/RTD_Product_Image_BAHAMA_BREEZE2.webp\",\"contentUrl\":\"https:\\\/\\\/www.holy-supps.nl\\\/wp-content\\\/uploads\\\/2023\\\/10\\\/RTD_Product_Image_BAHAMA_BREEZE2.webp\",\"width\":1000,\"height\":1000},{\"@type\":\"BreadcrumbList\",\"@id\":\"https:\\\/\\\/www.holy-supps.nl\\\/product\\\/oxyshred-ultra-energy-drink-rtd-355ml\\\/#breadcrumb\",\"itemListElement\":[{\"@type\":\"ListItem\",\"position\":1,\"name\":\"Home\",\"item\":\"https:\\\/\\\/www.holy-supps.nl\\\/\"},{\"@type\":\"ListItem\",\"position\":2,\"name\":\"Winkel\",\"item\":\"https:\\\/\\\/www.holy-supps.nl\\\/winkel\\\/\"},{\"@type\":\"ListItem\",\"position\":3,\"name\":\"OxyShred Ultra Energy Drink RTD &#8211; 355ML\"}]},{\"@type\":\"WebSite\",\"@id\":\"https:\\\/\\\/www.holy-supps.nl\\\/#website\",\"url\":\"https:\\\/\\\/www.holy-supps.nl\\\/\",\"name\":\"Holy-Supps.nl\",\"description\":\"Official EHPLabs Reseller!\",\"publisher\":{\"@id\":\"https:\\\/\\\/www.holy-supps.nl\\\/#organization\"},\"potentialAction\":[{\"@type\":\"SearchAction\",\"target\":{\"@type\":\"EntryPoint\",\"urlTemplate\":\"https:\\\/\\\/www.holy-supps.nl\\\/?s={search_term_string}\"},\"query-input\":{\"@type\":\"PropertyValueSpecification\",\"valueRequired\":true,\"valueName\":\"search_term_string\"}}],\"inLanguage\":\"fr-FR\"},{\"@type\":\"Organization\",\"@id\":\"https:\\\/\\\/www.holy-supps.nl\\\/#organization\",\"name\":\"Holy Supps\",\"url\":\"https:\\\/\\\/www.holy-supps.nl\\\/\",\"logo\":{\"@type\":\"ImageObject\",\"inLanguage\":\"fr-FR\",\"@id\":\"https:\\\/\\\/www.holy-supps.nl\\\/#\\\/schema\\\/logo\\\/image\\\/\",\"url\":\"https:\\\/\\\/www.holy-supps.nl\\\/wp-content\\\/uploads\\\/2023\\\/06\\\/HOLY-SUPPS.png\",\"contentUrl\":\"https:\\\/\\\/www.holy-supps.nl\\\/wp-content\\\/uploads\\\/2023\\\/06\\\/HOLY-SUPPS.png\",\"width\":1000,\"height\":400,\"caption\":\"Holy Supps\"},\"image\":{\"@id\":\"https:\\\/\\\/www.holy-supps.nl\\\/#\\\/schema\\\/logo\\\/image\\\/\"},\"sameAs\":[\"https:\\\/\\\/www.facebook.com\\\/holy.supps\",\"https:\\\/\\\/www.instagram.com\\\/holy.supps.shop\\\/\"]}]}<\/script>\n<!-- \/ Yoast SEO plugin. -->","yoast_head_json":{"title":"OxyShred Ultra Energy Drink RTD - 355ML - Holy-Supps.fr","description":"OxyShred Ultra Energy Drink : Boisson \u00e9nergisante sans sucre contenant des br\u00fbleurs de graisse, des vitamines et des nootropiques. Augmente la concentration, l'\u00e9nergie et la perte de graisse !","robots":{"index":"index","follow":"follow","max-snippet":"max-snippet:-1","max-image-preview":"max-image-preview:large","max-video-preview":"max-video-preview:-1"},"canonical":"https:\/\/www.holy-supps.nl\/fr\/produit\/oxyshred-ultra-energy-drink-rtd-355ml\/","og_locale":"fr_FR","og_type":"article","og_title":"OxyShred Ultra Energy Drink RTD - 355ML - Holy-Supps.nl","og_description":"OxyShred Ultra Energy Drink: Suikervrij, energie-boostend drankje met vetverbranders, vitamines en no\u00f6tropica. Verhoog focus, energie en vetverlies!","og_url":"https:\/\/www.holy-supps.nl\/fr\/produit\/oxyshred-ultra-energy-drink-rtd-355ml\/","og_site_name":"Holy-Supps.nl","article_publisher":"https:\/\/www.facebook.com\/holy.supps","article_modified_time":"2025-10-22T12:19:02+00:00","og_image":[{"width":1000,"height":1000,"url":"https:\/\/www.holy-supps.nl\/wp-content\/uploads\/2023\/10\/RTD_Product_Image_BAHAMA_BREEZE2.webp","type":"image\/webp"}],"twitter_card":"summary_large_image","twitter_misc":{"Dur\u00e9e de lecture estim\u00e9e":"4 minutes"},"schema":{"@context":"https:\/\/schema.org","@graph":[{"@type":"WebPage","@id":"https:\/\/www.holy-supps.nl\/product\/oxyshred-ultra-energy-drink-rtd-355ml\/","url":"https:\/\/www.holy-supps.nl\/product\/oxyshred-ultra-energy-drink-rtd-355ml\/","name":"OxyShred Ultra Energy Drink RTD - 355ML - Holy-Supps.fr","isPartOf":{"@id":"https:\/\/www.holy-supps.nl\/#website"},"primaryImageOfPage":{"@id":"https:\/\/www.holy-supps.nl\/product\/oxyshred-ultra-energy-drink-rtd-355ml\/#primaryimage"},"image":{"@id":"https:\/\/www.holy-supps.nl\/product\/oxyshred-ultra-energy-drink-rtd-355ml\/#primaryimage"},"thumbnailUrl":"https:\/\/www.holy-supps.nl\/wp-content\/uploads\/2023\/10\/RTD_Product_Image_BAHAMA_BREEZE2.webp","datePublished":"2023-10-23T07:15:40+00:00","dateModified":"2025-10-22T12:19:02+00:00","description":"OxyShred Ultra Energy Drink : Boisson \u00e9nergisante sans sucre contenant des br\u00fbleurs de graisse, des vitamines et des nootropiques. Augmente la concentration, l'\u00e9nergie et la perte de graisse !","breadcrumb":{"@id":"https:\/\/www.holy-supps.nl\/product\/oxyshred-ultra-energy-drink-rtd-355ml\/#breadcrumb"},"inLanguage":"fr-FR","potentialAction":[{"@type":"ReadAction","target":["https:\/\/www.holy-supps.nl\/product\/oxyshred-ultra-energy-drink-rtd-355ml\/"]}]},{"@type":"ImageObject","inLanguage":"fr-FR","@id":"https:\/\/www.holy-supps.nl\/product\/oxyshred-ultra-energy-drink-rtd-355ml\/#primaryimage","url":"https:\/\/www.holy-supps.nl\/wp-content\/uploads\/2023\/10\/RTD_Product_Image_BAHAMA_BREEZE2.webp","contentUrl":"https:\/\/www.holy-supps.nl\/wp-content\/uploads\/2023\/10\/RTD_Product_Image_BAHAMA_BREEZE2.webp","width":1000,"height":1000},{"@type":"BreadcrumbList","@id":"https:\/\/www.holy-supps.nl\/product\/oxyshred-ultra-energy-drink-rtd-355ml\/#breadcrumb","itemListElement":[{"@type":"ListItem","position":1,"name":"Home","item":"https:\/\/www.holy-supps.nl\/"},{"@type":"ListItem","position":2,"name":"Winkel","item":"https:\/\/www.holy-supps.nl\/winkel\/"},{"@type":"ListItem","position":3,"name":"OxyShred Ultra Energy Drink RTD &#8211; 355ML"}]},{"@type":"WebSite","@id":"https:\/\/www.holy-supps.nl\/#website","url":"https:\/\/www.holy-supps.nl\/","name":"Holy-Supps.co.uk","description":"Revendeur officiel EHPLabs !","publisher":{"@id":"https:\/\/www.holy-supps.nl\/#organization"},"potentialAction":[{"@type":"SearchAction","target":{"@type":"EntryPoint","urlTemplate":"https:\/\/www.holy-supps.nl\/?s={search_term_string}"},"query-input":{"@type":"PropertyValueSpecification","valueRequired":true,"valueName":"search_term_string"}}],"inLanguage":"fr-FR"},{"@type":"Organization","@id":"https:\/\/www.holy-supps.nl\/#organization","name":"Les Saints Souvenirs","url":"https:\/\/www.holy-supps.nl\/","logo":{"@type":"ImageObject","inLanguage":"fr-FR","@id":"https:\/\/www.holy-supps.nl\/#\/schema\/logo\/image\/","url":"https:\/\/www.holy-supps.nl\/wp-content\/uploads\/2023\/06\/HOLY-SUPPS.png","contentUrl":"https:\/\/www.holy-supps.nl\/wp-content\/uploads\/2023\/06\/HOLY-SUPPS.png","width":1000,"height":400,"caption":"Holy Supps"},"image":{"@id":"https:\/\/www.holy-supps.nl\/#\/schema\/logo\/image\/"},"sameAs":["https:\/\/www.facebook.com\/holy.supps","https:\/\/www.instagram.com\/holy.supps.shop\/"]}]}},"jetpack_sharing_enabled":true,"_links":{"self":[{"href":"https:\/\/www.holy-supps.nl\/fr\/wp-json\/wp\/v2\/product\/1540","targetHints":{"allow":["GET"]}}],"collection":[{"href":"https:\/\/www.holy-supps.nl\/fr\/wp-json\/wp\/v2\/product"}],"about":[{"href":"https:\/\/www.holy-supps.nl\/fr\/wp-json\/wp\/v2\/types\/product"}],"replies":[{"embeddable":true,"href":"https:\/\/www.holy-supps.nl\/fr\/wp-json\/wp\/v2\/comments?post=1540"}],"wp:featuredmedia":[{"embeddable":true,"href":"https:\/\/www.holy-supps.nl\/fr\/wp-json\/wp\/v2\/media\/1553"}],"wp:attachment":[{"href":"https:\/\/www.holy-supps.nl\/fr\/wp-json\/wp\/v2\/media?parent=1540"}],"wp:term":[{"taxonomy":"product_brand","embeddable":true,"href":"https:\/\/www.holy-supps.nl\/fr\/wp-json\/wp\/v2\/product_brand?post=1540"},{"taxonomy":"product_cat","embeddable":true,"href":"https:\/\/www.holy-supps.nl\/fr\/wp-json\/wp\/v2\/product_cat?post=1540"},{"taxonomy":"product_tag","embeddable":true,"href":"https:\/\/www.holy-supps.nl\/fr\/wp-json\/wp\/v2\/product_tag?post=1540"}],"curies":[{"name":"wp","href":"https:\/\/api.w.org\/{rel}","templated":true}]}}