{"id":1539,"date":"2023-10-23T09:15:40","date_gmt":"2023-10-23T07:15:40","guid":{"rendered":"https:\/\/www.holy-supps.nl\/?post_type=product&#038;p=1539"},"modified":"2025-08-26T15:08:17","modified_gmt":"2025-08-26T13:08:17","slug":"barres-proteinees-vegetales-benies-paquet-de-12","status":"publish","type":"product","link":"https:\/\/www.holy-supps.nl\/fr\/product\/blessed-plant-protein-bars-12-pack\/","title":{"rendered":"Barres prot\u00e9in\u00e9es v\u00e9g\u00e9tales b\u00e9nies (paquet de 12)"},"content":{"rendered":"<p>Wij begrijpen dat u hoge eisen stelt aan het voedsel dat u consumeert. Daarom hebben we de Blessed Plant Protein Bar gecre\u00eberd, de perfecte mix van smaak, textuur en voeding.<\/p>\n<h1>Quelles sont les principales caract\u00e9ristiques de Blessed Plant Protein Bar ?<\/h1>\n<ul>\n<li>23% prot\u00e9ine v\u00e9g\u00e9tale<\/li>\n<li>Convivialit\u00e9 et respect de l'environnement<\/li>\n<li>Sans gluten<\/li>\n<li>Niet GMO<\/li>\n<\/ul>\n<h1>Qu'est-ce qui nous diff\u00e9rencie des autres barres prot\u00e9in\u00e9es ?<\/h1>\n<p>Wat onze eiwitrepen echt onderscheidt, is de smaak en textuur. Vergeet de kalkachtige, neutrale repen met een vreemde nasmaak \u2013 onze repen zijn zorgvuldig samengesteld voor een heerlijke bite die je steeds weer wilt pakken. En het beste deel? Je kunt zonder schuldgevoel genieten van een tussendoortje dat past binnen een bewuste levensstijl.<\/p>\n<p>Ons product is ideaal voor studenten, werkende professionals en gezondheidsbewuste personen die op zoek zijn naar een snack die voedzaam en lekker is. Je kunt de Blessed Plant Protein Bar nemen als tussendoortje, voor of na de training, in de middagpauze of als snel ontbijt onderweg. Of je nu onderweg bent naar je volgende afspraak of een lange werkdag doorkomt, deze reep past perfect in je dag.<\/p>\n<p>De Blessed Plant Protein Bar is een uitstekende keuze voor iedereen die op zoek is naar een smakelijk en plantaardig alternatief voor traditionele snacks. Met de volle smaak, zachte textuur en zorgvuldig gekozen ingredi\u00ebnten wordt het al snel jouw favoriete snack. Probeer het vandaag nog en ontdek waarom zoveel klanten enthousiast zijn over dit product!<\/p>\n<h1>Utilisation<\/h1>\n<p>Consumeer 1 reep wanneer je maar wilt gedurende de dag. Dit is een handige vervanging voor een traditionele snack.<\/p>","protected":false},"excerpt":{"rendered":"<p>Voici la barre Blessed Plant Protein, l'en-cas ultime qui allie sant\u00e9 et gourmandise !<\/p>","protected":false},"featured_media":1552,"comment_status":"closed","ping_status":"closed","template":"","meta":[],"product_brand":[],"product_cat":[93,150,72,87,205,81,78],"product_tag":[],"class_list":{"0":"post-1539","1":"product","2":"type-product","3":"status-publish","4":"has-post-thumbnail","6":"product_cat-bars-snacks","7":"product_cat-blessed","8":"product_cat-ehplabs","9":"product_cat-energie-focus","10":"product_cat-export","11":"product_cat-spieropbouw","12":"product_cat-voeding-snacks","14":"first","15":"outofstock","16":"taxable","17":"shipping-taxable","18":"purchasable","19":"product-type-variable"},"yoast_head":"<!-- This site is optimized with the Yoast SEO plugin v27.3 - https:\/\/yoast.com\/product\/yoast-seo-wordpress\/ -->\n<title>Blessed Plant Protein Bars (12-pack) - Holy-Supps.nl<\/title>\n<meta name=\"description\" content=\"Geniet van heerlijke Blessed Plant Protein Bars (12-pack) met 23% plantaardig eiwit, vegan, glutenvrij en zonder schuldgevoelens. Perfect voor onderweg!\" \/>\n<meta name=\"robots\" content=\"index, follow, max-snippet:-1, max-image-preview:large, max-video-preview:-1\" \/>\n<link rel=\"canonical\" href=\"https:\/\/www.holy-supps.nl\/fr\/produit\/barres-proteinees-vegetales-benies-paquet-de-12\/\" \/>\n<meta property=\"og:locale\" content=\"fr_FR\" \/>\n<meta property=\"og:type\" content=\"article\" \/>\n<meta property=\"og:title\" content=\"Blessed Plant Protein Bars (12-pack) - Holy-Supps.nl\" \/>\n<meta property=\"og:description\" content=\"Geniet van heerlijke Blessed Plant Protein Bars (12-pack) met 23% plantaardig eiwit, vegan, glutenvrij en zonder schuldgevoelens. Perfect voor onderweg!\" \/>\n<meta property=\"og:url\" content=\"https:\/\/www.holy-supps.nl\/fr\/produit\/barres-proteinees-vegetales-benies-paquet-de-12\/\" \/>\n<meta property=\"og:site_name\" content=\"Holy-Supps.nl\" \/>\n<meta property=\"article:publisher\" content=\"https:\/\/www.facebook.com\/holy.supps\" \/>\n<meta property=\"article:modified_time\" content=\"2025-08-26T13:08:17+00:00\" \/>\n<meta property=\"og:image\" content=\"https:\/\/www.holy-supps.nl\/wp-content\/uploads\/2023\/10\/Blessed-Plant-Protein-Bar-Choc-Raspberry_1.webp\" \/>\n\t<meta property=\"og:image:width\" content=\"1000\" \/>\n\t<meta property=\"og:image:height\" content=\"1000\" \/>\n\t<meta property=\"og:image:type\" content=\"image\/webp\" \/>\n<meta name=\"twitter:card\" content=\"summary_large_image\" \/>\n<meta name=\"twitter:label1\" content=\"Dur\u00e9e de lecture estim\u00e9e\" \/>\n\t<meta name=\"twitter:data1\" content=\"5 minutes\" \/>\n<script type=\"application\/ld+json\" class=\"yoast-schema-graph\">{\"@context\":\"https:\\\/\\\/schema.org\",\"@graph\":[{\"@type\":\"WebPage\",\"@id\":\"https:\\\/\\\/www.holy-supps.nl\\\/product\\\/blessed-plant-protein-bars-12-pack\\\/\",\"url\":\"https:\\\/\\\/www.holy-supps.nl\\\/product\\\/blessed-plant-protein-bars-12-pack\\\/\",\"name\":\"Blessed Plant Protein Bars (12-pack) - Holy-Supps.nl\",\"isPartOf\":{\"@id\":\"https:\\\/\\\/www.holy-supps.nl\\\/#website\"},\"primaryImageOfPage\":{\"@id\":\"https:\\\/\\\/www.holy-supps.nl\\\/product\\\/blessed-plant-protein-bars-12-pack\\\/#primaryimage\"},\"image\":{\"@id\":\"https:\\\/\\\/www.holy-supps.nl\\\/product\\\/blessed-plant-protein-bars-12-pack\\\/#primaryimage\"},\"thumbnailUrl\":\"https:\\\/\\\/www.holy-supps.nl\\\/wp-content\\\/uploads\\\/2023\\\/10\\\/Blessed-Plant-Protein-Bar-Choc-Raspberry_1.webp\",\"datePublished\":\"2023-10-23T07:15:40+00:00\",\"dateModified\":\"2025-08-26T13:08:17+00:00\",\"description\":\"Geniet van heerlijke Blessed Plant Protein Bars (12-pack) met 23% plantaardig eiwit, vegan, glutenvrij en zonder schuldgevoelens. Perfect voor onderweg!\",\"breadcrumb\":{\"@id\":\"https:\\\/\\\/www.holy-supps.nl\\\/product\\\/blessed-plant-protein-bars-12-pack\\\/#breadcrumb\"},\"inLanguage\":\"fr-FR\",\"potentialAction\":[{\"@type\":\"ReadAction\",\"target\":[\"https:\\\/\\\/www.holy-supps.nl\\\/product\\\/blessed-plant-protein-bars-12-pack\\\/\"]}]},{\"@type\":\"ImageObject\",\"inLanguage\":\"fr-FR\",\"@id\":\"https:\\\/\\\/www.holy-supps.nl\\\/product\\\/blessed-plant-protein-bars-12-pack\\\/#primaryimage\",\"url\":\"https:\\\/\\\/www.holy-supps.nl\\\/wp-content\\\/uploads\\\/2023\\\/10\\\/Blessed-Plant-Protein-Bar-Choc-Raspberry_1.webp\",\"contentUrl\":\"https:\\\/\\\/www.holy-supps.nl\\\/wp-content\\\/uploads\\\/2023\\\/10\\\/Blessed-Plant-Protein-Bar-Choc-Raspberry_1.webp\",\"width\":1000,\"height\":1000},{\"@type\":\"BreadcrumbList\",\"@id\":\"https:\\\/\\\/www.holy-supps.nl\\\/product\\\/blessed-plant-protein-bars-12-pack\\\/#breadcrumb\",\"itemListElement\":[{\"@type\":\"ListItem\",\"position\":1,\"name\":\"Home\",\"item\":\"https:\\\/\\\/www.holy-supps.nl\\\/\"},{\"@type\":\"ListItem\",\"position\":2,\"name\":\"Winkel\",\"item\":\"https:\\\/\\\/www.holy-supps.nl\\\/winkel\\\/\"},{\"@type\":\"ListItem\",\"position\":3,\"name\":\"Blessed Plant Protein Bars (12-pack)\"}]},{\"@type\":\"WebSite\",\"@id\":\"https:\\\/\\\/www.holy-supps.nl\\\/#website\",\"url\":\"https:\\\/\\\/www.holy-supps.nl\\\/\",\"name\":\"Holy-Supps.nl\",\"description\":\"Official EHPLabs Reseller!\",\"publisher\":{\"@id\":\"https:\\\/\\\/www.holy-supps.nl\\\/#organization\"},\"potentialAction\":[{\"@type\":\"SearchAction\",\"target\":{\"@type\":\"EntryPoint\",\"urlTemplate\":\"https:\\\/\\\/www.holy-supps.nl\\\/?s={search_term_string}\"},\"query-input\":{\"@type\":\"PropertyValueSpecification\",\"valueRequired\":true,\"valueName\":\"search_term_string\"}}],\"inLanguage\":\"fr-FR\"},{\"@type\":\"Organization\",\"@id\":\"https:\\\/\\\/www.holy-supps.nl\\\/#organization\",\"name\":\"Holy Supps\",\"url\":\"https:\\\/\\\/www.holy-supps.nl\\\/\",\"logo\":{\"@type\":\"ImageObject\",\"inLanguage\":\"fr-FR\",\"@id\":\"https:\\\/\\\/www.holy-supps.nl\\\/#\\\/schema\\\/logo\\\/image\\\/\",\"url\":\"https:\\\/\\\/www.holy-supps.nl\\\/wp-content\\\/uploads\\\/2023\\\/06\\\/HOLY-SUPPS.png\",\"contentUrl\":\"https:\\\/\\\/www.holy-supps.nl\\\/wp-content\\\/uploads\\\/2023\\\/06\\\/HOLY-SUPPS.png\",\"width\":1000,\"height\":400,\"caption\":\"Holy Supps\"},\"image\":{\"@id\":\"https:\\\/\\\/www.holy-supps.nl\\\/#\\\/schema\\\/logo\\\/image\\\/\"},\"sameAs\":[\"https:\\\/\\\/www.facebook.com\\\/holy.supps\",\"https:\\\/\\\/www.instagram.com\\\/holy.supps.shop\\\/\"]}]}<\/script>\n<!-- \/ Yoast SEO plugin. -->","yoast_head_json":{"title":"Barres de prot\u00e9ines v\u00e9g\u00e9tales b\u00e9nies (paquet de 12) - Holy-Supps.fr","description":"Savourez les d\u00e9licieuses barres Blessed Plant Protein (paquet de 12) contenant des prot\u00e9ines v\u00e9g\u00e9tales 23%, v\u00e9g\u00e9taliennes, sans gluten et sans culpabilit\u00e9. Parfaites pour les d\u00e9placements !","robots":{"index":"index","follow":"follow","max-snippet":"max-snippet:-1","max-image-preview":"max-image-preview:large","max-video-preview":"max-video-preview:-1"},"canonical":"https:\/\/www.holy-supps.nl\/fr\/produit\/barres-proteinees-vegetales-benies-paquet-de-12\/","og_locale":"fr_FR","og_type":"article","og_title":"Blessed Plant Protein Bars (12-pack) - Holy-Supps.nl","og_description":"Geniet van heerlijke Blessed Plant Protein Bars (12-pack) met 23% plantaardig eiwit, vegan, glutenvrij en zonder schuldgevoelens. Perfect voor onderweg!","og_url":"https:\/\/www.holy-supps.nl\/fr\/produit\/barres-proteinees-vegetales-benies-paquet-de-12\/","og_site_name":"Holy-Supps.nl","article_publisher":"https:\/\/www.facebook.com\/holy.supps","article_modified_time":"2025-08-26T13:08:17+00:00","og_image":[{"width":1000,"height":1000,"url":"https:\/\/www.holy-supps.nl\/wp-content\/uploads\/2023\/10\/Blessed-Plant-Protein-Bar-Choc-Raspberry_1.webp","type":"image\/webp"}],"twitter_card":"summary_large_image","twitter_misc":{"Dur\u00e9e de lecture estim\u00e9e":"5 minutes"},"schema":{"@context":"https:\/\/schema.org","@graph":[{"@type":"WebPage","@id":"https:\/\/www.holy-supps.nl\/product\/blessed-plant-protein-bars-12-pack\/","url":"https:\/\/www.holy-supps.nl\/product\/blessed-plant-protein-bars-12-pack\/","name":"Barres de prot\u00e9ines v\u00e9g\u00e9tales b\u00e9nies (paquet de 12) - Holy-Supps.fr","isPartOf":{"@id":"https:\/\/www.holy-supps.nl\/#website"},"primaryImageOfPage":{"@id":"https:\/\/www.holy-supps.nl\/product\/blessed-plant-protein-bars-12-pack\/#primaryimage"},"image":{"@id":"https:\/\/www.holy-supps.nl\/product\/blessed-plant-protein-bars-12-pack\/#primaryimage"},"thumbnailUrl":"https:\/\/www.holy-supps.nl\/wp-content\/uploads\/2023\/10\/Blessed-Plant-Protein-Bar-Choc-Raspberry_1.webp","datePublished":"2023-10-23T07:15:40+00:00","dateModified":"2025-08-26T13:08:17+00:00","description":"Savourez les d\u00e9licieuses barres Blessed Plant Protein (paquet de 12) contenant des prot\u00e9ines v\u00e9g\u00e9tales 23%, v\u00e9g\u00e9taliennes, sans gluten et sans culpabilit\u00e9. Parfaites pour les d\u00e9placements !","breadcrumb":{"@id":"https:\/\/www.holy-supps.nl\/product\/blessed-plant-protein-bars-12-pack\/#breadcrumb"},"inLanguage":"fr-FR","potentialAction":[{"@type":"ReadAction","target":["https:\/\/www.holy-supps.nl\/product\/blessed-plant-protein-bars-12-pack\/"]}]},{"@type":"ImageObject","inLanguage":"fr-FR","@id":"https:\/\/www.holy-supps.nl\/product\/blessed-plant-protein-bars-12-pack\/#primaryimage","url":"https:\/\/www.holy-supps.nl\/wp-content\/uploads\/2023\/10\/Blessed-Plant-Protein-Bar-Choc-Raspberry_1.webp","contentUrl":"https:\/\/www.holy-supps.nl\/wp-content\/uploads\/2023\/10\/Blessed-Plant-Protein-Bar-Choc-Raspberry_1.webp","width":1000,"height":1000},{"@type":"BreadcrumbList","@id":"https:\/\/www.holy-supps.nl\/product\/blessed-plant-protein-bars-12-pack\/#breadcrumb","itemListElement":[{"@type":"ListItem","position":1,"name":"Home","item":"https:\/\/www.holy-supps.nl\/"},{"@type":"ListItem","position":2,"name":"Winkel","item":"https:\/\/www.holy-supps.nl\/winkel\/"},{"@type":"ListItem","position":3,"name":"Blessed Plant Protein Bars (12-pack)"}]},{"@type":"WebSite","@id":"https:\/\/www.holy-supps.nl\/#website","url":"https:\/\/www.holy-supps.nl\/","name":"Holy-Supps.co.uk","description":"Revendeur officiel EHPLabs !","publisher":{"@id":"https:\/\/www.holy-supps.nl\/#organization"},"potentialAction":[{"@type":"SearchAction","target":{"@type":"EntryPoint","urlTemplate":"https:\/\/www.holy-supps.nl\/?s={search_term_string}"},"query-input":{"@type":"PropertyValueSpecification","valueRequired":true,"valueName":"search_term_string"}}],"inLanguage":"fr-FR"},{"@type":"Organization","@id":"https:\/\/www.holy-supps.nl\/#organization","name":"Les Saints Souvenirs","url":"https:\/\/www.holy-supps.nl\/","logo":{"@type":"ImageObject","inLanguage":"fr-FR","@id":"https:\/\/www.holy-supps.nl\/#\/schema\/logo\/image\/","url":"https:\/\/www.holy-supps.nl\/wp-content\/uploads\/2023\/06\/HOLY-SUPPS.png","contentUrl":"https:\/\/www.holy-supps.nl\/wp-content\/uploads\/2023\/06\/HOLY-SUPPS.png","width":1000,"height":400,"caption":"Holy Supps"},"image":{"@id":"https:\/\/www.holy-supps.nl\/#\/schema\/logo\/image\/"},"sameAs":["https:\/\/www.facebook.com\/holy.supps","https:\/\/www.instagram.com\/holy.supps.shop\/"]}]}},"jetpack_sharing_enabled":true,"_links":{"self":[{"href":"https:\/\/www.holy-supps.nl\/fr\/wp-json\/wp\/v2\/product\/1539","targetHints":{"allow":["GET"]}}],"collection":[{"href":"https:\/\/www.holy-supps.nl\/fr\/wp-json\/wp\/v2\/product"}],"about":[{"href":"https:\/\/www.holy-supps.nl\/fr\/wp-json\/wp\/v2\/types\/product"}],"replies":[{"embeddable":true,"href":"https:\/\/www.holy-supps.nl\/fr\/wp-json\/wp\/v2\/comments?post=1539"}],"wp:featuredmedia":[{"embeddable":true,"href":"https:\/\/www.holy-supps.nl\/fr\/wp-json\/wp\/v2\/media\/1552"}],"wp:attachment":[{"href":"https:\/\/www.holy-supps.nl\/fr\/wp-json\/wp\/v2\/media?parent=1539"}],"wp:term":[{"taxonomy":"product_brand","embeddable":true,"href":"https:\/\/www.holy-supps.nl\/fr\/wp-json\/wp\/v2\/product_brand?post=1539"},{"taxonomy":"product_cat","embeddable":true,"href":"https:\/\/www.holy-supps.nl\/fr\/wp-json\/wp\/v2\/product_cat?post=1539"},{"taxonomy":"product_tag","embeddable":true,"href":"https:\/\/www.holy-supps.nl\/fr\/wp-json\/wp\/v2\/product_tag?post=1539"}],"curies":[{"name":"wp","href":"https:\/\/api.w.org\/{rel}","templated":true}]}}