{"id":1538,"date":"2023-10-23T09:15:39","date_gmt":"2023-10-23T07:15:39","guid":{"rendered":"https:\/\/www.holy-supps.nl\/?post_type=product&#038;p=1538"},"modified":"2025-08-26T15:14:17","modified_gmt":"2025-08-26T13:14:17","slug":"blessed-gainz-plant-based-muscle-gainer-ehplabs","status":"publish","type":"product","link":"https:\/\/www.holy-supps.nl\/fr\/product\/blessed-gainz-plant-based-muscle-gainer-ehplabs-2\/","title":{"rendered":"Blessed Gainz - Muscle Gainer \u00e0 base de plantes - EHPLabs"},"content":{"rendered":"<p>Mooi Dit product is een praktische keuze voor iedereen die een plantaardig dieet volgt en op zoek is naar een voedingsrijke aanvulling. Blessed Gainz combineert een unieke mix van zorgvuldig geselecteerde ingredi\u00ebnten die passen binnen een gevarieerd voedingspatroon.<\/p>\n<h1>Erwten prote\u00efne isolaat<\/h1>\n<p>Een van de belangrijkste componenten van Blessed Gainz is erwteneiwitisolaat. Deze plantaardige eiwitbron is gemaakt van gele erwten en wordt vaak gebruikt als alternatief voor dierlijke eiwitten. Erwteneiwitisolaat bevat alle essenti\u00eble aminozuren, waaronder vertakte aminozuren (BCAA\u2019s).<\/p>\n<h1>Real-Food Koolhydratenmengsel<\/h1>\n<p>Blessed Gainz bevat een mix van drie natuurlijke koolhydraatbronnen: Organic TapiOK\u00ae (Organic Tapioca), rijstpoeder en prebiotische groene bananenvezels. Deze combinatie levert oplosbare vezels en geeft het product een veelzijdig profiel.<\/p>\n<h1>Met antioxidanten en spijsverteringsenzymen<\/h1>\n<p>Bij de samenstelling van Blessed Gainz is ook aandacht besteed aan extra componenten zoals antioxidanten en spijsverteringsenzymen. Deze mix maakt het product compleet en sluit goed aan bij een bewuste levensstijl.<\/p>\n<p>Naast de uitgebalanceerde samenstelling is Blessed Gainz ook gemakkelijk in gebruik. Meng eenvoudig een schepje poeder met water of je favoriete drankje, schud goed en het is klaar. Handig voor elk moment van de dag.<\/p>\n<h1>Gebruik<\/h1>\n<p id=\"tw-target-text\" class=\"tw-data-text tw-text-large tw-ta\" dir=\"ltr\" data-placeholder=\"Vertaling\"><span class=\"Y2IQFc\" lang=\"nl\">Meng 1-2 maatschepjes met 250-500 ml (8,5-17 oz) gekoeld water of amandelmelk in een schudfles. Kan op elk moment van de dag worden ingenomen, puur (met water) of gemengd in smoothies, yoghurt, sap enz.<\/span><\/p>\n<h1>Gewicht<\/h1>\n<p id=\"tw-target-text\" class=\"tw-data-text tw-text-large tw-ta\" dir=\"ltr\" data-placeholder=\"Vertaling\"><span class=\"Y2IQFc\" lang=\"nl\">1,5 KG, per smaak kan dit licht afwijken.<\/span><\/p>\n<h1>Ingredi\u00ebnten<\/h1>\n<p id=\"tw-target-text\" class=\"tw-data-text tw-text-large tw-ta\" dir=\"ltr\" data-placeholder=\"Vertaling\"><em>PEANUT BUTTER<\/em><\/p>\n<p>Erwtenprote\u00efne-isolaat, TapiOK\u00ae organische tapiocamaltodextrine, pindameel, natuurlijke smaakstoffen, rijstmeel, groene bananenmeel, Himalaya-steenzout, zonnebloemoliecreamer (zonnebloemolie [met natuurlijke tocoferolen], maltodextrine, gemodificeerd voedselzetmeel, mono- en diglyceriden), Stevia-extract, MCT-oliepoeder (triglyceriden met middellange ketens, acaciagom), biologisch psylliumschilpoeder, biologische acai, biologisch bosbessenpoeder, biologische gojibessen, protease, amylase, lipase, cellulase.<\/p>\n<p class=\"tw-data-text tw-text-large tw-ta\" dir=\"ltr\" data-placeholder=\"Vertaling\"><span class=\"Y2IQFc\" lang=\"nl\"><em>VANILLA CINNAMON SWIRL<\/em><\/span><\/p>\n<p>Erwtenprote\u00efne-isolaat, TapiOK\u00ae biologische tapiocamaltodextrine, rijstmeel, groene bananenmeel, natuurlijke smaakstoffen, zonnebloemoliecreamer (zonnebloemolie [met natuurlijke tocoferolen], maltodextrine, gemodificeerd voedselzetmeel, mono- en diglyceriden), Himalaya-steenzout, Stevia-extract, MCT-oliepoeder (middellange keten triglyceriden, acaciagom), kaneelpoeder, biologisch psylliumschilpoeder, biologische acai, biologisch bosbessenpoeder, biologische gojibessen, protease, amylase, lipase, cellulase.<\/p>\n<p>LET OP: Gebruik dit product uitsluitend als voedingssupplement. Niet gebruiken voor gewichtsvermindering.<\/p>\n","protected":false},"excerpt":{"rendered":"<p>Un Mass Gainer enti\u00e8rement naturel, v\u00e9g\u00e9talien et \u00e0 base de plantes avec 40 grammes de prot\u00e9ines et 20 grammes d'hydrates de carbone d'origine alimentaire.<\/p>","protected":false},"featured_media":1551,"comment_status":"closed","ping_status":"closed","template":"","meta":[],"product_brand":[],"product_cat":[86,77,72,67,205,203,81],"product_tag":[],"class_list":{"0":"post-1538","1":"product","2":"type-product","3":"status-publish","4":"has-post-thumbnail","6":"product_cat-aankomen","7":"product_cat-bundles-save","8":"product_cat-ehplabs","9":"product_cat-eiwitten-proteine","10":"product_cat-export","11":"product_cat-mass-gainers","12":"product_cat-spieropbouw","14":"first","15":"outofstock","16":"sale","17":"taxable","18":"shipping-taxable","19":"purchasable","20":"product-type-variable"},"yoast_head":"<!-- This site is optimized with the Yoast SEO plugin v27.4 - https:\/\/yoast.com\/product\/yoast-seo-wordpress\/ -->\n<title>Blessed Gainz - Plant Based Muscle Gainer - EHPLabs - Holy-Supps.nl<\/title>\n<meta name=\"description\" content=\"Blessed Gainz: Plantaardige spiergroei gainer met erwtenprote\u00efne, echte voedingskoolhydraten en antioxidanten. Perfect voor herstel en spieropbouw!\" \/>\n<meta name=\"robots\" content=\"index, follow, max-snippet:-1, max-image-preview:large, max-video-preview:-1\" \/>\n<link rel=\"canonical\" href=\"https:\/\/www.holy-supps.nl\/fr\/produit\/blessed-gainz-plant-based-muscle-gainer-ehplabs\/\" \/>\n<meta property=\"og:locale\" content=\"fr_FR\" \/>\n<meta property=\"og:type\" content=\"article\" \/>\n<meta property=\"og:title\" content=\"Blessed Gainz - Plant Based Muscle Gainer - EHPLabs - Holy-Supps.nl\" \/>\n<meta property=\"og:description\" content=\"Blessed Gainz: Plantaardige spiergroei gainer met erwtenprote\u00efne, echte voedingskoolhydraten en antioxidanten. Perfect voor herstel en spieropbouw!\" \/>\n<meta property=\"og:url\" content=\"https:\/\/www.holy-supps.nl\/fr\/produit\/blessed-gainz-plant-based-muscle-gainer-ehplabs\/\" \/>\n<meta property=\"og:site_name\" content=\"Holy-Supps.nl\" \/>\n<meta property=\"article:publisher\" content=\"https:\/\/www.facebook.com\/holy.supps\" \/>\n<meta property=\"article:modified_time\" content=\"2025-08-26T13:14:17+00:00\" \/>\n<meta property=\"og:image\" content=\"https:\/\/www.holy-supps.nl\/wp-content\/uploads\/2023\/10\/BlessedGainzVAUFRONT-1.webp\" \/>\n\t<meta property=\"og:image:width\" content=\"1000\" \/>\n\t<meta property=\"og:image:height\" content=\"1000\" \/>\n\t<meta property=\"og:image:type\" content=\"image\/webp\" \/>\n<meta name=\"twitter:card\" content=\"summary_large_image\" \/>\n<meta name=\"twitter:label1\" content=\"Dur\u00e9e de lecture estim\u00e9e\" \/>\n\t<meta name=\"twitter:data1\" content=\"3 minutes\" \/>\n<script type=\"application\/ld+json\" class=\"yoast-schema-graph\">{\"@context\":\"https:\\\/\\\/schema.org\",\"@graph\":[{\"@type\":\"WebPage\",\"@id\":\"https:\\\/\\\/www.holy-supps.nl\\\/product\\\/blessed-gainz-plant-based-muscle-gainer-ehplabs-2\\\/\",\"url\":\"https:\\\/\\\/www.holy-supps.nl\\\/product\\\/blessed-gainz-plant-based-muscle-gainer-ehplabs-2\\\/\",\"name\":\"Blessed Gainz - Plant Based Muscle Gainer - EHPLabs - Holy-Supps.nl\",\"isPartOf\":{\"@id\":\"https:\\\/\\\/www.holy-supps.nl\\\/#website\"},\"primaryImageOfPage\":{\"@id\":\"https:\\\/\\\/www.holy-supps.nl\\\/product\\\/blessed-gainz-plant-based-muscle-gainer-ehplabs-2\\\/#primaryimage\"},\"image\":{\"@id\":\"https:\\\/\\\/www.holy-supps.nl\\\/product\\\/blessed-gainz-plant-based-muscle-gainer-ehplabs-2\\\/#primaryimage\"},\"thumbnailUrl\":\"https:\\\/\\\/www.holy-supps.nl\\\/wp-content\\\/uploads\\\/2023\\\/10\\\/BlessedGainzVAUFRONT-1.webp\",\"datePublished\":\"2023-10-23T07:15:39+00:00\",\"dateModified\":\"2025-08-26T13:14:17+00:00\",\"description\":\"Blessed Gainz: Plantaardige spiergroei gainer met erwtenprote\u00efne, echte voedingskoolhydraten en antioxidanten. Perfect voor herstel en spieropbouw!\",\"breadcrumb\":{\"@id\":\"https:\\\/\\\/www.holy-supps.nl\\\/product\\\/blessed-gainz-plant-based-muscle-gainer-ehplabs-2\\\/#breadcrumb\"},\"inLanguage\":\"fr-FR\",\"potentialAction\":[{\"@type\":\"ReadAction\",\"target\":[\"https:\\\/\\\/www.holy-supps.nl\\\/product\\\/blessed-gainz-plant-based-muscle-gainer-ehplabs-2\\\/\"]}]},{\"@type\":\"ImageObject\",\"inLanguage\":\"fr-FR\",\"@id\":\"https:\\\/\\\/www.holy-supps.nl\\\/product\\\/blessed-gainz-plant-based-muscle-gainer-ehplabs-2\\\/#primaryimage\",\"url\":\"https:\\\/\\\/www.holy-supps.nl\\\/wp-content\\\/uploads\\\/2023\\\/10\\\/BlessedGainzVAUFRONT-1.webp\",\"contentUrl\":\"https:\\\/\\\/www.holy-supps.nl\\\/wp-content\\\/uploads\\\/2023\\\/10\\\/BlessedGainzVAUFRONT-1.webp\",\"width\":1000,\"height\":1000},{\"@type\":\"BreadcrumbList\",\"@id\":\"https:\\\/\\\/www.holy-supps.nl\\\/product\\\/blessed-gainz-plant-based-muscle-gainer-ehplabs-2\\\/#breadcrumb\",\"itemListElement\":[{\"@type\":\"ListItem\",\"position\":1,\"name\":\"Home\",\"item\":\"https:\\\/\\\/www.holy-supps.nl\\\/\"},{\"@type\":\"ListItem\",\"position\":2,\"name\":\"Winkel\",\"item\":\"https:\\\/\\\/www.holy-supps.nl\\\/winkel\\\/\"},{\"@type\":\"ListItem\",\"position\":3,\"name\":\"Blessed Gainz &#8211; Plant Based Muscle Gainer &#8211; EHPLabs\"}]},{\"@type\":\"WebSite\",\"@id\":\"https:\\\/\\\/www.holy-supps.nl\\\/#website\",\"url\":\"https:\\\/\\\/www.holy-supps.nl\\\/\",\"name\":\"Holy-Supps.nl\",\"description\":\"Official EHPLabs Reseller!\",\"publisher\":{\"@id\":\"https:\\\/\\\/www.holy-supps.nl\\\/#organization\"},\"potentialAction\":[{\"@type\":\"SearchAction\",\"target\":{\"@type\":\"EntryPoint\",\"urlTemplate\":\"https:\\\/\\\/www.holy-supps.nl\\\/?s={search_term_string}\"},\"query-input\":{\"@type\":\"PropertyValueSpecification\",\"valueRequired\":true,\"valueName\":\"search_term_string\"}}],\"inLanguage\":\"fr-FR\"},{\"@type\":\"Organization\",\"@id\":\"https:\\\/\\\/www.holy-supps.nl\\\/#organization\",\"name\":\"Holy Supps\",\"url\":\"https:\\\/\\\/www.holy-supps.nl\\\/\",\"logo\":{\"@type\":\"ImageObject\",\"inLanguage\":\"fr-FR\",\"@id\":\"https:\\\/\\\/www.holy-supps.nl\\\/#\\\/schema\\\/logo\\\/image\\\/\",\"url\":\"https:\\\/\\\/www.holy-supps.nl\\\/wp-content\\\/uploads\\\/2023\\\/06\\\/HOLY-SUPPS.png\",\"contentUrl\":\"https:\\\/\\\/www.holy-supps.nl\\\/wp-content\\\/uploads\\\/2023\\\/06\\\/HOLY-SUPPS.png\",\"width\":1000,\"height\":400,\"caption\":\"Holy Supps\"},\"image\":{\"@id\":\"https:\\\/\\\/www.holy-supps.nl\\\/#\\\/schema\\\/logo\\\/image\\\/\"},\"sameAs\":[\"https:\\\/\\\/www.facebook.com\\\/holy.supps\",\"https:\\\/\\\/www.instagram.com\\\/holy.supps.shop\\\/\"]}]}<\/script>\n<!-- \/ Yoast SEO plugin. -->","yoast_head_json":{"title":"Blessed Gainz - Muscle Gainer \u00e0 base de plantes - EHPLabs - Holy-Supps.fr","description":"Blessed Gainz : un gainer de croissance musculaire \u00e0 base de plantes avec des prot\u00e9ines de pois, des hydrates de carbone issus de la vraie nourriture et des antioxydants. Parfait pour la r\u00e9cup\u00e9ration et la construction musculaire !","robots":{"index":"index","follow":"follow","max-snippet":"max-snippet:-1","max-image-preview":"max-image-preview:large","max-video-preview":"max-video-preview:-1"},"canonical":"https:\/\/www.holy-supps.nl\/fr\/produit\/blessed-gainz-plant-based-muscle-gainer-ehplabs\/","og_locale":"fr_FR","og_type":"article","og_title":"Blessed Gainz - Plant Based Muscle Gainer - EHPLabs - Holy-Supps.nl","og_description":"Blessed Gainz: Plantaardige spiergroei gainer met erwtenprote\u00efne, echte voedingskoolhydraten en antioxidanten. Perfect voor herstel en spieropbouw!","og_url":"https:\/\/www.holy-supps.nl\/fr\/produit\/blessed-gainz-plant-based-muscle-gainer-ehplabs\/","og_site_name":"Holy-Supps.nl","article_publisher":"https:\/\/www.facebook.com\/holy.supps","article_modified_time":"2025-08-26T13:14:17+00:00","og_image":[{"width":1000,"height":1000,"url":"https:\/\/www.holy-supps.nl\/wp-content\/uploads\/2023\/10\/BlessedGainzVAUFRONT-1.webp","type":"image\/webp"}],"twitter_card":"summary_large_image","twitter_misc":{"Dur\u00e9e de lecture estim\u00e9e":"3 minutes"},"schema":{"@context":"https:\/\/schema.org","@graph":[{"@type":"WebPage","@id":"https:\/\/www.holy-supps.nl\/product\/blessed-gainz-plant-based-muscle-gainer-ehplabs-2\/","url":"https:\/\/www.holy-supps.nl\/product\/blessed-gainz-plant-based-muscle-gainer-ehplabs-2\/","name":"Blessed Gainz - Muscle Gainer \u00e0 base de plantes - EHPLabs - Holy-Supps.fr","isPartOf":{"@id":"https:\/\/www.holy-supps.nl\/#website"},"primaryImageOfPage":{"@id":"https:\/\/www.holy-supps.nl\/product\/blessed-gainz-plant-based-muscle-gainer-ehplabs-2\/#primaryimage"},"image":{"@id":"https:\/\/www.holy-supps.nl\/product\/blessed-gainz-plant-based-muscle-gainer-ehplabs-2\/#primaryimage"},"thumbnailUrl":"https:\/\/www.holy-supps.nl\/wp-content\/uploads\/2023\/10\/BlessedGainzVAUFRONT-1.webp","datePublished":"2023-10-23T07:15:39+00:00","dateModified":"2025-08-26T13:14:17+00:00","description":"Blessed Gainz : un gainer de croissance musculaire \u00e0 base de plantes avec des prot\u00e9ines de pois, des hydrates de carbone issus de la vraie nourriture et des antioxydants. Parfait pour la r\u00e9cup\u00e9ration et la construction musculaire !","breadcrumb":{"@id":"https:\/\/www.holy-supps.nl\/product\/blessed-gainz-plant-based-muscle-gainer-ehplabs-2\/#breadcrumb"},"inLanguage":"fr-FR","potentialAction":[{"@type":"ReadAction","target":["https:\/\/www.holy-supps.nl\/product\/blessed-gainz-plant-based-muscle-gainer-ehplabs-2\/"]}]},{"@type":"ImageObject","inLanguage":"fr-FR","@id":"https:\/\/www.holy-supps.nl\/product\/blessed-gainz-plant-based-muscle-gainer-ehplabs-2\/#primaryimage","url":"https:\/\/www.holy-supps.nl\/wp-content\/uploads\/2023\/10\/BlessedGainzVAUFRONT-1.webp","contentUrl":"https:\/\/www.holy-supps.nl\/wp-content\/uploads\/2023\/10\/BlessedGainzVAUFRONT-1.webp","width":1000,"height":1000},{"@type":"BreadcrumbList","@id":"https:\/\/www.holy-supps.nl\/product\/blessed-gainz-plant-based-muscle-gainer-ehplabs-2\/#breadcrumb","itemListElement":[{"@type":"ListItem","position":1,"name":"Home","item":"https:\/\/www.holy-supps.nl\/"},{"@type":"ListItem","position":2,"name":"Winkel","item":"https:\/\/www.holy-supps.nl\/winkel\/"},{"@type":"ListItem","position":3,"name":"Blessed Gainz &#8211; Plant Based Muscle Gainer &#8211; EHPLabs"}]},{"@type":"WebSite","@id":"https:\/\/www.holy-supps.nl\/#website","url":"https:\/\/www.holy-supps.nl\/","name":"Holy-Supps.co.uk","description":"Revendeur officiel EHPLabs !","publisher":{"@id":"https:\/\/www.holy-supps.nl\/#organization"},"potentialAction":[{"@type":"SearchAction","target":{"@type":"EntryPoint","urlTemplate":"https:\/\/www.holy-supps.nl\/?s={search_term_string}"},"query-input":{"@type":"PropertyValueSpecification","valueRequired":true,"valueName":"search_term_string"}}],"inLanguage":"fr-FR"},{"@type":"Organization","@id":"https:\/\/www.holy-supps.nl\/#organization","name":"Les Saints Souvenirs","url":"https:\/\/www.holy-supps.nl\/","logo":{"@type":"ImageObject","inLanguage":"fr-FR","@id":"https:\/\/www.holy-supps.nl\/#\/schema\/logo\/image\/","url":"https:\/\/www.holy-supps.nl\/wp-content\/uploads\/2023\/06\/HOLY-SUPPS.png","contentUrl":"https:\/\/www.holy-supps.nl\/wp-content\/uploads\/2023\/06\/HOLY-SUPPS.png","width":1000,"height":400,"caption":"Holy Supps"},"image":{"@id":"https:\/\/www.holy-supps.nl\/#\/schema\/logo\/image\/"},"sameAs":["https:\/\/www.facebook.com\/holy.supps","https:\/\/www.instagram.com\/holy.supps.shop\/"]}]}},"jetpack_sharing_enabled":true,"_links":{"self":[{"href":"https:\/\/www.holy-supps.nl\/fr\/wp-json\/wp\/v2\/product\/1538","targetHints":{"allow":["GET"]}}],"collection":[{"href":"https:\/\/www.holy-supps.nl\/fr\/wp-json\/wp\/v2\/product"}],"about":[{"href":"https:\/\/www.holy-supps.nl\/fr\/wp-json\/wp\/v2\/types\/product"}],"replies":[{"embeddable":true,"href":"https:\/\/www.holy-supps.nl\/fr\/wp-json\/wp\/v2\/comments?post=1538"}],"wp:featuredmedia":[{"embeddable":true,"href":"https:\/\/www.holy-supps.nl\/fr\/wp-json\/wp\/v2\/media\/1551"}],"wp:attachment":[{"href":"https:\/\/www.holy-supps.nl\/fr\/wp-json\/wp\/v2\/media?parent=1538"}],"wp:term":[{"taxonomy":"product_brand","embeddable":true,"href":"https:\/\/www.holy-supps.nl\/fr\/wp-json\/wp\/v2\/product_brand?post=1538"},{"taxonomy":"product_cat","embeddable":true,"href":"https:\/\/www.holy-supps.nl\/fr\/wp-json\/wp\/v2\/product_cat?post=1538"},{"taxonomy":"product_tag","embeddable":true,"href":"https:\/\/www.holy-supps.nl\/fr\/wp-json\/wp\/v2\/product_tag?post=1538"}],"curies":[{"name":"wp","href":"https:\/\/api.w.org\/{rel}","templated":true}]}}