{"id":1516,"date":"2023-10-17T22:51:18","date_gmt":"2023-10-17T20:51:18","guid":{"rendered":"https:\/\/www.holy-supps.nl\/?post_type=product&#038;p=1516"},"modified":"2026-04-28T04:27:52","modified_gmt":"2026-04-28T02:27:52","slug":"oxyglow-natural-marine-collagen-ehplabs","status":"publish","type":"product","link":"https:\/\/www.holy-supps.nl\/fr\/product\/oxyglow-natural-marine-collagen-ehplabs-2\/","title":{"rendered":"OxyGlow - Collag\u00e8ne marin naturel - EHPLabs"},"content":{"rendered":"<p>OxyGlow est un suppl\u00e9ment naturel en poudre de collag\u00e8ne marin avec un m\u00e9lange de vitamines. Il est con\u00e7u comme un compl\u00e9ment quotidien avec un pourcentage \u00e9lev\u00e9 de prot\u00e9ines et un go\u00fbt neutre, de sorte qu'il peut \u00eatre facilement combin\u00e9 avec d'autres produits.<\/p>\n<p>Le collag\u00e8ne est l'une des prot\u00e9ines les plus abondantes dans le corps. OxyGlow contient plus de 97% de prot\u00e9ines et est exempt d'hydrates de carbone et de graisses. Il s'agit donc d'un moyen pratique d'ajouter des prot\u00e9ines suppl\u00e9mentaires \u00e0 votre alimentation quotidienne.<\/p>\n<p>La poudre est pratiquement insipide et inodore, ce qui permet de la m\u00e9langer facilement \u00e0 des recettes sucr\u00e9es ou sal\u00e9es. Elle peut \u00e9galement \u00eatre combin\u00e9e avec d'autres produits de la gamme EHPlabs, tels que OxyShred, Pride, OxyWhey, ISOPEPT, Blessed, BEYOND, Acetyl L-Carnitine, Glutamine ou CREA-8.<\/p>\n<h1>Polyvalence d'utilisation<\/h1>\n<p>Le go\u00fbt neutre d'OxyGlow permet de l'incorporer facilement dans les smoothies, les jus, les shakes ou les plats. Il peut \u00e9galement \u00eatre facilement ajout\u00e9 \u00e0 des recettes, vous apportant des prot\u00e9ines suppl\u00e9mentaires de mani\u00e8re pratique.<\/p>\n<h1>Utilisation<\/h1>\n<p>1 mesure par jour. M\u00e9langer avec de l'eau, OxyShred, des jus, des smoothies ou ajouter \u00e0 des recettes.<\/p>\n<h1>Ingr\u00e9dients<\/h1>\n<table cellspacing=\"0\" cellpadding=\"0\">\n<tbody>\n<tr>\n<td valign=\"top\"><strong>OxyGlow (30 portions)<\/strong><\/td>\n<td valign=\"top\"><strong>Quantit\u00e9 \/ portion<\/strong><\/td>\n<td valign=\"top\"><strong>% DV<\/strong><\/td>\n<\/tr>\n<tr>\n<td valign=\"top\">Calories<\/td>\n<td valign=\"top\">5<\/td>\n<td valign=\"top\"><\/td>\n<\/tr>\n<tr>\n<td>Prot\u00e9ines<\/td>\n<td>2g<\/td>\n<td><\/td>\n<\/tr>\n<tr>\n<td>Vitamine A<\/td>\n<td>90mcg RAE<\/td>\n<td>10%<\/td>\n<\/tr>\n<tr>\n<td valign=\"top\">Vitamine C<\/td>\n<td valign=\"top\">414 mg<\/td>\n<td valign=\"top\">461%<\/td>\n<\/tr>\n<tr>\n<td valign=\"top\">Vitamine K<\/td>\n<td valign=\"top\">1,2 mcg<\/td>\n<td valign=\"top\">1%<\/td>\n<\/tr>\n<tr>\n<td valign=\"top\">Vitamine B12<\/td>\n<td valign=\"top\">0,2 mcg<\/td>\n<td valign=\"top\">8%<\/td>\n<\/tr>\n<tr>\n<td valign=\"top\">Sodium<\/td>\n<td valign=\"top\">5mg<\/td>\n<td valign=\"top\">&lt;1%<\/td>\n<\/tr>\n<\/tbody>\n<\/table>\n<p>* Le pourcentage de la valeur journali\u00e8re est bas\u00e9 sur un r\u00e9gime de 2 000 calories.<\/p>\n<h1>Contenu<\/h1>\n<p>Collag\u00e8ne de poisson hydrolys\u00e9, acide ascorbique (vitamine C), palmitate de vitamine A, phytonadione (vitamine K1), vitamine B12, vitamine D3.<\/p>","protected":false},"excerpt":{"rendered":"<p>Obtenez votre dose quotidienne d'\u00e9clat ! OxyGlow est un collag\u00e8ne marin naturel contenant des vitamines stimulant le collag\u00e8ne pour une peau jeune, des cheveux sains et des ongles solides.<\/p>","protected":false},"featured_media":1520,"comment_status":"open","ping_status":"closed","template":"","meta":[],"product_brand":[],"product_cat":[77,72,149,67,74,81,70,92],"product_tag":[],"class_list":{"0":"post-1516","1":"product","2":"type-product","3":"status-publish","4":"has-post-thumbnail","6":"product_cat-bundles-save","7":"product_cat-ehplabs","8":"product_cat-ehplabs-vegan-merken","9":"product_cat-eiwitten-proteine","10":"product_cat-health-wellness","11":"product_cat-spieropbouw","12":"product_cat-raws","13":"product_cat-vitamine-mineralen","15":"first","16":"instock","17":"sale","18":"taxable","19":"shipping-taxable","20":"purchasable","21":"product-type-simple"},"yoast_head":"<!-- This site is optimized with the Yoast SEO plugin v27.5 - https:\/\/yoast.com\/product\/yoast-seo-wordpress\/ -->\n<title>OxyGlow - Natural Marine Collagen - EHPLabs - Holy-Supps.nl<\/title>\n<meta name=\"description\" content=\"Verjong je huid, haar en nagels met OxyGlow. Natuurlijk zeecollageen en vitamines voor een jeugdige uitstraling en gezonde vitaliteit!\" \/>\n<meta name=\"robots\" content=\"index, follow, max-snippet:-1, max-image-preview:large, max-video-preview:-1\" \/>\n<link rel=\"canonical\" href=\"https:\/\/www.holy-supps.nl\/fr\/produit\/oxyglow-natural-marine-collagen-ehplabs\/\" \/>\n<meta property=\"og:locale\" content=\"fr_FR\" \/>\n<meta property=\"og:type\" content=\"article\" \/>\n<meta property=\"og:title\" content=\"OxyGlow - Natural Marine Collagen - EHPLabs - Holy-Supps.nl\" \/>\n<meta property=\"og:description\" content=\"Verjong je huid, haar en nagels met OxyGlow. Natuurlijk zeecollageen en vitamines voor een jeugdige uitstraling en gezonde vitaliteit!\" \/>\n<meta property=\"og:url\" content=\"https:\/\/www.holy-supps.nl\/fr\/produit\/oxyglow-natural-marine-collagen-ehplabs\/\" \/>\n<meta property=\"og:site_name\" content=\"Holy-Supps.nl\" \/>\n<meta property=\"article:publisher\" content=\"https:\/\/www.facebook.com\/holy.supps\" \/>\n<meta property=\"article:modified_time\" content=\"2026-04-28T02:27:52+00:00\" \/>\n<meta property=\"og:image\" content=\"https:\/\/www.holy-supps.nl\/wp-content\/uploads\/2023\/10\/COL-GLO1.webp\" \/>\n\t<meta property=\"og:image:width\" content=\"1000\" \/>\n\t<meta property=\"og:image:height\" content=\"1000\" \/>\n\t<meta property=\"og:image:type\" content=\"image\/webp\" \/>\n<meta name=\"twitter:card\" content=\"summary_large_image\" \/>\n<meta name=\"twitter:label1\" content=\"Dur\u00e9e de lecture estim\u00e9e\" \/>\n\t<meta name=\"twitter:data1\" content=\"6 minutes\" \/>\n<script type=\"application\/ld+json\" class=\"yoast-schema-graph\">{\"@context\":\"https:\\\/\\\/schema.org\",\"@graph\":[{\"@type\":\"WebPage\",\"@id\":\"https:\\\/\\\/www.holy-supps.nl\\\/product\\\/oxyglow-natural-marine-collagen-ehplabs-2\\\/\",\"url\":\"https:\\\/\\\/www.holy-supps.nl\\\/product\\\/oxyglow-natural-marine-collagen-ehplabs-2\\\/\",\"name\":\"OxyGlow - Natural Marine Collagen - EHPLabs - Holy-Supps.nl\",\"isPartOf\":{\"@id\":\"https:\\\/\\\/www.holy-supps.nl\\\/#website\"},\"primaryImageOfPage\":{\"@id\":\"https:\\\/\\\/www.holy-supps.nl\\\/product\\\/oxyglow-natural-marine-collagen-ehplabs-2\\\/#primaryimage\"},\"image\":{\"@id\":\"https:\\\/\\\/www.holy-supps.nl\\\/product\\\/oxyglow-natural-marine-collagen-ehplabs-2\\\/#primaryimage\"},\"thumbnailUrl\":\"https:\\\/\\\/www.holy-supps.nl\\\/wp-content\\\/uploads\\\/2023\\\/10\\\/COL-GLO1.webp\",\"datePublished\":\"2023-10-17T20:51:18+00:00\",\"dateModified\":\"2026-04-28T02:27:52+00:00\",\"description\":\"Verjong je huid, haar en nagels met OxyGlow. Natuurlijk zeecollageen en vitamines voor een jeugdige uitstraling en gezonde vitaliteit!\",\"breadcrumb\":{\"@id\":\"https:\\\/\\\/www.holy-supps.nl\\\/product\\\/oxyglow-natural-marine-collagen-ehplabs-2\\\/#breadcrumb\"},\"inLanguage\":\"fr-FR\",\"potentialAction\":[{\"@type\":\"ReadAction\",\"target\":[\"https:\\\/\\\/www.holy-supps.nl\\\/product\\\/oxyglow-natural-marine-collagen-ehplabs-2\\\/\"]}]},{\"@type\":\"ImageObject\",\"inLanguage\":\"fr-FR\",\"@id\":\"https:\\\/\\\/www.holy-supps.nl\\\/product\\\/oxyglow-natural-marine-collagen-ehplabs-2\\\/#primaryimage\",\"url\":\"https:\\\/\\\/www.holy-supps.nl\\\/wp-content\\\/uploads\\\/2023\\\/10\\\/COL-GLO1.webp\",\"contentUrl\":\"https:\\\/\\\/www.holy-supps.nl\\\/wp-content\\\/uploads\\\/2023\\\/10\\\/COL-GLO1.webp\",\"width\":1000,\"height\":1000},{\"@type\":\"BreadcrumbList\",\"@id\":\"https:\\\/\\\/www.holy-supps.nl\\\/product\\\/oxyglow-natural-marine-collagen-ehplabs-2\\\/#breadcrumb\",\"itemListElement\":[{\"@type\":\"ListItem\",\"position\":1,\"name\":\"Home\",\"item\":\"https:\\\/\\\/www.holy-supps.nl\\\/\"},{\"@type\":\"ListItem\",\"position\":2,\"name\":\"Winkel\",\"item\":\"https:\\\/\\\/www.holy-supps.nl\\\/winkel\\\/\"},{\"@type\":\"ListItem\",\"position\":3,\"name\":\"OxyGlow &#8211; Natural Marine Collagen &#8211; EHPLabs\"}]},{\"@type\":\"WebSite\",\"@id\":\"https:\\\/\\\/www.holy-supps.nl\\\/#website\",\"url\":\"https:\\\/\\\/www.holy-supps.nl\\\/\",\"name\":\"Holy-Supps.nl\",\"description\":\"Official EHPLabs Reseller!\",\"publisher\":{\"@id\":\"https:\\\/\\\/www.holy-supps.nl\\\/#organization\"},\"potentialAction\":[{\"@type\":\"SearchAction\",\"target\":{\"@type\":\"EntryPoint\",\"urlTemplate\":\"https:\\\/\\\/www.holy-supps.nl\\\/?s={search_term_string}\"},\"query-input\":{\"@type\":\"PropertyValueSpecification\",\"valueRequired\":true,\"valueName\":\"search_term_string\"}}],\"inLanguage\":\"fr-FR\"},{\"@type\":\"Organization\",\"@id\":\"https:\\\/\\\/www.holy-supps.nl\\\/#organization\",\"name\":\"Holy Supps\",\"url\":\"https:\\\/\\\/www.holy-supps.nl\\\/\",\"logo\":{\"@type\":\"ImageObject\",\"inLanguage\":\"fr-FR\",\"@id\":\"https:\\\/\\\/www.holy-supps.nl\\\/#\\\/schema\\\/logo\\\/image\\\/\",\"url\":\"https:\\\/\\\/www.holy-supps.nl\\\/wp-content\\\/uploads\\\/2023\\\/06\\\/HOLY-SUPPS.png\",\"contentUrl\":\"https:\\\/\\\/www.holy-supps.nl\\\/wp-content\\\/uploads\\\/2023\\\/06\\\/HOLY-SUPPS.png\",\"width\":1000,\"height\":400,\"caption\":\"Holy Supps\"},\"image\":{\"@id\":\"https:\\\/\\\/www.holy-supps.nl\\\/#\\\/schema\\\/logo\\\/image\\\/\"},\"sameAs\":[\"https:\\\/\\\/www.facebook.com\\\/holy.supps\",\"https:\\\/\\\/www.instagram.com\\\/holy.supps.shop\\\/\"]}]}<\/script>\n<!-- \/ Yoast SEO plugin. -->","yoast_head_json":{"title":"OxyGlow - Collag\u00e8ne Marin Naturel - EHPLabs - Holy-Supps.fr","description":"Rajeunissez votre peau, vos cheveux et vos ongles avec OxyGlow. Du collag\u00e8ne marin naturel et des vitamines pour un \u00e9clat de jeunesse et une vitalit\u00e9 saine !","robots":{"index":"index","follow":"follow","max-snippet":"max-snippet:-1","max-image-preview":"max-image-preview:large","max-video-preview":"max-video-preview:-1"},"canonical":"https:\/\/www.holy-supps.nl\/fr\/produit\/oxyglow-natural-marine-collagen-ehplabs\/","og_locale":"fr_FR","og_type":"article","og_title":"OxyGlow - Natural Marine Collagen - EHPLabs - Holy-Supps.nl","og_description":"Verjong je huid, haar en nagels met OxyGlow. Natuurlijk zeecollageen en vitamines voor een jeugdige uitstraling en gezonde vitaliteit!","og_url":"https:\/\/www.holy-supps.nl\/fr\/produit\/oxyglow-natural-marine-collagen-ehplabs\/","og_site_name":"Holy-Supps.nl","article_publisher":"https:\/\/www.facebook.com\/holy.supps","article_modified_time":"2026-04-28T02:27:52+00:00","og_image":[{"width":1000,"height":1000,"url":"https:\/\/www.holy-supps.nl\/wp-content\/uploads\/2023\/10\/COL-GLO1.webp","type":"image\/webp"}],"twitter_card":"summary_large_image","twitter_misc":{"Dur\u00e9e de lecture estim\u00e9e":"6 minutes"},"schema":{"@context":"https:\/\/schema.org","@graph":[{"@type":"WebPage","@id":"https:\/\/www.holy-supps.nl\/product\/oxyglow-natural-marine-collagen-ehplabs-2\/","url":"https:\/\/www.holy-supps.nl\/product\/oxyglow-natural-marine-collagen-ehplabs-2\/","name":"OxyGlow - Collag\u00e8ne Marin Naturel - EHPLabs - Holy-Supps.fr","isPartOf":{"@id":"https:\/\/www.holy-supps.nl\/#website"},"primaryImageOfPage":{"@id":"https:\/\/www.holy-supps.nl\/product\/oxyglow-natural-marine-collagen-ehplabs-2\/#primaryimage"},"image":{"@id":"https:\/\/www.holy-supps.nl\/product\/oxyglow-natural-marine-collagen-ehplabs-2\/#primaryimage"},"thumbnailUrl":"https:\/\/www.holy-supps.nl\/wp-content\/uploads\/2023\/10\/COL-GLO1.webp","datePublished":"2023-10-17T20:51:18+00:00","dateModified":"2026-04-28T02:27:52+00:00","description":"Rajeunissez votre peau, vos cheveux et vos ongles avec OxyGlow. Du collag\u00e8ne marin naturel et des vitamines pour un \u00e9clat de jeunesse et une vitalit\u00e9 saine !","breadcrumb":{"@id":"https:\/\/www.holy-supps.nl\/product\/oxyglow-natural-marine-collagen-ehplabs-2\/#breadcrumb"},"inLanguage":"fr-FR","potentialAction":[{"@type":"ReadAction","target":["https:\/\/www.holy-supps.nl\/product\/oxyglow-natural-marine-collagen-ehplabs-2\/"]}]},{"@type":"ImageObject","inLanguage":"fr-FR","@id":"https:\/\/www.holy-supps.nl\/product\/oxyglow-natural-marine-collagen-ehplabs-2\/#primaryimage","url":"https:\/\/www.holy-supps.nl\/wp-content\/uploads\/2023\/10\/COL-GLO1.webp","contentUrl":"https:\/\/www.holy-supps.nl\/wp-content\/uploads\/2023\/10\/COL-GLO1.webp","width":1000,"height":1000},{"@type":"BreadcrumbList","@id":"https:\/\/www.holy-supps.nl\/product\/oxyglow-natural-marine-collagen-ehplabs-2\/#breadcrumb","itemListElement":[{"@type":"ListItem","position":1,"name":"Home","item":"https:\/\/www.holy-supps.nl\/"},{"@type":"ListItem","position":2,"name":"Winkel","item":"https:\/\/www.holy-supps.nl\/winkel\/"},{"@type":"ListItem","position":3,"name":"OxyGlow &#8211; Natural Marine Collagen &#8211; EHPLabs"}]},{"@type":"WebSite","@id":"https:\/\/www.holy-supps.nl\/#website","url":"https:\/\/www.holy-supps.nl\/","name":"Holy-Supps.co.uk","description":"Revendeur officiel EHPLabs !","publisher":{"@id":"https:\/\/www.holy-supps.nl\/#organization"},"potentialAction":[{"@type":"SearchAction","target":{"@type":"EntryPoint","urlTemplate":"https:\/\/www.holy-supps.nl\/?s={search_term_string}"},"query-input":{"@type":"PropertyValueSpecification","valueRequired":true,"valueName":"search_term_string"}}],"inLanguage":"fr-FR"},{"@type":"Organization","@id":"https:\/\/www.holy-supps.nl\/#organization","name":"Les Saints Souvenirs","url":"https:\/\/www.holy-supps.nl\/","logo":{"@type":"ImageObject","inLanguage":"fr-FR","@id":"https:\/\/www.holy-supps.nl\/#\/schema\/logo\/image\/","url":"https:\/\/www.holy-supps.nl\/wp-content\/uploads\/2023\/06\/HOLY-SUPPS.png","contentUrl":"https:\/\/www.holy-supps.nl\/wp-content\/uploads\/2023\/06\/HOLY-SUPPS.png","width":1000,"height":400,"caption":"Holy Supps"},"image":{"@id":"https:\/\/www.holy-supps.nl\/#\/schema\/logo\/image\/"},"sameAs":["https:\/\/www.facebook.com\/holy.supps","https:\/\/www.instagram.com\/holy.supps.shop\/"]}]}},"jetpack_sharing_enabled":true,"_links":{"self":[{"href":"https:\/\/www.holy-supps.nl\/fr\/wp-json\/wp\/v2\/product\/1516","targetHints":{"allow":["GET"]}}],"collection":[{"href":"https:\/\/www.holy-supps.nl\/fr\/wp-json\/wp\/v2\/product"}],"about":[{"href":"https:\/\/www.holy-supps.nl\/fr\/wp-json\/wp\/v2\/types\/product"}],"replies":[{"embeddable":true,"href":"https:\/\/www.holy-supps.nl\/fr\/wp-json\/wp\/v2\/comments?post=1516"}],"wp:featuredmedia":[{"embeddable":true,"href":"https:\/\/www.holy-supps.nl\/fr\/wp-json\/wp\/v2\/media\/1520"}],"wp:attachment":[{"href":"https:\/\/www.holy-supps.nl\/fr\/wp-json\/wp\/v2\/media?parent=1516"}],"wp:term":[{"taxonomy":"product_brand","embeddable":true,"href":"https:\/\/www.holy-supps.nl\/fr\/wp-json\/wp\/v2\/product_brand?post=1516"},{"taxonomy":"product_cat","embeddable":true,"href":"https:\/\/www.holy-supps.nl\/fr\/wp-json\/wp\/v2\/product_cat?post=1516"},{"taxonomy":"product_tag","embeddable":true,"href":"https:\/\/www.holy-supps.nl\/fr\/wp-json\/wp\/v2\/product_tag?post=1516"}],"curies":[{"name":"wp","href":"https:\/\/api.w.org\/{rel}","templated":true}]}}