{"id":145,"date":"2023-03-04T14:45:53","date_gmt":"2023-03-04T13:45:53","guid":{"rendered":"https:\/\/www.holy-supps.nl\/?post_type=product&#038;p=145"},"modified":"2026-01-08T12:29:41","modified_gmt":"2026-01-08T11:29:41","slug":"pride-pre-workout-ehplabs","status":"publish","type":"product","link":"https:\/\/www.holy-supps.nl\/fr\/product\/pride-pre-workout-ehplabs\/","title":{"rendered":"PRIDE - Pr\u00e9-entra\u00eenement - EHPLabs"},"content":{"rendered":"<h2>Description<\/h2>\n<p>EHPlabs Pride Pre-Workout is een pre-workout supplement in poedervorm.<br \/>\nHet bevat een combinatie van ingredi\u00ebnten zoals cafe\u00efne, aminozuren en plantenextracten.<br \/>\nHet product is eenvoudig oplosbaar in water en verkrijgbaar in meerdere smaken, waardoor het een praktische keuze is om te gebruiken rondom trainingen.<\/p>\n<h2>Avantages<\/h2>\n<ul>\n<li>Pre-workout supplement in poedervorm<\/li>\n<li>Bevat een mix van cafe\u00efne, aminozuren en plantenextracten<\/li>\n<li>Eenvoudig te mengen met water<\/li>\n<li>Disponible en plusieurs saveurs<\/li>\n<li>Geschikt om te gebruiken v\u00f3\u00f3r een training<\/li>\n<\/ul>\n<h2>Mode d'emploi<\/h2>\n<p>Meng \u00e9\u00e9n maatschep Pride Pre-Workout met 250 ml water.<br \/>\nNeem ongeveer 15\u201330 minuten voor de training, tenzij anders aangegeven op de verpakking.<br \/>\nOverschrijd de aanbevolen dosering niet.<br \/>\nDit product is een voedingssupplement en geen vervanging van een gevarieerde en evenwichtige voeding en gezonde levensstijl.<\/p>","protected":false},"excerpt":{"rendered":"<p>EHPlabs Pride Pre-Workout is een supplement in poedervorm dat bestaat uit een mix van cafe\u00efne, aminozuren en plantenextracten. Ontwikkeld voor sporters die een pre-workout in hun routine willen opnemen. Verkrijgbaar in verschillende smaken en eenvoudig te mengen met water.<\/p>","protected":false},"featured_media":152,"comment_status":"open","ping_status":"closed","template":"","meta":[],"product_brand":[],"product_cat":[77,72,68,84],"product_tag":[],"class_list":{"0":"post-145","1":"product","2":"type-product","3":"status-publish","4":"has-post-thumbnail","6":"product_cat-bundles-save","7":"product_cat-ehplabs","8":"product_cat-pre-workout","9":"product_cat-vegan-supplementen","11":"first","12":"outofstock","13":"sale","14":"taxable","15":"shipping-taxable","16":"purchasable","17":"product-type-variable"},"yoast_head":"<!-- This site is optimized with the Yoast SEO plugin v27.3 - https:\/\/yoast.com\/product\/yoast-seo-wordpress\/ -->\n<title>PRIDE - Pre-workout - EHPLabs - Holy-Supps.nl<\/title>\n<meta name=\"description\" content=\"PRIDE Pre-Workout: Verbeter kracht, focus en energie met Pentaffeine\u2122 5-fase. Bevat L-Citrulline, Nitrosigine\u00ae en 9 essenti\u00eble aminozuren.\" \/>\n<meta name=\"robots\" content=\"index, follow, max-snippet:-1, max-image-preview:large, max-video-preview:-1\" \/>\n<link rel=\"canonical\" href=\"https:\/\/www.holy-supps.nl\/fr\/produit\/pride-pre-workout-ehplabs\/\" \/>\n<meta property=\"og:locale\" content=\"fr_FR\" \/>\n<meta property=\"og:type\" content=\"article\" \/>\n<meta property=\"og:title\" content=\"PRIDE - Pre-workout - EHPLabs - Holy-Supps.nl\" \/>\n<meta property=\"og:description\" content=\"PRIDE Pre-Workout: Verbeter kracht, focus en energie met Pentaffeine\u2122 5-fase. Bevat L-Citrulline, Nitrosigine\u00ae en 9 essenti\u00eble aminozuren.\" \/>\n<meta property=\"og:url\" content=\"https:\/\/www.holy-supps.nl\/fr\/produit\/pride-pre-workout-ehplabs\/\" \/>\n<meta property=\"og:site_name\" content=\"Holy-Supps.nl\" \/>\n<meta property=\"article:publisher\" content=\"https:\/\/www.facebook.com\/holy.supps\" \/>\n<meta property=\"article:modified_time\" content=\"2026-01-08T11:29:41+00:00\" \/>\n<meta property=\"og:image\" content=\"https:\/\/www.holy-supps.nl\/wp-content\/uploads\/2023\/03\/PrideFSProductPhoto.webp\" \/>\n\t<meta property=\"og:image:width\" content=\"1000\" \/>\n\t<meta property=\"og:image:height\" content=\"1000\" \/>\n\t<meta property=\"og:image:type\" content=\"image\/webp\" \/>\n<meta name=\"twitter:card\" content=\"summary_large_image\" \/>\n<meta name=\"twitter:label1\" content=\"Dur\u00e9e de lecture estim\u00e9e\" \/>\n\t<meta name=\"twitter:data1\" content=\"7 minutes\" \/>\n<script type=\"application\/ld+json\" class=\"yoast-schema-graph\">{\"@context\":\"https:\\\/\\\/schema.org\",\"@graph\":[{\"@type\":\"WebPage\",\"@id\":\"https:\\\/\\\/www.holy-supps.nl\\\/product\\\/pride-pre-workout-ehplabs\\\/\",\"url\":\"https:\\\/\\\/www.holy-supps.nl\\\/product\\\/pride-pre-workout-ehplabs\\\/\",\"name\":\"PRIDE - Pre-workout - EHPLabs - Holy-Supps.nl\",\"isPartOf\":{\"@id\":\"https:\\\/\\\/www.holy-supps.nl\\\/#website\"},\"primaryImageOfPage\":{\"@id\":\"https:\\\/\\\/www.holy-supps.nl\\\/product\\\/pride-pre-workout-ehplabs\\\/#primaryimage\"},\"image\":{\"@id\":\"https:\\\/\\\/www.holy-supps.nl\\\/product\\\/pride-pre-workout-ehplabs\\\/#primaryimage\"},\"thumbnailUrl\":\"https:\\\/\\\/www.holy-supps.nl\\\/wp-content\\\/uploads\\\/2023\\\/03\\\/PrideFSProductPhoto.webp\",\"datePublished\":\"2023-03-04T13:45:53+00:00\",\"dateModified\":\"2026-01-08T11:29:41+00:00\",\"description\":\"PRIDE Pre-Workout: Verbeter kracht, focus en energie met Pentaffeine\u2122 5-fase. Bevat L-Citrulline, Nitrosigine\u00ae en 9 essenti\u00eble aminozuren.\",\"breadcrumb\":{\"@id\":\"https:\\\/\\\/www.holy-supps.nl\\\/product\\\/pride-pre-workout-ehplabs\\\/#breadcrumb\"},\"inLanguage\":\"fr-FR\",\"potentialAction\":[{\"@type\":\"ReadAction\",\"target\":[\"https:\\\/\\\/www.holy-supps.nl\\\/product\\\/pride-pre-workout-ehplabs\\\/\"]}]},{\"@type\":\"ImageObject\",\"inLanguage\":\"fr-FR\",\"@id\":\"https:\\\/\\\/www.holy-supps.nl\\\/product\\\/pride-pre-workout-ehplabs\\\/#primaryimage\",\"url\":\"https:\\\/\\\/www.holy-supps.nl\\\/wp-content\\\/uploads\\\/2023\\\/03\\\/PrideFSProductPhoto.webp\",\"contentUrl\":\"https:\\\/\\\/www.holy-supps.nl\\\/wp-content\\\/uploads\\\/2023\\\/03\\\/PrideFSProductPhoto.webp\",\"width\":1000,\"height\":1000},{\"@type\":\"BreadcrumbList\",\"@id\":\"https:\\\/\\\/www.holy-supps.nl\\\/product\\\/pride-pre-workout-ehplabs\\\/#breadcrumb\",\"itemListElement\":[{\"@type\":\"ListItem\",\"position\":1,\"name\":\"Home\",\"item\":\"https:\\\/\\\/www.holy-supps.nl\\\/\"},{\"@type\":\"ListItem\",\"position\":2,\"name\":\"Winkel\",\"item\":\"https:\\\/\\\/www.holy-supps.nl\\\/winkel\\\/\"},{\"@type\":\"ListItem\",\"position\":3,\"name\":\"PRIDE &#8211; Pre-workout &#8211; EHPLabs\"}]},{\"@type\":\"WebSite\",\"@id\":\"https:\\\/\\\/www.holy-supps.nl\\\/#website\",\"url\":\"https:\\\/\\\/www.holy-supps.nl\\\/\",\"name\":\"Holy-Supps.nl\",\"description\":\"Official EHPLabs Reseller!\",\"publisher\":{\"@id\":\"https:\\\/\\\/www.holy-supps.nl\\\/#organization\"},\"potentialAction\":[{\"@type\":\"SearchAction\",\"target\":{\"@type\":\"EntryPoint\",\"urlTemplate\":\"https:\\\/\\\/www.holy-supps.nl\\\/?s={search_term_string}\"},\"query-input\":{\"@type\":\"PropertyValueSpecification\",\"valueRequired\":true,\"valueName\":\"search_term_string\"}}],\"inLanguage\":\"fr-FR\"},{\"@type\":\"Organization\",\"@id\":\"https:\\\/\\\/www.holy-supps.nl\\\/#organization\",\"name\":\"Holy Supps\",\"url\":\"https:\\\/\\\/www.holy-supps.nl\\\/\",\"logo\":{\"@type\":\"ImageObject\",\"inLanguage\":\"fr-FR\",\"@id\":\"https:\\\/\\\/www.holy-supps.nl\\\/#\\\/schema\\\/logo\\\/image\\\/\",\"url\":\"https:\\\/\\\/www.holy-supps.nl\\\/wp-content\\\/uploads\\\/2023\\\/06\\\/HOLY-SUPPS.png\",\"contentUrl\":\"https:\\\/\\\/www.holy-supps.nl\\\/wp-content\\\/uploads\\\/2023\\\/06\\\/HOLY-SUPPS.png\",\"width\":1000,\"height\":400,\"caption\":\"Holy Supps\"},\"image\":{\"@id\":\"https:\\\/\\\/www.holy-supps.nl\\\/#\\\/schema\\\/logo\\\/image\\\/\"},\"sameAs\":[\"https:\\\/\\\/www.facebook.com\\\/holy.supps\",\"https:\\\/\\\/www.instagram.com\\\/holy.supps.shop\\\/\"]}]}<\/script>\n<!-- \/ Yoast SEO plugin. -->","yoast_head_json":{"title":"PRIDE - Pr\u00e9-entra\u00eenement - EHPLabs - Holy-Supps.fr","description":"PRIDE Pre-Workout : Am\u00e9liore la force, la concentration et l'\u00e9nergie avec Pentaffeine\u2122 5-phase. Contient de la L-Citrulline, de la Nitrosigine\u00ae et 9 acides amin\u00e9s essentiels.","robots":{"index":"index","follow":"follow","max-snippet":"max-snippet:-1","max-image-preview":"max-image-preview:large","max-video-preview":"max-video-preview:-1"},"canonical":"https:\/\/www.holy-supps.nl\/fr\/produit\/pride-pre-workout-ehplabs\/","og_locale":"fr_FR","og_type":"article","og_title":"PRIDE - Pre-workout - EHPLabs - Holy-Supps.nl","og_description":"PRIDE Pre-Workout: Verbeter kracht, focus en energie met Pentaffeine\u2122 5-fase. Bevat L-Citrulline, Nitrosigine\u00ae en 9 essenti\u00eble aminozuren.","og_url":"https:\/\/www.holy-supps.nl\/fr\/produit\/pride-pre-workout-ehplabs\/","og_site_name":"Holy-Supps.nl","article_publisher":"https:\/\/www.facebook.com\/holy.supps","article_modified_time":"2026-01-08T11:29:41+00:00","og_image":[{"width":1000,"height":1000,"url":"https:\/\/www.holy-supps.nl\/wp-content\/uploads\/2023\/03\/PrideFSProductPhoto.webp","type":"image\/webp"}],"twitter_card":"summary_large_image","twitter_misc":{"Dur\u00e9e de lecture estim\u00e9e":"7 minutes"},"schema":{"@context":"https:\/\/schema.org","@graph":[{"@type":"WebPage","@id":"https:\/\/www.holy-supps.nl\/product\/pride-pre-workout-ehplabs\/","url":"https:\/\/www.holy-supps.nl\/product\/pride-pre-workout-ehplabs\/","name":"PRIDE - Pr\u00e9-entra\u00eenement - EHPLabs - Holy-Supps.fr","isPartOf":{"@id":"https:\/\/www.holy-supps.nl\/#website"},"primaryImageOfPage":{"@id":"https:\/\/www.holy-supps.nl\/product\/pride-pre-workout-ehplabs\/#primaryimage"},"image":{"@id":"https:\/\/www.holy-supps.nl\/product\/pride-pre-workout-ehplabs\/#primaryimage"},"thumbnailUrl":"https:\/\/www.holy-supps.nl\/wp-content\/uploads\/2023\/03\/PrideFSProductPhoto.webp","datePublished":"2023-03-04T13:45:53+00:00","dateModified":"2026-01-08T11:29:41+00:00","description":"PRIDE Pre-Workout : Am\u00e9liore la force, la concentration et l'\u00e9nergie avec Pentaffeine\u2122 5-phase. Contient de la L-Citrulline, de la Nitrosigine\u00ae et 9 acides amin\u00e9s essentiels.","breadcrumb":{"@id":"https:\/\/www.holy-supps.nl\/product\/pride-pre-workout-ehplabs\/#breadcrumb"},"inLanguage":"fr-FR","potentialAction":[{"@type":"ReadAction","target":["https:\/\/www.holy-supps.nl\/product\/pride-pre-workout-ehplabs\/"]}]},{"@type":"ImageObject","inLanguage":"fr-FR","@id":"https:\/\/www.holy-supps.nl\/product\/pride-pre-workout-ehplabs\/#primaryimage","url":"https:\/\/www.holy-supps.nl\/wp-content\/uploads\/2023\/03\/PrideFSProductPhoto.webp","contentUrl":"https:\/\/www.holy-supps.nl\/wp-content\/uploads\/2023\/03\/PrideFSProductPhoto.webp","width":1000,"height":1000},{"@type":"BreadcrumbList","@id":"https:\/\/www.holy-supps.nl\/product\/pride-pre-workout-ehplabs\/#breadcrumb","itemListElement":[{"@type":"ListItem","position":1,"name":"Home","item":"https:\/\/www.holy-supps.nl\/"},{"@type":"ListItem","position":2,"name":"Winkel","item":"https:\/\/www.holy-supps.nl\/winkel\/"},{"@type":"ListItem","position":3,"name":"PRIDE &#8211; Pre-workout &#8211; EHPLabs"}]},{"@type":"WebSite","@id":"https:\/\/www.holy-supps.nl\/#website","url":"https:\/\/www.holy-supps.nl\/","name":"Holy-Supps.co.uk","description":"Revendeur officiel EHPLabs !","publisher":{"@id":"https:\/\/www.holy-supps.nl\/#organization"},"potentialAction":[{"@type":"SearchAction","target":{"@type":"EntryPoint","urlTemplate":"https:\/\/www.holy-supps.nl\/?s={search_term_string}"},"query-input":{"@type":"PropertyValueSpecification","valueRequired":true,"valueName":"search_term_string"}}],"inLanguage":"fr-FR"},{"@type":"Organization","@id":"https:\/\/www.holy-supps.nl\/#organization","name":"Les Saints Souvenirs","url":"https:\/\/www.holy-supps.nl\/","logo":{"@type":"ImageObject","inLanguage":"fr-FR","@id":"https:\/\/www.holy-supps.nl\/#\/schema\/logo\/image\/","url":"https:\/\/www.holy-supps.nl\/wp-content\/uploads\/2023\/06\/HOLY-SUPPS.png","contentUrl":"https:\/\/www.holy-supps.nl\/wp-content\/uploads\/2023\/06\/HOLY-SUPPS.png","width":1000,"height":400,"caption":"Holy Supps"},"image":{"@id":"https:\/\/www.holy-supps.nl\/#\/schema\/logo\/image\/"},"sameAs":["https:\/\/www.facebook.com\/holy.supps","https:\/\/www.instagram.com\/holy.supps.shop\/"]}]}},"jetpack_sharing_enabled":true,"_links":{"self":[{"href":"https:\/\/www.holy-supps.nl\/fr\/wp-json\/wp\/v2\/product\/145","targetHints":{"allow":["GET"]}}],"collection":[{"href":"https:\/\/www.holy-supps.nl\/fr\/wp-json\/wp\/v2\/product"}],"about":[{"href":"https:\/\/www.holy-supps.nl\/fr\/wp-json\/wp\/v2\/types\/product"}],"replies":[{"embeddable":true,"href":"https:\/\/www.holy-supps.nl\/fr\/wp-json\/wp\/v2\/comments?post=145"}],"wp:featuredmedia":[{"embeddable":true,"href":"https:\/\/www.holy-supps.nl\/fr\/wp-json\/wp\/v2\/media\/152"}],"wp:attachment":[{"href":"https:\/\/www.holy-supps.nl\/fr\/wp-json\/wp\/v2\/media?parent=145"}],"wp:term":[{"taxonomy":"product_brand","embeddable":true,"href":"https:\/\/www.holy-supps.nl\/fr\/wp-json\/wp\/v2\/product_brand?post=145"},{"taxonomy":"product_cat","embeddable":true,"href":"https:\/\/www.holy-supps.nl\/fr\/wp-json\/wp\/v2\/product_cat?post=145"},{"taxonomy":"product_tag","embeddable":true,"href":"https:\/\/www.holy-supps.nl\/fr\/wp-json\/wp\/v2\/product_tag?post=145"}],"curies":[{"name":"wp","href":"https:\/\/api.w.org\/{rel}","templated":true}]}}