{"id":1428,"date":"2023-10-15T15:21:38","date_gmt":"2023-10-15T13:21:38","guid":{"rendered":"https:\/\/www.holy-supps.nl\/?post_type=product&#038;p=1428"},"modified":"2025-08-26T15:08:17","modified_gmt":"2025-08-26T13:08:17","slug":"forme-par-jp-prepare-pro","status":"publish","type":"product","link":"https:\/\/www.holy-supps.nl\/fr\/product\/trained-by-jp-prepare-pro\/","title":{"rendered":"Trained by JP - PrePare Pro"},"content":{"rendered":"<p>Notre PrePare Pro Pre-Workout remani\u00e9 a \u00e9t\u00e9 rendu encore plus puissant. Nous avons l\u00e9g\u00e8rement augment\u00e9 la dose de caf\u00e9ine et d'alpha-GPC et ajout\u00e9 Rednite\u00ae, un extrait brevet\u00e9 de betterave rouge connu pour sa teneur \u00e9lev\u00e9e en nitrates naturels. Associ\u00e9 \u00e0 Raw S7\u2122, cela cr\u00e9e une synergie impressionnante.<\/p>\n<p>La formule contient \u00e9galement de la L-Citrulline ferment\u00e9e sous forme libre, du Glycersize\u2122 et de la Nitrosigine\u00ae, trois ingr\u00e9dients qui nous semblent indispensables dans un m\u00e9lange de pr\u00e9-entra\u00eenement. On y a \u00e9galement ajout\u00e9 de l'huperzine, qui se combine parfaitement avec la caf\u00e9ine et l'alpha-GPC pour une concentration accrue pendant votre s\u00e9ance d'entra\u00eenement.<\/p>\n<h3>Important \u00e0 savoir<\/h3>\n<ul>\n<li>Tous les ar\u00f4mes contiennent du sucralose.<\/li>\n<li>En raison de la haute qualit\u00e9 et de la composition des ingr\u00e9dients, la poudre peut \u00eatre un peu collante ou grumeleuse - ceci est normal et n'affecte pas l'effet.<\/li>\n<\/ul>\n<h3>Contenu<\/h3>\n<p>400 g<\/p>","protected":false},"excerpt":{"rendered":"<p>PrePare Pro est notre formule de pr\u00e9-entra\u00eenement avec de la caf\u00e9ine. Prepare est de retour et meilleur que jamais !<\/p>","protected":false},"featured_media":1456,"comment_status":"closed","ping_status":"closed","template":"","meta":[],"product_brand":[],"product_cat":[80,87,71,88,81,183],"product_tag":[],"class_list":{"0":"post-1428","1":"product","2":"type-product","3":"status-publish","4":"has-post-thumbnail","6":"product_cat-doel","7":"product_cat-energie-focus","8":"product_cat-merken","9":"product_cat-pre-workout-2","10":"product_cat-spieropbouw","11":"product_cat-trained-by-jp","13":"first","14":"outofstock","15":"taxable","16":"shipping-taxable","17":"purchasable","18":"product-type-variable"},"yoast_head":"<!-- This site is optimized with the Yoast SEO plugin v27.4 - https:\/\/yoast.com\/product\/yoast-seo-wordpress\/ -->\n<title>Trained by JP - PrePare Pro - Holy-Supps.nl<\/title>\n<meta name=\"description\" content=\"PrePare Pro: Verhoogde cafe\u00efne, alfa-GPC, Rednite en S7 voor extreme pomp en focus. Bevat citrulline, Glycersize en Nitrosigine. 400g.\" \/>\n<meta name=\"robots\" content=\"index, follow, max-snippet:-1, max-image-preview:large, max-video-preview:-1\" \/>\n<link rel=\"canonical\" href=\"https:\/\/www.holy-supps.nl\/fr\/produit\/forme-par-jp-prepare-pro\/\" \/>\n<meta property=\"og:locale\" content=\"fr_FR\" \/>\n<meta property=\"og:type\" content=\"article\" \/>\n<meta property=\"og:title\" content=\"Trained by JP - PrePare Pro - Holy-Supps.nl\" \/>\n<meta property=\"og:description\" content=\"PrePare Pro: Verhoogde cafe\u00efne, alfa-GPC, Rednite en S7 voor extreme pomp en focus. Bevat citrulline, Glycersize en Nitrosigine. 400g.\" \/>\n<meta property=\"og:url\" content=\"https:\/\/www.holy-supps.nl\/fr\/produit\/forme-par-jp-prepare-pro\/\" \/>\n<meta property=\"og:site_name\" content=\"Holy-Supps.nl\" \/>\n<meta property=\"article:publisher\" content=\"https:\/\/www.facebook.com\/holy.supps\" \/>\n<meta property=\"article:modified_time\" content=\"2025-08-26T13:08:17+00:00\" \/>\n<meta property=\"og:image\" content=\"https:\/\/www.holy-supps.nl\/wp-content\/uploads\/2023\/10\/PreparePicknMix_Vegan_750x.png.webp\" \/>\n\t<meta property=\"og:image:width\" content=\"750\" \/>\n\t<meta property=\"og:image:height\" content=\"750\" \/>\n\t<meta property=\"og:image:type\" content=\"image\/webp\" \/>\n<meta name=\"twitter:card\" content=\"summary_large_image\" \/>\n<meta name=\"twitter:label1\" content=\"Dur\u00e9e de lecture estim\u00e9e\" \/>\n\t<meta name=\"twitter:data1\" content=\"1 minute\" \/>\n<script type=\"application\/ld+json\" class=\"yoast-schema-graph\">{\"@context\":\"https:\\\/\\\/schema.org\",\"@graph\":[{\"@type\":\"WebPage\",\"@id\":\"https:\\\/\\\/www.holy-supps.nl\\\/product\\\/trained-by-jp-prepare-pro\\\/\",\"url\":\"https:\\\/\\\/www.holy-supps.nl\\\/product\\\/trained-by-jp-prepare-pro\\\/\",\"name\":\"Trained by JP - PrePare Pro - Holy-Supps.nl\",\"isPartOf\":{\"@id\":\"https:\\\/\\\/www.holy-supps.nl\\\/#website\"},\"primaryImageOfPage\":{\"@id\":\"https:\\\/\\\/www.holy-supps.nl\\\/product\\\/trained-by-jp-prepare-pro\\\/#primaryimage\"},\"image\":{\"@id\":\"https:\\\/\\\/www.holy-supps.nl\\\/product\\\/trained-by-jp-prepare-pro\\\/#primaryimage\"},\"thumbnailUrl\":\"https:\\\/\\\/www.holy-supps.nl\\\/wp-content\\\/uploads\\\/2023\\\/10\\\/PreparePicknMix_Vegan_750x.png.webp\",\"datePublished\":\"2023-10-15T13:21:38+00:00\",\"dateModified\":\"2025-08-26T13:08:17+00:00\",\"description\":\"PrePare Pro: Verhoogde cafe\u00efne, alfa-GPC, Rednite en S7 voor extreme pomp en focus. Bevat citrulline, Glycersize en Nitrosigine. 400g.\",\"breadcrumb\":{\"@id\":\"https:\\\/\\\/www.holy-supps.nl\\\/product\\\/trained-by-jp-prepare-pro\\\/#breadcrumb\"},\"inLanguage\":\"fr-FR\",\"potentialAction\":[{\"@type\":\"ReadAction\",\"target\":[\"https:\\\/\\\/www.holy-supps.nl\\\/product\\\/trained-by-jp-prepare-pro\\\/\"]}]},{\"@type\":\"ImageObject\",\"inLanguage\":\"fr-FR\",\"@id\":\"https:\\\/\\\/www.holy-supps.nl\\\/product\\\/trained-by-jp-prepare-pro\\\/#primaryimage\",\"url\":\"https:\\\/\\\/www.holy-supps.nl\\\/wp-content\\\/uploads\\\/2023\\\/10\\\/PreparePicknMix_Vegan_750x.png.webp\",\"contentUrl\":\"https:\\\/\\\/www.holy-supps.nl\\\/wp-content\\\/uploads\\\/2023\\\/10\\\/PreparePicknMix_Vegan_750x.png.webp\",\"width\":750,\"height\":750},{\"@type\":\"BreadcrumbList\",\"@id\":\"https:\\\/\\\/www.holy-supps.nl\\\/product\\\/trained-by-jp-prepare-pro\\\/#breadcrumb\",\"itemListElement\":[{\"@type\":\"ListItem\",\"position\":1,\"name\":\"Home\",\"item\":\"https:\\\/\\\/www.holy-supps.nl\\\/\"},{\"@type\":\"ListItem\",\"position\":2,\"name\":\"Winkel\",\"item\":\"https:\\\/\\\/www.holy-supps.nl\\\/winkel\\\/\"},{\"@type\":\"ListItem\",\"position\":3,\"name\":\"Trained by JP &#8211; PrePare Pro\"}]},{\"@type\":\"WebSite\",\"@id\":\"https:\\\/\\\/www.holy-supps.nl\\\/#website\",\"url\":\"https:\\\/\\\/www.holy-supps.nl\\\/\",\"name\":\"Holy-Supps.nl\",\"description\":\"Official EHPLabs Reseller!\",\"publisher\":{\"@id\":\"https:\\\/\\\/www.holy-supps.nl\\\/#organization\"},\"potentialAction\":[{\"@type\":\"SearchAction\",\"target\":{\"@type\":\"EntryPoint\",\"urlTemplate\":\"https:\\\/\\\/www.holy-supps.nl\\\/?s={search_term_string}\"},\"query-input\":{\"@type\":\"PropertyValueSpecification\",\"valueRequired\":true,\"valueName\":\"search_term_string\"}}],\"inLanguage\":\"fr-FR\"},{\"@type\":\"Organization\",\"@id\":\"https:\\\/\\\/www.holy-supps.nl\\\/#organization\",\"name\":\"Holy Supps\",\"url\":\"https:\\\/\\\/www.holy-supps.nl\\\/\",\"logo\":{\"@type\":\"ImageObject\",\"inLanguage\":\"fr-FR\",\"@id\":\"https:\\\/\\\/www.holy-supps.nl\\\/#\\\/schema\\\/logo\\\/image\\\/\",\"url\":\"https:\\\/\\\/www.holy-supps.nl\\\/wp-content\\\/uploads\\\/2023\\\/06\\\/HOLY-SUPPS.png\",\"contentUrl\":\"https:\\\/\\\/www.holy-supps.nl\\\/wp-content\\\/uploads\\\/2023\\\/06\\\/HOLY-SUPPS.png\",\"width\":1000,\"height\":400,\"caption\":\"Holy Supps\"},\"image\":{\"@id\":\"https:\\\/\\\/www.holy-supps.nl\\\/#\\\/schema\\\/logo\\\/image\\\/\"},\"sameAs\":[\"https:\\\/\\\/www.facebook.com\\\/holy.supps\",\"https:\\\/\\\/www.instagram.com\\\/holy.supps.shop\\\/\"]}]}<\/script>\n<!-- \/ Yoast SEO plugin. -->","yoast_head_json":{"title":"Form\u00e9 par JP - PrePare Pro - Holy-Supps.fr","description":"PrePare Pro : Augmentation de la caf\u00e9ine, alpha-GPC, Rednite et S7 pour une pompe et une concentration extr\u00eames. Contient de la citrulline, de la glyc\u00e9rine et de la nitrosigine. 400g.","robots":{"index":"index","follow":"follow","max-snippet":"max-snippet:-1","max-image-preview":"max-image-preview:large","max-video-preview":"max-video-preview:-1"},"canonical":"https:\/\/www.holy-supps.nl\/fr\/produit\/forme-par-jp-prepare-pro\/","og_locale":"fr_FR","og_type":"article","og_title":"Trained by JP - PrePare Pro - Holy-Supps.nl","og_description":"PrePare Pro: Verhoogde cafe\u00efne, alfa-GPC, Rednite en S7 voor extreme pomp en focus. Bevat citrulline, Glycersize en Nitrosigine. 400g.","og_url":"https:\/\/www.holy-supps.nl\/fr\/produit\/forme-par-jp-prepare-pro\/","og_site_name":"Holy-Supps.nl","article_publisher":"https:\/\/www.facebook.com\/holy.supps","article_modified_time":"2025-08-26T13:08:17+00:00","og_image":[{"width":750,"height":750,"url":"https:\/\/www.holy-supps.nl\/wp-content\/uploads\/2023\/10\/PreparePicknMix_Vegan_750x.png.webp","type":"image\/webp"}],"twitter_card":"summary_large_image","twitter_misc":{"Dur\u00e9e de lecture estim\u00e9e":"1 minute"},"schema":{"@context":"https:\/\/schema.org","@graph":[{"@type":"WebPage","@id":"https:\/\/www.holy-supps.nl\/product\/trained-by-jp-prepare-pro\/","url":"https:\/\/www.holy-supps.nl\/product\/trained-by-jp-prepare-pro\/","name":"Form\u00e9 par JP - PrePare Pro - Holy-Supps.fr","isPartOf":{"@id":"https:\/\/www.holy-supps.nl\/#website"},"primaryImageOfPage":{"@id":"https:\/\/www.holy-supps.nl\/product\/trained-by-jp-prepare-pro\/#primaryimage"},"image":{"@id":"https:\/\/www.holy-supps.nl\/product\/trained-by-jp-prepare-pro\/#primaryimage"},"thumbnailUrl":"https:\/\/www.holy-supps.nl\/wp-content\/uploads\/2023\/10\/PreparePicknMix_Vegan_750x.png.webp","datePublished":"2023-10-15T13:21:38+00:00","dateModified":"2025-08-26T13:08:17+00:00","description":"PrePare Pro : Augmentation de la caf\u00e9ine, alpha-GPC, Rednite et S7 pour une pompe et une concentration extr\u00eames. Contient de la citrulline, de la glyc\u00e9rine et de la nitrosigine. 400g.","breadcrumb":{"@id":"https:\/\/www.holy-supps.nl\/product\/trained-by-jp-prepare-pro\/#breadcrumb"},"inLanguage":"fr-FR","potentialAction":[{"@type":"ReadAction","target":["https:\/\/www.holy-supps.nl\/product\/trained-by-jp-prepare-pro\/"]}]},{"@type":"ImageObject","inLanguage":"fr-FR","@id":"https:\/\/www.holy-supps.nl\/product\/trained-by-jp-prepare-pro\/#primaryimage","url":"https:\/\/www.holy-supps.nl\/wp-content\/uploads\/2023\/10\/PreparePicknMix_Vegan_750x.png.webp","contentUrl":"https:\/\/www.holy-supps.nl\/wp-content\/uploads\/2023\/10\/PreparePicknMix_Vegan_750x.png.webp","width":750,"height":750},{"@type":"BreadcrumbList","@id":"https:\/\/www.holy-supps.nl\/product\/trained-by-jp-prepare-pro\/#breadcrumb","itemListElement":[{"@type":"ListItem","position":1,"name":"Home","item":"https:\/\/www.holy-supps.nl\/"},{"@type":"ListItem","position":2,"name":"Winkel","item":"https:\/\/www.holy-supps.nl\/winkel\/"},{"@type":"ListItem","position":3,"name":"Trained by JP &#8211; PrePare Pro"}]},{"@type":"WebSite","@id":"https:\/\/www.holy-supps.nl\/#website","url":"https:\/\/www.holy-supps.nl\/","name":"Holy-Supps.co.uk","description":"Revendeur officiel EHPLabs !","publisher":{"@id":"https:\/\/www.holy-supps.nl\/#organization"},"potentialAction":[{"@type":"SearchAction","target":{"@type":"EntryPoint","urlTemplate":"https:\/\/www.holy-supps.nl\/?s={search_term_string}"},"query-input":{"@type":"PropertyValueSpecification","valueRequired":true,"valueName":"search_term_string"}}],"inLanguage":"fr-FR"},{"@type":"Organization","@id":"https:\/\/www.holy-supps.nl\/#organization","name":"Les Saints Souvenirs","url":"https:\/\/www.holy-supps.nl\/","logo":{"@type":"ImageObject","inLanguage":"fr-FR","@id":"https:\/\/www.holy-supps.nl\/#\/schema\/logo\/image\/","url":"https:\/\/www.holy-supps.nl\/wp-content\/uploads\/2023\/06\/HOLY-SUPPS.png","contentUrl":"https:\/\/www.holy-supps.nl\/wp-content\/uploads\/2023\/06\/HOLY-SUPPS.png","width":1000,"height":400,"caption":"Holy Supps"},"image":{"@id":"https:\/\/www.holy-supps.nl\/#\/schema\/logo\/image\/"},"sameAs":["https:\/\/www.facebook.com\/holy.supps","https:\/\/www.instagram.com\/holy.supps.shop\/"]}]}},"jetpack_sharing_enabled":true,"_links":{"self":[{"href":"https:\/\/www.holy-supps.nl\/fr\/wp-json\/wp\/v2\/product\/1428","targetHints":{"allow":["GET"]}}],"collection":[{"href":"https:\/\/www.holy-supps.nl\/fr\/wp-json\/wp\/v2\/product"}],"about":[{"href":"https:\/\/www.holy-supps.nl\/fr\/wp-json\/wp\/v2\/types\/product"}],"replies":[{"embeddable":true,"href":"https:\/\/www.holy-supps.nl\/fr\/wp-json\/wp\/v2\/comments?post=1428"}],"wp:featuredmedia":[{"embeddable":true,"href":"https:\/\/www.holy-supps.nl\/fr\/wp-json\/wp\/v2\/media\/1456"}],"wp:attachment":[{"href":"https:\/\/www.holy-supps.nl\/fr\/wp-json\/wp\/v2\/media?parent=1428"}],"wp:term":[{"taxonomy":"product_brand","embeddable":true,"href":"https:\/\/www.holy-supps.nl\/fr\/wp-json\/wp\/v2\/product_brand?post=1428"},{"taxonomy":"product_cat","embeddable":true,"href":"https:\/\/www.holy-supps.nl\/fr\/wp-json\/wp\/v2\/product_cat?post=1428"},{"taxonomy":"product_tag","embeddable":true,"href":"https:\/\/www.holy-supps.nl\/fr\/wp-json\/wp\/v2\/product_tag?post=1428"}],"curies":[{"name":"wp","href":"https:\/\/api.w.org\/{rel}","templated":true}]}}