{"id":1424,"date":"2023-10-15T15:21:38","date_gmt":"2023-10-15T13:21:38","guid":{"rendered":"https:\/\/www.holy-supps.nl\/?post_type=product&#038;p=1424"},"modified":"2025-08-26T15:22:18","modified_gmt":"2025-08-26T13:22:18","slug":"forme-par-jp-proteine-vegetalienne-a-base-de-plantes-2kg","status":"publish","type":"product","link":"https:\/\/www.holy-supps.nl\/fr\/product\/trained-by-jp-plant-based-vegan-protein-2kg\/","title":{"rendered":"Trained by JP - Prot\u00e9ines v\u00e9g\u00e9taliennes \u00e0 base de plantes - 2KG"},"content":{"rendered":"<p>Overconsumptie van welk type voedsel of eiwitbron dan ook kan soms leiden tot intoleranties. Daarom is ons plantaardig eiwit een geschikte keuze als afwisseling binnen een gevarieerd voedingspatroon.<\/p>\n<p>We hebben een veganistisch multivitaminenmengsel aan het eiwit toegevoegd, waardoor dit product een praktische, op zichzelf staande aanvulling vormt binnen je dagelijkse voeding.<\/p>\n<h1>Nous proposons un choix de 4 saveurs d\u00e9licieuses, toutes disponibles en format de 2 kg.<\/h1>\n<ul>\n<li>Chocolat Caramel Noisette<\/li>\n<li>Chai \u00e0 la vanille et aux amandes<\/li>\n<li>Banaan Toffee<\/li>\n<li>Muffin aux myrtilles<\/li>\n<\/ul>\n<h1>Utilisation<\/h1>\n<p>M\u00e9langez une mesure (40 g) avec 250-400 ml d'eau froide ou de lait d'amande dans votre gobelet \u00e0 shake.<\/p>\n<h1>Ingr\u00e9dients par ar\u00f4me<\/h1>\n<p><strong>Noix au chocolat et au caramel :<\/strong><br \/>\nM\u00e9lange de prot\u00e9ines v\u00e9g\u00e9tales (prot\u00e9ines de pois micronis\u00e9es, prot\u00e9ines de tournesol, etc. <strong>(SOJA<\/strong>), prot\u00e9ines de citrouille), ar\u00f4mes, poudre de cacao, m\u00e9lange multivitamin\u00e9 v\u00e9g\u00e9talien (chlorure de potassium, phosphate de magn\u00e9sium, carbonate de calcium, chlorure de sodium, phosphate dicalcique, maltodextrine, acide ascorbique, fumarate ferreux, ac\u00e9tate de DL-alpha-tocoph\u00e9rol, aspartate de zinc, acide nicotinique, extrait de fucus v\u00e9siculeux 5 :1, ac\u00e9tate de vitamine A-r\u00e9tinol, citrate de mangan\u00e8se, D-pantoth\u00e9nate de calcium, sulfate de cuivre, poudre d'huile de vitamine D2 (ergocalcif\u00e9rol), pyridoxine HCL, thiamine HCL, riboflavine, picolinate de chrome, acide folique, s\u00e9l\u00e9nite de sodium anhydre, D-biotine, cyanocobalamine), \u00e9paississant (gomme xanthane), chlorure de sodium, \u00e9dulcorant (sucralose), Digezyme\u00ae (amylase, cellulase, lactase, lipase et prot\u00e9ase neutre).<\/p>\n<p><br aria-hidden=\"true\" \/><strong>Sundae au banoffee :<\/strong><br \/>\nM\u00e9lange de prot\u00e9ines v\u00e9g\u00e9tales (prot\u00e9ines de pois micronis\u00e9es, prot\u00e9ines de tournesol, etc. <strong>(SOJA)<\/strong>, pompoeneiwit), smaakstoffen, veganistisch multivitaminenmengsel (&#8230;zelfde blend als hierboven&#8230;), verdikkingsmiddel (xanthaangom), natriumchloride, zoetstof (sucralose), Digezyme\u00ae.<\/p>\n<p><br aria-hidden=\"true\" \/><strong>Chai \u00e0 la vanille et aux amandes :<\/strong><br \/>\nM\u00e9lange de prot\u00e9ines v\u00e9g\u00e9tales (prot\u00e9ines de pois micronis\u00e9es, prot\u00e9ines de tournesol, etc. <strong>(SOJA)<\/strong>, pompoeneiwit), smaakstoffen, veganistisch multivitaminenmengsel (&#8230;), verdikkingsmiddel (xanthaangom), natriumchloride, zoetstof (sucralose), Digezyme\u00ae.<\/p>\n<p><strong>Muffin aux myrtilles :<\/strong><br \/>\nPlantaardig eiwitmengsel (gemicroniseerd erwteneiwit, zonnebloemeiwit (SOJA), pompoeneiwit), smaakstoffen, veganistisch multivitaminenmengsel (&#8230;), verdikkingsmiddel (xanthaangom), zout, zoetstof (sucralose), Digezyme\u00ae, kleurstof (E133*).<\/p>\n<p>*Peut avoir un effet n\u00e9gatif sur l'activit\u00e9 et l'attention des enfants.<\/p>\n<p>Pour les allerg\u00e8nes, voir les ingr\u00e9dients en gras.<\/p>\n<p>Convient aux v\u00e9g\u00e9taliens et aux v\u00e9g\u00e9tariens.<\/p>","protected":false},"excerpt":{"rendered":"<p>Les prot\u00e9ines v\u00e9g\u00e9tales v\u00e9g\u00e9taliennes sont parfaites dans 3 cas de figure<\/p>\n<ul>\n<li>Ceux qui sont v\u00e9g\u00e9taliens<\/li>\n<li>Les personnes souffrant d'une intol\u00e9rance au lactose<\/li>\n<li>Ceux qui ont souvent besoin de changer leur choix de prot\u00e9ines en poudre, afin de permettre \u00e0 leur corps de faire une pause apr\u00e8s avoir consomm\u00e9 trop de lactos\u00e9rum.<\/li>\n<\/ul>","protected":false},"featured_media":1450,"comment_status":"closed","ping_status":"closed","template":"","meta":[],"product_brand":[],"product_cat":[77,67,71,81,183,85],"product_tag":[],"class_list":{"0":"post-1424","1":"product","2":"type-product","3":"status-publish","4":"has-post-thumbnail","6":"product_cat-bundles-save","7":"product_cat-eiwitten-proteine","8":"product_cat-merken","9":"product_cat-spieropbouw","10":"product_cat-trained-by-jp","11":"product_cat-vegan-proteine-eiwitten","13":"first","14":"outofstock","15":"sale","16":"taxable","17":"shipping-taxable","18":"purchasable","19":"product-type-variable"},"yoast_head":"<!-- This site is optimized with the Yoast SEO plugin v27.3 - https:\/\/yoast.com\/product\/yoast-seo-wordpress\/ -->\n<title>Trained by JP - Plant Based Vegan Protein - 2KG - Holy-Supps.nl<\/title>\n<meta name=\"description\" content=\"Plant Based Vegan Protein: 2KG van 100% plantaardig eiwit, verrijkt met multivitaminen. Vier heerlijke smaken. Ideaal voor spiergroei en algeheel welzijn.\" \/>\n<meta name=\"robots\" content=\"index, follow, max-snippet:-1, max-image-preview:large, max-video-preview:-1\" \/>\n<link rel=\"canonical\" href=\"https:\/\/www.holy-supps.nl\/fr\/produit\/forme-par-jp-proteine-vegetalienne-a-base-de-plantes-2kg\/\" \/>\n<meta property=\"og:locale\" content=\"fr_FR\" \/>\n<meta property=\"og:type\" content=\"article\" \/>\n<meta property=\"og:title\" content=\"Trained by JP - Plant Based Vegan Protein - 2KG - Holy-Supps.nl\" \/>\n<meta property=\"og:description\" content=\"Plant Based Vegan Protein: 2KG van 100% plantaardig eiwit, verrijkt met multivitaminen. Vier heerlijke smaken. Ideaal voor spiergroei en algeheel welzijn.\" \/>\n<meta property=\"og:url\" content=\"https:\/\/www.holy-supps.nl\/fr\/produit\/forme-par-jp-proteine-vegetalienne-a-base-de-plantes-2kg\/\" \/>\n<meta property=\"og:site_name\" content=\"Holy-Supps.nl\" \/>\n<meta property=\"article:publisher\" content=\"https:\/\/www.facebook.com\/holy.supps\" \/>\n<meta property=\"article:modified_time\" content=\"2025-08-26T13:22:18+00:00\" \/>\n<meta property=\"og:image\" content=\"https:\/\/www.holy-supps.nl\/wp-content\/uploads\/2023\/10\/VeganProteinPouch_50SRV_veganbadge_1800x1800.png.webp\" \/>\n\t<meta property=\"og:image:width\" content=\"1080\" \/>\n\t<meta property=\"og:image:height\" content=\"1080\" \/>\n\t<meta property=\"og:image:type\" content=\"image\/webp\" \/>\n<meta name=\"twitter:card\" content=\"summary_large_image\" \/>\n<meta name=\"twitter:label1\" content=\"Dur\u00e9e de lecture estim\u00e9e\" \/>\n\t<meta name=\"twitter:data1\" content=\"3 minutes\" \/>\n<script type=\"application\/ld+json\" class=\"yoast-schema-graph\">{\"@context\":\"https:\\\/\\\/schema.org\",\"@graph\":[{\"@type\":\"WebPage\",\"@id\":\"https:\\\/\\\/www.holy-supps.nl\\\/product\\\/trained-by-jp-plant-based-vegan-protein-2kg\\\/\",\"url\":\"https:\\\/\\\/www.holy-supps.nl\\\/product\\\/trained-by-jp-plant-based-vegan-protein-2kg\\\/\",\"name\":\"Trained by JP - Plant Based Vegan Protein - 2KG - Holy-Supps.nl\",\"isPartOf\":{\"@id\":\"https:\\\/\\\/www.holy-supps.nl\\\/#website\"},\"primaryImageOfPage\":{\"@id\":\"https:\\\/\\\/www.holy-supps.nl\\\/product\\\/trained-by-jp-plant-based-vegan-protein-2kg\\\/#primaryimage\"},\"image\":{\"@id\":\"https:\\\/\\\/www.holy-supps.nl\\\/product\\\/trained-by-jp-plant-based-vegan-protein-2kg\\\/#primaryimage\"},\"thumbnailUrl\":\"https:\\\/\\\/www.holy-supps.nl\\\/wp-content\\\/uploads\\\/2023\\\/10\\\/VeganProteinPouch_50SRV_veganbadge_1800x1800.png.webp\",\"datePublished\":\"2023-10-15T13:21:38+00:00\",\"dateModified\":\"2025-08-26T13:22:18+00:00\",\"description\":\"Plant Based Vegan Protein: 2KG van 100% plantaardig eiwit, verrijkt met multivitaminen. Vier heerlijke smaken. Ideaal voor spiergroei en algeheel welzijn.\",\"breadcrumb\":{\"@id\":\"https:\\\/\\\/www.holy-supps.nl\\\/product\\\/trained-by-jp-plant-based-vegan-protein-2kg\\\/#breadcrumb\"},\"inLanguage\":\"fr-FR\",\"potentialAction\":[{\"@type\":\"ReadAction\",\"target\":[\"https:\\\/\\\/www.holy-supps.nl\\\/product\\\/trained-by-jp-plant-based-vegan-protein-2kg\\\/\"]}]},{\"@type\":\"ImageObject\",\"inLanguage\":\"fr-FR\",\"@id\":\"https:\\\/\\\/www.holy-supps.nl\\\/product\\\/trained-by-jp-plant-based-vegan-protein-2kg\\\/#primaryimage\",\"url\":\"https:\\\/\\\/www.holy-supps.nl\\\/wp-content\\\/uploads\\\/2023\\\/10\\\/VeganProteinPouch_50SRV_veganbadge_1800x1800.png.webp\",\"contentUrl\":\"https:\\\/\\\/www.holy-supps.nl\\\/wp-content\\\/uploads\\\/2023\\\/10\\\/VeganProteinPouch_50SRV_veganbadge_1800x1800.png.webp\",\"width\":1080,\"height\":1080},{\"@type\":\"BreadcrumbList\",\"@id\":\"https:\\\/\\\/www.holy-supps.nl\\\/product\\\/trained-by-jp-plant-based-vegan-protein-2kg\\\/#breadcrumb\",\"itemListElement\":[{\"@type\":\"ListItem\",\"position\":1,\"name\":\"Home\",\"item\":\"https:\\\/\\\/www.holy-supps.nl\\\/\"},{\"@type\":\"ListItem\",\"position\":2,\"name\":\"Winkel\",\"item\":\"https:\\\/\\\/www.holy-supps.nl\\\/winkel\\\/\"},{\"@type\":\"ListItem\",\"position\":3,\"name\":\"Trained by JP &#8211; Plant Based Vegan Protein &#8211; 2KG\"}]},{\"@type\":\"WebSite\",\"@id\":\"https:\\\/\\\/www.holy-supps.nl\\\/#website\",\"url\":\"https:\\\/\\\/www.holy-supps.nl\\\/\",\"name\":\"Holy-Supps.nl\",\"description\":\"Official EHPLabs Reseller!\",\"publisher\":{\"@id\":\"https:\\\/\\\/www.holy-supps.nl\\\/#organization\"},\"potentialAction\":[{\"@type\":\"SearchAction\",\"target\":{\"@type\":\"EntryPoint\",\"urlTemplate\":\"https:\\\/\\\/www.holy-supps.nl\\\/?s={search_term_string}\"},\"query-input\":{\"@type\":\"PropertyValueSpecification\",\"valueRequired\":true,\"valueName\":\"search_term_string\"}}],\"inLanguage\":\"fr-FR\"},{\"@type\":\"Organization\",\"@id\":\"https:\\\/\\\/www.holy-supps.nl\\\/#organization\",\"name\":\"Holy Supps\",\"url\":\"https:\\\/\\\/www.holy-supps.nl\\\/\",\"logo\":{\"@type\":\"ImageObject\",\"inLanguage\":\"fr-FR\",\"@id\":\"https:\\\/\\\/www.holy-supps.nl\\\/#\\\/schema\\\/logo\\\/image\\\/\",\"url\":\"https:\\\/\\\/www.holy-supps.nl\\\/wp-content\\\/uploads\\\/2023\\\/06\\\/HOLY-SUPPS.png\",\"contentUrl\":\"https:\\\/\\\/www.holy-supps.nl\\\/wp-content\\\/uploads\\\/2023\\\/06\\\/HOLY-SUPPS.png\",\"width\":1000,\"height\":400,\"caption\":\"Holy Supps\"},\"image\":{\"@id\":\"https:\\\/\\\/www.holy-supps.nl\\\/#\\\/schema\\\/logo\\\/image\\\/\"},\"sameAs\":[\"https:\\\/\\\/www.facebook.com\\\/holy.supps\",\"https:\\\/\\\/www.instagram.com\\\/holy.supps.shop\\\/\"]}]}<\/script>\n<!-- \/ Yoast SEO plugin. -->","yoast_head_json":{"title":"Trained by JP - Prot\u00e9ines V\u00e9g\u00e9tales - 2KG - Holy-Supps.fr","description":"Prot\u00e9ines v\u00e9g\u00e9tales v\u00e9g\u00e9taliennes : 2 kg de prot\u00e9ines v\u00e9g\u00e9tales 100% enrichies de multivitamines. Quatre saveurs d\u00e9licieuses. Id\u00e9al pour la croissance musculaire et le bien-\u00eatre g\u00e9n\u00e9ral.","robots":{"index":"index","follow":"follow","max-snippet":"max-snippet:-1","max-image-preview":"max-image-preview:large","max-video-preview":"max-video-preview:-1"},"canonical":"https:\/\/www.holy-supps.nl\/fr\/produit\/forme-par-jp-proteine-vegetalienne-a-base-de-plantes-2kg\/","og_locale":"fr_FR","og_type":"article","og_title":"Trained by JP - Plant Based Vegan Protein - 2KG - Holy-Supps.nl","og_description":"Plant Based Vegan Protein: 2KG van 100% plantaardig eiwit, verrijkt met multivitaminen. Vier heerlijke smaken. Ideaal voor spiergroei en algeheel welzijn.","og_url":"https:\/\/www.holy-supps.nl\/fr\/produit\/forme-par-jp-proteine-vegetalienne-a-base-de-plantes-2kg\/","og_site_name":"Holy-Supps.nl","article_publisher":"https:\/\/www.facebook.com\/holy.supps","article_modified_time":"2025-08-26T13:22:18+00:00","og_image":[{"width":1080,"height":1080,"url":"https:\/\/www.holy-supps.nl\/wp-content\/uploads\/2023\/10\/VeganProteinPouch_50SRV_veganbadge_1800x1800.png.webp","type":"image\/webp"}],"twitter_card":"summary_large_image","twitter_misc":{"Dur\u00e9e de lecture estim\u00e9e":"3 minutes"},"schema":{"@context":"https:\/\/schema.org","@graph":[{"@type":"WebPage","@id":"https:\/\/www.holy-supps.nl\/product\/trained-by-jp-plant-based-vegan-protein-2kg\/","url":"https:\/\/www.holy-supps.nl\/product\/trained-by-jp-plant-based-vegan-protein-2kg\/","name":"Trained by JP - Prot\u00e9ines V\u00e9g\u00e9tales - 2KG - Holy-Supps.fr","isPartOf":{"@id":"https:\/\/www.holy-supps.nl\/#website"},"primaryImageOfPage":{"@id":"https:\/\/www.holy-supps.nl\/product\/trained-by-jp-plant-based-vegan-protein-2kg\/#primaryimage"},"image":{"@id":"https:\/\/www.holy-supps.nl\/product\/trained-by-jp-plant-based-vegan-protein-2kg\/#primaryimage"},"thumbnailUrl":"https:\/\/www.holy-supps.nl\/wp-content\/uploads\/2023\/10\/VeganProteinPouch_50SRV_veganbadge_1800x1800.png.webp","datePublished":"2023-10-15T13:21:38+00:00","dateModified":"2025-08-26T13:22:18+00:00","description":"Prot\u00e9ines v\u00e9g\u00e9tales v\u00e9g\u00e9taliennes : 2 kg de prot\u00e9ines v\u00e9g\u00e9tales 100% enrichies de multivitamines. Quatre saveurs d\u00e9licieuses. Id\u00e9al pour la croissance musculaire et le bien-\u00eatre g\u00e9n\u00e9ral.","breadcrumb":{"@id":"https:\/\/www.holy-supps.nl\/product\/trained-by-jp-plant-based-vegan-protein-2kg\/#breadcrumb"},"inLanguage":"fr-FR","potentialAction":[{"@type":"ReadAction","target":["https:\/\/www.holy-supps.nl\/product\/trained-by-jp-plant-based-vegan-protein-2kg\/"]}]},{"@type":"ImageObject","inLanguage":"fr-FR","@id":"https:\/\/www.holy-supps.nl\/product\/trained-by-jp-plant-based-vegan-protein-2kg\/#primaryimage","url":"https:\/\/www.holy-supps.nl\/wp-content\/uploads\/2023\/10\/VeganProteinPouch_50SRV_veganbadge_1800x1800.png.webp","contentUrl":"https:\/\/www.holy-supps.nl\/wp-content\/uploads\/2023\/10\/VeganProteinPouch_50SRV_veganbadge_1800x1800.png.webp","width":1080,"height":1080},{"@type":"BreadcrumbList","@id":"https:\/\/www.holy-supps.nl\/product\/trained-by-jp-plant-based-vegan-protein-2kg\/#breadcrumb","itemListElement":[{"@type":"ListItem","position":1,"name":"Home","item":"https:\/\/www.holy-supps.nl\/"},{"@type":"ListItem","position":2,"name":"Winkel","item":"https:\/\/www.holy-supps.nl\/winkel\/"},{"@type":"ListItem","position":3,"name":"Trained by JP &#8211; Plant Based Vegan Protein &#8211; 2KG"}]},{"@type":"WebSite","@id":"https:\/\/www.holy-supps.nl\/#website","url":"https:\/\/www.holy-supps.nl\/","name":"Holy-Supps.co.uk","description":"Revendeur officiel EHPLabs !","publisher":{"@id":"https:\/\/www.holy-supps.nl\/#organization"},"potentialAction":[{"@type":"SearchAction","target":{"@type":"EntryPoint","urlTemplate":"https:\/\/www.holy-supps.nl\/?s={search_term_string}"},"query-input":{"@type":"PropertyValueSpecification","valueRequired":true,"valueName":"search_term_string"}}],"inLanguage":"fr-FR"},{"@type":"Organization","@id":"https:\/\/www.holy-supps.nl\/#organization","name":"Les Saints Souvenirs","url":"https:\/\/www.holy-supps.nl\/","logo":{"@type":"ImageObject","inLanguage":"fr-FR","@id":"https:\/\/www.holy-supps.nl\/#\/schema\/logo\/image\/","url":"https:\/\/www.holy-supps.nl\/wp-content\/uploads\/2023\/06\/HOLY-SUPPS.png","contentUrl":"https:\/\/www.holy-supps.nl\/wp-content\/uploads\/2023\/06\/HOLY-SUPPS.png","width":1000,"height":400,"caption":"Holy Supps"},"image":{"@id":"https:\/\/www.holy-supps.nl\/#\/schema\/logo\/image\/"},"sameAs":["https:\/\/www.facebook.com\/holy.supps","https:\/\/www.instagram.com\/holy.supps.shop\/"]}]}},"jetpack_sharing_enabled":true,"_links":{"self":[{"href":"https:\/\/www.holy-supps.nl\/fr\/wp-json\/wp\/v2\/product\/1424","targetHints":{"allow":["GET"]}}],"collection":[{"href":"https:\/\/www.holy-supps.nl\/fr\/wp-json\/wp\/v2\/product"}],"about":[{"href":"https:\/\/www.holy-supps.nl\/fr\/wp-json\/wp\/v2\/types\/product"}],"replies":[{"embeddable":true,"href":"https:\/\/www.holy-supps.nl\/fr\/wp-json\/wp\/v2\/comments?post=1424"}],"wp:featuredmedia":[{"embeddable":true,"href":"https:\/\/www.holy-supps.nl\/fr\/wp-json\/wp\/v2\/media\/1450"}],"wp:attachment":[{"href":"https:\/\/www.holy-supps.nl\/fr\/wp-json\/wp\/v2\/media?parent=1424"}],"wp:term":[{"taxonomy":"product_brand","embeddable":true,"href":"https:\/\/www.holy-supps.nl\/fr\/wp-json\/wp\/v2\/product_brand?post=1424"},{"taxonomy":"product_cat","embeddable":true,"href":"https:\/\/www.holy-supps.nl\/fr\/wp-json\/wp\/v2\/product_cat?post=1424"},{"taxonomy":"product_tag","embeddable":true,"href":"https:\/\/www.holy-supps.nl\/fr\/wp-json\/wp\/v2\/product_tag?post=1424"}],"curies":[{"name":"wp","href":"https:\/\/api.w.org\/{rel}","templated":true}]}}