{"id":1421,"date":"2023-10-15T15:21:37","date_gmt":"2023-10-15T13:21:37","guid":{"rendered":"https:\/\/www.holy-supps.nl\/?post_type=product&#038;p=1421"},"modified":"2025-10-15T22:01:10","modified_gmt":"2025-10-15T20:01:10","slug":"forme-par-jp-creme-de-riz-cor-2kg","status":"publish","type":"product","link":"https:\/\/www.holy-supps.nl\/fr\/product\/trained-by-jp-cream-of-rice-cor-2kg\/","title":{"rendered":"Trained by JP - Cream of Rice - COR 2kg"},"content":{"rendered":"<h1>Pourquoi la cr\u00e8me de riz ?<\/h1>\n<p>Pendant la pr\u00e9paration, l'intersaison ou toute phase d'entra\u00eenement, manger des choses savoureuses et aromatis\u00e9es, au lieu d'un riz fade, peut vous aider \u00e0 maintenir votre r\u00e9gime sur la bonne voie, car vous aurez souvent l'impression de vous faire plaisir, mais il est tout \u00e0 fait possible de r\u00e9pondre \u00e0 vos besoins en hydrates de carbone. de la journ\u00e9e.<\/p>\n<p>Pendant l'intersaison, lorsque la nourriture peut \u00eatre plus \u00e9lev\u00e9e, la digestion peut souvent \u00eatre un peu plus difficile, et \u00e0 ce stade, en ayant une vari\u00e9t\u00e9 de saveurs qui se dig\u00e8rent toujours parfaitement, vous pouvez maintenir votre app\u00e9tit et faire des progr\u00e8s.<\/p>\n<p>JP lui-m\u00eame accorde une grande importance \u00e0 la digestion, \u00e0 l'obtention de poids de corps importants et \u00e0 l'apport calorique. C'est pourquoi tout ce que nous fabriquons est test\u00e9 par lui pour s'assurer qu'il n'y a pas trop d'\u00e9dulcorants, que les saveurs ne sont pas trop fortes - toutes choses qui sont importantes pour vivre et respirer le bodybuilding.<\/p>\n<p>2kg COR est disponible en 13 saveurs d\u00e9licieuses pour satisfaire vos papilles !<\/p>\n<p>Glucides \u00e0 action rapide<\/p>\n<ul>\n<li>Un go\u00fbt incroyable<\/li>\n<li>Facile \u00e0 m\u00e9langer<\/li>\n<li>Parfaitement dig\u00e9r\u00e9<\/li>\n<li>2KG, c'est 80 portions de 25g<\/li>\n<\/ul>\n<p>Tous les parfums sont sans gluten, sauf celui du g\u00e2teau d'anniversaire.<\/p>","protected":false},"excerpt":{"rendered":"<p>Waarom Cream of Rice? Tijdens de voorbereiding, buiten het seizoen of tijdens welke trainingsfase dan ook, kan het eten van lekkere, gearomatiseerde dingen, in plaats van saaiere rijst, je helpen om je dieet op peil te houden, omdat het vaak als een traktatie zal aanvoelen, maar het is prima in te passen in je koolhydraatbehoeften. [&#8230;]\n","protected":false},"featured_media":1446,"comment_status":"closed","ping_status":"closed","template":"","meta":[],"product_brand":[],"product_cat":[89,81,183],"product_tag":[],"class_list":{"0":"post-1421","1":"product","2":"type-product","3":"status-publish","4":"has-post-thumbnail","6":"product_cat-afvallen","7":"product_cat-spieropbouw","8":"product_cat-trained-by-jp","10":"first","11":"outofstock","12":"taxable","13":"shipping-taxable","14":"purchasable","15":"product-type-variable"},"yoast_head":"<!-- This site is optimized with the Yoast SEO plugin v27.4 - https:\/\/yoast.com\/product\/yoast-seo-wordpress\/ -->\n<title>Trained by JP \u2013 Cream of Rice \u2013 COR 2kg - Holy-Supps.nl<\/title>\n<meta name=\"description\" content=\"Cream of Rice 2kg: 80 porties, snelwerkende koolhydraten. Gemakkelijk te mengen, perfect verteerd. Verkrijgbaar in 13 heerlijke smaken. Glutenvrij.\" \/>\n<meta name=\"robots\" content=\"index, follow, max-snippet:-1, max-image-preview:large, max-video-preview:-1\" \/>\n<link rel=\"canonical\" href=\"https:\/\/www.holy-supps.nl\/fr\/produit\/forme-par-jp-creme-de-riz-cor-2kg\/\" \/>\n<meta property=\"og:locale\" content=\"fr_FR\" \/>\n<meta property=\"og:type\" content=\"article\" \/>\n<meta property=\"og:title\" content=\"Trained by JP \u2013 Cream of Rice \u2013 COR 2kg - Holy-Supps.nl\" \/>\n<meta property=\"og:description\" content=\"Cream of Rice 2kg: 80 porties, snelwerkende koolhydraten. Gemakkelijk te mengen, perfect verteerd. Verkrijgbaar in 13 heerlijke smaken. Glutenvrij.\" \/>\n<meta property=\"og:url\" content=\"https:\/\/www.holy-supps.nl\/fr\/produit\/forme-par-jp-creme-de-riz-cor-2kg\/\" \/>\n<meta property=\"og:site_name\" content=\"Holy-Supps.nl\" \/>\n<meta property=\"article:publisher\" content=\"https:\/\/www.facebook.com\/holy.supps\" \/>\n<meta property=\"article:modified_time\" content=\"2025-10-15T20:01:10+00:00\" \/>\n<meta property=\"og:image\" content=\"https:\/\/www.holy-supps.nl\/wp-content\/uploads\/2023\/10\/cor_vegan_750x.png.webp\" \/>\n\t<meta property=\"og:image:width\" content=\"750\" \/>\n\t<meta property=\"og:image:height\" content=\"750\" \/>\n\t<meta property=\"og:image:type\" content=\"image\/webp\" \/>\n<meta name=\"twitter:card\" content=\"summary_large_image\" \/>\n<meta name=\"twitter:label1\" content=\"Dur\u00e9e de lecture estim\u00e9e\" \/>\n\t<meta name=\"twitter:data1\" content=\"2 minutes\" \/>\n<script type=\"application\/ld+json\" class=\"yoast-schema-graph\">{\"@context\":\"https:\\\/\\\/schema.org\",\"@graph\":[{\"@type\":\"WebPage\",\"@id\":\"https:\\\/\\\/www.holy-supps.nl\\\/product\\\/trained-by-jp-cream-of-rice-cor-2kg\\\/\",\"url\":\"https:\\\/\\\/www.holy-supps.nl\\\/product\\\/trained-by-jp-cream-of-rice-cor-2kg\\\/\",\"name\":\"Trained by JP \u2013 Cream of Rice \u2013 COR 2kg - Holy-Supps.nl\",\"isPartOf\":{\"@id\":\"https:\\\/\\\/www.holy-supps.nl\\\/#website\"},\"primaryImageOfPage\":{\"@id\":\"https:\\\/\\\/www.holy-supps.nl\\\/product\\\/trained-by-jp-cream-of-rice-cor-2kg\\\/#primaryimage\"},\"image\":{\"@id\":\"https:\\\/\\\/www.holy-supps.nl\\\/product\\\/trained-by-jp-cream-of-rice-cor-2kg\\\/#primaryimage\"},\"thumbnailUrl\":\"https:\\\/\\\/www.holy-supps.nl\\\/wp-content\\\/uploads\\\/2023\\\/10\\\/cor_vegan_750x.png.webp\",\"datePublished\":\"2023-10-15T13:21:37+00:00\",\"dateModified\":\"2025-10-15T20:01:10+00:00\",\"description\":\"Cream of Rice 2kg: 80 porties, snelwerkende koolhydraten. Gemakkelijk te mengen, perfect verteerd. Verkrijgbaar in 13 heerlijke smaken. Glutenvrij.\",\"breadcrumb\":{\"@id\":\"https:\\\/\\\/www.holy-supps.nl\\\/product\\\/trained-by-jp-cream-of-rice-cor-2kg\\\/#breadcrumb\"},\"inLanguage\":\"fr-FR\",\"potentialAction\":[{\"@type\":\"ReadAction\",\"target\":[\"https:\\\/\\\/www.holy-supps.nl\\\/product\\\/trained-by-jp-cream-of-rice-cor-2kg\\\/\"]}]},{\"@type\":\"ImageObject\",\"inLanguage\":\"fr-FR\",\"@id\":\"https:\\\/\\\/www.holy-supps.nl\\\/product\\\/trained-by-jp-cream-of-rice-cor-2kg\\\/#primaryimage\",\"url\":\"https:\\\/\\\/www.holy-supps.nl\\\/wp-content\\\/uploads\\\/2023\\\/10\\\/cor_vegan_750x.png.webp\",\"contentUrl\":\"https:\\\/\\\/www.holy-supps.nl\\\/wp-content\\\/uploads\\\/2023\\\/10\\\/cor_vegan_750x.png.webp\",\"width\":750,\"height\":750},{\"@type\":\"BreadcrumbList\",\"@id\":\"https:\\\/\\\/www.holy-supps.nl\\\/product\\\/trained-by-jp-cream-of-rice-cor-2kg\\\/#breadcrumb\",\"itemListElement\":[{\"@type\":\"ListItem\",\"position\":1,\"name\":\"Home\",\"item\":\"https:\\\/\\\/www.holy-supps.nl\\\/\"},{\"@type\":\"ListItem\",\"position\":2,\"name\":\"Winkel\",\"item\":\"https:\\\/\\\/www.holy-supps.nl\\\/winkel\\\/\"},{\"@type\":\"ListItem\",\"position\":3,\"name\":\"Trained by JP \u2013 Cream of Rice \u2013 COR 2kg\"}]},{\"@type\":\"WebSite\",\"@id\":\"https:\\\/\\\/www.holy-supps.nl\\\/#website\",\"url\":\"https:\\\/\\\/www.holy-supps.nl\\\/\",\"name\":\"Holy-Supps.nl\",\"description\":\"Official EHPLabs Reseller!\",\"publisher\":{\"@id\":\"https:\\\/\\\/www.holy-supps.nl\\\/#organization\"},\"potentialAction\":[{\"@type\":\"SearchAction\",\"target\":{\"@type\":\"EntryPoint\",\"urlTemplate\":\"https:\\\/\\\/www.holy-supps.nl\\\/?s={search_term_string}\"},\"query-input\":{\"@type\":\"PropertyValueSpecification\",\"valueRequired\":true,\"valueName\":\"search_term_string\"}}],\"inLanguage\":\"fr-FR\"},{\"@type\":\"Organization\",\"@id\":\"https:\\\/\\\/www.holy-supps.nl\\\/#organization\",\"name\":\"Holy Supps\",\"url\":\"https:\\\/\\\/www.holy-supps.nl\\\/\",\"logo\":{\"@type\":\"ImageObject\",\"inLanguage\":\"fr-FR\",\"@id\":\"https:\\\/\\\/www.holy-supps.nl\\\/#\\\/schema\\\/logo\\\/image\\\/\",\"url\":\"https:\\\/\\\/www.holy-supps.nl\\\/wp-content\\\/uploads\\\/2023\\\/06\\\/HOLY-SUPPS.png\",\"contentUrl\":\"https:\\\/\\\/www.holy-supps.nl\\\/wp-content\\\/uploads\\\/2023\\\/06\\\/HOLY-SUPPS.png\",\"width\":1000,\"height\":400,\"caption\":\"Holy Supps\"},\"image\":{\"@id\":\"https:\\\/\\\/www.holy-supps.nl\\\/#\\\/schema\\\/logo\\\/image\\\/\"},\"sameAs\":[\"https:\\\/\\\/www.facebook.com\\\/holy.supps\",\"https:\\\/\\\/www.instagram.com\\\/holy.supps.shop\\\/\"]}]}<\/script>\n<!-- \/ Yoast SEO plugin. -->","yoast_head_json":{"title":"Trained by JP - Cr\u00e8me de Riz - COR 2kg - Holy-Supps.fr","description":"Cream of Rice 2kg : 80 portions, glucides \u00e0 action rapide. Facile \u00e0 m\u00e9langer, parfaitement dig\u00e9r\u00e9. Disponible en 13 saveurs d\u00e9licieuses. Sans gluten.","robots":{"index":"index","follow":"follow","max-snippet":"max-snippet:-1","max-image-preview":"max-image-preview:large","max-video-preview":"max-video-preview:-1"},"canonical":"https:\/\/www.holy-supps.nl\/fr\/produit\/forme-par-jp-creme-de-riz-cor-2kg\/","og_locale":"fr_FR","og_type":"article","og_title":"Trained by JP \u2013 Cream of Rice \u2013 COR 2kg - Holy-Supps.nl","og_description":"Cream of Rice 2kg: 80 porties, snelwerkende koolhydraten. Gemakkelijk te mengen, perfect verteerd. Verkrijgbaar in 13 heerlijke smaken. Glutenvrij.","og_url":"https:\/\/www.holy-supps.nl\/fr\/produit\/forme-par-jp-creme-de-riz-cor-2kg\/","og_site_name":"Holy-Supps.nl","article_publisher":"https:\/\/www.facebook.com\/holy.supps","article_modified_time":"2025-10-15T20:01:10+00:00","og_image":[{"width":750,"height":750,"url":"https:\/\/www.holy-supps.nl\/wp-content\/uploads\/2023\/10\/cor_vegan_750x.png.webp","type":"image\/webp"}],"twitter_card":"summary_large_image","twitter_misc":{"Dur\u00e9e de lecture estim\u00e9e":"2 minutes"},"schema":{"@context":"https:\/\/schema.org","@graph":[{"@type":"WebPage","@id":"https:\/\/www.holy-supps.nl\/product\/trained-by-jp-cream-of-rice-cor-2kg\/","url":"https:\/\/www.holy-supps.nl\/product\/trained-by-jp-cream-of-rice-cor-2kg\/","name":"Trained by JP - Cr\u00e8me de Riz - COR 2kg - Holy-Supps.fr","isPartOf":{"@id":"https:\/\/www.holy-supps.nl\/#website"},"primaryImageOfPage":{"@id":"https:\/\/www.holy-supps.nl\/product\/trained-by-jp-cream-of-rice-cor-2kg\/#primaryimage"},"image":{"@id":"https:\/\/www.holy-supps.nl\/product\/trained-by-jp-cream-of-rice-cor-2kg\/#primaryimage"},"thumbnailUrl":"https:\/\/www.holy-supps.nl\/wp-content\/uploads\/2023\/10\/cor_vegan_750x.png.webp","datePublished":"2023-10-15T13:21:37+00:00","dateModified":"2025-10-15T20:01:10+00:00","description":"Cream of Rice 2kg : 80 portions, glucides \u00e0 action rapide. Facile \u00e0 m\u00e9langer, parfaitement dig\u00e9r\u00e9. Disponible en 13 saveurs d\u00e9licieuses. Sans gluten.","breadcrumb":{"@id":"https:\/\/www.holy-supps.nl\/product\/trained-by-jp-cream-of-rice-cor-2kg\/#breadcrumb"},"inLanguage":"fr-FR","potentialAction":[{"@type":"ReadAction","target":["https:\/\/www.holy-supps.nl\/product\/trained-by-jp-cream-of-rice-cor-2kg\/"]}]},{"@type":"ImageObject","inLanguage":"fr-FR","@id":"https:\/\/www.holy-supps.nl\/product\/trained-by-jp-cream-of-rice-cor-2kg\/#primaryimage","url":"https:\/\/www.holy-supps.nl\/wp-content\/uploads\/2023\/10\/cor_vegan_750x.png.webp","contentUrl":"https:\/\/www.holy-supps.nl\/wp-content\/uploads\/2023\/10\/cor_vegan_750x.png.webp","width":750,"height":750},{"@type":"BreadcrumbList","@id":"https:\/\/www.holy-supps.nl\/product\/trained-by-jp-cream-of-rice-cor-2kg\/#breadcrumb","itemListElement":[{"@type":"ListItem","position":1,"name":"Home","item":"https:\/\/www.holy-supps.nl\/"},{"@type":"ListItem","position":2,"name":"Winkel","item":"https:\/\/www.holy-supps.nl\/winkel\/"},{"@type":"ListItem","position":3,"name":"Trained by JP \u2013 Cream of Rice \u2013 COR 2kg"}]},{"@type":"WebSite","@id":"https:\/\/www.holy-supps.nl\/#website","url":"https:\/\/www.holy-supps.nl\/","name":"Holy-Supps.co.uk","description":"Revendeur officiel EHPLabs !","publisher":{"@id":"https:\/\/www.holy-supps.nl\/#organization"},"potentialAction":[{"@type":"SearchAction","target":{"@type":"EntryPoint","urlTemplate":"https:\/\/www.holy-supps.nl\/?s={search_term_string}"},"query-input":{"@type":"PropertyValueSpecification","valueRequired":true,"valueName":"search_term_string"}}],"inLanguage":"fr-FR"},{"@type":"Organization","@id":"https:\/\/www.holy-supps.nl\/#organization","name":"Les Saints Souvenirs","url":"https:\/\/www.holy-supps.nl\/","logo":{"@type":"ImageObject","inLanguage":"fr-FR","@id":"https:\/\/www.holy-supps.nl\/#\/schema\/logo\/image\/","url":"https:\/\/www.holy-supps.nl\/wp-content\/uploads\/2023\/06\/HOLY-SUPPS.png","contentUrl":"https:\/\/www.holy-supps.nl\/wp-content\/uploads\/2023\/06\/HOLY-SUPPS.png","width":1000,"height":400,"caption":"Holy Supps"},"image":{"@id":"https:\/\/www.holy-supps.nl\/#\/schema\/logo\/image\/"},"sameAs":["https:\/\/www.facebook.com\/holy.supps","https:\/\/www.instagram.com\/holy.supps.shop\/"]}]}},"jetpack_sharing_enabled":true,"_links":{"self":[{"href":"https:\/\/www.holy-supps.nl\/fr\/wp-json\/wp\/v2\/product\/1421","targetHints":{"allow":["GET"]}}],"collection":[{"href":"https:\/\/www.holy-supps.nl\/fr\/wp-json\/wp\/v2\/product"}],"about":[{"href":"https:\/\/www.holy-supps.nl\/fr\/wp-json\/wp\/v2\/types\/product"}],"replies":[{"embeddable":true,"href":"https:\/\/www.holy-supps.nl\/fr\/wp-json\/wp\/v2\/comments?post=1421"}],"wp:featuredmedia":[{"embeddable":true,"href":"https:\/\/www.holy-supps.nl\/fr\/wp-json\/wp\/v2\/media\/1446"}],"wp:attachment":[{"href":"https:\/\/www.holy-supps.nl\/fr\/wp-json\/wp\/v2\/media?parent=1421"}],"wp:term":[{"taxonomy":"product_brand","embeddable":true,"href":"https:\/\/www.holy-supps.nl\/fr\/wp-json\/wp\/v2\/product_brand?post=1421"},{"taxonomy":"product_cat","embeddable":true,"href":"https:\/\/www.holy-supps.nl\/fr\/wp-json\/wp\/v2\/product_cat?post=1421"},{"taxonomy":"product_tag","embeddable":true,"href":"https:\/\/www.holy-supps.nl\/fr\/wp-json\/wp\/v2\/product_tag?post=1421"}],"curies":[{"name":"wp","href":"https:\/\/api.w.org\/{rel}","templated":true}]}}