{"id":1410,"date":"2023-10-15T15:08:43","date_gmt":"2023-10-15T13:08:43","guid":{"rendered":"https:\/\/www.holy-supps.nl\/?post_type=product&#038;p=1410"},"modified":"2025-08-26T15:22:17","modified_gmt":"2025-08-26T13:22:17","slug":"trained-by-jp-performance-isolate-tri-blend-1-kg","status":"publish","type":"product","link":"https:\/\/www.holy-supps.nl\/fr\/product\/trained-by-jp-performance-isolate-tri-blend-1-kg\/","title":{"rendered":"Trained by JP - Performance Isolate Tri Blend - 1 KG"},"content":{"rendered":"<h2>Performance Isolate<\/h2>\n<p>Onze afbraak van eiwitten bestaat uit <strong>40 procent hydro-isolaat, 40 procent isolaat en 20 procent concentraat<\/strong>.<\/p>\n<p>We hebben alle drie de vormen van eiwitten gecombineerd om een hoogwaardige blend te cre\u00ebren met een zeer laag lactosegehalte. Dit maakt het product licht verteerbaar en vriendelijk voor de maag.<\/p>\n<p>Het heeft dezelfde smaak als onze <strong>Performance Protein<\/strong>, maar met een eiwitgehalte van <strong>80%<\/strong>, minder koolhydraten en minder vet.<\/p>\n<h2>\u00c0 qui s'adresse-t-il ?<\/h2>\n<p>Voor iedereen die bereid is iets extra\u2019s uit te geven aan een isolaat met een hoog eiwitpercentage en een laag lactosegehalte.<\/p>\n<p>De meeste sporters zijn goed geholpen met onze Performance Protein. Maar wie n\u00e9t dat beetje verder wil gaan in optimalisatie, zal onze Performance Isolate weten te waarderen.<\/p>\n<p>Ons <strong>Performance Isolate<\/strong> wordt geproduceerd via <strong>cross-flow microfiltratie<\/strong>, is vrij van toegevoegde hormonen en afkomstig van grasgevoerde koeien. Zo zorgen we ervoor dat je een product van hoge kwaliteit krijgt tegen een betaalbare prijs.<\/p>","protected":false},"excerpt":{"rendered":"<p>Performance Isolate est notre m\u00e9lange tri-prot\u00e9ines, contenant de l'hydro-isolat, de l'isolat et des prot\u00e9ines concentr\u00e9es.<\/p>","protected":false},"featured_media":1411,"comment_status":"open","ping_status":"closed","template":"","meta":[],"product_brand":[],"product_cat":[77,67,15,71,75,183],"product_tag":[],"class_list":{"0":"post-1410","1":"product","2":"type-product","3":"status-publish","4":"has-post-thumbnail","6":"product_cat-bundles-save","7":"product_cat-eiwitten-proteine","8":"product_cat-geen-categorie","9":"product_cat-merken","10":"product_cat-producten","11":"product_cat-trained-by-jp","13":"first","14":"outofstock","15":"sale","16":"taxable","17":"shipping-taxable","18":"purchasable","19":"product-type-variable"},"yoast_head":"<!-- This site is optimized with the Yoast SEO plugin v27.3 - https:\/\/yoast.com\/product\/yoast-seo-wordpress\/ -->\n<title>Trained by JP - Performance Isolate Tri Blend - 1 KG - Holy-Supps.nl<\/title>\n<meta name=\"description\" content=\"Performance Isolate Tri Blend: 80% eiwit, lage lactose, snelle opname. Ideaal voor topprestaties en herstel. Anabool, hormoonvrij en van grasgevoerde koeien.\" \/>\n<meta name=\"robots\" content=\"index, follow, max-snippet:-1, max-image-preview:large, max-video-preview:-1\" \/>\n<link rel=\"canonical\" href=\"https:\/\/www.holy-supps.nl\/fr\/produit\/trained-by-jp-performance-isolate-tri-blend-1-kg\/\" \/>\n<meta property=\"og:locale\" content=\"fr_FR\" \/>\n<meta property=\"og:type\" content=\"article\" \/>\n<meta property=\"og:title\" content=\"Trained by JP - Performance Isolate Tri Blend - 1 KG - Holy-Supps.nl\" \/>\n<meta property=\"og:description\" content=\"Performance Isolate Tri Blend: 80% eiwit, lage lactose, snelle opname. Ideaal voor topprestaties en herstel. Anabool, hormoonvrij en van grasgevoerde koeien.\" \/>\n<meta property=\"og:url\" content=\"https:\/\/www.holy-supps.nl\/fr\/produit\/trained-by-jp-performance-isolate-tri-blend-1-kg\/\" \/>\n<meta property=\"og:site_name\" content=\"Holy-Supps.nl\" \/>\n<meta property=\"article:publisher\" content=\"https:\/\/www.facebook.com\/holy.supps\" \/>\n<meta property=\"article:modified_time\" content=\"2025-08-26T13:22:17+00:00\" \/>\n<meta property=\"og:image\" content=\"https:\/\/www.holy-supps.nl\/wp-content\/uploads\/2023\/10\/PI1kgChocolateCaramelWebImage_750x.png.webp\" \/>\n\t<meta property=\"og:image:width\" content=\"750\" \/>\n\t<meta property=\"og:image:height\" content=\"750\" \/>\n\t<meta property=\"og:image:type\" content=\"image\/webp\" \/>\n<meta name=\"twitter:card\" content=\"summary_large_image\" \/>\n<meta name=\"twitter:label1\" content=\"Dur\u00e9e de lecture estim\u00e9e\" \/>\n\t<meta name=\"twitter:data1\" content=\"2 minutes\" \/>\n<script type=\"application\/ld+json\" class=\"yoast-schema-graph\">{\"@context\":\"https:\\\/\\\/schema.org\",\"@graph\":[{\"@type\":\"WebPage\",\"@id\":\"https:\\\/\\\/www.holy-supps.nl\\\/product\\\/trained-by-jp-performance-isolate-tri-blend-1-kg\\\/\",\"url\":\"https:\\\/\\\/www.holy-supps.nl\\\/product\\\/trained-by-jp-performance-isolate-tri-blend-1-kg\\\/\",\"name\":\"Trained by JP - Performance Isolate Tri Blend - 1 KG - Holy-Supps.nl\",\"isPartOf\":{\"@id\":\"https:\\\/\\\/www.holy-supps.nl\\\/#website\"},\"primaryImageOfPage\":{\"@id\":\"https:\\\/\\\/www.holy-supps.nl\\\/product\\\/trained-by-jp-performance-isolate-tri-blend-1-kg\\\/#primaryimage\"},\"image\":{\"@id\":\"https:\\\/\\\/www.holy-supps.nl\\\/product\\\/trained-by-jp-performance-isolate-tri-blend-1-kg\\\/#primaryimage\"},\"thumbnailUrl\":\"https:\\\/\\\/www.holy-supps.nl\\\/wp-content\\\/uploads\\\/2023\\\/10\\\/PI1kgChocolateCaramelWebImage_750x.png.webp\",\"datePublished\":\"2023-10-15T13:08:43+00:00\",\"dateModified\":\"2025-08-26T13:22:17+00:00\",\"description\":\"Performance Isolate Tri Blend: 80% eiwit, lage lactose, snelle opname. Ideaal voor topprestaties en herstel. Anabool, hormoonvrij en van grasgevoerde koeien.\",\"breadcrumb\":{\"@id\":\"https:\\\/\\\/www.holy-supps.nl\\\/product\\\/trained-by-jp-performance-isolate-tri-blend-1-kg\\\/#breadcrumb\"},\"inLanguage\":\"fr-FR\",\"potentialAction\":[{\"@type\":\"ReadAction\",\"target\":[\"https:\\\/\\\/www.holy-supps.nl\\\/product\\\/trained-by-jp-performance-isolate-tri-blend-1-kg\\\/\"]}]},{\"@type\":\"ImageObject\",\"inLanguage\":\"fr-FR\",\"@id\":\"https:\\\/\\\/www.holy-supps.nl\\\/product\\\/trained-by-jp-performance-isolate-tri-blend-1-kg\\\/#primaryimage\",\"url\":\"https:\\\/\\\/www.holy-supps.nl\\\/wp-content\\\/uploads\\\/2023\\\/10\\\/PI1kgChocolateCaramelWebImage_750x.png.webp\",\"contentUrl\":\"https:\\\/\\\/www.holy-supps.nl\\\/wp-content\\\/uploads\\\/2023\\\/10\\\/PI1kgChocolateCaramelWebImage_750x.png.webp\",\"width\":750,\"height\":750},{\"@type\":\"BreadcrumbList\",\"@id\":\"https:\\\/\\\/www.holy-supps.nl\\\/product\\\/trained-by-jp-performance-isolate-tri-blend-1-kg\\\/#breadcrumb\",\"itemListElement\":[{\"@type\":\"ListItem\",\"position\":1,\"name\":\"Home\",\"item\":\"https:\\\/\\\/www.holy-supps.nl\\\/\"},{\"@type\":\"ListItem\",\"position\":2,\"name\":\"Winkel\",\"item\":\"https:\\\/\\\/www.holy-supps.nl\\\/winkel\\\/\"},{\"@type\":\"ListItem\",\"position\":3,\"name\":\"Trained by JP &#8211; Performance Isolate Tri Blend &#8211; 1 KG\"}]},{\"@type\":\"WebSite\",\"@id\":\"https:\\\/\\\/www.holy-supps.nl\\\/#website\",\"url\":\"https:\\\/\\\/www.holy-supps.nl\\\/\",\"name\":\"Holy-Supps.nl\",\"description\":\"Official EHPLabs Reseller!\",\"publisher\":{\"@id\":\"https:\\\/\\\/www.holy-supps.nl\\\/#organization\"},\"potentialAction\":[{\"@type\":\"SearchAction\",\"target\":{\"@type\":\"EntryPoint\",\"urlTemplate\":\"https:\\\/\\\/www.holy-supps.nl\\\/?s={search_term_string}\"},\"query-input\":{\"@type\":\"PropertyValueSpecification\",\"valueRequired\":true,\"valueName\":\"search_term_string\"}}],\"inLanguage\":\"fr-FR\"},{\"@type\":\"Organization\",\"@id\":\"https:\\\/\\\/www.holy-supps.nl\\\/#organization\",\"name\":\"Holy Supps\",\"url\":\"https:\\\/\\\/www.holy-supps.nl\\\/\",\"logo\":{\"@type\":\"ImageObject\",\"inLanguage\":\"fr-FR\",\"@id\":\"https:\\\/\\\/www.holy-supps.nl\\\/#\\\/schema\\\/logo\\\/image\\\/\",\"url\":\"https:\\\/\\\/www.holy-supps.nl\\\/wp-content\\\/uploads\\\/2023\\\/06\\\/HOLY-SUPPS.png\",\"contentUrl\":\"https:\\\/\\\/www.holy-supps.nl\\\/wp-content\\\/uploads\\\/2023\\\/06\\\/HOLY-SUPPS.png\",\"width\":1000,\"height\":400,\"caption\":\"Holy Supps\"},\"image\":{\"@id\":\"https:\\\/\\\/www.holy-supps.nl\\\/#\\\/schema\\\/logo\\\/image\\\/\"},\"sameAs\":[\"https:\\\/\\\/www.facebook.com\\\/holy.supps\",\"https:\\\/\\\/www.instagram.com\\\/holy.supps.shop\\\/\"]}]}<\/script>\n<!-- \/ Yoast SEO plugin. -->","yoast_head_json":{"title":"Trained by JP - Performance Isolate Tri Blend - 1 KG - Holy-Supps.fr","description":"Performance Isolate Tri Blend : prot\u00e9ine 80%, faible teneur en lactose, absorption rapide. Id\u00e9al pour les performances de pointe et la r\u00e9cup\u00e9ration. Anabolique, sans hormones et provenant de vaches nourries \u00e0 l'herbe.","robots":{"index":"index","follow":"follow","max-snippet":"max-snippet:-1","max-image-preview":"max-image-preview:large","max-video-preview":"max-video-preview:-1"},"canonical":"https:\/\/www.holy-supps.nl\/fr\/produit\/trained-by-jp-performance-isolate-tri-blend-1-kg\/","og_locale":"fr_FR","og_type":"article","og_title":"Trained by JP - Performance Isolate Tri Blend - 1 KG - Holy-Supps.nl","og_description":"Performance Isolate Tri Blend: 80% eiwit, lage lactose, snelle opname. Ideaal voor topprestaties en herstel. Anabool, hormoonvrij en van grasgevoerde koeien.","og_url":"https:\/\/www.holy-supps.nl\/fr\/produit\/trained-by-jp-performance-isolate-tri-blend-1-kg\/","og_site_name":"Holy-Supps.nl","article_publisher":"https:\/\/www.facebook.com\/holy.supps","article_modified_time":"2025-08-26T13:22:17+00:00","og_image":[{"width":750,"height":750,"url":"https:\/\/www.holy-supps.nl\/wp-content\/uploads\/2023\/10\/PI1kgChocolateCaramelWebImage_750x.png.webp","type":"image\/webp"}],"twitter_card":"summary_large_image","twitter_misc":{"Dur\u00e9e de lecture estim\u00e9e":"2 minutes"},"schema":{"@context":"https:\/\/schema.org","@graph":[{"@type":"WebPage","@id":"https:\/\/www.holy-supps.nl\/product\/trained-by-jp-performance-isolate-tri-blend-1-kg\/","url":"https:\/\/www.holy-supps.nl\/product\/trained-by-jp-performance-isolate-tri-blend-1-kg\/","name":"Trained by JP - Performance Isolate Tri Blend - 1 KG - Holy-Supps.fr","isPartOf":{"@id":"https:\/\/www.holy-supps.nl\/#website"},"primaryImageOfPage":{"@id":"https:\/\/www.holy-supps.nl\/product\/trained-by-jp-performance-isolate-tri-blend-1-kg\/#primaryimage"},"image":{"@id":"https:\/\/www.holy-supps.nl\/product\/trained-by-jp-performance-isolate-tri-blend-1-kg\/#primaryimage"},"thumbnailUrl":"https:\/\/www.holy-supps.nl\/wp-content\/uploads\/2023\/10\/PI1kgChocolateCaramelWebImage_750x.png.webp","datePublished":"2023-10-15T13:08:43+00:00","dateModified":"2025-08-26T13:22:17+00:00","description":"Performance Isolate Tri Blend : prot\u00e9ine 80%, faible teneur en lactose, absorption rapide. Id\u00e9al pour les performances de pointe et la r\u00e9cup\u00e9ration. Anabolique, sans hormones et provenant de vaches nourries \u00e0 l'herbe.","breadcrumb":{"@id":"https:\/\/www.holy-supps.nl\/product\/trained-by-jp-performance-isolate-tri-blend-1-kg\/#breadcrumb"},"inLanguage":"fr-FR","potentialAction":[{"@type":"ReadAction","target":["https:\/\/www.holy-supps.nl\/product\/trained-by-jp-performance-isolate-tri-blend-1-kg\/"]}]},{"@type":"ImageObject","inLanguage":"fr-FR","@id":"https:\/\/www.holy-supps.nl\/product\/trained-by-jp-performance-isolate-tri-blend-1-kg\/#primaryimage","url":"https:\/\/www.holy-supps.nl\/wp-content\/uploads\/2023\/10\/PI1kgChocolateCaramelWebImage_750x.png.webp","contentUrl":"https:\/\/www.holy-supps.nl\/wp-content\/uploads\/2023\/10\/PI1kgChocolateCaramelWebImage_750x.png.webp","width":750,"height":750},{"@type":"BreadcrumbList","@id":"https:\/\/www.holy-supps.nl\/product\/trained-by-jp-performance-isolate-tri-blend-1-kg\/#breadcrumb","itemListElement":[{"@type":"ListItem","position":1,"name":"Home","item":"https:\/\/www.holy-supps.nl\/"},{"@type":"ListItem","position":2,"name":"Winkel","item":"https:\/\/www.holy-supps.nl\/winkel\/"},{"@type":"ListItem","position":3,"name":"Trained by JP &#8211; Performance Isolate Tri Blend &#8211; 1 KG"}]},{"@type":"WebSite","@id":"https:\/\/www.holy-supps.nl\/#website","url":"https:\/\/www.holy-supps.nl\/","name":"Holy-Supps.co.uk","description":"Revendeur officiel EHPLabs !","publisher":{"@id":"https:\/\/www.holy-supps.nl\/#organization"},"potentialAction":[{"@type":"SearchAction","target":{"@type":"EntryPoint","urlTemplate":"https:\/\/www.holy-supps.nl\/?s={search_term_string}"},"query-input":{"@type":"PropertyValueSpecification","valueRequired":true,"valueName":"search_term_string"}}],"inLanguage":"fr-FR"},{"@type":"Organization","@id":"https:\/\/www.holy-supps.nl\/#organization","name":"Les Saints Souvenirs","url":"https:\/\/www.holy-supps.nl\/","logo":{"@type":"ImageObject","inLanguage":"fr-FR","@id":"https:\/\/www.holy-supps.nl\/#\/schema\/logo\/image\/","url":"https:\/\/www.holy-supps.nl\/wp-content\/uploads\/2023\/06\/HOLY-SUPPS.png","contentUrl":"https:\/\/www.holy-supps.nl\/wp-content\/uploads\/2023\/06\/HOLY-SUPPS.png","width":1000,"height":400,"caption":"Holy Supps"},"image":{"@id":"https:\/\/www.holy-supps.nl\/#\/schema\/logo\/image\/"},"sameAs":["https:\/\/www.facebook.com\/holy.supps","https:\/\/www.instagram.com\/holy.supps.shop\/"]}]}},"jetpack_sharing_enabled":true,"_links":{"self":[{"href":"https:\/\/www.holy-supps.nl\/fr\/wp-json\/wp\/v2\/product\/1410","targetHints":{"allow":["GET"]}}],"collection":[{"href":"https:\/\/www.holy-supps.nl\/fr\/wp-json\/wp\/v2\/product"}],"about":[{"href":"https:\/\/www.holy-supps.nl\/fr\/wp-json\/wp\/v2\/types\/product"}],"replies":[{"embeddable":true,"href":"https:\/\/www.holy-supps.nl\/fr\/wp-json\/wp\/v2\/comments?post=1410"}],"wp:featuredmedia":[{"embeddable":true,"href":"https:\/\/www.holy-supps.nl\/fr\/wp-json\/wp\/v2\/media\/1411"}],"wp:attachment":[{"href":"https:\/\/www.holy-supps.nl\/fr\/wp-json\/wp\/v2\/media?parent=1410"}],"wp:term":[{"taxonomy":"product_brand","embeddable":true,"href":"https:\/\/www.holy-supps.nl\/fr\/wp-json\/wp\/v2\/product_brand?post=1410"},{"taxonomy":"product_cat","embeddable":true,"href":"https:\/\/www.holy-supps.nl\/fr\/wp-json\/wp\/v2\/product_cat?post=1410"},{"taxonomy":"product_tag","embeddable":true,"href":"https:\/\/www.holy-supps.nl\/fr\/wp-json\/wp\/v2\/product_tag?post=1410"}],"curies":[{"name":"wp","href":"https:\/\/api.w.org\/{rel}","templated":true}]}}