{"id":1395,"date":"2023-10-12T22:48:36","date_gmt":"2023-10-12T20:48:36","guid":{"rendered":"https:\/\/www.holy-supps.nl\/?post_type=product&#038;p=1395"},"modified":"2025-10-15T22:01:11","modified_gmt":"2025-10-15T20:01:11","slug":"forme-par-jp-performance-protein","status":"publish","type":"product","link":"https:\/\/www.holy-supps.nl\/fr\/product\/trained-by-jp-performance-protein\/","title":{"rendered":"Trained by JP - Performance Protein"},"content":{"rendered":"<h2>Prot\u00e9ines de performance<\/h2>\n<p>Nous avons mis l'accent sur la qualit\u00e9, mais pas au d\u00e9triment du go\u00fbt !<br \/>\nPerformance Protein offre le choix et la vari\u00e9t\u00e9 avec pas moins de <strong>25 saveurs d\u00e9licieuses<\/strong> \u00e0 choisir.<\/p>\n<p>Notre sac de 2 kg contient <strong>66 portions<\/strong>. Nous disposons \u00e9galement d'un <em>\u00e9dition lisse<\/em> Avec une texture l\u00e9g\u00e8rement plus \u00e9paisse pour ceux qui aiment un milk-shake plus complet.<\/p>\n<h2>Quand l'utiliser ?<\/h2>\n<p>Lorsqu'il n'est pas possible de prendre un repas complet et que vous avez besoin d'une alternative rapide (par exemple avant ou apr\u00e8s l'entra\u00eenement, en voyage ou au travail), Performance Protein est un choix pratique.<\/p>\n<p>Pour les personnes de grande taille, il peut \u00eatre utile de <strong>2 portions<\/strong> pour mieux r\u00e9pondre aux besoins quotidiens en prot\u00e9ines. Une ligne directrice g\u00e9n\u00e9rale consiste \u00e0 r\u00e9partir votre apport en prot\u00e9ines de mani\u00e8re \u00e9gale tout au long de la journ\u00e9e afin d'en avoir toujours assez.<\/p>\n<h2>Mode d'emploi<\/h2>\n<p>M\u00e9langer chaque portion (30 g) avec <strong>300-400 ml d'eau froide<\/strong> dans votre shaker et savourez un shake cr\u00e9meux et savoureux.<\/p>\n<p><strong>Valeurs nutritionnelles :<\/strong> voir les images du produit pour les panneaux d'alimentation.<\/p>","protected":false},"excerpt":{"rendered":"<p>Performance Protein est notre dernier m\u00e9lange de lactos\u00e9rum, compos\u00e9 \u00e0 la fois d'isolat de lactos\u00e9rum et de concentr\u00e9 de lactos\u00e9rum. Comme toujours, nous avons \u00e9vit\u00e9 les formes de prot\u00e9ines moins ch\u00e8res et moins efficaces en choisissant d'utiliser uniquement des prot\u00e9ines de lactos\u00e9rum.<\/p>","protected":false},"featured_media":1396,"comment_status":"open","ping_status":"closed","template":"","meta":[],"product_brand":[],"product_cat":[86,67,81,183],"product_tag":[],"class_list":{"0":"post-1395","1":"product","2":"type-product","3":"status-publish","4":"has-post-thumbnail","6":"product_cat-aankomen","7":"product_cat-eiwitten-proteine","8":"product_cat-spieropbouw","9":"product_cat-trained-by-jp","11":"first","12":"outofstock","13":"taxable","14":"shipping-taxable","15":"purchasable","16":"product-type-variable"},"yoast_head":"<!-- This site is optimized with the Yoast SEO plugin v27.4 - https:\/\/yoast.com\/product\/yoast-seo-wordpress\/ -->\n<title>Trained by JP \u2013 Performance Protein - Holy-Supps.nl<\/title>\n<meta name=\"description\" content=\"Performance Protein: 2KG met 66 porties in 25 smaken. Dikke, gladde textuur. Ideaal voor herstel en spieropbouw. Perfect voor onderweg.\" \/>\n<meta name=\"robots\" content=\"index, follow, max-snippet:-1, max-image-preview:large, max-video-preview:-1\" \/>\n<link rel=\"canonical\" href=\"https:\/\/www.holy-supps.nl\/fr\/produit\/forme-par-jp-performance-protein\/\" \/>\n<meta property=\"og:locale\" content=\"fr_FR\" \/>\n<meta property=\"og:type\" content=\"article\" \/>\n<meta property=\"og:title\" content=\"Trained by JP \u2013 Performance Protein - Holy-Supps.nl\" \/>\n<meta property=\"og:description\" content=\"Performance Protein: 2KG met 66 porties in 25 smaken. Dikke, gladde textuur. Ideaal voor herstel en spieropbouw. Perfect voor onderweg.\" \/>\n<meta property=\"og:url\" content=\"https:\/\/www.holy-supps.nl\/fr\/produit\/forme-par-jp-performance-protein\/\" \/>\n<meta property=\"og:site_name\" content=\"Holy-Supps.nl\" \/>\n<meta property=\"article:publisher\" content=\"https:\/\/www.facebook.com\/holy.supps\" \/>\n<meta property=\"article:modified_time\" content=\"2025-10-15T20:01:11+00:00\" \/>\n<meta property=\"og:image\" content=\"https:\/\/www.holy-supps.nl\/wp-content\/uploads\/2023\/10\/PP2kgSmooth_chocpistachio_1800x1800.png.webp\" \/>\n\t<meta property=\"og:image:width\" content=\"1800\" \/>\n\t<meta property=\"og:image:height\" content=\"1800\" \/>\n\t<meta property=\"og:image:type\" content=\"image\/webp\" \/>\n<meta name=\"twitter:card\" content=\"summary_large_image\" \/>\n<meta name=\"twitter:label1\" content=\"Dur\u00e9e de lecture estim\u00e9e\" \/>\n\t<meta name=\"twitter:data1\" content=\"2 minutes\" \/>\n<script type=\"application\/ld+json\" class=\"yoast-schema-graph\">{\"@context\":\"https:\\\/\\\/schema.org\",\"@graph\":[{\"@type\":\"WebPage\",\"@id\":\"https:\\\/\\\/www.holy-supps.nl\\\/product\\\/trained-by-jp-performance-protein\\\/\",\"url\":\"https:\\\/\\\/www.holy-supps.nl\\\/product\\\/trained-by-jp-performance-protein\\\/\",\"name\":\"Trained by JP \u2013 Performance Protein - Holy-Supps.nl\",\"isPartOf\":{\"@id\":\"https:\\\/\\\/www.holy-supps.nl\\\/#website\"},\"primaryImageOfPage\":{\"@id\":\"https:\\\/\\\/www.holy-supps.nl\\\/product\\\/trained-by-jp-performance-protein\\\/#primaryimage\"},\"image\":{\"@id\":\"https:\\\/\\\/www.holy-supps.nl\\\/product\\\/trained-by-jp-performance-protein\\\/#primaryimage\"},\"thumbnailUrl\":\"https:\\\/\\\/www.holy-supps.nl\\\/wp-content\\\/uploads\\\/2023\\\/10\\\/PP2kgSmooth_chocpistachio_1800x1800.png.webp\",\"datePublished\":\"2023-10-12T20:48:36+00:00\",\"dateModified\":\"2025-10-15T20:01:11+00:00\",\"description\":\"Performance Protein: 2KG met 66 porties in 25 smaken. Dikke, gladde textuur. Ideaal voor herstel en spieropbouw. Perfect voor onderweg.\",\"breadcrumb\":{\"@id\":\"https:\\\/\\\/www.holy-supps.nl\\\/product\\\/trained-by-jp-performance-protein\\\/#breadcrumb\"},\"inLanguage\":\"fr-FR\",\"potentialAction\":[{\"@type\":\"ReadAction\",\"target\":[\"https:\\\/\\\/www.holy-supps.nl\\\/product\\\/trained-by-jp-performance-protein\\\/\"]}]},{\"@type\":\"ImageObject\",\"inLanguage\":\"fr-FR\",\"@id\":\"https:\\\/\\\/www.holy-supps.nl\\\/product\\\/trained-by-jp-performance-protein\\\/#primaryimage\",\"url\":\"https:\\\/\\\/www.holy-supps.nl\\\/wp-content\\\/uploads\\\/2023\\\/10\\\/PP2kgSmooth_chocpistachio_1800x1800.png.webp\",\"contentUrl\":\"https:\\\/\\\/www.holy-supps.nl\\\/wp-content\\\/uploads\\\/2023\\\/10\\\/PP2kgSmooth_chocpistachio_1800x1800.png.webp\",\"width\":1800,\"height\":1800},{\"@type\":\"BreadcrumbList\",\"@id\":\"https:\\\/\\\/www.holy-supps.nl\\\/product\\\/trained-by-jp-performance-protein\\\/#breadcrumb\",\"itemListElement\":[{\"@type\":\"ListItem\",\"position\":1,\"name\":\"Home\",\"item\":\"https:\\\/\\\/www.holy-supps.nl\\\/\"},{\"@type\":\"ListItem\",\"position\":2,\"name\":\"Winkel\",\"item\":\"https:\\\/\\\/www.holy-supps.nl\\\/winkel\\\/\"},{\"@type\":\"ListItem\",\"position\":3,\"name\":\"Trained by JP \u2013 Performance Protein\"}]},{\"@type\":\"WebSite\",\"@id\":\"https:\\\/\\\/www.holy-supps.nl\\\/#website\",\"url\":\"https:\\\/\\\/www.holy-supps.nl\\\/\",\"name\":\"Holy-Supps.nl\",\"description\":\"Official EHPLabs Reseller!\",\"publisher\":{\"@id\":\"https:\\\/\\\/www.holy-supps.nl\\\/#organization\"},\"potentialAction\":[{\"@type\":\"SearchAction\",\"target\":{\"@type\":\"EntryPoint\",\"urlTemplate\":\"https:\\\/\\\/www.holy-supps.nl\\\/?s={search_term_string}\"},\"query-input\":{\"@type\":\"PropertyValueSpecification\",\"valueRequired\":true,\"valueName\":\"search_term_string\"}}],\"inLanguage\":\"fr-FR\"},{\"@type\":\"Organization\",\"@id\":\"https:\\\/\\\/www.holy-supps.nl\\\/#organization\",\"name\":\"Holy Supps\",\"url\":\"https:\\\/\\\/www.holy-supps.nl\\\/\",\"logo\":{\"@type\":\"ImageObject\",\"inLanguage\":\"fr-FR\",\"@id\":\"https:\\\/\\\/www.holy-supps.nl\\\/#\\\/schema\\\/logo\\\/image\\\/\",\"url\":\"https:\\\/\\\/www.holy-supps.nl\\\/wp-content\\\/uploads\\\/2023\\\/06\\\/HOLY-SUPPS.png\",\"contentUrl\":\"https:\\\/\\\/www.holy-supps.nl\\\/wp-content\\\/uploads\\\/2023\\\/06\\\/HOLY-SUPPS.png\",\"width\":1000,\"height\":400,\"caption\":\"Holy Supps\"},\"image\":{\"@id\":\"https:\\\/\\\/www.holy-supps.nl\\\/#\\\/schema\\\/logo\\\/image\\\/\"},\"sameAs\":[\"https:\\\/\\\/www.facebook.com\\\/holy.supps\",\"https:\\\/\\\/www.instagram.com\\\/holy.supps.shop\\\/\"]}]}<\/script>\n<!-- \/ Yoast SEO plugin. -->","yoast_head_json":{"title":"Entra\u00een\u00e9 par JP - Performance Protein - Holy-Supps.fr","description":"Performance Protein : 2KG avec 66 portions dans 25 saveurs. Texture \u00e9paisse et lisse. Id\u00e9al pour la r\u00e9cup\u00e9ration et la construction musculaire. Parfait pour les d\u00e9placements.","robots":{"index":"index","follow":"follow","max-snippet":"max-snippet:-1","max-image-preview":"max-image-preview:large","max-video-preview":"max-video-preview:-1"},"canonical":"https:\/\/www.holy-supps.nl\/fr\/produit\/forme-par-jp-performance-protein\/","og_locale":"fr_FR","og_type":"article","og_title":"Trained by JP \u2013 Performance Protein - Holy-Supps.nl","og_description":"Performance Protein: 2KG met 66 porties in 25 smaken. Dikke, gladde textuur. Ideaal voor herstel en spieropbouw. Perfect voor onderweg.","og_url":"https:\/\/www.holy-supps.nl\/fr\/produit\/forme-par-jp-performance-protein\/","og_site_name":"Holy-Supps.nl","article_publisher":"https:\/\/www.facebook.com\/holy.supps","article_modified_time":"2025-10-15T20:01:11+00:00","og_image":[{"width":1800,"height":1800,"url":"https:\/\/www.holy-supps.nl\/wp-content\/uploads\/2023\/10\/PP2kgSmooth_chocpistachio_1800x1800.png.webp","type":"image\/webp"}],"twitter_card":"summary_large_image","twitter_misc":{"Dur\u00e9e de lecture estim\u00e9e":"2 minutes"},"schema":{"@context":"https:\/\/schema.org","@graph":[{"@type":"WebPage","@id":"https:\/\/www.holy-supps.nl\/product\/trained-by-jp-performance-protein\/","url":"https:\/\/www.holy-supps.nl\/product\/trained-by-jp-performance-protein\/","name":"Entra\u00een\u00e9 par JP - Performance Protein - Holy-Supps.fr","isPartOf":{"@id":"https:\/\/www.holy-supps.nl\/#website"},"primaryImageOfPage":{"@id":"https:\/\/www.holy-supps.nl\/product\/trained-by-jp-performance-protein\/#primaryimage"},"image":{"@id":"https:\/\/www.holy-supps.nl\/product\/trained-by-jp-performance-protein\/#primaryimage"},"thumbnailUrl":"https:\/\/www.holy-supps.nl\/wp-content\/uploads\/2023\/10\/PP2kgSmooth_chocpistachio_1800x1800.png.webp","datePublished":"2023-10-12T20:48:36+00:00","dateModified":"2025-10-15T20:01:11+00:00","description":"Performance Protein : 2KG avec 66 portions dans 25 saveurs. Texture \u00e9paisse et lisse. Id\u00e9al pour la r\u00e9cup\u00e9ration et la construction musculaire. Parfait pour les d\u00e9placements.","breadcrumb":{"@id":"https:\/\/www.holy-supps.nl\/product\/trained-by-jp-performance-protein\/#breadcrumb"},"inLanguage":"fr-FR","potentialAction":[{"@type":"ReadAction","target":["https:\/\/www.holy-supps.nl\/product\/trained-by-jp-performance-protein\/"]}]},{"@type":"ImageObject","inLanguage":"fr-FR","@id":"https:\/\/www.holy-supps.nl\/product\/trained-by-jp-performance-protein\/#primaryimage","url":"https:\/\/www.holy-supps.nl\/wp-content\/uploads\/2023\/10\/PP2kgSmooth_chocpistachio_1800x1800.png.webp","contentUrl":"https:\/\/www.holy-supps.nl\/wp-content\/uploads\/2023\/10\/PP2kgSmooth_chocpistachio_1800x1800.png.webp","width":1800,"height":1800},{"@type":"BreadcrumbList","@id":"https:\/\/www.holy-supps.nl\/product\/trained-by-jp-performance-protein\/#breadcrumb","itemListElement":[{"@type":"ListItem","position":1,"name":"Home","item":"https:\/\/www.holy-supps.nl\/"},{"@type":"ListItem","position":2,"name":"Winkel","item":"https:\/\/www.holy-supps.nl\/winkel\/"},{"@type":"ListItem","position":3,"name":"Trained by JP \u2013 Performance Protein"}]},{"@type":"WebSite","@id":"https:\/\/www.holy-supps.nl\/#website","url":"https:\/\/www.holy-supps.nl\/","name":"Holy-Supps.co.uk","description":"Revendeur officiel EHPLabs !","publisher":{"@id":"https:\/\/www.holy-supps.nl\/#organization"},"potentialAction":[{"@type":"SearchAction","target":{"@type":"EntryPoint","urlTemplate":"https:\/\/www.holy-supps.nl\/?s={search_term_string}"},"query-input":{"@type":"PropertyValueSpecification","valueRequired":true,"valueName":"search_term_string"}}],"inLanguage":"fr-FR"},{"@type":"Organization","@id":"https:\/\/www.holy-supps.nl\/#organization","name":"Les Saints Souvenirs","url":"https:\/\/www.holy-supps.nl\/","logo":{"@type":"ImageObject","inLanguage":"fr-FR","@id":"https:\/\/www.holy-supps.nl\/#\/schema\/logo\/image\/","url":"https:\/\/www.holy-supps.nl\/wp-content\/uploads\/2023\/06\/HOLY-SUPPS.png","contentUrl":"https:\/\/www.holy-supps.nl\/wp-content\/uploads\/2023\/06\/HOLY-SUPPS.png","width":1000,"height":400,"caption":"Holy Supps"},"image":{"@id":"https:\/\/www.holy-supps.nl\/#\/schema\/logo\/image\/"},"sameAs":["https:\/\/www.facebook.com\/holy.supps","https:\/\/www.instagram.com\/holy.supps.shop\/"]}]}},"jetpack_sharing_enabled":true,"_links":{"self":[{"href":"https:\/\/www.holy-supps.nl\/fr\/wp-json\/wp\/v2\/product\/1395","targetHints":{"allow":["GET"]}}],"collection":[{"href":"https:\/\/www.holy-supps.nl\/fr\/wp-json\/wp\/v2\/product"}],"about":[{"href":"https:\/\/www.holy-supps.nl\/fr\/wp-json\/wp\/v2\/types\/product"}],"replies":[{"embeddable":true,"href":"https:\/\/www.holy-supps.nl\/fr\/wp-json\/wp\/v2\/comments?post=1395"}],"wp:featuredmedia":[{"embeddable":true,"href":"https:\/\/www.holy-supps.nl\/fr\/wp-json\/wp\/v2\/media\/1396"}],"wp:attachment":[{"href":"https:\/\/www.holy-supps.nl\/fr\/wp-json\/wp\/v2\/media?parent=1395"}],"wp:term":[{"taxonomy":"product_brand","embeddable":true,"href":"https:\/\/www.holy-supps.nl\/fr\/wp-json\/wp\/v2\/product_brand?post=1395"},{"taxonomy":"product_cat","embeddable":true,"href":"https:\/\/www.holy-supps.nl\/fr\/wp-json\/wp\/v2\/product_cat?post=1395"},{"taxonomy":"product_tag","embeddable":true,"href":"https:\/\/www.holy-supps.nl\/fr\/wp-json\/wp\/v2\/product_tag?post=1395"}],"curies":[{"name":"wp","href":"https:\/\/api.w.org\/{rel}","templated":true}]}}