{"id":1328,"date":"2023-09-27T10:18:04","date_gmt":"2023-09-27T08:18:04","guid":{"rendered":"https:\/\/www.holy-supps.nl\/?post_type=product&#038;p=1328"},"modified":"2025-12-23T13:55:34","modified_gmt":"2025-12-23T12:55:34","slug":"offre-groupee-dautomne-sur-le-bien-etre","status":"publish","type":"product","link":"https:\/\/www.holy-supps.nl\/fr\/product\/health-bundle\/","title":{"rendered":"L'offre group\u00e9e sur la sant\u00e9"},"content":{"rendered":"<h2>Le pack bien-\u00eatre automnal d'EHPlabs<\/h2>\n<p>\u00cates-vous pr\u00eat \u00e0 commencer la nouvelle saison avec une \u00e9nergie renouvel\u00e9e ? Le <strong>EHPlabs Pack bien-\u00eatre automnal<\/strong> a \u00e9t\u00e9 soigneusement compos\u00e9 et combine deux produits populaires : <em>OxyGreens<\/em> et <em>OxyShred<\/em>. Ce coffret est id\u00e9al pour tous ceux qui souhaitent donner un coup de pouce suppl\u00e9mentaire \u00e0 leur routine quotidienne.<\/p>\n<h3>OxyGreens \u2013 Un m\u00e9lange d'ingr\u00e9dients verts<\/h3>\n<p><em>OxyGreens<\/em> contient un m\u00e9lange de poudres de fruits et l\u00e9gumes, enrichi en antioxydants, vitamines et min\u00e9raux. C'est un moyen pratique d'ajouter de la vari\u00e9t\u00e9 \u00e0 votre alimentation quotidienne. Facile \u00e0 m\u00e9langer avec de l'eau ou dans un smoothie pour bien commencer la journ\u00e9e.<\/p>\n<h3>OxyShred \u2013 Choix populaire avant l'entra\u00eenement<\/h3>\n<p><em>OxyShred<\/em> est l'un des produits les plus connus d'EHPlabs. Cette formule combine diff\u00e9rents ingr\u00e9dients, dont la caf\u00e9ine et la L-carnitine, et est disponible en plusieurs saveurs. OxyShred est souvent utilis\u00e9 avant une s\u00e9ance d'entra\u00eenement ou comme boisson rafra\u00eechissante \u00e0 tout moment de la journ\u00e9e.<\/p>\n<p><strong>Le pack bien-\u00eatre Fall<\/strong> est une combinaison pratique pour passer la saison avec \u00e9nergie et vari\u00e9t\u00e9.<\/p>","protected":false},"excerpt":{"rendered":"<p>Revitalisez votre forme en automne avec le Pack bien-\u00eatre d'automne d'EHPlabs - stimulez votre \u00e9nergie, br\u00fblez les graisses et restez \u00e9l\u00e9gant !<\/p>","protected":false},"featured_media":4577,"comment_status":"closed","ping_status":"closed","template":"","meta":[],"product_brand":[],"product_cat":[89,214,77,72,87,69,74,79,70,92],"product_tag":[],"class_list":{"0":"post-1328","1":"product","2":"type-product","3":"status-publish","4":"has-post-thumbnail","6":"product_cat-afvallen","7":"product_cat-black-friday-deals-ehp","8":"product_cat-bundles-save","9":"product_cat-ehplabs","10":"product_cat-energie-focus","11":"product_cat-fatburners","12":"product_cat-health-wellness","13":"product_cat-maaltijdvervangers","14":"product_cat-raws","15":"product_cat-vitamine-mineralen","17":"first","18":"instock","19":"sale","20":"taxable","21":"shipping-taxable","22":"purchasable","23":"product-type-yith_bundle"},"yoast_head":"<!-- This site is optimized with the Yoast SEO plugin v27.4 - https:\/\/yoast.com\/product\/yoast-seo-wordpress\/ -->\n<title>Health Bundle - Holy-Supps.nl<\/title>\n<meta name=\"description\" content=\"Boost je welzijn deze herfst met de EHPlabs Health Bundle: OxyGreens en OxyShred voor energie, vetverbranding en dagelijkse vitaliteit!\" \/>\n<meta name=\"robots\" content=\"index, follow, max-snippet:-1, max-image-preview:large, max-video-preview:-1\" \/>\n<link rel=\"canonical\" href=\"https:\/\/www.holy-supps.nl\/fr\/produit\/offre-groupee-dautomne-sur-le-bien-etre\/\" \/>\n<meta property=\"og:locale\" content=\"fr_FR\" \/>\n<meta property=\"og:type\" content=\"article\" \/>\n<meta property=\"og:title\" content=\"Health Bundle - Holy-Supps.nl\" \/>\n<meta property=\"og:description\" content=\"Boost je welzijn deze herfst met de EHPlabs Health Bundle: OxyGreens en OxyShred voor energie, vetverbranding en dagelijkse vitaliteit!\" \/>\n<meta property=\"og:url\" content=\"https:\/\/www.holy-supps.nl\/fr\/produit\/offre-groupee-dautomne-sur-le-bien-etre\/\" \/>\n<meta property=\"og:site_name\" content=\"Holy-Supps.nl\" \/>\n<meta property=\"article:publisher\" content=\"https:\/\/www.facebook.com\/holy.supps\" \/>\n<meta property=\"article:modified_time\" content=\"2025-12-23T12:55:34+00:00\" \/>\n<meta property=\"og:image\" content=\"https:\/\/www.holy-supps.nl\/wp-content\/uploads\/2025\/11\/oxygreen-shred-bundle.png\" \/>\n\t<meta property=\"og:image:width\" content=\"990\" \/>\n\t<meta property=\"og:image:height\" content=\"990\" \/>\n\t<meta property=\"og:image:type\" content=\"image\/png\" \/>\n<meta name=\"twitter:card\" content=\"summary_large_image\" \/>\n<meta name=\"twitter:label1\" content=\"Dur\u00e9e de lecture estim\u00e9e\" \/>\n\t<meta name=\"twitter:data1\" content=\"1 minute\" \/>\n<script type=\"application\/ld+json\" class=\"yoast-schema-graph\">{\"@context\":\"https:\\\/\\\/schema.org\",\"@graph\":[{\"@type\":\"WebPage\",\"@id\":\"https:\\\/\\\/www.holy-supps.nl\\\/product\\\/health-bundle\\\/\",\"url\":\"https:\\\/\\\/www.holy-supps.nl\\\/product\\\/health-bundle\\\/\",\"name\":\"Health Bundle - Holy-Supps.nl\",\"isPartOf\":{\"@id\":\"https:\\\/\\\/www.holy-supps.nl\\\/#website\"},\"primaryImageOfPage\":{\"@id\":\"https:\\\/\\\/www.holy-supps.nl\\\/product\\\/health-bundle\\\/#primaryimage\"},\"image\":{\"@id\":\"https:\\\/\\\/www.holy-supps.nl\\\/product\\\/health-bundle\\\/#primaryimage\"},\"thumbnailUrl\":\"https:\\\/\\\/www.holy-supps.nl\\\/wp-content\\\/uploads\\\/2025\\\/11\\\/oxygreen-shred-bundle.png\",\"datePublished\":\"2023-09-27T08:18:04+00:00\",\"dateModified\":\"2025-12-23T12:55:34+00:00\",\"description\":\"Boost je welzijn deze herfst met de EHPlabs Health Bundle: OxyGreens en OxyShred voor energie, vetverbranding en dagelijkse vitaliteit!\",\"breadcrumb\":{\"@id\":\"https:\\\/\\\/www.holy-supps.nl\\\/product\\\/health-bundle\\\/#breadcrumb\"},\"inLanguage\":\"fr-FR\",\"potentialAction\":[{\"@type\":\"ReadAction\",\"target\":[\"https:\\\/\\\/www.holy-supps.nl\\\/product\\\/health-bundle\\\/\"]}]},{\"@type\":\"ImageObject\",\"inLanguage\":\"fr-FR\",\"@id\":\"https:\\\/\\\/www.holy-supps.nl\\\/product\\\/health-bundle\\\/#primaryimage\",\"url\":\"https:\\\/\\\/www.holy-supps.nl\\\/wp-content\\\/uploads\\\/2025\\\/11\\\/oxygreen-shred-bundle.png\",\"contentUrl\":\"https:\\\/\\\/www.holy-supps.nl\\\/wp-content\\\/uploads\\\/2025\\\/11\\\/oxygreen-shred-bundle.png\",\"width\":990,\"height\":990},{\"@type\":\"BreadcrumbList\",\"@id\":\"https:\\\/\\\/www.holy-supps.nl\\\/product\\\/health-bundle\\\/#breadcrumb\",\"itemListElement\":[{\"@type\":\"ListItem\",\"position\":1,\"name\":\"Home\",\"item\":\"https:\\\/\\\/www.holy-supps.nl\\\/\"},{\"@type\":\"ListItem\",\"position\":2,\"name\":\"Winkel\",\"item\":\"https:\\\/\\\/www.holy-supps.nl\\\/winkel\\\/\"},{\"@type\":\"ListItem\",\"position\":3,\"name\":\"Health Bundle\"}]},{\"@type\":\"WebSite\",\"@id\":\"https:\\\/\\\/www.holy-supps.nl\\\/#website\",\"url\":\"https:\\\/\\\/www.holy-supps.nl\\\/\",\"name\":\"Holy-Supps.nl\",\"description\":\"Official EHPLabs Reseller!\",\"publisher\":{\"@id\":\"https:\\\/\\\/www.holy-supps.nl\\\/#organization\"},\"potentialAction\":[{\"@type\":\"SearchAction\",\"target\":{\"@type\":\"EntryPoint\",\"urlTemplate\":\"https:\\\/\\\/www.holy-supps.nl\\\/?s={search_term_string}\"},\"query-input\":{\"@type\":\"PropertyValueSpecification\",\"valueRequired\":true,\"valueName\":\"search_term_string\"}}],\"inLanguage\":\"fr-FR\"},{\"@type\":\"Organization\",\"@id\":\"https:\\\/\\\/www.holy-supps.nl\\\/#organization\",\"name\":\"Holy Supps\",\"url\":\"https:\\\/\\\/www.holy-supps.nl\\\/\",\"logo\":{\"@type\":\"ImageObject\",\"inLanguage\":\"fr-FR\",\"@id\":\"https:\\\/\\\/www.holy-supps.nl\\\/#\\\/schema\\\/logo\\\/image\\\/\",\"url\":\"https:\\\/\\\/www.holy-supps.nl\\\/wp-content\\\/uploads\\\/2023\\\/06\\\/HOLY-SUPPS.png\",\"contentUrl\":\"https:\\\/\\\/www.holy-supps.nl\\\/wp-content\\\/uploads\\\/2023\\\/06\\\/HOLY-SUPPS.png\",\"width\":1000,\"height\":400,\"caption\":\"Holy Supps\"},\"image\":{\"@id\":\"https:\\\/\\\/www.holy-supps.nl\\\/#\\\/schema\\\/logo\\\/image\\\/\"},\"sameAs\":[\"https:\\\/\\\/www.facebook.com\\\/holy.supps\",\"https:\\\/\\\/www.instagram.com\\\/holy.supps.shop\\\/\"]}]}<\/script>\n<!-- \/ Yoast SEO plugin. -->","yoast_head_json":{"title":"L'offre group\u00e9e sant\u00e9 - Holy-Supps.fr","description":"Boostez votre bien-\u00eatre cet automne avec le Pack Sant\u00e9 EHPlabs : OxyGreens et OxyShred pour l'\u00e9nergie, la combustion des graisses et la vitalit\u00e9 au quotidien !","robots":{"index":"index","follow":"follow","max-snippet":"max-snippet:-1","max-image-preview":"max-image-preview:large","max-video-preview":"max-video-preview:-1"},"canonical":"https:\/\/www.holy-supps.nl\/fr\/produit\/offre-groupee-dautomne-sur-le-bien-etre\/","og_locale":"fr_FR","og_type":"article","og_title":"Health Bundle - Holy-Supps.nl","og_description":"Boost je welzijn deze herfst met de EHPlabs Health Bundle: OxyGreens en OxyShred voor energie, vetverbranding en dagelijkse vitaliteit!","og_url":"https:\/\/www.holy-supps.nl\/fr\/produit\/offre-groupee-dautomne-sur-le-bien-etre\/","og_site_name":"Holy-Supps.nl","article_publisher":"https:\/\/www.facebook.com\/holy.supps","article_modified_time":"2025-12-23T12:55:34+00:00","og_image":[{"width":990,"height":990,"url":"https:\/\/www.holy-supps.nl\/wp-content\/uploads\/2025\/11\/oxygreen-shred-bundle.png","type":"image\/png"}],"twitter_card":"summary_large_image","twitter_misc":{"Dur\u00e9e de lecture estim\u00e9e":"1 minute"},"schema":{"@context":"https:\/\/schema.org","@graph":[{"@type":"WebPage","@id":"https:\/\/www.holy-supps.nl\/product\/health-bundle\/","url":"https:\/\/www.holy-supps.nl\/product\/health-bundle\/","name":"L'offre group\u00e9e sant\u00e9 - Holy-Supps.fr","isPartOf":{"@id":"https:\/\/www.holy-supps.nl\/#website"},"primaryImageOfPage":{"@id":"https:\/\/www.holy-supps.nl\/product\/health-bundle\/#primaryimage"},"image":{"@id":"https:\/\/www.holy-supps.nl\/product\/health-bundle\/#primaryimage"},"thumbnailUrl":"https:\/\/www.holy-supps.nl\/wp-content\/uploads\/2025\/11\/oxygreen-shred-bundle.png","datePublished":"2023-09-27T08:18:04+00:00","dateModified":"2025-12-23T12:55:34+00:00","description":"Boostez votre bien-\u00eatre cet automne avec le Pack Sant\u00e9 EHPlabs : OxyGreens et OxyShred pour l'\u00e9nergie, la combustion des graisses et la vitalit\u00e9 au quotidien !","breadcrumb":{"@id":"https:\/\/www.holy-supps.nl\/product\/health-bundle\/#breadcrumb"},"inLanguage":"fr-FR","potentialAction":[{"@type":"ReadAction","target":["https:\/\/www.holy-supps.nl\/product\/health-bundle\/"]}]},{"@type":"ImageObject","inLanguage":"fr-FR","@id":"https:\/\/www.holy-supps.nl\/product\/health-bundle\/#primaryimage","url":"https:\/\/www.holy-supps.nl\/wp-content\/uploads\/2025\/11\/oxygreen-shred-bundle.png","contentUrl":"https:\/\/www.holy-supps.nl\/wp-content\/uploads\/2025\/11\/oxygreen-shred-bundle.png","width":990,"height":990},{"@type":"BreadcrumbList","@id":"https:\/\/www.holy-supps.nl\/product\/health-bundle\/#breadcrumb","itemListElement":[{"@type":"ListItem","position":1,"name":"Home","item":"https:\/\/www.holy-supps.nl\/"},{"@type":"ListItem","position":2,"name":"Winkel","item":"https:\/\/www.holy-supps.nl\/winkel\/"},{"@type":"ListItem","position":3,"name":"Health Bundle"}]},{"@type":"WebSite","@id":"https:\/\/www.holy-supps.nl\/#website","url":"https:\/\/www.holy-supps.nl\/","name":"Holy-Supps.co.uk","description":"Revendeur officiel EHPLabs !","publisher":{"@id":"https:\/\/www.holy-supps.nl\/#organization"},"potentialAction":[{"@type":"SearchAction","target":{"@type":"EntryPoint","urlTemplate":"https:\/\/www.holy-supps.nl\/?s={search_term_string}"},"query-input":{"@type":"PropertyValueSpecification","valueRequired":true,"valueName":"search_term_string"}}],"inLanguage":"fr-FR"},{"@type":"Organization","@id":"https:\/\/www.holy-supps.nl\/#organization","name":"Les Saints Souvenirs","url":"https:\/\/www.holy-supps.nl\/","logo":{"@type":"ImageObject","inLanguage":"fr-FR","@id":"https:\/\/www.holy-supps.nl\/#\/schema\/logo\/image\/","url":"https:\/\/www.holy-supps.nl\/wp-content\/uploads\/2023\/06\/HOLY-SUPPS.png","contentUrl":"https:\/\/www.holy-supps.nl\/wp-content\/uploads\/2023\/06\/HOLY-SUPPS.png","width":1000,"height":400,"caption":"Holy Supps"},"image":{"@id":"https:\/\/www.holy-supps.nl\/#\/schema\/logo\/image\/"},"sameAs":["https:\/\/www.facebook.com\/holy.supps","https:\/\/www.instagram.com\/holy.supps.shop\/"]}]}},"jetpack_sharing_enabled":true,"_links":{"self":[{"href":"https:\/\/www.holy-supps.nl\/fr\/wp-json\/wp\/v2\/product\/1328","targetHints":{"allow":["GET"]}}],"collection":[{"href":"https:\/\/www.holy-supps.nl\/fr\/wp-json\/wp\/v2\/product"}],"about":[{"href":"https:\/\/www.holy-supps.nl\/fr\/wp-json\/wp\/v2\/types\/product"}],"replies":[{"embeddable":true,"href":"https:\/\/www.holy-supps.nl\/fr\/wp-json\/wp\/v2\/comments?post=1328"}],"wp:featuredmedia":[{"embeddable":true,"href":"https:\/\/www.holy-supps.nl\/fr\/wp-json\/wp\/v2\/media\/4577"}],"wp:attachment":[{"href":"https:\/\/www.holy-supps.nl\/fr\/wp-json\/wp\/v2\/media?parent=1328"}],"wp:term":[{"taxonomy":"product_brand","embeddable":true,"href":"https:\/\/www.holy-supps.nl\/fr\/wp-json\/wp\/v2\/product_brand?post=1328"},{"taxonomy":"product_cat","embeddable":true,"href":"https:\/\/www.holy-supps.nl\/fr\/wp-json\/wp\/v2\/product_cat?post=1328"},{"taxonomy":"product_tag","embeddable":true,"href":"https:\/\/www.holy-supps.nl\/fr\/wp-json\/wp\/v2\/product_tag?post=1328"}],"curies":[{"name":"wp","href":"https:\/\/api.w.org\/{rel}","templated":true}]}}