{"id":125,"date":"2023-02-18T12:18:19","date_gmt":"2023-02-18T11:18:19","guid":{"rendered":"https:\/\/www.holy-supps.nl\/?post_type=product&#038;p=125"},"modified":"2026-03-27T23:43:10","modified_gmt":"2026-03-27T22:43:10","slug":"glutamine-recuperation-acides-amines-ehplabs","status":"publish","type":"product","link":"https:\/\/www.holy-supps.nl\/fr\/product\/glutamine-recovery-amino-acids-ehplabs\/","title":{"rendered":"Glutamine - Acides amin\u00e9s de r\u00e9cup\u00e9ration - EHPLabs"},"content":{"rendered":"<h2>Description<\/h2>\n<p>EHPlabs Glutamine Recovery Amino Acids is een aminozuur-supplement in poedervorm dat bestaat uit 100% pure L-Glutamine.<br \/>\nDit product is smaakloos, goed oplosbaar en kan eenvoudig worden toegevoegd aan water, sap of shakes.<br \/>\nHet is geschikt voor volwassenen die hun dagelijkse voeding willen aanvullen met glutamine.<\/p>\n<h2>Avantages<\/h2>\n<ul>\n<li>Bevat 100% pure L-Glutamine<\/li>\n<li>Smaakloos en eenvoudig te mengen<\/li>\n<li>Poedervorm voor flexibele dosering<\/li>\n<li>Geschikt voor dagelijks gebruik<\/li>\n<li>Kan gecombineerd worden met andere supplementen<\/li>\n<\/ul>\n<h2>Mode d'emploi<\/h2>\n<p>Meng \u00e9\u00e9n maatschep Glutamine Recovery Amino Acids met 200\u2013250 ml water of een drank naar keuze.<br \/>\nKan op elk gewenst moment van de dag worden gebruikt, bijvoorbeeld na training of voor het slapengaan.<br \/>\nDe aanbevolen dagelijkse dosering niet overschrijden.<br \/>\nVoedingssupplementen zijn geen vervanging voor een gevarieerde voeding en gezonde levensstijl.<\/p>","protected":false},"excerpt":{"rendered":"<p>EHPlabs Glutamine Recovery Amino Acids is een supplement in poedervorm dat pure L-Glutamine bevat. Het product is ontwikkeld voor sporters die hun aminozuur-inname willen aanvullen. Eenvoudig te mengen met water of een andere drank en geschikt voor dagelijks gebruik.<\/p>","protected":false},"featured_media":126,"comment_status":"open","ping_status":"closed","template":"","meta":[],"product_brand":[],"product_cat":[72,70],"product_tag":[],"class_list":{"0":"post-125","1":"product","2":"type-product","3":"status-publish","4":"has-post-thumbnail","6":"product_cat-ehplabs","7":"product_cat-raws","9":"first","10":"instock","11":"taxable","12":"shipping-taxable","13":"purchasable","14":"product-type-simple"},"yoast_head":"<!-- This site is optimized with the Yoast SEO plugin v27.3 - https:\/\/yoast.com\/product\/yoast-seo-wordpress\/ -->\n<title>Glutamine | Recovery Amino Acids - EHPLabs - Holy-Supps.nl<\/title>\n<meta name=\"description\" content=\"Verbeter spierherstel en darmgezondheid met EHPLabs Glutamine. Verhoog vetvrije massa en verminder spierpijn voor optimale prestaties!\" \/>\n<meta name=\"robots\" content=\"index, follow, max-snippet:-1, max-image-preview:large, max-video-preview:-1\" \/>\n<link rel=\"canonical\" href=\"https:\/\/www.holy-supps.nl\/fr\/produit\/glutamine-recuperation-acides-amines-ehplabs\/\" \/>\n<meta property=\"og:locale\" content=\"fr_FR\" \/>\n<meta property=\"og:type\" content=\"article\" \/>\n<meta property=\"og:title\" content=\"Glutamine | Recovery Amino Acids - EHPLabs - Holy-Supps.nl\" \/>\n<meta property=\"og:description\" content=\"Verbeter spierherstel en darmgezondheid met EHPLabs Glutamine. Verhoog vetvrije massa en verminder spierpijn voor optimale prestaties!\" \/>\n<meta property=\"og:url\" content=\"https:\/\/www.holy-supps.nl\/fr\/produit\/glutamine-recuperation-acides-amines-ehplabs\/\" \/>\n<meta property=\"og:site_name\" content=\"Holy-Supps.nl\" \/>\n<meta property=\"article:publisher\" content=\"https:\/\/www.facebook.com\/holy.supps\" \/>\n<meta property=\"article:modified_time\" content=\"2026-03-27T22:43:10+00:00\" \/>\n<meta property=\"og:image\" content=\"https:\/\/www.holy-supps.nl\/wp-content\/uploads\/2023\/02\/USWEBSITEIMAGESNEWRAWS2_1000x.webp\" \/>\n\t<meta property=\"og:image:width\" content=\"1000\" \/>\n\t<meta property=\"og:image:height\" content=\"1000\" \/>\n\t<meta property=\"og:image:type\" content=\"image\/webp\" \/>\n<meta name=\"twitter:card\" content=\"summary_large_image\" \/>\n<meta name=\"twitter:label1\" content=\"Dur\u00e9e de lecture estim\u00e9e\" \/>\n\t<meta name=\"twitter:data1\" content=\"2 minutes\" \/>\n<script type=\"application\/ld+json\" class=\"yoast-schema-graph\">{\"@context\":\"https:\\\/\\\/schema.org\",\"@graph\":[{\"@type\":\"WebPage\",\"@id\":\"https:\\\/\\\/www.holy-supps.nl\\\/product\\\/glutamine-recovery-amino-acids-ehplabs\\\/\",\"url\":\"https:\\\/\\\/www.holy-supps.nl\\\/product\\\/glutamine-recovery-amino-acids-ehplabs\\\/\",\"name\":\"Glutamine | Recovery Amino Acids - EHPLabs - Holy-Supps.nl\",\"isPartOf\":{\"@id\":\"https:\\\/\\\/www.holy-supps.nl\\\/#website\"},\"primaryImageOfPage\":{\"@id\":\"https:\\\/\\\/www.holy-supps.nl\\\/product\\\/glutamine-recovery-amino-acids-ehplabs\\\/#primaryimage\"},\"image\":{\"@id\":\"https:\\\/\\\/www.holy-supps.nl\\\/product\\\/glutamine-recovery-amino-acids-ehplabs\\\/#primaryimage\"},\"thumbnailUrl\":\"https:\\\/\\\/www.holy-supps.nl\\\/wp-content\\\/uploads\\\/2023\\\/02\\\/USWEBSITEIMAGESNEWRAWS2_1000x.webp\",\"datePublished\":\"2023-02-18T11:18:19+00:00\",\"dateModified\":\"2026-03-27T22:43:10+00:00\",\"description\":\"Verbeter spierherstel en darmgezondheid met EHPLabs Glutamine. Verhoog vetvrije massa en verminder spierpijn voor optimale prestaties!\",\"breadcrumb\":{\"@id\":\"https:\\\/\\\/www.holy-supps.nl\\\/product\\\/glutamine-recovery-amino-acids-ehplabs\\\/#breadcrumb\"},\"inLanguage\":\"fr-FR\",\"potentialAction\":[{\"@type\":\"ReadAction\",\"target\":[\"https:\\\/\\\/www.holy-supps.nl\\\/product\\\/glutamine-recovery-amino-acids-ehplabs\\\/\"]}]},{\"@type\":\"ImageObject\",\"inLanguage\":\"fr-FR\",\"@id\":\"https:\\\/\\\/www.holy-supps.nl\\\/product\\\/glutamine-recovery-amino-acids-ehplabs\\\/#primaryimage\",\"url\":\"https:\\\/\\\/www.holy-supps.nl\\\/wp-content\\\/uploads\\\/2023\\\/02\\\/USWEBSITEIMAGESNEWRAWS2_1000x.webp\",\"contentUrl\":\"https:\\\/\\\/www.holy-supps.nl\\\/wp-content\\\/uploads\\\/2023\\\/02\\\/USWEBSITEIMAGESNEWRAWS2_1000x.webp\",\"width\":1000,\"height\":1000},{\"@type\":\"BreadcrumbList\",\"@id\":\"https:\\\/\\\/www.holy-supps.nl\\\/product\\\/glutamine-recovery-amino-acids-ehplabs\\\/#breadcrumb\",\"itemListElement\":[{\"@type\":\"ListItem\",\"position\":1,\"name\":\"Home\",\"item\":\"https:\\\/\\\/www.holy-supps.nl\\\/\"},{\"@type\":\"ListItem\",\"position\":2,\"name\":\"Winkel\",\"item\":\"https:\\\/\\\/www.holy-supps.nl\\\/winkel\\\/\"},{\"@type\":\"ListItem\",\"position\":3,\"name\":\"Glutamine | Recovery Amino Acids &#8211; EHPLabs\"}]},{\"@type\":\"WebSite\",\"@id\":\"https:\\\/\\\/www.holy-supps.nl\\\/#website\",\"url\":\"https:\\\/\\\/www.holy-supps.nl\\\/\",\"name\":\"Holy-Supps.nl\",\"description\":\"Official EHPLabs Reseller!\",\"publisher\":{\"@id\":\"https:\\\/\\\/www.holy-supps.nl\\\/#organization\"},\"potentialAction\":[{\"@type\":\"SearchAction\",\"target\":{\"@type\":\"EntryPoint\",\"urlTemplate\":\"https:\\\/\\\/www.holy-supps.nl\\\/?s={search_term_string}\"},\"query-input\":{\"@type\":\"PropertyValueSpecification\",\"valueRequired\":true,\"valueName\":\"search_term_string\"}}],\"inLanguage\":\"fr-FR\"},{\"@type\":\"Organization\",\"@id\":\"https:\\\/\\\/www.holy-supps.nl\\\/#organization\",\"name\":\"Holy Supps\",\"url\":\"https:\\\/\\\/www.holy-supps.nl\\\/\",\"logo\":{\"@type\":\"ImageObject\",\"inLanguage\":\"fr-FR\",\"@id\":\"https:\\\/\\\/www.holy-supps.nl\\\/#\\\/schema\\\/logo\\\/image\\\/\",\"url\":\"https:\\\/\\\/www.holy-supps.nl\\\/wp-content\\\/uploads\\\/2023\\\/06\\\/HOLY-SUPPS.png\",\"contentUrl\":\"https:\\\/\\\/www.holy-supps.nl\\\/wp-content\\\/uploads\\\/2023\\\/06\\\/HOLY-SUPPS.png\",\"width\":1000,\"height\":400,\"caption\":\"Holy Supps\"},\"image\":{\"@id\":\"https:\\\/\\\/www.holy-supps.nl\\\/#\\\/schema\\\/logo\\\/image\\\/\"},\"sameAs\":[\"https:\\\/\\\/www.facebook.com\\\/holy.supps\",\"https:\\\/\\\/www.instagram.com\\\/holy.supps.shop\\\/\"]}]}<\/script>\n<!-- \/ Yoast SEO plugin. -->","yoast_head_json":{"title":"Glutamine - R\u00e9cup\u00e9ration Acides Amin\u00e9s - EHPLabs - Holy-Supps.fr","description":"Am\u00e9liorez la r\u00e9cup\u00e9ration musculaire et la sant\u00e9 intestinale avec EHPLabs Glutamine. Augmentez la masse grasse et r\u00e9duisez les douleurs musculaires pour des performances optimales !","robots":{"index":"index","follow":"follow","max-snippet":"max-snippet:-1","max-image-preview":"max-image-preview:large","max-video-preview":"max-video-preview:-1"},"canonical":"https:\/\/www.holy-supps.nl\/fr\/produit\/glutamine-recuperation-acides-amines-ehplabs\/","og_locale":"fr_FR","og_type":"article","og_title":"Glutamine | Recovery Amino Acids - EHPLabs - Holy-Supps.nl","og_description":"Verbeter spierherstel en darmgezondheid met EHPLabs Glutamine. Verhoog vetvrije massa en verminder spierpijn voor optimale prestaties!","og_url":"https:\/\/www.holy-supps.nl\/fr\/produit\/glutamine-recuperation-acides-amines-ehplabs\/","og_site_name":"Holy-Supps.nl","article_publisher":"https:\/\/www.facebook.com\/holy.supps","article_modified_time":"2026-03-27T22:43:10+00:00","og_image":[{"width":1000,"height":1000,"url":"https:\/\/www.holy-supps.nl\/wp-content\/uploads\/2023\/02\/USWEBSITEIMAGESNEWRAWS2_1000x.webp","type":"image\/webp"}],"twitter_card":"summary_large_image","twitter_misc":{"Dur\u00e9e de lecture estim\u00e9e":"2 minutes"},"schema":{"@context":"https:\/\/schema.org","@graph":[{"@type":"WebPage","@id":"https:\/\/www.holy-supps.nl\/product\/glutamine-recovery-amino-acids-ehplabs\/","url":"https:\/\/www.holy-supps.nl\/product\/glutamine-recovery-amino-acids-ehplabs\/","name":"Glutamine - R\u00e9cup\u00e9ration Acides Amin\u00e9s - EHPLabs - Holy-Supps.fr","isPartOf":{"@id":"https:\/\/www.holy-supps.nl\/#website"},"primaryImageOfPage":{"@id":"https:\/\/www.holy-supps.nl\/product\/glutamine-recovery-amino-acids-ehplabs\/#primaryimage"},"image":{"@id":"https:\/\/www.holy-supps.nl\/product\/glutamine-recovery-amino-acids-ehplabs\/#primaryimage"},"thumbnailUrl":"https:\/\/www.holy-supps.nl\/wp-content\/uploads\/2023\/02\/USWEBSITEIMAGESNEWRAWS2_1000x.webp","datePublished":"2023-02-18T11:18:19+00:00","dateModified":"2026-03-27T22:43:10+00:00","description":"Am\u00e9liorez la r\u00e9cup\u00e9ration musculaire et la sant\u00e9 intestinale avec EHPLabs Glutamine. Augmentez la masse grasse et r\u00e9duisez les douleurs musculaires pour des performances optimales !","breadcrumb":{"@id":"https:\/\/www.holy-supps.nl\/product\/glutamine-recovery-amino-acids-ehplabs\/#breadcrumb"},"inLanguage":"fr-FR","potentialAction":[{"@type":"ReadAction","target":["https:\/\/www.holy-supps.nl\/product\/glutamine-recovery-amino-acids-ehplabs\/"]}]},{"@type":"ImageObject","inLanguage":"fr-FR","@id":"https:\/\/www.holy-supps.nl\/product\/glutamine-recovery-amino-acids-ehplabs\/#primaryimage","url":"https:\/\/www.holy-supps.nl\/wp-content\/uploads\/2023\/02\/USWEBSITEIMAGESNEWRAWS2_1000x.webp","contentUrl":"https:\/\/www.holy-supps.nl\/wp-content\/uploads\/2023\/02\/USWEBSITEIMAGESNEWRAWS2_1000x.webp","width":1000,"height":1000},{"@type":"BreadcrumbList","@id":"https:\/\/www.holy-supps.nl\/product\/glutamine-recovery-amino-acids-ehplabs\/#breadcrumb","itemListElement":[{"@type":"ListItem","position":1,"name":"Home","item":"https:\/\/www.holy-supps.nl\/"},{"@type":"ListItem","position":2,"name":"Winkel","item":"https:\/\/www.holy-supps.nl\/winkel\/"},{"@type":"ListItem","position":3,"name":"Glutamine | Recovery Amino Acids &#8211; EHPLabs"}]},{"@type":"WebSite","@id":"https:\/\/www.holy-supps.nl\/#website","url":"https:\/\/www.holy-supps.nl\/","name":"Holy-Supps.co.uk","description":"Revendeur officiel EHPLabs !","publisher":{"@id":"https:\/\/www.holy-supps.nl\/#organization"},"potentialAction":[{"@type":"SearchAction","target":{"@type":"EntryPoint","urlTemplate":"https:\/\/www.holy-supps.nl\/?s={search_term_string}"},"query-input":{"@type":"PropertyValueSpecification","valueRequired":true,"valueName":"search_term_string"}}],"inLanguage":"fr-FR"},{"@type":"Organization","@id":"https:\/\/www.holy-supps.nl\/#organization","name":"Les Saints Souvenirs","url":"https:\/\/www.holy-supps.nl\/","logo":{"@type":"ImageObject","inLanguage":"fr-FR","@id":"https:\/\/www.holy-supps.nl\/#\/schema\/logo\/image\/","url":"https:\/\/www.holy-supps.nl\/wp-content\/uploads\/2023\/06\/HOLY-SUPPS.png","contentUrl":"https:\/\/www.holy-supps.nl\/wp-content\/uploads\/2023\/06\/HOLY-SUPPS.png","width":1000,"height":400,"caption":"Holy Supps"},"image":{"@id":"https:\/\/www.holy-supps.nl\/#\/schema\/logo\/image\/"},"sameAs":["https:\/\/www.facebook.com\/holy.supps","https:\/\/www.instagram.com\/holy.supps.shop\/"]}]}},"jetpack_sharing_enabled":true,"_links":{"self":[{"href":"https:\/\/www.holy-supps.nl\/fr\/wp-json\/wp\/v2\/product\/125","targetHints":{"allow":["GET"]}}],"collection":[{"href":"https:\/\/www.holy-supps.nl\/fr\/wp-json\/wp\/v2\/product"}],"about":[{"href":"https:\/\/www.holy-supps.nl\/fr\/wp-json\/wp\/v2\/types\/product"}],"replies":[{"embeddable":true,"href":"https:\/\/www.holy-supps.nl\/fr\/wp-json\/wp\/v2\/comments?post=125"}],"wp:featuredmedia":[{"embeddable":true,"href":"https:\/\/www.holy-supps.nl\/fr\/wp-json\/wp\/v2\/media\/126"}],"wp:attachment":[{"href":"https:\/\/www.holy-supps.nl\/fr\/wp-json\/wp\/v2\/media?parent=125"}],"wp:term":[{"taxonomy":"product_brand","embeddable":true,"href":"https:\/\/www.holy-supps.nl\/fr\/wp-json\/wp\/v2\/product_brand?post=125"},{"taxonomy":"product_cat","embeddable":true,"href":"https:\/\/www.holy-supps.nl\/fr\/wp-json\/wp\/v2\/product_cat?post=125"},{"taxonomy":"product_tag","embeddable":true,"href":"https:\/\/www.holy-supps.nl\/fr\/wp-json\/wp\/v2\/product_tag?post=125"}],"curies":[{"name":"wp","href":"https:\/\/api.w.org\/{rel}","templated":true}]}}