{"id":1118,"date":"2023-07-27T00:01:56","date_gmt":"2023-07-26T22:01:56","guid":{"rendered":"https:\/\/www.holy-supps.nl\/?post_type=product&#038;p=1118"},"modified":"2025-05-18T07:39:36","modified_gmt":"2025-05-18T05:39:36","slug":"secoueur-electrique-ehp-laboratoires-ehp","status":"publish","type":"product","link":"https:\/\/www.holy-supps.nl\/fr\/product\/ehp-electric-shaker-ehp-labs\/","title":{"rendered":"Agitateur \u00e9lectrique EHP - EHP Labs"},"content":{"rendered":"<p>Le nouveau shaker \u00e9lectrique de EHP labs, votre nouveau m\u00e9langeur de boissons portable pr\u00e9f\u00e9r\u00e9. Ce shaker \u00e9lectrique vous offre un nouveau niveau de commodit\u00e9 et d'efficacit\u00e9 en m\u00e9langeant sans effort vos compl\u00e9ments EHPlabs pr\u00e9f\u00e9r\u00e9s, \u00e0 tout moment et en tout lieu.<\/p>","protected":false},"excerpt":{"rendered":"<p>Le nouveau shaker \u00e9lectrique de EHP labs, votre nouveau m\u00e9langeur de boissons portable pr\u00e9f\u00e9r\u00e9. Profitez d'un nouveau niveau de commodit\u00e9 et d'efficacit\u00e9 en regardant notre shaker \u00e9lectrique m\u00e9langer sans effort vos suppl\u00e9ments EHPlabs pr\u00e9f\u00e9r\u00e9s, \u00e0 tout moment et en tout lieu.<\/p>","protected":false},"featured_media":1119,"comment_status":"open","ping_status":"closed","template":"","meta":[],"product_brand":[],"product_cat":[76],"product_tag":[],"class_list":{"0":"post-1118","1":"product","2":"type-product","3":"status-publish","4":"has-post-thumbnail","6":"product_cat-accessoires","8":"first","9":"outofstock","10":"taxable","11":"shipping-taxable","12":"purchasable","13":"product-type-simple"},"yoast_head":"<!-- This site is optimized with the Yoast SEO plugin v27.5 - https:\/\/yoast.com\/product\/yoast-seo-wordpress\/ -->\n<title>EHP Electric Shaker - EHP Labs - Holy-Supps.nl<\/title>\n<meta name=\"description\" content=\"Mix moeiteloos je supplementen met de EHP Electric Shaker van EHP Labs. Altijd en overal perfect gemixt, voor ultiem gemak en effici\u00ebntie!\" \/>\n<meta name=\"robots\" content=\"index, follow, max-snippet:-1, max-image-preview:large, max-video-preview:-1\" \/>\n<link rel=\"canonical\" href=\"https:\/\/www.holy-supps.nl\/fr\/produit\/secoueur-electrique-ehp-laboratoires-ehp\/\" \/>\n<meta property=\"og:locale\" content=\"fr_FR\" \/>\n<meta property=\"og:type\" content=\"article\" \/>\n<meta property=\"og:title\" content=\"EHP Electric Shaker - EHP Labs - Holy-Supps.nl\" \/>\n<meta property=\"og:description\" content=\"Mix moeiteloos je supplementen met de EHP Electric Shaker van EHP Labs. Altijd en overal perfect gemixt, voor ultiem gemak en effici\u00ebntie!\" \/>\n<meta property=\"og:url\" content=\"https:\/\/www.holy-supps.nl\/fr\/produit\/secoueur-electrique-ehp-laboratoires-ehp\/\" \/>\n<meta property=\"og:site_name\" content=\"Holy-Supps.nl\" \/>\n<meta property=\"article:publisher\" content=\"https:\/\/www.facebook.com\/holy.supps\" \/>\n<meta property=\"article:modified_time\" content=\"2025-05-18T05:39:36+00:00\" \/>\n<meta property=\"og:image\" content=\"https:\/\/www.holy-supps.nl\/wp-content\/uploads\/2023\/07\/ehplabs-electric-shaker.webp\" \/>\n\t<meta property=\"og:image:width\" content=\"538\" \/>\n\t<meta property=\"og:image:height\" content=\"538\" \/>\n\t<meta property=\"og:image:type\" content=\"image\/webp\" \/>\n<meta name=\"twitter:card\" content=\"summary_large_image\" \/>\n<meta name=\"twitter:label1\" content=\"Dur\u00e9e de lecture estim\u00e9e\" \/>\n\t<meta name=\"twitter:data1\" content=\"1 minute\" \/>\n<script type=\"application\/ld+json\" class=\"yoast-schema-graph\">{\"@context\":\"https:\\\/\\\/schema.org\",\"@graph\":[{\"@type\":\"WebPage\",\"@id\":\"https:\\\/\\\/www.holy-supps.nl\\\/product\\\/ehp-electric-shaker-ehp-labs\\\/\",\"url\":\"https:\\\/\\\/www.holy-supps.nl\\\/product\\\/ehp-electric-shaker-ehp-labs\\\/\",\"name\":\"EHP Electric Shaker - EHP Labs - Holy-Supps.nl\",\"isPartOf\":{\"@id\":\"https:\\\/\\\/www.holy-supps.nl\\\/#website\"},\"primaryImageOfPage\":{\"@id\":\"https:\\\/\\\/www.holy-supps.nl\\\/product\\\/ehp-electric-shaker-ehp-labs\\\/#primaryimage\"},\"image\":{\"@id\":\"https:\\\/\\\/www.holy-supps.nl\\\/product\\\/ehp-electric-shaker-ehp-labs\\\/#primaryimage\"},\"thumbnailUrl\":\"https:\\\/\\\/www.holy-supps.nl\\\/wp-content\\\/uploads\\\/2023\\\/07\\\/ehplabs-electric-shaker.webp\",\"datePublished\":\"2023-07-26T22:01:56+00:00\",\"dateModified\":\"2025-05-18T05:39:36+00:00\",\"description\":\"Mix moeiteloos je supplementen met de EHP Electric Shaker van EHP Labs. Altijd en overal perfect gemixt, voor ultiem gemak en effici\u00ebntie!\",\"breadcrumb\":{\"@id\":\"https:\\\/\\\/www.holy-supps.nl\\\/product\\\/ehp-electric-shaker-ehp-labs\\\/#breadcrumb\"},\"inLanguage\":\"fr-FR\",\"potentialAction\":[{\"@type\":\"ReadAction\",\"target\":[\"https:\\\/\\\/www.holy-supps.nl\\\/product\\\/ehp-electric-shaker-ehp-labs\\\/\"]}]},{\"@type\":\"ImageObject\",\"inLanguage\":\"fr-FR\",\"@id\":\"https:\\\/\\\/www.holy-supps.nl\\\/product\\\/ehp-electric-shaker-ehp-labs\\\/#primaryimage\",\"url\":\"https:\\\/\\\/www.holy-supps.nl\\\/wp-content\\\/uploads\\\/2023\\\/07\\\/ehplabs-electric-shaker.webp\",\"contentUrl\":\"https:\\\/\\\/www.holy-supps.nl\\\/wp-content\\\/uploads\\\/2023\\\/07\\\/ehplabs-electric-shaker.webp\",\"width\":538,\"height\":538},{\"@type\":\"BreadcrumbList\",\"@id\":\"https:\\\/\\\/www.holy-supps.nl\\\/product\\\/ehp-electric-shaker-ehp-labs\\\/#breadcrumb\",\"itemListElement\":[{\"@type\":\"ListItem\",\"position\":1,\"name\":\"Home\",\"item\":\"https:\\\/\\\/www.holy-supps.nl\\\/\"},{\"@type\":\"ListItem\",\"position\":2,\"name\":\"Winkel\",\"item\":\"https:\\\/\\\/www.holy-supps.nl\\\/winkel\\\/\"},{\"@type\":\"ListItem\",\"position\":3,\"name\":\"EHP Electric Shaker &#8211; EHP Labs\"}]},{\"@type\":\"WebSite\",\"@id\":\"https:\\\/\\\/www.holy-supps.nl\\\/#website\",\"url\":\"https:\\\/\\\/www.holy-supps.nl\\\/\",\"name\":\"Holy-Supps.nl\",\"description\":\"Official EHPLabs Reseller!\",\"publisher\":{\"@id\":\"https:\\\/\\\/www.holy-supps.nl\\\/#organization\"},\"potentialAction\":[{\"@type\":\"SearchAction\",\"target\":{\"@type\":\"EntryPoint\",\"urlTemplate\":\"https:\\\/\\\/www.holy-supps.nl\\\/?s={search_term_string}\"},\"query-input\":{\"@type\":\"PropertyValueSpecification\",\"valueRequired\":true,\"valueName\":\"search_term_string\"}}],\"inLanguage\":\"fr-FR\"},{\"@type\":\"Organization\",\"@id\":\"https:\\\/\\\/www.holy-supps.nl\\\/#organization\",\"name\":\"Holy Supps\",\"url\":\"https:\\\/\\\/www.holy-supps.nl\\\/\",\"logo\":{\"@type\":\"ImageObject\",\"inLanguage\":\"fr-FR\",\"@id\":\"https:\\\/\\\/www.holy-supps.nl\\\/#\\\/schema\\\/logo\\\/image\\\/\",\"url\":\"https:\\\/\\\/www.holy-supps.nl\\\/wp-content\\\/uploads\\\/2023\\\/06\\\/HOLY-SUPPS.png\",\"contentUrl\":\"https:\\\/\\\/www.holy-supps.nl\\\/wp-content\\\/uploads\\\/2023\\\/06\\\/HOLY-SUPPS.png\",\"width\":1000,\"height\":400,\"caption\":\"Holy Supps\"},\"image\":{\"@id\":\"https:\\\/\\\/www.holy-supps.nl\\\/#\\\/schema\\\/logo\\\/image\\\/\"},\"sameAs\":[\"https:\\\/\\\/www.facebook.com\\\/holy.supps\",\"https:\\\/\\\/www.instagram.com\\\/holy.supps.shop\\\/\"]}]}<\/script>\n<!-- \/ Yoast SEO plugin. -->","yoast_head_json":{"title":"Agitateur \u00e9lectrique EHP - EHP Labs - Holy-Supps.fr","description":"M\u00e9langez vos compl\u00e9ments sans effort avec l'agitateur \u00e9lectrique EHP de EHP Labs. Un m\u00e9lange parfait \u00e0 tout moment et en tout lieu, pour une commodit\u00e9 et une efficacit\u00e9 optimales !","robots":{"index":"index","follow":"follow","max-snippet":"max-snippet:-1","max-image-preview":"max-image-preview:large","max-video-preview":"max-video-preview:-1"},"canonical":"https:\/\/www.holy-supps.nl\/fr\/produit\/secoueur-electrique-ehp-laboratoires-ehp\/","og_locale":"fr_FR","og_type":"article","og_title":"EHP Electric Shaker - EHP Labs - Holy-Supps.nl","og_description":"Mix moeiteloos je supplementen met de EHP Electric Shaker van EHP Labs. Altijd en overal perfect gemixt, voor ultiem gemak en effici\u00ebntie!","og_url":"https:\/\/www.holy-supps.nl\/fr\/produit\/secoueur-electrique-ehp-laboratoires-ehp\/","og_site_name":"Holy-Supps.nl","article_publisher":"https:\/\/www.facebook.com\/holy.supps","article_modified_time":"2025-05-18T05:39:36+00:00","og_image":[{"width":538,"height":538,"url":"https:\/\/www.holy-supps.nl\/wp-content\/uploads\/2023\/07\/ehplabs-electric-shaker.webp","type":"image\/webp"}],"twitter_card":"summary_large_image","twitter_misc":{"Dur\u00e9e de lecture estim\u00e9e":"1 minute"},"schema":{"@context":"https:\/\/schema.org","@graph":[{"@type":"WebPage","@id":"https:\/\/www.holy-supps.nl\/product\/ehp-electric-shaker-ehp-labs\/","url":"https:\/\/www.holy-supps.nl\/product\/ehp-electric-shaker-ehp-labs\/","name":"Agitateur \u00e9lectrique EHP - EHP Labs - Holy-Supps.fr","isPartOf":{"@id":"https:\/\/www.holy-supps.nl\/#website"},"primaryImageOfPage":{"@id":"https:\/\/www.holy-supps.nl\/product\/ehp-electric-shaker-ehp-labs\/#primaryimage"},"image":{"@id":"https:\/\/www.holy-supps.nl\/product\/ehp-electric-shaker-ehp-labs\/#primaryimage"},"thumbnailUrl":"https:\/\/www.holy-supps.nl\/wp-content\/uploads\/2023\/07\/ehplabs-electric-shaker.webp","datePublished":"2023-07-26T22:01:56+00:00","dateModified":"2025-05-18T05:39:36+00:00","description":"M\u00e9langez vos compl\u00e9ments sans effort avec l'agitateur \u00e9lectrique EHP de EHP Labs. Un m\u00e9lange parfait \u00e0 tout moment et en tout lieu, pour une commodit\u00e9 et une efficacit\u00e9 optimales !","breadcrumb":{"@id":"https:\/\/www.holy-supps.nl\/product\/ehp-electric-shaker-ehp-labs\/#breadcrumb"},"inLanguage":"fr-FR","potentialAction":[{"@type":"ReadAction","target":["https:\/\/www.holy-supps.nl\/product\/ehp-electric-shaker-ehp-labs\/"]}]},{"@type":"ImageObject","inLanguage":"fr-FR","@id":"https:\/\/www.holy-supps.nl\/product\/ehp-electric-shaker-ehp-labs\/#primaryimage","url":"https:\/\/www.holy-supps.nl\/wp-content\/uploads\/2023\/07\/ehplabs-electric-shaker.webp","contentUrl":"https:\/\/www.holy-supps.nl\/wp-content\/uploads\/2023\/07\/ehplabs-electric-shaker.webp","width":538,"height":538},{"@type":"BreadcrumbList","@id":"https:\/\/www.holy-supps.nl\/product\/ehp-electric-shaker-ehp-labs\/#breadcrumb","itemListElement":[{"@type":"ListItem","position":1,"name":"Home","item":"https:\/\/www.holy-supps.nl\/"},{"@type":"ListItem","position":2,"name":"Winkel","item":"https:\/\/www.holy-supps.nl\/winkel\/"},{"@type":"ListItem","position":3,"name":"EHP Electric Shaker &#8211; EHP Labs"}]},{"@type":"WebSite","@id":"https:\/\/www.holy-supps.nl\/#website","url":"https:\/\/www.holy-supps.nl\/","name":"Holy-Supps.co.uk","description":"Revendeur officiel EHPLabs !","publisher":{"@id":"https:\/\/www.holy-supps.nl\/#organization"},"potentialAction":[{"@type":"SearchAction","target":{"@type":"EntryPoint","urlTemplate":"https:\/\/www.holy-supps.nl\/?s={search_term_string}"},"query-input":{"@type":"PropertyValueSpecification","valueRequired":true,"valueName":"search_term_string"}}],"inLanguage":"fr-FR"},{"@type":"Organization","@id":"https:\/\/www.holy-supps.nl\/#organization","name":"Les Saints Souvenirs","url":"https:\/\/www.holy-supps.nl\/","logo":{"@type":"ImageObject","inLanguage":"fr-FR","@id":"https:\/\/www.holy-supps.nl\/#\/schema\/logo\/image\/","url":"https:\/\/www.holy-supps.nl\/wp-content\/uploads\/2023\/06\/HOLY-SUPPS.png","contentUrl":"https:\/\/www.holy-supps.nl\/wp-content\/uploads\/2023\/06\/HOLY-SUPPS.png","width":1000,"height":400,"caption":"Holy Supps"},"image":{"@id":"https:\/\/www.holy-supps.nl\/#\/schema\/logo\/image\/"},"sameAs":["https:\/\/www.facebook.com\/holy.supps","https:\/\/www.instagram.com\/holy.supps.shop\/"]}]}},"jetpack_sharing_enabled":true,"_links":{"self":[{"href":"https:\/\/www.holy-supps.nl\/fr\/wp-json\/wp\/v2\/product\/1118","targetHints":{"allow":["GET"]}}],"collection":[{"href":"https:\/\/www.holy-supps.nl\/fr\/wp-json\/wp\/v2\/product"}],"about":[{"href":"https:\/\/www.holy-supps.nl\/fr\/wp-json\/wp\/v2\/types\/product"}],"replies":[{"embeddable":true,"href":"https:\/\/www.holy-supps.nl\/fr\/wp-json\/wp\/v2\/comments?post=1118"}],"wp:featuredmedia":[{"embeddable":true,"href":"https:\/\/www.holy-supps.nl\/fr\/wp-json\/wp\/v2\/media\/1119"}],"wp:attachment":[{"href":"https:\/\/www.holy-supps.nl\/fr\/wp-json\/wp\/v2\/media?parent=1118"}],"wp:term":[{"taxonomy":"product_brand","embeddable":true,"href":"https:\/\/www.holy-supps.nl\/fr\/wp-json\/wp\/v2\/product_brand?post=1118"},{"taxonomy":"product_cat","embeddable":true,"href":"https:\/\/www.holy-supps.nl\/fr\/wp-json\/wp\/v2\/product_cat?post=1118"},{"taxonomy":"product_tag","embeddable":true,"href":"https:\/\/www.holy-supps.nl\/fr\/wp-json\/wp\/v2\/product_tag?post=1118"}],"curies":[{"name":"wp","href":"https:\/\/api.w.org\/{rel}","templated":true}]}}