{"id":1088,"date":"2023-07-23T22:08:27","date_gmt":"2023-07-23T20:08:27","guid":{"rendered":"https:\/\/www.holy-supps.nl\/?post_type=product&#038;p=1088"},"modified":"2026-04-24T09:23:12","modified_gmt":"2026-04-24T07:23:12","slug":"amino-decanate-370g-musclemeds","status":"publish","type":"product","link":"https:\/\/www.holy-supps.nl\/fr\/product\/amino-decanate-370g-musclemeds\/","title":{"rendered":"D\u00e9canate d'Amino (370gr) - Musclemeds"},"content":{"rendered":"<h2>Description<\/h2>\n<p>Amino Decanate de MuscleMeds est un suppl\u00e9ment d'acides amin\u00e9s con\u00e7u pour fournir un large m\u00e9lange d'acides amin\u00e9s essentiels et non essentiels. Cette formule contient une combinaison \u00e9quilibr\u00e9e de BCAA, d'acides amin\u00e9s essentiels et d'acides amin\u00e9s suppl\u00e9mentaires, compl\u00e9t\u00e9e par le syst\u00e8me de distribution DecaDrive.<\/p>\n<h2>Avantages<\/h2>\n<ul>\n<li>Contient un m\u00e9lange complet d'acides amin\u00e9s, y compris des BCAA.<\/li>\n<li>Convient pour compl\u00e9ter un programme sportif et nutritionnel.<\/li>\n<li>Soutient l'apport quotidien en prot\u00e9ines provenant de l'alimentation et des compl\u00e9ments alimentaires.<\/li>\n<li>Sous forme de poudre pour un dosage et une utilisation faciles.<\/li>\n<\/ul>\n<h2>Mode d'emploi<\/h2>\n<p>Dissoudre une mesure (environ 13 g) dans 300 ml d'eau et prendre une portion par jour, de pr\u00e9f\u00e9rence au moment de l'entra\u00eenement. Ne pas d\u00e9passer la dose journali\u00e8re recommand\u00e9e. Ce produit est destin\u00e9 \u00e0 compl\u00e9ter un r\u00e9gime alimentaire vari\u00e9 et \u00e9quilibr\u00e9 et un mode de vie sain.<\/p>","protected":false},"excerpt":{"rendered":"<p>Amino Decanate de MuscleMeds est un suppl\u00e9ment complet d'acides amin\u00e9s avec un m\u00e9lange de BCAA et d'autres acides amin\u00e9s. D\u00e9velopp\u00e9 pour les athl\u00e8tes cherchant \u00e0 compl\u00e9ter leur apport en prot\u00e9ines. Facile \u00e0 utiliser gr\u00e2ce \u00e0 sa forme de poudre soluble.<\/p>","protected":false},"featured_media":1096,"comment_status":"open","ping_status":"closed","template":"","meta":[],"product_brand":[],"product_cat":[86,89,156,77,80,74,171,75,81,70,92],"product_tag":[],"class_list":{"0":"post-1088","1":"product","2":"type-product","3":"status-publish","4":"has-post-thumbnail","6":"product_cat-aankomen","7":"product_cat-afvallen","8":"product_cat-aminozuren","9":"product_cat-bundles-save","10":"product_cat-doel","11":"product_cat-health-wellness","12":"product_cat-musclemeds","13":"product_cat-producten","14":"product_cat-spieropbouw","15":"product_cat-raws","16":"product_cat-vitamine-mineralen","18":"first","19":"instock","20":"sale","21":"taxable","22":"shipping-taxable","23":"purchasable","24":"product-type-variable"},"yoast_head":"<!-- This site is optimized with the Yoast SEO plugin v27.6 - https:\/\/yoast.com\/product\/yoast-seo-wordpress\/ -->\n<title>Amino Decanate (370gr) - Musclemeds - Holy-Supps.nl<\/title>\n<meta name=\"description\" content=\"Amino Decanate van MuscleMeds: complete aminozuurformule met 19 essenti\u00eble aminozuren voor maximale spiergroei, prestaties en herstel.\" \/>\n<meta name=\"robots\" content=\"index, follow, max-snippet:-1, max-image-preview:large, max-video-preview:-1\" \/>\n<link rel=\"canonical\" href=\"https:\/\/www.holy-supps.nl\/fr\/produit\/amino-decanate-370g-musclemeds\/\" \/>\n<meta property=\"og:locale\" content=\"fr_FR\" \/>\n<meta property=\"og:type\" content=\"article\" \/>\n<meta property=\"og:title\" content=\"Amino Decanate (370gr) - Musclemeds - Holy-Supps.nl\" \/>\n<meta property=\"og:description\" content=\"Amino Decanate van MuscleMeds: complete aminozuurformule met 19 essenti\u00eble aminozuren voor maximale spiergroei, prestaties en herstel.\" \/>\n<meta property=\"og:url\" content=\"https:\/\/www.holy-supps.nl\/fr\/produit\/amino-decanate-370g-musclemeds\/\" \/>\n<meta property=\"og:site_name\" content=\"Holy-Supps.nl\" \/>\n<meta property=\"article:publisher\" content=\"https:\/\/www.facebook.com\/holy.supps\" \/>\n<meta property=\"article:modified_time\" content=\"2026-04-24T07:23:12+00:00\" \/>\n<meta property=\"og:image\" content=\"https:\/\/www.holy-supps.nl\/wp-content\/uploads\/2023\/07\/AminoDecanate-WATERMELON-BOTTLE-481487_1300x.webp\" \/>\n\t<meta property=\"og:image:width\" content=\"1300\" \/>\n\t<meta property=\"og:image:height\" content=\"1300\" \/>\n\t<meta property=\"og:image:type\" content=\"image\/webp\" \/>\n<meta name=\"twitter:card\" content=\"summary_large_image\" \/>\n<meta name=\"twitter:label1\" content=\"Dur\u00e9e de lecture estim\u00e9e\" \/>\n\t<meta name=\"twitter:data1\" content=\"1 minute\" \/>\n<script type=\"application\/ld+json\" class=\"yoast-schema-graph\">{\"@context\":\"https:\\\/\\\/schema.org\",\"@graph\":[{\"@type\":\"WebPage\",\"@id\":\"https:\\\/\\\/www.holy-supps.nl\\\/product\\\/amino-decanate-370g-musclemeds\\\/\",\"url\":\"https:\\\/\\\/www.holy-supps.nl\\\/product\\\/amino-decanate-370g-musclemeds\\\/\",\"name\":\"Amino Decanate (370gr) - Musclemeds - Holy-Supps.nl\",\"isPartOf\":{\"@id\":\"https:\\\/\\\/www.holy-supps.nl\\\/#website\"},\"primaryImageOfPage\":{\"@id\":\"https:\\\/\\\/www.holy-supps.nl\\\/product\\\/amino-decanate-370g-musclemeds\\\/#primaryimage\"},\"image\":{\"@id\":\"https:\\\/\\\/www.holy-supps.nl\\\/product\\\/amino-decanate-370g-musclemeds\\\/#primaryimage\"},\"thumbnailUrl\":\"https:\\\/\\\/www.holy-supps.nl\\\/wp-content\\\/uploads\\\/2023\\\/07\\\/AminoDecanate-WATERMELON-BOTTLE-481487_1300x.webp\",\"datePublished\":\"2023-07-23T20:08:27+00:00\",\"dateModified\":\"2026-04-24T07:23:12+00:00\",\"description\":\"Amino Decanate van MuscleMeds: complete aminozuurformule met 19 essenti\u00eble aminozuren voor maximale spiergroei, prestaties en herstel.\",\"breadcrumb\":{\"@id\":\"https:\\\/\\\/www.holy-supps.nl\\\/product\\\/amino-decanate-370g-musclemeds\\\/#breadcrumb\"},\"inLanguage\":\"fr-FR\",\"potentialAction\":[{\"@type\":\"ReadAction\",\"target\":[\"https:\\\/\\\/www.holy-supps.nl\\\/product\\\/amino-decanate-370g-musclemeds\\\/\"]}]},{\"@type\":\"ImageObject\",\"inLanguage\":\"fr-FR\",\"@id\":\"https:\\\/\\\/www.holy-supps.nl\\\/product\\\/amino-decanate-370g-musclemeds\\\/#primaryimage\",\"url\":\"https:\\\/\\\/www.holy-supps.nl\\\/wp-content\\\/uploads\\\/2023\\\/07\\\/AminoDecanate-WATERMELON-BOTTLE-481487_1300x.webp\",\"contentUrl\":\"https:\\\/\\\/www.holy-supps.nl\\\/wp-content\\\/uploads\\\/2023\\\/07\\\/AminoDecanate-WATERMELON-BOTTLE-481487_1300x.webp\",\"width\":1300,\"height\":1300},{\"@type\":\"BreadcrumbList\",\"@id\":\"https:\\\/\\\/www.holy-supps.nl\\\/product\\\/amino-decanate-370g-musclemeds\\\/#breadcrumb\",\"itemListElement\":[{\"@type\":\"ListItem\",\"position\":1,\"name\":\"Home\",\"item\":\"https:\\\/\\\/www.holy-supps.nl\\\/\"},{\"@type\":\"ListItem\",\"position\":2,\"name\":\"Winkel\",\"item\":\"https:\\\/\\\/www.holy-supps.nl\\\/winkel\\\/\"},{\"@type\":\"ListItem\",\"position\":3,\"name\":\"Amino Decanate (370gr) &#8211; Musclemeds\"}]},{\"@type\":\"WebSite\",\"@id\":\"https:\\\/\\\/www.holy-supps.nl\\\/#website\",\"url\":\"https:\\\/\\\/www.holy-supps.nl\\\/\",\"name\":\"Holy-Supps.nl\",\"description\":\"Official EHPLabs Reseller!\",\"publisher\":{\"@id\":\"https:\\\/\\\/www.holy-supps.nl\\\/#organization\"},\"potentialAction\":[{\"@type\":\"SearchAction\",\"target\":{\"@type\":\"EntryPoint\",\"urlTemplate\":\"https:\\\/\\\/www.holy-supps.nl\\\/?s={search_term_string}\"},\"query-input\":{\"@type\":\"PropertyValueSpecification\",\"valueRequired\":true,\"valueName\":\"search_term_string\"}}],\"inLanguage\":\"fr-FR\"},{\"@type\":\"Organization\",\"@id\":\"https:\\\/\\\/www.holy-supps.nl\\\/#organization\",\"name\":\"Holy Supps\",\"url\":\"https:\\\/\\\/www.holy-supps.nl\\\/\",\"logo\":{\"@type\":\"ImageObject\",\"inLanguage\":\"fr-FR\",\"@id\":\"https:\\\/\\\/www.holy-supps.nl\\\/#\\\/schema\\\/logo\\\/image\\\/\",\"url\":\"https:\\\/\\\/www.holy-supps.nl\\\/wp-content\\\/uploads\\\/2023\\\/06\\\/HOLY-SUPPS.png\",\"contentUrl\":\"https:\\\/\\\/www.holy-supps.nl\\\/wp-content\\\/uploads\\\/2023\\\/06\\\/HOLY-SUPPS.png\",\"width\":1000,\"height\":400,\"caption\":\"Holy Supps\"},\"image\":{\"@id\":\"https:\\\/\\\/www.holy-supps.nl\\\/#\\\/schema\\\/logo\\\/image\\\/\"},\"sameAs\":[\"https:\\\/\\\/www.facebook.com\\\/holy.supps\",\"https:\\\/\\\/www.instagram.com\\\/holy.supps.shop\\\/\"]}]}<\/script>\n<!-- \/ Yoast SEO plugin. -->","yoast_head_json":{"title":"D\u00e9canate d'Amines (370gr) - Musclemeds - Holy-Supps.fr","description":"Amino Decanate de MuscleMeds : formule compl\u00e8te d'acides amin\u00e9s avec 19 acides amin\u00e9s essentiels pour une croissance musculaire, une performance et une r\u00e9cup\u00e9ration maximales.","robots":{"index":"index","follow":"follow","max-snippet":"max-snippet:-1","max-image-preview":"max-image-preview:large","max-video-preview":"max-video-preview:-1"},"canonical":"https:\/\/www.holy-supps.nl\/fr\/produit\/amino-decanate-370g-musclemeds\/","og_locale":"fr_FR","og_type":"article","og_title":"Amino Decanate (370gr) - Musclemeds - Holy-Supps.nl","og_description":"Amino Decanate van MuscleMeds: complete aminozuurformule met 19 essenti\u00eble aminozuren voor maximale spiergroei, prestaties en herstel.","og_url":"https:\/\/www.holy-supps.nl\/fr\/produit\/amino-decanate-370g-musclemeds\/","og_site_name":"Holy-Supps.nl","article_publisher":"https:\/\/www.facebook.com\/holy.supps","article_modified_time":"2026-04-24T07:23:12+00:00","og_image":[{"width":1300,"height":1300,"url":"https:\/\/www.holy-supps.nl\/wp-content\/uploads\/2023\/07\/AminoDecanate-WATERMELON-BOTTLE-481487_1300x.webp","type":"image\/webp"}],"twitter_card":"summary_large_image","twitter_misc":{"Dur\u00e9e de lecture estim\u00e9e":"1 minute"},"schema":{"@context":"https:\/\/schema.org","@graph":[{"@type":"WebPage","@id":"https:\/\/www.holy-supps.nl\/product\/amino-decanate-370g-musclemeds\/","url":"https:\/\/www.holy-supps.nl\/product\/amino-decanate-370g-musclemeds\/","name":"D\u00e9canate d'Amines (370gr) - Musclemeds - Holy-Supps.fr","isPartOf":{"@id":"https:\/\/www.holy-supps.nl\/#website"},"primaryImageOfPage":{"@id":"https:\/\/www.holy-supps.nl\/product\/amino-decanate-370g-musclemeds\/#primaryimage"},"image":{"@id":"https:\/\/www.holy-supps.nl\/product\/amino-decanate-370g-musclemeds\/#primaryimage"},"thumbnailUrl":"https:\/\/www.holy-supps.nl\/wp-content\/uploads\/2023\/07\/AminoDecanate-WATERMELON-BOTTLE-481487_1300x.webp","datePublished":"2023-07-23T20:08:27+00:00","dateModified":"2026-04-24T07:23:12+00:00","description":"Amino Decanate de MuscleMeds : formule compl\u00e8te d'acides amin\u00e9s avec 19 acides amin\u00e9s essentiels pour une croissance musculaire, une performance et une r\u00e9cup\u00e9ration maximales.","breadcrumb":{"@id":"https:\/\/www.holy-supps.nl\/product\/amino-decanate-370g-musclemeds\/#breadcrumb"},"inLanguage":"fr-FR","potentialAction":[{"@type":"ReadAction","target":["https:\/\/www.holy-supps.nl\/product\/amino-decanate-370g-musclemeds\/"]}]},{"@type":"ImageObject","inLanguage":"fr-FR","@id":"https:\/\/www.holy-supps.nl\/product\/amino-decanate-370g-musclemeds\/#primaryimage","url":"https:\/\/www.holy-supps.nl\/wp-content\/uploads\/2023\/07\/AminoDecanate-WATERMELON-BOTTLE-481487_1300x.webp","contentUrl":"https:\/\/www.holy-supps.nl\/wp-content\/uploads\/2023\/07\/AminoDecanate-WATERMELON-BOTTLE-481487_1300x.webp","width":1300,"height":1300},{"@type":"BreadcrumbList","@id":"https:\/\/www.holy-supps.nl\/product\/amino-decanate-370g-musclemeds\/#breadcrumb","itemListElement":[{"@type":"ListItem","position":1,"name":"Home","item":"https:\/\/www.holy-supps.nl\/"},{"@type":"ListItem","position":2,"name":"Winkel","item":"https:\/\/www.holy-supps.nl\/winkel\/"},{"@type":"ListItem","position":3,"name":"Amino Decanate (370gr) &#8211; Musclemeds"}]},{"@type":"WebSite","@id":"https:\/\/www.holy-supps.nl\/#website","url":"https:\/\/www.holy-supps.nl\/","name":"Holy-Supps.co.uk","description":"Revendeur officiel EHPLabs !","publisher":{"@id":"https:\/\/www.holy-supps.nl\/#organization"},"potentialAction":[{"@type":"SearchAction","target":{"@type":"EntryPoint","urlTemplate":"https:\/\/www.holy-supps.nl\/?s={search_term_string}"},"query-input":{"@type":"PropertyValueSpecification","valueRequired":true,"valueName":"search_term_string"}}],"inLanguage":"fr-FR"},{"@type":"Organization","@id":"https:\/\/www.holy-supps.nl\/#organization","name":"Les Saints Souvenirs","url":"https:\/\/www.holy-supps.nl\/","logo":{"@type":"ImageObject","inLanguage":"fr-FR","@id":"https:\/\/www.holy-supps.nl\/#\/schema\/logo\/image\/","url":"https:\/\/www.holy-supps.nl\/wp-content\/uploads\/2023\/06\/HOLY-SUPPS.png","contentUrl":"https:\/\/www.holy-supps.nl\/wp-content\/uploads\/2023\/06\/HOLY-SUPPS.png","width":1000,"height":400,"caption":"Holy Supps"},"image":{"@id":"https:\/\/www.holy-supps.nl\/#\/schema\/logo\/image\/"},"sameAs":["https:\/\/www.facebook.com\/holy.supps","https:\/\/www.instagram.com\/holy.supps.shop\/"]}]}},"jetpack_sharing_enabled":true,"_links":{"self":[{"href":"https:\/\/www.holy-supps.nl\/fr\/wp-json\/wp\/v2\/product\/1088","targetHints":{"allow":["GET"]}}],"collection":[{"href":"https:\/\/www.holy-supps.nl\/fr\/wp-json\/wp\/v2\/product"}],"about":[{"href":"https:\/\/www.holy-supps.nl\/fr\/wp-json\/wp\/v2\/types\/product"}],"replies":[{"embeddable":true,"href":"https:\/\/www.holy-supps.nl\/fr\/wp-json\/wp\/v2\/comments?post=1088"}],"wp:featuredmedia":[{"embeddable":true,"href":"https:\/\/www.holy-supps.nl\/fr\/wp-json\/wp\/v2\/media\/1096"}],"wp:attachment":[{"href":"https:\/\/www.holy-supps.nl\/fr\/wp-json\/wp\/v2\/media?parent=1088"}],"wp:term":[{"taxonomy":"product_brand","embeddable":true,"href":"https:\/\/www.holy-supps.nl\/fr\/wp-json\/wp\/v2\/product_brand?post=1088"},{"taxonomy":"product_cat","embeddable":true,"href":"https:\/\/www.holy-supps.nl\/fr\/wp-json\/wp\/v2\/product_cat?post=1088"},{"taxonomy":"product_tag","embeddable":true,"href":"https:\/\/www.holy-supps.nl\/fr\/wp-json\/wp\/v2\/product_tag?post=1088"}],"curies":[{"name":"wp","href":"https:\/\/api.w.org\/{rel}","templated":true}]}}