{"id":1062,"date":"2023-07-23T21:35:30","date_gmt":"2023-07-23T19:35:30","guid":{"rendered":"https:\/\/www.holy-supps.nl\/?post_type=product&#038;p=1062"},"modified":"2026-03-31T19:16:37","modified_gmt":"2026-03-31T17:16:37","slug":"carnivor-shred-musclemeds","status":"publish","type":"product","link":"https:\/\/www.holy-supps.nl\/fr\/product\/carnivor-shred-musclemeds\/","title":{"rendered":"Carnivor Shred - Musclemeds"},"content":{"rendered":"<h2>Description<\/h2>\n<p>\nCarnivor Shred van MuscleMeds is een poedersupplement waarin rundvlees-eiwitisolaat gecombineerd wordt met thermogene ingredi\u00ebnten. Het product is vrij van lactose, suiker en vet, en is ontwikkeld voor gebruik tijdens trainingen of als onderdeel van een actieve leefstijl. Verkrijgbaar in meerdere smaken en eenvoudig te mengen met water.\n<\/p>\n<h2>Avantages<\/h2>\n<ul>\n<li>Rundvlees-eiwitisolaat als eiwitbron<\/li>\n<li>Vrij van lactose, vet en toegevoegde suikers<\/li>\n<li>Bevat thermogene ingredi\u00ebnten en plantenextracten<\/li>\n<li>Eenvoudige poedervorm, makkelijk te bereiden<\/li>\n<li>Verkrijgbaar in diverse smaakvarianten<\/li>\n<\/ul>\n<h2>Mode d'emploi<\/h2>\n<p>\nMeng \u00e9\u00e9n maatschep (volgens etiket) Carnivor Shred met circa 200-300 ml koud water. Drink het product op een moment dat past binnen je trainings- of voedingsschema, bijvoorbeeld voorafgaand of tijdens de training. Overschrijd de aanbevolen dagelijkse hoeveelheid niet. Dit supplement is een aanvulling op een gevarieerde voeding en een gezonde levensstijl.<\/p>","protected":false},"excerpt":{"rendered":"<p>\nCarnivor Shred van MuscleMeds is een eiwitpoeder op basis van rundvlees-isolaat, gecombineerd met thermogene ingredi\u00ebnten. Vrij van lactose, suiker en vet, verkrijgbaar in meerdere smaken en geschikt voor gebruik binnen een actieve leefstijl. Eenvoudig te mengen met water.<\/p>","protected":false},"featured_media":1065,"comment_status":"open","ping_status":"closed","template":"","meta":[],"product_brand":[],"product_cat":[89,77,80,67,69,71,171,75],"product_tag":[],"class_list":{"0":"post-1062","1":"product","2":"type-product","3":"status-publish","4":"has-post-thumbnail","6":"product_cat-afvallen","7":"product_cat-bundles-save","8":"product_cat-doel","9":"product_cat-eiwitten-proteine","10":"product_cat-fatburners","11":"product_cat-merken","12":"product_cat-musclemeds","13":"product_cat-producten","15":"first","16":"instock","17":"taxable","18":"shipping-taxable","19":"purchasable","20":"product-type-variable"},"yoast_head":"<!-- This site is optimized with the Yoast SEO plugin v27.3 - https:\/\/yoast.com\/product\/yoast-seo-wordpress\/ -->\n<title>Carnivor Shred - Musclemeds - Holy-Supps.nl<\/title>\n<meta name=\"description\" content=\"Verbrand vet en bouw spiermassa op met Carnivor Shred van MuscleMeds. 100% rundereiwit plus krachtige vetverbranders voor snelle resultaten.\" \/>\n<meta name=\"robots\" content=\"index, follow, max-snippet:-1, max-image-preview:large, max-video-preview:-1\" \/>\n<link rel=\"canonical\" href=\"https:\/\/www.holy-supps.nl\/fr\/produit\/carnivor-shred-musclemeds\/\" \/>\n<meta property=\"og:locale\" content=\"fr_FR\" \/>\n<meta property=\"og:type\" content=\"article\" \/>\n<meta property=\"og:title\" content=\"Carnivor Shred - Musclemeds - Holy-Supps.nl\" \/>\n<meta property=\"og:description\" content=\"Verbrand vet en bouw spiermassa op met Carnivor Shred van MuscleMeds. 100% rundereiwit plus krachtige vetverbranders voor snelle resultaten.\" \/>\n<meta property=\"og:url\" content=\"https:\/\/www.holy-supps.nl\/fr\/produit\/carnivor-shred-musclemeds\/\" \/>\n<meta property=\"og:site_name\" content=\"Holy-Supps.nl\" \/>\n<meta property=\"article:publisher\" content=\"https:\/\/www.facebook.com\/holy.supps\" \/>\n<meta property=\"article:modified_time\" content=\"2026-03-31T17:16:37+00:00\" \/>\n<meta property=\"og:image\" content=\"https:\/\/www.holy-supps.nl\/wp-content\/uploads\/2023\/07\/Carnivor_Shred_4lb_VanillaCaramel-NC_reflection_a838c4b1-0334-4895-83e1-60d1b09700fe-834474_1300x.webp\" \/>\n\t<meta property=\"og:image:width\" content=\"1300\" \/>\n\t<meta property=\"og:image:height\" content=\"1778\" \/>\n\t<meta property=\"og:image:type\" content=\"image\/webp\" \/>\n<meta name=\"twitter:card\" content=\"summary_large_image\" \/>\n<meta name=\"twitter:label1\" content=\"Dur\u00e9e de lecture estim\u00e9e\" \/>\n\t<meta name=\"twitter:data1\" content=\"1 minute\" \/>\n<script type=\"application\/ld+json\" class=\"yoast-schema-graph\">{\"@context\":\"https:\\\/\\\/schema.org\",\"@graph\":[{\"@type\":\"WebPage\",\"@id\":\"https:\\\/\\\/www.holy-supps.nl\\\/product\\\/carnivor-shred-musclemeds\\\/\",\"url\":\"https:\\\/\\\/www.holy-supps.nl\\\/product\\\/carnivor-shred-musclemeds\\\/\",\"name\":\"Carnivor Shred - Musclemeds - Holy-Supps.nl\",\"isPartOf\":{\"@id\":\"https:\\\/\\\/www.holy-supps.nl\\\/#website\"},\"primaryImageOfPage\":{\"@id\":\"https:\\\/\\\/www.holy-supps.nl\\\/product\\\/carnivor-shred-musclemeds\\\/#primaryimage\"},\"image\":{\"@id\":\"https:\\\/\\\/www.holy-supps.nl\\\/product\\\/carnivor-shred-musclemeds\\\/#primaryimage\"},\"thumbnailUrl\":\"https:\\\/\\\/www.holy-supps.nl\\\/wp-content\\\/uploads\\\/2023\\\/07\\\/Carnivor_Shred_4lb_VanillaCaramel-NC_reflection_a838c4b1-0334-4895-83e1-60d1b09700fe-834474_1300x.webp\",\"datePublished\":\"2023-07-23T19:35:30+00:00\",\"dateModified\":\"2026-03-31T17:16:37+00:00\",\"description\":\"Verbrand vet en bouw spiermassa op met Carnivor Shred van MuscleMeds. 100% rundereiwit plus krachtige vetverbranders voor snelle resultaten.\",\"breadcrumb\":{\"@id\":\"https:\\\/\\\/www.holy-supps.nl\\\/product\\\/carnivor-shred-musclemeds\\\/#breadcrumb\"},\"inLanguage\":\"fr-FR\",\"potentialAction\":[{\"@type\":\"ReadAction\",\"target\":[\"https:\\\/\\\/www.holy-supps.nl\\\/product\\\/carnivor-shred-musclemeds\\\/\"]}]},{\"@type\":\"ImageObject\",\"inLanguage\":\"fr-FR\",\"@id\":\"https:\\\/\\\/www.holy-supps.nl\\\/product\\\/carnivor-shred-musclemeds\\\/#primaryimage\",\"url\":\"https:\\\/\\\/www.holy-supps.nl\\\/wp-content\\\/uploads\\\/2023\\\/07\\\/Carnivor_Shred_4lb_VanillaCaramel-NC_reflection_a838c4b1-0334-4895-83e1-60d1b09700fe-834474_1300x.webp\",\"contentUrl\":\"https:\\\/\\\/www.holy-supps.nl\\\/wp-content\\\/uploads\\\/2023\\\/07\\\/Carnivor_Shred_4lb_VanillaCaramel-NC_reflection_a838c4b1-0334-4895-83e1-60d1b09700fe-834474_1300x.webp\",\"width\":1300,\"height\":1778},{\"@type\":\"BreadcrumbList\",\"@id\":\"https:\\\/\\\/www.holy-supps.nl\\\/product\\\/carnivor-shred-musclemeds\\\/#breadcrumb\",\"itemListElement\":[{\"@type\":\"ListItem\",\"position\":1,\"name\":\"Home\",\"item\":\"https:\\\/\\\/www.holy-supps.nl\\\/\"},{\"@type\":\"ListItem\",\"position\":2,\"name\":\"Winkel\",\"item\":\"https:\\\/\\\/www.holy-supps.nl\\\/winkel\\\/\"},{\"@type\":\"ListItem\",\"position\":3,\"name\":\"Carnivor Shred &#8211; Musclemeds\"}]},{\"@type\":\"WebSite\",\"@id\":\"https:\\\/\\\/www.holy-supps.nl\\\/#website\",\"url\":\"https:\\\/\\\/www.holy-supps.nl\\\/\",\"name\":\"Holy-Supps.nl\",\"description\":\"Official EHPLabs Reseller!\",\"publisher\":{\"@id\":\"https:\\\/\\\/www.holy-supps.nl\\\/#organization\"},\"potentialAction\":[{\"@type\":\"SearchAction\",\"target\":{\"@type\":\"EntryPoint\",\"urlTemplate\":\"https:\\\/\\\/www.holy-supps.nl\\\/?s={search_term_string}\"},\"query-input\":{\"@type\":\"PropertyValueSpecification\",\"valueRequired\":true,\"valueName\":\"search_term_string\"}}],\"inLanguage\":\"fr-FR\"},{\"@type\":\"Organization\",\"@id\":\"https:\\\/\\\/www.holy-supps.nl\\\/#organization\",\"name\":\"Holy Supps\",\"url\":\"https:\\\/\\\/www.holy-supps.nl\\\/\",\"logo\":{\"@type\":\"ImageObject\",\"inLanguage\":\"fr-FR\",\"@id\":\"https:\\\/\\\/www.holy-supps.nl\\\/#\\\/schema\\\/logo\\\/image\\\/\",\"url\":\"https:\\\/\\\/www.holy-supps.nl\\\/wp-content\\\/uploads\\\/2023\\\/06\\\/HOLY-SUPPS.png\",\"contentUrl\":\"https:\\\/\\\/www.holy-supps.nl\\\/wp-content\\\/uploads\\\/2023\\\/06\\\/HOLY-SUPPS.png\",\"width\":1000,\"height\":400,\"caption\":\"Holy Supps\"},\"image\":{\"@id\":\"https:\\\/\\\/www.holy-supps.nl\\\/#\\\/schema\\\/logo\\\/image\\\/\"},\"sameAs\":[\"https:\\\/\\\/www.facebook.com\\\/holy.supps\",\"https:\\\/\\\/www.instagram.com\\\/holy.supps.shop\\\/\"]}]}<\/script>\n<!-- \/ Yoast SEO plugin. -->","yoast_head_json":{"title":"Carnivor Shred - Musclemeds - Holy-Supps.fr","description":"Br\u00fblez les graisses et d\u00e9veloppez votre masse musculaire avec Carnivor Shred de MuscleMeds. 100% de prot\u00e9ines de b\u0153uf et de puissants br\u00fbleurs de graisse pour des r\u00e9sultats rapides.","robots":{"index":"index","follow":"follow","max-snippet":"max-snippet:-1","max-image-preview":"max-image-preview:large","max-video-preview":"max-video-preview:-1"},"canonical":"https:\/\/www.holy-supps.nl\/fr\/produit\/carnivor-shred-musclemeds\/","og_locale":"fr_FR","og_type":"article","og_title":"Carnivor Shred - Musclemeds - Holy-Supps.nl","og_description":"Verbrand vet en bouw spiermassa op met Carnivor Shred van MuscleMeds. 100% rundereiwit plus krachtige vetverbranders voor snelle resultaten.","og_url":"https:\/\/www.holy-supps.nl\/fr\/produit\/carnivor-shred-musclemeds\/","og_site_name":"Holy-Supps.nl","article_publisher":"https:\/\/www.facebook.com\/holy.supps","article_modified_time":"2026-03-31T17:16:37+00:00","og_image":[{"width":1300,"height":1778,"url":"https:\/\/www.holy-supps.nl\/wp-content\/uploads\/2023\/07\/Carnivor_Shred_4lb_VanillaCaramel-NC_reflection_a838c4b1-0334-4895-83e1-60d1b09700fe-834474_1300x.webp","type":"image\/webp"}],"twitter_card":"summary_large_image","twitter_misc":{"Dur\u00e9e de lecture estim\u00e9e":"1 minute"},"schema":{"@context":"https:\/\/schema.org","@graph":[{"@type":"WebPage","@id":"https:\/\/www.holy-supps.nl\/product\/carnivor-shred-musclemeds\/","url":"https:\/\/www.holy-supps.nl\/product\/carnivor-shred-musclemeds\/","name":"Carnivor Shred - Musclemeds - Holy-Supps.fr","isPartOf":{"@id":"https:\/\/www.holy-supps.nl\/#website"},"primaryImageOfPage":{"@id":"https:\/\/www.holy-supps.nl\/product\/carnivor-shred-musclemeds\/#primaryimage"},"image":{"@id":"https:\/\/www.holy-supps.nl\/product\/carnivor-shred-musclemeds\/#primaryimage"},"thumbnailUrl":"https:\/\/www.holy-supps.nl\/wp-content\/uploads\/2023\/07\/Carnivor_Shred_4lb_VanillaCaramel-NC_reflection_a838c4b1-0334-4895-83e1-60d1b09700fe-834474_1300x.webp","datePublished":"2023-07-23T19:35:30+00:00","dateModified":"2026-03-31T17:16:37+00:00","description":"Br\u00fblez les graisses et d\u00e9veloppez votre masse musculaire avec Carnivor Shred de MuscleMeds. 100% de prot\u00e9ines de b\u0153uf et de puissants br\u00fbleurs de graisse pour des r\u00e9sultats rapides.","breadcrumb":{"@id":"https:\/\/www.holy-supps.nl\/product\/carnivor-shred-musclemeds\/#breadcrumb"},"inLanguage":"fr-FR","potentialAction":[{"@type":"ReadAction","target":["https:\/\/www.holy-supps.nl\/product\/carnivor-shred-musclemeds\/"]}]},{"@type":"ImageObject","inLanguage":"fr-FR","@id":"https:\/\/www.holy-supps.nl\/product\/carnivor-shred-musclemeds\/#primaryimage","url":"https:\/\/www.holy-supps.nl\/wp-content\/uploads\/2023\/07\/Carnivor_Shred_4lb_VanillaCaramel-NC_reflection_a838c4b1-0334-4895-83e1-60d1b09700fe-834474_1300x.webp","contentUrl":"https:\/\/www.holy-supps.nl\/wp-content\/uploads\/2023\/07\/Carnivor_Shred_4lb_VanillaCaramel-NC_reflection_a838c4b1-0334-4895-83e1-60d1b09700fe-834474_1300x.webp","width":1300,"height":1778},{"@type":"BreadcrumbList","@id":"https:\/\/www.holy-supps.nl\/product\/carnivor-shred-musclemeds\/#breadcrumb","itemListElement":[{"@type":"ListItem","position":1,"name":"Home","item":"https:\/\/www.holy-supps.nl\/"},{"@type":"ListItem","position":2,"name":"Winkel","item":"https:\/\/www.holy-supps.nl\/winkel\/"},{"@type":"ListItem","position":3,"name":"Carnivor Shred &#8211; Musclemeds"}]},{"@type":"WebSite","@id":"https:\/\/www.holy-supps.nl\/#website","url":"https:\/\/www.holy-supps.nl\/","name":"Holy-Supps.co.uk","description":"Revendeur officiel EHPLabs !","publisher":{"@id":"https:\/\/www.holy-supps.nl\/#organization"},"potentialAction":[{"@type":"SearchAction","target":{"@type":"EntryPoint","urlTemplate":"https:\/\/www.holy-supps.nl\/?s={search_term_string}"},"query-input":{"@type":"PropertyValueSpecification","valueRequired":true,"valueName":"search_term_string"}}],"inLanguage":"fr-FR"},{"@type":"Organization","@id":"https:\/\/www.holy-supps.nl\/#organization","name":"Les Saints Souvenirs","url":"https:\/\/www.holy-supps.nl\/","logo":{"@type":"ImageObject","inLanguage":"fr-FR","@id":"https:\/\/www.holy-supps.nl\/#\/schema\/logo\/image\/","url":"https:\/\/www.holy-supps.nl\/wp-content\/uploads\/2023\/06\/HOLY-SUPPS.png","contentUrl":"https:\/\/www.holy-supps.nl\/wp-content\/uploads\/2023\/06\/HOLY-SUPPS.png","width":1000,"height":400,"caption":"Holy Supps"},"image":{"@id":"https:\/\/www.holy-supps.nl\/#\/schema\/logo\/image\/"},"sameAs":["https:\/\/www.facebook.com\/holy.supps","https:\/\/www.instagram.com\/holy.supps.shop\/"]}]}},"jetpack_sharing_enabled":true,"_links":{"self":[{"href":"https:\/\/www.holy-supps.nl\/fr\/wp-json\/wp\/v2\/product\/1062","targetHints":{"allow":["GET"]}}],"collection":[{"href":"https:\/\/www.holy-supps.nl\/fr\/wp-json\/wp\/v2\/product"}],"about":[{"href":"https:\/\/www.holy-supps.nl\/fr\/wp-json\/wp\/v2\/types\/product"}],"replies":[{"embeddable":true,"href":"https:\/\/www.holy-supps.nl\/fr\/wp-json\/wp\/v2\/comments?post=1062"}],"wp:featuredmedia":[{"embeddable":true,"href":"https:\/\/www.holy-supps.nl\/fr\/wp-json\/wp\/v2\/media\/1065"}],"wp:attachment":[{"href":"https:\/\/www.holy-supps.nl\/fr\/wp-json\/wp\/v2\/media?parent=1062"}],"wp:term":[{"taxonomy":"product_brand","embeddable":true,"href":"https:\/\/www.holy-supps.nl\/fr\/wp-json\/wp\/v2\/product_brand?post=1062"},{"taxonomy":"product_cat","embeddable":true,"href":"https:\/\/www.holy-supps.nl\/fr\/wp-json\/wp\/v2\/product_cat?post=1062"},{"taxonomy":"product_tag","embeddable":true,"href":"https:\/\/www.holy-supps.nl\/fr\/wp-json\/wp\/v2\/product_tag?post=1062"}],"curies":[{"name":"wp","href":"https:\/\/api.w.org\/{rel}","templated":true}]}}