{"id":1037,"date":"2023-07-23T17:39:53","date_gmt":"2023-07-23T15:39:53","guid":{"rendered":"https:\/\/www.holy-supps.nl\/?post_type=product&#038;p=1037"},"modified":"2025-08-26T15:32:56","modified_gmt":"2025-08-26T13:32:56","slug":"super-fat-burner-mhp-strong","status":"publish","type":"product","link":"https:\/\/www.holy-supps.nl\/fr\/product\/super-fat-burner-mhp-strong\/","title":{"rendered":"SUPER BR\u00dbLEUR DE GRAISSE - MHP STRONG"},"content":{"rendered":"<h1>Super Fat Burner Plus<\/h1>\n<div><\/div>\n<div>Super Fat Burner Plus est une formule soigneusement \u00e9labor\u00e9e avec un m\u00e9lange d'ingr\u00e9dients fonctionnels. Il contient notamment de la caf\u00e9ine, du th\u00e9 vert, du poivre de Cayenne et de l'extrait d'\u00e9corce de cannelle, ainsi que de la vitamine B12 et du chrome. Cette combinaison en fait un compl\u00e9ment polyvalent qui s'int\u00e8gre parfaitement dans un mode de vie actif.<\/div>\n<div><\/div>\n<div>La formule est pauvre en stimulants et peut contribuer \u00e0 un regain d'\u00e9nergie et de concentration tout au long de la journ\u00e9e.<\/div>\n<div>\n<h1>Qu'est-ce qu'il contient ?<\/h1>\n<\/div>\n<div><\/div>\n<ul>\n<li><strong>Caf\u00e9ine et th\u00e9 vert<\/strong> - Ingr\u00e9dients bien connus souvent utilis\u00e9s dans les m\u00e9langes \u00e9nerg\u00e9tiques<\/li>\n<li><strong>Poivre de Cayenne<\/strong> - Addition populaire dans diverses formules<\/li>\n<li><strong>Extrait d'\u00e9corce de cannelle<\/strong> - Plante traditionnelle, utilis\u00e9e dans les compl\u00e9ments alimentaires depuis de nombreuses ann\u00e9es<\/li>\n<li><strong>Vitamine B12<\/strong> - Contribue au fonctionnement normal du syst\u00e8me nerveux et aide \u00e0 r\u00e9duire la fatigue.<\/li>\n<li><strong>Chrome<\/strong> - Contribue au m\u00e9tabolisme normal des glucides, des lipides et des prot\u00e9ines<\/li>\n<li><strong>L-Tyrosine<\/strong> - Un acide amin\u00e9 que l'on trouve couramment dans les formules de pr\u00e9-entra\u00eenement et de concentration.<\/li>\n<\/ul>\n<h1>Ingr\u00e9dients, utilisation et dosage<\/h1>\n<p>Voir la photo.<\/p>","protected":false},"excerpt":{"rendered":"<div>Super Fat Burner Plus est un compl\u00e9ment polyvalent dont les ingr\u00e9dients ont \u00e9t\u00e9 soigneusement s\u00e9lectionn\u00e9s. Il contient notamment de la caf\u00e9ine, du th\u00e9 vert, du poivre de Cayenne et de l'extrait d'\u00e9corce de cannelle, compl\u00e9t\u00e9s par de la vitamine B12 et du chrome. Cette combinaison en fait un compl\u00e9ment pratique pour tous ceux qui cherchent \u00e0 soutenir leur mode de vie actif.<\/div>","protected":false},"featured_media":1040,"comment_status":"open","ping_status":"closed","template":"","meta":[],"product_brand":[],"product_cat":[15,165],"product_tag":[],"class_list":{"0":"post-1037","1":"product","2":"type-product","3":"status-publish","4":"has-post-thumbnail","6":"product_cat-geen-categorie","7":"product_cat-mhp-strong","9":"first","10":"outofstock","11":"taxable","12":"shipping-taxable","13":"purchasable","14":"product-type-simple"},"yoast_head":"<!-- This site is optimized with the Yoast SEO plugin v27.6 - https:\/\/yoast.com\/product\/yoast-seo-wordpress\/ -->\n<title>SUPER FAT BURNER - MHP STRONG - Holy-Supps.nl<\/title>\n<meta name=\"description\" content=\"Super Fat Burner: Verhoogt stofwisseling, energie en humeur. Bevat cafe\u00efne, groene thee, cayennepeper en vitamine B12. Ondersteunt vetverlies en bloedsuikercontrole.\" \/>\n<meta name=\"robots\" content=\"index, follow, max-snippet:-1, max-image-preview:large, max-video-preview:-1\" \/>\n<link rel=\"canonical\" href=\"https:\/\/www.holy-supps.nl\/fr\/produit\/super-fat-burner-mhp-strong\/\" \/>\n<meta property=\"og:locale\" content=\"fr_FR\" \/>\n<meta property=\"og:type\" content=\"article\" \/>\n<meta property=\"og:title\" content=\"SUPER FAT BURNER - MHP STRONG - Holy-Supps.nl\" \/>\n<meta property=\"og:description\" content=\"Super Fat Burner: Verhoogt stofwisseling, energie en humeur. Bevat cafe\u00efne, groene thee, cayennepeper en vitamine B12. Ondersteunt vetverlies en bloedsuikercontrole.\" \/>\n<meta property=\"og:url\" content=\"https:\/\/www.holy-supps.nl\/fr\/produit\/super-fat-burner-mhp-strong\/\" \/>\n<meta property=\"og:site_name\" content=\"Holy-Supps.nl\" \/>\n<meta property=\"article:publisher\" content=\"https:\/\/www.facebook.com\/holy.supps\" \/>\n<meta property=\"article:modified_time\" content=\"2025-08-26T13:32:56+00:00\" \/>\n<meta property=\"og:image\" content=\"https:\/\/www.holy-supps.nl\/wp-content\/uploads\/2023\/07\/wsi-imageoptim-Super-Fat-Burner-01_5000x.webp\" \/>\n\t<meta property=\"og:image:width\" content=\"900\" \/>\n\t<meta property=\"og:image:height\" content=\"900\" \/>\n\t<meta property=\"og:image:type\" content=\"image\/webp\" \/>\n<meta name=\"twitter:card\" content=\"summary_large_image\" \/>\n<meta name=\"twitter:label1\" content=\"Dur\u00e9e de lecture estim\u00e9e\" \/>\n\t<meta name=\"twitter:data1\" content=\"1 minute\" \/>\n<script type=\"application\/ld+json\" class=\"yoast-schema-graph\">{\"@context\":\"https:\\\/\\\/schema.org\",\"@graph\":[{\"@type\":\"WebPage\",\"@id\":\"https:\\\/\\\/www.holy-supps.nl\\\/product\\\/super-fat-burner-mhp-strong\\\/\",\"url\":\"https:\\\/\\\/www.holy-supps.nl\\\/product\\\/super-fat-burner-mhp-strong\\\/\",\"name\":\"SUPER FAT BURNER - MHP STRONG - Holy-Supps.nl\",\"isPartOf\":{\"@id\":\"https:\\\/\\\/www.holy-supps.nl\\\/#website\"},\"primaryImageOfPage\":{\"@id\":\"https:\\\/\\\/www.holy-supps.nl\\\/product\\\/super-fat-burner-mhp-strong\\\/#primaryimage\"},\"image\":{\"@id\":\"https:\\\/\\\/www.holy-supps.nl\\\/product\\\/super-fat-burner-mhp-strong\\\/#primaryimage\"},\"thumbnailUrl\":\"https:\\\/\\\/www.holy-supps.nl\\\/wp-content\\\/uploads\\\/2023\\\/07\\\/wsi-imageoptim-Super-Fat-Burner-01_5000x.webp\",\"datePublished\":\"2023-07-23T15:39:53+00:00\",\"dateModified\":\"2025-08-26T13:32:56+00:00\",\"description\":\"Super Fat Burner: Verhoogt stofwisseling, energie en humeur. Bevat cafe\u00efne, groene thee, cayennepeper en vitamine B12. Ondersteunt vetverlies en bloedsuikercontrole.\",\"breadcrumb\":{\"@id\":\"https:\\\/\\\/www.holy-supps.nl\\\/product\\\/super-fat-burner-mhp-strong\\\/#breadcrumb\"},\"inLanguage\":\"fr-FR\",\"potentialAction\":[{\"@type\":\"ReadAction\",\"target\":[\"https:\\\/\\\/www.holy-supps.nl\\\/product\\\/super-fat-burner-mhp-strong\\\/\"]}]},{\"@type\":\"ImageObject\",\"inLanguage\":\"fr-FR\",\"@id\":\"https:\\\/\\\/www.holy-supps.nl\\\/product\\\/super-fat-burner-mhp-strong\\\/#primaryimage\",\"url\":\"https:\\\/\\\/www.holy-supps.nl\\\/wp-content\\\/uploads\\\/2023\\\/07\\\/wsi-imageoptim-Super-Fat-Burner-01_5000x.webp\",\"contentUrl\":\"https:\\\/\\\/www.holy-supps.nl\\\/wp-content\\\/uploads\\\/2023\\\/07\\\/wsi-imageoptim-Super-Fat-Burner-01_5000x.webp\",\"width\":900,\"height\":900},{\"@type\":\"BreadcrumbList\",\"@id\":\"https:\\\/\\\/www.holy-supps.nl\\\/product\\\/super-fat-burner-mhp-strong\\\/#breadcrumb\",\"itemListElement\":[{\"@type\":\"ListItem\",\"position\":1,\"name\":\"Home\",\"item\":\"https:\\\/\\\/www.holy-supps.nl\\\/\"},{\"@type\":\"ListItem\",\"position\":2,\"name\":\"Winkel\",\"item\":\"https:\\\/\\\/www.holy-supps.nl\\\/winkel\\\/\"},{\"@type\":\"ListItem\",\"position\":3,\"name\":\"SUPER FAT BURNER &#8211; MHP STRONG\"}]},{\"@type\":\"WebSite\",\"@id\":\"https:\\\/\\\/www.holy-supps.nl\\\/#website\",\"url\":\"https:\\\/\\\/www.holy-supps.nl\\\/\",\"name\":\"Holy-Supps.nl\",\"description\":\"Official EHPLabs Reseller!\",\"publisher\":{\"@id\":\"https:\\\/\\\/www.holy-supps.nl\\\/#organization\"},\"potentialAction\":[{\"@type\":\"SearchAction\",\"target\":{\"@type\":\"EntryPoint\",\"urlTemplate\":\"https:\\\/\\\/www.holy-supps.nl\\\/?s={search_term_string}\"},\"query-input\":{\"@type\":\"PropertyValueSpecification\",\"valueRequired\":true,\"valueName\":\"search_term_string\"}}],\"inLanguage\":\"fr-FR\"},{\"@type\":\"Organization\",\"@id\":\"https:\\\/\\\/www.holy-supps.nl\\\/#organization\",\"name\":\"Holy Supps\",\"url\":\"https:\\\/\\\/www.holy-supps.nl\\\/\",\"logo\":{\"@type\":\"ImageObject\",\"inLanguage\":\"fr-FR\",\"@id\":\"https:\\\/\\\/www.holy-supps.nl\\\/#\\\/schema\\\/logo\\\/image\\\/\",\"url\":\"https:\\\/\\\/www.holy-supps.nl\\\/wp-content\\\/uploads\\\/2023\\\/06\\\/HOLY-SUPPS.png\",\"contentUrl\":\"https:\\\/\\\/www.holy-supps.nl\\\/wp-content\\\/uploads\\\/2023\\\/06\\\/HOLY-SUPPS.png\",\"width\":1000,\"height\":400,\"caption\":\"Holy Supps\"},\"image\":{\"@id\":\"https:\\\/\\\/www.holy-supps.nl\\\/#\\\/schema\\\/logo\\\/image\\\/\"},\"sameAs\":[\"https:\\\/\\\/www.facebook.com\\\/holy.supps\",\"https:\\\/\\\/www.instagram.com\\\/holy.supps.shop\\\/\"]}]}<\/script>\n<!-- \/ Yoast SEO plugin. -->","yoast_head_json":{"title":"SUPER BR\u00dbLEUR DE GRAISSES - MHP STRONG - Holy-Supps.fr","description":"Super br\u00fbleur de graisse : augmente le m\u00e9tabolisme, l'\u00e9nergie et l'humeur. Contient de la caf\u00e9ine, du th\u00e9 vert, du poivre de Cayenne et de la vitamine B12. Favorise la perte de graisse et le contr\u00f4le de la glyc\u00e9mie.","robots":{"index":"index","follow":"follow","max-snippet":"max-snippet:-1","max-image-preview":"max-image-preview:large","max-video-preview":"max-video-preview:-1"},"canonical":"https:\/\/www.holy-supps.nl\/fr\/produit\/super-fat-burner-mhp-strong\/","og_locale":"fr_FR","og_type":"article","og_title":"SUPER FAT BURNER - MHP STRONG - Holy-Supps.nl","og_description":"Super Fat Burner: Verhoogt stofwisseling, energie en humeur. Bevat cafe\u00efne, groene thee, cayennepeper en vitamine B12. Ondersteunt vetverlies en bloedsuikercontrole.","og_url":"https:\/\/www.holy-supps.nl\/fr\/produit\/super-fat-burner-mhp-strong\/","og_site_name":"Holy-Supps.nl","article_publisher":"https:\/\/www.facebook.com\/holy.supps","article_modified_time":"2025-08-26T13:32:56+00:00","og_image":[{"width":900,"height":900,"url":"https:\/\/www.holy-supps.nl\/wp-content\/uploads\/2023\/07\/wsi-imageoptim-Super-Fat-Burner-01_5000x.webp","type":"image\/webp"}],"twitter_card":"summary_large_image","twitter_misc":{"Dur\u00e9e de lecture estim\u00e9e":"1 minute"},"schema":{"@context":"https:\/\/schema.org","@graph":[{"@type":"WebPage","@id":"https:\/\/www.holy-supps.nl\/product\/super-fat-burner-mhp-strong\/","url":"https:\/\/www.holy-supps.nl\/product\/super-fat-burner-mhp-strong\/","name":"SUPER BR\u00dbLEUR DE GRAISSES - MHP STRONG - Holy-Supps.fr","isPartOf":{"@id":"https:\/\/www.holy-supps.nl\/#website"},"primaryImageOfPage":{"@id":"https:\/\/www.holy-supps.nl\/product\/super-fat-burner-mhp-strong\/#primaryimage"},"image":{"@id":"https:\/\/www.holy-supps.nl\/product\/super-fat-burner-mhp-strong\/#primaryimage"},"thumbnailUrl":"https:\/\/www.holy-supps.nl\/wp-content\/uploads\/2023\/07\/wsi-imageoptim-Super-Fat-Burner-01_5000x.webp","datePublished":"2023-07-23T15:39:53+00:00","dateModified":"2025-08-26T13:32:56+00:00","description":"Super br\u00fbleur de graisse : augmente le m\u00e9tabolisme, l'\u00e9nergie et l'humeur. Contient de la caf\u00e9ine, du th\u00e9 vert, du poivre de Cayenne et de la vitamine B12. Favorise la perte de graisse et le contr\u00f4le de la glyc\u00e9mie.","breadcrumb":{"@id":"https:\/\/www.holy-supps.nl\/product\/super-fat-burner-mhp-strong\/#breadcrumb"},"inLanguage":"fr-FR","potentialAction":[{"@type":"ReadAction","target":["https:\/\/www.holy-supps.nl\/product\/super-fat-burner-mhp-strong\/"]}]},{"@type":"ImageObject","inLanguage":"fr-FR","@id":"https:\/\/www.holy-supps.nl\/product\/super-fat-burner-mhp-strong\/#primaryimage","url":"https:\/\/www.holy-supps.nl\/wp-content\/uploads\/2023\/07\/wsi-imageoptim-Super-Fat-Burner-01_5000x.webp","contentUrl":"https:\/\/www.holy-supps.nl\/wp-content\/uploads\/2023\/07\/wsi-imageoptim-Super-Fat-Burner-01_5000x.webp","width":900,"height":900},{"@type":"BreadcrumbList","@id":"https:\/\/www.holy-supps.nl\/product\/super-fat-burner-mhp-strong\/#breadcrumb","itemListElement":[{"@type":"ListItem","position":1,"name":"Home","item":"https:\/\/www.holy-supps.nl\/"},{"@type":"ListItem","position":2,"name":"Winkel","item":"https:\/\/www.holy-supps.nl\/winkel\/"},{"@type":"ListItem","position":3,"name":"SUPER FAT BURNER &#8211; MHP STRONG"}]},{"@type":"WebSite","@id":"https:\/\/www.holy-supps.nl\/#website","url":"https:\/\/www.holy-supps.nl\/","name":"Holy-Supps.co.uk","description":"Revendeur officiel EHPLabs !","publisher":{"@id":"https:\/\/www.holy-supps.nl\/#organization"},"potentialAction":[{"@type":"SearchAction","target":{"@type":"EntryPoint","urlTemplate":"https:\/\/www.holy-supps.nl\/?s={search_term_string}"},"query-input":{"@type":"PropertyValueSpecification","valueRequired":true,"valueName":"search_term_string"}}],"inLanguage":"fr-FR"},{"@type":"Organization","@id":"https:\/\/www.holy-supps.nl\/#organization","name":"Les Saints Souvenirs","url":"https:\/\/www.holy-supps.nl\/","logo":{"@type":"ImageObject","inLanguage":"fr-FR","@id":"https:\/\/www.holy-supps.nl\/#\/schema\/logo\/image\/","url":"https:\/\/www.holy-supps.nl\/wp-content\/uploads\/2023\/06\/HOLY-SUPPS.png","contentUrl":"https:\/\/www.holy-supps.nl\/wp-content\/uploads\/2023\/06\/HOLY-SUPPS.png","width":1000,"height":400,"caption":"Holy Supps"},"image":{"@id":"https:\/\/www.holy-supps.nl\/#\/schema\/logo\/image\/"},"sameAs":["https:\/\/www.facebook.com\/holy.supps","https:\/\/www.instagram.com\/holy.supps.shop\/"]}]}},"jetpack_sharing_enabled":true,"_links":{"self":[{"href":"https:\/\/www.holy-supps.nl\/fr\/wp-json\/wp\/v2\/product\/1037","targetHints":{"allow":["GET"]}}],"collection":[{"href":"https:\/\/www.holy-supps.nl\/fr\/wp-json\/wp\/v2\/product"}],"about":[{"href":"https:\/\/www.holy-supps.nl\/fr\/wp-json\/wp\/v2\/types\/product"}],"replies":[{"embeddable":true,"href":"https:\/\/www.holy-supps.nl\/fr\/wp-json\/wp\/v2\/comments?post=1037"}],"wp:featuredmedia":[{"embeddable":true,"href":"https:\/\/www.holy-supps.nl\/fr\/wp-json\/wp\/v2\/media\/1040"}],"wp:attachment":[{"href":"https:\/\/www.holy-supps.nl\/fr\/wp-json\/wp\/v2\/media?parent=1037"}],"wp:term":[{"taxonomy":"product_brand","embeddable":true,"href":"https:\/\/www.holy-supps.nl\/fr\/wp-json\/wp\/v2\/product_brand?post=1037"},{"taxonomy":"product_cat","embeddable":true,"href":"https:\/\/www.holy-supps.nl\/fr\/wp-json\/wp\/v2\/product_cat?post=1037"},{"taxonomy":"product_tag","embeddable":true,"href":"https:\/\/www.holy-supps.nl\/fr\/wp-json\/wp\/v2\/product_tag?post=1037"}],"curies":[{"name":"wp","href":"https:\/\/api.w.org\/{rel}","templated":true}]}}