{"id":1033,"date":"2023-07-23T17:34:19","date_gmt":"2023-07-23T15:34:19","guid":{"rendered":"https:\/\/www.holy-supps.nl\/?post_type=product&#038;p=1033"},"modified":"2026-01-14T16:39:27","modified_gmt":"2026-01-14T15:39:27","slug":"glutamine-300gr-mhp-strong","status":"publish","type":"product","link":"https:\/\/www.holy-supps.nl\/fr\/product\/glutamine-300gr-mhp-strong-2\/","title":{"rendered":"GLUTAMINE SR - 300GR - MHP STRONG"},"content":{"rendered":"<div class=\"description bottom\">\n<p>La technologie brevet\u00e9e de lib\u00e9ration prolong\u00e9e de Glutamine-SR est con\u00e7ue pour permettre une lib\u00e9ration et une absorption progressives de la L-Glutamine.<\/p>\n<div>Glutamine-SR contient une dose de L-Glutamine, l'un des acides amin\u00e9s les plus abondants dans l'organisme. Le produit peut \u00eatre utilis\u00e9 de mani\u00e8re pratique dans le cadre du sport ou comme compl\u00e9ment dans le cadre d'une alimentation \u00e9quilibr\u00e9e.<\/div>\n<div>\n<ul>\n<li>Technologie brevet\u00e9e pour une lib\u00e9ration durable<\/li>\n<li>Contient de la L-Glutamine, un acide amin\u00e9 courant<\/li>\n<li>Pratique comme compl\u00e9ment dans le cadre d'un mode de vie actif<\/li>\n<\/ul>\n<\/div>\n<\/div>\n<div id=\"stamped-reviews-widget\" data-widget-type=\"full-page\" data-product-image=\"false\" data-take=\"1\" data-label-subtitle=\"Customer Highlights\" data-product-ids=\"4467637321785\" data-min-rating=\"5\" data-element-id=\"1\" data-lang=\"en\">\n<div class=\"stamped-widget-title\">\n<h1><strong>Ingr\u00e9dients, utilisation et dosage<\/strong><\/h1>\n<p>Voir la photo.<\/p>\n<\/div>\n<\/div>","protected":false},"excerpt":{"rendered":"<div>Glutamine SR fournit une dose puissante de L-Glutamine, l'acide amin\u00e9 le plus abondant dans le corps, qui est utilis\u00e9 par<\/div>\n<div>La glutamine sert de carburant \u00e0 l'intestin, au syst\u00e8me immunitaire et aux muscles. La suppl\u00e9mentation en glutamine aide \u00e0 reconstituer les r\u00e9serves de glutamine, ce qui soutient le syst\u00e8me immunitaire, acc\u00e9l\u00e8re la r\u00e9cup\u00e9ration et stimule la synth\u00e8se des prot\u00e9ines musculaires.<\/div>","protected":false},"featured_media":1036,"comment_status":"open","ping_status":"closed","template":"","meta":[],"product_brand":[],"product_cat":[86,77,80,87,71,165,70],"product_tag":[],"class_list":{"0":"post-1033","1":"product","2":"type-product","3":"status-publish","4":"has-post-thumbnail","6":"product_cat-aankomen","7":"product_cat-bundles-save","8":"product_cat-doel","9":"product_cat-energie-focus","10":"product_cat-merken","11":"product_cat-mhp-strong","12":"product_cat-raws","14":"first","15":"outofstock","16":"sale","17":"taxable","18":"shipping-taxable","19":"purchasable","20":"product-type-simple"},"yoast_head":"<!-- This site is optimized with the Yoast SEO plugin v27.4 - https:\/\/yoast.com\/product\/yoast-seo-wordpress\/ -->\n<title>GLUTAMINE SR - 300GR - MHP STRONG - Holy-Supps.nl<\/title>\n<meta name=\"description\" content=\"Verbeter herstel en spieropbouw met GLUTAMINE SR. Langdurige afgifte voor optimale absorptie, immuunondersteuning en versnelde spiereiwitsynthese.\" \/>\n<meta name=\"robots\" content=\"index, follow, max-snippet:-1, max-image-preview:large, max-video-preview:-1\" \/>\n<link rel=\"canonical\" href=\"https:\/\/www.holy-supps.nl\/fr\/produit\/glutamine-300gr-mhp-strong\/\" \/>\n<meta property=\"og:locale\" content=\"fr_FR\" \/>\n<meta property=\"og:type\" content=\"article\" \/>\n<meta property=\"og:title\" content=\"GLUTAMINE SR - 300GR - MHP STRONG - Holy-Supps.nl\" \/>\n<meta property=\"og:description\" content=\"Verbeter herstel en spieropbouw met GLUTAMINE SR. Langdurige afgifte voor optimale absorptie, immuunondersteuning en versnelde spiereiwitsynthese.\" \/>\n<meta property=\"og:url\" content=\"https:\/\/www.holy-supps.nl\/fr\/produit\/glutamine-300gr-mhp-strong\/\" \/>\n<meta property=\"og:site_name\" content=\"Holy-Supps.nl\" \/>\n<meta property=\"article:publisher\" content=\"https:\/\/www.facebook.com\/holy.supps\" \/>\n<meta property=\"article:modified_time\" content=\"2026-01-14T15:39:27+00:00\" \/>\n<meta property=\"og:image\" content=\"https:\/\/www.holy-supps.nl\/wp-content\/uploads\/2023\/07\/wsi-imageoptim-Glutamine-SR-01_5000x.webp\" \/>\n\t<meta property=\"og:image:width\" content=\"900\" \/>\n\t<meta property=\"og:image:height\" content=\"900\" \/>\n\t<meta property=\"og:image:type\" content=\"image\/webp\" \/>\n<meta name=\"twitter:card\" content=\"summary_large_image\" \/>\n<meta name=\"twitter:label1\" content=\"Dur\u00e9e de lecture estim\u00e9e\" \/>\n\t<meta name=\"twitter:data1\" content=\"1 minute\" \/>\n<script type=\"application\/ld+json\" class=\"yoast-schema-graph\">{\"@context\":\"https:\\\/\\\/schema.org\",\"@graph\":[{\"@type\":\"WebPage\",\"@id\":\"https:\\\/\\\/www.holy-supps.nl\\\/product\\\/glutamine-300gr-mhp-strong-2\\\/\",\"url\":\"https:\\\/\\\/www.holy-supps.nl\\\/product\\\/glutamine-300gr-mhp-strong-2\\\/\",\"name\":\"GLUTAMINE SR - 300GR - MHP STRONG - Holy-Supps.nl\",\"isPartOf\":{\"@id\":\"https:\\\/\\\/www.holy-supps.nl\\\/#website\"},\"primaryImageOfPage\":{\"@id\":\"https:\\\/\\\/www.holy-supps.nl\\\/product\\\/glutamine-300gr-mhp-strong-2\\\/#primaryimage\"},\"image\":{\"@id\":\"https:\\\/\\\/www.holy-supps.nl\\\/product\\\/glutamine-300gr-mhp-strong-2\\\/#primaryimage\"},\"thumbnailUrl\":\"https:\\\/\\\/www.holy-supps.nl\\\/wp-content\\\/uploads\\\/2023\\\/07\\\/wsi-imageoptim-Glutamine-SR-01_5000x.webp\",\"datePublished\":\"2023-07-23T15:34:19+00:00\",\"dateModified\":\"2026-01-14T15:39:27+00:00\",\"description\":\"Verbeter herstel en spieropbouw met GLUTAMINE SR. Langdurige afgifte voor optimale absorptie, immuunondersteuning en versnelde spiereiwitsynthese.\",\"breadcrumb\":{\"@id\":\"https:\\\/\\\/www.holy-supps.nl\\\/product\\\/glutamine-300gr-mhp-strong-2\\\/#breadcrumb\"},\"inLanguage\":\"fr-FR\",\"potentialAction\":[{\"@type\":\"ReadAction\",\"target\":[\"https:\\\/\\\/www.holy-supps.nl\\\/product\\\/glutamine-300gr-mhp-strong-2\\\/\"]}]},{\"@type\":\"ImageObject\",\"inLanguage\":\"fr-FR\",\"@id\":\"https:\\\/\\\/www.holy-supps.nl\\\/product\\\/glutamine-300gr-mhp-strong-2\\\/#primaryimage\",\"url\":\"https:\\\/\\\/www.holy-supps.nl\\\/wp-content\\\/uploads\\\/2023\\\/07\\\/wsi-imageoptim-Glutamine-SR-01_5000x.webp\",\"contentUrl\":\"https:\\\/\\\/www.holy-supps.nl\\\/wp-content\\\/uploads\\\/2023\\\/07\\\/wsi-imageoptim-Glutamine-SR-01_5000x.webp\",\"width\":900,\"height\":900},{\"@type\":\"BreadcrumbList\",\"@id\":\"https:\\\/\\\/www.holy-supps.nl\\\/product\\\/glutamine-300gr-mhp-strong-2\\\/#breadcrumb\",\"itemListElement\":[{\"@type\":\"ListItem\",\"position\":1,\"name\":\"Home\",\"item\":\"https:\\\/\\\/www.holy-supps.nl\\\/\"},{\"@type\":\"ListItem\",\"position\":2,\"name\":\"Winkel\",\"item\":\"https:\\\/\\\/www.holy-supps.nl\\\/winkel\\\/\"},{\"@type\":\"ListItem\",\"position\":3,\"name\":\"GLUTAMINE SR &#8211; 300GR &#8211; MHP STRONG\"}]},{\"@type\":\"WebSite\",\"@id\":\"https:\\\/\\\/www.holy-supps.nl\\\/#website\",\"url\":\"https:\\\/\\\/www.holy-supps.nl\\\/\",\"name\":\"Holy-Supps.nl\",\"description\":\"Official EHPLabs Reseller!\",\"publisher\":{\"@id\":\"https:\\\/\\\/www.holy-supps.nl\\\/#organization\"},\"potentialAction\":[{\"@type\":\"SearchAction\",\"target\":{\"@type\":\"EntryPoint\",\"urlTemplate\":\"https:\\\/\\\/www.holy-supps.nl\\\/?s={search_term_string}\"},\"query-input\":{\"@type\":\"PropertyValueSpecification\",\"valueRequired\":true,\"valueName\":\"search_term_string\"}}],\"inLanguage\":\"fr-FR\"},{\"@type\":\"Organization\",\"@id\":\"https:\\\/\\\/www.holy-supps.nl\\\/#organization\",\"name\":\"Holy Supps\",\"url\":\"https:\\\/\\\/www.holy-supps.nl\\\/\",\"logo\":{\"@type\":\"ImageObject\",\"inLanguage\":\"fr-FR\",\"@id\":\"https:\\\/\\\/www.holy-supps.nl\\\/#\\\/schema\\\/logo\\\/image\\\/\",\"url\":\"https:\\\/\\\/www.holy-supps.nl\\\/wp-content\\\/uploads\\\/2023\\\/06\\\/HOLY-SUPPS.png\",\"contentUrl\":\"https:\\\/\\\/www.holy-supps.nl\\\/wp-content\\\/uploads\\\/2023\\\/06\\\/HOLY-SUPPS.png\",\"width\":1000,\"height\":400,\"caption\":\"Holy Supps\"},\"image\":{\"@id\":\"https:\\\/\\\/www.holy-supps.nl\\\/#\\\/schema\\\/logo\\\/image\\\/\"},\"sameAs\":[\"https:\\\/\\\/www.facebook.com\\\/holy.supps\",\"https:\\\/\\\/www.instagram.com\\\/holy.supps.shop\\\/\"]}]}<\/script>\n<!-- \/ Yoast SEO plugin. -->","yoast_head_json":{"title":"GLUTAMINE SR - 300GR - MHP STRONG - Holy-Supps.fr","description":"Am\u00e9liorez la r\u00e9cup\u00e9ration et la construction musculaire avec GLUTAMINE SR. Lib\u00e9ration prolong\u00e9e pour une absorption optimale, un soutien immunitaire et une synth\u00e8se acc\u00e9l\u00e9r\u00e9e des prot\u00e9ines musculaires.","robots":{"index":"index","follow":"follow","max-snippet":"max-snippet:-1","max-image-preview":"max-image-preview:large","max-video-preview":"max-video-preview:-1"},"canonical":"https:\/\/www.holy-supps.nl\/fr\/produit\/glutamine-300gr-mhp-strong\/","og_locale":"fr_FR","og_type":"article","og_title":"GLUTAMINE SR - 300GR - MHP STRONG - Holy-Supps.nl","og_description":"Verbeter herstel en spieropbouw met GLUTAMINE SR. Langdurige afgifte voor optimale absorptie, immuunondersteuning en versnelde spiereiwitsynthese.","og_url":"https:\/\/www.holy-supps.nl\/fr\/produit\/glutamine-300gr-mhp-strong\/","og_site_name":"Holy-Supps.nl","article_publisher":"https:\/\/www.facebook.com\/holy.supps","article_modified_time":"2026-01-14T15:39:27+00:00","og_image":[{"width":900,"height":900,"url":"https:\/\/www.holy-supps.nl\/wp-content\/uploads\/2023\/07\/wsi-imageoptim-Glutamine-SR-01_5000x.webp","type":"image\/webp"}],"twitter_card":"summary_large_image","twitter_misc":{"Dur\u00e9e de lecture estim\u00e9e":"1 minute"},"schema":{"@context":"https:\/\/schema.org","@graph":[{"@type":"WebPage","@id":"https:\/\/www.holy-supps.nl\/product\/glutamine-300gr-mhp-strong-2\/","url":"https:\/\/www.holy-supps.nl\/product\/glutamine-300gr-mhp-strong-2\/","name":"GLUTAMINE SR - 300GR - MHP STRONG - Holy-Supps.fr","isPartOf":{"@id":"https:\/\/www.holy-supps.nl\/#website"},"primaryImageOfPage":{"@id":"https:\/\/www.holy-supps.nl\/product\/glutamine-300gr-mhp-strong-2\/#primaryimage"},"image":{"@id":"https:\/\/www.holy-supps.nl\/product\/glutamine-300gr-mhp-strong-2\/#primaryimage"},"thumbnailUrl":"https:\/\/www.holy-supps.nl\/wp-content\/uploads\/2023\/07\/wsi-imageoptim-Glutamine-SR-01_5000x.webp","datePublished":"2023-07-23T15:34:19+00:00","dateModified":"2026-01-14T15:39:27+00:00","description":"Am\u00e9liorez la r\u00e9cup\u00e9ration et la construction musculaire avec GLUTAMINE SR. Lib\u00e9ration prolong\u00e9e pour une absorption optimale, un soutien immunitaire et une synth\u00e8se acc\u00e9l\u00e9r\u00e9e des prot\u00e9ines musculaires.","breadcrumb":{"@id":"https:\/\/www.holy-supps.nl\/product\/glutamine-300gr-mhp-strong-2\/#breadcrumb"},"inLanguage":"fr-FR","potentialAction":[{"@type":"ReadAction","target":["https:\/\/www.holy-supps.nl\/product\/glutamine-300gr-mhp-strong-2\/"]}]},{"@type":"ImageObject","inLanguage":"fr-FR","@id":"https:\/\/www.holy-supps.nl\/product\/glutamine-300gr-mhp-strong-2\/#primaryimage","url":"https:\/\/www.holy-supps.nl\/wp-content\/uploads\/2023\/07\/wsi-imageoptim-Glutamine-SR-01_5000x.webp","contentUrl":"https:\/\/www.holy-supps.nl\/wp-content\/uploads\/2023\/07\/wsi-imageoptim-Glutamine-SR-01_5000x.webp","width":900,"height":900},{"@type":"BreadcrumbList","@id":"https:\/\/www.holy-supps.nl\/product\/glutamine-300gr-mhp-strong-2\/#breadcrumb","itemListElement":[{"@type":"ListItem","position":1,"name":"Home","item":"https:\/\/www.holy-supps.nl\/"},{"@type":"ListItem","position":2,"name":"Winkel","item":"https:\/\/www.holy-supps.nl\/winkel\/"},{"@type":"ListItem","position":3,"name":"GLUTAMINE SR &#8211; 300GR &#8211; MHP STRONG"}]},{"@type":"WebSite","@id":"https:\/\/www.holy-supps.nl\/#website","url":"https:\/\/www.holy-supps.nl\/","name":"Holy-Supps.co.uk","description":"Revendeur officiel EHPLabs !","publisher":{"@id":"https:\/\/www.holy-supps.nl\/#organization"},"potentialAction":[{"@type":"SearchAction","target":{"@type":"EntryPoint","urlTemplate":"https:\/\/www.holy-supps.nl\/?s={search_term_string}"},"query-input":{"@type":"PropertyValueSpecification","valueRequired":true,"valueName":"search_term_string"}}],"inLanguage":"fr-FR"},{"@type":"Organization","@id":"https:\/\/www.holy-supps.nl\/#organization","name":"Les Saints Souvenirs","url":"https:\/\/www.holy-supps.nl\/","logo":{"@type":"ImageObject","inLanguage":"fr-FR","@id":"https:\/\/www.holy-supps.nl\/#\/schema\/logo\/image\/","url":"https:\/\/www.holy-supps.nl\/wp-content\/uploads\/2023\/06\/HOLY-SUPPS.png","contentUrl":"https:\/\/www.holy-supps.nl\/wp-content\/uploads\/2023\/06\/HOLY-SUPPS.png","width":1000,"height":400,"caption":"Holy Supps"},"image":{"@id":"https:\/\/www.holy-supps.nl\/#\/schema\/logo\/image\/"},"sameAs":["https:\/\/www.facebook.com\/holy.supps","https:\/\/www.instagram.com\/holy.supps.shop\/"]}]}},"jetpack_sharing_enabled":true,"_links":{"self":[{"href":"https:\/\/www.holy-supps.nl\/fr\/wp-json\/wp\/v2\/product\/1033","targetHints":{"allow":["GET"]}}],"collection":[{"href":"https:\/\/www.holy-supps.nl\/fr\/wp-json\/wp\/v2\/product"}],"about":[{"href":"https:\/\/www.holy-supps.nl\/fr\/wp-json\/wp\/v2\/types\/product"}],"replies":[{"embeddable":true,"href":"https:\/\/www.holy-supps.nl\/fr\/wp-json\/wp\/v2\/comments?post=1033"}],"wp:featuredmedia":[{"embeddable":true,"href":"https:\/\/www.holy-supps.nl\/fr\/wp-json\/wp\/v2\/media\/1036"}],"wp:attachment":[{"href":"https:\/\/www.holy-supps.nl\/fr\/wp-json\/wp\/v2\/media?parent=1033"}],"wp:term":[{"taxonomy":"product_brand","embeddable":true,"href":"https:\/\/www.holy-supps.nl\/fr\/wp-json\/wp\/v2\/product_brand?post=1033"},{"taxonomy":"product_cat","embeddable":true,"href":"https:\/\/www.holy-supps.nl\/fr\/wp-json\/wp\/v2\/product_cat?post=1033"},{"taxonomy":"product_tag","embeddable":true,"href":"https:\/\/www.holy-supps.nl\/fr\/wp-json\/wp\/v2\/product_tag?post=1033"}],"curies":[{"name":"wp","href":"https:\/\/api.w.org\/{rel}","templated":true}]}}