{"id":1004,"date":"2023-07-23T16:35:30","date_gmt":"2023-07-23T14:35:30","guid":{"rendered":"https:\/\/www.holy-supps.nl\/?post_type=product&#038;p=1004"},"modified":"2025-10-29T14:49:23","modified_gmt":"2025-10-29T13:49:23","slug":"hyper-crush-pre-work-out-461gr-mhp-strong","status":"publish","type":"product","link":"https:\/\/www.holy-supps.nl\/fr\/product\/hyper-crush-pre-work-out-461gr-mhp-strong-2\/","title":{"rendered":"Hyper Crush Pre Work Out - 461GR - MHP Strong"},"content":{"rendered":"<h2>Description<\/h2>\n<p>MHP Hyper Crush est un suppl\u00e9ment de pr\u00e9-entra\u00eenement en poudre con\u00e7u pour les athl\u00e8tes \u00e0 la recherche d'un soutien suppl\u00e9mentaire pendant leurs s\u00e9ances d'entra\u00eenement.<br \/>\nLa formule contient une combinaison d'ingr\u00e9dients bien connus et couramment utilis\u00e9s dans les pr\u00e9-entra\u00eenements, tels que la caf\u00e9ine, la b\u00eata-alanine et la cr\u00e9atine, ainsi qu'une combinaison d'acides gras om\u00e9ga-3 et d'acides gras polyinsatur\u00e9s.<br \/>\nest disponible en plusieurs saveurs. Le produit est con\u00e7u pour \u00eatre facilement m\u00e9lang\u00e9 avec de l'eau et peut \u00eatre pris avant l'entra\u00eenement.<\/p>\n<h2>Avantages en quelques points cl\u00e9s<\/h2>\n<ul>\n<li>Contient un m\u00e9lange d'ingr\u00e9dients de pr\u00e9-entra\u00eenement couramment utilis\u00e9s.<\/li>\n<li>Forme de poudre conviviale qui se dissout facilement dans l'eau.<\/li>\n<li>Disponibles en diff\u00e9rentes saveurs pour varier les plaisirs.<\/li>\n<li>Peut \u00eatre int\u00e9gr\u00e9 dans une routine de sport et d'entra\u00eenement.<\/li>\n<\/ul>\n<h2>Mode d'emploi<\/h2>\n<p>M\u00e9langer la quantit\u00e9 recommand\u00e9e (indiqu\u00e9e sur l'\u00e9tiquette) avec de l'eau dans un shaker ou un verre.<br \/>\nPrendre ce produit environ 20 \u00e0 30 minutes avant l'entra\u00eenement. Suivez toujours les instructions de dosage figurant sur l'emballage et associez-le \u00e0 un r\u00e9gime alimentaire vari\u00e9 et \u00e0 un mode de vie sain.<\/p>","protected":false},"excerpt":{"rendered":"<p>MHP Hyper Crush est un pr\u00e9-entra\u00eenement en poudre avec un m\u00e9lange d'ingr\u00e9dients bien connus tels que la caf\u00e9ine, la b\u00eata-alanine et la cr\u00e9atine.<br \/>\nLe compl\u00e9ment est facile \u00e0 m\u00e9langer avec de l'eau et est disponible en plusieurs saveurs, id\u00e9al pour l'inclure dans votre routine d'entra\u00eenement.<br \/>\nUtiliser selon les instructions de l'emballage.<\/p>","protected":false},"featured_media":1008,"comment_status":"open","ping_status":"closed","template":"","meta":[],"product_brand":[],"product_cat":[77,87,71,165,68,75],"product_tag":[],"class_list":{"0":"post-1004","1":"product","2":"type-product","3":"status-publish","4":"has-post-thumbnail","6":"product_cat-bundles-save","7":"product_cat-energie-focus","8":"product_cat-merken","9":"product_cat-mhp-strong","10":"product_cat-pre-workout","11":"product_cat-producten","13":"first","14":"outofstock","15":"sale","16":"taxable","17":"shipping-taxable","18":"purchasable","19":"product-type-variable"},"yoast_head":"<!-- This site is optimized with the Yoast SEO plugin v27.4 - https:\/\/yoast.com\/product\/yoast-seo-wordpress\/ -->\n<title>Hyper Crush Pre Work Out - 461GR - MHP Strong - Holy-Supps.nl<\/title>\n<meta name=\"description\" content=\"Verminder spiervermoeidheid en verhoog kracht met Hyper Crush Pre-Workout van MHP Strong. Ervaar extreme energie en focus tijdens je training!\" \/>\n<meta name=\"robots\" content=\"index, follow, max-snippet:-1, max-image-preview:large, max-video-preview:-1\" \/>\n<link rel=\"canonical\" href=\"https:\/\/www.holy-supps.nl\/fr\/produit\/hyper-crush-pre-work-out-461gr-mhp-strong\/\" \/>\n<meta property=\"og:locale\" content=\"fr_FR\" \/>\n<meta property=\"og:type\" content=\"article\" \/>\n<meta property=\"og:title\" content=\"Hyper Crush Pre Work Out - 461GR - MHP Strong - Holy-Supps.nl\" \/>\n<meta property=\"og:description\" content=\"Verminder spiervermoeidheid en verhoog kracht met Hyper Crush Pre-Workout van MHP Strong. Ervaar extreme energie en focus tijdens je training!\" \/>\n<meta property=\"og:url\" content=\"https:\/\/www.holy-supps.nl\/fr\/produit\/hyper-crush-pre-work-out-461gr-mhp-strong\/\" \/>\n<meta property=\"og:site_name\" content=\"Holy-Supps.nl\" \/>\n<meta property=\"article:publisher\" content=\"https:\/\/www.facebook.com\/holy.supps\" \/>\n<meta property=\"article:modified_time\" content=\"2025-10-29T13:49:23+00:00\" \/>\n<meta property=\"og:image\" content=\"https:\/\/www.holy-supps.nl\/wp-content\/uploads\/2023\/07\/Kiwi.webp\" \/>\n\t<meta property=\"og:image:width\" content=\"1000\" \/>\n\t<meta property=\"og:image:height\" content=\"1000\" \/>\n\t<meta property=\"og:image:type\" content=\"image\/webp\" \/>\n<meta name=\"twitter:card\" content=\"summary_large_image\" \/>\n<meta name=\"twitter:label1\" content=\"Dur\u00e9e de lecture estim\u00e9e\" \/>\n\t<meta name=\"twitter:data1\" content=\"2 minutes\" \/>\n<script type=\"application\/ld+json\" class=\"yoast-schema-graph\">{\"@context\":\"https:\\\/\\\/schema.org\",\"@graph\":[{\"@type\":\"WebPage\",\"@id\":\"https:\\\/\\\/www.holy-supps.nl\\\/product\\\/hyper-crush-pre-work-out-461gr-mhp-strong-2\\\/\",\"url\":\"https:\\\/\\\/www.holy-supps.nl\\\/product\\\/hyper-crush-pre-work-out-461gr-mhp-strong-2\\\/\",\"name\":\"Hyper Crush Pre Work Out - 461GR - MHP Strong - Holy-Supps.nl\",\"isPartOf\":{\"@id\":\"https:\\\/\\\/www.holy-supps.nl\\\/#website\"},\"primaryImageOfPage\":{\"@id\":\"https:\\\/\\\/www.holy-supps.nl\\\/product\\\/hyper-crush-pre-work-out-461gr-mhp-strong-2\\\/#primaryimage\"},\"image\":{\"@id\":\"https:\\\/\\\/www.holy-supps.nl\\\/product\\\/hyper-crush-pre-work-out-461gr-mhp-strong-2\\\/#primaryimage\"},\"thumbnailUrl\":\"https:\\\/\\\/www.holy-supps.nl\\\/wp-content\\\/uploads\\\/2023\\\/07\\\/Kiwi.webp\",\"datePublished\":\"2023-07-23T14:35:30+00:00\",\"dateModified\":\"2025-10-29T13:49:23+00:00\",\"description\":\"Verminder spiervermoeidheid en verhoog kracht met Hyper Crush Pre-Workout van MHP Strong. Ervaar extreme energie en focus tijdens je training!\",\"breadcrumb\":{\"@id\":\"https:\\\/\\\/www.holy-supps.nl\\\/product\\\/hyper-crush-pre-work-out-461gr-mhp-strong-2\\\/#breadcrumb\"},\"inLanguage\":\"fr-FR\",\"potentialAction\":[{\"@type\":\"ReadAction\",\"target\":[\"https:\\\/\\\/www.holy-supps.nl\\\/product\\\/hyper-crush-pre-work-out-461gr-mhp-strong-2\\\/\"]}]},{\"@type\":\"ImageObject\",\"inLanguage\":\"fr-FR\",\"@id\":\"https:\\\/\\\/www.holy-supps.nl\\\/product\\\/hyper-crush-pre-work-out-461gr-mhp-strong-2\\\/#primaryimage\",\"url\":\"https:\\\/\\\/www.holy-supps.nl\\\/wp-content\\\/uploads\\\/2023\\\/07\\\/Kiwi.webp\",\"contentUrl\":\"https:\\\/\\\/www.holy-supps.nl\\\/wp-content\\\/uploads\\\/2023\\\/07\\\/Kiwi.webp\",\"width\":1000,\"height\":1000},{\"@type\":\"BreadcrumbList\",\"@id\":\"https:\\\/\\\/www.holy-supps.nl\\\/product\\\/hyper-crush-pre-work-out-461gr-mhp-strong-2\\\/#breadcrumb\",\"itemListElement\":[{\"@type\":\"ListItem\",\"position\":1,\"name\":\"Home\",\"item\":\"https:\\\/\\\/www.holy-supps.nl\\\/\"},{\"@type\":\"ListItem\",\"position\":2,\"name\":\"Winkel\",\"item\":\"https:\\\/\\\/www.holy-supps.nl\\\/winkel\\\/\"},{\"@type\":\"ListItem\",\"position\":3,\"name\":\"Hyper Crush Pre Work Out &#8211; 461GR &#8211; MHP Strong\"}]},{\"@type\":\"WebSite\",\"@id\":\"https:\\\/\\\/www.holy-supps.nl\\\/#website\",\"url\":\"https:\\\/\\\/www.holy-supps.nl\\\/\",\"name\":\"Holy-Supps.nl\",\"description\":\"Official EHPLabs Reseller!\",\"publisher\":{\"@id\":\"https:\\\/\\\/www.holy-supps.nl\\\/#organization\"},\"potentialAction\":[{\"@type\":\"SearchAction\",\"target\":{\"@type\":\"EntryPoint\",\"urlTemplate\":\"https:\\\/\\\/www.holy-supps.nl\\\/?s={search_term_string}\"},\"query-input\":{\"@type\":\"PropertyValueSpecification\",\"valueRequired\":true,\"valueName\":\"search_term_string\"}}],\"inLanguage\":\"fr-FR\"},{\"@type\":\"Organization\",\"@id\":\"https:\\\/\\\/www.holy-supps.nl\\\/#organization\",\"name\":\"Holy Supps\",\"url\":\"https:\\\/\\\/www.holy-supps.nl\\\/\",\"logo\":{\"@type\":\"ImageObject\",\"inLanguage\":\"fr-FR\",\"@id\":\"https:\\\/\\\/www.holy-supps.nl\\\/#\\\/schema\\\/logo\\\/image\\\/\",\"url\":\"https:\\\/\\\/www.holy-supps.nl\\\/wp-content\\\/uploads\\\/2023\\\/06\\\/HOLY-SUPPS.png\",\"contentUrl\":\"https:\\\/\\\/www.holy-supps.nl\\\/wp-content\\\/uploads\\\/2023\\\/06\\\/HOLY-SUPPS.png\",\"width\":1000,\"height\":400,\"caption\":\"Holy Supps\"},\"image\":{\"@id\":\"https:\\\/\\\/www.holy-supps.nl\\\/#\\\/schema\\\/logo\\\/image\\\/\"},\"sameAs\":[\"https:\\\/\\\/www.facebook.com\\\/holy.supps\",\"https:\\\/\\\/www.instagram.com\\\/holy.supps.shop\\\/\"]}]}<\/script>\n<!-- \/ Yoast SEO plugin. -->","yoast_head_json":{"title":"Hyper Crush Pre Work Out - 461GR - MHP Strong - Holy-Supps.fr","description":"R\u00e9duisez la fatigue musculaire et augmentez votre force avec Hyper Crush Pre-Workout de MHP Strong. Faites l'exp\u00e9rience d'une \u00e9nergie et d'une concentration extr\u00eames pendant votre entra\u00eenement !","robots":{"index":"index","follow":"follow","max-snippet":"max-snippet:-1","max-image-preview":"max-image-preview:large","max-video-preview":"max-video-preview:-1"},"canonical":"https:\/\/www.holy-supps.nl\/fr\/produit\/hyper-crush-pre-work-out-461gr-mhp-strong\/","og_locale":"fr_FR","og_type":"article","og_title":"Hyper Crush Pre Work Out - 461GR - MHP Strong - Holy-Supps.nl","og_description":"Verminder spiervermoeidheid en verhoog kracht met Hyper Crush Pre-Workout van MHP Strong. Ervaar extreme energie en focus tijdens je training!","og_url":"https:\/\/www.holy-supps.nl\/fr\/produit\/hyper-crush-pre-work-out-461gr-mhp-strong\/","og_site_name":"Holy-Supps.nl","article_publisher":"https:\/\/www.facebook.com\/holy.supps","article_modified_time":"2025-10-29T13:49:23+00:00","og_image":[{"width":1000,"height":1000,"url":"https:\/\/www.holy-supps.nl\/wp-content\/uploads\/2023\/07\/Kiwi.webp","type":"image\/webp"}],"twitter_card":"summary_large_image","twitter_misc":{"Dur\u00e9e de lecture estim\u00e9e":"2 minutes"},"schema":{"@context":"https:\/\/schema.org","@graph":[{"@type":"WebPage","@id":"https:\/\/www.holy-supps.nl\/product\/hyper-crush-pre-work-out-461gr-mhp-strong-2\/","url":"https:\/\/www.holy-supps.nl\/product\/hyper-crush-pre-work-out-461gr-mhp-strong-2\/","name":"Hyper Crush Pre Work Out - 461GR - MHP Strong - Holy-Supps.fr","isPartOf":{"@id":"https:\/\/www.holy-supps.nl\/#website"},"primaryImageOfPage":{"@id":"https:\/\/www.holy-supps.nl\/product\/hyper-crush-pre-work-out-461gr-mhp-strong-2\/#primaryimage"},"image":{"@id":"https:\/\/www.holy-supps.nl\/product\/hyper-crush-pre-work-out-461gr-mhp-strong-2\/#primaryimage"},"thumbnailUrl":"https:\/\/www.holy-supps.nl\/wp-content\/uploads\/2023\/07\/Kiwi.webp","datePublished":"2023-07-23T14:35:30+00:00","dateModified":"2025-10-29T13:49:23+00:00","description":"R\u00e9duisez la fatigue musculaire et augmentez votre force avec Hyper Crush Pre-Workout de MHP Strong. Faites l'exp\u00e9rience d'une \u00e9nergie et d'une concentration extr\u00eames pendant votre entra\u00eenement !","breadcrumb":{"@id":"https:\/\/www.holy-supps.nl\/product\/hyper-crush-pre-work-out-461gr-mhp-strong-2\/#breadcrumb"},"inLanguage":"fr-FR","potentialAction":[{"@type":"ReadAction","target":["https:\/\/www.holy-supps.nl\/product\/hyper-crush-pre-work-out-461gr-mhp-strong-2\/"]}]},{"@type":"ImageObject","inLanguage":"fr-FR","@id":"https:\/\/www.holy-supps.nl\/product\/hyper-crush-pre-work-out-461gr-mhp-strong-2\/#primaryimage","url":"https:\/\/www.holy-supps.nl\/wp-content\/uploads\/2023\/07\/Kiwi.webp","contentUrl":"https:\/\/www.holy-supps.nl\/wp-content\/uploads\/2023\/07\/Kiwi.webp","width":1000,"height":1000},{"@type":"BreadcrumbList","@id":"https:\/\/www.holy-supps.nl\/product\/hyper-crush-pre-work-out-461gr-mhp-strong-2\/#breadcrumb","itemListElement":[{"@type":"ListItem","position":1,"name":"Home","item":"https:\/\/www.holy-supps.nl\/"},{"@type":"ListItem","position":2,"name":"Winkel","item":"https:\/\/www.holy-supps.nl\/winkel\/"},{"@type":"ListItem","position":3,"name":"Hyper Crush Pre Work Out &#8211; 461GR &#8211; MHP Strong"}]},{"@type":"WebSite","@id":"https:\/\/www.holy-supps.nl\/#website","url":"https:\/\/www.holy-supps.nl\/","name":"Holy-Supps.co.uk","description":"Revendeur officiel EHPLabs !","publisher":{"@id":"https:\/\/www.holy-supps.nl\/#organization"},"potentialAction":[{"@type":"SearchAction","target":{"@type":"EntryPoint","urlTemplate":"https:\/\/www.holy-supps.nl\/?s={search_term_string}"},"query-input":{"@type":"PropertyValueSpecification","valueRequired":true,"valueName":"search_term_string"}}],"inLanguage":"fr-FR"},{"@type":"Organization","@id":"https:\/\/www.holy-supps.nl\/#organization","name":"Les Saints Souvenirs","url":"https:\/\/www.holy-supps.nl\/","logo":{"@type":"ImageObject","inLanguage":"fr-FR","@id":"https:\/\/www.holy-supps.nl\/#\/schema\/logo\/image\/","url":"https:\/\/www.holy-supps.nl\/wp-content\/uploads\/2023\/06\/HOLY-SUPPS.png","contentUrl":"https:\/\/www.holy-supps.nl\/wp-content\/uploads\/2023\/06\/HOLY-SUPPS.png","width":1000,"height":400,"caption":"Holy Supps"},"image":{"@id":"https:\/\/www.holy-supps.nl\/#\/schema\/logo\/image\/"},"sameAs":["https:\/\/www.facebook.com\/holy.supps","https:\/\/www.instagram.com\/holy.supps.shop\/"]}]}},"jetpack_sharing_enabled":true,"_links":{"self":[{"href":"https:\/\/www.holy-supps.nl\/fr\/wp-json\/wp\/v2\/product\/1004","targetHints":{"allow":["GET"]}}],"collection":[{"href":"https:\/\/www.holy-supps.nl\/fr\/wp-json\/wp\/v2\/product"}],"about":[{"href":"https:\/\/www.holy-supps.nl\/fr\/wp-json\/wp\/v2\/types\/product"}],"replies":[{"embeddable":true,"href":"https:\/\/www.holy-supps.nl\/fr\/wp-json\/wp\/v2\/comments?post=1004"}],"wp:featuredmedia":[{"embeddable":true,"href":"https:\/\/www.holy-supps.nl\/fr\/wp-json\/wp\/v2\/media\/1008"}],"wp:attachment":[{"href":"https:\/\/www.holy-supps.nl\/fr\/wp-json\/wp\/v2\/media?parent=1004"}],"wp:term":[{"taxonomy":"product_brand","embeddable":true,"href":"https:\/\/www.holy-supps.nl\/fr\/wp-json\/wp\/v2\/product_brand?post=1004"},{"taxonomy":"product_cat","embeddable":true,"href":"https:\/\/www.holy-supps.nl\/fr\/wp-json\/wp\/v2\/product_cat?post=1004"},{"taxonomy":"product_tag","embeddable":true,"href":"https:\/\/www.holy-supps.nl\/fr\/wp-json\/wp\/v2\/product_tag?post=1004"}],"curies":[{"name":"wp","href":"https:\/\/api.w.org\/{rel}","templated":true}]}}