{"id":3348,"date":"2024-11-29T14:01:56","date_gmt":"2024-11-29T13:01:56","guid":{"rendered":"https:\/\/www.holy-supps.nl\/?page_id=3348"},"modified":"2024-11-29T14:01:56","modified_gmt":"2024-11-29T13:01:56","slug":"reviewbeleid","status":"publish","type":"page","link":"https:\/\/www.holy-supps.nl\/fr\/reviewbeleid\/","title":{"rendered":"Politique en mati\u00e8re d'avis"},"content":{"rendered":"<h2>Politique en mati\u00e8re d'avis<\/h2>\n<p>Il est important pour nous que les \u00e9valuations donnent la meilleure image possible de nos produits et services. Nos \u00e9valuations sont donc g\u00e9r\u00e9es de mani\u00e8re impartiale par<a href=\"https:\/\/www.webwinkelkeur.nl\" target=\"_blank\" rel=\"noopener\">WebwinkelKeur<\/a>. WebwinkelKeur a pris des mesures pour garantir l'authenticit\u00e9 des commentaires. Vous pouvez prendre connaissance de ces mesures <a href=\"https:\/\/www.webwinkelkeur.nl\/kennisbank\/consumenten\/waarom-webwinkelkeur\/gebruikersvoorwaarden\/\" target=\"_blank\" rel=\"noopener\">ici<\/a>.<br \/>\nNos clients ne sont pas r\u00e9compens\u00e9s pour avoir \u00e9crit des commentaires. Aucune remise ou autre cadeau n'est accord\u00e9.<\/p>\n<p>Nous recueillons des avis par l'interm\u00e9diaire de la plateforme de <a href=\"https:\/\/www.webwinkelkeur.nl\" target=\"_blank\" rel=\"noopener\">WebwinkelKeur<\/a>. Si vous laissez un commentaire via WebwinkelKeur, vous devez fournir un nom et une adresse \u00e9lectronique. WebwinkelKeur partage ces informations avec nous afin que nous puissions relier l'avis \u00e0 votre commande. WebwinkelKeur publie \u00e9galement votre nom sur son propre site web. Dans certains cas, WebwinkelKeur peut vous contacter pour commenter votre commentaire. Si nous vous invitons \u00e0 laisser un commentaire, nous partageons votre nom, votre adresse \u00e9lectronique et les informations sur le produit avec WebwinkelKeur. WebwinkelKeur n'utilise ces informations que pour vous inviter \u00e0 laisser un commentaire. WebwinkelKeur a pris des mesures techniques et organisationnelles appropri\u00e9es pour prot\u00e9ger vos donn\u00e9es personnelles. <a href=\"https:\/\/www.webwinkelkeur.nl\/kennisbank\/over-webwinkelkeur\/privacy-policy\/\" target=\"_blank\" rel=\"noopener\">.WebwinkelKeur se r\u00e9serve le droit de faire appel \u00e0 des tiers pour fournir le service. Toutes les garanties ci-dessus concernant la protection de vos donn\u00e9es personnelles s'appliquent \u00e9galement aux parties du service pour lesquelles WebwinkelKeur fait appel \u00e0 des tiers.<\/a><\/p>","protected":false},"excerpt":{"rendered":"<p>Reviewbeleid Wij vinden het belangrijk dat reviews een zo goed mogelijk beeld geven van onze producten en diensten. Onze reviews worden daarom op onpartijdige wijze beheerd doorWebwinkelKeur. WebwinkelKeur heeft maatregelen genomen om de echtheid van reviews te garanderen. Je kunt lezen over deze maatregelen hier. Onze klanten worden niet beloond voor het schrijven van reviews. [&#8230;]\n","protected":false},"author":1,"featured_media":0,"parent":0,"menu_order":0,"comment_status":"closed","ping_status":"closed","template":"","meta":{"footnotes":""},"class_list":["post-3348","page","type-page","status-publish","hentry"],"yoast_head":"<!-- This site is optimized with the Yoast SEO plugin v27.5 - https:\/\/yoast.com\/product\/yoast-seo-wordpress\/ -->\n<title>Reviewbeleid - Holy-Supps.nl<\/title>\n<meta name=\"robots\" content=\"index, follow, max-snippet:-1, max-image-preview:large, max-video-preview:-1\" \/>\n<link rel=\"canonical\" href=\"https:\/\/www.holy-supps.nl\/fr\/reviewbeleid\/\" \/>\n<meta property=\"og:locale\" content=\"fr_FR\" \/>\n<meta property=\"og:type\" content=\"article\" \/>\n<meta property=\"og:title\" content=\"Reviewbeleid - Holy-Supps.nl\" \/>\n<meta property=\"og:description\" content=\"Reviewbeleid Wij vinden het belangrijk dat reviews een zo goed mogelijk beeld geven van onze producten en diensten. Onze reviews worden daarom op onpartijdige wijze beheerd doorWebwinkelKeur. WebwinkelKeur heeft maatregelen genomen om de echtheid van reviews te garanderen. Je kunt lezen over deze maatregelen hier. Onze klanten worden niet beloond voor het schrijven van reviews. [...]\" \/>\n<meta property=\"og:url\" content=\"https:\/\/www.holy-supps.nl\/fr\/reviewbeleid\/\" \/>\n<meta property=\"og:site_name\" content=\"Holy-Supps.nl\" \/>\n<meta property=\"article:publisher\" content=\"https:\/\/www.facebook.com\/holy.supps\" \/>\n<meta property=\"og:image\" content=\"https:\/\/www.holy-supps.nl\/wp-content\/uploads\/2023\/06\/HOLY-SUPPS.png\" \/>\n\t<meta property=\"og:image:width\" content=\"1000\" \/>\n\t<meta property=\"og:image:height\" content=\"400\" \/>\n\t<meta property=\"og:image:type\" content=\"image\/png\" \/>\n<meta name=\"twitter:card\" content=\"summary_large_image\" \/>\n<meta name=\"twitter:label1\" content=\"Dur\u00e9e de lecture estim\u00e9e\" \/>\n\t<meta name=\"twitter:data1\" content=\"2 minutes\" \/>\n<script type=\"application\/ld+json\" class=\"yoast-schema-graph\">{\"@context\":\"https:\\\/\\\/schema.org\",\"@graph\":[{\"@type\":\"WebPage\",\"@id\":\"https:\\\/\\\/www.holy-supps.nl\\\/reviewbeleid\\\/\",\"url\":\"https:\\\/\\\/www.holy-supps.nl\\\/reviewbeleid\\\/\",\"name\":\"Reviewbeleid - Holy-Supps.nl\",\"isPartOf\":{\"@id\":\"https:\\\/\\\/www.holy-supps.nl\\\/#website\"},\"datePublished\":\"2024-11-29T13:01:56+00:00\",\"breadcrumb\":{\"@id\":\"https:\\\/\\\/www.holy-supps.nl\\\/reviewbeleid\\\/#breadcrumb\"},\"inLanguage\":\"fr-FR\",\"potentialAction\":[{\"@type\":\"ReadAction\",\"target\":[\"https:\\\/\\\/www.holy-supps.nl\\\/reviewbeleid\\\/\"]}]},{\"@type\":\"BreadcrumbList\",\"@id\":\"https:\\\/\\\/www.holy-supps.nl\\\/reviewbeleid\\\/#breadcrumb\",\"itemListElement\":[{\"@type\":\"ListItem\",\"position\":1,\"name\":\"Home\",\"item\":\"https:\\\/\\\/www.holy-supps.nl\\\/\"},{\"@type\":\"ListItem\",\"position\":2,\"name\":\"Reviewbeleid\"}]},{\"@type\":\"WebSite\",\"@id\":\"https:\\\/\\\/www.holy-supps.nl\\\/#website\",\"url\":\"https:\\\/\\\/www.holy-supps.nl\\\/\",\"name\":\"Holy-Supps.nl\",\"description\":\"Official EHPLabs Reseller!\",\"publisher\":{\"@id\":\"https:\\\/\\\/www.holy-supps.nl\\\/#organization\"},\"potentialAction\":[{\"@type\":\"SearchAction\",\"target\":{\"@type\":\"EntryPoint\",\"urlTemplate\":\"https:\\\/\\\/www.holy-supps.nl\\\/?s={search_term_string}\"},\"query-input\":{\"@type\":\"PropertyValueSpecification\",\"valueRequired\":true,\"valueName\":\"search_term_string\"}}],\"inLanguage\":\"fr-FR\"},{\"@type\":\"Organization\",\"@id\":\"https:\\\/\\\/www.holy-supps.nl\\\/#organization\",\"name\":\"Holy Supps\",\"url\":\"https:\\\/\\\/www.holy-supps.nl\\\/\",\"logo\":{\"@type\":\"ImageObject\",\"inLanguage\":\"fr-FR\",\"@id\":\"https:\\\/\\\/www.holy-supps.nl\\\/#\\\/schema\\\/logo\\\/image\\\/\",\"url\":\"https:\\\/\\\/www.holy-supps.nl\\\/wp-content\\\/uploads\\\/2023\\\/06\\\/HOLY-SUPPS.png\",\"contentUrl\":\"https:\\\/\\\/www.holy-supps.nl\\\/wp-content\\\/uploads\\\/2023\\\/06\\\/HOLY-SUPPS.png\",\"width\":1000,\"height\":400,\"caption\":\"Holy Supps\"},\"image\":{\"@id\":\"https:\\\/\\\/www.holy-supps.nl\\\/#\\\/schema\\\/logo\\\/image\\\/\"},\"sameAs\":[\"https:\\\/\\\/www.facebook.com\\\/holy.supps\",\"https:\\\/\\\/www.instagram.com\\\/holy.supps.shop\\\/\"]}]}<\/script>\n<!-- \/ Yoast SEO plugin. -->","yoast_head_json":{"title":"Politique de r\u00e9vision - Holy-Supps.co.uk","robots":{"index":"index","follow":"follow","max-snippet":"max-snippet:-1","max-image-preview":"max-image-preview:large","max-video-preview":"max-video-preview:-1"},"canonical":"https:\/\/www.holy-supps.nl\/fr\/reviewbeleid\/","og_locale":"fr_FR","og_type":"article","og_title":"Reviewbeleid - Holy-Supps.nl","og_description":"Reviewbeleid Wij vinden het belangrijk dat reviews een zo goed mogelijk beeld geven van onze producten en diensten. Onze reviews worden daarom op onpartijdige wijze beheerd doorWebwinkelKeur. WebwinkelKeur heeft maatregelen genomen om de echtheid van reviews te garanderen. Je kunt lezen over deze maatregelen hier. Onze klanten worden niet beloond voor het schrijven van reviews. [...]","og_url":"https:\/\/www.holy-supps.nl\/fr\/reviewbeleid\/","og_site_name":"Holy-Supps.nl","article_publisher":"https:\/\/www.facebook.com\/holy.supps","og_image":[{"width":1000,"height":400,"url":"https:\/\/www.holy-supps.nl\/wp-content\/uploads\/2023\/06\/HOLY-SUPPS.png","type":"image\/png"}],"twitter_card":"summary_large_image","twitter_misc":{"Dur\u00e9e de lecture estim\u00e9e":"2 minutes"},"schema":{"@context":"https:\/\/schema.org","@graph":[{"@type":"WebPage","@id":"https:\/\/www.holy-supps.nl\/reviewbeleid\/","url":"https:\/\/www.holy-supps.nl\/reviewbeleid\/","name":"Politique de r\u00e9vision - Holy-Supps.co.uk","isPartOf":{"@id":"https:\/\/www.holy-supps.nl\/#website"},"datePublished":"2024-11-29T13:01:56+00:00","breadcrumb":{"@id":"https:\/\/www.holy-supps.nl\/reviewbeleid\/#breadcrumb"},"inLanguage":"fr-FR","potentialAction":[{"@type":"ReadAction","target":["https:\/\/www.holy-supps.nl\/reviewbeleid\/"]}]},{"@type":"BreadcrumbList","@id":"https:\/\/www.holy-supps.nl\/reviewbeleid\/#breadcrumb","itemListElement":[{"@type":"ListItem","position":1,"name":"Home","item":"https:\/\/www.holy-supps.nl\/"},{"@type":"ListItem","position":2,"name":"Reviewbeleid"}]},{"@type":"WebSite","@id":"https:\/\/www.holy-supps.nl\/#website","url":"https:\/\/www.holy-supps.nl\/","name":"Holy-Supps.co.uk","description":"Revendeur officiel EHPLabs !","publisher":{"@id":"https:\/\/www.holy-supps.nl\/#organization"},"potentialAction":[{"@type":"SearchAction","target":{"@type":"EntryPoint","urlTemplate":"https:\/\/www.holy-supps.nl\/?s={search_term_string}"},"query-input":{"@type":"PropertyValueSpecification","valueRequired":true,"valueName":"search_term_string"}}],"inLanguage":"fr-FR"},{"@type":"Organization","@id":"https:\/\/www.holy-supps.nl\/#organization","name":"Les Saints Souvenirs","url":"https:\/\/www.holy-supps.nl\/","logo":{"@type":"ImageObject","inLanguage":"fr-FR","@id":"https:\/\/www.holy-supps.nl\/#\/schema\/logo\/image\/","url":"https:\/\/www.holy-supps.nl\/wp-content\/uploads\/2023\/06\/HOLY-SUPPS.png","contentUrl":"https:\/\/www.holy-supps.nl\/wp-content\/uploads\/2023\/06\/HOLY-SUPPS.png","width":1000,"height":400,"caption":"Holy Supps"},"image":{"@id":"https:\/\/www.holy-supps.nl\/#\/schema\/logo\/image\/"},"sameAs":["https:\/\/www.facebook.com\/holy.supps","https:\/\/www.instagram.com\/holy.supps.shop\/"]}]}},"jetpack_sharing_enabled":true,"_links":{"self":[{"href":"https:\/\/www.holy-supps.nl\/fr\/wp-json\/wp\/v2\/pages\/3348","targetHints":{"allow":["GET"]}}],"collection":[{"href":"https:\/\/www.holy-supps.nl\/fr\/wp-json\/wp\/v2\/pages"}],"about":[{"href":"https:\/\/www.holy-supps.nl\/fr\/wp-json\/wp\/v2\/types\/page"}],"author":[{"embeddable":true,"href":"https:\/\/www.holy-supps.nl\/fr\/wp-json\/wp\/v2\/users\/1"}],"replies":[{"embeddable":true,"href":"https:\/\/www.holy-supps.nl\/fr\/wp-json\/wp\/v2\/comments?post=3348"}],"version-history":[{"count":1,"href":"https:\/\/www.holy-supps.nl\/fr\/wp-json\/wp\/v2\/pages\/3348\/revisions"}],"predecessor-version":[{"id":3349,"href":"https:\/\/www.holy-supps.nl\/fr\/wp-json\/wp\/v2\/pages\/3348\/revisions\/3349"}],"wp:attachment":[{"href":"https:\/\/www.holy-supps.nl\/fr\/wp-json\/wp\/v2\/media?parent=3348"}],"curies":[{"name":"wp","href":"https:\/\/api.w.org\/{rel}","templated":true}]}}