{"id":3,"date":"2023-01-08T17:43:47","date_gmt":"2023-01-08T17:43:47","guid":{"rendered":"https:\/\/www.holy-supps.nl\/?page_id=3"},"modified":"2023-04-07T17:55:52","modified_gmt":"2023-04-07T15:55:52","slug":"politique-de-confidentialite","status":"publish","type":"page","link":"https:\/\/www.holy-supps.nl\/fr\/privacy-policy\/","title":{"rendered":"Politique de confidentialit\u00e9"},"content":{"rendered":"<section class=\"section\" id=\"section_2121944762\">\n\t\t<div class=\"section-bg fill\" >\n\t\t\t\t\t\t\t\t\t\n\t\t\t\n\n\t\t<\/div>\n\n\t\t\n\n\t\t<div class=\"section-content relative\">\n\t\t\t\n\n<div class=\"row\"  id=\"row-243046287\">\n\n\n\t<div id=\"col-845046800\" class=\"col small-12 large-12\"  >\n\t\t\t\t<div class=\"col-inner\"  >\n\t\t\t\n\t\t\t\n\n<p><\/p>\n<h1 class=\"wp-block-heading\">POLITIQUE EN MATI\u00c8RE DE CONFIDENTIALIT\u00c9 ET DE COOKIES<\/h1>\n<p>Holy-Supps respecte la vie priv\u00e9e des visiteurs du site web et veille \u00e0 ce que les informations (personnelles) que vous fournissez soient trait\u00e9es de mani\u00e8re confidentielle. Les donn\u00e9es (personnelles) seront trait\u00e9es conform\u00e9ment aux exigences de la loi.<\/p>\n<h3>OBJECTIFS DU TRAITEMENT DES DONN\u00c9ES<\/h3>\n<p>Nous traitons vos donn\u00e9es personnelles afin de conclure et d'ex\u00e9cuter des contrats et de g\u00e9rer les relations qui en d\u00e9coulent. Pour traiter les donn\u00e9es saisies par le biais de formulaires, nous utilisons GravityForms dans WordPress ou via Mailchimp. Les donn\u00e9es demand\u00e9es par le biais de formulaires sur notre site web sont n\u00e9cessaires pour les raisons susmentionn\u00e9es. Si les donn\u00e9es personnelles ne sont pas fournies, nous ne pouvons pas vous contacter ou, dans le cas d'une inscription \u00e0 une lettre d'information, vous informer sur nos services et activit\u00e9s.<\/p>\n<p>Si vous remplissez un formulaire de contact\/de devis, de demande ou de bulletin d'information sur le site web, ou si vous nous envoyez un courrier \u00e9lectronique, les donn\u00e9es que vous nous envoyez seront conserv\u00e9es aussi longtemps que n\u00e9cessaire selon la nature du formulaire ou le contenu de votre courrier \u00e9lectronique pour que nous puissions y r\u00e9pondre pleinement et les traiter. \u00c0 cette fin, nous utilisons les p\u00e9riodes de conservation suivantes :<\/p>\n<ul>\n<li>Formulaire de contact (via Gravity Forms) : 1 an<\/li>\n<li>Demande (via Gravity Forms) : 1 an<\/li>\n<li>Bulletin d'information (via Mailchimp) : Jusqu'\u00e0 ce que vous vous d\u00e9sinscriviez de la lettre d'information.<\/li>\n<li>Autres formulaires : (via Gravity Forms) : 1 an<\/li>\n<\/ul>\n<h3>S\u00c9CURIT\u00c9<\/h3>\n<p>Toutes les donn\u00e9es que vous \u00e9changez avec Holy-Supps par le biais de notre site web sont crypt\u00e9es avec la s\u00e9curit\u00e9 SSL bas\u00e9e sur le protocole HTTPS.<\/p>\n<h3>DONN\u00c9ES SUR LES VISITEURS ET GOOGLE ANALYTICS<\/h3>\n<p>Nous utilisons Google Analytics pour suivre les donn\u00e9es de visite g\u00e9n\u00e9rales. Ces donn\u00e9es sont utilis\u00e9es pour des analyses statistiques des visites et des clics sur le site web. Nous les utilisons \u00e9galement pour optimiser le fonctionnement du site web. Nous avons \u00e9galement param\u00e9tr\u00e9 Google Analytics pour qu'il respecte la confidentialit\u00e9, de sorte que les adresses IP sont anonymis\u00e9es et que les donn\u00e9es sont envoy\u00e9es par le biais d'une connexion s\u00e9curis\u00e9e.<\/p>\n<p>Nous avons conclu un accord de traitement avec Google. Les donn\u00e9es statistiques sont transf\u00e9r\u00e9es et stock\u00e9es par Google sur des serveurs situ\u00e9s en Europe et aux \u00c9tats-Unis. Veuillez lire la politique de confidentialit\u00e9 de Google pour plus d'informations, ainsi que la politique de confidentialit\u00e9 sp\u00e9cifique de Google Analytics. Pour plus d'informations sur la conformit\u00e9 de Google au GDPR, Google dispose de pages sp\u00e9cifiques :\u00a0<u>Google Cloud et le GDPR et ce que Google fait en mati\u00e8re de protection des donn\u00e9es<\/u>.<\/p>\n<p>Google utilise ces informations pour savoir comment notre site est utilis\u00e9 et pour nous fournir des rapports sur le site. Google peut transmettre ces informations \u00e0 des tiers si Google en a l'obligation l\u00e9gale ou dans la mesure o\u00f9 ces tiers traitent les informations pour le compte de Google. Nous n'avons aucune influence sur ce point.<\/p>\n<p>Nous tenons \u00e0 souligner explicitement que ces donn\u00e9es ne peuvent jamais \u00eatre retrac\u00e9es par Holy-Supps jusqu'\u00e0 vous en tant que personne ou individu, \u00e0 l'exception des situations dans lesquelles vous vous identifiez en tant que personne par le biais de l'un des formulaires du site web. Cela peut se faire, par exemple, en laissant une adresse e-mail lorsque vous vous inscrivez \u00e0 la lettre d'information. Dans ce cas, il est possible d'\u00e9tablir un lien entre votre comportement de visiteur et les donn\u00e9es saisies.<\/p>\n<p>Les donn\u00e9es collect\u00e9es par Holy-Supps ne seront pas communiqu\u00e9es \u00e0 des tiers.<\/p>\n<h3>HOTJAR<\/h3>\n<p>L'outil Hotjar nous permet de voir o\u00f9 les visiteurs cliquent sur le site web et dans quelle mesure ils font d\u00e9filer les pages. Ces donn\u00e9es sont totalement anonymes et ne permettent donc pas de remonter \u00e0 des individus.<\/p>\n<h3>PROFILAGE<\/h3>\n<p>Sur la base du comportement sur le site web, les cookies de marketing sont utilis\u00e9s pour cr\u00e9er des profils afin de montrer aux visiteurs des publicit\u00e9s pertinentes sur d'autres sites. Cela vous permet, en tant que visiteur, de voir des publicit\u00e9s pertinentes, car elles correspondent \u00e0 votre comportement ant\u00e9rieur sur le site web. Nous esp\u00e9rons ainsi mieux vous informer sur nos services et nos articles. Ces donn\u00e9es ne permettent pas de remonter \u00e0 une personne en particulier.<\/p>\n<h3>ACCORD AVEC LE TRANSFORMATEUR<\/h3>\n<p>Nous avons sign\u00e9 un accord de traitement avec toutes les entreprises qui traitent nos donn\u00e9es. Cet accord stipule, entre autres, \u00e0 quelles fins les donn\u00e9es personnelles peuvent \u00eatre trait\u00e9es et quelles mesures de s\u00e9curit\u00e9 doivent \u00eatre prises lorsque les donn\u00e9es personnelles sont stock\u00e9es. Il stipule \u00e9galement que la personne qui traite les donn\u00e9es doit les traiter de mani\u00e8re confidentielle et qu'elle ne peut pas, de sa propre initiative, les traiter \u00e0 d'autres fins que celles indiqu\u00e9es dans l'accord de traitement.<\/p>\n<h3>INSPECTION, CORRECTION ET DROIT D'OPPOSITION<\/h3>\n<p>Si vous \u00eates en relation avec notre entreprise, vous avez la possibilit\u00e9 de consulter vos donn\u00e9es personnelles sur demande \u00e9crite. Si l'aper\u00e7u que nous avons fourni contient des inexactitudes, vous pouvez nous demander par \u00e9crit de modifier ou d'effacer les donn\u00e9es. En outre, vous avez le droit de demander que vos donn\u00e9es soient enregistr\u00e9es dans un fichier afin qu'une autre partie puisse obtenir et utiliser ces donn\u00e9es de votre part. En outre, vous pouvez nous informer par \u00e9crit que vous ne souhaitez pas \u00eatre contact\u00e9 (par courrier ou par e-mail) pour obtenir des informations sur nos produits et services en nous le notifiant \u00e0 cette adresse :<\/p>\n<p>Fournitures sacr\u00e9es<br \/>Rue Da Costra<br \/>4904 EP Oosterhoud<br \/>Pays-Bas<\/p>\n<p>Ou par courrier \u00e0 l'adresse suivante\u00a0<a href=\"mailto:info@holy-supps.nl\">info@holy-supps.nl<\/a><\/p>\n<p>Si vous n'\u00eates pas d'accord avec la mani\u00e8re dont nous traitons vos donn\u00e9es personnelles et que vous ne parvenez pas \u00e0 un accord avec nous, vous avez la possibilit\u00e9 de d\u00e9poser une plainte aupr\u00e8s de l'Autorit\u00e9 des donn\u00e9es personnelles. Celle-ci peut \u00eatre envoy\u00e9e \u00e0 l'adresse suivante<\/p>\n<p>Autorit\u00e9 des donn\u00e9es personnelles<br \/>Bo\u00eete postale 93374<br \/>2509 AJ LA HAYE<\/p>\n<h3>MODIFIER LA D\u00c9CLARATION DE CONFIDENTIALIT\u00c9<\/h3>\n<p>Nous nous r\u00e9servons le droit de modifier la pr\u00e9sente d\u00e9claration de confidentialit\u00e9. Les modifications seront publi\u00e9es sur ce site web.<\/p>\n<h3>CLAUSE DE NON-RESPONSABILIT\u00c9<\/h3>\n<p>Bien que le plus grand soin soit apport\u00e9 au d\u00e9veloppement et \u00e0 la mise \u00e0 jour de ce site web, il est possible que certaines informations ne soient plus exactes au fil du temps. Holy-Supps d\u00e9cline toute responsabilit\u00e9 quant aux cons\u00e9quences de toute activit\u00e9 entreprise sur la base des informations fournies sur ce site web. Aucune obligation de Holy-Supps ne peut \u00eatre d\u00e9riv\u00e9e du contenu de ce site web, \u00e0 l'exception des cas o\u00f9 un accord \u00e9crit a \u00e9t\u00e9 conclu.<\/p>\n<h3>SOURCES TIERCES<\/h3>\n<p>Certaines r\u00e9f\u00e9rences de ce site Web renvoient \u00e0 des sources d'information g\u00e9r\u00e9es par des tiers sur lesquels Holy-Supps n'a aucun contr\u00f4le. Holy-Supps n'est pas responsable de l'exactitude ou de tout autre aspect de ces sources d'information.<\/p>\n<h3>AUTORIT\u00c9<\/h3>\n<p>Les droits d'auteur de tous les contenus pr\u00e9sents sur ce site web appartiennent \u00e0 Holy-Supps , sauf indication contraire explicite, par exemple sous la forme de r\u00e9f\u00e9rences \u00e0 la source. Aucune partie des applications, textes ou repr\u00e9sentations graphiques de ce site Web ne peut \u00eatre reproduite et\/ou publi\u00e9e par impression, photocopie, t\u00e9l\u00e9copie, r\u00e9\u00e9criture, stockage dans une base de donn\u00e9es informatis\u00e9e ou de toute autre mani\u00e8re applicable \u00e0 l'ensemble ou \u00e0 une partie du traitement, sans l'accord \u00e9crit pr\u00e9alable de Holy-Supps .<\/p>\n<h2>D\u00c9CLARATION RELATIVE AUX COOKIES<\/h2>\n<p>Holy-Supps.co.uk utilise des cookies. Holy-Supps utilise des cookies pour analyser le trafic du site Web de mani\u00e8re anonyme, afin que nous puissions ajuster la fonctionnalit\u00e9 et l'efficacit\u00e9. Nous utilisons \u00e9galement des cookies pour personnaliser le contenu et les publicit\u00e9s apr\u00e8s autorisation.<\/p>\n<p>Les cookies sont de petits fichiers texte qui peuvent \u00eatre utilis\u00e9s par les sites web pour rendre l'exp\u00e9rience des utilisateurs plus efficace. La loi nous autorise \u00e0 stocker des cookies sur votre appareil s'ils sont strictement n\u00e9cessaires \u00e0 l'utilisation du site. Pour tous les autres types de cookies, nous avons besoin de votre consentement. Ce site web utilise diff\u00e9rents types de cookies. Certains cookies sont install\u00e9s par des services tiers affich\u00e9s sur nos pages.<\/p>\n<p>Votre consentement s'applique aux domaines suivants : <a href=\"https:\/\/www.holy-supps.nl\/fr\/\">www.holy-supps.nl<\/a> \/ <a href=\"https:\/\/www.holysupps.nl\">www.holysupps.nl<\/a>.<\/p>\n<h3>DES COOKIES (PLAC\u00c9S DIRECTEMENT) :<\/h3>\n<p><strong>Cookies WordPress<br \/><\/strong>Ces cookies permettent notamment de savoir si le visiteur est connect\u00e9.<\/p>\n<p><strong>Cookies Wordfence<br \/><\/strong>Ces cookies sont utilis\u00e9s pour des raisons de s\u00e9curit\u00e9. Wordfence est enti\u00e8rement conforme au GDPR.<\/p>\n<h3>LES COOKIES (APR\u00c8S CONSENTEMENT) :<\/h3>\n<p><strong>Cookies : Google AdWords<br \/><\/strong>Ces cookies sont utilis\u00e9s pour adapter les publicit\u00e9s \u00e0 votre profil afin qu'elles soient aussi pertinentes que possible pour vous.<\/p>\n<p><strong>Cookies : Google Analytics<br \/><\/strong>Pour \"Google Analytics\", certains cookies sont mis en place pour cr\u00e9er des rapports sur nos utilisateurs afin d'am\u00e9liorer le site. En outre, le code Analytics inclut la capacit\u00e9 DoubleClick pour afficher des banni\u00e8res pertinentes dans le r\u00e9seau de contenu de Google.<\/p>\n<p><strong>Cookies : Facebook<br \/><\/strong>Facebook place des cookies pour suivre vos pr\u00e9f\u00e9rences sur cette plateforme de m\u00e9dias sociaux.<\/p>\n<p><strong>Cookies : Hotjar<br \/><\/strong>Objectif : L'outil Hotjar nous permet de savoir o\u00f9 nous cliquons sur les visiteurs du site web et dans quelle mesure les visiteurs font d\u00e9filer les pages. Ces donn\u00e9es sont totalement anonymes et ne permettent donc pas de remonter \u00e0 des individus.<\/p>\n<h2>\u00c0 PROPOS DE LA POLITIQUE<\/h2>\n<p>La pr\u00e9sente politique en mati\u00e8re de confidentialit\u00e9 et de cookies peut \u00eatre modifi\u00e9e de temps \u00e0 autre pour annoncer des changements et les implications qui en d\u00e9coulent pour l'obtention et la gestion des donn\u00e9es. Si des modifications sont apport\u00e9es \u00e0 ce document, vous pouvez voir la date de la derni\u00e8re mise \u00e0 jour en consultant la date au bas du document. Nous nous r\u00e9servons le droit d'apporter des changements \u00e0 la mani\u00e8re dont nous traitons les donn\u00e9es et de modifier les conditions d\u00e9crites dans la politique en mati\u00e8re de confidentialit\u00e9 et de cookies, et d'appliquer ces modifications \u00e0 toutes vos donn\u00e9es. Si vous visitez notre site web, vous acceptez les conditions alors en vigueur de la politique en mati\u00e8re de confidentialit\u00e9 et de cookies.<\/p>\n<p>De plus amples informations sur les cookies et la l\u00e9gislation en la mati\u00e8re sont disponibles \u00e0 l'adresse suivante\u00a0<a href=\"http:\/\/www.youronlinechoices.com\/\">www.youronlinechoices.com<\/a>.<\/p>\n<p>Derni\u00e8re modification : 09 octobre 2019<\/p>\n<p><\/p>\n\n\n\t\t<\/div>\n\t\t\t\t\t<\/div>\n\n\t\n\n<\/div>\n\n\t\t<\/div>\n\n\t\t\n<style>\n#section_2121944762 {\n  padding-top: 30px;\n  padding-bottom: 30px;\n}\n<\/style>\n\t<\/section>","protected":false},"excerpt":{"rendered":"","protected":false},"author":1,"featured_media":0,"parent":0,"menu_order":0,"comment_status":"closed","ping_status":"open","template":"","meta":{"footnotes":""},"class_list":["post-3","page","type-page","status-publish","hentry"],"yoast_head":"<!-- This site is optimized with the Yoast SEO plugin v27.4 - https:\/\/yoast.com\/product\/yoast-seo-wordpress\/ -->\n<title>Privacy Policy - Holy-Supps.nl<\/title>\n<meta name=\"robots\" content=\"index, follow, max-snippet:-1, max-image-preview:large, max-video-preview:-1\" \/>\n<link rel=\"canonical\" href=\"https:\/\/www.holy-supps.nl\/fr\/politique-de-confidentialite\/\" \/>\n<meta property=\"og:locale\" content=\"fr_FR\" \/>\n<meta property=\"og:type\" content=\"article\" \/>\n<meta property=\"og:title\" content=\"Privacy Policy - Holy-Supps.nl\" \/>\n<meta property=\"og:url\" content=\"https:\/\/www.holy-supps.nl\/fr\/politique-de-confidentialite\/\" \/>\n<meta property=\"og:site_name\" content=\"Holy-Supps.nl\" \/>\n<meta property=\"article:publisher\" content=\"https:\/\/www.facebook.com\/holy.supps\" \/>\n<meta property=\"article:modified_time\" content=\"2023-04-07T15:55:52+00:00\" \/>\n<meta property=\"og:image\" content=\"https:\/\/www.holy-supps.nl\/wp-content\/uploads\/2023\/06\/HOLY-SUPPS.png\" \/>\n\t<meta property=\"og:image:width\" content=\"1000\" \/>\n\t<meta property=\"og:image:height\" content=\"400\" \/>\n\t<meta property=\"og:image:type\" content=\"image\/png\" \/>\n<meta name=\"twitter:card\" content=\"summary_large_image\" \/>\n<meta name=\"twitter:label1\" content=\"Dur\u00e9e de lecture estim\u00e9e\" \/>\n\t<meta name=\"twitter:data1\" content=\"7 minutes\" \/>\n<script type=\"application\/ld+json\" class=\"yoast-schema-graph\">{\"@context\":\"https:\\\/\\\/schema.org\",\"@graph\":[{\"@type\":\"WebPage\",\"@id\":\"https:\\\/\\\/www.holy-supps.nl\\\/privacy-policy\\\/\",\"url\":\"https:\\\/\\\/www.holy-supps.nl\\\/privacy-policy\\\/\",\"name\":\"Privacy Policy - Holy-Supps.nl\",\"isPartOf\":{\"@id\":\"https:\\\/\\\/www.holy-supps.nl\\\/#website\"},\"datePublished\":\"2023-01-08T17:43:47+00:00\",\"dateModified\":\"2023-04-07T15:55:52+00:00\",\"breadcrumb\":{\"@id\":\"https:\\\/\\\/www.holy-supps.nl\\\/privacy-policy\\\/#breadcrumb\"},\"inLanguage\":\"fr-FR\",\"potentialAction\":[{\"@type\":\"ReadAction\",\"target\":[\"https:\\\/\\\/www.holy-supps.nl\\\/privacy-policy\\\/\"]}]},{\"@type\":\"BreadcrumbList\",\"@id\":\"https:\\\/\\\/www.holy-supps.nl\\\/privacy-policy\\\/#breadcrumb\",\"itemListElement\":[{\"@type\":\"ListItem\",\"position\":1,\"name\":\"Home\",\"item\":\"https:\\\/\\\/www.holy-supps.nl\\\/\"},{\"@type\":\"ListItem\",\"position\":2,\"name\":\"Privacy Policy\"}]},{\"@type\":\"WebSite\",\"@id\":\"https:\\\/\\\/www.holy-supps.nl\\\/#website\",\"url\":\"https:\\\/\\\/www.holy-supps.nl\\\/\",\"name\":\"Holy-Supps.nl\",\"description\":\"Official EHPLabs Reseller!\",\"publisher\":{\"@id\":\"https:\\\/\\\/www.holy-supps.nl\\\/#organization\"},\"potentialAction\":[{\"@type\":\"SearchAction\",\"target\":{\"@type\":\"EntryPoint\",\"urlTemplate\":\"https:\\\/\\\/www.holy-supps.nl\\\/?s={search_term_string}\"},\"query-input\":{\"@type\":\"PropertyValueSpecification\",\"valueRequired\":true,\"valueName\":\"search_term_string\"}}],\"inLanguage\":\"fr-FR\"},{\"@type\":\"Organization\",\"@id\":\"https:\\\/\\\/www.holy-supps.nl\\\/#organization\",\"name\":\"Holy Supps\",\"url\":\"https:\\\/\\\/www.holy-supps.nl\\\/\",\"logo\":{\"@type\":\"ImageObject\",\"inLanguage\":\"fr-FR\",\"@id\":\"https:\\\/\\\/www.holy-supps.nl\\\/#\\\/schema\\\/logo\\\/image\\\/\",\"url\":\"https:\\\/\\\/www.holy-supps.nl\\\/wp-content\\\/uploads\\\/2023\\\/06\\\/HOLY-SUPPS.png\",\"contentUrl\":\"https:\\\/\\\/www.holy-supps.nl\\\/wp-content\\\/uploads\\\/2023\\\/06\\\/HOLY-SUPPS.png\",\"width\":1000,\"height\":400,\"caption\":\"Holy Supps\"},\"image\":{\"@id\":\"https:\\\/\\\/www.holy-supps.nl\\\/#\\\/schema\\\/logo\\\/image\\\/\"},\"sameAs\":[\"https:\\\/\\\/www.facebook.com\\\/holy.supps\",\"https:\\\/\\\/www.instagram.com\\\/holy.supps.shop\\\/\"]}]}<\/script>\n<!-- \/ Yoast SEO plugin. -->","yoast_head_json":{"title":"Politique de confidentialit\u00e9 - Holy-Supps.co.uk","robots":{"index":"index","follow":"follow","max-snippet":"max-snippet:-1","max-image-preview":"max-image-preview:large","max-video-preview":"max-video-preview:-1"},"canonical":"https:\/\/www.holy-supps.nl\/fr\/politique-de-confidentialite\/","og_locale":"fr_FR","og_type":"article","og_title":"Privacy Policy - Holy-Supps.nl","og_url":"https:\/\/www.holy-supps.nl\/fr\/politique-de-confidentialite\/","og_site_name":"Holy-Supps.nl","article_publisher":"https:\/\/www.facebook.com\/holy.supps","article_modified_time":"2023-04-07T15:55:52+00:00","og_image":[{"width":1000,"height":400,"url":"https:\/\/www.holy-supps.nl\/wp-content\/uploads\/2023\/06\/HOLY-SUPPS.png","type":"image\/png"}],"twitter_card":"summary_large_image","twitter_misc":{"Dur\u00e9e de lecture estim\u00e9e":"7 minutes"},"schema":{"@context":"https:\/\/schema.org","@graph":[{"@type":"WebPage","@id":"https:\/\/www.holy-supps.nl\/privacy-policy\/","url":"https:\/\/www.holy-supps.nl\/privacy-policy\/","name":"Politique de confidentialit\u00e9 - Holy-Supps.co.uk","isPartOf":{"@id":"https:\/\/www.holy-supps.nl\/#website"},"datePublished":"2023-01-08T17:43:47+00:00","dateModified":"2023-04-07T15:55:52+00:00","breadcrumb":{"@id":"https:\/\/www.holy-supps.nl\/privacy-policy\/#breadcrumb"},"inLanguage":"fr-FR","potentialAction":[{"@type":"ReadAction","target":["https:\/\/www.holy-supps.nl\/privacy-policy\/"]}]},{"@type":"BreadcrumbList","@id":"https:\/\/www.holy-supps.nl\/privacy-policy\/#breadcrumb","itemListElement":[{"@type":"ListItem","position":1,"name":"Home","item":"https:\/\/www.holy-supps.nl\/"},{"@type":"ListItem","position":2,"name":"Privacy Policy"}]},{"@type":"WebSite","@id":"https:\/\/www.holy-supps.nl\/#website","url":"https:\/\/www.holy-supps.nl\/","name":"Holy-Supps.co.uk","description":"Revendeur officiel EHPLabs !","publisher":{"@id":"https:\/\/www.holy-supps.nl\/#organization"},"potentialAction":[{"@type":"SearchAction","target":{"@type":"EntryPoint","urlTemplate":"https:\/\/www.holy-supps.nl\/?s={search_term_string}"},"query-input":{"@type":"PropertyValueSpecification","valueRequired":true,"valueName":"search_term_string"}}],"inLanguage":"fr-FR"},{"@type":"Organization","@id":"https:\/\/www.holy-supps.nl\/#organization","name":"Les Saints Souvenirs","url":"https:\/\/www.holy-supps.nl\/","logo":{"@type":"ImageObject","inLanguage":"fr-FR","@id":"https:\/\/www.holy-supps.nl\/#\/schema\/logo\/image\/","url":"https:\/\/www.holy-supps.nl\/wp-content\/uploads\/2023\/06\/HOLY-SUPPS.png","contentUrl":"https:\/\/www.holy-supps.nl\/wp-content\/uploads\/2023\/06\/HOLY-SUPPS.png","width":1000,"height":400,"caption":"Holy Supps"},"image":{"@id":"https:\/\/www.holy-supps.nl\/#\/schema\/logo\/image\/"},"sameAs":["https:\/\/www.facebook.com\/holy.supps","https:\/\/www.instagram.com\/holy.supps.shop\/"]}]}},"jetpack_sharing_enabled":true,"_links":{"self":[{"href":"https:\/\/www.holy-supps.nl\/fr\/wp-json\/wp\/v2\/pages\/3","targetHints":{"allow":["GET"]}}],"collection":[{"href":"https:\/\/www.holy-supps.nl\/fr\/wp-json\/wp\/v2\/pages"}],"about":[{"href":"https:\/\/www.holy-supps.nl\/fr\/wp-json\/wp\/v2\/types\/page"}],"author":[{"embeddable":true,"href":"https:\/\/www.holy-supps.nl\/fr\/wp-json\/wp\/v2\/users\/1"}],"replies":[{"embeddable":true,"href":"https:\/\/www.holy-supps.nl\/fr\/wp-json\/wp\/v2\/comments?post=3"}],"version-history":[{"count":3,"href":"https:\/\/www.holy-supps.nl\/fr\/wp-json\/wp\/v2\/pages\/3\/revisions"}],"predecessor-version":[{"id":753,"href":"https:\/\/www.holy-supps.nl\/fr\/wp-json\/wp\/v2\/pages\/3\/revisions\/753"}],"wp:attachment":[{"href":"https:\/\/www.holy-supps.nl\/fr\/wp-json\/wp\/v2\/media?parent=3"}],"curies":[{"name":"wp","href":"https:\/\/api.w.org\/{rel}","templated":true}]}}