{"id":998,"date":"2023-07-22T20:55:34","date_gmt":"2023-07-22T18:55:34","guid":{"rendered":"https:\/\/www.holy-supps.nl\/?post_type=product&#038;p=998"},"modified":"2025-10-22T16:14:57","modified_gmt":"2025-10-22T14:14:57","slug":"anadrox-mhp-fuerte","status":"publish","type":"product","link":"https:\/\/www.holy-supps.nl\/es\/product\/anadrox-mhp-strong\/","title":{"rendered":"ANADROX 2-IN-1 PRE WORKOUT - MHP Strong"},"content":{"rendered":"<h2>Descripci\u00f3n<\/h2>\n<p>\nMHP Anadrox es un suplemento avanzado que ofrece una combinaci\u00f3n de amino\u00e1cidos, extractos de plantas e ingredientes estimulantes. Este producto est\u00e1 especialmente dise\u00f1ado para deportistas que desean apoyar su rendimiento en el entrenamiento y buscan un suplemento dentro de un estilo de vida activo. Gracias a su f\u00f3rmula equilibrada, Anadrox puede utilizarse como parte de un plan deportivo y nutricional.\n<\/p>\n<h2>Ventajas en vi\u00f1etas<\/h2>\n<ul>\n<li>Contiene L-arginina y citrulina, amino\u00e1cidos que intervienen en la producci\u00f3n de \u00f3xido n\u00edtrico en el organismo.<\/li>\n<li>Complementado con cafe\u00edna, que ayuda a aumentar el estado de alerta y la concentraci\u00f3n.<\/li>\n<li>F\u00f3rmula con extracto de t\u00e9 verde y pimienta de cayena, ingredientes que se adaptan a un estilo de vida activo.<\/li>\n<li>Ayuda a los deportistas que buscan un suplemento para las sesiones de entrenamiento intenso.<\/li>\n<\/ul>\n<h2>Instrucciones de uso<\/h2>\n<p>\nTome la dosis recomendada en la etiqueta, preferiblemente repartida a lo largo del d\u00eda y alrededor de las horas de entrenamiento. El producto est\u00e1 destinado a complementar una dieta variada y un estilo de vida saludable. No supere la dosis diaria recomendada.<\/p>","protected":false},"excerpt":{"rendered":"<p>\nMHP Anadrox es un suplemento que combina amino\u00e1cidos, cafe\u00edna y extractos de plantas en una sola f\u00f3rmula. Est\u00e1 dise\u00f1ado para ayudar a los deportistas con un estilo de vida activo y puede utilizarse durante los entrenamientos. Un suplemento pr\u00e1ctico para quienes buscan enriquecer su dieta.<\/p>","protected":false},"featured_media":1015,"comment_status":"open","ping_status":"closed","template":"","meta":[],"product_brand":[],"product_cat":[89,87,165,68],"product_tag":[],"class_list":{"0":"post-998","1":"product","2":"type-product","3":"status-publish","4":"has-post-thumbnail","6":"product_cat-afvallen","7":"product_cat-energie-focus","8":"product_cat-mhp-strong","9":"product_cat-pre-workout","11":"first","12":"outofstock","13":"taxable","14":"shipping-taxable","15":"purchasable","16":"product-type-variable"},"yoast_head":"<!-- This site is optimized with the Yoast SEO plugin v27.5 - https:\/\/yoast.com\/product\/yoast-seo-wordpress\/ -->\n<title>ANADROX 2-IN-1 PRE WORKOUT - MHP Strong - Holy-Supps.nl<\/title>\n<meta name=\"description\" content=\"ANADROX 2-IN-1 Pre Workout van MHP Strong: krachtige stikstofmonoxide en vetverbranding, plus energieboost voor maximale prestaties en pomp.\" \/>\n<meta name=\"robots\" content=\"index, follow, max-snippet:-1, max-image-preview:large, max-video-preview:-1\" \/>\n<link rel=\"canonical\" href=\"https:\/\/www.holy-supps.nl\/es\/producto\/anadrox-mhp-fuerte\/\" \/>\n<meta property=\"og:locale\" content=\"es_ES\" \/>\n<meta property=\"og:type\" content=\"article\" \/>\n<meta property=\"og:title\" content=\"ANADROX 2-IN-1 PRE WORKOUT - MHP Strong - Holy-Supps.nl\" \/>\n<meta property=\"og:description\" content=\"ANADROX 2-IN-1 Pre Workout van MHP Strong: krachtige stikstofmonoxide en vetverbranding, plus energieboost voor maximale prestaties en pomp.\" \/>\n<meta property=\"og:url\" content=\"https:\/\/www.holy-supps.nl\/es\/producto\/anadrox-mhp-fuerte\/\" \/>\n<meta property=\"og:site_name\" content=\"Holy-Supps.nl\" \/>\n<meta property=\"article:publisher\" content=\"https:\/\/www.facebook.com\/holy.supps\" \/>\n<meta property=\"article:modified_time\" content=\"2025-10-22T14:14:57+00:00\" \/>\n<meta property=\"og:image\" content=\"https:\/\/www.holy-supps.nl\/wp-content\/uploads\/2023\/07\/MHP-ProductRenders-Anadrox-cherry_5000x.webp\" \/>\n\t<meta property=\"og:image:width\" content=\"1000\" \/>\n\t<meta property=\"og:image:height\" content=\"1000\" \/>\n\t<meta property=\"og:image:type\" content=\"image\/webp\" \/>\n<meta name=\"twitter:card\" content=\"summary_large_image\" \/>\n<meta name=\"twitter:label1\" content=\"Tiempo de lectura\" \/>\n\t<meta name=\"twitter:data1\" content=\"3 minutos\" \/>\n<script type=\"application\/ld+json\" class=\"yoast-schema-graph\">{\"@context\":\"https:\\\/\\\/schema.org\",\"@graph\":[{\"@type\":\"WebPage\",\"@id\":\"https:\\\/\\\/www.holy-supps.nl\\\/product\\\/anadrox-mhp-strong\\\/\",\"url\":\"https:\\\/\\\/www.holy-supps.nl\\\/product\\\/anadrox-mhp-strong\\\/\",\"name\":\"ANADROX 2-IN-1 PRE WORKOUT - MHP Strong - Holy-Supps.nl\",\"isPartOf\":{\"@id\":\"https:\\\/\\\/www.holy-supps.nl\\\/#website\"},\"primaryImageOfPage\":{\"@id\":\"https:\\\/\\\/www.holy-supps.nl\\\/product\\\/anadrox-mhp-strong\\\/#primaryimage\"},\"image\":{\"@id\":\"https:\\\/\\\/www.holy-supps.nl\\\/product\\\/anadrox-mhp-strong\\\/#primaryimage\"},\"thumbnailUrl\":\"https:\\\/\\\/www.holy-supps.nl\\\/wp-content\\\/uploads\\\/2023\\\/07\\\/MHP-ProductRenders-Anadrox-cherry_5000x.webp\",\"datePublished\":\"2023-07-22T18:55:34+00:00\",\"dateModified\":\"2025-10-22T14:14:57+00:00\",\"description\":\"ANADROX 2-IN-1 Pre Workout van MHP Strong: krachtige stikstofmonoxide en vetverbranding, plus energieboost voor maximale prestaties en pomp.\",\"breadcrumb\":{\"@id\":\"https:\\\/\\\/www.holy-supps.nl\\\/product\\\/anadrox-mhp-strong\\\/#breadcrumb\"},\"inLanguage\":\"es\",\"potentialAction\":[{\"@type\":\"ReadAction\",\"target\":[\"https:\\\/\\\/www.holy-supps.nl\\\/product\\\/anadrox-mhp-strong\\\/\"]}]},{\"@type\":\"ImageObject\",\"inLanguage\":\"es\",\"@id\":\"https:\\\/\\\/www.holy-supps.nl\\\/product\\\/anadrox-mhp-strong\\\/#primaryimage\",\"url\":\"https:\\\/\\\/www.holy-supps.nl\\\/wp-content\\\/uploads\\\/2023\\\/07\\\/MHP-ProductRenders-Anadrox-cherry_5000x.webp\",\"contentUrl\":\"https:\\\/\\\/www.holy-supps.nl\\\/wp-content\\\/uploads\\\/2023\\\/07\\\/MHP-ProductRenders-Anadrox-cherry_5000x.webp\",\"width\":1000,\"height\":1000},{\"@type\":\"BreadcrumbList\",\"@id\":\"https:\\\/\\\/www.holy-supps.nl\\\/product\\\/anadrox-mhp-strong\\\/#breadcrumb\",\"itemListElement\":[{\"@type\":\"ListItem\",\"position\":1,\"name\":\"Home\",\"item\":\"https:\\\/\\\/www.holy-supps.nl\\\/\"},{\"@type\":\"ListItem\",\"position\":2,\"name\":\"Winkel\",\"item\":\"https:\\\/\\\/www.holy-supps.nl\\\/winkel\\\/\"},{\"@type\":\"ListItem\",\"position\":3,\"name\":\"ANADROX 2-IN-1 PRE WORKOUT &#8211; MHP Strong\"}]},{\"@type\":\"WebSite\",\"@id\":\"https:\\\/\\\/www.holy-supps.nl\\\/#website\",\"url\":\"https:\\\/\\\/www.holy-supps.nl\\\/\",\"name\":\"Holy-Supps.nl\",\"description\":\"Official EHPLabs Reseller!\",\"publisher\":{\"@id\":\"https:\\\/\\\/www.holy-supps.nl\\\/#organization\"},\"potentialAction\":[{\"@type\":\"SearchAction\",\"target\":{\"@type\":\"EntryPoint\",\"urlTemplate\":\"https:\\\/\\\/www.holy-supps.nl\\\/?s={search_term_string}\"},\"query-input\":{\"@type\":\"PropertyValueSpecification\",\"valueRequired\":true,\"valueName\":\"search_term_string\"}}],\"inLanguage\":\"es\"},{\"@type\":\"Organization\",\"@id\":\"https:\\\/\\\/www.holy-supps.nl\\\/#organization\",\"name\":\"Holy Supps\",\"url\":\"https:\\\/\\\/www.holy-supps.nl\\\/\",\"logo\":{\"@type\":\"ImageObject\",\"inLanguage\":\"es\",\"@id\":\"https:\\\/\\\/www.holy-supps.nl\\\/#\\\/schema\\\/logo\\\/image\\\/\",\"url\":\"https:\\\/\\\/www.holy-supps.nl\\\/wp-content\\\/uploads\\\/2023\\\/06\\\/HOLY-SUPPS.png\",\"contentUrl\":\"https:\\\/\\\/www.holy-supps.nl\\\/wp-content\\\/uploads\\\/2023\\\/06\\\/HOLY-SUPPS.png\",\"width\":1000,\"height\":400,\"caption\":\"Holy Supps\"},\"image\":{\"@id\":\"https:\\\/\\\/www.holy-supps.nl\\\/#\\\/schema\\\/logo\\\/image\\\/\"},\"sameAs\":[\"https:\\\/\\\/www.facebook.com\\\/holy.supps\",\"https:\\\/\\\/www.instagram.com\\\/holy.supps.shop\\\/\"]}]}<\/script>\n<!-- \/ Yoast SEO plugin. -->","yoast_head_json":{"title":"ANADROX 2-IN-1 PRE WORKOUT - MHP Strong - Holy-Supps.co.uk","description":"ANADROX 2-IN-1 Pre Workout de MHP Strong: potente \u00f3xido n\u00edtrico y quemador de grasa, adem\u00e1s de un impulso de energ\u00eda para un m\u00e1ximo rendimiento y bombeo.","robots":{"index":"index","follow":"follow","max-snippet":"max-snippet:-1","max-image-preview":"max-image-preview:large","max-video-preview":"max-video-preview:-1"},"canonical":"https:\/\/www.holy-supps.nl\/es\/producto\/anadrox-mhp-fuerte\/","og_locale":"es_ES","og_type":"article","og_title":"ANADROX 2-IN-1 PRE WORKOUT - MHP Strong - Holy-Supps.nl","og_description":"ANADROX 2-IN-1 Pre Workout van MHP Strong: krachtige stikstofmonoxide en vetverbranding, plus energieboost voor maximale prestaties en pomp.","og_url":"https:\/\/www.holy-supps.nl\/es\/producto\/anadrox-mhp-fuerte\/","og_site_name":"Holy-Supps.nl","article_publisher":"https:\/\/www.facebook.com\/holy.supps","article_modified_time":"2025-10-22T14:14:57+00:00","og_image":[{"width":1000,"height":1000,"url":"https:\/\/www.holy-supps.nl\/wp-content\/uploads\/2023\/07\/MHP-ProductRenders-Anadrox-cherry_5000x.webp","type":"image\/webp"}],"twitter_card":"summary_large_image","twitter_misc":{"Tiempo de lectura":"3 minutos"},"schema":{"@context":"https:\/\/schema.org","@graph":[{"@type":"WebPage","@id":"https:\/\/www.holy-supps.nl\/product\/anadrox-mhp-strong\/","url":"https:\/\/www.holy-supps.nl\/product\/anadrox-mhp-strong\/","name":"ANADROX 2-IN-1 PRE WORKOUT - MHP Strong - Holy-Supps.co.uk","isPartOf":{"@id":"https:\/\/www.holy-supps.nl\/#website"},"primaryImageOfPage":{"@id":"https:\/\/www.holy-supps.nl\/product\/anadrox-mhp-strong\/#primaryimage"},"image":{"@id":"https:\/\/www.holy-supps.nl\/product\/anadrox-mhp-strong\/#primaryimage"},"thumbnailUrl":"https:\/\/www.holy-supps.nl\/wp-content\/uploads\/2023\/07\/MHP-ProductRenders-Anadrox-cherry_5000x.webp","datePublished":"2023-07-22T18:55:34+00:00","dateModified":"2025-10-22T14:14:57+00:00","description":"ANADROX 2-IN-1 Pre Workout de MHP Strong: potente \u00f3xido n\u00edtrico y quemador de grasa, adem\u00e1s de un impulso de energ\u00eda para un m\u00e1ximo rendimiento y bombeo.","breadcrumb":{"@id":"https:\/\/www.holy-supps.nl\/product\/anadrox-mhp-strong\/#breadcrumb"},"inLanguage":"es","potentialAction":[{"@type":"ReadAction","target":["https:\/\/www.holy-supps.nl\/product\/anadrox-mhp-strong\/"]}]},{"@type":"ImageObject","inLanguage":"es","@id":"https:\/\/www.holy-supps.nl\/product\/anadrox-mhp-strong\/#primaryimage","url":"https:\/\/www.holy-supps.nl\/wp-content\/uploads\/2023\/07\/MHP-ProductRenders-Anadrox-cherry_5000x.webp","contentUrl":"https:\/\/www.holy-supps.nl\/wp-content\/uploads\/2023\/07\/MHP-ProductRenders-Anadrox-cherry_5000x.webp","width":1000,"height":1000},{"@type":"BreadcrumbList","@id":"https:\/\/www.holy-supps.nl\/product\/anadrox-mhp-strong\/#breadcrumb","itemListElement":[{"@type":"ListItem","position":1,"name":"Home","item":"https:\/\/www.holy-supps.nl\/"},{"@type":"ListItem","position":2,"name":"Winkel","item":"https:\/\/www.holy-supps.nl\/winkel\/"},{"@type":"ListItem","position":3,"name":"ANADROX 2-IN-1 PRE WORKOUT &#8211; MHP Strong"}]},{"@type":"WebSite","@id":"https:\/\/www.holy-supps.nl\/#website","url":"https:\/\/www.holy-supps.nl\/","name":"Holy-Supps.es","description":"\u00a1Distribuidor oficial de EHPLabs!","publisher":{"@id":"https:\/\/www.holy-supps.nl\/#organization"},"potentialAction":[{"@type":"SearchAction","target":{"@type":"EntryPoint","urlTemplate":"https:\/\/www.holy-supps.nl\/?s={search_term_string}"},"query-input":{"@type":"PropertyValueSpecification","valueRequired":true,"valueName":"search_term_string"}}],"inLanguage":"es"},{"@type":"Organization","@id":"https:\/\/www.holy-supps.nl\/#organization","name":"Santa Cena","url":"https:\/\/www.holy-supps.nl\/","logo":{"@type":"ImageObject","inLanguage":"es","@id":"https:\/\/www.holy-supps.nl\/#\/schema\/logo\/image\/","url":"https:\/\/www.holy-supps.nl\/wp-content\/uploads\/2023\/06\/HOLY-SUPPS.png","contentUrl":"https:\/\/www.holy-supps.nl\/wp-content\/uploads\/2023\/06\/HOLY-SUPPS.png","width":1000,"height":400,"caption":"Holy Supps"},"image":{"@id":"https:\/\/www.holy-supps.nl\/#\/schema\/logo\/image\/"},"sameAs":["https:\/\/www.facebook.com\/holy.supps","https:\/\/www.instagram.com\/holy.supps.shop\/"]}]}},"jetpack_sharing_enabled":true,"_links":{"self":[{"href":"https:\/\/www.holy-supps.nl\/es\/wp-json\/wp\/v2\/product\/998","targetHints":{"allow":["GET"]}}],"collection":[{"href":"https:\/\/www.holy-supps.nl\/es\/wp-json\/wp\/v2\/product"}],"about":[{"href":"https:\/\/www.holy-supps.nl\/es\/wp-json\/wp\/v2\/types\/product"}],"replies":[{"embeddable":true,"href":"https:\/\/www.holy-supps.nl\/es\/wp-json\/wp\/v2\/comments?post=998"}],"wp:featuredmedia":[{"embeddable":true,"href":"https:\/\/www.holy-supps.nl\/es\/wp-json\/wp\/v2\/media\/1015"}],"wp:attachment":[{"href":"https:\/\/www.holy-supps.nl\/es\/wp-json\/wp\/v2\/media?parent=998"}],"wp:term":[{"taxonomy":"product_brand","embeddable":true,"href":"https:\/\/www.holy-supps.nl\/es\/wp-json\/wp\/v2\/product_brand?post=998"},{"taxonomy":"product_cat","embeddable":true,"href":"https:\/\/www.holy-supps.nl\/es\/wp-json\/wp\/v2\/product_cat?post=998"},{"taxonomy":"product_tag","embeddable":true,"href":"https:\/\/www.holy-supps.nl\/es\/wp-json\/wp\/v2\/product_tag?post=998"}],"curies":[{"name":"wp","href":"https:\/\/api.w.org\/{rel}","templated":true}]}}