{"id":911,"date":"2023-06-23T16:56:41","date_gmt":"2023-06-23T14:56:41","guid":{"rendered":"https:\/\/www.holy-supps.nl\/?post_type=product&#038;p=911"},"modified":"2025-04-09T23:05:50","modified_gmt":"2025-04-09T21:05:50","slug":"ehplabs-red-protein-shaker-limited","status":"publish","type":"product","link":"https:\/\/www.holy-supps.nl\/es\/product\/ehplabs-red-protein-shaker-limited\/","title":{"rendered":"EHPLabs - Agitador de Prote\u00ednas Rojo (Edici\u00f3n Limitada)"},"content":{"rendered":"<h2>EHPLabs - Agitador de prote\u00ednas<\/h2>\n<ul>\n<li>Capacidad de 750 ml<\/li>\n<li>Apto para lavavajillas<\/li>\n<li>Sin BPA ni ftalatos<\/li>\n<li>Dise\u00f1o de tapa abatible y boquilla a prueba de fugas<\/li>\n<li>Contiene un filtro para facilitar la mezcla<\/li>\n<li>Se adapta a la mayor\u00eda de portavasos de coche<\/li>\n<\/ul>","protected":false},"excerpt":{"rendered":"<p>EHPLabs - Agitador de prote\u00ednas Capacidad de 750 ml Apto para lavavajillas Sin BPA ni ftalatos Dise\u00f1o de tapa abatible y boquilla a prueba de fugas Incluye un filtro para facilitar la mezcla Se adapta a la mayor\u00eda de portavasos de coche<\/p>","protected":false},"featured_media":913,"comment_status":"open","ping_status":"closed","template":"","meta":[],"product_brand":[],"product_cat":[76,72,71],"product_tag":[],"class_list":{"0":"post-911","1":"product","2":"type-product","3":"status-publish","4":"has-post-thumbnail","6":"product_cat-accessoires","7":"product_cat-ehplabs","8":"product_cat-merken","10":"first","11":"outofstock","12":"taxable","13":"shipping-taxable","14":"purchasable","15":"product-type-simple"},"yoast_head":"<!-- This site is optimized with the Yoast SEO plugin v27.4 - https:\/\/yoast.com\/product\/yoast-seo-wordpress\/ -->\n<title>EHPLabs - Red Protein Shaker (Limited Edition) - Holy-Supps.nl<\/title>\n<meta name=\"description\" content=\"EHPLabs Red Protein Shaker (Limited Edition) - 750 ml, BPA-vrij, vaatwasserbestendig, met lekvrije dop en handig mixfilter. Perfect voor onderweg!\" \/>\n<meta name=\"robots\" content=\"index, follow, max-snippet:-1, max-image-preview:large, max-video-preview:-1\" \/>\n<link rel=\"canonical\" href=\"https:\/\/www.holy-supps.nl\/es\/producto\/ehplabs-red-protein-shaker-limited\/\" \/>\n<meta property=\"og:locale\" content=\"es_ES\" \/>\n<meta property=\"og:type\" content=\"article\" \/>\n<meta property=\"og:title\" content=\"EHPLabs - Red Protein Shaker (Limited Edition) - Holy-Supps.nl\" \/>\n<meta property=\"og:description\" content=\"EHPLabs Red Protein Shaker (Limited Edition) - 750 ml, BPA-vrij, vaatwasserbestendig, met lekvrije dop en handig mixfilter. Perfect voor onderweg!\" \/>\n<meta property=\"og:url\" content=\"https:\/\/www.holy-supps.nl\/es\/producto\/ehplabs-red-protein-shaker-limited\/\" \/>\n<meta property=\"og:site_name\" content=\"Holy-Supps.nl\" \/>\n<meta property=\"article:publisher\" content=\"https:\/\/www.facebook.com\/holy.supps\" \/>\n<meta property=\"article:modified_time\" content=\"2025-04-09T21:05:50+00:00\" \/>\n<meta property=\"og:image\" content=\"https:\/\/www.holy-supps.nl\/wp-content\/uploads\/2023\/06\/shaker-red-1.jpg\" \/>\n\t<meta property=\"og:image:width\" content=\"600\" \/>\n\t<meta property=\"og:image:height\" content=\"600\" \/>\n\t<meta property=\"og:image:type\" content=\"image\/jpeg\" \/>\n<meta name=\"twitter:card\" content=\"summary_large_image\" \/>\n<meta name=\"twitter:label1\" content=\"Tiempo de lectura\" \/>\n\t<meta name=\"twitter:data1\" content=\"1 minuto\" \/>\n<script type=\"application\/ld+json\" class=\"yoast-schema-graph\">{\"@context\":\"https:\\\/\\\/schema.org\",\"@graph\":[{\"@type\":\"WebPage\",\"@id\":\"https:\\\/\\\/www.holy-supps.nl\\\/product\\\/ehplabs-red-protein-shaker-limited\\\/\",\"url\":\"https:\\\/\\\/www.holy-supps.nl\\\/product\\\/ehplabs-red-protein-shaker-limited\\\/\",\"name\":\"EHPLabs - Red Protein Shaker (Limited Edition) - Holy-Supps.nl\",\"isPartOf\":{\"@id\":\"https:\\\/\\\/www.holy-supps.nl\\\/#website\"},\"primaryImageOfPage\":{\"@id\":\"https:\\\/\\\/www.holy-supps.nl\\\/product\\\/ehplabs-red-protein-shaker-limited\\\/#primaryimage\"},\"image\":{\"@id\":\"https:\\\/\\\/www.holy-supps.nl\\\/product\\\/ehplabs-red-protein-shaker-limited\\\/#primaryimage\"},\"thumbnailUrl\":\"https:\\\/\\\/www.holy-supps.nl\\\/wp-content\\\/uploads\\\/2023\\\/06\\\/shaker-red-1.jpg\",\"datePublished\":\"2023-06-23T14:56:41+00:00\",\"dateModified\":\"2025-04-09T21:05:50+00:00\",\"description\":\"EHPLabs Red Protein Shaker (Limited Edition) - 750 ml, BPA-vrij, vaatwasserbestendig, met lekvrije dop en handig mixfilter. Perfect voor onderweg!\",\"breadcrumb\":{\"@id\":\"https:\\\/\\\/www.holy-supps.nl\\\/product\\\/ehplabs-red-protein-shaker-limited\\\/#breadcrumb\"},\"inLanguage\":\"es\",\"potentialAction\":[{\"@type\":\"ReadAction\",\"target\":[\"https:\\\/\\\/www.holy-supps.nl\\\/product\\\/ehplabs-red-protein-shaker-limited\\\/\"]}]},{\"@type\":\"ImageObject\",\"inLanguage\":\"es\",\"@id\":\"https:\\\/\\\/www.holy-supps.nl\\\/product\\\/ehplabs-red-protein-shaker-limited\\\/#primaryimage\",\"url\":\"https:\\\/\\\/www.holy-supps.nl\\\/wp-content\\\/uploads\\\/2023\\\/06\\\/shaker-red-1.jpg\",\"contentUrl\":\"https:\\\/\\\/www.holy-supps.nl\\\/wp-content\\\/uploads\\\/2023\\\/06\\\/shaker-red-1.jpg\",\"width\":600,\"height\":600},{\"@type\":\"BreadcrumbList\",\"@id\":\"https:\\\/\\\/www.holy-supps.nl\\\/product\\\/ehplabs-red-protein-shaker-limited\\\/#breadcrumb\",\"itemListElement\":[{\"@type\":\"ListItem\",\"position\":1,\"name\":\"Home\",\"item\":\"https:\\\/\\\/www.holy-supps.nl\\\/\"},{\"@type\":\"ListItem\",\"position\":2,\"name\":\"Winkel\",\"item\":\"https:\\\/\\\/www.holy-supps.nl\\\/winkel\\\/\"},{\"@type\":\"ListItem\",\"position\":3,\"name\":\"EHPLabs &#8211; Red Protein Shaker (Limited Edition)\"}]},{\"@type\":\"WebSite\",\"@id\":\"https:\\\/\\\/www.holy-supps.nl\\\/#website\",\"url\":\"https:\\\/\\\/www.holy-supps.nl\\\/\",\"name\":\"Holy-Supps.nl\",\"description\":\"Official EHPLabs Reseller!\",\"publisher\":{\"@id\":\"https:\\\/\\\/www.holy-supps.nl\\\/#organization\"},\"potentialAction\":[{\"@type\":\"SearchAction\",\"target\":{\"@type\":\"EntryPoint\",\"urlTemplate\":\"https:\\\/\\\/www.holy-supps.nl\\\/?s={search_term_string}\"},\"query-input\":{\"@type\":\"PropertyValueSpecification\",\"valueRequired\":true,\"valueName\":\"search_term_string\"}}],\"inLanguage\":\"es\"},{\"@type\":\"Organization\",\"@id\":\"https:\\\/\\\/www.holy-supps.nl\\\/#organization\",\"name\":\"Holy Supps\",\"url\":\"https:\\\/\\\/www.holy-supps.nl\\\/\",\"logo\":{\"@type\":\"ImageObject\",\"inLanguage\":\"es\",\"@id\":\"https:\\\/\\\/www.holy-supps.nl\\\/#\\\/schema\\\/logo\\\/image\\\/\",\"url\":\"https:\\\/\\\/www.holy-supps.nl\\\/wp-content\\\/uploads\\\/2023\\\/06\\\/HOLY-SUPPS.png\",\"contentUrl\":\"https:\\\/\\\/www.holy-supps.nl\\\/wp-content\\\/uploads\\\/2023\\\/06\\\/HOLY-SUPPS.png\",\"width\":1000,\"height\":400,\"caption\":\"Holy Supps\"},\"image\":{\"@id\":\"https:\\\/\\\/www.holy-supps.nl\\\/#\\\/schema\\\/logo\\\/image\\\/\"},\"sameAs\":[\"https:\\\/\\\/www.facebook.com\\\/holy.supps\",\"https:\\\/\\\/www.instagram.com\\\/holy.supps.shop\\\/\"]}]}<\/script>\n<!-- \/ Yoast SEO plugin. -->","yoast_head_json":{"title":"EHPLabs - Agitador de Proteinas Rojo (Edicion Limitada) - Holy-Supps.co.uk","description":"Agitador de Prote\u00ednas Rojo EHPLabs (Edici\u00f3n Limitada) - 750ml, sin BPA, apto para lavavajillas, con tap\u00f3n a prueba de fugas y pr\u00e1ctico filtro mezclador. \u00a1Perfecta para llevar!","robots":{"index":"index","follow":"follow","max-snippet":"max-snippet:-1","max-image-preview":"max-image-preview:large","max-video-preview":"max-video-preview:-1"},"canonical":"https:\/\/www.holy-supps.nl\/es\/producto\/ehplabs-red-protein-shaker-limited\/","og_locale":"es_ES","og_type":"article","og_title":"EHPLabs - Red Protein Shaker (Limited Edition) - Holy-Supps.nl","og_description":"EHPLabs Red Protein Shaker (Limited Edition) - 750 ml, BPA-vrij, vaatwasserbestendig, met lekvrije dop en handig mixfilter. Perfect voor onderweg!","og_url":"https:\/\/www.holy-supps.nl\/es\/producto\/ehplabs-red-protein-shaker-limited\/","og_site_name":"Holy-Supps.nl","article_publisher":"https:\/\/www.facebook.com\/holy.supps","article_modified_time":"2025-04-09T21:05:50+00:00","og_image":[{"width":600,"height":600,"url":"https:\/\/www.holy-supps.nl\/wp-content\/uploads\/2023\/06\/shaker-red-1.jpg","type":"image\/jpeg"}],"twitter_card":"summary_large_image","twitter_misc":{"Tiempo de lectura":"1 minuto"},"schema":{"@context":"https:\/\/schema.org","@graph":[{"@type":"WebPage","@id":"https:\/\/www.holy-supps.nl\/product\/ehplabs-red-protein-shaker-limited\/","url":"https:\/\/www.holy-supps.nl\/product\/ehplabs-red-protein-shaker-limited\/","name":"EHPLabs - Agitador de Proteinas Rojo (Edicion Limitada) - Holy-Supps.co.uk","isPartOf":{"@id":"https:\/\/www.holy-supps.nl\/#website"},"primaryImageOfPage":{"@id":"https:\/\/www.holy-supps.nl\/product\/ehplabs-red-protein-shaker-limited\/#primaryimage"},"image":{"@id":"https:\/\/www.holy-supps.nl\/product\/ehplabs-red-protein-shaker-limited\/#primaryimage"},"thumbnailUrl":"https:\/\/www.holy-supps.nl\/wp-content\/uploads\/2023\/06\/shaker-red-1.jpg","datePublished":"2023-06-23T14:56:41+00:00","dateModified":"2025-04-09T21:05:50+00:00","description":"Agitador de Prote\u00ednas Rojo EHPLabs (Edici\u00f3n Limitada) - 750ml, sin BPA, apto para lavavajillas, con tap\u00f3n a prueba de fugas y pr\u00e1ctico filtro mezclador. \u00a1Perfecta para llevar!","breadcrumb":{"@id":"https:\/\/www.holy-supps.nl\/product\/ehplabs-red-protein-shaker-limited\/#breadcrumb"},"inLanguage":"es","potentialAction":[{"@type":"ReadAction","target":["https:\/\/www.holy-supps.nl\/product\/ehplabs-red-protein-shaker-limited\/"]}]},{"@type":"ImageObject","inLanguage":"es","@id":"https:\/\/www.holy-supps.nl\/product\/ehplabs-red-protein-shaker-limited\/#primaryimage","url":"https:\/\/www.holy-supps.nl\/wp-content\/uploads\/2023\/06\/shaker-red-1.jpg","contentUrl":"https:\/\/www.holy-supps.nl\/wp-content\/uploads\/2023\/06\/shaker-red-1.jpg","width":600,"height":600},{"@type":"BreadcrumbList","@id":"https:\/\/www.holy-supps.nl\/product\/ehplabs-red-protein-shaker-limited\/#breadcrumb","itemListElement":[{"@type":"ListItem","position":1,"name":"Home","item":"https:\/\/www.holy-supps.nl\/"},{"@type":"ListItem","position":2,"name":"Winkel","item":"https:\/\/www.holy-supps.nl\/winkel\/"},{"@type":"ListItem","position":3,"name":"EHPLabs &#8211; Red Protein Shaker (Limited Edition)"}]},{"@type":"WebSite","@id":"https:\/\/www.holy-supps.nl\/#website","url":"https:\/\/www.holy-supps.nl\/","name":"Holy-Supps.es","description":"\u00a1Distribuidor oficial de EHPLabs!","publisher":{"@id":"https:\/\/www.holy-supps.nl\/#organization"},"potentialAction":[{"@type":"SearchAction","target":{"@type":"EntryPoint","urlTemplate":"https:\/\/www.holy-supps.nl\/?s={search_term_string}"},"query-input":{"@type":"PropertyValueSpecification","valueRequired":true,"valueName":"search_term_string"}}],"inLanguage":"es"},{"@type":"Organization","@id":"https:\/\/www.holy-supps.nl\/#organization","name":"Santa Cena","url":"https:\/\/www.holy-supps.nl\/","logo":{"@type":"ImageObject","inLanguage":"es","@id":"https:\/\/www.holy-supps.nl\/#\/schema\/logo\/image\/","url":"https:\/\/www.holy-supps.nl\/wp-content\/uploads\/2023\/06\/HOLY-SUPPS.png","contentUrl":"https:\/\/www.holy-supps.nl\/wp-content\/uploads\/2023\/06\/HOLY-SUPPS.png","width":1000,"height":400,"caption":"Holy Supps"},"image":{"@id":"https:\/\/www.holy-supps.nl\/#\/schema\/logo\/image\/"},"sameAs":["https:\/\/www.facebook.com\/holy.supps","https:\/\/www.instagram.com\/holy.supps.shop\/"]}]}},"jetpack_sharing_enabled":true,"_links":{"self":[{"href":"https:\/\/www.holy-supps.nl\/es\/wp-json\/wp\/v2\/product\/911","targetHints":{"allow":["GET"]}}],"collection":[{"href":"https:\/\/www.holy-supps.nl\/es\/wp-json\/wp\/v2\/product"}],"about":[{"href":"https:\/\/www.holy-supps.nl\/es\/wp-json\/wp\/v2\/types\/product"}],"replies":[{"embeddable":true,"href":"https:\/\/www.holy-supps.nl\/es\/wp-json\/wp\/v2\/comments?post=911"}],"wp:featuredmedia":[{"embeddable":true,"href":"https:\/\/www.holy-supps.nl\/es\/wp-json\/wp\/v2\/media\/913"}],"wp:attachment":[{"href":"https:\/\/www.holy-supps.nl\/es\/wp-json\/wp\/v2\/media?parent=911"}],"wp:term":[{"taxonomy":"product_brand","embeddable":true,"href":"https:\/\/www.holy-supps.nl\/es\/wp-json\/wp\/v2\/product_brand?post=911"},{"taxonomy":"product_cat","embeddable":true,"href":"https:\/\/www.holy-supps.nl\/es\/wp-json\/wp\/v2\/product_cat?post=911"},{"taxonomy":"product_tag","embeddable":true,"href":"https:\/\/www.holy-supps.nl\/es\/wp-json\/wp\/v2\/product_tag?post=911"}],"curies":[{"name":"wp","href":"https:\/\/api.w.org\/{rel}","templated":true}]}}