{"id":649,"date":"2023-03-24T17:07:21","date_gmt":"2023-03-24T16:07:21","guid":{"rendered":"https:\/\/www.holy-supps.nl\/?post_type=product&#038;p=649"},"modified":"2025-07-11T06:58:44","modified_gmt":"2025-07-11T04:58:44","slug":"la-proteina-nootropica-sin-fin-funciona","status":"publish","type":"product","link":"https:\/\/www.holy-supps.nl\/es\/product\/endless-nootropic-protein-works\/","title":{"rendered":"Endless Nootropic - La prote\u00edna funciona"},"content":{"rendered":"<div>Endless\u2122 es el nootr\u00f3pico m\u00e1s avanzado actualmente en el mercado. Hemos aprovechado nuestra experiencia en nutrici\u00f3n deportiva y la hemos aplicado al factor de cambio m\u00e1s importante de todos: el cerebro. La f\u00f3rmula de Endless\u2122, sobrecargada con los \u00faltimos ingredientes avanzados de base cient\u00edfica, potencia el rendimiento mental, reduce la fatiga y el agotamiento, aumenta el estado de alerta y ayuda a mantener la neurotransmisi\u00f3n. Libere su verdadero potencial y consiga esa ventaja psicol\u00f3gica tan importante con el alimento cerebral definitivo. Sin colapso, sin az\u00facar y sin calor\u00edas.<\/div>\n<div><\/div>\n<div>Bienvenido a Endless\u2122 - Danos las gracias m\u00e1s tarde ;).<\/div>\n<h2>Alimentos nootr\u00f3picos para el cerebro<\/h2>\n<div>Cuando uno oye hablar de los nootr\u00f3picos, com\u00fanmente llamados potenciadores cerebrales, puede imaginarse algo parecido a la pel\u00edcula Limitless\u00ae, en la que el personaje de Bradley Cooper realiza proezas mentales sobrehumanas tras tomar una pastilla estimulante del cerebro. Y ahora volvamos al mundo real. Nuestros expertos en nutrici\u00f3n, trabajando con los mejores ingredientes naturales e investigaciones cient\u00edficas pioneras, han creado Endless\u2122.<\/div>\n<div><\/div>\n<div>Desde la multitarea de alto volumen a las largas jornadas de trabajo saturadas, liberar el verdadero potencial de su cerebro es un absoluto cambio de juego. Endless\u2122 Nootropic es el alimento para el cerebro m\u00e1s avanzado del mercado actual. Cada ingrediente activo es de la m\u00e1s alta pureza, derivado de fuentes naturales y respaldado por estudios cient\u00edficos.<\/div>\n<h2>\u00bfQu\u00e9 es Endless Nootropic?<\/h2>\n<div>Tanto si te enfrentas a una fecha l\u00edmite en el trabajo, como si tienes que trabajar toda la noche en uno de tus proyectos m\u00e1s dif\u00edciles o quieres superar a tus competidores en cualquier deporte, Endless\u2122 est\u00e1 dise\u00f1ado para ti. No se trata de ciencia ficci\u00f3n. El deporte de fitness profesional de \u00e9lite se centra m\u00e1s que nunca en el rendimiento mental. La importancia de estar \"en la zona\" se considera la clave absoluta para alcanzar el \u00e9xito.<\/div>\n<div><\/div>\n<div>En los \u00faltimos a\u00f1os, se han llevado a cabo numerosas investigaciones sobre el funcionamiento del cerebro, la capacidad mental y la forma de optimizar la capacidad del cerebro para rendir a un nivel de procesamiento superior. Nuestro equipo de expertos se bas\u00f3 en estas investigaciones para formular Endless\u2122.<\/div>\n<h2>Sabor y comodidad infinitos<\/h2>\n<div>Era esencial que Endless\u2122 se adaptara f\u00e1cilmente al ajetreado estilo de vida moderno: puedes consumirlo en cualquier momento del d\u00eda sin sufrir bajones. Una raci\u00f3n contiene la proporci\u00f3n perfecta de L-teanina y cafe\u00edna (2:1) para garantizar que este amino\u00e1cido contrarreste eficazmente el baj\u00f3n de cafe\u00edna y favorezca la claridad. Adem\u00e1s, Endless\u2122 no contiene az\u00facar, por lo que no produce picos ni bajones de az\u00facar.<\/div>\n<div><\/div>\n<div>Mantenerse hidratado a lo largo del d\u00eda es vital, y todos sabemos muy bien lo f\u00e1cil que es tomar una bebida azucarada o publicitada llena de una larga lista de sustancias nocivas. No sucumbas m\u00e1s, porque te tenemos cubierto con Endless\u2122, que est\u00e1 dise\u00f1ada a prop\u00f3sito para ser tu combustible \"de cabecera\" sin az\u00facar y sin calor\u00edas.<\/div>\n<div><\/div>\n<div>Tambi\u00e9n ten\u00eda que saber muy bien, por eso hemos perfeccionado cinco sabores de gran sabor. Si simplemente sustituyes tu caf\u00e9 con leche de la ma\u00f1ana o tu bebida energ\u00e9tica de la tarde por Endless\u2122, te ahorrar\u00e1s un mont\u00f3n de az\u00facar y calor\u00edas de tu ingesta diaria.<\/div>\n<div><\/div>\n<div>Basta con recogerlo, agitarlo en una botella de agua o en una coctelera y se mezcla inmediatamente con el agua. Mientras que algunas bebidas activas pueden dejar un regusto desagradable, nos hemos asegurado de que Endless\u2122 tenga una textura pura y suave, para que obtengas los beneficios sin renunciar al sabor.<\/div>\n<div><\/div>\n<div>Un tarro de Endless\u2122 contiene 30 raciones, lo que ofrece una excelente relaci\u00f3n calidad-precio en comparaci\u00f3n con el precio de un refresco.<\/div>\n<h2>C\u00f3mo funciona Endless Nootropic<\/h2>\n<div>Para los interesados en la ciencia que hay detr\u00e1s de Endless\u2122: aqu\u00ed es donde nos ponemos en la piel de un empoll\u00f3n y profundizamos en lo que la impulsa. Formulado cient\u00edficamente con la investigaci\u00f3n de ingredientes de los principales neurocognitivos y nutricionistas, a continuaci\u00f3n se presentan los componentes clave del producto.<\/div>\n<div><\/div>\n<div><strong>Cafe\u00edna -<\/strong> La cafe\u00edna contribuye a aumentar el estado de alerta y ayuda a mejorar la concentraci\u00f3n. Sus efectos en combinaci\u00f3n con la L-teanina han sido estudiados para proporcionar beneficios sin\u00e9rgicos. La cafe\u00edna act\u00faa estimulando el sistema nervioso central (SNC) para que produzca adrenalina, lo que se traduce en una mejora de la memoria de atenci\u00f3n, el estado de alerta y la concentraci\u00f3n.<\/div>\n<div><\/div>\n<div><strong>L-Teanina -<\/strong> Funciona de forma sin\u00e9rgica con la cafe\u00edna para aumentar la concentraci\u00f3n, a la vez que contrarresta el efecto nervioso que se experimenta al consumir cafe\u00edna en exceso (sin baj\u00f3n). Hemos a\u00f1adido L-teanina y cafe\u00edna en una proporci\u00f3n de 2:1, que se ha demostrado en estudios cl\u00ednicos que es la dosis \u00f3ptima.<\/div>\n<div><\/div>\n<div><strong>Vitaminas B -<\/strong> Ayuda a mejorar el rendimiento cognitivo. El \u00e1cido pantot\u00e9nico (B5) ayuda al rendimiento mental\/cognitivo al aumentar la secreci\u00f3n de neurotransmisores. El \u00e1cido pantot\u00e9nico, la vitamina B6, el \u00e1cido f\u00f3lico y la vitamina B12 desempe\u00f1an un papel importante en la producci\u00f3n de energ\u00eda, convirtiendo los hidratos de carbono y las grasas en energ\u00eda utilizable por el cerebro. El \u00e1cido pantot\u00e9nico y la vitamina B6 contribuyen a la s\u00edntesis de neurotransmisores como la acetilcolina y la serotonina, que mejoran la concentraci\u00f3n y la atenci\u00f3n.<\/div>\n<div class=\"nutritionalInfo col\">\n<h3>Contenido<\/h3>\n<table>\n<tbody>\n<tr class=\"title\">\n<th>Valores basados en:<\/th>\n<th>por porci\u00f3n de 10 g<\/th>\n<\/tr>\n<tr>\n<td>Energ\u00eda (kJ)<\/td>\n<td>46<\/td>\n<\/tr>\n<tr>\n<td>Energ\u00eda (kcal)<\/td>\n<td>11<\/td>\n<\/tr>\n<tr>\n<td>Hidratos de carbono (g)<\/td>\n<td>1.9<\/td>\n<\/tr>\n<tr>\n<td>de los cuales Az\u00facares (g)<\/td>\n<td><\/td>\n<\/tr>\n<tr>\n<td>Vitamina C<\/td>\n<td>1000 mg (1250%*)<\/td>\n<\/tr>\n<tr>\n<td>Calcio<\/td>\n<td>307 mg (38%*)<\/td>\n<\/tr>\n<tr>\n<td>Vitamina B6<\/td>\n<td>2,8 mg (200%*)<\/td>\n<\/tr>\n<tr>\n<td>\u00c1cido f\u00f3lico<\/td>\n<td>200ug (100%*)<\/td>\n<\/tr>\n<tr>\n<td>Vitamina B12<\/td>\n<td>500ug (500%*)<\/td>\n<\/tr>\n<tr>\n<td>Hierro<\/td>\n<td>14 mg (100%*)<\/td>\n<\/tr>\n<tr>\n<td>Zinc<\/td>\n<td>14 mg (140%*)<\/td>\n<\/tr>\n<tr>\n<td>\u00c1cido pantot\u00e9nico<\/td>\n<td>6 mg (100%*)<\/td>\n<\/tr>\n<tr>\n<td>Magnesio<\/td>\n<td>187 mg (50%*)<\/td>\n<\/tr>\n<tr>\n<td>Bitartrato de colina<\/td>\n<td>2g<\/td>\n<\/tr>\n<tr>\n<td>L-Tirosina<\/td>\n<td>1g<\/td>\n<\/tr>\n<tr>\n<td>Taurina<\/td>\n<td>750 mg<\/td>\n<\/tr>\n<tr>\n<td>Bitartrato de DMAE<\/td>\n<td>270 mg<\/td>\n<\/tr>\n<tr>\n<td>Extracto de pimienta negra<\/td>\n<td>20 mg<\/td>\n<\/tr>\n<tr>\n<td>Cafe\u00edna anhidra<\/td>\n<td>150 mg<\/td>\n<\/tr>\n<tr>\n<td>L-teanina<\/td>\n<td>300 mg<\/td>\n<\/tr>\n<tr>\n<td>*= % Ingesta de referencia<\/td>\n<td><\/td>\n<\/tr>\n<\/tbody>\n<\/table>\n<\/div>\n<div class=\"col\">\n<h3 class=\"ingredients-title\">Ingredientes - Cool Cola Zinger<\/h3>\n<div class=\"ingredients\">\n<div class=\"specs-wrap\">\n<table class=\"specs-table\" cellspacing=\"0\" cellpadding=\"0\">\n<tbody>\n<tr>\n<td colspan=\"2\">Para m\u00e1s genes, v\u00e9ase <strong>negrita<\/strong><\/td>\n<\/tr>\n<tr>\n<th>Bitartrato de colina, \u00e1cido c\u00edtrico, \u00e1cido m\u00e1lico, L-tirosina, vitamina C, aromatizante, taurina, colorante (E150c), \u00f3xido de magnesio, fosfato tric\u00e1lcico, L-teanina, bitartrato de DMAE, di\u00f3xido de silicio, edulcorante (sucralosa), cafe\u00edna anhidra, vitamina B12 (metil-cobalamina), zinc, citrato dihidrato, extracto de pimienta negra, hierro (bis-glicinato ferroso), vitamina B5 (D-pantotenato c\u00e1lcico), vitamina B6 (hidrocloruro de piridoxina), vitamina B9 (\u00e1cido f\u00f3lico).<\/th>\n<td><\/td>\n<\/tr>\n<tr>\n<td>Elaborado en una f\u00e1brica que procesa leche, huevos, cereales con gluten, cacahuetes, frutos de c\u00e1scara y soja.<\/td>\n<\/tr>\n<\/tbody>\n<\/table>\n<\/div>\n<h3 class=\"ingredients-title\">Ingredientes - Green Apple Kick<\/h3>\n<div class=\"ingredients\">\n<div class=\"specs-wrap\">\n<table class=\"specs-table\" cellspacing=\"0\" cellpadding=\"0\">\n<tbody>\n<tr>\n<td colspan=\"2\">Para m\u00e1s genes, v\u00e9ase <strong>negrita<\/strong><\/td>\n<\/tr>\n<tr>\n<th>\u00e1cido m\u00e1lico, bitartrato de colina, aromatizante, L-tirosina, vitamina C, taurina, \u00f3xido de magnesio, fosfato tric\u00e1lcico, L-teanina, bitartrato de DMAE, di\u00f3xido de silicio, edulcorante (sucralosa), cafe\u00edna anhidra, colorante (curcumina, extracto de espirulina), vitamina B12 (metil-cobalamina), zinc, citrato dihidrato, extracto de pimienta negra, hierro (ferro bis-glicinato), vitamina B5 (D-pantotenato c\u00e1lcico), vitamina B6 (clorhidrato de piridoxina), vitamina B9 (\u00e1cido f\u00f3lico).<\/th>\n<td><\/td>\n<\/tr>\n<\/tbody>\n<\/table>\n<\/div>\n<\/div>\n<\/div>\n<\/div>","protected":false},"excerpt":{"rendered":"<div>Endless\u2122 es el nootr\u00f3pico m\u00e1s avanzado actualmente en el mercado.<\/div>","protected":false},"featured_media":653,"comment_status":"open","ping_status":"closed","template":"","meta":[],"product_brand":[],"product_cat":[80,87,71,73],"product_tag":[],"class_list":{"0":"post-649","1":"product","2":"type-product","3":"status-publish","4":"has-post-thumbnail","6":"product_cat-doel","7":"product_cat-energie-focus","8":"product_cat-merken","9":"product_cat-protein-works","11":"first","12":"outofstock","13":"sale","14":"taxable","15":"shipping-taxable","16":"purchasable","17":"product-type-variable"},"yoast_head":"<!-- This site is optimized with the Yoast SEO plugin v27.4 - https:\/\/yoast.com\/product\/yoast-seo-wordpress\/ -->\n<title>Endless Nootropic - Protein Works - Holy-Supps.nl<\/title>\n<meta name=\"description\" content=\"Verhoog je mentale prestaties en focus met Endless Nootropic. Krachtige hersenvoeding zonder crash, suikervrij, caloriearm. Perfect voor elke dag!\" \/>\n<meta name=\"robots\" content=\"index, follow, max-snippet:-1, max-image-preview:large, max-video-preview:-1\" \/>\n<link rel=\"canonical\" href=\"https:\/\/www.holy-supps.nl\/es\/producto\/la-proteina-nootropica-sin-fin-funciona\/\" \/>\n<meta property=\"og:locale\" content=\"es_ES\" \/>\n<meta property=\"og:type\" content=\"article\" \/>\n<meta property=\"og:title\" content=\"Endless Nootropic - Protein Works - Holy-Supps.nl\" \/>\n<meta property=\"og:description\" content=\"Verhoog je mentale prestaties en focus met Endless Nootropic. Krachtige hersenvoeding zonder crash, suikervrij, caloriearm. Perfect voor elke dag!\" \/>\n<meta property=\"og:url\" content=\"https:\/\/www.holy-supps.nl\/es\/producto\/la-proteina-nootropica-sin-fin-funciona\/\" \/>\n<meta property=\"og:site_name\" content=\"Holy-Supps.nl\" \/>\n<meta property=\"article:publisher\" content=\"https:\/\/www.facebook.com\/holy.supps\" \/>\n<meta property=\"article:modified_time\" content=\"2025-07-11T04:58:44+00:00\" \/>\n<meta property=\"og:image\" content=\"https:\/\/www.holy-supps.nl\/wp-content\/uploads\/2023\/03\/brt-endless_pdp_1_2.webp\" \/>\n\t<meta property=\"og:image:width\" content=\"1000\" \/>\n\t<meta property=\"og:image:height\" content=\"1000\" \/>\n\t<meta property=\"og:image:type\" content=\"image\/webp\" \/>\n<meta name=\"twitter:card\" content=\"summary_large_image\" \/>\n<meta name=\"twitter:label1\" content=\"Tiempo de lectura\" \/>\n\t<meta name=\"twitter:data1\" content=\"6 minutos\" \/>\n<script type=\"application\/ld+json\" class=\"yoast-schema-graph\">{\"@context\":\"https:\\\/\\\/schema.org\",\"@graph\":[{\"@type\":\"WebPage\",\"@id\":\"https:\\\/\\\/www.holy-supps.nl\\\/product\\\/endless-nootropic-protein-works\\\/\",\"url\":\"https:\\\/\\\/www.holy-supps.nl\\\/product\\\/endless-nootropic-protein-works\\\/\",\"name\":\"Endless Nootropic - Protein Works - Holy-Supps.nl\",\"isPartOf\":{\"@id\":\"https:\\\/\\\/www.holy-supps.nl\\\/#website\"},\"primaryImageOfPage\":{\"@id\":\"https:\\\/\\\/www.holy-supps.nl\\\/product\\\/endless-nootropic-protein-works\\\/#primaryimage\"},\"image\":{\"@id\":\"https:\\\/\\\/www.holy-supps.nl\\\/product\\\/endless-nootropic-protein-works\\\/#primaryimage\"},\"thumbnailUrl\":\"https:\\\/\\\/www.holy-supps.nl\\\/wp-content\\\/uploads\\\/2023\\\/03\\\/brt-endless_pdp_1_2.webp\",\"datePublished\":\"2023-03-24T16:07:21+00:00\",\"dateModified\":\"2025-07-11T04:58:44+00:00\",\"description\":\"Verhoog je mentale prestaties en focus met Endless Nootropic. Krachtige hersenvoeding zonder crash, suikervrij, caloriearm. Perfect voor elke dag!\",\"breadcrumb\":{\"@id\":\"https:\\\/\\\/www.holy-supps.nl\\\/product\\\/endless-nootropic-protein-works\\\/#breadcrumb\"},\"inLanguage\":\"es\",\"potentialAction\":[{\"@type\":\"ReadAction\",\"target\":[\"https:\\\/\\\/www.holy-supps.nl\\\/product\\\/endless-nootropic-protein-works\\\/\"]}]},{\"@type\":\"ImageObject\",\"inLanguage\":\"es\",\"@id\":\"https:\\\/\\\/www.holy-supps.nl\\\/product\\\/endless-nootropic-protein-works\\\/#primaryimage\",\"url\":\"https:\\\/\\\/www.holy-supps.nl\\\/wp-content\\\/uploads\\\/2023\\\/03\\\/brt-endless_pdp_1_2.webp\",\"contentUrl\":\"https:\\\/\\\/www.holy-supps.nl\\\/wp-content\\\/uploads\\\/2023\\\/03\\\/brt-endless_pdp_1_2.webp\",\"width\":1000,\"height\":1000},{\"@type\":\"BreadcrumbList\",\"@id\":\"https:\\\/\\\/www.holy-supps.nl\\\/product\\\/endless-nootropic-protein-works\\\/#breadcrumb\",\"itemListElement\":[{\"@type\":\"ListItem\",\"position\":1,\"name\":\"Home\",\"item\":\"https:\\\/\\\/www.holy-supps.nl\\\/\"},{\"@type\":\"ListItem\",\"position\":2,\"name\":\"Winkel\",\"item\":\"https:\\\/\\\/www.holy-supps.nl\\\/winkel\\\/\"},{\"@type\":\"ListItem\",\"position\":3,\"name\":\"Endless Nootropic &#8211; Protein Works\"}]},{\"@type\":\"WebSite\",\"@id\":\"https:\\\/\\\/www.holy-supps.nl\\\/#website\",\"url\":\"https:\\\/\\\/www.holy-supps.nl\\\/\",\"name\":\"Holy-Supps.nl\",\"description\":\"Official EHPLabs Reseller!\",\"publisher\":{\"@id\":\"https:\\\/\\\/www.holy-supps.nl\\\/#organization\"},\"potentialAction\":[{\"@type\":\"SearchAction\",\"target\":{\"@type\":\"EntryPoint\",\"urlTemplate\":\"https:\\\/\\\/www.holy-supps.nl\\\/?s={search_term_string}\"},\"query-input\":{\"@type\":\"PropertyValueSpecification\",\"valueRequired\":true,\"valueName\":\"search_term_string\"}}],\"inLanguage\":\"es\"},{\"@type\":\"Organization\",\"@id\":\"https:\\\/\\\/www.holy-supps.nl\\\/#organization\",\"name\":\"Holy Supps\",\"url\":\"https:\\\/\\\/www.holy-supps.nl\\\/\",\"logo\":{\"@type\":\"ImageObject\",\"inLanguage\":\"es\",\"@id\":\"https:\\\/\\\/www.holy-supps.nl\\\/#\\\/schema\\\/logo\\\/image\\\/\",\"url\":\"https:\\\/\\\/www.holy-supps.nl\\\/wp-content\\\/uploads\\\/2023\\\/06\\\/HOLY-SUPPS.png\",\"contentUrl\":\"https:\\\/\\\/www.holy-supps.nl\\\/wp-content\\\/uploads\\\/2023\\\/06\\\/HOLY-SUPPS.png\",\"width\":1000,\"height\":400,\"caption\":\"Holy Supps\"},\"image\":{\"@id\":\"https:\\\/\\\/www.holy-supps.nl\\\/#\\\/schema\\\/logo\\\/image\\\/\"},\"sameAs\":[\"https:\\\/\\\/www.facebook.com\\\/holy.supps\",\"https:\\\/\\\/www.instagram.com\\\/holy.supps.shop\\\/\"]}]}<\/script>\n<!-- \/ Yoast SEO plugin. -->","yoast_head_json":{"title":"Endless Nootropic - Protein Works - Holy-Supps.co.uk","description":"Aumente su rendimiento mental y su concentraci\u00f3n con Endless Nootropic. Potente alimento para el cerebro sin colapsos, sin az\u00facar y bajo en calor\u00edas. \u00a1Perfecto para cualquier d\u00eda!","robots":{"index":"index","follow":"follow","max-snippet":"max-snippet:-1","max-image-preview":"max-image-preview:large","max-video-preview":"max-video-preview:-1"},"canonical":"https:\/\/www.holy-supps.nl\/es\/producto\/la-proteina-nootropica-sin-fin-funciona\/","og_locale":"es_ES","og_type":"article","og_title":"Endless Nootropic - Protein Works - Holy-Supps.nl","og_description":"Verhoog je mentale prestaties en focus met Endless Nootropic. Krachtige hersenvoeding zonder crash, suikervrij, caloriearm. Perfect voor elke dag!","og_url":"https:\/\/www.holy-supps.nl\/es\/producto\/la-proteina-nootropica-sin-fin-funciona\/","og_site_name":"Holy-Supps.nl","article_publisher":"https:\/\/www.facebook.com\/holy.supps","article_modified_time":"2025-07-11T04:58:44+00:00","og_image":[{"width":1000,"height":1000,"url":"https:\/\/www.holy-supps.nl\/wp-content\/uploads\/2023\/03\/brt-endless_pdp_1_2.webp","type":"image\/webp"}],"twitter_card":"summary_large_image","twitter_misc":{"Tiempo de lectura":"6 minutos"},"schema":{"@context":"https:\/\/schema.org","@graph":[{"@type":"WebPage","@id":"https:\/\/www.holy-supps.nl\/product\/endless-nootropic-protein-works\/","url":"https:\/\/www.holy-supps.nl\/product\/endless-nootropic-protein-works\/","name":"Endless Nootropic - Protein Works - Holy-Supps.co.uk","isPartOf":{"@id":"https:\/\/www.holy-supps.nl\/#website"},"primaryImageOfPage":{"@id":"https:\/\/www.holy-supps.nl\/product\/endless-nootropic-protein-works\/#primaryimage"},"image":{"@id":"https:\/\/www.holy-supps.nl\/product\/endless-nootropic-protein-works\/#primaryimage"},"thumbnailUrl":"https:\/\/www.holy-supps.nl\/wp-content\/uploads\/2023\/03\/brt-endless_pdp_1_2.webp","datePublished":"2023-03-24T16:07:21+00:00","dateModified":"2025-07-11T04:58:44+00:00","description":"Aumente su rendimiento mental y su concentraci\u00f3n con Endless Nootropic. Potente alimento para el cerebro sin colapsos, sin az\u00facar y bajo en calor\u00edas. \u00a1Perfecto para cualquier d\u00eda!","breadcrumb":{"@id":"https:\/\/www.holy-supps.nl\/product\/endless-nootropic-protein-works\/#breadcrumb"},"inLanguage":"es","potentialAction":[{"@type":"ReadAction","target":["https:\/\/www.holy-supps.nl\/product\/endless-nootropic-protein-works\/"]}]},{"@type":"ImageObject","inLanguage":"es","@id":"https:\/\/www.holy-supps.nl\/product\/endless-nootropic-protein-works\/#primaryimage","url":"https:\/\/www.holy-supps.nl\/wp-content\/uploads\/2023\/03\/brt-endless_pdp_1_2.webp","contentUrl":"https:\/\/www.holy-supps.nl\/wp-content\/uploads\/2023\/03\/brt-endless_pdp_1_2.webp","width":1000,"height":1000},{"@type":"BreadcrumbList","@id":"https:\/\/www.holy-supps.nl\/product\/endless-nootropic-protein-works\/#breadcrumb","itemListElement":[{"@type":"ListItem","position":1,"name":"Home","item":"https:\/\/www.holy-supps.nl\/"},{"@type":"ListItem","position":2,"name":"Winkel","item":"https:\/\/www.holy-supps.nl\/winkel\/"},{"@type":"ListItem","position":3,"name":"Endless Nootropic &#8211; Protein Works"}]},{"@type":"WebSite","@id":"https:\/\/www.holy-supps.nl\/#website","url":"https:\/\/www.holy-supps.nl\/","name":"Holy-Supps.es","description":"\u00a1Distribuidor oficial de EHPLabs!","publisher":{"@id":"https:\/\/www.holy-supps.nl\/#organization"},"potentialAction":[{"@type":"SearchAction","target":{"@type":"EntryPoint","urlTemplate":"https:\/\/www.holy-supps.nl\/?s={search_term_string}"},"query-input":{"@type":"PropertyValueSpecification","valueRequired":true,"valueName":"search_term_string"}}],"inLanguage":"es"},{"@type":"Organization","@id":"https:\/\/www.holy-supps.nl\/#organization","name":"Santa Cena","url":"https:\/\/www.holy-supps.nl\/","logo":{"@type":"ImageObject","inLanguage":"es","@id":"https:\/\/www.holy-supps.nl\/#\/schema\/logo\/image\/","url":"https:\/\/www.holy-supps.nl\/wp-content\/uploads\/2023\/06\/HOLY-SUPPS.png","contentUrl":"https:\/\/www.holy-supps.nl\/wp-content\/uploads\/2023\/06\/HOLY-SUPPS.png","width":1000,"height":400,"caption":"Holy Supps"},"image":{"@id":"https:\/\/www.holy-supps.nl\/#\/schema\/logo\/image\/"},"sameAs":["https:\/\/www.facebook.com\/holy.supps","https:\/\/www.instagram.com\/holy.supps.shop\/"]}]}},"jetpack_sharing_enabled":true,"_links":{"self":[{"href":"https:\/\/www.holy-supps.nl\/es\/wp-json\/wp\/v2\/product\/649","targetHints":{"allow":["GET"]}}],"collection":[{"href":"https:\/\/www.holy-supps.nl\/es\/wp-json\/wp\/v2\/product"}],"about":[{"href":"https:\/\/www.holy-supps.nl\/es\/wp-json\/wp\/v2\/types\/product"}],"replies":[{"embeddable":true,"href":"https:\/\/www.holy-supps.nl\/es\/wp-json\/wp\/v2\/comments?post=649"}],"wp:featuredmedia":[{"embeddable":true,"href":"https:\/\/www.holy-supps.nl\/es\/wp-json\/wp\/v2\/media\/653"}],"wp:attachment":[{"href":"https:\/\/www.holy-supps.nl\/es\/wp-json\/wp\/v2\/media?parent=649"}],"wp:term":[{"taxonomy":"product_brand","embeddable":true,"href":"https:\/\/www.holy-supps.nl\/es\/wp-json\/wp\/v2\/product_brand?post=649"},{"taxonomy":"product_cat","embeddable":true,"href":"https:\/\/www.holy-supps.nl\/es\/wp-json\/wp\/v2\/product_cat?post=649"},{"taxonomy":"product_tag","embeddable":true,"href":"https:\/\/www.holy-supps.nl\/es\/wp-json\/wp\/v2\/product_tag?post=649"}],"curies":[{"name":"wp","href":"https:\/\/api.w.org\/{rel}","templated":true}]}}