{"id":640,"date":"2023-03-24T16:57:01","date_gmt":"2023-03-24T15:57:01","guid":{"rendered":"https:\/\/www.holy-supps.nl\/?post_type=product&#038;p=640"},"modified":"2025-10-22T16:30:47","modified_gmt":"2025-10-22T14:30:47","slug":"bcaa-211-protein-works","status":"publish","type":"product","link":"https:\/\/www.holy-supps.nl\/es\/product\/bcaa-211-protein-works\/","title":{"rendered":"BCAA 2:1:1 - Protein Works"},"content":{"rendered":"<h2>Descripci\u00f3n<\/h2>\n<p>\nLa prote\u00edna funciona <strong>iBCAA<\/strong> es un suplemento en polvo que proporciona una mezcla de amino\u00e1cidos de cadena ramificada (BCAA) en una proporci\u00f3n 2:1:1 (leucina: isoleucina: valina). El producto est\u00e1 especialmente dise\u00f1ado para disolverse f\u00e1cilmente en agua y utilizarse durante o alrededor de los entrenamientos. Disponible en varios sabores afrutados, adecuado para deportistas y estilos de vida activos.\n<\/p>\n<h2>Ventajas<\/h2>\n<ul>\n<li>Contiene amino\u00e1cidos de cadena ramificada en proporci\u00f3n 2:1:1<\/li>\n<li>R\u00e1pida solubilidad en agua<\/li>\n<li>Disponible en varios sabores afrutados<\/li>\n<li>\u00datil para usar antes, durante o despu\u00e9s del entrenamiento<\/li>\n<li>Apoya un estilo de vida activo con suplementos<\/li>\n<\/ul>\n<h2>Instrucciones de uso<\/h2>\n<p>\nMezcle un cacito de iBCAA con aproximadamente 200-300 ml de agua y t\u00f3melo durante o inmediatamente despu\u00e9s del entrenamiento, o en un momento que se ajuste a su programa de entrenamiento. No exceda la dosis recomendada. Este producto debe complementar una dieta variada y equilibrada y un estilo de vida saludable.<\/p>","protected":false},"excerpt":{"rendered":"<p>\nEl iBCAA de Protein Works es un suplemento de BCAA en polvo con una proporci\u00f3n 2:1:1 de leucina, isoleucina y valina, disponible en sabores afrutados.<br \/>\nF\u00e1cil de disolver en agua, adecuado para su uso durante las sesiones de entrenamiento.<br \/>\nUn suplemento \u00fatil para deportistas con un estilo de vida activo.<\/p>","protected":false},"featured_media":647,"comment_status":"open","ping_status":"closed","template":"","meta":[],"product_brand":[],"product_cat":[77,80,71,75,73,81,70],"product_tag":[],"class_list":{"0":"post-640","1":"product","2":"type-product","3":"status-publish","4":"has-post-thumbnail","6":"product_cat-bundles-save","7":"product_cat-doel","8":"product_cat-merken","9":"product_cat-producten","10":"product_cat-protein-works","11":"product_cat-spieropbouw","12":"product_cat-raws","14":"first","15":"outofstock","16":"sale","17":"taxable","18":"shipping-taxable","19":"purchasable","20":"product-type-variable"},"yoast_head":"<!-- This site is optimized with the Yoast SEO plugin v27.4 - https:\/\/yoast.com\/product\/yoast-seo-wordpress\/ -->\n<title>BCAA 2:1:1 - Protein Works - Holy-Supps.nl<\/title>\n<meta name=\"description\" content=\"BCAA 2:1:1 van Protein Works: Verhoog spiergroei, herstel en energie met de optimale verhouding van leucine, isoleucine en valine. Ideaal voor elke workout!\" \/>\n<meta name=\"robots\" content=\"index, follow, max-snippet:-1, max-image-preview:large, max-video-preview:-1\" \/>\n<link rel=\"canonical\" href=\"https:\/\/www.holy-supps.nl\/es\/producto\/bcaa-211-protein-works\/\" \/>\n<meta property=\"og:locale\" content=\"es_ES\" \/>\n<meta property=\"og:type\" content=\"article\" \/>\n<meta property=\"og:title\" content=\"BCAA 2:1:1 - Protein Works - Holy-Supps.nl\" \/>\n<meta property=\"og:description\" content=\"BCAA 2:1:1 van Protein Works: Verhoog spiergroei, herstel en energie met de optimale verhouding van leucine, isoleucine en valine. Ideaal voor elke workout!\" \/>\n<meta property=\"og:url\" content=\"https:\/\/www.holy-supps.nl\/es\/producto\/bcaa-211-protein-works\/\" \/>\n<meta property=\"og:site_name\" content=\"Holy-Supps.nl\" \/>\n<meta property=\"article:publisher\" content=\"https:\/\/www.facebook.com\/holy.supps\" \/>\n<meta property=\"article:modified_time\" content=\"2025-10-22T14:30:47+00:00\" \/>\n<meta property=\"og:image\" content=\"https:\/\/www.holy-supps.nl\/wp-content\/uploads\/2023\/03\/BCAA_2_1_1-1kg_Front_1.webp\" \/>\n\t<meta property=\"og:image:width\" content=\"1000\" \/>\n\t<meta property=\"og:image:height\" content=\"1000\" \/>\n\t<meta property=\"og:image:type\" content=\"image\/webp\" \/>\n<meta name=\"twitter:card\" content=\"summary_large_image\" \/>\n<meta name=\"twitter:label1\" content=\"Tiempo de lectura\" \/>\n\t<meta name=\"twitter:data1\" content=\"4 minutos\" \/>\n<script type=\"application\/ld+json\" class=\"yoast-schema-graph\">{\"@context\":\"https:\\\/\\\/schema.org\",\"@graph\":[{\"@type\":\"WebPage\",\"@id\":\"https:\\\/\\\/www.holy-supps.nl\\\/product\\\/bcaa-211-protein-works\\\/\",\"url\":\"https:\\\/\\\/www.holy-supps.nl\\\/product\\\/bcaa-211-protein-works\\\/\",\"name\":\"BCAA 2:1:1 - Protein Works - Holy-Supps.nl\",\"isPartOf\":{\"@id\":\"https:\\\/\\\/www.holy-supps.nl\\\/#website\"},\"primaryImageOfPage\":{\"@id\":\"https:\\\/\\\/www.holy-supps.nl\\\/product\\\/bcaa-211-protein-works\\\/#primaryimage\"},\"image\":{\"@id\":\"https:\\\/\\\/www.holy-supps.nl\\\/product\\\/bcaa-211-protein-works\\\/#primaryimage\"},\"thumbnailUrl\":\"https:\\\/\\\/www.holy-supps.nl\\\/wp-content\\\/uploads\\\/2023\\\/03\\\/BCAA_2_1_1-1kg_Front_1.webp\",\"datePublished\":\"2023-03-24T15:57:01+00:00\",\"dateModified\":\"2025-10-22T14:30:47+00:00\",\"description\":\"BCAA 2:1:1 van Protein Works: Verhoog spiergroei, herstel en energie met de optimale verhouding van leucine, isoleucine en valine. Ideaal voor elke workout!\",\"breadcrumb\":{\"@id\":\"https:\\\/\\\/www.holy-supps.nl\\\/product\\\/bcaa-211-protein-works\\\/#breadcrumb\"},\"inLanguage\":\"es\",\"potentialAction\":[{\"@type\":\"ReadAction\",\"target\":[\"https:\\\/\\\/www.holy-supps.nl\\\/product\\\/bcaa-211-protein-works\\\/\"]}]},{\"@type\":\"ImageObject\",\"inLanguage\":\"es\",\"@id\":\"https:\\\/\\\/www.holy-supps.nl\\\/product\\\/bcaa-211-protein-works\\\/#primaryimage\",\"url\":\"https:\\\/\\\/www.holy-supps.nl\\\/wp-content\\\/uploads\\\/2023\\\/03\\\/BCAA_2_1_1-1kg_Front_1.webp\",\"contentUrl\":\"https:\\\/\\\/www.holy-supps.nl\\\/wp-content\\\/uploads\\\/2023\\\/03\\\/BCAA_2_1_1-1kg_Front_1.webp\",\"width\":1000,\"height\":1000},{\"@type\":\"BreadcrumbList\",\"@id\":\"https:\\\/\\\/www.holy-supps.nl\\\/product\\\/bcaa-211-protein-works\\\/#breadcrumb\",\"itemListElement\":[{\"@type\":\"ListItem\",\"position\":1,\"name\":\"Home\",\"item\":\"https:\\\/\\\/www.holy-supps.nl\\\/\"},{\"@type\":\"ListItem\",\"position\":2,\"name\":\"Winkel\",\"item\":\"https:\\\/\\\/www.holy-supps.nl\\\/winkel\\\/\"},{\"@type\":\"ListItem\",\"position\":3,\"name\":\"BCAA 2:1:1 &#8211; Protein Works\"}]},{\"@type\":\"WebSite\",\"@id\":\"https:\\\/\\\/www.holy-supps.nl\\\/#website\",\"url\":\"https:\\\/\\\/www.holy-supps.nl\\\/\",\"name\":\"Holy-Supps.nl\",\"description\":\"Official EHPLabs Reseller!\",\"publisher\":{\"@id\":\"https:\\\/\\\/www.holy-supps.nl\\\/#organization\"},\"potentialAction\":[{\"@type\":\"SearchAction\",\"target\":{\"@type\":\"EntryPoint\",\"urlTemplate\":\"https:\\\/\\\/www.holy-supps.nl\\\/?s={search_term_string}\"},\"query-input\":{\"@type\":\"PropertyValueSpecification\",\"valueRequired\":true,\"valueName\":\"search_term_string\"}}],\"inLanguage\":\"es\"},{\"@type\":\"Organization\",\"@id\":\"https:\\\/\\\/www.holy-supps.nl\\\/#organization\",\"name\":\"Holy Supps\",\"url\":\"https:\\\/\\\/www.holy-supps.nl\\\/\",\"logo\":{\"@type\":\"ImageObject\",\"inLanguage\":\"es\",\"@id\":\"https:\\\/\\\/www.holy-supps.nl\\\/#\\\/schema\\\/logo\\\/image\\\/\",\"url\":\"https:\\\/\\\/www.holy-supps.nl\\\/wp-content\\\/uploads\\\/2023\\\/06\\\/HOLY-SUPPS.png\",\"contentUrl\":\"https:\\\/\\\/www.holy-supps.nl\\\/wp-content\\\/uploads\\\/2023\\\/06\\\/HOLY-SUPPS.png\",\"width\":1000,\"height\":400,\"caption\":\"Holy Supps\"},\"image\":{\"@id\":\"https:\\\/\\\/www.holy-supps.nl\\\/#\\\/schema\\\/logo\\\/image\\\/\"},\"sameAs\":[\"https:\\\/\\\/www.facebook.com\\\/holy.supps\",\"https:\\\/\\\/www.instagram.com\\\/holy.supps.shop\\\/\"]}]}<\/script>\n<!-- \/ Yoast SEO plugin. -->","yoast_head_json":{"title":"BCAA 2:1:1 - Protein Works - Holy-Supps.co.uk","description":"BCAA 2:1:1 de Protein Works: Aumenta el crecimiento muscular, la recuperaci\u00f3n y la energ\u00eda con la proporci\u00f3n \u00f3ptima de leucina, isoleucina y valina. \u00a1Ideal para cualquier entrenamiento!","robots":{"index":"index","follow":"follow","max-snippet":"max-snippet:-1","max-image-preview":"max-image-preview:large","max-video-preview":"max-video-preview:-1"},"canonical":"https:\/\/www.holy-supps.nl\/es\/producto\/bcaa-211-protein-works\/","og_locale":"es_ES","og_type":"article","og_title":"BCAA 2:1:1 - Protein Works - Holy-Supps.nl","og_description":"BCAA 2:1:1 van Protein Works: Verhoog spiergroei, herstel en energie met de optimale verhouding van leucine, isoleucine en valine. Ideaal voor elke workout!","og_url":"https:\/\/www.holy-supps.nl\/es\/producto\/bcaa-211-protein-works\/","og_site_name":"Holy-Supps.nl","article_publisher":"https:\/\/www.facebook.com\/holy.supps","article_modified_time":"2025-10-22T14:30:47+00:00","og_image":[{"width":1000,"height":1000,"url":"https:\/\/www.holy-supps.nl\/wp-content\/uploads\/2023\/03\/BCAA_2_1_1-1kg_Front_1.webp","type":"image\/webp"}],"twitter_card":"summary_large_image","twitter_misc":{"Tiempo de lectura":"4 minutos"},"schema":{"@context":"https:\/\/schema.org","@graph":[{"@type":"WebPage","@id":"https:\/\/www.holy-supps.nl\/product\/bcaa-211-protein-works\/","url":"https:\/\/www.holy-supps.nl\/product\/bcaa-211-protein-works\/","name":"BCAA 2:1:1 - Protein Works - Holy-Supps.co.uk","isPartOf":{"@id":"https:\/\/www.holy-supps.nl\/#website"},"primaryImageOfPage":{"@id":"https:\/\/www.holy-supps.nl\/product\/bcaa-211-protein-works\/#primaryimage"},"image":{"@id":"https:\/\/www.holy-supps.nl\/product\/bcaa-211-protein-works\/#primaryimage"},"thumbnailUrl":"https:\/\/www.holy-supps.nl\/wp-content\/uploads\/2023\/03\/BCAA_2_1_1-1kg_Front_1.webp","datePublished":"2023-03-24T15:57:01+00:00","dateModified":"2025-10-22T14:30:47+00:00","description":"BCAA 2:1:1 de Protein Works: Aumenta el crecimiento muscular, la recuperaci\u00f3n y la energ\u00eda con la proporci\u00f3n \u00f3ptima de leucina, isoleucina y valina. \u00a1Ideal para cualquier entrenamiento!","breadcrumb":{"@id":"https:\/\/www.holy-supps.nl\/product\/bcaa-211-protein-works\/#breadcrumb"},"inLanguage":"es","potentialAction":[{"@type":"ReadAction","target":["https:\/\/www.holy-supps.nl\/product\/bcaa-211-protein-works\/"]}]},{"@type":"ImageObject","inLanguage":"es","@id":"https:\/\/www.holy-supps.nl\/product\/bcaa-211-protein-works\/#primaryimage","url":"https:\/\/www.holy-supps.nl\/wp-content\/uploads\/2023\/03\/BCAA_2_1_1-1kg_Front_1.webp","contentUrl":"https:\/\/www.holy-supps.nl\/wp-content\/uploads\/2023\/03\/BCAA_2_1_1-1kg_Front_1.webp","width":1000,"height":1000},{"@type":"BreadcrumbList","@id":"https:\/\/www.holy-supps.nl\/product\/bcaa-211-protein-works\/#breadcrumb","itemListElement":[{"@type":"ListItem","position":1,"name":"Home","item":"https:\/\/www.holy-supps.nl\/"},{"@type":"ListItem","position":2,"name":"Winkel","item":"https:\/\/www.holy-supps.nl\/winkel\/"},{"@type":"ListItem","position":3,"name":"BCAA 2:1:1 &#8211; Protein Works"}]},{"@type":"WebSite","@id":"https:\/\/www.holy-supps.nl\/#website","url":"https:\/\/www.holy-supps.nl\/","name":"Holy-Supps.es","description":"\u00a1Distribuidor oficial de EHPLabs!","publisher":{"@id":"https:\/\/www.holy-supps.nl\/#organization"},"potentialAction":[{"@type":"SearchAction","target":{"@type":"EntryPoint","urlTemplate":"https:\/\/www.holy-supps.nl\/?s={search_term_string}"},"query-input":{"@type":"PropertyValueSpecification","valueRequired":true,"valueName":"search_term_string"}}],"inLanguage":"es"},{"@type":"Organization","@id":"https:\/\/www.holy-supps.nl\/#organization","name":"Santa Cena","url":"https:\/\/www.holy-supps.nl\/","logo":{"@type":"ImageObject","inLanguage":"es","@id":"https:\/\/www.holy-supps.nl\/#\/schema\/logo\/image\/","url":"https:\/\/www.holy-supps.nl\/wp-content\/uploads\/2023\/06\/HOLY-SUPPS.png","contentUrl":"https:\/\/www.holy-supps.nl\/wp-content\/uploads\/2023\/06\/HOLY-SUPPS.png","width":1000,"height":400,"caption":"Holy Supps"},"image":{"@id":"https:\/\/www.holy-supps.nl\/#\/schema\/logo\/image\/"},"sameAs":["https:\/\/www.facebook.com\/holy.supps","https:\/\/www.instagram.com\/holy.supps.shop\/"]}]}},"jetpack_sharing_enabled":true,"_links":{"self":[{"href":"https:\/\/www.holy-supps.nl\/es\/wp-json\/wp\/v2\/product\/640","targetHints":{"allow":["GET"]}}],"collection":[{"href":"https:\/\/www.holy-supps.nl\/es\/wp-json\/wp\/v2\/product"}],"about":[{"href":"https:\/\/www.holy-supps.nl\/es\/wp-json\/wp\/v2\/types\/product"}],"replies":[{"embeddable":true,"href":"https:\/\/www.holy-supps.nl\/es\/wp-json\/wp\/v2\/comments?post=640"}],"wp:featuredmedia":[{"embeddable":true,"href":"https:\/\/www.holy-supps.nl\/es\/wp-json\/wp\/v2\/media\/647"}],"wp:attachment":[{"href":"https:\/\/www.holy-supps.nl\/es\/wp-json\/wp\/v2\/media?parent=640"}],"wp:term":[{"taxonomy":"product_brand","embeddable":true,"href":"https:\/\/www.holy-supps.nl\/es\/wp-json\/wp\/v2\/product_brand?post=640"},{"taxonomy":"product_cat","embeddable":true,"href":"https:\/\/www.holy-supps.nl\/es\/wp-json\/wp\/v2\/product_cat?post=640"},{"taxonomy":"product_tag","embeddable":true,"href":"https:\/\/www.holy-supps.nl\/es\/wp-json\/wp\/v2\/product_tag?post=640"}],"curies":[{"name":"wp","href":"https:\/\/api.w.org\/{rel}","templated":true}]}}