{"id":627,"date":"2023-03-24T16:39:53","date_gmt":"2023-03-24T15:39:53","guid":{"rendered":"https:\/\/www.holy-supps.nl\/?post_type=product&#038;p=627"},"modified":"2025-10-29T14:37:23","modified_gmt":"2025-10-29T13:37:23","slug":"proteina-de-suero-80-concentrado-proteina-funciona","status":"publish","type":"product","link":"https:\/\/www.holy-supps.nl\/es\/product\/whey-protein-80-concentrate-protein-works\/","title":{"rendered":"Prote\u00edna de suero 80 (concentrado) - Protein Works"},"content":{"rendered":"<div>\n<p>Ganador del codiciado \"Premio a la mejor prote\u00edna\", Whey Protein 80 es el est\u00e1ndar de oro en batidos de prote\u00ednas de primera calidad, elaborado simplemente con concentrado de prote\u00edna de suero pura 100%. La calificaci\u00f3n de cinco estrellas se debe a su textura ultrasuave, su amplia gama de sabores y su mezcla instant\u00e1nea. Le garantizamos una textura suave y cremosa, sin regustos ni granos. Una sola raci\u00f3n de Whey Protein 80 contiene hasta 80% de prote\u00ednas y no contiene az\u00facares a\u00f1adidos. Es el batido de prote\u00ednas definitivo para aumentar su ingesta de prote\u00ednas en cualquier momento del d\u00eda.<\/p>\n<\/div>\n<h2>\u00bfQu\u00e9 es la prote\u00edna de suero 80?<\/h2>\n<div>Nuestra Prote\u00edna de Suero 80 es insuperable en t\u00e9rminos de calidad y sabor. Desarrollados sin concesiones utilizando \u00fanicamente el mejor concentrado de prote\u00edna de suero, estos batidos de prote\u00ednas \u00fanicos ofrecen un enorme contenido proteico de 80%. Esto supone 20 g de prote\u00ednas, 2,1 g de hidratos de carbono y 99 calor\u00edas por raci\u00f3n de 25 g.<\/div>\n<div><\/div>\n<div>\n<p>En Protein Works, no subcontratamos la producci\u00f3n de nuestros polvos. En su lugar, producimos todos nuestros batidos de prote\u00ednas nosotros mismos aqu\u00ed en el Reino Unido, en nuestras instalaciones de fabricaci\u00f3n de \u00faltima generaci\u00f3n. Esto nos permite perfeccionar todos los aspectos del producto: desde el sabor hasta la nutrici\u00f3n y la textura. La gama de sabores disponibles en Whey Protein 80 est\u00e1 dise\u00f1ada para mantener las cosas frescas en el armario de su casa.<\/p>\n<\/div>\n<h2>\u00bfCu\u00e1les son los beneficios de la Prote\u00edna de Suero 80?<\/h2>\n<div>Whey Protein 80 tiene un alto contenido en BCAA y un bajo contenido en grasa y colesterol, lo que lo convierte en un batido de prote\u00ednas saludable que puede consumir en cualquier momento del d\u00eda. El alto contenido en prote\u00ednas y la riqueza en amino\u00e1cidos esenciales hacen que Whey Protein 80 contribuya al crecimiento y mantenimiento de la masa muscular, ayud\u00e1ndote a alcanzar y mantener tus objetivos de forma f\u00edsica.<\/div>\n<h2>\u00bfQu\u00e9 hace que Whey Protein 80 sea \u00fanica?<\/h2>\n<div><strong>Textura suave -<\/strong> Whey Protein 80 proporciona un batido de prote\u00ednas suave, cremoso y delicioso que satisfar\u00e1 sus papilas gustativas tras cada sorbo.<\/div>\n<div><strong>Sabores deliciosos -<\/strong> Whey Protein 80 est\u00e1 disponible en varios sabores deliciosos, como Millionaire's Shortbread, Butterscotch Ripple, Salted Caramel Bandit y muchos m\u00e1s.<\/div>\n<div><strong>Sin regusto -<\/strong> A diferencia de otras prote\u00ednas en polvo del mercado, nuestra Prote\u00edna de Suero 80 no tiene regusto artificial.<\/div>\n<div><strong>Miscibilidad inmediata -<\/strong> Gracias a su composici\u00f3n de alta calidad y a su perfecta formulaci\u00f3n, nuestra Prote\u00edna de Suero 80 es f\u00e1cil y r\u00e1pida de mezclar en un batido suave y cremoso.<\/div>\n<div><strong>Sin granulosidad. <\/strong>garantizamos 100% cero arenilla en su Whey Protein 80.<\/div>\n<div><strong>Perfectamente endulzado.<\/strong> Whey Protein 80 est\u00e1 perfectamente endulzado para que pueda disfrutar de su batido sin que el dulzor domine otros sabores.<\/div>\n<h2>\u00bfQu\u00e9 tan natural es la Prote\u00edna de Suero 80?<\/h2>\n<div>La Prote\u00edna de Suero 80 es una fuente de alimento natural que ha sido una parte importante de la dieta de la gente durante siglos. Las investigaciones han demostrado que la leche de vacas alimentadas con pasto contiene m\u00e1s \u00e1cidos linoleicos y m\u00e1s \u00e1cidos grasos omega-3 que la leche de vacas mantenidas en el interior. Con nuestra Prote\u00edna de Suero 80, puede estar seguro de que est\u00e1 obteniendo la prote\u00edna de suero m\u00e1s pura y natural.<\/div>\n<h2>\u00bfCu\u00e1ndo debo utilizar Whey Protein 80 en polvo?<\/h2>\n<div>\n<p>Los batidos de prote\u00edna de suero pueden consumirse casi en cualquier momento del d\u00eda, pero para obtener resultados \u00f3ptimos, recomendamos consumirlos una hora despu\u00e9s del entrenamiento. Esto se conoce como la \"hora dorada\", cuando el cuerpo y los m\u00fasculos comienzan a recuperarse. Gracias a las incre\u00edbles propiedades de Whey Protein 80, puede tomarse a cualquier hora que le venga bien para aumentar su ingesta de prote\u00ednas y satisfacer sus antojos de una forma sana y deliciosa: baja en calor\u00edas, baja en lactosa, sin az\u00facares a\u00f1adidos y baja en colesterol. Por lo tanto, es perfecto para quienes siguen una dieta restringida en calor\u00edas. Como siempre, recomendamos utilizar nuestros productos en combinaci\u00f3n con una dieta variada y equilibrada y ejercicio regular.<\/p>\n<\/div>\n<div class=\"nutritionalInfo col\">\n<h2>Contenido<\/h2>\n<table>\n<tbody>\n<tr class=\"title\">\n<th>Valores basados en:<\/th>\n<th>por 100 g<\/th>\n<th>por porci\u00f3n de 25 g<\/th>\n<\/tr>\n<tr>\n<td>Energ\u00eda (kJ)<\/td>\n<td>1680<\/td>\n<td>420<\/td>\n<\/tr>\n<tr>\n<td>Energ\u00eda (kcal)<\/td>\n<td>401<\/td>\n<td>100<\/td>\n<\/tr>\n<tr>\n<td>Grasa (g)<\/td>\n<td>6.1<\/td>\n<td>1.5<\/td>\n<\/tr>\n<tr>\n<td>de los cuales saturados (g)<\/td>\n<td>4.3<\/td>\n<td>1.1<\/td>\n<\/tr>\n<tr>\n<td>Hidratos de carbono (g)<\/td>\n<td>9<\/td>\n<td>2.3<\/td>\n<\/tr>\n<tr>\n<td>de los cuales Az\u00facares (g)<\/td>\n<td>7.3<\/td>\n<td>1.8<\/td>\n<\/tr>\n<tr>\n<td>Fibra (g)<\/td>\n<td>0.5<\/td>\n<td>0.1<\/td>\n<\/tr>\n<tr>\n<td>Prote\u00edna (g)<\/td>\n<td>81<\/td>\n<td>20<\/td>\n<\/tr>\n<tr>\n<td>Sal (g)<\/td>\n<td>0.2<\/td>\n<td>0.05<\/td>\n<\/tr>\n<\/tbody>\n<\/table>\n<\/div>\n<div class=\"col\">\n<h2 class=\"ingredients-title\">Ingredientes - Banana Smooth<\/h2>\n<div class=\"ingredients\">\n<div class=\"specs-wrap\">\n<table class=\"specs-table\" cellspacing=\"0\" cellpadding=\"0\">\n<tbody>\n<tr>\n<td colspan=\"2\">Para los al\u00e9rgenos. Consulte <strong>audaz.<\/strong><\/td>\n<\/tr>\n<tr>\n<td>Concentrado de prote\u00edna de suero (leche) (emulgente: lecitina de girasol), aroma, espesante (goma xantana), edulcorante (sucralosa), colorante (curcumina).<\/td>\n<\/tr>\n<tr>\n<td>Elaborado en una f\u00e1brica que procesa leche, huevos, cereales con gluten, cacahuetes, frutos de c\u00e1scara y soja.<\/td>\n<\/tr>\n<\/tbody>\n<\/table>\n<\/div>\n<\/div>\n<\/div>","protected":false},"excerpt":{"rendered":"<p>Ganador del codiciado \"Premio a la mejor prote\u00edna\", Whey Protein 80 es el est\u00e1ndar de oro en batidos de prote\u00ednas de primera calidad, elaborado simplemente con concentrado de prote\u00edna de suero pura 100%. La calificaci\u00f3n de cinco estrellas se debe a su textura ultrasuave, su amplia gama de sabores y su mezcla instant\u00e1nea. Le garantizamos una textura suave y cremosa, sin regustos ni granos. Una sola raci\u00f3n de Whey Protein 80 contiene hasta 80% de prote\u00ednas y no contiene az\u00facares a\u00f1adidos. Es el batido de prote\u00ednas definitivo para aumentar su ingesta de prote\u00ednas en cualquier momento del d\u00eda.<\/p>","protected":false},"featured_media":631,"comment_status":"open","ping_status":"closed","template":"","meta":[],"product_brand":[],"product_cat":[86,89,77,80,67,71,75,73,178,81,83],"product_tag":[],"class_list":{"0":"post-627","1":"product","2":"type-product","3":"status-publish","4":"has-post-thumbnail","6":"product_cat-aankomen","7":"product_cat-afvallen","8":"product_cat-bundles-save","9":"product_cat-doel","10":"product_cat-eiwitten-proteine","11":"product_cat-merken","12":"product_cat-producten","13":"product_cat-protein-works","14":"product_cat-sale-bundles","15":"product_cat-spieropbouw","16":"product_cat-the-protein-works","18":"first","19":"outofstock","20":"sale","21":"taxable","22":"shipping-taxable","23":"purchasable","24":"product-type-variable"},"yoast_head":"<!-- This site is optimized with the Yoast SEO plugin v27.4 - https:\/\/yoast.com\/product\/yoast-seo-wordpress\/ -->\n<title>Whey Protein 80 (Concentrate) - Protein Works - Holy-Supps.nl<\/title>\n<meta name=\"description\" content=\"Whey Protein 80: Premium eiwitshake met 80% eiwit per portie. Gladde textuur, heerlijke smaken en perfecte mixbaarheid. Ideaal na je workout.\" \/>\n<meta name=\"robots\" content=\"index, follow, max-snippet:-1, max-image-preview:large, max-video-preview:-1\" \/>\n<link rel=\"canonical\" href=\"https:\/\/www.holy-supps.nl\/es\/producto\/proteina-de-suero-80-concentrado-proteina-funciona\/\" \/>\n<meta property=\"og:locale\" content=\"es_ES\" \/>\n<meta property=\"og:type\" content=\"article\" \/>\n<meta property=\"og:title\" content=\"Whey Protein 80 (Concentrate) - Protein Works - Holy-Supps.nl\" \/>\n<meta property=\"og:description\" content=\"Whey Protein 80: Premium eiwitshake met 80% eiwit per portie. Gladde textuur, heerlijke smaken en perfecte mixbaarheid. Ideaal na je workout.\" \/>\n<meta property=\"og:url\" content=\"https:\/\/www.holy-supps.nl\/es\/producto\/proteina-de-suero-80-concentrado-proteina-funciona\/\" \/>\n<meta property=\"og:site_name\" content=\"Holy-Supps.nl\" \/>\n<meta property=\"article:publisher\" content=\"https:\/\/www.facebook.com\/holy.supps\" \/>\n<meta property=\"article:modified_time\" content=\"2025-10-29T13:37:23+00:00\" \/>\n<meta property=\"og:image\" content=\"https:\/\/www.holy-supps.nl\/wp-content\/uploads\/2023\/03\/Whey_Protein_80-1kg_Front_1.webp\" \/>\n\t<meta property=\"og:image:width\" content=\"1000\" \/>\n\t<meta property=\"og:image:height\" content=\"1000\" \/>\n\t<meta property=\"og:image:type\" content=\"image\/webp\" \/>\n<meta name=\"twitter:card\" content=\"summary_large_image\" \/>\n<meta name=\"twitter:label1\" content=\"Tiempo de lectura\" \/>\n\t<meta name=\"twitter:data1\" content=\"4 minutos\" \/>\n<script type=\"application\/ld+json\" class=\"yoast-schema-graph\">{\"@context\":\"https:\\\/\\\/schema.org\",\"@graph\":[{\"@type\":\"WebPage\",\"@id\":\"https:\\\/\\\/www.holy-supps.nl\\\/product\\\/whey-protein-80-concentrate-protein-works\\\/\",\"url\":\"https:\\\/\\\/www.holy-supps.nl\\\/product\\\/whey-protein-80-concentrate-protein-works\\\/\",\"name\":\"Whey Protein 80 (Concentrate) - Protein Works - Holy-Supps.nl\",\"isPartOf\":{\"@id\":\"https:\\\/\\\/www.holy-supps.nl\\\/#website\"},\"primaryImageOfPage\":{\"@id\":\"https:\\\/\\\/www.holy-supps.nl\\\/product\\\/whey-protein-80-concentrate-protein-works\\\/#primaryimage\"},\"image\":{\"@id\":\"https:\\\/\\\/www.holy-supps.nl\\\/product\\\/whey-protein-80-concentrate-protein-works\\\/#primaryimage\"},\"thumbnailUrl\":\"https:\\\/\\\/www.holy-supps.nl\\\/wp-content\\\/uploads\\\/2023\\\/03\\\/Whey_Protein_80-1kg_Front_1.webp\",\"datePublished\":\"2023-03-24T15:39:53+00:00\",\"dateModified\":\"2025-10-29T13:37:23+00:00\",\"description\":\"Whey Protein 80: Premium eiwitshake met 80% eiwit per portie. Gladde textuur, heerlijke smaken en perfecte mixbaarheid. Ideaal na je workout.\",\"breadcrumb\":{\"@id\":\"https:\\\/\\\/www.holy-supps.nl\\\/product\\\/whey-protein-80-concentrate-protein-works\\\/#breadcrumb\"},\"inLanguage\":\"es\",\"potentialAction\":[{\"@type\":\"ReadAction\",\"target\":[\"https:\\\/\\\/www.holy-supps.nl\\\/product\\\/whey-protein-80-concentrate-protein-works\\\/\"]}]},{\"@type\":\"ImageObject\",\"inLanguage\":\"es\",\"@id\":\"https:\\\/\\\/www.holy-supps.nl\\\/product\\\/whey-protein-80-concentrate-protein-works\\\/#primaryimage\",\"url\":\"https:\\\/\\\/www.holy-supps.nl\\\/wp-content\\\/uploads\\\/2023\\\/03\\\/Whey_Protein_80-1kg_Front_1.webp\",\"contentUrl\":\"https:\\\/\\\/www.holy-supps.nl\\\/wp-content\\\/uploads\\\/2023\\\/03\\\/Whey_Protein_80-1kg_Front_1.webp\",\"width\":1000,\"height\":1000},{\"@type\":\"BreadcrumbList\",\"@id\":\"https:\\\/\\\/www.holy-supps.nl\\\/product\\\/whey-protein-80-concentrate-protein-works\\\/#breadcrumb\",\"itemListElement\":[{\"@type\":\"ListItem\",\"position\":1,\"name\":\"Home\",\"item\":\"https:\\\/\\\/www.holy-supps.nl\\\/\"},{\"@type\":\"ListItem\",\"position\":2,\"name\":\"Winkel\",\"item\":\"https:\\\/\\\/www.holy-supps.nl\\\/winkel\\\/\"},{\"@type\":\"ListItem\",\"position\":3,\"name\":\"Whey Protein 80 (Concentrate) &#8211; Protein Works\"}]},{\"@type\":\"WebSite\",\"@id\":\"https:\\\/\\\/www.holy-supps.nl\\\/#website\",\"url\":\"https:\\\/\\\/www.holy-supps.nl\\\/\",\"name\":\"Holy-Supps.nl\",\"description\":\"Official EHPLabs Reseller!\",\"publisher\":{\"@id\":\"https:\\\/\\\/www.holy-supps.nl\\\/#organization\"},\"potentialAction\":[{\"@type\":\"SearchAction\",\"target\":{\"@type\":\"EntryPoint\",\"urlTemplate\":\"https:\\\/\\\/www.holy-supps.nl\\\/?s={search_term_string}\"},\"query-input\":{\"@type\":\"PropertyValueSpecification\",\"valueRequired\":true,\"valueName\":\"search_term_string\"}}],\"inLanguage\":\"es\"},{\"@type\":\"Organization\",\"@id\":\"https:\\\/\\\/www.holy-supps.nl\\\/#organization\",\"name\":\"Holy Supps\",\"url\":\"https:\\\/\\\/www.holy-supps.nl\\\/\",\"logo\":{\"@type\":\"ImageObject\",\"inLanguage\":\"es\",\"@id\":\"https:\\\/\\\/www.holy-supps.nl\\\/#\\\/schema\\\/logo\\\/image\\\/\",\"url\":\"https:\\\/\\\/www.holy-supps.nl\\\/wp-content\\\/uploads\\\/2023\\\/06\\\/HOLY-SUPPS.png\",\"contentUrl\":\"https:\\\/\\\/www.holy-supps.nl\\\/wp-content\\\/uploads\\\/2023\\\/06\\\/HOLY-SUPPS.png\",\"width\":1000,\"height\":400,\"caption\":\"Holy Supps\"},\"image\":{\"@id\":\"https:\\\/\\\/www.holy-supps.nl\\\/#\\\/schema\\\/logo\\\/image\\\/\"},\"sameAs\":[\"https:\\\/\\\/www.facebook.com\\\/holy.supps\",\"https:\\\/\\\/www.instagram.com\\\/holy.supps.shop\\\/\"]}]}<\/script>\n<!-- \/ Yoast SEO plugin. -->","yoast_head_json":{"title":"Prote\u00edna de Suero 80 (Concentrado) - Protein Works - Holy-Supps.co.uk","description":"Whey Protein 80: Batido de prote\u00ednas de primera calidad con 80% de prote\u00ednas por raci\u00f3n. Textura suave, deliciosos sabores y perfecta mezclabilidad. Ideal para despu\u00e9s del entrenamiento.","robots":{"index":"index","follow":"follow","max-snippet":"max-snippet:-1","max-image-preview":"max-image-preview:large","max-video-preview":"max-video-preview:-1"},"canonical":"https:\/\/www.holy-supps.nl\/es\/producto\/proteina-de-suero-80-concentrado-proteina-funciona\/","og_locale":"es_ES","og_type":"article","og_title":"Whey Protein 80 (Concentrate) - Protein Works - Holy-Supps.nl","og_description":"Whey Protein 80: Premium eiwitshake met 80% eiwit per portie. Gladde textuur, heerlijke smaken en perfecte mixbaarheid. Ideaal na je workout.","og_url":"https:\/\/www.holy-supps.nl\/es\/producto\/proteina-de-suero-80-concentrado-proteina-funciona\/","og_site_name":"Holy-Supps.nl","article_publisher":"https:\/\/www.facebook.com\/holy.supps","article_modified_time":"2025-10-29T13:37:23+00:00","og_image":[{"width":1000,"height":1000,"url":"https:\/\/www.holy-supps.nl\/wp-content\/uploads\/2023\/03\/Whey_Protein_80-1kg_Front_1.webp","type":"image\/webp"}],"twitter_card":"summary_large_image","twitter_misc":{"Tiempo de lectura":"4 minutos"},"schema":{"@context":"https:\/\/schema.org","@graph":[{"@type":"WebPage","@id":"https:\/\/www.holy-supps.nl\/product\/whey-protein-80-concentrate-protein-works\/","url":"https:\/\/www.holy-supps.nl\/product\/whey-protein-80-concentrate-protein-works\/","name":"Prote\u00edna de Suero 80 (Concentrado) - Protein Works - Holy-Supps.co.uk","isPartOf":{"@id":"https:\/\/www.holy-supps.nl\/#website"},"primaryImageOfPage":{"@id":"https:\/\/www.holy-supps.nl\/product\/whey-protein-80-concentrate-protein-works\/#primaryimage"},"image":{"@id":"https:\/\/www.holy-supps.nl\/product\/whey-protein-80-concentrate-protein-works\/#primaryimage"},"thumbnailUrl":"https:\/\/www.holy-supps.nl\/wp-content\/uploads\/2023\/03\/Whey_Protein_80-1kg_Front_1.webp","datePublished":"2023-03-24T15:39:53+00:00","dateModified":"2025-10-29T13:37:23+00:00","description":"Whey Protein 80: Batido de prote\u00ednas de primera calidad con 80% de prote\u00ednas por raci\u00f3n. Textura suave, deliciosos sabores y perfecta mezclabilidad. Ideal para despu\u00e9s del entrenamiento.","breadcrumb":{"@id":"https:\/\/www.holy-supps.nl\/product\/whey-protein-80-concentrate-protein-works\/#breadcrumb"},"inLanguage":"es","potentialAction":[{"@type":"ReadAction","target":["https:\/\/www.holy-supps.nl\/product\/whey-protein-80-concentrate-protein-works\/"]}]},{"@type":"ImageObject","inLanguage":"es","@id":"https:\/\/www.holy-supps.nl\/product\/whey-protein-80-concentrate-protein-works\/#primaryimage","url":"https:\/\/www.holy-supps.nl\/wp-content\/uploads\/2023\/03\/Whey_Protein_80-1kg_Front_1.webp","contentUrl":"https:\/\/www.holy-supps.nl\/wp-content\/uploads\/2023\/03\/Whey_Protein_80-1kg_Front_1.webp","width":1000,"height":1000},{"@type":"BreadcrumbList","@id":"https:\/\/www.holy-supps.nl\/product\/whey-protein-80-concentrate-protein-works\/#breadcrumb","itemListElement":[{"@type":"ListItem","position":1,"name":"Home","item":"https:\/\/www.holy-supps.nl\/"},{"@type":"ListItem","position":2,"name":"Winkel","item":"https:\/\/www.holy-supps.nl\/winkel\/"},{"@type":"ListItem","position":3,"name":"Whey Protein 80 (Concentrate) &#8211; Protein Works"}]},{"@type":"WebSite","@id":"https:\/\/www.holy-supps.nl\/#website","url":"https:\/\/www.holy-supps.nl\/","name":"Holy-Supps.es","description":"\u00a1Distribuidor oficial de EHPLabs!","publisher":{"@id":"https:\/\/www.holy-supps.nl\/#organization"},"potentialAction":[{"@type":"SearchAction","target":{"@type":"EntryPoint","urlTemplate":"https:\/\/www.holy-supps.nl\/?s={search_term_string}"},"query-input":{"@type":"PropertyValueSpecification","valueRequired":true,"valueName":"search_term_string"}}],"inLanguage":"es"},{"@type":"Organization","@id":"https:\/\/www.holy-supps.nl\/#organization","name":"Santa Cena","url":"https:\/\/www.holy-supps.nl\/","logo":{"@type":"ImageObject","inLanguage":"es","@id":"https:\/\/www.holy-supps.nl\/#\/schema\/logo\/image\/","url":"https:\/\/www.holy-supps.nl\/wp-content\/uploads\/2023\/06\/HOLY-SUPPS.png","contentUrl":"https:\/\/www.holy-supps.nl\/wp-content\/uploads\/2023\/06\/HOLY-SUPPS.png","width":1000,"height":400,"caption":"Holy Supps"},"image":{"@id":"https:\/\/www.holy-supps.nl\/#\/schema\/logo\/image\/"},"sameAs":["https:\/\/www.facebook.com\/holy.supps","https:\/\/www.instagram.com\/holy.supps.shop\/"]}]}},"jetpack_sharing_enabled":true,"_links":{"self":[{"href":"https:\/\/www.holy-supps.nl\/es\/wp-json\/wp\/v2\/product\/627","targetHints":{"allow":["GET"]}}],"collection":[{"href":"https:\/\/www.holy-supps.nl\/es\/wp-json\/wp\/v2\/product"}],"about":[{"href":"https:\/\/www.holy-supps.nl\/es\/wp-json\/wp\/v2\/types\/product"}],"replies":[{"embeddable":true,"href":"https:\/\/www.holy-supps.nl\/es\/wp-json\/wp\/v2\/comments?post=627"}],"wp:featuredmedia":[{"embeddable":true,"href":"https:\/\/www.holy-supps.nl\/es\/wp-json\/wp\/v2\/media\/631"}],"wp:attachment":[{"href":"https:\/\/www.holy-supps.nl\/es\/wp-json\/wp\/v2\/media?parent=627"}],"wp:term":[{"taxonomy":"product_brand","embeddable":true,"href":"https:\/\/www.holy-supps.nl\/es\/wp-json\/wp\/v2\/product_brand?post=627"},{"taxonomy":"product_cat","embeddable":true,"href":"https:\/\/www.holy-supps.nl\/es\/wp-json\/wp\/v2\/product_cat?post=627"},{"taxonomy":"product_tag","embeddable":true,"href":"https:\/\/www.holy-supps.nl\/es\/wp-json\/wp\/v2\/product_tag?post=627"}],"curies":[{"name":"wp","href":"https:\/\/api.w.org\/{rel}","templated":true}]}}