{"id":619,"date":"2023-03-24T16:10:21","date_gmt":"2023-03-24T15:10:21","guid":{"rendered":"https:\/\/www.holy-supps.nl\/?post_type=product&#038;p=619"},"modified":"2025-10-22T14:36:55","modified_gmt":"2025-10-22T12:36:55","slug":"quemador-raze","status":"publish","type":"product","link":"https:\/\/www.holy-supps.nl\/es\/product\/raze-burner\/","title":{"rendered":"RAZE Burner - Pre-Entrenamiento - Protein Works"},"content":{"rendered":"<h2>Descripci\u00f3n<\/h2>\n<p>Raze Burner de The Protein Works es un suplemento en forma de c\u00e1psulas que consiste en una combinaci\u00f3n de ingredientes como cafe\u00edna, colina y varios extractos de plantas. El producto est\u00e1 dise\u00f1ado para adultos que desean utilizar un suplemento de este tipo de forma sencilla. Gracias a sus pr\u00e1cticas c\u00e1psulas, es f\u00e1cil de tomar y dosificar.<\/p>\n<h2>Ventajas<\/h2>\n<ul>\n<li>Contiene cafe\u00edna y colina<\/li>\n<li>C\u00f3modas c\u00e1psulas, f\u00e1ciles de usar<\/li>\n<li>Adecuado para adultos<\/li>\n<li>Contiene extractos de plantas cuidadosamente seleccionados<\/li>\n<\/ul>\n<h2>Utilice<\/h2>\n<p>Tomar las c\u00e1psulas con abundante agua, preferiblemente repartida a lo largo del d\u00eda. Siga la dosis diaria recomendada que figura en el envase. No excederse. Este producto est\u00e1 destinado a complementar una dieta variada y equilibrada y un estilo de vida saludable.<\/p>","protected":false},"excerpt":{"rendered":"<p>Raze Burner de The Protein Works es una f\u00f3rmula cuidadosamente formulada en forma de c\u00e1psulas. El producto incluye cafe\u00edna, colina y extractos de plantas seleccionadas. Una opci\u00f3n pr\u00e1ctica para adultos que buscan incorporar este tipo de suplemento a su rutina diaria.<\/p>","protected":false},"featured_media":623,"comment_status":"open","ping_status":"closed","template":"","meta":[],"product_brand":[],"product_cat":[89,212,77,80,69,71,88,68,75,73,84],"product_tag":[],"class_list":{"0":"post-619","1":"product","2":"type-product","3":"status-publish","4":"has-post-thumbnail","6":"product_cat-afvallen","7":"product_cat-bestsellers","8":"product_cat-bundles-save","9":"product_cat-doel","10":"product_cat-fatburners","11":"product_cat-merken","12":"product_cat-pre-workout-2","13":"product_cat-pre-workout","14":"product_cat-producten","15":"product_cat-protein-works","16":"product_cat-vegan-supplementen","18":"first","19":"outofstock","20":"sale","21":"taxable","22":"shipping-taxable","23":"purchasable","24":"product-type-variable"},"yoast_head":"<!-- This site is optimized with the Yoast SEO plugin v27.4 - https:\/\/yoast.com\/product\/yoast-seo-wordpress\/ -->\n<title>RAZE Burner - Pre Workout - Protein Works - Holy-Supps.nl<\/title>\n<meta name=\"description\" content=\"Raze Burner: Explosieve pre-workout met 200mg cafe\u00efne, L-Carnitine en L-Tyrosine. Verhoogt energie, focus en vetverbranding. Suikervrij, glutenvrij, vegan.\" \/>\n<meta name=\"robots\" content=\"index, follow, max-snippet:-1, max-image-preview:large, max-video-preview:-1\" \/>\n<link rel=\"canonical\" href=\"https:\/\/www.holy-supps.nl\/es\/producto\/quemador-raze\/\" \/>\n<meta property=\"og:locale\" content=\"es_ES\" \/>\n<meta property=\"og:type\" content=\"article\" \/>\n<meta property=\"og:title\" content=\"RAZE Burner - Pre Workout - Protein Works - Holy-Supps.nl\" \/>\n<meta property=\"og:description\" content=\"Raze Burner: Explosieve pre-workout met 200mg cafe\u00efne, L-Carnitine en L-Tyrosine. Verhoogt energie, focus en vetverbranding. Suikervrij, glutenvrij, vegan.\" \/>\n<meta property=\"og:url\" content=\"https:\/\/www.holy-supps.nl\/es\/producto\/quemador-raze\/\" \/>\n<meta property=\"og:site_name\" content=\"Holy-Supps.nl\" \/>\n<meta property=\"article:publisher\" content=\"https:\/\/www.facebook.com\/holy.supps\" \/>\n<meta property=\"article:modified_time\" content=\"2025-10-22T12:36:55+00:00\" \/>\n<meta property=\"og:image\" content=\"https:\/\/www.holy-supps.nl\/wp-content\/uploads\/2023\/03\/raze_burner_sour_cherry_apple_pdp_1.webp\" \/>\n\t<meta property=\"og:image:width\" content=\"1000\" \/>\n\t<meta property=\"og:image:height\" content=\"1000\" \/>\n\t<meta property=\"og:image:type\" content=\"image\/webp\" \/>\n<meta name=\"twitter:card\" content=\"summary_large_image\" \/>\n<meta name=\"twitter:label1\" content=\"Tiempo de lectura\" \/>\n\t<meta name=\"twitter:data1\" content=\"3 minutos\" \/>\n<script type=\"application\/ld+json\" class=\"yoast-schema-graph\">{\"@context\":\"https:\\\/\\\/schema.org\",\"@graph\":[{\"@type\":\"WebPage\",\"@id\":\"https:\\\/\\\/www.holy-supps.nl\\\/product\\\/raze-burner\\\/\",\"url\":\"https:\\\/\\\/www.holy-supps.nl\\\/product\\\/raze-burner\\\/\",\"name\":\"RAZE Burner - Pre Workout - Protein Works - Holy-Supps.nl\",\"isPartOf\":{\"@id\":\"https:\\\/\\\/www.holy-supps.nl\\\/#website\"},\"primaryImageOfPage\":{\"@id\":\"https:\\\/\\\/www.holy-supps.nl\\\/product\\\/raze-burner\\\/#primaryimage\"},\"image\":{\"@id\":\"https:\\\/\\\/www.holy-supps.nl\\\/product\\\/raze-burner\\\/#primaryimage\"},\"thumbnailUrl\":\"https:\\\/\\\/www.holy-supps.nl\\\/wp-content\\\/uploads\\\/2023\\\/03\\\/raze_burner_sour_cherry_apple_pdp_1.webp\",\"datePublished\":\"2023-03-24T15:10:21+00:00\",\"dateModified\":\"2025-10-22T12:36:55+00:00\",\"description\":\"Raze Burner: Explosieve pre-workout met 200mg cafe\u00efne, L-Carnitine en L-Tyrosine. Verhoogt energie, focus en vetverbranding. Suikervrij, glutenvrij, vegan.\",\"breadcrumb\":{\"@id\":\"https:\\\/\\\/www.holy-supps.nl\\\/product\\\/raze-burner\\\/#breadcrumb\"},\"inLanguage\":\"es\",\"potentialAction\":[{\"@type\":\"ReadAction\",\"target\":[\"https:\\\/\\\/www.holy-supps.nl\\\/product\\\/raze-burner\\\/\"]}]},{\"@type\":\"ImageObject\",\"inLanguage\":\"es\",\"@id\":\"https:\\\/\\\/www.holy-supps.nl\\\/product\\\/raze-burner\\\/#primaryimage\",\"url\":\"https:\\\/\\\/www.holy-supps.nl\\\/wp-content\\\/uploads\\\/2023\\\/03\\\/raze_burner_sour_cherry_apple_pdp_1.webp\",\"contentUrl\":\"https:\\\/\\\/www.holy-supps.nl\\\/wp-content\\\/uploads\\\/2023\\\/03\\\/raze_burner_sour_cherry_apple_pdp_1.webp\",\"width\":1000,\"height\":1000},{\"@type\":\"BreadcrumbList\",\"@id\":\"https:\\\/\\\/www.holy-supps.nl\\\/product\\\/raze-burner\\\/#breadcrumb\",\"itemListElement\":[{\"@type\":\"ListItem\",\"position\":1,\"name\":\"Home\",\"item\":\"https:\\\/\\\/www.holy-supps.nl\\\/\"},{\"@type\":\"ListItem\",\"position\":2,\"name\":\"Winkel\",\"item\":\"https:\\\/\\\/www.holy-supps.nl\\\/winkel\\\/\"},{\"@type\":\"ListItem\",\"position\":3,\"name\":\"RAZE Burner &#8211; Pre Workout &#8211; Protein Works\"}]},{\"@type\":\"WebSite\",\"@id\":\"https:\\\/\\\/www.holy-supps.nl\\\/#website\",\"url\":\"https:\\\/\\\/www.holy-supps.nl\\\/\",\"name\":\"Holy-Supps.nl\",\"description\":\"Official EHPLabs Reseller!\",\"publisher\":{\"@id\":\"https:\\\/\\\/www.holy-supps.nl\\\/#organization\"},\"potentialAction\":[{\"@type\":\"SearchAction\",\"target\":{\"@type\":\"EntryPoint\",\"urlTemplate\":\"https:\\\/\\\/www.holy-supps.nl\\\/?s={search_term_string}\"},\"query-input\":{\"@type\":\"PropertyValueSpecification\",\"valueRequired\":true,\"valueName\":\"search_term_string\"}}],\"inLanguage\":\"es\"},{\"@type\":\"Organization\",\"@id\":\"https:\\\/\\\/www.holy-supps.nl\\\/#organization\",\"name\":\"Holy Supps\",\"url\":\"https:\\\/\\\/www.holy-supps.nl\\\/\",\"logo\":{\"@type\":\"ImageObject\",\"inLanguage\":\"es\",\"@id\":\"https:\\\/\\\/www.holy-supps.nl\\\/#\\\/schema\\\/logo\\\/image\\\/\",\"url\":\"https:\\\/\\\/www.holy-supps.nl\\\/wp-content\\\/uploads\\\/2023\\\/06\\\/HOLY-SUPPS.png\",\"contentUrl\":\"https:\\\/\\\/www.holy-supps.nl\\\/wp-content\\\/uploads\\\/2023\\\/06\\\/HOLY-SUPPS.png\",\"width\":1000,\"height\":400,\"caption\":\"Holy Supps\"},\"image\":{\"@id\":\"https:\\\/\\\/www.holy-supps.nl\\\/#\\\/schema\\\/logo\\\/image\\\/\"},\"sameAs\":[\"https:\\\/\\\/www.facebook.com\\\/holy.supps\",\"https:\\\/\\\/www.instagram.com\\\/holy.supps.shop\\\/\"]}]}<\/script>\n<!-- \/ Yoast SEO plugin. -->","yoast_head_json":{"title":"RAZE Burner - Pre-Entrenamiento - Protein Works - Holy-Supps.co.uk","description":"Raze Burner: Pre-entreno explosivo con 200mg de cafe\u00edna, L-Carnitina y L-Tirosina. Aumenta la energ\u00eda, la concentraci\u00f3n y la quema de grasa. Sin az\u00facar, sin gluten, vegano.","robots":{"index":"index","follow":"follow","max-snippet":"max-snippet:-1","max-image-preview":"max-image-preview:large","max-video-preview":"max-video-preview:-1"},"canonical":"https:\/\/www.holy-supps.nl\/es\/producto\/quemador-raze\/","og_locale":"es_ES","og_type":"article","og_title":"RAZE Burner - Pre Workout - Protein Works - Holy-Supps.nl","og_description":"Raze Burner: Explosieve pre-workout met 200mg cafe\u00efne, L-Carnitine en L-Tyrosine. Verhoogt energie, focus en vetverbranding. Suikervrij, glutenvrij, vegan.","og_url":"https:\/\/www.holy-supps.nl\/es\/producto\/quemador-raze\/","og_site_name":"Holy-Supps.nl","article_publisher":"https:\/\/www.facebook.com\/holy.supps","article_modified_time":"2025-10-22T12:36:55+00:00","og_image":[{"width":1000,"height":1000,"url":"https:\/\/www.holy-supps.nl\/wp-content\/uploads\/2023\/03\/raze_burner_sour_cherry_apple_pdp_1.webp","type":"image\/webp"}],"twitter_card":"summary_large_image","twitter_misc":{"Tiempo de lectura":"3 minutos"},"schema":{"@context":"https:\/\/schema.org","@graph":[{"@type":"WebPage","@id":"https:\/\/www.holy-supps.nl\/product\/raze-burner\/","url":"https:\/\/www.holy-supps.nl\/product\/raze-burner\/","name":"RAZE Burner - Pre-Entrenamiento - Protein Works - Holy-Supps.co.uk","isPartOf":{"@id":"https:\/\/www.holy-supps.nl\/#website"},"primaryImageOfPage":{"@id":"https:\/\/www.holy-supps.nl\/product\/raze-burner\/#primaryimage"},"image":{"@id":"https:\/\/www.holy-supps.nl\/product\/raze-burner\/#primaryimage"},"thumbnailUrl":"https:\/\/www.holy-supps.nl\/wp-content\/uploads\/2023\/03\/raze_burner_sour_cherry_apple_pdp_1.webp","datePublished":"2023-03-24T15:10:21+00:00","dateModified":"2025-10-22T12:36:55+00:00","description":"Raze Burner: Pre-entreno explosivo con 200mg de cafe\u00edna, L-Carnitina y L-Tirosina. Aumenta la energ\u00eda, la concentraci\u00f3n y la quema de grasa. Sin az\u00facar, sin gluten, vegano.","breadcrumb":{"@id":"https:\/\/www.holy-supps.nl\/product\/raze-burner\/#breadcrumb"},"inLanguage":"es","potentialAction":[{"@type":"ReadAction","target":["https:\/\/www.holy-supps.nl\/product\/raze-burner\/"]}]},{"@type":"ImageObject","inLanguage":"es","@id":"https:\/\/www.holy-supps.nl\/product\/raze-burner\/#primaryimage","url":"https:\/\/www.holy-supps.nl\/wp-content\/uploads\/2023\/03\/raze_burner_sour_cherry_apple_pdp_1.webp","contentUrl":"https:\/\/www.holy-supps.nl\/wp-content\/uploads\/2023\/03\/raze_burner_sour_cherry_apple_pdp_1.webp","width":1000,"height":1000},{"@type":"BreadcrumbList","@id":"https:\/\/www.holy-supps.nl\/product\/raze-burner\/#breadcrumb","itemListElement":[{"@type":"ListItem","position":1,"name":"Home","item":"https:\/\/www.holy-supps.nl\/"},{"@type":"ListItem","position":2,"name":"Winkel","item":"https:\/\/www.holy-supps.nl\/winkel\/"},{"@type":"ListItem","position":3,"name":"RAZE Burner &#8211; Pre Workout &#8211; Protein Works"}]},{"@type":"WebSite","@id":"https:\/\/www.holy-supps.nl\/#website","url":"https:\/\/www.holy-supps.nl\/","name":"Holy-Supps.es","description":"\u00a1Distribuidor oficial de EHPLabs!","publisher":{"@id":"https:\/\/www.holy-supps.nl\/#organization"},"potentialAction":[{"@type":"SearchAction","target":{"@type":"EntryPoint","urlTemplate":"https:\/\/www.holy-supps.nl\/?s={search_term_string}"},"query-input":{"@type":"PropertyValueSpecification","valueRequired":true,"valueName":"search_term_string"}}],"inLanguage":"es"},{"@type":"Organization","@id":"https:\/\/www.holy-supps.nl\/#organization","name":"Santa Cena","url":"https:\/\/www.holy-supps.nl\/","logo":{"@type":"ImageObject","inLanguage":"es","@id":"https:\/\/www.holy-supps.nl\/#\/schema\/logo\/image\/","url":"https:\/\/www.holy-supps.nl\/wp-content\/uploads\/2023\/06\/HOLY-SUPPS.png","contentUrl":"https:\/\/www.holy-supps.nl\/wp-content\/uploads\/2023\/06\/HOLY-SUPPS.png","width":1000,"height":400,"caption":"Holy Supps"},"image":{"@id":"https:\/\/www.holy-supps.nl\/#\/schema\/logo\/image\/"},"sameAs":["https:\/\/www.facebook.com\/holy.supps","https:\/\/www.instagram.com\/holy.supps.shop\/"]}]}},"jetpack_sharing_enabled":true,"_links":{"self":[{"href":"https:\/\/www.holy-supps.nl\/es\/wp-json\/wp\/v2\/product\/619","targetHints":{"allow":["GET"]}}],"collection":[{"href":"https:\/\/www.holy-supps.nl\/es\/wp-json\/wp\/v2\/product"}],"about":[{"href":"https:\/\/www.holy-supps.nl\/es\/wp-json\/wp\/v2\/types\/product"}],"replies":[{"embeddable":true,"href":"https:\/\/www.holy-supps.nl\/es\/wp-json\/wp\/v2\/comments?post=619"}],"wp:featuredmedia":[{"embeddable":true,"href":"https:\/\/www.holy-supps.nl\/es\/wp-json\/wp\/v2\/media\/623"}],"wp:attachment":[{"href":"https:\/\/www.holy-supps.nl\/es\/wp-json\/wp\/v2\/media?parent=619"}],"wp:term":[{"taxonomy":"product_brand","embeddable":true,"href":"https:\/\/www.holy-supps.nl\/es\/wp-json\/wp\/v2\/product_brand?post=619"},{"taxonomy":"product_cat","embeddable":true,"href":"https:\/\/www.holy-supps.nl\/es\/wp-json\/wp\/v2\/product_cat?post=619"},{"taxonomy":"product_tag","embeddable":true,"href":"https:\/\/www.holy-supps.nl\/es\/wp-json\/wp\/v2\/product_tag?post=619"}],"curies":[{"name":"wp","href":"https:\/\/api.w.org\/{rel}","templated":true}]}}