{"id":594,"date":"2023-03-24T15:15:02","date_gmt":"2023-03-24T14:15:02","guid":{"rendered":"https:\/\/www.holy-supps.nl\/?post_type=product&#038;p=594"},"modified":"2026-01-08T13:23:07","modified_gmt":"2026-01-08T12:23:07","slug":"zinc-y-magnesio-90-comprimidos-protein-works","status":"publish","type":"product","link":"https:\/\/www.holy-supps.nl\/es\/product\/zinc-and-magnesium-90-tabs-protein-works\/","title":{"rendered":"Zinc y Magnesio - 90 Tabletas - Protein Works"},"content":{"rendered":"<div class=\"product-description-bullets\">\n<p>Zinc y Magnesio es una mezcla de importantes minerales y vitaminas que suele tomarse antes de acostarse.<\/p>\n<p>Combinada con vitamina B6 y cobre como suplementos adicionales, es una combinaci\u00f3n muy popular entre los atletas que entrenan con regularidad.<\/p>\n<p>Contiene 10 mg de zinc (100% CDR), 150 mg de magnesio (citrato de magnesio) (40% CDR), 3,5 mg de vitamina B6 y 0,23 mg de cobre.<\/p>\n<h1>\u00bfQu\u00e9 son las pastillas de zinc y magnesio?<\/h1>\n<p>Nuestro suplemento de zinc y magnesio combina minerales y vitaminas que muchas personas utilizan a diario.<\/p>\n<p>Complementado con vitamina B6 y cobre, este producto suele ser elegido por deportistas y personas activas.<\/p>\n<p>Los cuatro principios activos de nuestros comprimidos de \u2018Zinc y Magnesio\u2019 son esenciales, lo que significa que deben tomarse a trav\u00e9s de la dieta o de suplementos.<\/p>\n<h1>Caracter\u00edsticas del zinc y el magnesio<\/h1>\n<p><strong>Zinc:<\/strong> Este mineral se encuentra de forma natural en el marisco, los frutos secos y los cereales. El zinc es conocido como un mineral vers\u00e1til que contribuye a diversos procesos del organismo. Cada comprimido contiene 30 mg\/300% VRN (tres veces la cantidad diaria recomendada de zinc).<\/p>\n<p><strong>Magnesio:<\/strong> El magnesio se encuentra de forma natural en las verduras de hoja verde, las legumbres y los cereales. Cada porci\u00f3n de zinc y magnesio contiene 150 mg de magnesio en forma de citrato de magnesio.<\/p>\n<p><strong>Citrato de cobre y vitamina B6:<\/strong> Adem\u00e1s de zinc y magnesio, este suplemento tambi\u00e9n contiene cobre y vitamina B6. Cada porci\u00f3n contiene 750 \u00b5g de cobre (75% VRN) y casi tres veces la dosis diaria recomendada de vitamina B6.<\/p>\n<h1>\u00bfPor qu\u00e9 comprar zinc y magnesio?<\/h1>\n<p>Los deportistas y quienes hacen ejercicio con regularidad suelen optar por suplementos de zinc y magnesio, ya que los minerales pueden perderse en parte durante el ejercicio.<\/p>\n<p>Nuestros comprimidos de zinc y magnesio contienen ingredientes en su forma m\u00e1s pura. El magnesio est\u00e1 presente como citrato de magnesio, una forma que se absorbe f\u00e1cilmente.<\/p>\n<p><strong>Otros suplementos que van bien con el zinc y el magnesio<\/strong><\/p>\n<p>El zinc y el magnesio pueden combinarse con otros suplementos. A menudo se utiliza junto con la vitamina D3. Ambos est\u00e1n disponibles en c\u00f3modos comprimidos, por lo que se adaptan f\u00e1cilmente a la rutina diaria.<\/p>\n<\/div>","protected":false},"excerpt":{"rendered":"<p>Zinc y Magnesio es una mezcla de vitaminas y minerales esenciales que suele tomarse antes de acostarse para combatir la fatiga y tambi\u00e9n normalizar los niveles de testosterona en sangre.<\/p>","protected":false},"featured_media":597,"comment_status":"open","ping_status":"closed","template":"","meta":[],"product_brand":[],"product_cat":[77,71,73,70,92],"product_tag":[],"class_list":{"0":"post-594","1":"product","2":"type-product","3":"status-publish","4":"has-post-thumbnail","6":"product_cat-bundles-save","7":"product_cat-merken","8":"product_cat-protein-works","9":"product_cat-raws","10":"product_cat-vitamine-mineralen","12":"first","13":"instock","14":"sale","15":"taxable","16":"shipping-taxable","17":"purchasable","18":"product-type-simple"},"yoast_head":"<!-- This site is optimized with the Yoast SEO plugin v27.5 - https:\/\/yoast.com\/product\/yoast-seo-wordpress\/ -->\n<title>Zinc and Magnesium - 90 tabs - Protein Works - Holy-Supps.nl<\/title>\n<meta name=\"description\" content=\"Protein Works Zinc &amp; Magnesium: 90 tabs voor verbeterde slaap, energie en testosteron. Verrijkt met B6 en koper voor extra cognitieve ondersteuning.\" \/>\n<meta name=\"robots\" content=\"index, follow, max-snippet:-1, max-image-preview:large, max-video-preview:-1\" \/>\n<link rel=\"canonical\" href=\"https:\/\/www.holy-supps.nl\/es\/producto\/zinc-y-magnesio-90-comprimidos-protein-works\/\" \/>\n<meta property=\"og:locale\" content=\"es_ES\" \/>\n<meta property=\"og:type\" content=\"article\" \/>\n<meta property=\"og:title\" content=\"Zinc and Magnesium - 90 tabs - Protein Works - Holy-Supps.nl\" \/>\n<meta property=\"og:description\" content=\"Protein Works Zinc &amp; Magnesium: 90 tabs voor verbeterde slaap, energie en testosteron. Verrijkt met B6 en koper voor extra cognitieve ondersteuning.\" \/>\n<meta property=\"og:url\" content=\"https:\/\/www.holy-supps.nl\/es\/producto\/zinc-y-magnesio-90-comprimidos-protein-works\/\" \/>\n<meta property=\"og:site_name\" content=\"Holy-Supps.nl\" \/>\n<meta property=\"article:publisher\" content=\"https:\/\/www.facebook.com\/holy.supps\" \/>\n<meta property=\"article:modified_time\" content=\"2026-01-08T12:23:07+00:00\" \/>\n<meta property=\"og:image\" content=\"https:\/\/www.holy-supps.nl\/wp-content\/uploads\/2023\/03\/zinc_magnesium_90_capsules.1.webp\" \/>\n\t<meta property=\"og:image:width\" content=\"1000\" \/>\n\t<meta property=\"og:image:height\" content=\"1000\" \/>\n\t<meta property=\"og:image:type\" content=\"image\/webp\" \/>\n<meta name=\"twitter:card\" content=\"summary_large_image\" \/>\n<meta name=\"twitter:label1\" content=\"Tiempo de lectura\" \/>\n\t<meta name=\"twitter:data1\" content=\"4 minutos\" \/>\n<script type=\"application\/ld+json\" class=\"yoast-schema-graph\">{\"@context\":\"https:\\\/\\\/schema.org\",\"@graph\":[{\"@type\":\"WebPage\",\"@id\":\"https:\\\/\\\/www.holy-supps.nl\\\/product\\\/zinc-and-magnesium-90-tabs-protein-works\\\/\",\"url\":\"https:\\\/\\\/www.holy-supps.nl\\\/product\\\/zinc-and-magnesium-90-tabs-protein-works\\\/\",\"name\":\"Zinc and Magnesium - 90 tabs - Protein Works - Holy-Supps.nl\",\"isPartOf\":{\"@id\":\"https:\\\/\\\/www.holy-supps.nl\\\/#website\"},\"primaryImageOfPage\":{\"@id\":\"https:\\\/\\\/www.holy-supps.nl\\\/product\\\/zinc-and-magnesium-90-tabs-protein-works\\\/#primaryimage\"},\"image\":{\"@id\":\"https:\\\/\\\/www.holy-supps.nl\\\/product\\\/zinc-and-magnesium-90-tabs-protein-works\\\/#primaryimage\"},\"thumbnailUrl\":\"https:\\\/\\\/www.holy-supps.nl\\\/wp-content\\\/uploads\\\/2023\\\/03\\\/zinc_magnesium_90_capsules.1.webp\",\"datePublished\":\"2023-03-24T14:15:02+00:00\",\"dateModified\":\"2026-01-08T12:23:07+00:00\",\"description\":\"Protein Works Zinc & Magnesium: 90 tabs voor verbeterde slaap, energie en testosteron. Verrijkt met B6 en koper voor extra cognitieve ondersteuning.\",\"breadcrumb\":{\"@id\":\"https:\\\/\\\/www.holy-supps.nl\\\/product\\\/zinc-and-magnesium-90-tabs-protein-works\\\/#breadcrumb\"},\"inLanguage\":\"es\",\"potentialAction\":[{\"@type\":\"ReadAction\",\"target\":[\"https:\\\/\\\/www.holy-supps.nl\\\/product\\\/zinc-and-magnesium-90-tabs-protein-works\\\/\"]}]},{\"@type\":\"ImageObject\",\"inLanguage\":\"es\",\"@id\":\"https:\\\/\\\/www.holy-supps.nl\\\/product\\\/zinc-and-magnesium-90-tabs-protein-works\\\/#primaryimage\",\"url\":\"https:\\\/\\\/www.holy-supps.nl\\\/wp-content\\\/uploads\\\/2023\\\/03\\\/zinc_magnesium_90_capsules.1.webp\",\"contentUrl\":\"https:\\\/\\\/www.holy-supps.nl\\\/wp-content\\\/uploads\\\/2023\\\/03\\\/zinc_magnesium_90_capsules.1.webp\",\"width\":1000,\"height\":1000},{\"@type\":\"BreadcrumbList\",\"@id\":\"https:\\\/\\\/www.holy-supps.nl\\\/product\\\/zinc-and-magnesium-90-tabs-protein-works\\\/#breadcrumb\",\"itemListElement\":[{\"@type\":\"ListItem\",\"position\":1,\"name\":\"Home\",\"item\":\"https:\\\/\\\/www.holy-supps.nl\\\/\"},{\"@type\":\"ListItem\",\"position\":2,\"name\":\"Winkel\",\"item\":\"https:\\\/\\\/www.holy-supps.nl\\\/winkel\\\/\"},{\"@type\":\"ListItem\",\"position\":3,\"name\":\"Zinc and Magnesium &#8211; 90 tabs &#8211; Protein Works\"}]},{\"@type\":\"WebSite\",\"@id\":\"https:\\\/\\\/www.holy-supps.nl\\\/#website\",\"url\":\"https:\\\/\\\/www.holy-supps.nl\\\/\",\"name\":\"Holy-Supps.nl\",\"description\":\"Official EHPLabs Reseller!\",\"publisher\":{\"@id\":\"https:\\\/\\\/www.holy-supps.nl\\\/#organization\"},\"potentialAction\":[{\"@type\":\"SearchAction\",\"target\":{\"@type\":\"EntryPoint\",\"urlTemplate\":\"https:\\\/\\\/www.holy-supps.nl\\\/?s={search_term_string}\"},\"query-input\":{\"@type\":\"PropertyValueSpecification\",\"valueRequired\":true,\"valueName\":\"search_term_string\"}}],\"inLanguage\":\"es\"},{\"@type\":\"Organization\",\"@id\":\"https:\\\/\\\/www.holy-supps.nl\\\/#organization\",\"name\":\"Holy Supps\",\"url\":\"https:\\\/\\\/www.holy-supps.nl\\\/\",\"logo\":{\"@type\":\"ImageObject\",\"inLanguage\":\"es\",\"@id\":\"https:\\\/\\\/www.holy-supps.nl\\\/#\\\/schema\\\/logo\\\/image\\\/\",\"url\":\"https:\\\/\\\/www.holy-supps.nl\\\/wp-content\\\/uploads\\\/2023\\\/06\\\/HOLY-SUPPS.png\",\"contentUrl\":\"https:\\\/\\\/www.holy-supps.nl\\\/wp-content\\\/uploads\\\/2023\\\/06\\\/HOLY-SUPPS.png\",\"width\":1000,\"height\":400,\"caption\":\"Holy Supps\"},\"image\":{\"@id\":\"https:\\\/\\\/www.holy-supps.nl\\\/#\\\/schema\\\/logo\\\/image\\\/\"},\"sameAs\":[\"https:\\\/\\\/www.facebook.com\\\/holy.supps\",\"https:\\\/\\\/www.instagram.com\\\/holy.supps.shop\\\/\"]}]}<\/script>\n<!-- \/ Yoast SEO plugin. -->","yoast_head_json":{"title":"Zinc y Magnesio - 90 Tabletas - Protein Works - Holy-Supps.co.uk","description":"Protein Works Zinc y Magnesio: 90 comprimidos para mejorar el sue\u00f1o, la energ\u00eda y la testosterona. Enriquecido con B6 y cobre para un apoyo cognitivo adicional.","robots":{"index":"index","follow":"follow","max-snippet":"max-snippet:-1","max-image-preview":"max-image-preview:large","max-video-preview":"max-video-preview:-1"},"canonical":"https:\/\/www.holy-supps.nl\/es\/producto\/zinc-y-magnesio-90-comprimidos-protein-works\/","og_locale":"es_ES","og_type":"article","og_title":"Zinc and Magnesium - 90 tabs - Protein Works - Holy-Supps.nl","og_description":"Protein Works Zinc & Magnesium: 90 tabs voor verbeterde slaap, energie en testosteron. Verrijkt met B6 en koper voor extra cognitieve ondersteuning.","og_url":"https:\/\/www.holy-supps.nl\/es\/producto\/zinc-y-magnesio-90-comprimidos-protein-works\/","og_site_name":"Holy-Supps.nl","article_publisher":"https:\/\/www.facebook.com\/holy.supps","article_modified_time":"2026-01-08T12:23:07+00:00","og_image":[{"width":1000,"height":1000,"url":"https:\/\/www.holy-supps.nl\/wp-content\/uploads\/2023\/03\/zinc_magnesium_90_capsules.1.webp","type":"image\/webp"}],"twitter_card":"summary_large_image","twitter_misc":{"Tiempo de lectura":"4 minutos"},"schema":{"@context":"https:\/\/schema.org","@graph":[{"@type":"WebPage","@id":"https:\/\/www.holy-supps.nl\/product\/zinc-and-magnesium-90-tabs-protein-works\/","url":"https:\/\/www.holy-supps.nl\/product\/zinc-and-magnesium-90-tabs-protein-works\/","name":"Zinc y Magnesio - 90 Tabletas - Protein Works - Holy-Supps.co.uk","isPartOf":{"@id":"https:\/\/www.holy-supps.nl\/#website"},"primaryImageOfPage":{"@id":"https:\/\/www.holy-supps.nl\/product\/zinc-and-magnesium-90-tabs-protein-works\/#primaryimage"},"image":{"@id":"https:\/\/www.holy-supps.nl\/product\/zinc-and-magnesium-90-tabs-protein-works\/#primaryimage"},"thumbnailUrl":"https:\/\/www.holy-supps.nl\/wp-content\/uploads\/2023\/03\/zinc_magnesium_90_capsules.1.webp","datePublished":"2023-03-24T14:15:02+00:00","dateModified":"2026-01-08T12:23:07+00:00","description":"Protein Works Zinc y Magnesio: 90 comprimidos para mejorar el sue\u00f1o, la energ\u00eda y la testosterona. Enriquecido con B6 y cobre para un apoyo cognitivo adicional.","breadcrumb":{"@id":"https:\/\/www.holy-supps.nl\/product\/zinc-and-magnesium-90-tabs-protein-works\/#breadcrumb"},"inLanguage":"es","potentialAction":[{"@type":"ReadAction","target":["https:\/\/www.holy-supps.nl\/product\/zinc-and-magnesium-90-tabs-protein-works\/"]}]},{"@type":"ImageObject","inLanguage":"es","@id":"https:\/\/www.holy-supps.nl\/product\/zinc-and-magnesium-90-tabs-protein-works\/#primaryimage","url":"https:\/\/www.holy-supps.nl\/wp-content\/uploads\/2023\/03\/zinc_magnesium_90_capsules.1.webp","contentUrl":"https:\/\/www.holy-supps.nl\/wp-content\/uploads\/2023\/03\/zinc_magnesium_90_capsules.1.webp","width":1000,"height":1000},{"@type":"BreadcrumbList","@id":"https:\/\/www.holy-supps.nl\/product\/zinc-and-magnesium-90-tabs-protein-works\/#breadcrumb","itemListElement":[{"@type":"ListItem","position":1,"name":"Home","item":"https:\/\/www.holy-supps.nl\/"},{"@type":"ListItem","position":2,"name":"Winkel","item":"https:\/\/www.holy-supps.nl\/winkel\/"},{"@type":"ListItem","position":3,"name":"Zinc and Magnesium &#8211; 90 tabs &#8211; Protein Works"}]},{"@type":"WebSite","@id":"https:\/\/www.holy-supps.nl\/#website","url":"https:\/\/www.holy-supps.nl\/","name":"Holy-Supps.es","description":"\u00a1Distribuidor oficial de EHPLabs!","publisher":{"@id":"https:\/\/www.holy-supps.nl\/#organization"},"potentialAction":[{"@type":"SearchAction","target":{"@type":"EntryPoint","urlTemplate":"https:\/\/www.holy-supps.nl\/?s={search_term_string}"},"query-input":{"@type":"PropertyValueSpecification","valueRequired":true,"valueName":"search_term_string"}}],"inLanguage":"es"},{"@type":"Organization","@id":"https:\/\/www.holy-supps.nl\/#organization","name":"Santa Cena","url":"https:\/\/www.holy-supps.nl\/","logo":{"@type":"ImageObject","inLanguage":"es","@id":"https:\/\/www.holy-supps.nl\/#\/schema\/logo\/image\/","url":"https:\/\/www.holy-supps.nl\/wp-content\/uploads\/2023\/06\/HOLY-SUPPS.png","contentUrl":"https:\/\/www.holy-supps.nl\/wp-content\/uploads\/2023\/06\/HOLY-SUPPS.png","width":1000,"height":400,"caption":"Holy Supps"},"image":{"@id":"https:\/\/www.holy-supps.nl\/#\/schema\/logo\/image\/"},"sameAs":["https:\/\/www.facebook.com\/holy.supps","https:\/\/www.instagram.com\/holy.supps.shop\/"]}]}},"jetpack_sharing_enabled":true,"_links":{"self":[{"href":"https:\/\/www.holy-supps.nl\/es\/wp-json\/wp\/v2\/product\/594","targetHints":{"allow":["GET"]}}],"collection":[{"href":"https:\/\/www.holy-supps.nl\/es\/wp-json\/wp\/v2\/product"}],"about":[{"href":"https:\/\/www.holy-supps.nl\/es\/wp-json\/wp\/v2\/types\/product"}],"replies":[{"embeddable":true,"href":"https:\/\/www.holy-supps.nl\/es\/wp-json\/wp\/v2\/comments?post=594"}],"wp:featuredmedia":[{"embeddable":true,"href":"https:\/\/www.holy-supps.nl\/es\/wp-json\/wp\/v2\/media\/597"}],"wp:attachment":[{"href":"https:\/\/www.holy-supps.nl\/es\/wp-json\/wp\/v2\/media?parent=594"}],"wp:term":[{"taxonomy":"product_brand","embeddable":true,"href":"https:\/\/www.holy-supps.nl\/es\/wp-json\/wp\/v2\/product_brand?post=594"},{"taxonomy":"product_cat","embeddable":true,"href":"https:\/\/www.holy-supps.nl\/es\/wp-json\/wp\/v2\/product_cat?post=594"},{"taxonomy":"product_tag","embeddable":true,"href":"https:\/\/www.holy-supps.nl\/es\/wp-json\/wp\/v2\/product_tag?post=594"}],"curies":[{"name":"wp","href":"https:\/\/api.w.org\/{rel}","templated":true}]}}