{"id":577,"date":"2023-03-24T14:47:19","date_gmt":"2023-03-24T13:47:19","guid":{"rendered":"https:\/\/www.holy-supps.nl\/?post_type=product&#038;p=577"},"modified":"2025-10-27T11:16:28","modified_gmt":"2025-10-27T10:16:28","slug":"solo-funciona-la-proteina-del-cacahuete","status":"publish","type":"product","link":"https:\/\/www.holy-supps.nl\/es\/product\/only-peanuts-protein-works\/","title":{"rendered":"S\u00f3lo Cacahuetes - Protein Works - 500GR"},"content":{"rendered":"<h2>Descripci\u00f3n<\/h2>\n<p>La prote\u00edna funciona <strong>Mantequilla de cacahuete<\/strong> es una mantequilla de cacahuete natural elaborada con cacahuetes 100%.<br \/>\nEl producto no contiene az\u00facares a\u00f1adidos, sales ni aceite de palma, y se tuesta y muele de forma tradicional.<br \/>\nEsta mantequilla de cacahuete tiene un rico sabor y es adecuada para untar en bocadillos, como ingrediente en batidos o para a\u00f1adir a recetas de reposter\u00eda.<\/p>\n<h2>Ventajas<\/h2>\n<ul>\n<li>Fabricado con cacahuetes 100%<\/li>\n<li>Sin az\u00facares a\u00f1adidos, sales ni aceite de palma<\/li>\n<li>Disponible en las variedades suave y crujiente<\/li>\n<li>Vers\u00e1til para usar en alimentos y recetas<\/li>\n<li>Fuente natural de prote\u00ednas y fibra<\/li>\n<\/ul>\n<h2>Instrucciones de uso<\/h2>\n<p>Utilice la mantequilla de cacahuete de The Protein Works para untar s\u00e1ndwiches, m\u00e9zclela con los copos de avena o a\u00f1\u00e1dala a batidos y recetas de reposter\u00eda.<br \/>\nConservar en lugar fresco y seco y remover si es necesario antes de usar, ya que los aceites naturales pueden separarse.<\/p>","protected":false},"excerpt":{"rendered":"<p>La mantequilla de cacahuete de Protein Works es una mantequilla de cacahuete natural 100%, sin az\u00facares a\u00f1adidos, sales ni aceite de palma.<br \/>\nDisponible en suave y crujiente, ideal como topping o ingrediente en diversas recetas.<br \/>\nUna elecci\u00f3n pura y vers\u00e1til para los amantes de la mantequilla de cacahuete.<\/p>","protected":false},"featured_media":582,"comment_status":"open","ping_status":"closed","template":"","meta":[],"product_brand":[],"product_cat":[93,15,71,73,78],"product_tag":[],"class_list":{"0":"post-577","1":"product","2":"type-product","3":"status-publish","4":"has-post-thumbnail","6":"product_cat-bars-snacks","7":"product_cat-geen-categorie","8":"product_cat-merken","9":"product_cat-protein-works","10":"product_cat-voeding-snacks","12":"first","13":"outofstock","14":"sale","15":"taxable","16":"shipping-taxable","17":"purchasable","18":"product-type-variable"},"yoast_head":"<!-- This site is optimized with the Yoast SEO plugin v27.5 - https:\/\/yoast.com\/product\/yoast-seo-wordpress\/ -->\n<title>Only Peanuts - Protein Works - 500GR - Holy-Supps.nl<\/title>\n<meta name=\"description\" content=\"Geniet van 100% natuurlijke pindakaas met 27g eiwit per 100g. Vegan, glutenvrij en zonder toevoegingen. Perfect voor elke fitnessliefhebber!\" \/>\n<meta name=\"robots\" content=\"index, follow, max-snippet:-1, max-image-preview:large, max-video-preview:-1\" \/>\n<link rel=\"canonical\" href=\"https:\/\/www.holy-supps.nl\/es\/producto\/solo-funciona-la-proteina-del-cacahuete\/\" \/>\n<meta property=\"og:locale\" content=\"es_ES\" \/>\n<meta property=\"og:type\" content=\"article\" \/>\n<meta property=\"og:title\" content=\"Only Peanuts - Protein Works - 500GR - Holy-Supps.nl\" \/>\n<meta property=\"og:description\" content=\"Geniet van 100% natuurlijke pindakaas met 27g eiwit per 100g. Vegan, glutenvrij en zonder toevoegingen. Perfect voor elke fitnessliefhebber!\" \/>\n<meta property=\"og:url\" content=\"https:\/\/www.holy-supps.nl\/es\/producto\/solo-funciona-la-proteina-del-cacahuete\/\" \/>\n<meta property=\"og:site_name\" content=\"Holy-Supps.nl\" \/>\n<meta property=\"article:publisher\" content=\"https:\/\/www.facebook.com\/holy.supps\" \/>\n<meta property=\"article:modified_time\" content=\"2025-10-27T10:16:28+00:00\" \/>\n<meta property=\"og:image\" content=\"https:\/\/www.holy-supps.nl\/wp-content\/uploads\/2023\/03\/peanut_butter_smooth_pdp_1.webp\" \/>\n\t<meta property=\"og:image:width\" content=\"1000\" \/>\n\t<meta property=\"og:image:height\" content=\"1000\" \/>\n\t<meta property=\"og:image:type\" content=\"image\/webp\" \/>\n<meta name=\"twitter:card\" content=\"summary_large_image\" \/>\n<meta name=\"twitter:label1\" content=\"Tiempo de lectura\" \/>\n\t<meta name=\"twitter:data1\" content=\"3 minutos\" \/>\n<script type=\"application\/ld+json\" class=\"yoast-schema-graph\">{\"@context\":\"https:\\\/\\\/schema.org\",\"@graph\":[{\"@type\":\"WebPage\",\"@id\":\"https:\\\/\\\/www.holy-supps.nl\\\/product\\\/only-peanuts-protein-works\\\/\",\"url\":\"https:\\\/\\\/www.holy-supps.nl\\\/product\\\/only-peanuts-protein-works\\\/\",\"name\":\"Only Peanuts - Protein Works - 500GR - Holy-Supps.nl\",\"isPartOf\":{\"@id\":\"https:\\\/\\\/www.holy-supps.nl\\\/#website\"},\"primaryImageOfPage\":{\"@id\":\"https:\\\/\\\/www.holy-supps.nl\\\/product\\\/only-peanuts-protein-works\\\/#primaryimage\"},\"image\":{\"@id\":\"https:\\\/\\\/www.holy-supps.nl\\\/product\\\/only-peanuts-protein-works\\\/#primaryimage\"},\"thumbnailUrl\":\"https:\\\/\\\/www.holy-supps.nl\\\/wp-content\\\/uploads\\\/2023\\\/03\\\/peanut_butter_smooth_pdp_1.webp\",\"datePublished\":\"2023-03-24T13:47:19+00:00\",\"dateModified\":\"2025-10-27T10:16:28+00:00\",\"description\":\"Geniet van 100% natuurlijke pindakaas met 27g eiwit per 100g. Vegan, glutenvrij en zonder toevoegingen. Perfect voor elke fitnessliefhebber!\",\"breadcrumb\":{\"@id\":\"https:\\\/\\\/www.holy-supps.nl\\\/product\\\/only-peanuts-protein-works\\\/#breadcrumb\"},\"inLanguage\":\"es\",\"potentialAction\":[{\"@type\":\"ReadAction\",\"target\":[\"https:\\\/\\\/www.holy-supps.nl\\\/product\\\/only-peanuts-protein-works\\\/\"]}]},{\"@type\":\"ImageObject\",\"inLanguage\":\"es\",\"@id\":\"https:\\\/\\\/www.holy-supps.nl\\\/product\\\/only-peanuts-protein-works\\\/#primaryimage\",\"url\":\"https:\\\/\\\/www.holy-supps.nl\\\/wp-content\\\/uploads\\\/2023\\\/03\\\/peanut_butter_smooth_pdp_1.webp\",\"contentUrl\":\"https:\\\/\\\/www.holy-supps.nl\\\/wp-content\\\/uploads\\\/2023\\\/03\\\/peanut_butter_smooth_pdp_1.webp\",\"width\":1000,\"height\":1000},{\"@type\":\"BreadcrumbList\",\"@id\":\"https:\\\/\\\/www.holy-supps.nl\\\/product\\\/only-peanuts-protein-works\\\/#breadcrumb\",\"itemListElement\":[{\"@type\":\"ListItem\",\"position\":1,\"name\":\"Home\",\"item\":\"https:\\\/\\\/www.holy-supps.nl\\\/\"},{\"@type\":\"ListItem\",\"position\":2,\"name\":\"Winkel\",\"item\":\"https:\\\/\\\/www.holy-supps.nl\\\/winkel\\\/\"},{\"@type\":\"ListItem\",\"position\":3,\"name\":\"Only Peanuts &#8211; Protein Works &#8211; 500GR\"}]},{\"@type\":\"WebSite\",\"@id\":\"https:\\\/\\\/www.holy-supps.nl\\\/#website\",\"url\":\"https:\\\/\\\/www.holy-supps.nl\\\/\",\"name\":\"Holy-Supps.nl\",\"description\":\"Official EHPLabs Reseller!\",\"publisher\":{\"@id\":\"https:\\\/\\\/www.holy-supps.nl\\\/#organization\"},\"potentialAction\":[{\"@type\":\"SearchAction\",\"target\":{\"@type\":\"EntryPoint\",\"urlTemplate\":\"https:\\\/\\\/www.holy-supps.nl\\\/?s={search_term_string}\"},\"query-input\":{\"@type\":\"PropertyValueSpecification\",\"valueRequired\":true,\"valueName\":\"search_term_string\"}}],\"inLanguage\":\"es\"},{\"@type\":\"Organization\",\"@id\":\"https:\\\/\\\/www.holy-supps.nl\\\/#organization\",\"name\":\"Holy Supps\",\"url\":\"https:\\\/\\\/www.holy-supps.nl\\\/\",\"logo\":{\"@type\":\"ImageObject\",\"inLanguage\":\"es\",\"@id\":\"https:\\\/\\\/www.holy-supps.nl\\\/#\\\/schema\\\/logo\\\/image\\\/\",\"url\":\"https:\\\/\\\/www.holy-supps.nl\\\/wp-content\\\/uploads\\\/2023\\\/06\\\/HOLY-SUPPS.png\",\"contentUrl\":\"https:\\\/\\\/www.holy-supps.nl\\\/wp-content\\\/uploads\\\/2023\\\/06\\\/HOLY-SUPPS.png\",\"width\":1000,\"height\":400,\"caption\":\"Holy Supps\"},\"image\":{\"@id\":\"https:\\\/\\\/www.holy-supps.nl\\\/#\\\/schema\\\/logo\\\/image\\\/\"},\"sameAs\":[\"https:\\\/\\\/www.facebook.com\\\/holy.supps\",\"https:\\\/\\\/www.instagram.com\\\/holy.supps.shop\\\/\"]}]}<\/script>\n<!-- \/ Yoast SEO plugin. -->","yoast_head_json":{"title":"Only Peanuts - Protein Works - 500GR - Holy-Supps.co.uk","description":"Disfrute de la mantequilla de cacahuete natural 100% con 27 g de prote\u00ednas por 100 g. Vegana, sin gluten y sin aditivos. \u00a1Perfecta para cualquier entusiasta del fitness!","robots":{"index":"index","follow":"follow","max-snippet":"max-snippet:-1","max-image-preview":"max-image-preview:large","max-video-preview":"max-video-preview:-1"},"canonical":"https:\/\/www.holy-supps.nl\/es\/producto\/solo-funciona-la-proteina-del-cacahuete\/","og_locale":"es_ES","og_type":"article","og_title":"Only Peanuts - Protein Works - 500GR - Holy-Supps.nl","og_description":"Geniet van 100% natuurlijke pindakaas met 27g eiwit per 100g. Vegan, glutenvrij en zonder toevoegingen. Perfect voor elke fitnessliefhebber!","og_url":"https:\/\/www.holy-supps.nl\/es\/producto\/solo-funciona-la-proteina-del-cacahuete\/","og_site_name":"Holy-Supps.nl","article_publisher":"https:\/\/www.facebook.com\/holy.supps","article_modified_time":"2025-10-27T10:16:28+00:00","og_image":[{"width":1000,"height":1000,"url":"https:\/\/www.holy-supps.nl\/wp-content\/uploads\/2023\/03\/peanut_butter_smooth_pdp_1.webp","type":"image\/webp"}],"twitter_card":"summary_large_image","twitter_misc":{"Tiempo de lectura":"3 minutos"},"schema":{"@context":"https:\/\/schema.org","@graph":[{"@type":"WebPage","@id":"https:\/\/www.holy-supps.nl\/product\/only-peanuts-protein-works\/","url":"https:\/\/www.holy-supps.nl\/product\/only-peanuts-protein-works\/","name":"Only Peanuts - Protein Works - 500GR - Holy-Supps.co.uk","isPartOf":{"@id":"https:\/\/www.holy-supps.nl\/#website"},"primaryImageOfPage":{"@id":"https:\/\/www.holy-supps.nl\/product\/only-peanuts-protein-works\/#primaryimage"},"image":{"@id":"https:\/\/www.holy-supps.nl\/product\/only-peanuts-protein-works\/#primaryimage"},"thumbnailUrl":"https:\/\/www.holy-supps.nl\/wp-content\/uploads\/2023\/03\/peanut_butter_smooth_pdp_1.webp","datePublished":"2023-03-24T13:47:19+00:00","dateModified":"2025-10-27T10:16:28+00:00","description":"Disfrute de la mantequilla de cacahuete natural 100% con 27 g de prote\u00ednas por 100 g. Vegana, sin gluten y sin aditivos. \u00a1Perfecta para cualquier entusiasta del fitness!","breadcrumb":{"@id":"https:\/\/www.holy-supps.nl\/product\/only-peanuts-protein-works\/#breadcrumb"},"inLanguage":"es","potentialAction":[{"@type":"ReadAction","target":["https:\/\/www.holy-supps.nl\/product\/only-peanuts-protein-works\/"]}]},{"@type":"ImageObject","inLanguage":"es","@id":"https:\/\/www.holy-supps.nl\/product\/only-peanuts-protein-works\/#primaryimage","url":"https:\/\/www.holy-supps.nl\/wp-content\/uploads\/2023\/03\/peanut_butter_smooth_pdp_1.webp","contentUrl":"https:\/\/www.holy-supps.nl\/wp-content\/uploads\/2023\/03\/peanut_butter_smooth_pdp_1.webp","width":1000,"height":1000},{"@type":"BreadcrumbList","@id":"https:\/\/www.holy-supps.nl\/product\/only-peanuts-protein-works\/#breadcrumb","itemListElement":[{"@type":"ListItem","position":1,"name":"Home","item":"https:\/\/www.holy-supps.nl\/"},{"@type":"ListItem","position":2,"name":"Winkel","item":"https:\/\/www.holy-supps.nl\/winkel\/"},{"@type":"ListItem","position":3,"name":"Only Peanuts &#8211; Protein Works &#8211; 500GR"}]},{"@type":"WebSite","@id":"https:\/\/www.holy-supps.nl\/#website","url":"https:\/\/www.holy-supps.nl\/","name":"Holy-Supps.es","description":"\u00a1Distribuidor oficial de EHPLabs!","publisher":{"@id":"https:\/\/www.holy-supps.nl\/#organization"},"potentialAction":[{"@type":"SearchAction","target":{"@type":"EntryPoint","urlTemplate":"https:\/\/www.holy-supps.nl\/?s={search_term_string}"},"query-input":{"@type":"PropertyValueSpecification","valueRequired":true,"valueName":"search_term_string"}}],"inLanguage":"es"},{"@type":"Organization","@id":"https:\/\/www.holy-supps.nl\/#organization","name":"Santa Cena","url":"https:\/\/www.holy-supps.nl\/","logo":{"@type":"ImageObject","inLanguage":"es","@id":"https:\/\/www.holy-supps.nl\/#\/schema\/logo\/image\/","url":"https:\/\/www.holy-supps.nl\/wp-content\/uploads\/2023\/06\/HOLY-SUPPS.png","contentUrl":"https:\/\/www.holy-supps.nl\/wp-content\/uploads\/2023\/06\/HOLY-SUPPS.png","width":1000,"height":400,"caption":"Holy Supps"},"image":{"@id":"https:\/\/www.holy-supps.nl\/#\/schema\/logo\/image\/"},"sameAs":["https:\/\/www.facebook.com\/holy.supps","https:\/\/www.instagram.com\/holy.supps.shop\/"]}]}},"jetpack_sharing_enabled":true,"_links":{"self":[{"href":"https:\/\/www.holy-supps.nl\/es\/wp-json\/wp\/v2\/product\/577","targetHints":{"allow":["GET"]}}],"collection":[{"href":"https:\/\/www.holy-supps.nl\/es\/wp-json\/wp\/v2\/product"}],"about":[{"href":"https:\/\/www.holy-supps.nl\/es\/wp-json\/wp\/v2\/types\/product"}],"replies":[{"embeddable":true,"href":"https:\/\/www.holy-supps.nl\/es\/wp-json\/wp\/v2\/comments?post=577"}],"wp:featuredmedia":[{"embeddable":true,"href":"https:\/\/www.holy-supps.nl\/es\/wp-json\/wp\/v2\/media\/582"}],"wp:attachment":[{"href":"https:\/\/www.holy-supps.nl\/es\/wp-json\/wp\/v2\/media?parent=577"}],"wp:term":[{"taxonomy":"product_brand","embeddable":true,"href":"https:\/\/www.holy-supps.nl\/es\/wp-json\/wp\/v2\/product_brand?post=577"},{"taxonomy":"product_cat","embeddable":true,"href":"https:\/\/www.holy-supps.nl\/es\/wp-json\/wp\/v2\/product_cat?post=577"},{"taxonomy":"product_tag","embeddable":true,"href":"https:\/\/www.holy-supps.nl\/es\/wp-json\/wp\/v2\/product_tag?post=577"}],"curies":[{"name":"wp","href":"https:\/\/api.w.org\/{rel}","templated":true}]}}