{"id":523,"date":"2023-03-15T11:40:24","date_gmt":"2023-03-15T10:40:24","guid":{"rendered":"https:\/\/www.holy-supps.nl\/?post_type=product&#038;p=523"},"modified":"2026-03-12T11:49:10","modified_gmt":"2026-03-12T10:49:10","slug":"vegan-mass-gainer-protein-works","status":"publish","type":"product","link":"https:\/\/www.holy-supps.nl\/es\/product\/vegan-mass-gainer-protein-works-2kg\/","title":{"rendered":"Ganador de Masa Vegano - Protein Works - 2KG"},"content":{"rendered":"<h2>Descripci\u00f3n<\/h2>\n<p>Vegan Mass Gainer de The Protein Works es un suplemento en polvo totalmente vegetal que combina prote\u00ednas y carbohidratos.<br \/>\nEl producto est\u00e1 dise\u00f1ado para cualquier persona que desee a\u00f1adir nutrientes adicionales a su dieta diaria de forma sencilla.<br \/>\nDisponible en varios sabores y f\u00e1cil de mezclar con agua o leche vegetal.<\/p>\n<h2>Ventajas<\/h2>\n<ul>\n<li>100% Ganador de masa vegetal en polvo<\/li>\n<li>Contiene una combinaci\u00f3n de prote\u00ednas e hidratos de carbono<\/li>\n<li>Apto para veganos y vegetarianos<\/li>\n<li>Disponible en varios sabores.<\/li>\n<li>F\u00e1cil de preparar con agua o leche vegetal<\/li>\n<\/ul>\n<h2>Instrucciones de uso<\/h2>\n<p>Mezcle una raci\u00f3n de Vegan Mass Gainer con 400-500 ml de agua o leche vegetal.<br \/>\nAgitar bien o batir en la batidora hasta que el polvo se disuelva por completo.<br \/>\nUtilizar seg\u00fan sea necesario para complementar la dieta diaria.<br \/>\nLos complementos alimenticios no sustituyen a una dieta variada y equilibrada ni a un estilo de vida saludable.<\/p>","protected":false},"excerpt":{"rendered":"<p>Vegan Mass Gainer de The Protein Works es un suplemento en polvo de origen vegetal con una combinaci\u00f3n de prote\u00ednas y carbohidratos. Desarrollado para quienes desean a\u00f1adir calor\u00edas extra a su dieta. Disponible en varios sabores y f\u00e1cil de preparar con agua o leche vegetal.<\/p>","protected":false},"featured_media":524,"comment_status":"open","ping_status":"closed","template":"","meta":[],"product_brand":[],"product_cat":[86,77,80,73],"product_tag":[],"class_list":{"0":"post-523","1":"product","2":"type-product","3":"status-publish","4":"has-post-thumbnail","6":"product_cat-aankomen","7":"product_cat-bundles-save","8":"product_cat-doel","9":"product_cat-protein-works","11":"first","12":"outofstock","13":"sale","14":"taxable","15":"shipping-taxable","16":"purchasable","17":"product-type-variable"},"yoast_head":"<!-- This site is optimized with the Yoast SEO plugin v27.5 - https:\/\/yoast.com\/product\/yoast-seo-wordpress\/ -->\n<title>Vegan Mass Gainer - Protein Works - 2KG - Holy-Supps.nl<\/title>\n<meta name=\"robots\" content=\"index, follow, max-snippet:-1, max-image-preview:large, max-video-preview:-1\" \/>\n<link rel=\"canonical\" href=\"https:\/\/www.holy-supps.nl\/es\/producto\/vegan-mass-gainer-protein-works\/\" \/>\n<meta property=\"og:locale\" content=\"es_ES\" \/>\n<meta property=\"og:type\" content=\"article\" \/>\n<meta property=\"og:title\" content=\"Vegan Mass Gainer - Protein Works - 2KG - Holy-Supps.nl\" \/>\n<meta property=\"og:description\" content=\"Vegan Mass Gainer van The Protein Works is een plantaardig poedersupplement met een combinatie van eiwitten en koolhydraten. Ontwikkeld voor wie extra calorie\u00ebn aan het voedingspatroon wil toevoegen. Verkrijgbaar in diverse smaken en eenvoudig te bereiden met water of plantaardige melk.\" \/>\n<meta property=\"og:url\" content=\"https:\/\/www.holy-supps.nl\/es\/producto\/vegan-mass-gainer-protein-works\/\" \/>\n<meta property=\"og:site_name\" content=\"Holy-Supps.nl\" \/>\n<meta property=\"article:publisher\" content=\"https:\/\/www.facebook.com\/holy.supps\" \/>\n<meta property=\"article:modified_time\" content=\"2026-03-12T10:49:10+00:00\" \/>\n<meta property=\"og:image\" content=\"https:\/\/www.holy-supps.nl\/wp-content\/uploads\/2023\/03\/Vegan_Mass_Gainer-1kg_Front_1.webp\" \/>\n\t<meta property=\"og:image:width\" content=\"1000\" \/>\n\t<meta property=\"og:image:height\" content=\"1000\" \/>\n\t<meta property=\"og:image:type\" content=\"image\/webp\" \/>\n<meta name=\"twitter:card\" content=\"summary_large_image\" \/>\n<meta name=\"twitter:label1\" content=\"Tiempo de lectura\" \/>\n\t<meta name=\"twitter:data1\" content=\"4 minutos\" \/>\n<script type=\"application\/ld+json\" class=\"yoast-schema-graph\">{\"@context\":\"https:\\\/\\\/schema.org\",\"@graph\":[{\"@type\":\"WebPage\",\"@id\":\"https:\\\/\\\/www.holy-supps.nl\\\/product\\\/vegan-mass-gainer-protein-works-2kg\\\/\",\"url\":\"https:\\\/\\\/www.holy-supps.nl\\\/product\\\/vegan-mass-gainer-protein-works-2kg\\\/\",\"name\":\"Vegan Mass Gainer - Protein Works - 2KG - Holy-Supps.nl\",\"isPartOf\":{\"@id\":\"https:\\\/\\\/www.holy-supps.nl\\\/#website\"},\"primaryImageOfPage\":{\"@id\":\"https:\\\/\\\/www.holy-supps.nl\\\/product\\\/vegan-mass-gainer-protein-works-2kg\\\/#primaryimage\"},\"image\":{\"@id\":\"https:\\\/\\\/www.holy-supps.nl\\\/product\\\/vegan-mass-gainer-protein-works-2kg\\\/#primaryimage\"},\"thumbnailUrl\":\"https:\\\/\\\/www.holy-supps.nl\\\/wp-content\\\/uploads\\\/2023\\\/03\\\/Vegan_Mass_Gainer-1kg_Front_1.webp\",\"datePublished\":\"2023-03-15T10:40:24+00:00\",\"dateModified\":\"2026-03-12T10:49:10+00:00\",\"breadcrumb\":{\"@id\":\"https:\\\/\\\/www.holy-supps.nl\\\/product\\\/vegan-mass-gainer-protein-works-2kg\\\/#breadcrumb\"},\"inLanguage\":\"es\",\"potentialAction\":[{\"@type\":\"ReadAction\",\"target\":[\"https:\\\/\\\/www.holy-supps.nl\\\/product\\\/vegan-mass-gainer-protein-works-2kg\\\/\"]}]},{\"@type\":\"ImageObject\",\"inLanguage\":\"es\",\"@id\":\"https:\\\/\\\/www.holy-supps.nl\\\/product\\\/vegan-mass-gainer-protein-works-2kg\\\/#primaryimage\",\"url\":\"https:\\\/\\\/www.holy-supps.nl\\\/wp-content\\\/uploads\\\/2023\\\/03\\\/Vegan_Mass_Gainer-1kg_Front_1.webp\",\"contentUrl\":\"https:\\\/\\\/www.holy-supps.nl\\\/wp-content\\\/uploads\\\/2023\\\/03\\\/Vegan_Mass_Gainer-1kg_Front_1.webp\",\"width\":1000,\"height\":1000},{\"@type\":\"BreadcrumbList\",\"@id\":\"https:\\\/\\\/www.holy-supps.nl\\\/product\\\/vegan-mass-gainer-protein-works-2kg\\\/#breadcrumb\",\"itemListElement\":[{\"@type\":\"ListItem\",\"position\":1,\"name\":\"Home\",\"item\":\"https:\\\/\\\/www.holy-supps.nl\\\/\"},{\"@type\":\"ListItem\",\"position\":2,\"name\":\"Winkel\",\"item\":\"https:\\\/\\\/www.holy-supps.nl\\\/winkel\\\/\"},{\"@type\":\"ListItem\",\"position\":3,\"name\":\"Vegan Mass Gainer &#8211; Protein Works &#8211; 2KG\"}]},{\"@type\":\"WebSite\",\"@id\":\"https:\\\/\\\/www.holy-supps.nl\\\/#website\",\"url\":\"https:\\\/\\\/www.holy-supps.nl\\\/\",\"name\":\"Holy-Supps.nl\",\"description\":\"Official EHPLabs Reseller!\",\"publisher\":{\"@id\":\"https:\\\/\\\/www.holy-supps.nl\\\/#organization\"},\"potentialAction\":[{\"@type\":\"SearchAction\",\"target\":{\"@type\":\"EntryPoint\",\"urlTemplate\":\"https:\\\/\\\/www.holy-supps.nl\\\/?s={search_term_string}\"},\"query-input\":{\"@type\":\"PropertyValueSpecification\",\"valueRequired\":true,\"valueName\":\"search_term_string\"}}],\"inLanguage\":\"es\"},{\"@type\":\"Organization\",\"@id\":\"https:\\\/\\\/www.holy-supps.nl\\\/#organization\",\"name\":\"Holy Supps\",\"url\":\"https:\\\/\\\/www.holy-supps.nl\\\/\",\"logo\":{\"@type\":\"ImageObject\",\"inLanguage\":\"es\",\"@id\":\"https:\\\/\\\/www.holy-supps.nl\\\/#\\\/schema\\\/logo\\\/image\\\/\",\"url\":\"https:\\\/\\\/www.holy-supps.nl\\\/wp-content\\\/uploads\\\/2023\\\/06\\\/HOLY-SUPPS.png\",\"contentUrl\":\"https:\\\/\\\/www.holy-supps.nl\\\/wp-content\\\/uploads\\\/2023\\\/06\\\/HOLY-SUPPS.png\",\"width\":1000,\"height\":400,\"caption\":\"Holy Supps\"},\"image\":{\"@id\":\"https:\\\/\\\/www.holy-supps.nl\\\/#\\\/schema\\\/logo\\\/image\\\/\"},\"sameAs\":[\"https:\\\/\\\/www.facebook.com\\\/holy.supps\",\"https:\\\/\\\/www.instagram.com\\\/holy.supps.shop\\\/\"]}]}<\/script>\n<!-- \/ Yoast SEO plugin. -->","yoast_head_json":{"title":"Vegan Mass Gainer - Protein Works - 2KG - Holy-Supps.co.uk","robots":{"index":"index","follow":"follow","max-snippet":"max-snippet:-1","max-image-preview":"max-image-preview:large","max-video-preview":"max-video-preview:-1"},"canonical":"https:\/\/www.holy-supps.nl\/es\/producto\/vegan-mass-gainer-protein-works\/","og_locale":"es_ES","og_type":"article","og_title":"Vegan Mass Gainer - Protein Works - 2KG - Holy-Supps.nl","og_description":"Vegan Mass Gainer van The Protein Works is een plantaardig poedersupplement met een combinatie van eiwitten en koolhydraten. Ontwikkeld voor wie extra calorie\u00ebn aan het voedingspatroon wil toevoegen. Verkrijgbaar in diverse smaken en eenvoudig te bereiden met water of plantaardige melk.","og_url":"https:\/\/www.holy-supps.nl\/es\/producto\/vegan-mass-gainer-protein-works\/","og_site_name":"Holy-Supps.nl","article_publisher":"https:\/\/www.facebook.com\/holy.supps","article_modified_time":"2026-03-12T10:49:10+00:00","og_image":[{"width":1000,"height":1000,"url":"https:\/\/www.holy-supps.nl\/wp-content\/uploads\/2023\/03\/Vegan_Mass_Gainer-1kg_Front_1.webp","type":"image\/webp"}],"twitter_card":"summary_large_image","twitter_misc":{"Tiempo de lectura":"4 minutos"},"schema":{"@context":"https:\/\/schema.org","@graph":[{"@type":"WebPage","@id":"https:\/\/www.holy-supps.nl\/product\/vegan-mass-gainer-protein-works-2kg\/","url":"https:\/\/www.holy-supps.nl\/product\/vegan-mass-gainer-protein-works-2kg\/","name":"Vegan Mass Gainer - Protein Works - 2KG - Holy-Supps.co.uk","isPartOf":{"@id":"https:\/\/www.holy-supps.nl\/#website"},"primaryImageOfPage":{"@id":"https:\/\/www.holy-supps.nl\/product\/vegan-mass-gainer-protein-works-2kg\/#primaryimage"},"image":{"@id":"https:\/\/www.holy-supps.nl\/product\/vegan-mass-gainer-protein-works-2kg\/#primaryimage"},"thumbnailUrl":"https:\/\/www.holy-supps.nl\/wp-content\/uploads\/2023\/03\/Vegan_Mass_Gainer-1kg_Front_1.webp","datePublished":"2023-03-15T10:40:24+00:00","dateModified":"2026-03-12T10:49:10+00:00","breadcrumb":{"@id":"https:\/\/www.holy-supps.nl\/product\/vegan-mass-gainer-protein-works-2kg\/#breadcrumb"},"inLanguage":"es","potentialAction":[{"@type":"ReadAction","target":["https:\/\/www.holy-supps.nl\/product\/vegan-mass-gainer-protein-works-2kg\/"]}]},{"@type":"ImageObject","inLanguage":"es","@id":"https:\/\/www.holy-supps.nl\/product\/vegan-mass-gainer-protein-works-2kg\/#primaryimage","url":"https:\/\/www.holy-supps.nl\/wp-content\/uploads\/2023\/03\/Vegan_Mass_Gainer-1kg_Front_1.webp","contentUrl":"https:\/\/www.holy-supps.nl\/wp-content\/uploads\/2023\/03\/Vegan_Mass_Gainer-1kg_Front_1.webp","width":1000,"height":1000},{"@type":"BreadcrumbList","@id":"https:\/\/www.holy-supps.nl\/product\/vegan-mass-gainer-protein-works-2kg\/#breadcrumb","itemListElement":[{"@type":"ListItem","position":1,"name":"Home","item":"https:\/\/www.holy-supps.nl\/"},{"@type":"ListItem","position":2,"name":"Winkel","item":"https:\/\/www.holy-supps.nl\/winkel\/"},{"@type":"ListItem","position":3,"name":"Vegan Mass Gainer &#8211; Protein Works &#8211; 2KG"}]},{"@type":"WebSite","@id":"https:\/\/www.holy-supps.nl\/#website","url":"https:\/\/www.holy-supps.nl\/","name":"Holy-Supps.es","description":"\u00a1Distribuidor oficial de EHPLabs!","publisher":{"@id":"https:\/\/www.holy-supps.nl\/#organization"},"potentialAction":[{"@type":"SearchAction","target":{"@type":"EntryPoint","urlTemplate":"https:\/\/www.holy-supps.nl\/?s={search_term_string}"},"query-input":{"@type":"PropertyValueSpecification","valueRequired":true,"valueName":"search_term_string"}}],"inLanguage":"es"},{"@type":"Organization","@id":"https:\/\/www.holy-supps.nl\/#organization","name":"Santa Cena","url":"https:\/\/www.holy-supps.nl\/","logo":{"@type":"ImageObject","inLanguage":"es","@id":"https:\/\/www.holy-supps.nl\/#\/schema\/logo\/image\/","url":"https:\/\/www.holy-supps.nl\/wp-content\/uploads\/2023\/06\/HOLY-SUPPS.png","contentUrl":"https:\/\/www.holy-supps.nl\/wp-content\/uploads\/2023\/06\/HOLY-SUPPS.png","width":1000,"height":400,"caption":"Holy Supps"},"image":{"@id":"https:\/\/www.holy-supps.nl\/#\/schema\/logo\/image\/"},"sameAs":["https:\/\/www.facebook.com\/holy.supps","https:\/\/www.instagram.com\/holy.supps.shop\/"]}]}},"jetpack_sharing_enabled":true,"_links":{"self":[{"href":"https:\/\/www.holy-supps.nl\/es\/wp-json\/wp\/v2\/product\/523","targetHints":{"allow":["GET"]}}],"collection":[{"href":"https:\/\/www.holy-supps.nl\/es\/wp-json\/wp\/v2\/product"}],"about":[{"href":"https:\/\/www.holy-supps.nl\/es\/wp-json\/wp\/v2\/types\/product"}],"replies":[{"embeddable":true,"href":"https:\/\/www.holy-supps.nl\/es\/wp-json\/wp\/v2\/comments?post=523"}],"wp:featuredmedia":[{"embeddable":true,"href":"https:\/\/www.holy-supps.nl\/es\/wp-json\/wp\/v2\/media\/524"}],"wp:attachment":[{"href":"https:\/\/www.holy-supps.nl\/es\/wp-json\/wp\/v2\/media?parent=523"}],"wp:term":[{"taxonomy":"product_brand","embeddable":true,"href":"https:\/\/www.holy-supps.nl\/es\/wp-json\/wp\/v2\/product_brand?post=523"},{"taxonomy":"product_cat","embeddable":true,"href":"https:\/\/www.holy-supps.nl\/es\/wp-json\/wp\/v2\/product_cat?post=523"},{"taxonomy":"product_tag","embeddable":true,"href":"https:\/\/www.holy-supps.nl\/es\/wp-json\/wp\/v2\/product_tag?post=523"}],"curies":[{"name":"wp","href":"https:\/\/api.w.org\/{rel}","templated":true}]}}