{"id":3753,"date":"2025-03-14T12:01:58","date_gmt":"2025-03-14T11:01:58","guid":{"rendered":"https:\/\/www.holy-supps.nl\/?post_type=product&#038;p=3753"},"modified":"2026-01-24T21:03:47","modified_gmt":"2026-01-24T20:03:47","slug":"hydreau-sports-hydration-ehp-labs","status":"publish","type":"product","link":"https:\/\/www.holy-supps.nl\/es\/product\/hydreau-sports-hydration-ehp-labs\/","title":{"rendered":"Hydreau \u2013 Hidrataci\u00f3n deportiva \u2013 EHP Labs"},"content":{"rendered":"<p data-start=\"170\" data-end=\"274\">La mezcla para bebida electrol\u00edtica Hydreau de EHP Labs es un polvo sin az\u00facar con electrolitos y extractos vegetales.<\/p>\n<p data-start=\"276\" data-end=\"302\"><strong data-start=\"276\" data-end=\"300\">Caracter\u00edsticas (neutras)<\/strong><\/p>\n<ul data-start=\"303\" data-end=\"574\">\n<li data-start=\"303\" data-end=\"365\">\n<p data-start=\"305\" data-end=\"365\">Contiene electrolitos: sodio, potasio, magnesio y calcio.<\/p>\n<\/li>\n<li data-start=\"366\" data-end=\"402\">\n<p data-start=\"368\" data-end=\"402\">Sin az\u00facar y bajo en calor\u00edas.<\/p>\n<\/li>\n<li data-start=\"403\" data-end=\"457\">\n<p data-start=\"405\" data-end=\"457\">Contiene, entre otros ingredientes, extracto de t\u00e9 verde y ginseng.<\/p>\n<\/li>\n<li data-start=\"458\" data-end=\"534\">\n<p data-start=\"460\" data-end=\"534\">Vegano, sin gluten y sin colorantes ni saborizantes artificiales.<\/p>\n<\/li>\n<li data-start=\"535\" data-end=\"574\">\n<p data-start=\"537\" data-end=\"574\">Disponible en diferentes sabores.<\/p>\n<\/li>\n<\/ul>\n<p data-start=\"576\" data-end=\"678\"><strong data-start=\"576\" data-end=\"587\">Utilice<\/strong><br data-start=\"587\" data-end=\"590\" \/>Mezcla una cucharada de Hydreau con 16-20 onzas (aproximadamente 475-600 ml) de agua, agita y bebe.<\/p>\n<p data-start=\"680\" data-end=\"822\"><strong data-start=\"680\" data-end=\"694\">Aplicaci\u00f3n<\/strong><br data-start=\"694\" data-end=\"697\" \/>Hydreau se puede utilizar durante la pr\u00e1ctica deportiva o en cualquier otro momento en el que desee tomar una bebida electrol\u00edtica.<\/p>\n<p data-start=\"824\" data-end=\"958\"><strong data-start=\"824\" data-end=\"846\">Sabor y envase<\/strong><br data-start=\"846\" data-end=\"849\" \/>Disponible en varios sabores y dise\u00f1ado como una variante en polvo f\u00e1cil de usar en una f\u00f3rmula para beber.<\/p>","protected":false},"excerpt":{"rendered":"<p data-start=\"46\" data-end=\"117\">HYDREAU es una bebida sin az\u00facar y sabrosa para el consumo diario.<\/p>","protected":false},"featured_media":3759,"comment_status":"open","ping_status":"closed","template":"","meta":[],"product_brand":[],"product_cat":[86,89,72,87,74,81,70],"product_tag":[],"class_list":{"0":"post-3753","1":"product","2":"type-product","3":"status-publish","4":"has-post-thumbnail","6":"product_cat-aankomen","7":"product_cat-afvallen","8":"product_cat-ehplabs","9":"product_cat-energie-focus","10":"product_cat-health-wellness","11":"product_cat-spieropbouw","12":"product_cat-raws","14":"first","15":"outofstock","16":"taxable","17":"shipping-taxable","18":"purchasable","19":"product-type-variable"},"yoast_head":"<!-- This site is optimized with the Yoast SEO plugin v27.4 - https:\/\/yoast.com\/product\/yoast-seo-wordpress\/ -->\n<title>Hydreau - Sports Hydration - EHP Labs - Holy-Supps.nl<\/title>\n<meta name=\"robots\" content=\"index, follow, max-snippet:-1, max-image-preview:large, max-video-preview:-1\" \/>\n<link rel=\"canonical\" href=\"https:\/\/www.holy-supps.nl\/es\/producto\/hydreau-sports-hydration-ehp-labs\/\" \/>\n<meta property=\"og:locale\" content=\"es_ES\" \/>\n<meta property=\"og:type\" content=\"article\" \/>\n<meta property=\"og:title\" content=\"Hydreau - Sports Hydration - EHP Labs - Holy-Supps.nl\" \/>\n<meta property=\"og:description\" content=\"HYDREAU is een suikervrije, smaakvolle drankmix voor dagelijks gebruik.\" \/>\n<meta property=\"og:url\" content=\"https:\/\/www.holy-supps.nl\/es\/producto\/hydreau-sports-hydration-ehp-labs\/\" \/>\n<meta property=\"og:site_name\" content=\"Holy-Supps.nl\" \/>\n<meta property=\"article:publisher\" content=\"https:\/\/www.facebook.com\/holy.supps\" \/>\n<meta property=\"article:modified_time\" content=\"2026-01-24T20:03:47+00:00\" \/>\n<meta property=\"og:image\" content=\"https:\/\/www.holy-supps.nl\/wp-content\/uploads\/2025\/03\/HYDREAUWEBRENDER_RASPBERRYREFRESH-1.webp\" \/>\n\t<meta property=\"og:image:width\" content=\"990\" \/>\n\t<meta property=\"og:image:height\" content=\"990\" \/>\n\t<meta property=\"og:image:type\" content=\"image\/webp\" \/>\n<meta name=\"twitter:card\" content=\"summary_large_image\" \/>\n<meta name=\"twitter:label1\" content=\"Tiempo de lectura\" \/>\n\t<meta name=\"twitter:data1\" content=\"1 minuto\" \/>\n<script type=\"application\/ld+json\" class=\"yoast-schema-graph\">{\"@context\":\"https:\\\/\\\/schema.org\",\"@graph\":[{\"@type\":\"WebPage\",\"@id\":\"https:\\\/\\\/www.holy-supps.nl\\\/product\\\/hydreau-sports-hydration-ehp-labs\\\/\",\"url\":\"https:\\\/\\\/www.holy-supps.nl\\\/product\\\/hydreau-sports-hydration-ehp-labs\\\/\",\"name\":\"Hydreau - Sports Hydration - EHP Labs - Holy-Supps.nl\",\"isPartOf\":{\"@id\":\"https:\\\/\\\/www.holy-supps.nl\\\/#website\"},\"primaryImageOfPage\":{\"@id\":\"https:\\\/\\\/www.holy-supps.nl\\\/product\\\/hydreau-sports-hydration-ehp-labs\\\/#primaryimage\"},\"image\":{\"@id\":\"https:\\\/\\\/www.holy-supps.nl\\\/product\\\/hydreau-sports-hydration-ehp-labs\\\/#primaryimage\"},\"thumbnailUrl\":\"https:\\\/\\\/www.holy-supps.nl\\\/wp-content\\\/uploads\\\/2025\\\/03\\\/HYDREAUWEBRENDER_RASPBERRYREFRESH-1.webp\",\"datePublished\":\"2025-03-14T11:01:58+00:00\",\"dateModified\":\"2026-01-24T20:03:47+00:00\",\"breadcrumb\":{\"@id\":\"https:\\\/\\\/www.holy-supps.nl\\\/product\\\/hydreau-sports-hydration-ehp-labs\\\/#breadcrumb\"},\"inLanguage\":\"es\",\"potentialAction\":[{\"@type\":\"ReadAction\",\"target\":[\"https:\\\/\\\/www.holy-supps.nl\\\/product\\\/hydreau-sports-hydration-ehp-labs\\\/\"]}]},{\"@type\":\"ImageObject\",\"inLanguage\":\"es\",\"@id\":\"https:\\\/\\\/www.holy-supps.nl\\\/product\\\/hydreau-sports-hydration-ehp-labs\\\/#primaryimage\",\"url\":\"https:\\\/\\\/www.holy-supps.nl\\\/wp-content\\\/uploads\\\/2025\\\/03\\\/HYDREAUWEBRENDER_RASPBERRYREFRESH-1.webp\",\"contentUrl\":\"https:\\\/\\\/www.holy-supps.nl\\\/wp-content\\\/uploads\\\/2025\\\/03\\\/HYDREAUWEBRENDER_RASPBERRYREFRESH-1.webp\",\"width\":990,\"height\":990},{\"@type\":\"BreadcrumbList\",\"@id\":\"https:\\\/\\\/www.holy-supps.nl\\\/product\\\/hydreau-sports-hydration-ehp-labs\\\/#breadcrumb\",\"itemListElement\":[{\"@type\":\"ListItem\",\"position\":1,\"name\":\"Home\",\"item\":\"https:\\\/\\\/www.holy-supps.nl\\\/\"},{\"@type\":\"ListItem\",\"position\":2,\"name\":\"Winkel\",\"item\":\"https:\\\/\\\/www.holy-supps.nl\\\/winkel\\\/\"},{\"@type\":\"ListItem\",\"position\":3,\"name\":\"Hydreau &#8211; Sports Hydration &#8211; EHP Labs\"}]},{\"@type\":\"WebSite\",\"@id\":\"https:\\\/\\\/www.holy-supps.nl\\\/#website\",\"url\":\"https:\\\/\\\/www.holy-supps.nl\\\/\",\"name\":\"Holy-Supps.nl\",\"description\":\"Official EHPLabs Reseller!\",\"publisher\":{\"@id\":\"https:\\\/\\\/www.holy-supps.nl\\\/#organization\"},\"potentialAction\":[{\"@type\":\"SearchAction\",\"target\":{\"@type\":\"EntryPoint\",\"urlTemplate\":\"https:\\\/\\\/www.holy-supps.nl\\\/?s={search_term_string}\"},\"query-input\":{\"@type\":\"PropertyValueSpecification\",\"valueRequired\":true,\"valueName\":\"search_term_string\"}}],\"inLanguage\":\"es\"},{\"@type\":\"Organization\",\"@id\":\"https:\\\/\\\/www.holy-supps.nl\\\/#organization\",\"name\":\"Holy Supps\",\"url\":\"https:\\\/\\\/www.holy-supps.nl\\\/\",\"logo\":{\"@type\":\"ImageObject\",\"inLanguage\":\"es\",\"@id\":\"https:\\\/\\\/www.holy-supps.nl\\\/#\\\/schema\\\/logo\\\/image\\\/\",\"url\":\"https:\\\/\\\/www.holy-supps.nl\\\/wp-content\\\/uploads\\\/2023\\\/06\\\/HOLY-SUPPS.png\",\"contentUrl\":\"https:\\\/\\\/www.holy-supps.nl\\\/wp-content\\\/uploads\\\/2023\\\/06\\\/HOLY-SUPPS.png\",\"width\":1000,\"height\":400,\"caption\":\"Holy Supps\"},\"image\":{\"@id\":\"https:\\\/\\\/www.holy-supps.nl\\\/#\\\/schema\\\/logo\\\/image\\\/\"},\"sameAs\":[\"https:\\\/\\\/www.facebook.com\\\/holy.supps\",\"https:\\\/\\\/www.instagram.com\\\/holy.supps.shop\\\/\"]}]}<\/script>\n<!-- \/ Yoast SEO plugin. -->","yoast_head_json":{"title":"Hydreau - Hidrataci\u00f3n deportiva - EHP Labs - Holy-Supps.nl","robots":{"index":"index","follow":"follow","max-snippet":"max-snippet:-1","max-image-preview":"max-image-preview:large","max-video-preview":"max-video-preview:-1"},"canonical":"https:\/\/www.holy-supps.nl\/es\/producto\/hydreau-sports-hydration-ehp-labs\/","og_locale":"es_ES","og_type":"article","og_title":"Hydreau - Sports Hydration - EHP Labs - Holy-Supps.nl","og_description":"HYDREAU is een suikervrije, smaakvolle drankmix voor dagelijks gebruik.","og_url":"https:\/\/www.holy-supps.nl\/es\/producto\/hydreau-sports-hydration-ehp-labs\/","og_site_name":"Holy-Supps.nl","article_publisher":"https:\/\/www.facebook.com\/holy.supps","article_modified_time":"2026-01-24T20:03:47+00:00","og_image":[{"width":990,"height":990,"url":"https:\/\/www.holy-supps.nl\/wp-content\/uploads\/2025\/03\/HYDREAUWEBRENDER_RASPBERRYREFRESH-1.webp","type":"image\/webp"}],"twitter_card":"summary_large_image","twitter_misc":{"Tiempo de lectura":"1 minuto"},"schema":{"@context":"https:\/\/schema.org","@graph":[{"@type":"WebPage","@id":"https:\/\/www.holy-supps.nl\/product\/hydreau-sports-hydration-ehp-labs\/","url":"https:\/\/www.holy-supps.nl\/product\/hydreau-sports-hydration-ehp-labs\/","name":"Hydreau - Hidrataci\u00f3n deportiva - EHP Labs - Holy-Supps.nl","isPartOf":{"@id":"https:\/\/www.holy-supps.nl\/#website"},"primaryImageOfPage":{"@id":"https:\/\/www.holy-supps.nl\/product\/hydreau-sports-hydration-ehp-labs\/#primaryimage"},"image":{"@id":"https:\/\/www.holy-supps.nl\/product\/hydreau-sports-hydration-ehp-labs\/#primaryimage"},"thumbnailUrl":"https:\/\/www.holy-supps.nl\/wp-content\/uploads\/2025\/03\/HYDREAUWEBRENDER_RASPBERRYREFRESH-1.webp","datePublished":"2025-03-14T11:01:58+00:00","dateModified":"2026-01-24T20:03:47+00:00","breadcrumb":{"@id":"https:\/\/www.holy-supps.nl\/product\/hydreau-sports-hydration-ehp-labs\/#breadcrumb"},"inLanguage":"es","potentialAction":[{"@type":"ReadAction","target":["https:\/\/www.holy-supps.nl\/product\/hydreau-sports-hydration-ehp-labs\/"]}]},{"@type":"ImageObject","inLanguage":"es","@id":"https:\/\/www.holy-supps.nl\/product\/hydreau-sports-hydration-ehp-labs\/#primaryimage","url":"https:\/\/www.holy-supps.nl\/wp-content\/uploads\/2025\/03\/HYDREAUWEBRENDER_RASPBERRYREFRESH-1.webp","contentUrl":"https:\/\/www.holy-supps.nl\/wp-content\/uploads\/2025\/03\/HYDREAUWEBRENDER_RASPBERRYREFRESH-1.webp","width":990,"height":990},{"@type":"BreadcrumbList","@id":"https:\/\/www.holy-supps.nl\/product\/hydreau-sports-hydration-ehp-labs\/#breadcrumb","itemListElement":[{"@type":"ListItem","position":1,"name":"Home","item":"https:\/\/www.holy-supps.nl\/"},{"@type":"ListItem","position":2,"name":"Winkel","item":"https:\/\/www.holy-supps.nl\/winkel\/"},{"@type":"ListItem","position":3,"name":"Hydreau &#8211; Sports Hydration &#8211; EHP Labs"}]},{"@type":"WebSite","@id":"https:\/\/www.holy-supps.nl\/#website","url":"https:\/\/www.holy-supps.nl\/","name":"Holy-Supps.es","description":"\u00a1Distribuidor oficial de EHPLabs!","publisher":{"@id":"https:\/\/www.holy-supps.nl\/#organization"},"potentialAction":[{"@type":"SearchAction","target":{"@type":"EntryPoint","urlTemplate":"https:\/\/www.holy-supps.nl\/?s={search_term_string}"},"query-input":{"@type":"PropertyValueSpecification","valueRequired":true,"valueName":"search_term_string"}}],"inLanguage":"es"},{"@type":"Organization","@id":"https:\/\/www.holy-supps.nl\/#organization","name":"Santa Cena","url":"https:\/\/www.holy-supps.nl\/","logo":{"@type":"ImageObject","inLanguage":"es","@id":"https:\/\/www.holy-supps.nl\/#\/schema\/logo\/image\/","url":"https:\/\/www.holy-supps.nl\/wp-content\/uploads\/2023\/06\/HOLY-SUPPS.png","contentUrl":"https:\/\/www.holy-supps.nl\/wp-content\/uploads\/2023\/06\/HOLY-SUPPS.png","width":1000,"height":400,"caption":"Holy Supps"},"image":{"@id":"https:\/\/www.holy-supps.nl\/#\/schema\/logo\/image\/"},"sameAs":["https:\/\/www.facebook.com\/holy.supps","https:\/\/www.instagram.com\/holy.supps.shop\/"]}]}},"jetpack_sharing_enabled":true,"_links":{"self":[{"href":"https:\/\/www.holy-supps.nl\/es\/wp-json\/wp\/v2\/product\/3753","targetHints":{"allow":["GET"]}}],"collection":[{"href":"https:\/\/www.holy-supps.nl\/es\/wp-json\/wp\/v2\/product"}],"about":[{"href":"https:\/\/www.holy-supps.nl\/es\/wp-json\/wp\/v2\/types\/product"}],"replies":[{"embeddable":true,"href":"https:\/\/www.holy-supps.nl\/es\/wp-json\/wp\/v2\/comments?post=3753"}],"wp:featuredmedia":[{"embeddable":true,"href":"https:\/\/www.holy-supps.nl\/es\/wp-json\/wp\/v2\/media\/3759"}],"wp:attachment":[{"href":"https:\/\/www.holy-supps.nl\/es\/wp-json\/wp\/v2\/media?parent=3753"}],"wp:term":[{"taxonomy":"product_brand","embeddable":true,"href":"https:\/\/www.holy-supps.nl\/es\/wp-json\/wp\/v2\/product_brand?post=3753"},{"taxonomy":"product_cat","embeddable":true,"href":"https:\/\/www.holy-supps.nl\/es\/wp-json\/wp\/v2\/product_cat?post=3753"},{"taxonomy":"product_tag","embeddable":true,"href":"https:\/\/www.holy-supps.nl\/es\/wp-json\/wp\/v2\/product_tag?post=3753"}],"curies":[{"name":"wp","href":"https:\/\/api.w.org\/{rel}","templated":true}]}}