{"id":3357,"date":"2024-11-29T14:44:01","date_gmt":"2024-11-29T13:44:01","guid":{"rendered":"https:\/\/www.holy-supps.nl\/?post_type=product&#038;p=3357"},"modified":"2026-04-22T11:38:52","modified_gmt":"2026-04-22T09:38:52","slug":"holyshot","status":"publish","type":"product","link":"https:\/\/www.holy-supps.nl\/es\/product\/holyshot\/","title":{"rendered":"HOLYSHOT"},"content":{"rendered":"<h2>JENGIBRE Y LIM\u00d3N<\/h2>\n<p>El 100% Natural \u2013 HOLYSHOT \u2013 Jengibre y Lim\u00f3n contiene lo mejor de dos mundos. Las ventajas del jengibre (antiinflamatorio, refuerza el sistema inmunitario y estimula el cerebro) combinadas con el poder del lim\u00f3n (fuente de vitamina C, ayuda a mantener el peso, estimula el coraz\u00f3n), y todo ello embotellado en un pr\u00e1ctico formato para consumir a diario.<\/p>\n<ul>\n<li>ANTIINFLAMATORIO<\/li>\n<li>LLENO DE VITAMINAS<\/li>\n<li>SIN AZ\u00daCAR A\u00d1ADIDO<\/li>\n<li>ENVASADO EN VIDRIO RECICLABLE<\/li>\n<li>LARGA DURACI\u00d3N<\/li>\n<\/ul>\n<h2>JENGIBRE, C\u00daRCUMA Y PI\u00d1A<\/h2>\n<p>El 100% natural \u2013 HOLYSHOT \u2013 Jengibre, c\u00farcuma y pi\u00f1a tiene mucho que ofrecer. Las ventajas del jengibre (antiinflamatorio, estimulante del sistema inmunitario y estimulante cerebral) combinadas con el superpoder de la c\u00farcuma (es un potente antiinflamatorio y antioxidante)* y aderezado con el refrescante sabor de la pi\u00f1a (rica en antioxidantes y nutrientes). * Las afirmaciones anteriores son generales y no siempre est\u00e1n cient\u00edficamente probadas.<\/p>\n<ul>\n<li>CON SUPERALIMENTOS<\/li>\n<li>LLENO DE VITAMINAS<\/li>\n<li>SIN AZ\u00daCAR A\u00d1ADIDO<\/li>\n<li>ENVASADO EN VIDRIO RECICLABLE<\/li>\n<li>LARGA DURACI\u00d3N<\/li>\n<\/ul>\n<h2>MAT\u00c9 Y GUARANA<\/h2>\n<p>El 100% Natural \u2013 HOLYSHOT \u2013 Mat\u00e9 &amp; Guaran\u00e1 tiene un efecto estimulante y revitalizante natural. El mat\u00e9 estimula todo tipo de funciones mentales y est\u00e1 repleto de vitaminas, minerales y antioxidantes. El guaran\u00e1 puede reducir la fatiga y mejorar la concentraci\u00f3n. Tambi\u00e9n tiene propiedades antibacterianas. Eso hace que este zumo sea el shot energ\u00e9tico perfecto.<\/p>\n<ul>\n<li>CAFE\u00cdNA NATURAL<\/li>\n<li>\u00a0ANTIOXIDANTES<\/li>\n<li>\u00a0LLENO DE VITAMINAS<\/li>\n<li>\u00a0SIN AZ\u00daCAR A\u00d1ADIDO<\/li>\n<li>\u00a0ENVASADO EN VIDRIO RECICLABLE<\/li>\n<li>\u00a0LARGA DURACI\u00d3N<\/li>\n<\/ul>","protected":false},"excerpt":{"rendered":"<p>Chupitos funcionales org\u00e1nicos. Tu refuerzo diario para el sistema inmunitario.<\/p>","protected":false},"featured_media":3363,"comment_status":"open","ping_status":"closed","template":"","meta":[],"product_brand":[],"product_cat":[93,77,87,15,74,270,79,92,78],"product_tag":[],"class_list":{"0":"post-3357","1":"product","2":"type-product","3":"status-publish","4":"has-post-thumbnail","6":"product_cat-bars-snacks","7":"product_cat-bundles-save","8":"product_cat-energie-focus","9":"product_cat-geen-categorie","10":"product_cat-health-wellness","11":"product_cat-holyshot","12":"product_cat-maaltijdvervangers","13":"product_cat-vitamine-mineralen","14":"product_cat-voeding-snacks","16":"first","17":"outofstock","18":"sale","19":"taxable","20":"shipping-taxable","21":"purchasable","22":"product-type-variable"},"yoast_head":"<!-- This site is optimized with the Yoast SEO plugin v27.5 - https:\/\/yoast.com\/product\/yoast-seo-wordpress\/ -->\n<title>HOLYSHOT - Holy-Supps.nl<\/title>\n<meta name=\"robots\" content=\"index, follow, max-snippet:-1, max-image-preview:large, max-video-preview:-1\" \/>\n<link rel=\"canonical\" href=\"https:\/\/www.holy-supps.nl\/es\/producto\/holyshot\/\" \/>\n<meta property=\"og:locale\" content=\"es_ES\" \/>\n<meta property=\"og:type\" content=\"article\" \/>\n<meta property=\"og:title\" content=\"HOLYSHOT - Holy-Supps.nl\" \/>\n<meta property=\"og:description\" content=\"Organische functionele shots. Uw dagelijkse immuniteitsbooster.\" \/>\n<meta property=\"og:url\" content=\"https:\/\/www.holy-supps.nl\/es\/producto\/holyshot\/\" \/>\n<meta property=\"og:site_name\" content=\"Holy-Supps.nl\" \/>\n<meta property=\"article:publisher\" content=\"https:\/\/www.facebook.com\/holy.supps\" \/>\n<meta property=\"article:modified_time\" content=\"2026-04-22T09:38:52+00:00\" \/>\n<meta property=\"og:image\" content=\"https:\/\/www.holy-supps.nl\/wp-content\/uploads\/2024\/11\/ginger-lemon.webp\" \/>\n\t<meta property=\"og:image:width\" content=\"700\" \/>\n\t<meta property=\"og:image:height\" content=\"700\" \/>\n\t<meta property=\"og:image:type\" content=\"image\/webp\" \/>\n<meta name=\"twitter:card\" content=\"summary_large_image\" \/>\n<meta name=\"twitter:label1\" content=\"Tiempo de lectura\" \/>\n\t<meta name=\"twitter:data1\" content=\"2 minutos\" \/>\n<script type=\"application\/ld+json\" class=\"yoast-schema-graph\">{\"@context\":\"https:\\\/\\\/schema.org\",\"@graph\":[{\"@type\":\"WebPage\",\"@id\":\"https:\\\/\\\/www.holy-supps.nl\\\/product\\\/holyshot\\\/\",\"url\":\"https:\\\/\\\/www.holy-supps.nl\\\/product\\\/holyshot\\\/\",\"name\":\"HOLYSHOT - Holy-Supps.nl\",\"isPartOf\":{\"@id\":\"https:\\\/\\\/www.holy-supps.nl\\\/#website\"},\"primaryImageOfPage\":{\"@id\":\"https:\\\/\\\/www.holy-supps.nl\\\/product\\\/holyshot\\\/#primaryimage\"},\"image\":{\"@id\":\"https:\\\/\\\/www.holy-supps.nl\\\/product\\\/holyshot\\\/#primaryimage\"},\"thumbnailUrl\":\"https:\\\/\\\/www.holy-supps.nl\\\/wp-content\\\/uploads\\\/2024\\\/11\\\/ginger-lemon.webp\",\"datePublished\":\"2024-11-29T13:44:01+00:00\",\"dateModified\":\"2026-04-22T09:38:52+00:00\",\"breadcrumb\":{\"@id\":\"https:\\\/\\\/www.holy-supps.nl\\\/product\\\/holyshot\\\/#breadcrumb\"},\"inLanguage\":\"es\",\"potentialAction\":[{\"@type\":\"ReadAction\",\"target\":[\"https:\\\/\\\/www.holy-supps.nl\\\/product\\\/holyshot\\\/\"]}]},{\"@type\":\"ImageObject\",\"inLanguage\":\"es\",\"@id\":\"https:\\\/\\\/www.holy-supps.nl\\\/product\\\/holyshot\\\/#primaryimage\",\"url\":\"https:\\\/\\\/www.holy-supps.nl\\\/wp-content\\\/uploads\\\/2024\\\/11\\\/ginger-lemon.webp\",\"contentUrl\":\"https:\\\/\\\/www.holy-supps.nl\\\/wp-content\\\/uploads\\\/2024\\\/11\\\/ginger-lemon.webp\",\"width\":700,\"height\":700},{\"@type\":\"BreadcrumbList\",\"@id\":\"https:\\\/\\\/www.holy-supps.nl\\\/product\\\/holyshot\\\/#breadcrumb\",\"itemListElement\":[{\"@type\":\"ListItem\",\"position\":1,\"name\":\"Home\",\"item\":\"https:\\\/\\\/www.holy-supps.nl\\\/\"},{\"@type\":\"ListItem\",\"position\":2,\"name\":\"Winkel\",\"item\":\"https:\\\/\\\/www.holy-supps.nl\\\/winkel\\\/\"},{\"@type\":\"ListItem\",\"position\":3,\"name\":\"HOLYSHOT\"}]},{\"@type\":\"WebSite\",\"@id\":\"https:\\\/\\\/www.holy-supps.nl\\\/#website\",\"url\":\"https:\\\/\\\/www.holy-supps.nl\\\/\",\"name\":\"Holy-Supps.nl\",\"description\":\"Official EHPLabs Reseller!\",\"publisher\":{\"@id\":\"https:\\\/\\\/www.holy-supps.nl\\\/#organization\"},\"potentialAction\":[{\"@type\":\"SearchAction\",\"target\":{\"@type\":\"EntryPoint\",\"urlTemplate\":\"https:\\\/\\\/www.holy-supps.nl\\\/?s={search_term_string}\"},\"query-input\":{\"@type\":\"PropertyValueSpecification\",\"valueRequired\":true,\"valueName\":\"search_term_string\"}}],\"inLanguage\":\"es\"},{\"@type\":\"Organization\",\"@id\":\"https:\\\/\\\/www.holy-supps.nl\\\/#organization\",\"name\":\"Holy Supps\",\"url\":\"https:\\\/\\\/www.holy-supps.nl\\\/\",\"logo\":{\"@type\":\"ImageObject\",\"inLanguage\":\"es\",\"@id\":\"https:\\\/\\\/www.holy-supps.nl\\\/#\\\/schema\\\/logo\\\/image\\\/\",\"url\":\"https:\\\/\\\/www.holy-supps.nl\\\/wp-content\\\/uploads\\\/2023\\\/06\\\/HOLY-SUPPS.png\",\"contentUrl\":\"https:\\\/\\\/www.holy-supps.nl\\\/wp-content\\\/uploads\\\/2023\\\/06\\\/HOLY-SUPPS.png\",\"width\":1000,\"height\":400,\"caption\":\"Holy Supps\"},\"image\":{\"@id\":\"https:\\\/\\\/www.holy-supps.nl\\\/#\\\/schema\\\/logo\\\/image\\\/\"},\"sameAs\":[\"https:\\\/\\\/www.facebook.com\\\/holy.supps\",\"https:\\\/\\\/www.instagram.com\\\/holy.supps.shop\\\/\"]}]}<\/script>\n<!-- \/ Yoast SEO plugin. -->","yoast_head_json":{"title":"HOLYSHOT - Holy-Supps.nl","robots":{"index":"index","follow":"follow","max-snippet":"max-snippet:-1","max-image-preview":"max-image-preview:large","max-video-preview":"max-video-preview:-1"},"canonical":"https:\/\/www.holy-supps.nl\/es\/producto\/holyshot\/","og_locale":"es_ES","og_type":"article","og_title":"HOLYSHOT - Holy-Supps.nl","og_description":"Organische functionele shots. Uw dagelijkse immuniteitsbooster.","og_url":"https:\/\/www.holy-supps.nl\/es\/producto\/holyshot\/","og_site_name":"Holy-Supps.nl","article_publisher":"https:\/\/www.facebook.com\/holy.supps","article_modified_time":"2026-04-22T09:38:52+00:00","og_image":[{"width":700,"height":700,"url":"https:\/\/www.holy-supps.nl\/wp-content\/uploads\/2024\/11\/ginger-lemon.webp","type":"image\/webp"}],"twitter_card":"summary_large_image","twitter_misc":{"Tiempo de lectura":"2 minutos"},"schema":{"@context":"https:\/\/schema.org","@graph":[{"@type":"WebPage","@id":"https:\/\/www.holy-supps.nl\/product\/holyshot\/","url":"https:\/\/www.holy-supps.nl\/product\/holyshot\/","name":"HOLYSHOT - Holy-Supps.nl","isPartOf":{"@id":"https:\/\/www.holy-supps.nl\/#website"},"primaryImageOfPage":{"@id":"https:\/\/www.holy-supps.nl\/product\/holyshot\/#primaryimage"},"image":{"@id":"https:\/\/www.holy-supps.nl\/product\/holyshot\/#primaryimage"},"thumbnailUrl":"https:\/\/www.holy-supps.nl\/wp-content\/uploads\/2024\/11\/ginger-lemon.webp","datePublished":"2024-11-29T13:44:01+00:00","dateModified":"2026-04-22T09:38:52+00:00","breadcrumb":{"@id":"https:\/\/www.holy-supps.nl\/product\/holyshot\/#breadcrumb"},"inLanguage":"es","potentialAction":[{"@type":"ReadAction","target":["https:\/\/www.holy-supps.nl\/product\/holyshot\/"]}]},{"@type":"ImageObject","inLanguage":"es","@id":"https:\/\/www.holy-supps.nl\/product\/holyshot\/#primaryimage","url":"https:\/\/www.holy-supps.nl\/wp-content\/uploads\/2024\/11\/ginger-lemon.webp","contentUrl":"https:\/\/www.holy-supps.nl\/wp-content\/uploads\/2024\/11\/ginger-lemon.webp","width":700,"height":700},{"@type":"BreadcrumbList","@id":"https:\/\/www.holy-supps.nl\/product\/holyshot\/#breadcrumb","itemListElement":[{"@type":"ListItem","position":1,"name":"Home","item":"https:\/\/www.holy-supps.nl\/"},{"@type":"ListItem","position":2,"name":"Winkel","item":"https:\/\/www.holy-supps.nl\/winkel\/"},{"@type":"ListItem","position":3,"name":"HOLYSHOT"}]},{"@type":"WebSite","@id":"https:\/\/www.holy-supps.nl\/#website","url":"https:\/\/www.holy-supps.nl\/","name":"Holy-Supps.es","description":"\u00a1Distribuidor oficial de EHPLabs!","publisher":{"@id":"https:\/\/www.holy-supps.nl\/#organization"},"potentialAction":[{"@type":"SearchAction","target":{"@type":"EntryPoint","urlTemplate":"https:\/\/www.holy-supps.nl\/?s={search_term_string}"},"query-input":{"@type":"PropertyValueSpecification","valueRequired":true,"valueName":"search_term_string"}}],"inLanguage":"es"},{"@type":"Organization","@id":"https:\/\/www.holy-supps.nl\/#organization","name":"Santa Cena","url":"https:\/\/www.holy-supps.nl\/","logo":{"@type":"ImageObject","inLanguage":"es","@id":"https:\/\/www.holy-supps.nl\/#\/schema\/logo\/image\/","url":"https:\/\/www.holy-supps.nl\/wp-content\/uploads\/2023\/06\/HOLY-SUPPS.png","contentUrl":"https:\/\/www.holy-supps.nl\/wp-content\/uploads\/2023\/06\/HOLY-SUPPS.png","width":1000,"height":400,"caption":"Holy Supps"},"image":{"@id":"https:\/\/www.holy-supps.nl\/#\/schema\/logo\/image\/"},"sameAs":["https:\/\/www.facebook.com\/holy.supps","https:\/\/www.instagram.com\/holy.supps.shop\/"]}]}},"jetpack_sharing_enabled":true,"_links":{"self":[{"href":"https:\/\/www.holy-supps.nl\/es\/wp-json\/wp\/v2\/product\/3357","targetHints":{"allow":["GET"]}}],"collection":[{"href":"https:\/\/www.holy-supps.nl\/es\/wp-json\/wp\/v2\/product"}],"about":[{"href":"https:\/\/www.holy-supps.nl\/es\/wp-json\/wp\/v2\/types\/product"}],"replies":[{"embeddable":true,"href":"https:\/\/www.holy-supps.nl\/es\/wp-json\/wp\/v2\/comments?post=3357"}],"wp:featuredmedia":[{"embeddable":true,"href":"https:\/\/www.holy-supps.nl\/es\/wp-json\/wp\/v2\/media\/3363"}],"wp:attachment":[{"href":"https:\/\/www.holy-supps.nl\/es\/wp-json\/wp\/v2\/media?parent=3357"}],"wp:term":[{"taxonomy":"product_brand","embeddable":true,"href":"https:\/\/www.holy-supps.nl\/es\/wp-json\/wp\/v2\/product_brand?post=3357"},{"taxonomy":"product_cat","embeddable":true,"href":"https:\/\/www.holy-supps.nl\/es\/wp-json\/wp\/v2\/product_cat?post=3357"},{"taxonomy":"product_tag","embeddable":true,"href":"https:\/\/www.holy-supps.nl\/es\/wp-json\/wp\/v2\/product_tag?post=3357"}],"curies":[{"name":"wp","href":"https:\/\/api.w.org\/{rel}","templated":true}]}}