{"id":3342,"date":"2024-11-29T11:39:42","date_gmt":"2024-11-29T10:39:42","guid":{"rendered":"https:\/\/www.holy-supps.nl\/?post_type=product&#038;p=3342"},"modified":"2025-10-15T22:02:12","modified_gmt":"2025-10-15T20:02:12","slug":"barebells-protein-bar-triple-pack","status":"publish","type":"product","link":"https:\/\/www.holy-supps.nl\/es\/product\/barebells-protein-bar-triple-pack\/","title":{"rendered":"Barrita proteica Barebells \u2013 Paquete triple"},"content":{"rendered":"<p>\u00bfCansado de comer barritas que saben a cart\u00f3n? Esta barrita es demasiado pegajosa y chocolatosa para compararse con nada que no sean los postres m\u00e1s decadentes; y aun as\u00ed contiene 20 gramos de prote\u00ednas y no contiene az\u00facares a\u00f1adidos. Mantenerse en forma nunca hab\u00eda sido tan delicioso. Caramel Cashew fue uno de los primeros sabores lanzados por Barebells y sigue siendo un \u00e9xito en todo el mundo.<\/p>\n<h2>Ventajas<\/h2>\n<ul>\n<li style=\"list-style-type: none;\">\n<ul>\n<li>20 gramos de prote\u00ednas por barrita<\/li>\n<li>Bajo en carbohidratos<\/li>\n<li>Bajo en az\u00facar, menos de 2 g de az\u00facar por raci\u00f3n<\/li>\n<li>Alta fibra<\/li>\n<li>Pr\u00e1ctico para llevar de viaje<\/li>\n<li>Textura incre\u00edblemente deliciosa<\/li>\n<li>7 deliciosos sabores<\/li>\n<\/ul>\n<\/li>\n<\/ul>\n<h2>Ingredientes<\/h2>\n<p>Prote\u00ednas l\u00e1cteas, humectante (glicerol), edulcorante (maltitoles, sucralosa, acesulfamo-K), hidrolizado de col\u00e1geno, polidextrosa, manteca de cacao, leche entera en polvo, agua, SOJAPROTE\u00cdNA, aceite de girasol, pasta de cacao, aromas, cacao, almid\u00f3n de tapioca, emulgente (lecitinas). Puede contener trazas de cereales con gluten, cacahuetes y frutos de c\u00e1scara.<\/p>\n<h2>Informaci\u00f3n sobre alergias<\/h2>\n<p>Contiene:Leche, Soja<\/p>\n<p>Puede contener:Cereales con gluten, Cacahuetes, Frutos de c\u00e1scara<\/p>","protected":false},"excerpt":{"rendered":"<h2>Elige y mezcla tu sabor favorito.<\/h2>\n<p>100% Barebellicious - disponible en siete sabores incre\u00edbles. Las barritas de prote\u00ednas Barebells est\u00e1n hechas para sorprender a tus papilas gustativas. Todo sin az\u00facares a\u00f1adidos, 20 gramos de prote\u00edna y sin comprometer el sabor. \u00a1De nada!<\/p>","protected":false},"featured_media":3328,"comment_status":"open","ping_status":"closed","template":"","meta":[],"product_brand":[],"product_cat":[86,89,272,93,77,80,15,81,78],"product_tag":[],"class_list":{"0":"post-3342","1":"product","2":"type-product","3":"status-publish","4":"has-post-thumbnail","6":"product_cat-aankomen","7":"product_cat-afvallen","8":"product_cat-barebells","9":"product_cat-bars-snacks","10":"product_cat-bundles-save","11":"product_cat-doel","12":"product_cat-geen-categorie","13":"product_cat-spieropbouw","14":"product_cat-voeding-snacks","16":"first","17":"outofstock","18":"sale","19":"taxable","20":"shipping-taxable","21":"purchasable","22":"product-type-yith_bundle"},"yoast_head":"<!-- This site is optimized with the Yoast SEO plugin v27.5 - https:\/\/yoast.com\/product\/yoast-seo-wordpress\/ -->\n<title>Barebells Protein bar - Triple pack - Holy-Supps.nl<\/title>\n<meta name=\"robots\" content=\"index, follow, max-snippet:-1, max-image-preview:large, max-video-preview:-1\" \/>\n<link rel=\"canonical\" href=\"https:\/\/www.holy-supps.nl\/es\/producto\/barebells-protein-bar-triple-pack\/\" \/>\n<meta property=\"og:locale\" content=\"es_ES\" \/>\n<meta property=\"og:type\" content=\"article\" \/>\n<meta property=\"og:title\" content=\"Barebells Protein bar - Triple pack - Holy-Supps.nl\" \/>\n<meta property=\"og:description\" content=\"PICK &amp; MIX je favoriete smaak! 100% Barebellicious \u2013 verkrijgbaar in zeven ongelooflijke smaken. Barebells eiwitrepen zijn gemaakt om je smaakpapillen te verbazen! Allemaal zonder toegevoegde suikers, 20 gram eiwit en zonder concessies te doen aan de smaak. Graag gedaan!\" \/>\n<meta property=\"og:url\" content=\"https:\/\/www.holy-supps.nl\/es\/producto\/barebells-protein-bar-triple-pack\/\" \/>\n<meta property=\"og:site_name\" content=\"Holy-Supps.nl\" \/>\n<meta property=\"article:publisher\" content=\"https:\/\/www.facebook.com\/holy.supps\" \/>\n<meta property=\"article:modified_time\" content=\"2025-10-15T20:02:12+00:00\" \/>\n<meta property=\"og:image\" content=\"https:\/\/www.holy-supps.nl\/wp-content\/uploads\/2024\/11\/BB-CC.jpeg\" \/>\n\t<meta property=\"og:image:width\" content=\"800\" \/>\n\t<meta property=\"og:image:height\" content=\"800\" \/>\n\t<meta property=\"og:image:type\" content=\"image\/jpeg\" \/>\n<meta name=\"twitter:card\" content=\"summary_large_image\" \/>\n<meta name=\"twitter:label1\" content=\"Tiempo de lectura\" \/>\n\t<meta name=\"twitter:data1\" content=\"1 minuto\" \/>\n<script type=\"application\/ld+json\" class=\"yoast-schema-graph\">{\"@context\":\"https:\\\/\\\/schema.org\",\"@graph\":[{\"@type\":\"WebPage\",\"@id\":\"https:\\\/\\\/www.holy-supps.nl\\\/product\\\/barebells-protein-bar-triple-pack\\\/\",\"url\":\"https:\\\/\\\/www.holy-supps.nl\\\/product\\\/barebells-protein-bar-triple-pack\\\/\",\"name\":\"Barebells Protein bar - Triple pack - Holy-Supps.nl\",\"isPartOf\":{\"@id\":\"https:\\\/\\\/www.holy-supps.nl\\\/#website\"},\"primaryImageOfPage\":{\"@id\":\"https:\\\/\\\/www.holy-supps.nl\\\/product\\\/barebells-protein-bar-triple-pack\\\/#primaryimage\"},\"image\":{\"@id\":\"https:\\\/\\\/www.holy-supps.nl\\\/product\\\/barebells-protein-bar-triple-pack\\\/#primaryimage\"},\"thumbnailUrl\":\"https:\\\/\\\/www.holy-supps.nl\\\/wp-content\\\/uploads\\\/2024\\\/11\\\/BB-CC.jpeg\",\"datePublished\":\"2024-11-29T10:39:42+00:00\",\"dateModified\":\"2025-10-15T20:02:12+00:00\",\"breadcrumb\":{\"@id\":\"https:\\\/\\\/www.holy-supps.nl\\\/product\\\/barebells-protein-bar-triple-pack\\\/#breadcrumb\"},\"inLanguage\":\"es\",\"potentialAction\":[{\"@type\":\"ReadAction\",\"target\":[\"https:\\\/\\\/www.holy-supps.nl\\\/product\\\/barebells-protein-bar-triple-pack\\\/\"]}]},{\"@type\":\"ImageObject\",\"inLanguage\":\"es\",\"@id\":\"https:\\\/\\\/www.holy-supps.nl\\\/product\\\/barebells-protein-bar-triple-pack\\\/#primaryimage\",\"url\":\"https:\\\/\\\/www.holy-supps.nl\\\/wp-content\\\/uploads\\\/2024\\\/11\\\/BB-CC.jpeg\",\"contentUrl\":\"https:\\\/\\\/www.holy-supps.nl\\\/wp-content\\\/uploads\\\/2024\\\/11\\\/BB-CC.jpeg\",\"width\":800,\"height\":800},{\"@type\":\"BreadcrumbList\",\"@id\":\"https:\\\/\\\/www.holy-supps.nl\\\/product\\\/barebells-protein-bar-triple-pack\\\/#breadcrumb\",\"itemListElement\":[{\"@type\":\"ListItem\",\"position\":1,\"name\":\"Home\",\"item\":\"https:\\\/\\\/www.holy-supps.nl\\\/\"},{\"@type\":\"ListItem\",\"position\":2,\"name\":\"Winkel\",\"item\":\"https:\\\/\\\/www.holy-supps.nl\\\/winkel\\\/\"},{\"@type\":\"ListItem\",\"position\":3,\"name\":\"Barebells Protein bar &#8211; Triple pack\"}]},{\"@type\":\"WebSite\",\"@id\":\"https:\\\/\\\/www.holy-supps.nl\\\/#website\",\"url\":\"https:\\\/\\\/www.holy-supps.nl\\\/\",\"name\":\"Holy-Supps.nl\",\"description\":\"Official EHPLabs Reseller!\",\"publisher\":{\"@id\":\"https:\\\/\\\/www.holy-supps.nl\\\/#organization\"},\"potentialAction\":[{\"@type\":\"SearchAction\",\"target\":{\"@type\":\"EntryPoint\",\"urlTemplate\":\"https:\\\/\\\/www.holy-supps.nl\\\/?s={search_term_string}\"},\"query-input\":{\"@type\":\"PropertyValueSpecification\",\"valueRequired\":true,\"valueName\":\"search_term_string\"}}],\"inLanguage\":\"es\"},{\"@type\":\"Organization\",\"@id\":\"https:\\\/\\\/www.holy-supps.nl\\\/#organization\",\"name\":\"Holy Supps\",\"url\":\"https:\\\/\\\/www.holy-supps.nl\\\/\",\"logo\":{\"@type\":\"ImageObject\",\"inLanguage\":\"es\",\"@id\":\"https:\\\/\\\/www.holy-supps.nl\\\/#\\\/schema\\\/logo\\\/image\\\/\",\"url\":\"https:\\\/\\\/www.holy-supps.nl\\\/wp-content\\\/uploads\\\/2023\\\/06\\\/HOLY-SUPPS.png\",\"contentUrl\":\"https:\\\/\\\/www.holy-supps.nl\\\/wp-content\\\/uploads\\\/2023\\\/06\\\/HOLY-SUPPS.png\",\"width\":1000,\"height\":400,\"caption\":\"Holy Supps\"},\"image\":{\"@id\":\"https:\\\/\\\/www.holy-supps.nl\\\/#\\\/schema\\\/logo\\\/image\\\/\"},\"sameAs\":[\"https:\\\/\\\/www.facebook.com\\\/holy.supps\",\"https:\\\/\\\/www.instagram.com\\\/holy.supps.shop\\\/\"]}]}<\/script>\n<!-- \/ Yoast SEO plugin. -->","yoast_head_json":{"title":"Barebells Barrita de prote\u00ednas - Pack triple - Holy-Supps.co.uk","robots":{"index":"index","follow":"follow","max-snippet":"max-snippet:-1","max-image-preview":"max-image-preview:large","max-video-preview":"max-video-preview:-1"},"canonical":"https:\/\/www.holy-supps.nl\/es\/producto\/barebells-protein-bar-triple-pack\/","og_locale":"es_ES","og_type":"article","og_title":"Barebells Protein bar - Triple pack - Holy-Supps.nl","og_description":"PICK &amp; MIX je favoriete smaak! 100% Barebellicious \u2013 verkrijgbaar in zeven ongelooflijke smaken. Barebells eiwitrepen zijn gemaakt om je smaakpapillen te verbazen! Allemaal zonder toegevoegde suikers, 20 gram eiwit en zonder concessies te doen aan de smaak. Graag gedaan!","og_url":"https:\/\/www.holy-supps.nl\/es\/producto\/barebells-protein-bar-triple-pack\/","og_site_name":"Holy-Supps.nl","article_publisher":"https:\/\/www.facebook.com\/holy.supps","article_modified_time":"2025-10-15T20:02:12+00:00","og_image":[{"width":800,"height":800,"url":"https:\/\/www.holy-supps.nl\/wp-content\/uploads\/2024\/11\/BB-CC.jpeg","type":"image\/jpeg"}],"twitter_card":"summary_large_image","twitter_misc":{"Tiempo de lectura":"1 minuto"},"schema":{"@context":"https:\/\/schema.org","@graph":[{"@type":"WebPage","@id":"https:\/\/www.holy-supps.nl\/product\/barebells-protein-bar-triple-pack\/","url":"https:\/\/www.holy-supps.nl\/product\/barebells-protein-bar-triple-pack\/","name":"Barebells Barrita de prote\u00ednas - Pack triple - Holy-Supps.co.uk","isPartOf":{"@id":"https:\/\/www.holy-supps.nl\/#website"},"primaryImageOfPage":{"@id":"https:\/\/www.holy-supps.nl\/product\/barebells-protein-bar-triple-pack\/#primaryimage"},"image":{"@id":"https:\/\/www.holy-supps.nl\/product\/barebells-protein-bar-triple-pack\/#primaryimage"},"thumbnailUrl":"https:\/\/www.holy-supps.nl\/wp-content\/uploads\/2024\/11\/BB-CC.jpeg","datePublished":"2024-11-29T10:39:42+00:00","dateModified":"2025-10-15T20:02:12+00:00","breadcrumb":{"@id":"https:\/\/www.holy-supps.nl\/product\/barebells-protein-bar-triple-pack\/#breadcrumb"},"inLanguage":"es","potentialAction":[{"@type":"ReadAction","target":["https:\/\/www.holy-supps.nl\/product\/barebells-protein-bar-triple-pack\/"]}]},{"@type":"ImageObject","inLanguage":"es","@id":"https:\/\/www.holy-supps.nl\/product\/barebells-protein-bar-triple-pack\/#primaryimage","url":"https:\/\/www.holy-supps.nl\/wp-content\/uploads\/2024\/11\/BB-CC.jpeg","contentUrl":"https:\/\/www.holy-supps.nl\/wp-content\/uploads\/2024\/11\/BB-CC.jpeg","width":800,"height":800},{"@type":"BreadcrumbList","@id":"https:\/\/www.holy-supps.nl\/product\/barebells-protein-bar-triple-pack\/#breadcrumb","itemListElement":[{"@type":"ListItem","position":1,"name":"Home","item":"https:\/\/www.holy-supps.nl\/"},{"@type":"ListItem","position":2,"name":"Winkel","item":"https:\/\/www.holy-supps.nl\/winkel\/"},{"@type":"ListItem","position":3,"name":"Barebells Protein bar &#8211; Triple pack"}]},{"@type":"WebSite","@id":"https:\/\/www.holy-supps.nl\/#website","url":"https:\/\/www.holy-supps.nl\/","name":"Holy-Supps.es","description":"\u00a1Distribuidor oficial de EHPLabs!","publisher":{"@id":"https:\/\/www.holy-supps.nl\/#organization"},"potentialAction":[{"@type":"SearchAction","target":{"@type":"EntryPoint","urlTemplate":"https:\/\/www.holy-supps.nl\/?s={search_term_string}"},"query-input":{"@type":"PropertyValueSpecification","valueRequired":true,"valueName":"search_term_string"}}],"inLanguage":"es"},{"@type":"Organization","@id":"https:\/\/www.holy-supps.nl\/#organization","name":"Santa Cena","url":"https:\/\/www.holy-supps.nl\/","logo":{"@type":"ImageObject","inLanguage":"es","@id":"https:\/\/www.holy-supps.nl\/#\/schema\/logo\/image\/","url":"https:\/\/www.holy-supps.nl\/wp-content\/uploads\/2023\/06\/HOLY-SUPPS.png","contentUrl":"https:\/\/www.holy-supps.nl\/wp-content\/uploads\/2023\/06\/HOLY-SUPPS.png","width":1000,"height":400,"caption":"Holy Supps"},"image":{"@id":"https:\/\/www.holy-supps.nl\/#\/schema\/logo\/image\/"},"sameAs":["https:\/\/www.facebook.com\/holy.supps","https:\/\/www.instagram.com\/holy.supps.shop\/"]}]}},"jetpack_sharing_enabled":true,"_links":{"self":[{"href":"https:\/\/www.holy-supps.nl\/es\/wp-json\/wp\/v2\/product\/3342","targetHints":{"allow":["GET"]}}],"collection":[{"href":"https:\/\/www.holy-supps.nl\/es\/wp-json\/wp\/v2\/product"}],"about":[{"href":"https:\/\/www.holy-supps.nl\/es\/wp-json\/wp\/v2\/types\/product"}],"replies":[{"embeddable":true,"href":"https:\/\/www.holy-supps.nl\/es\/wp-json\/wp\/v2\/comments?post=3342"}],"wp:featuredmedia":[{"embeddable":true,"href":"https:\/\/www.holy-supps.nl\/es\/wp-json\/wp\/v2\/media\/3328"}],"wp:attachment":[{"href":"https:\/\/www.holy-supps.nl\/es\/wp-json\/wp\/v2\/media?parent=3342"}],"wp:term":[{"taxonomy":"product_brand","embeddable":true,"href":"https:\/\/www.holy-supps.nl\/es\/wp-json\/wp\/v2\/product_brand?post=3342"},{"taxonomy":"product_cat","embeddable":true,"href":"https:\/\/www.holy-supps.nl\/es\/wp-json\/wp\/v2\/product_cat?post=3342"},{"taxonomy":"product_tag","embeddable":true,"href":"https:\/\/www.holy-supps.nl\/es\/wp-json\/wp\/v2\/product_tag?post=3342"}],"curies":[{"name":"wp","href":"https:\/\/api.w.org\/{rel}","templated":true}]}}