{"id":3168,"date":"2024-11-05T22:20:05","date_gmt":"2024-11-05T21:20:05","guid":{"rendered":"https:\/\/www.holy-supps.nl\/?post_type=product&#038;p=3168"},"modified":"2026-03-18T13:55:11","modified_gmt":"2026-03-18T12:55:11","slug":"proteina-de-suero-clara-works-500-g","status":"publish","type":"product","link":"https:\/\/www.holy-supps.nl\/es\/product\/clear-whey-protein-works-500gr\/","title":{"rendered":"Clear Whey \u2013 Protein Works \u2013 500 g"},"content":{"rendered":"<h2>Descripci\u00f3n<\/h2>\n<p>\nClear Diet Whey Protein de The Protein Works es una bebida proteica transparente a base de aislado de prote\u00edna de suero hidrolizada. Cada raci\u00f3n aporta 20 g de prote\u00edna, no contiene az\u00facares ni grasas a\u00f1adidas y tiene menos de 85 kcal por batido. El producto est\u00e1 disponible en varios sabores afrutados y tiene una consistencia refrescante que se digiere f\u00e1cilmente.\n<\/p>\n<h2>Ventajas<\/h2>\n<ul>\n<li>20 g de prote\u00edna por raci\u00f3n<\/li>\n<li>Sin az\u00facares ni grasas a\u00f1adidas.<\/li>\n<li>Menos de 85 kcal por batido<\/li>\n<li>Disponible en varios sabores afrutados.<\/li>\n<li>Sensaci\u00f3n clara y refrescante al beber, en lugar de una estructura cremosa.<\/li>\n<\/ul>\n<h2>Instrucciones de uso<\/h2>\n<p>\nMezcla una cucharada de Clear Diet Whey Protein (tal y como se indica en el envase) con aproximadamente 250-300 ml de agua fr\u00eda. Agita bien hasta que se disuelva por completo. Apto para consumir en cualquier momento del d\u00eda, por ejemplo, despu\u00e9s del entrenamiento o como bebida ligera rica en prote\u00ednas. Estos complementos alimenticios est\u00e1n destinados a complementar una dieta variada y equilibrada y un estilo de vida saludable; no exceda la dosis diaria recomendada.<\/p>","protected":false},"excerpt":{"rendered":"<p>\nClear Diet Whey Protein de The Protein Works es un batido de prote\u00ednas transparente con 20 g de prote\u00edna por raci\u00f3n, menos de 85 kcal y sin az\u00facares ni grasas a\u00f1adidas. Disponible en varios sabores afrutados y desarrollado para quienes buscan una bebida ligera rica en prote\u00ednas. F\u00e1cil de preparar con agua.<\/p>","protected":false},"featured_media":3172,"comment_status":"open","ping_status":"closed","template":"","meta":[],"product_brand":[],"product_cat":[86,89,77,67,87,74,79,73,81,78],"product_tag":[],"class_list":{"0":"post-3168","1":"product","2":"type-product","3":"status-publish","4":"has-post-thumbnail","6":"product_cat-aankomen","7":"product_cat-afvallen","8":"product_cat-bundles-save","9":"product_cat-eiwitten-proteine","10":"product_cat-energie-focus","11":"product_cat-health-wellness","12":"product_cat-maaltijdvervangers","13":"product_cat-protein-works","14":"product_cat-spieropbouw","15":"product_cat-voeding-snacks","17":"first","18":"instock","19":"sale","20":"taxable","21":"shipping-taxable","22":"purchasable","23":"product-type-variable"},"yoast_head":"<!-- This site is optimized with the Yoast SEO plugin v27.5 - https:\/\/yoast.com\/product\/yoast-seo-wordpress\/ -->\n<title>Clear Whey - Protein Works - 500GR - Holy-Supps.nl<\/title>\n<meta name=\"robots\" content=\"index, follow, max-snippet:-1, max-image-preview:large, max-video-preview:-1\" \/>\n<link rel=\"canonical\" href=\"https:\/\/www.holy-supps.nl\/es\/producto\/proteina-de-suero-clara-works-500-g\/\" \/>\n<meta property=\"og:locale\" content=\"es_ES\" \/>\n<meta property=\"og:type\" content=\"article\" \/>\n<meta property=\"og:title\" content=\"Clear Whey - Protein Works - 500GR - Holy-Supps.nl\" \/>\n<meta property=\"og:description\" content=\"Clear Diet Whey Protein van The Protein Works is een heldere eiwitshake met 20 g eiwit per portie, minder dan 85 kcal, en zonder toegevoegde suikers of vetten. Verkrijgbaar in meerdere fruitige smaken en ontwikkeld voor wie een lichte eiwitrijke drank zoekt. Eenvoudig te bereiden met water.\" \/>\n<meta property=\"og:url\" content=\"https:\/\/www.holy-supps.nl\/es\/producto\/proteina-de-suero-clara-works-500-g\/\" \/>\n<meta property=\"og:site_name\" content=\"Holy-Supps.nl\" \/>\n<meta property=\"article:publisher\" content=\"https:\/\/www.facebook.com\/holy.supps\" \/>\n<meta property=\"article:modified_time\" content=\"2026-03-18T12:55:11+00:00\" \/>\n<meta property=\"og:image\" content=\"https:\/\/www.holy-supps.nl\/wp-content\/uploads\/2024\/11\/1kg_front_32.webp\" \/>\n\t<meta property=\"og:image:width\" content=\"1000\" \/>\n\t<meta property=\"og:image:height\" content=\"1000\" \/>\n\t<meta property=\"og:image:type\" content=\"image\/webp\" \/>\n<meta name=\"twitter:card\" content=\"summary_large_image\" \/>\n<meta name=\"twitter:label1\" content=\"Tiempo de lectura\" \/>\n\t<meta name=\"twitter:data1\" content=\"2 minutos\" \/>\n<script type=\"application\/ld+json\" class=\"yoast-schema-graph\">{\"@context\":\"https:\\\/\\\/schema.org\",\"@graph\":[{\"@type\":\"WebPage\",\"@id\":\"https:\\\/\\\/www.holy-supps.nl\\\/product\\\/clear-whey-protein-works-500gr\\\/\",\"url\":\"https:\\\/\\\/www.holy-supps.nl\\\/product\\\/clear-whey-protein-works-500gr\\\/\",\"name\":\"Clear Whey - Protein Works - 500GR - Holy-Supps.nl\",\"isPartOf\":{\"@id\":\"https:\\\/\\\/www.holy-supps.nl\\\/#website\"},\"primaryImageOfPage\":{\"@id\":\"https:\\\/\\\/www.holy-supps.nl\\\/product\\\/clear-whey-protein-works-500gr\\\/#primaryimage\"},\"image\":{\"@id\":\"https:\\\/\\\/www.holy-supps.nl\\\/product\\\/clear-whey-protein-works-500gr\\\/#primaryimage\"},\"thumbnailUrl\":\"https:\\\/\\\/www.holy-supps.nl\\\/wp-content\\\/uploads\\\/2024\\\/11\\\/1kg_front_32.webp\",\"datePublished\":\"2024-11-05T21:20:05+00:00\",\"dateModified\":\"2026-03-18T12:55:11+00:00\",\"breadcrumb\":{\"@id\":\"https:\\\/\\\/www.holy-supps.nl\\\/product\\\/clear-whey-protein-works-500gr\\\/#breadcrumb\"},\"inLanguage\":\"es\",\"potentialAction\":[{\"@type\":\"ReadAction\",\"target\":[\"https:\\\/\\\/www.holy-supps.nl\\\/product\\\/clear-whey-protein-works-500gr\\\/\"]}]},{\"@type\":\"ImageObject\",\"inLanguage\":\"es\",\"@id\":\"https:\\\/\\\/www.holy-supps.nl\\\/product\\\/clear-whey-protein-works-500gr\\\/#primaryimage\",\"url\":\"https:\\\/\\\/www.holy-supps.nl\\\/wp-content\\\/uploads\\\/2024\\\/11\\\/1kg_front_32.webp\",\"contentUrl\":\"https:\\\/\\\/www.holy-supps.nl\\\/wp-content\\\/uploads\\\/2024\\\/11\\\/1kg_front_32.webp\",\"width\":1000,\"height\":1000},{\"@type\":\"BreadcrumbList\",\"@id\":\"https:\\\/\\\/www.holy-supps.nl\\\/product\\\/clear-whey-protein-works-500gr\\\/#breadcrumb\",\"itemListElement\":[{\"@type\":\"ListItem\",\"position\":1,\"name\":\"Home\",\"item\":\"https:\\\/\\\/www.holy-supps.nl\\\/\"},{\"@type\":\"ListItem\",\"position\":2,\"name\":\"Winkel\",\"item\":\"https:\\\/\\\/www.holy-supps.nl\\\/winkel\\\/\"},{\"@type\":\"ListItem\",\"position\":3,\"name\":\"Clear Whey &#8211; Protein Works &#8211; 500GR\"}]},{\"@type\":\"WebSite\",\"@id\":\"https:\\\/\\\/www.holy-supps.nl\\\/#website\",\"url\":\"https:\\\/\\\/www.holy-supps.nl\\\/\",\"name\":\"Holy-Supps.nl\",\"description\":\"Official EHPLabs Reseller!\",\"publisher\":{\"@id\":\"https:\\\/\\\/www.holy-supps.nl\\\/#organization\"},\"potentialAction\":[{\"@type\":\"SearchAction\",\"target\":{\"@type\":\"EntryPoint\",\"urlTemplate\":\"https:\\\/\\\/www.holy-supps.nl\\\/?s={search_term_string}\"},\"query-input\":{\"@type\":\"PropertyValueSpecification\",\"valueRequired\":true,\"valueName\":\"search_term_string\"}}],\"inLanguage\":\"es\"},{\"@type\":\"Organization\",\"@id\":\"https:\\\/\\\/www.holy-supps.nl\\\/#organization\",\"name\":\"Holy Supps\",\"url\":\"https:\\\/\\\/www.holy-supps.nl\\\/\",\"logo\":{\"@type\":\"ImageObject\",\"inLanguage\":\"es\",\"@id\":\"https:\\\/\\\/www.holy-supps.nl\\\/#\\\/schema\\\/logo\\\/image\\\/\",\"url\":\"https:\\\/\\\/www.holy-supps.nl\\\/wp-content\\\/uploads\\\/2023\\\/06\\\/HOLY-SUPPS.png\",\"contentUrl\":\"https:\\\/\\\/www.holy-supps.nl\\\/wp-content\\\/uploads\\\/2023\\\/06\\\/HOLY-SUPPS.png\",\"width\":1000,\"height\":400,\"caption\":\"Holy Supps\"},\"image\":{\"@id\":\"https:\\\/\\\/www.holy-supps.nl\\\/#\\\/schema\\\/logo\\\/image\\\/\"},\"sameAs\":[\"https:\\\/\\\/www.facebook.com\\\/holy.supps\",\"https:\\\/\\\/www.instagram.com\\\/holy.supps.shop\\\/\"]}]}<\/script>\n<!-- \/ Yoast SEO plugin. -->","yoast_head_json":{"title":"Clear Whey - Protein Works - 500 g - Holy-Supps.nl","robots":{"index":"index","follow":"follow","max-snippet":"max-snippet:-1","max-image-preview":"max-image-preview:large","max-video-preview":"max-video-preview:-1"},"canonical":"https:\/\/www.holy-supps.nl\/es\/producto\/proteina-de-suero-clara-works-500-g\/","og_locale":"es_ES","og_type":"article","og_title":"Clear Whey - Protein Works - 500GR - Holy-Supps.nl","og_description":"Clear Diet Whey Protein van The Protein Works is een heldere eiwitshake met 20 g eiwit per portie, minder dan 85 kcal, en zonder toegevoegde suikers of vetten. Verkrijgbaar in meerdere fruitige smaken en ontwikkeld voor wie een lichte eiwitrijke drank zoekt. Eenvoudig te bereiden met water.","og_url":"https:\/\/www.holy-supps.nl\/es\/producto\/proteina-de-suero-clara-works-500-g\/","og_site_name":"Holy-Supps.nl","article_publisher":"https:\/\/www.facebook.com\/holy.supps","article_modified_time":"2026-03-18T12:55:11+00:00","og_image":[{"width":1000,"height":1000,"url":"https:\/\/www.holy-supps.nl\/wp-content\/uploads\/2024\/11\/1kg_front_32.webp","type":"image\/webp"}],"twitter_card":"summary_large_image","twitter_misc":{"Tiempo de lectura":"2 minutos"},"schema":{"@context":"https:\/\/schema.org","@graph":[{"@type":"WebPage","@id":"https:\/\/www.holy-supps.nl\/product\/clear-whey-protein-works-500gr\/","url":"https:\/\/www.holy-supps.nl\/product\/clear-whey-protein-works-500gr\/","name":"Clear Whey - Protein Works - 500 g - Holy-Supps.nl","isPartOf":{"@id":"https:\/\/www.holy-supps.nl\/#website"},"primaryImageOfPage":{"@id":"https:\/\/www.holy-supps.nl\/product\/clear-whey-protein-works-500gr\/#primaryimage"},"image":{"@id":"https:\/\/www.holy-supps.nl\/product\/clear-whey-protein-works-500gr\/#primaryimage"},"thumbnailUrl":"https:\/\/www.holy-supps.nl\/wp-content\/uploads\/2024\/11\/1kg_front_32.webp","datePublished":"2024-11-05T21:20:05+00:00","dateModified":"2026-03-18T12:55:11+00:00","breadcrumb":{"@id":"https:\/\/www.holy-supps.nl\/product\/clear-whey-protein-works-500gr\/#breadcrumb"},"inLanguage":"es","potentialAction":[{"@type":"ReadAction","target":["https:\/\/www.holy-supps.nl\/product\/clear-whey-protein-works-500gr\/"]}]},{"@type":"ImageObject","inLanguage":"es","@id":"https:\/\/www.holy-supps.nl\/product\/clear-whey-protein-works-500gr\/#primaryimage","url":"https:\/\/www.holy-supps.nl\/wp-content\/uploads\/2024\/11\/1kg_front_32.webp","contentUrl":"https:\/\/www.holy-supps.nl\/wp-content\/uploads\/2024\/11\/1kg_front_32.webp","width":1000,"height":1000},{"@type":"BreadcrumbList","@id":"https:\/\/www.holy-supps.nl\/product\/clear-whey-protein-works-500gr\/#breadcrumb","itemListElement":[{"@type":"ListItem","position":1,"name":"Home","item":"https:\/\/www.holy-supps.nl\/"},{"@type":"ListItem","position":2,"name":"Winkel","item":"https:\/\/www.holy-supps.nl\/winkel\/"},{"@type":"ListItem","position":3,"name":"Clear Whey &#8211; Protein Works &#8211; 500GR"}]},{"@type":"WebSite","@id":"https:\/\/www.holy-supps.nl\/#website","url":"https:\/\/www.holy-supps.nl\/","name":"Holy-Supps.es","description":"\u00a1Distribuidor oficial de EHPLabs!","publisher":{"@id":"https:\/\/www.holy-supps.nl\/#organization"},"potentialAction":[{"@type":"SearchAction","target":{"@type":"EntryPoint","urlTemplate":"https:\/\/www.holy-supps.nl\/?s={search_term_string}"},"query-input":{"@type":"PropertyValueSpecification","valueRequired":true,"valueName":"search_term_string"}}],"inLanguage":"es"},{"@type":"Organization","@id":"https:\/\/www.holy-supps.nl\/#organization","name":"Santa Cena","url":"https:\/\/www.holy-supps.nl\/","logo":{"@type":"ImageObject","inLanguage":"es","@id":"https:\/\/www.holy-supps.nl\/#\/schema\/logo\/image\/","url":"https:\/\/www.holy-supps.nl\/wp-content\/uploads\/2023\/06\/HOLY-SUPPS.png","contentUrl":"https:\/\/www.holy-supps.nl\/wp-content\/uploads\/2023\/06\/HOLY-SUPPS.png","width":1000,"height":400,"caption":"Holy Supps"},"image":{"@id":"https:\/\/www.holy-supps.nl\/#\/schema\/logo\/image\/"},"sameAs":["https:\/\/www.facebook.com\/holy.supps","https:\/\/www.instagram.com\/holy.supps.shop\/"]}]}},"jetpack_sharing_enabled":true,"_links":{"self":[{"href":"https:\/\/www.holy-supps.nl\/es\/wp-json\/wp\/v2\/product\/3168","targetHints":{"allow":["GET"]}}],"collection":[{"href":"https:\/\/www.holy-supps.nl\/es\/wp-json\/wp\/v2\/product"}],"about":[{"href":"https:\/\/www.holy-supps.nl\/es\/wp-json\/wp\/v2\/types\/product"}],"replies":[{"embeddable":true,"href":"https:\/\/www.holy-supps.nl\/es\/wp-json\/wp\/v2\/comments?post=3168"}],"wp:featuredmedia":[{"embeddable":true,"href":"https:\/\/www.holy-supps.nl\/es\/wp-json\/wp\/v2\/media\/3172"}],"wp:attachment":[{"href":"https:\/\/www.holy-supps.nl\/es\/wp-json\/wp\/v2\/media?parent=3168"}],"wp:term":[{"taxonomy":"product_brand","embeddable":true,"href":"https:\/\/www.holy-supps.nl\/es\/wp-json\/wp\/v2\/product_brand?post=3168"},{"taxonomy":"product_cat","embeddable":true,"href":"https:\/\/www.holy-supps.nl\/es\/wp-json\/wp\/v2\/product_cat?post=3168"},{"taxonomy":"product_tag","embeddable":true,"href":"https:\/\/www.holy-supps.nl\/es\/wp-json\/wp\/v2\/product_tag?post=3168"}],"curies":[{"name":"wp","href":"https:\/\/api.w.org\/{rel}","templated":true}]}}