{"id":2772,"date":"2024-07-26T15:38:21","date_gmt":"2024-07-26T13:38:21","guid":{"rendered":"https:\/\/www.holy-supps.nl\/?post_type=product&#038;p=2772"},"modified":"2025-09-14T23:02:39","modified_gmt":"2025-09-14T21:02:39","slug":"musclemeds-nitrolift-pre-entrenamiento-500gr","status":"publish","type":"product","link":"https:\/\/www.holy-supps.nl\/es\/product\/musclemeds-nitrolift-pre-workout-500gr\/","title":{"rendered":"Musclemeds - Nitrolift Pre Entrenamiento (500gr)"},"content":{"rendered":"<h2>LLEVE SU FUERZA Y RENDIMIENTO AL SIGUIENTE NIVEL<\/h2>\n<p>Si eres un atleta orientado a la fuerza, NITRO LIFT\u2122 es todo lo que esperas y m\u00e1s de una f\u00f3rmula pre-entrenamiento. Espec\u00edficamente formulado para cualquier persona que entrena con un enfoque en <strong>fuerza y potencia<\/strong>.  <\/p>\n<h2>POTENTE F\u00d3RMULA<\/h2>\n<p>En el coraz\u00f3n de NITRO LIFT de MuscleMeds hay una combinaci\u00f3n de creatina y ElevATP, con cofactores adicionales como beta\u00edna y niacina. Juntos, esto forma una poderosa mezcla pre-entrenamiento ideal para sesiones de entrenamiento intenso.  <\/p>\n<h2>COMPOSICI\u00d3N EQUILIBRADA<\/h2>\n<p>NITRO LIFT incluye 5 g de creatina, 175 mg de ElevATP, 2 g de beta\u00edna y 3,2 g de beta-alanina por dosis. Esta combinaci\u00f3n est\u00e1 cuidadosamente dosificada para una experiencia pre-entrenamiento potente y completa.  <\/p>\n<h2>CONCENTRACI\u00d3N Y DINAMISMO<\/h2>\n<p>NITRO LIFT contiene ingredientes como Macuna pruriens (50% L-dopa), DMAE y cafe\u00edna. Esta combinaci\u00f3n hace que la f\u00f3rmula sea adecuada para cualquier persona que desee experimentar un extra de energ\u00eda y concentraci\u00f3n durante el ejercicio.  <\/p>\n<h2>INTENSA EXPERIENCIA DE BOMBEO<\/h2>\n<p>La mezcla de 3 g de citrulina y 3 g de arginina en una proporci\u00f3n de 1:1, complementada con extracto de corteza de pino, hace de NITRO LIFT un preentrenamiento completo para atletas que buscan sesiones de bombeo intensas.  <\/p>\n<h2>DOSIFICACI\u00d3N FLEXIBLE<\/h2>\n<p>Porque cada atleta es diferente, NITRO LIFT est\u00e1 dise\u00f1ado con la opci\u00f3n de elegir una raci\u00f3n de 1 o 2 cacitos, adaptada a tus preferencias personales, objetivo e intensidad de entrenamiento.  <\/p>\n<p><strong>NITRO LIFT\u2122 - para atletas serios que s\u00f3lo quieren lo mejor de su entrenamiento.<\/strong><\/p>","protected":false},"excerpt":{"rendered":"<p>Si eres un atleta orientado a la fuerza, NITRO LIFT\u2122 es todo lo que buscas en una f\u00f3rmula pre-entrenamiento. Espec\u00edficamente dise\u00f1ado para cualquier persona que se centra en <strong>FUERZA Y POTENCIA<\/strong> - NITRO LIFT\u2122 es la elecci\u00f3n de los deportistas que quieren sacar el m\u00e1ximo partido a su entrenamiento.<\/p>","protected":false},"featured_media":2777,"comment_status":"open","ping_status":"closed","template":"","meta":[],"product_brand":[],"product_cat":[212,77,80,87,171,68,81],"product_tag":[],"class_list":{"0":"post-2772","1":"product","2":"type-product","3":"status-publish","4":"has-post-thumbnail","6":"product_cat-bestsellers","7":"product_cat-bundles-save","8":"product_cat-doel","9":"product_cat-energie-focus","10":"product_cat-musclemeds","11":"product_cat-pre-workout","12":"product_cat-spieropbouw","14":"first","15":"outofstock","16":"sale","17":"taxable","18":"shipping-taxable","19":"purchasable","20":"product-type-variable"},"yoast_head":"<!-- This site is optimized with the Yoast SEO plugin v27.4 - https:\/\/yoast.com\/product\/yoast-seo-wordpress\/ -->\n<title>Musclemeds - Nitrolift Pre Workout (500gr) - Holy-Supps.nl<\/title>\n<meta name=\"description\" content=\"Verhoog je kracht en prestaties met Musclemeds Nitrolift Pre Workout. Klinisch gedoseerd voor extreme energie, focus en spierkracht. Perfect voor serieuze atleten!\" \/>\n<meta name=\"robots\" content=\"index, follow, max-snippet:-1, max-image-preview:large, max-video-preview:-1\" \/>\n<link rel=\"canonical\" href=\"https:\/\/www.holy-supps.nl\/es\/producto\/musclemeds-nitrolift-pre-entrenamiento-500gr\/\" \/>\n<meta property=\"og:locale\" content=\"es_ES\" \/>\n<meta property=\"og:type\" content=\"article\" \/>\n<meta property=\"og:title\" content=\"Musclemeds - Nitrolift Pre Workout (500gr) - Holy-Supps.nl\" \/>\n<meta property=\"og:description\" content=\"Verhoog je kracht en prestaties met Musclemeds Nitrolift Pre Workout. Klinisch gedoseerd voor extreme energie, focus en spierkracht. Perfect voor serieuze atleten!\" \/>\n<meta property=\"og:url\" content=\"https:\/\/www.holy-supps.nl\/es\/producto\/musclemeds-nitrolift-pre-entrenamiento-500gr\/\" \/>\n<meta property=\"og:site_name\" content=\"Holy-Supps.nl\" \/>\n<meta property=\"article:publisher\" content=\"https:\/\/www.facebook.com\/holy.supps\" \/>\n<meta property=\"article:modified_time\" content=\"2025-09-14T21:02:39+00:00\" \/>\n<meta property=\"og:image\" content=\"https:\/\/www.holy-supps.nl\/wp-content\/uploads\/2024\/07\/MM_nitrolift_render_Front_CHERRYLIME-243691_1300x.webp\" \/>\n\t<meta property=\"og:image:width\" content=\"1300\" \/>\n\t<meta property=\"og:image:height\" content=\"1300\" \/>\n\t<meta property=\"og:image:type\" content=\"image\/webp\" \/>\n<meta name=\"twitter:card\" content=\"summary_large_image\" \/>\n<meta name=\"twitter:label1\" content=\"Tiempo de lectura\" \/>\n\t<meta name=\"twitter:data1\" content=\"4 minutos\" \/>\n<script type=\"application\/ld+json\" class=\"yoast-schema-graph\">{\"@context\":\"https:\\\/\\\/schema.org\",\"@graph\":[{\"@type\":\"WebPage\",\"@id\":\"https:\\\/\\\/www.holy-supps.nl\\\/product\\\/musclemeds-nitrolift-pre-workout-500gr\\\/\",\"url\":\"https:\\\/\\\/www.holy-supps.nl\\\/product\\\/musclemeds-nitrolift-pre-workout-500gr\\\/\",\"name\":\"Musclemeds - Nitrolift Pre Workout (500gr) - Holy-Supps.nl\",\"isPartOf\":{\"@id\":\"https:\\\/\\\/www.holy-supps.nl\\\/#website\"},\"primaryImageOfPage\":{\"@id\":\"https:\\\/\\\/www.holy-supps.nl\\\/product\\\/musclemeds-nitrolift-pre-workout-500gr\\\/#primaryimage\"},\"image\":{\"@id\":\"https:\\\/\\\/www.holy-supps.nl\\\/product\\\/musclemeds-nitrolift-pre-workout-500gr\\\/#primaryimage\"},\"thumbnailUrl\":\"https:\\\/\\\/www.holy-supps.nl\\\/wp-content\\\/uploads\\\/2024\\\/07\\\/MM_nitrolift_render_Front_CHERRYLIME-243691_1300x.webp\",\"datePublished\":\"2024-07-26T13:38:21+00:00\",\"dateModified\":\"2025-09-14T21:02:39+00:00\",\"description\":\"Verhoog je kracht en prestaties met Musclemeds Nitrolift Pre Workout. Klinisch gedoseerd voor extreme energie, focus en spierkracht. Perfect voor serieuze atleten!\",\"breadcrumb\":{\"@id\":\"https:\\\/\\\/www.holy-supps.nl\\\/product\\\/musclemeds-nitrolift-pre-workout-500gr\\\/#breadcrumb\"},\"inLanguage\":\"es\",\"potentialAction\":[{\"@type\":\"ReadAction\",\"target\":[\"https:\\\/\\\/www.holy-supps.nl\\\/product\\\/musclemeds-nitrolift-pre-workout-500gr\\\/\"]}]},{\"@type\":\"ImageObject\",\"inLanguage\":\"es\",\"@id\":\"https:\\\/\\\/www.holy-supps.nl\\\/product\\\/musclemeds-nitrolift-pre-workout-500gr\\\/#primaryimage\",\"url\":\"https:\\\/\\\/www.holy-supps.nl\\\/wp-content\\\/uploads\\\/2024\\\/07\\\/MM_nitrolift_render_Front_CHERRYLIME-243691_1300x.webp\",\"contentUrl\":\"https:\\\/\\\/www.holy-supps.nl\\\/wp-content\\\/uploads\\\/2024\\\/07\\\/MM_nitrolift_render_Front_CHERRYLIME-243691_1300x.webp\",\"width\":1300,\"height\":1300},{\"@type\":\"BreadcrumbList\",\"@id\":\"https:\\\/\\\/www.holy-supps.nl\\\/product\\\/musclemeds-nitrolift-pre-workout-500gr\\\/#breadcrumb\",\"itemListElement\":[{\"@type\":\"ListItem\",\"position\":1,\"name\":\"Home\",\"item\":\"https:\\\/\\\/www.holy-supps.nl\\\/\"},{\"@type\":\"ListItem\",\"position\":2,\"name\":\"Winkel\",\"item\":\"https:\\\/\\\/www.holy-supps.nl\\\/winkel\\\/\"},{\"@type\":\"ListItem\",\"position\":3,\"name\":\"Musclemeds &#8211; Nitrolift Pre Workout (500gr)\"}]},{\"@type\":\"WebSite\",\"@id\":\"https:\\\/\\\/www.holy-supps.nl\\\/#website\",\"url\":\"https:\\\/\\\/www.holy-supps.nl\\\/\",\"name\":\"Holy-Supps.nl\",\"description\":\"Official EHPLabs Reseller!\",\"publisher\":{\"@id\":\"https:\\\/\\\/www.holy-supps.nl\\\/#organization\"},\"potentialAction\":[{\"@type\":\"SearchAction\",\"target\":{\"@type\":\"EntryPoint\",\"urlTemplate\":\"https:\\\/\\\/www.holy-supps.nl\\\/?s={search_term_string}\"},\"query-input\":{\"@type\":\"PropertyValueSpecification\",\"valueRequired\":true,\"valueName\":\"search_term_string\"}}],\"inLanguage\":\"es\"},{\"@type\":\"Organization\",\"@id\":\"https:\\\/\\\/www.holy-supps.nl\\\/#organization\",\"name\":\"Holy Supps\",\"url\":\"https:\\\/\\\/www.holy-supps.nl\\\/\",\"logo\":{\"@type\":\"ImageObject\",\"inLanguage\":\"es\",\"@id\":\"https:\\\/\\\/www.holy-supps.nl\\\/#\\\/schema\\\/logo\\\/image\\\/\",\"url\":\"https:\\\/\\\/www.holy-supps.nl\\\/wp-content\\\/uploads\\\/2023\\\/06\\\/HOLY-SUPPS.png\",\"contentUrl\":\"https:\\\/\\\/www.holy-supps.nl\\\/wp-content\\\/uploads\\\/2023\\\/06\\\/HOLY-SUPPS.png\",\"width\":1000,\"height\":400,\"caption\":\"Holy Supps\"},\"image\":{\"@id\":\"https:\\\/\\\/www.holy-supps.nl\\\/#\\\/schema\\\/logo\\\/image\\\/\"},\"sameAs\":[\"https:\\\/\\\/www.facebook.com\\\/holy.supps\",\"https:\\\/\\\/www.instagram.com\\\/holy.supps.shop\\\/\"]}]}<\/script>\n<!-- \/ Yoast SEO plugin. -->","yoast_head_json":{"title":"Musclemeds - Nitrolift Pre-Entrenamiento (500gr) - Holy-Supps.co.uk","description":"Aumente su fuerza y rendimiento con Musclemeds Nitrolift Pre Workout. Cl\u00ednicamente dosificado para una energ\u00eda extrema, concentraci\u00f3n y fuerza muscular. \u00a1Perfecto para atletas serios!","robots":{"index":"index","follow":"follow","max-snippet":"max-snippet:-1","max-image-preview":"max-image-preview:large","max-video-preview":"max-video-preview:-1"},"canonical":"https:\/\/www.holy-supps.nl\/es\/producto\/musclemeds-nitrolift-pre-entrenamiento-500gr\/","og_locale":"es_ES","og_type":"article","og_title":"Musclemeds - Nitrolift Pre Workout (500gr) - Holy-Supps.nl","og_description":"Verhoog je kracht en prestaties met Musclemeds Nitrolift Pre Workout. Klinisch gedoseerd voor extreme energie, focus en spierkracht. Perfect voor serieuze atleten!","og_url":"https:\/\/www.holy-supps.nl\/es\/producto\/musclemeds-nitrolift-pre-entrenamiento-500gr\/","og_site_name":"Holy-Supps.nl","article_publisher":"https:\/\/www.facebook.com\/holy.supps","article_modified_time":"2025-09-14T21:02:39+00:00","og_image":[{"width":1300,"height":1300,"url":"https:\/\/www.holy-supps.nl\/wp-content\/uploads\/2024\/07\/MM_nitrolift_render_Front_CHERRYLIME-243691_1300x.webp","type":"image\/webp"}],"twitter_card":"summary_large_image","twitter_misc":{"Tiempo de lectura":"4 minutos"},"schema":{"@context":"https:\/\/schema.org","@graph":[{"@type":"WebPage","@id":"https:\/\/www.holy-supps.nl\/product\/musclemeds-nitrolift-pre-workout-500gr\/","url":"https:\/\/www.holy-supps.nl\/product\/musclemeds-nitrolift-pre-workout-500gr\/","name":"Musclemeds - Nitrolift Pre-Entrenamiento (500gr) - Holy-Supps.co.uk","isPartOf":{"@id":"https:\/\/www.holy-supps.nl\/#website"},"primaryImageOfPage":{"@id":"https:\/\/www.holy-supps.nl\/product\/musclemeds-nitrolift-pre-workout-500gr\/#primaryimage"},"image":{"@id":"https:\/\/www.holy-supps.nl\/product\/musclemeds-nitrolift-pre-workout-500gr\/#primaryimage"},"thumbnailUrl":"https:\/\/www.holy-supps.nl\/wp-content\/uploads\/2024\/07\/MM_nitrolift_render_Front_CHERRYLIME-243691_1300x.webp","datePublished":"2024-07-26T13:38:21+00:00","dateModified":"2025-09-14T21:02:39+00:00","description":"Aumente su fuerza y rendimiento con Musclemeds Nitrolift Pre Workout. Cl\u00ednicamente dosificado para una energ\u00eda extrema, concentraci\u00f3n y fuerza muscular. \u00a1Perfecto para atletas serios!","breadcrumb":{"@id":"https:\/\/www.holy-supps.nl\/product\/musclemeds-nitrolift-pre-workout-500gr\/#breadcrumb"},"inLanguage":"es","potentialAction":[{"@type":"ReadAction","target":["https:\/\/www.holy-supps.nl\/product\/musclemeds-nitrolift-pre-workout-500gr\/"]}]},{"@type":"ImageObject","inLanguage":"es","@id":"https:\/\/www.holy-supps.nl\/product\/musclemeds-nitrolift-pre-workout-500gr\/#primaryimage","url":"https:\/\/www.holy-supps.nl\/wp-content\/uploads\/2024\/07\/MM_nitrolift_render_Front_CHERRYLIME-243691_1300x.webp","contentUrl":"https:\/\/www.holy-supps.nl\/wp-content\/uploads\/2024\/07\/MM_nitrolift_render_Front_CHERRYLIME-243691_1300x.webp","width":1300,"height":1300},{"@type":"BreadcrumbList","@id":"https:\/\/www.holy-supps.nl\/product\/musclemeds-nitrolift-pre-workout-500gr\/#breadcrumb","itemListElement":[{"@type":"ListItem","position":1,"name":"Home","item":"https:\/\/www.holy-supps.nl\/"},{"@type":"ListItem","position":2,"name":"Winkel","item":"https:\/\/www.holy-supps.nl\/winkel\/"},{"@type":"ListItem","position":3,"name":"Musclemeds &#8211; Nitrolift Pre Workout (500gr)"}]},{"@type":"WebSite","@id":"https:\/\/www.holy-supps.nl\/#website","url":"https:\/\/www.holy-supps.nl\/","name":"Holy-Supps.es","description":"\u00a1Distribuidor oficial de EHPLabs!","publisher":{"@id":"https:\/\/www.holy-supps.nl\/#organization"},"potentialAction":[{"@type":"SearchAction","target":{"@type":"EntryPoint","urlTemplate":"https:\/\/www.holy-supps.nl\/?s={search_term_string}"},"query-input":{"@type":"PropertyValueSpecification","valueRequired":true,"valueName":"search_term_string"}}],"inLanguage":"es"},{"@type":"Organization","@id":"https:\/\/www.holy-supps.nl\/#organization","name":"Santa Cena","url":"https:\/\/www.holy-supps.nl\/","logo":{"@type":"ImageObject","inLanguage":"es","@id":"https:\/\/www.holy-supps.nl\/#\/schema\/logo\/image\/","url":"https:\/\/www.holy-supps.nl\/wp-content\/uploads\/2023\/06\/HOLY-SUPPS.png","contentUrl":"https:\/\/www.holy-supps.nl\/wp-content\/uploads\/2023\/06\/HOLY-SUPPS.png","width":1000,"height":400,"caption":"Holy Supps"},"image":{"@id":"https:\/\/www.holy-supps.nl\/#\/schema\/logo\/image\/"},"sameAs":["https:\/\/www.facebook.com\/holy.supps","https:\/\/www.instagram.com\/holy.supps.shop\/"]}]}},"jetpack_sharing_enabled":true,"_links":{"self":[{"href":"https:\/\/www.holy-supps.nl\/es\/wp-json\/wp\/v2\/product\/2772","targetHints":{"allow":["GET"]}}],"collection":[{"href":"https:\/\/www.holy-supps.nl\/es\/wp-json\/wp\/v2\/product"}],"about":[{"href":"https:\/\/www.holy-supps.nl\/es\/wp-json\/wp\/v2\/types\/product"}],"replies":[{"embeddable":true,"href":"https:\/\/www.holy-supps.nl\/es\/wp-json\/wp\/v2\/comments?post=2772"}],"wp:featuredmedia":[{"embeddable":true,"href":"https:\/\/www.holy-supps.nl\/es\/wp-json\/wp\/v2\/media\/2777"}],"wp:attachment":[{"href":"https:\/\/www.holy-supps.nl\/es\/wp-json\/wp\/v2\/media?parent=2772"}],"wp:term":[{"taxonomy":"product_brand","embeddable":true,"href":"https:\/\/www.holy-supps.nl\/es\/wp-json\/wp\/v2\/product_brand?post=2772"},{"taxonomy":"product_cat","embeddable":true,"href":"https:\/\/www.holy-supps.nl\/es\/wp-json\/wp\/v2\/product_cat?post=2772"},{"taxonomy":"product_tag","embeddable":true,"href":"https:\/\/www.holy-supps.nl\/es\/wp-json\/wp\/v2\/product_tag?post=2772"}],"curies":[{"name":"wp","href":"https:\/\/api.w.org\/{rel}","templated":true}]}}