{"id":2755,"date":"2024-07-26T15:14:13","date_gmt":"2024-07-26T13:14:13","guid":{"rendered":"https:\/\/www.holy-supps.nl\/?post_type=product&#038;p=2755"},"modified":"2026-05-12T08:36:18","modified_gmt":"2026-05-12T06:36:18","slug":"batido-fit-lean-meal-450-gr","status":"publish","type":"product","link":"https:\/\/www.holy-supps.nl\/es\/product\/fit-lean-meal-shake-450-gr\/","title":{"rendered":"Fit &amp; Lean - Batido (450gr)"},"content":{"rendered":"<p>Fit&amp;Lean Meal Shake es un delicioso batido sustitutivo de comidas que encaja perfectamente en una dieta sana y equilibrada. Esta f\u00f3rmula sin gluten contiene 20 gramos de prote\u00edna con solo 150 calor\u00edas por raci\u00f3n. Adem\u00e1s, est\u00e1 enriquecida con fibra, verduras, frutas, probi\u00f3ticos, vitaminas y minerales. Una opci\u00f3n pr\u00e1ctica y nutritiva para cualquier momento del d\u00eda.<\/p>\n<ul>\n<li>20 g de prote\u00ednas<\/li>\n<li>10-11 g de fibra<\/li>\n<li>28-30 tipos de frutas y verduras<\/li>\n<li>500 millones de UFC probi\u00f3ticas<\/li>\n<li>26 vitaminas y minerales<\/li>\n<li>5 g de carbohidratos netos o menos<\/li>\n<li>1 g de az\u00facar o menos<\/li>\n<li>Con granos de caf\u00e9 verde, Garcinia Cambogia y t\u00e9 verde.<\/li>\n<\/ul>\n<h2>Caracter\u00edsticas del producto<\/h2>\n<ul>\n<li>Bajo contenido cal\u00f3rico<\/li>\n<li>Sin gluten<\/li>\n<li>Rico en nutrientes<\/li>\n<li>\u00datil como sustituto de comidas<\/li>\n<li>Contiene ingredientes naturales y superalimentos.<\/li>\n<\/ul>\n<h2>Ingredientes<\/h2>\n<p>Ver las fotos<\/p>","protected":false},"excerpt":{"rendered":"<ul>\n<li>20 g de prote\u00ednas<\/li>\n<li>10-11 g de fibra<\/li>\n<li>28-30 Frutas y verduras enteras<\/li>\n<li>500 millones de UFC probi\u00f3ticas<\/li>\n<li>26 Vitaminas y minerales<\/li>\n<li>5 g de carbohidratos netos o menos<\/li>\n<li>1 g de az\u00facar o menos<\/li>\n<li>Grano de caf\u00e9 verde, Garcinia Cambogia y t\u00e9 verde<\/li>\n<\/ul>","protected":false},"featured_media":2756,"comment_status":"open","ping_status":"closed","template":"","meta":[],"product_brand":[],"product_cat":[89,77,69,67,231,74,79,81,92],"product_tag":[],"class_list":{"0":"post-2755","1":"product","2":"type-product","3":"status-publish","4":"has-post-thumbnail","6":"product_cat-afvallen","7":"product_cat-bundles-save","8":"product_cat-burners","9":"product_cat-eiwitten-proteine","10":"product_cat-fit-lean","11":"product_cat-health-wellness","12":"product_cat-maaltijdvervangers","13":"product_cat-spieropbouw","14":"product_cat-vitamine-mineralen","16":"first","17":"instock","18":"sale","19":"taxable","20":"shipping-taxable","21":"purchasable","22":"product-type-variable"},"yoast_head":"<!-- This site is optimized with the Yoast SEO plugin v27.5 - https:\/\/yoast.com\/product\/yoast-seo-wordpress\/ -->\n<title>Fit &amp; Lean - Meal Shake (450gr) - Holy-Supps.nl<\/title>\n<meta name=\"description\" content=\"Verminder honger en stimuleer gewichtsverlies met Fit &amp; Lean Meal Shake: 20g eiwit, 11g vezels, 28 superfoods. Slechts 150 calorie\u00ebn per portie.\" \/>\n<meta name=\"robots\" content=\"index, follow, max-snippet:-1, max-image-preview:large, max-video-preview:-1\" \/>\n<link rel=\"canonical\" href=\"https:\/\/www.holy-supps.nl\/es\/producto\/batido-fit-lean-meal-450-gr\/\" \/>\n<meta property=\"og:locale\" content=\"es_ES\" \/>\n<meta property=\"og:type\" content=\"article\" \/>\n<meta property=\"og:title\" content=\"Fit &amp; Lean - Meal Shake (450gr) - Holy-Supps.nl\" \/>\n<meta property=\"og:description\" content=\"Verminder honger en stimuleer gewichtsverlies met Fit &amp; Lean Meal Shake: 20g eiwit, 11g vezels, 28 superfoods. Slechts 150 calorie\u00ebn per portie.\" \/>\n<meta property=\"og:url\" content=\"https:\/\/www.holy-supps.nl\/es\/producto\/batido-fit-lean-meal-450-gr\/\" \/>\n<meta property=\"og:site_name\" content=\"Holy-Supps.nl\" \/>\n<meta property=\"article:publisher\" content=\"https:\/\/www.facebook.com\/holy.supps\" \/>\n<meta property=\"article:modified_time\" content=\"2026-05-12T06:36:18+00:00\" \/>\n<meta property=\"og:image\" content=\"https:\/\/www.holy-supps.nl\/wp-content\/uploads\/2024\/07\/1FL_mealshake_vanillaicecream_productimage_front-1.webp\" \/>\n\t<meta property=\"og:image:width\" content=\"1080\" \/>\n\t<meta property=\"og:image:height\" content=\"1080\" \/>\n\t<meta property=\"og:image:type\" content=\"image\/webp\" \/>\n<meta name=\"twitter:card\" content=\"summary_large_image\" \/>\n<meta name=\"twitter:label1\" content=\"Tiempo de lectura\" \/>\n\t<meta name=\"twitter:data1\" content=\"1 minuto\" \/>\n<script type=\"application\/ld+json\" class=\"yoast-schema-graph\">{\"@context\":\"https:\\\/\\\/schema.org\",\"@graph\":[{\"@type\":\"WebPage\",\"@id\":\"https:\\\/\\\/www.holy-supps.nl\\\/product\\\/fit-lean-meal-shake-450-gr\\\/\",\"url\":\"https:\\\/\\\/www.holy-supps.nl\\\/product\\\/fit-lean-meal-shake-450-gr\\\/\",\"name\":\"Fit & Lean - Meal Shake (450gr) - Holy-Supps.nl\",\"isPartOf\":{\"@id\":\"https:\\\/\\\/www.holy-supps.nl\\\/#website\"},\"primaryImageOfPage\":{\"@id\":\"https:\\\/\\\/www.holy-supps.nl\\\/product\\\/fit-lean-meal-shake-450-gr\\\/#primaryimage\"},\"image\":{\"@id\":\"https:\\\/\\\/www.holy-supps.nl\\\/product\\\/fit-lean-meal-shake-450-gr\\\/#primaryimage\"},\"thumbnailUrl\":\"https:\\\/\\\/www.holy-supps.nl\\\/wp-content\\\/uploads\\\/2024\\\/07\\\/1FL_mealshake_vanillaicecream_productimage_front-1.webp\",\"datePublished\":\"2024-07-26T13:14:13+00:00\",\"dateModified\":\"2026-05-12T06:36:18+00:00\",\"description\":\"Verminder honger en stimuleer gewichtsverlies met Fit & Lean Meal Shake: 20g eiwit, 11g vezels, 28 superfoods. Slechts 150 calorie\u00ebn per portie.\",\"breadcrumb\":{\"@id\":\"https:\\\/\\\/www.holy-supps.nl\\\/product\\\/fit-lean-meal-shake-450-gr\\\/#breadcrumb\"},\"inLanguage\":\"es\",\"potentialAction\":[{\"@type\":\"ReadAction\",\"target\":[\"https:\\\/\\\/www.holy-supps.nl\\\/product\\\/fit-lean-meal-shake-450-gr\\\/\"]}]},{\"@type\":\"ImageObject\",\"inLanguage\":\"es\",\"@id\":\"https:\\\/\\\/www.holy-supps.nl\\\/product\\\/fit-lean-meal-shake-450-gr\\\/#primaryimage\",\"url\":\"https:\\\/\\\/www.holy-supps.nl\\\/wp-content\\\/uploads\\\/2024\\\/07\\\/1FL_mealshake_vanillaicecream_productimage_front-1.webp\",\"contentUrl\":\"https:\\\/\\\/www.holy-supps.nl\\\/wp-content\\\/uploads\\\/2024\\\/07\\\/1FL_mealshake_vanillaicecream_productimage_front-1.webp\",\"width\":1080,\"height\":1080},{\"@type\":\"BreadcrumbList\",\"@id\":\"https:\\\/\\\/www.holy-supps.nl\\\/product\\\/fit-lean-meal-shake-450-gr\\\/#breadcrumb\",\"itemListElement\":[{\"@type\":\"ListItem\",\"position\":1,\"name\":\"Home\",\"item\":\"https:\\\/\\\/www.holy-supps.nl\\\/\"},{\"@type\":\"ListItem\",\"position\":2,\"name\":\"Winkel\",\"item\":\"https:\\\/\\\/www.holy-supps.nl\\\/winkel\\\/\"},{\"@type\":\"ListItem\",\"position\":3,\"name\":\"Fit &#038; Lean &#8211; Meal Shake (450gr)\"}]},{\"@type\":\"WebSite\",\"@id\":\"https:\\\/\\\/www.holy-supps.nl\\\/#website\",\"url\":\"https:\\\/\\\/www.holy-supps.nl\\\/\",\"name\":\"Holy-Supps.nl\",\"description\":\"Official EHPLabs Reseller!\",\"publisher\":{\"@id\":\"https:\\\/\\\/www.holy-supps.nl\\\/#organization\"},\"potentialAction\":[{\"@type\":\"SearchAction\",\"target\":{\"@type\":\"EntryPoint\",\"urlTemplate\":\"https:\\\/\\\/www.holy-supps.nl\\\/?s={search_term_string}\"},\"query-input\":{\"@type\":\"PropertyValueSpecification\",\"valueRequired\":true,\"valueName\":\"search_term_string\"}}],\"inLanguage\":\"es\"},{\"@type\":\"Organization\",\"@id\":\"https:\\\/\\\/www.holy-supps.nl\\\/#organization\",\"name\":\"Holy Supps\",\"url\":\"https:\\\/\\\/www.holy-supps.nl\\\/\",\"logo\":{\"@type\":\"ImageObject\",\"inLanguage\":\"es\",\"@id\":\"https:\\\/\\\/www.holy-supps.nl\\\/#\\\/schema\\\/logo\\\/image\\\/\",\"url\":\"https:\\\/\\\/www.holy-supps.nl\\\/wp-content\\\/uploads\\\/2023\\\/06\\\/HOLY-SUPPS.png\",\"contentUrl\":\"https:\\\/\\\/www.holy-supps.nl\\\/wp-content\\\/uploads\\\/2023\\\/06\\\/HOLY-SUPPS.png\",\"width\":1000,\"height\":400,\"caption\":\"Holy Supps\"},\"image\":{\"@id\":\"https:\\\/\\\/www.holy-supps.nl\\\/#\\\/schema\\\/logo\\\/image\\\/\"},\"sameAs\":[\"https:\\\/\\\/www.facebook.com\\\/holy.supps\",\"https:\\\/\\\/www.instagram.com\\\/holy.supps.shop\\\/\"]}]}<\/script>\n<!-- \/ Yoast SEO plugin. -->","yoast_head_json":{"title":"Fit &amp; Lean - Batido (450gr) - Holy-Supps.co.uk","description":"Reduzca el hambre e impulse la p\u00e9rdida de peso con Fit &amp; Lean Meal Shake: 20 g de prote\u00ednas, 11 g de fibra, 28 superalimentos. Solo 150 calor\u00edas por raci\u00f3n.","robots":{"index":"index","follow":"follow","max-snippet":"max-snippet:-1","max-image-preview":"max-image-preview:large","max-video-preview":"max-video-preview:-1"},"canonical":"https:\/\/www.holy-supps.nl\/es\/producto\/batido-fit-lean-meal-450-gr\/","og_locale":"es_ES","og_type":"article","og_title":"Fit & Lean - Meal Shake (450gr) - Holy-Supps.nl","og_description":"Verminder honger en stimuleer gewichtsverlies met Fit & Lean Meal Shake: 20g eiwit, 11g vezels, 28 superfoods. Slechts 150 calorie\u00ebn per portie.","og_url":"https:\/\/www.holy-supps.nl\/es\/producto\/batido-fit-lean-meal-450-gr\/","og_site_name":"Holy-Supps.nl","article_publisher":"https:\/\/www.facebook.com\/holy.supps","article_modified_time":"2026-05-12T06:36:18+00:00","og_image":[{"width":1080,"height":1080,"url":"https:\/\/www.holy-supps.nl\/wp-content\/uploads\/2024\/07\/1FL_mealshake_vanillaicecream_productimage_front-1.webp","type":"image\/webp"}],"twitter_card":"summary_large_image","twitter_misc":{"Tiempo de lectura":"1 minuto"},"schema":{"@context":"https:\/\/schema.org","@graph":[{"@type":"WebPage","@id":"https:\/\/www.holy-supps.nl\/product\/fit-lean-meal-shake-450-gr\/","url":"https:\/\/www.holy-supps.nl\/product\/fit-lean-meal-shake-450-gr\/","name":"Fit &amp; Lean - Batido (450gr) - Holy-Supps.co.uk","isPartOf":{"@id":"https:\/\/www.holy-supps.nl\/#website"},"primaryImageOfPage":{"@id":"https:\/\/www.holy-supps.nl\/product\/fit-lean-meal-shake-450-gr\/#primaryimage"},"image":{"@id":"https:\/\/www.holy-supps.nl\/product\/fit-lean-meal-shake-450-gr\/#primaryimage"},"thumbnailUrl":"https:\/\/www.holy-supps.nl\/wp-content\/uploads\/2024\/07\/1FL_mealshake_vanillaicecream_productimage_front-1.webp","datePublished":"2024-07-26T13:14:13+00:00","dateModified":"2026-05-12T06:36:18+00:00","description":"Reduzca el hambre e impulse la p\u00e9rdida de peso con Fit &amp; Lean Meal Shake: 20 g de prote\u00ednas, 11 g de fibra, 28 superalimentos. Solo 150 calor\u00edas por raci\u00f3n.","breadcrumb":{"@id":"https:\/\/www.holy-supps.nl\/product\/fit-lean-meal-shake-450-gr\/#breadcrumb"},"inLanguage":"es","potentialAction":[{"@type":"ReadAction","target":["https:\/\/www.holy-supps.nl\/product\/fit-lean-meal-shake-450-gr\/"]}]},{"@type":"ImageObject","inLanguage":"es","@id":"https:\/\/www.holy-supps.nl\/product\/fit-lean-meal-shake-450-gr\/#primaryimage","url":"https:\/\/www.holy-supps.nl\/wp-content\/uploads\/2024\/07\/1FL_mealshake_vanillaicecream_productimage_front-1.webp","contentUrl":"https:\/\/www.holy-supps.nl\/wp-content\/uploads\/2024\/07\/1FL_mealshake_vanillaicecream_productimage_front-1.webp","width":1080,"height":1080},{"@type":"BreadcrumbList","@id":"https:\/\/www.holy-supps.nl\/product\/fit-lean-meal-shake-450-gr\/#breadcrumb","itemListElement":[{"@type":"ListItem","position":1,"name":"Home","item":"https:\/\/www.holy-supps.nl\/"},{"@type":"ListItem","position":2,"name":"Winkel","item":"https:\/\/www.holy-supps.nl\/winkel\/"},{"@type":"ListItem","position":3,"name":"Fit &#038; Lean &#8211; Meal Shake (450gr)"}]},{"@type":"WebSite","@id":"https:\/\/www.holy-supps.nl\/#website","url":"https:\/\/www.holy-supps.nl\/","name":"Holy-Supps.es","description":"\u00a1Distribuidor oficial de EHPLabs!","publisher":{"@id":"https:\/\/www.holy-supps.nl\/#organization"},"potentialAction":[{"@type":"SearchAction","target":{"@type":"EntryPoint","urlTemplate":"https:\/\/www.holy-supps.nl\/?s={search_term_string}"},"query-input":{"@type":"PropertyValueSpecification","valueRequired":true,"valueName":"search_term_string"}}],"inLanguage":"es"},{"@type":"Organization","@id":"https:\/\/www.holy-supps.nl\/#organization","name":"Santa Cena","url":"https:\/\/www.holy-supps.nl\/","logo":{"@type":"ImageObject","inLanguage":"es","@id":"https:\/\/www.holy-supps.nl\/#\/schema\/logo\/image\/","url":"https:\/\/www.holy-supps.nl\/wp-content\/uploads\/2023\/06\/HOLY-SUPPS.png","contentUrl":"https:\/\/www.holy-supps.nl\/wp-content\/uploads\/2023\/06\/HOLY-SUPPS.png","width":1000,"height":400,"caption":"Holy Supps"},"image":{"@id":"https:\/\/www.holy-supps.nl\/#\/schema\/logo\/image\/"},"sameAs":["https:\/\/www.facebook.com\/holy.supps","https:\/\/www.instagram.com\/holy.supps.shop\/"]}]}},"jetpack_sharing_enabled":true,"_links":{"self":[{"href":"https:\/\/www.holy-supps.nl\/es\/wp-json\/wp\/v2\/product\/2755","targetHints":{"allow":["GET"]}}],"collection":[{"href":"https:\/\/www.holy-supps.nl\/es\/wp-json\/wp\/v2\/product"}],"about":[{"href":"https:\/\/www.holy-supps.nl\/es\/wp-json\/wp\/v2\/types\/product"}],"replies":[{"embeddable":true,"href":"https:\/\/www.holy-supps.nl\/es\/wp-json\/wp\/v2\/comments?post=2755"}],"wp:featuredmedia":[{"embeddable":true,"href":"https:\/\/www.holy-supps.nl\/es\/wp-json\/wp\/v2\/media\/2756"}],"wp:attachment":[{"href":"https:\/\/www.holy-supps.nl\/es\/wp-json\/wp\/v2\/media?parent=2755"}],"wp:term":[{"taxonomy":"product_brand","embeddable":true,"href":"https:\/\/www.holy-supps.nl\/es\/wp-json\/wp\/v2\/product_brand?post=2755"},{"taxonomy":"product_cat","embeddable":true,"href":"https:\/\/www.holy-supps.nl\/es\/wp-json\/wp\/v2\/product_cat?post=2755"},{"taxonomy":"product_tag","embeddable":true,"href":"https:\/\/www.holy-supps.nl\/es\/wp-json\/wp\/v2\/product_tag?post=2755"}],"curies":[{"name":"wp","href":"https:\/\/api.w.org\/{rel}","templated":true}]}}