{"id":2734,"date":"2024-07-23T16:01:55","date_gmt":"2024-07-23T14:01:55","guid":{"rendered":"https:\/\/www.holy-supps.nl\/?post_type=product&#038;p=2734"},"modified":"2026-02-20T06:46:52","modified_gmt":"2026-02-20T05:46:52","slug":"maximum-whey-protein-mhp-strong-2-2kg","status":"publish","type":"product","link":"https:\/\/www.holy-supps.nl\/es\/product\/maximum-whey-protein-mhp-strong-2-2kg\/","title":{"rendered":"Prote\u00edna de Suero M\u00e1xima - MHP STRONG - 2.2KG"},"content":{"rendered":"<h2>El mejor momento para tomar Max Whey<\/h2>\n<p>El desarrollo muscular no se produce durante el entrenamiento en s\u00ed, sino principalmente en el periodo posterior. El entrenamiento pone al cuerpo en la posici\u00f3n adecuada, tras lo cual la recuperaci\u00f3n y la alimentaci\u00f3n desempe\u00f1an su papel. Inmediatamente despu\u00e9s de una sesi\u00f3n de entrenamiento es un buen momento para tomar prote\u00ednas, ya que el cuerpo est\u00e1 listo para absorber los nutrientes. Una prote\u00edna de r\u00e1pida disoluci\u00f3n, como la prote\u00edna de suero, es f\u00e1cil de preparar y encaja bien en una dieta activa.  <\/p>\n<h2>Max Whey para un estilo de vida activo<\/h2>\n<p>La prote\u00edna de suero es conocida por ser una fuente completa de prote\u00ednas con un rico perfil de amino\u00e1cidos. Es una opci\u00f3n muy popular entre los deportistas y las personas activas que desean complementar su ingesta diaria de prote\u00ednas. Su textura cremosa y su alta solubilidad facilitan su consumo, por ejemplo, inmediatamente despu\u00e9s del entrenamiento o en cualquier otro momento del d\u00eda.  <\/p>\n<p>Si sigues una dieta sana y equilibrada, un suplemento de prote\u00edna de suero puede ser un complemento \u00fatil para mantener tu ingesta de prote\u00ednas. De este modo, te resultar\u00e1 m\u00e1s f\u00e1cil alcanzar la cantidad deseada de prote\u00ednas, adem\u00e1s de tus comidas habituales.  <\/p>\n<ul>\n<li>Popular entre deportistas y personas activas<\/li>\n<li>Alta solubilidad y textura cremosa<\/li>\n<li>Disponible en varios sabores.<\/li>\n<\/ul>\n<p><strong>M\u00c1XIMO SUERO<\/strong> Es conocido por ser \u201climpio\u201d, cuenta con la certificaci\u00f3n Informed-Choice, ha sido analizado para detectar m\u00e1s de 200 sustancias de la lista de la AMA y se fabrica en unas instalaciones que cumplen con las buenas pr\u00e1cticas de fabricaci\u00f3n (GMP). De este modo, tienes la garant\u00eda de que el producto cumple con unos altos est\u00e1ndares de calidad.<\/p>","protected":false},"excerpt":{"rendered":"<p id=\"tw-target-text\" class=\"tw-data-text tw-text-large tw-ta\" dir=\"ltr\" data-placeholder=\"Vertaling\" aria-label=\"Texto traducido\" data-ved=\"2ahUKEwiO7ZS0qL2HAxWkwAIHHREQBG0Q3ewLegQICBAU\"><span class=\"Y2IQFc\" lang=\"nl\">Maximum Whey aporta 25 g de prote\u00edna de suero pura, y nada m\u00e1s. El complejo trif\u00e1sico de prote\u00edna de suero contiene concentrado de prote\u00edna de suero, aislado de prote\u00edna de suero y prote\u00edna de suero hidrolizada para una digesti\u00f3n y absorci\u00f3n a\u00fan m\u00e1s r\u00e1pidas. <\/span><\/p>","protected":false},"featured_media":2740,"comment_status":"open","ping_status":"closed","template":"","meta":[],"product_brand":[],"product_cat":[77,67,203,165,75],"product_tag":[],"class_list":{"0":"post-2734","1":"product","2":"type-product","3":"status-publish","4":"has-post-thumbnail","6":"product_cat-bundles-save","7":"product_cat-eiwitten-proteine","8":"product_cat-mass-gainers","9":"product_cat-mhp-strong","10":"product_cat-producten","12":"first","13":"instock","14":"sale","15":"taxable","16":"shipping-taxable","17":"purchasable","18":"product-type-variable"},"yoast_head":"<!-- This site is optimized with the Yoast SEO plugin v27.5 - https:\/\/yoast.com\/product\/yoast-seo-wordpress\/ -->\n<title>Maximum Whey Protein - MHP STRONG - 2.2KG - Holy-Supps.nl<\/title>\n<meta name=\"description\" content=\"Maximaliseer spiergroei en herstel met Maximum Whey Protein - 2.2KG van MHP STRONG. Bevat hoogwaardige eiwitten voor droge spiermassa en kracht.\" \/>\n<meta name=\"robots\" content=\"index, follow, max-snippet:-1, max-image-preview:large, max-video-preview:-1\" \/>\n<link rel=\"canonical\" href=\"https:\/\/www.holy-supps.nl\/es\/producto\/maximum-whey-protein-mhp-strong-2-2kg\/\" \/>\n<meta property=\"og:locale\" content=\"es_ES\" \/>\n<meta property=\"og:type\" content=\"article\" \/>\n<meta property=\"og:title\" content=\"Maximum Whey Protein - MHP STRONG - 2.2KG - Holy-Supps.nl\" \/>\n<meta property=\"og:description\" content=\"Maximaliseer spiergroei en herstel met Maximum Whey Protein - 2.2KG van MHP STRONG. Bevat hoogwaardige eiwitten voor droge spiermassa en kracht.\" \/>\n<meta property=\"og:url\" content=\"https:\/\/www.holy-supps.nl\/es\/producto\/maximum-whey-protein-mhp-strong-2-2kg\/\" \/>\n<meta property=\"og:site_name\" content=\"Holy-Supps.nl\" \/>\n<meta property=\"article:publisher\" content=\"https:\/\/www.facebook.com\/holy.supps\" \/>\n<meta property=\"article:modified_time\" content=\"2026-02-20T05:46:52+00:00\" \/>\n<meta property=\"og:image\" content=\"https:\/\/www.holy-supps.nl\/wp-content\/uploads\/2024\/07\/wsi-imageoptim-Maximum-Whey-VI-01_5000x.webp\" \/>\n\t<meta property=\"og:image:width\" content=\"900\" \/>\n\t<meta property=\"og:image:height\" content=\"900\" \/>\n\t<meta property=\"og:image:type\" content=\"image\/webp\" \/>\n<meta name=\"twitter:card\" content=\"summary_large_image\" \/>\n<meta name=\"twitter:label1\" content=\"Tiempo de lectura\" \/>\n\t<meta name=\"twitter:data1\" content=\"2 minutos\" \/>\n<script type=\"application\/ld+json\" class=\"yoast-schema-graph\">{\"@context\":\"https:\\\/\\\/schema.org\",\"@graph\":[{\"@type\":\"WebPage\",\"@id\":\"https:\\\/\\\/www.holy-supps.nl\\\/product\\\/maximum-whey-protein-mhp-strong-2-2kg\\\/\",\"url\":\"https:\\\/\\\/www.holy-supps.nl\\\/product\\\/maximum-whey-protein-mhp-strong-2-2kg\\\/\",\"name\":\"Maximum Whey Protein - MHP STRONG - 2.2KG - Holy-Supps.nl\",\"isPartOf\":{\"@id\":\"https:\\\/\\\/www.holy-supps.nl\\\/#website\"},\"primaryImageOfPage\":{\"@id\":\"https:\\\/\\\/www.holy-supps.nl\\\/product\\\/maximum-whey-protein-mhp-strong-2-2kg\\\/#primaryimage\"},\"image\":{\"@id\":\"https:\\\/\\\/www.holy-supps.nl\\\/product\\\/maximum-whey-protein-mhp-strong-2-2kg\\\/#primaryimage\"},\"thumbnailUrl\":\"https:\\\/\\\/www.holy-supps.nl\\\/wp-content\\\/uploads\\\/2024\\\/07\\\/wsi-imageoptim-Maximum-Whey-VI-01_5000x.webp\",\"datePublished\":\"2024-07-23T14:01:55+00:00\",\"dateModified\":\"2026-02-20T05:46:52+00:00\",\"description\":\"Maximaliseer spiergroei en herstel met Maximum Whey Protein - 2.2KG van MHP STRONG. Bevat hoogwaardige eiwitten voor droge spiermassa en kracht.\",\"breadcrumb\":{\"@id\":\"https:\\\/\\\/www.holy-supps.nl\\\/product\\\/maximum-whey-protein-mhp-strong-2-2kg\\\/#breadcrumb\"},\"inLanguage\":\"es\",\"potentialAction\":[{\"@type\":\"ReadAction\",\"target\":[\"https:\\\/\\\/www.holy-supps.nl\\\/product\\\/maximum-whey-protein-mhp-strong-2-2kg\\\/\"]}]},{\"@type\":\"ImageObject\",\"inLanguage\":\"es\",\"@id\":\"https:\\\/\\\/www.holy-supps.nl\\\/product\\\/maximum-whey-protein-mhp-strong-2-2kg\\\/#primaryimage\",\"url\":\"https:\\\/\\\/www.holy-supps.nl\\\/wp-content\\\/uploads\\\/2024\\\/07\\\/wsi-imageoptim-Maximum-Whey-VI-01_5000x.webp\",\"contentUrl\":\"https:\\\/\\\/www.holy-supps.nl\\\/wp-content\\\/uploads\\\/2024\\\/07\\\/wsi-imageoptim-Maximum-Whey-VI-01_5000x.webp\",\"width\":900,\"height\":900},{\"@type\":\"BreadcrumbList\",\"@id\":\"https:\\\/\\\/www.holy-supps.nl\\\/product\\\/maximum-whey-protein-mhp-strong-2-2kg\\\/#breadcrumb\",\"itemListElement\":[{\"@type\":\"ListItem\",\"position\":1,\"name\":\"Home\",\"item\":\"https:\\\/\\\/www.holy-supps.nl\\\/\"},{\"@type\":\"ListItem\",\"position\":2,\"name\":\"Winkel\",\"item\":\"https:\\\/\\\/www.holy-supps.nl\\\/winkel\\\/\"},{\"@type\":\"ListItem\",\"position\":3,\"name\":\"Maximum Whey Protein &#8211; MHP STRONG &#8211; 2.2KG\"}]},{\"@type\":\"WebSite\",\"@id\":\"https:\\\/\\\/www.holy-supps.nl\\\/#website\",\"url\":\"https:\\\/\\\/www.holy-supps.nl\\\/\",\"name\":\"Holy-Supps.nl\",\"description\":\"Official EHPLabs Reseller!\",\"publisher\":{\"@id\":\"https:\\\/\\\/www.holy-supps.nl\\\/#organization\"},\"potentialAction\":[{\"@type\":\"SearchAction\",\"target\":{\"@type\":\"EntryPoint\",\"urlTemplate\":\"https:\\\/\\\/www.holy-supps.nl\\\/?s={search_term_string}\"},\"query-input\":{\"@type\":\"PropertyValueSpecification\",\"valueRequired\":true,\"valueName\":\"search_term_string\"}}],\"inLanguage\":\"es\"},{\"@type\":\"Organization\",\"@id\":\"https:\\\/\\\/www.holy-supps.nl\\\/#organization\",\"name\":\"Holy Supps\",\"url\":\"https:\\\/\\\/www.holy-supps.nl\\\/\",\"logo\":{\"@type\":\"ImageObject\",\"inLanguage\":\"es\",\"@id\":\"https:\\\/\\\/www.holy-supps.nl\\\/#\\\/schema\\\/logo\\\/image\\\/\",\"url\":\"https:\\\/\\\/www.holy-supps.nl\\\/wp-content\\\/uploads\\\/2023\\\/06\\\/HOLY-SUPPS.png\",\"contentUrl\":\"https:\\\/\\\/www.holy-supps.nl\\\/wp-content\\\/uploads\\\/2023\\\/06\\\/HOLY-SUPPS.png\",\"width\":1000,\"height\":400,\"caption\":\"Holy Supps\"},\"image\":{\"@id\":\"https:\\\/\\\/www.holy-supps.nl\\\/#\\\/schema\\\/logo\\\/image\\\/\"},\"sameAs\":[\"https:\\\/\\\/www.facebook.com\\\/holy.supps\",\"https:\\\/\\\/www.instagram.com\\\/holy.supps.shop\\\/\"]}]}<\/script>\n<!-- \/ Yoast SEO plugin. -->","yoast_head_json":{"title":"Maximum Whey Protein - MHP STRONG - 2.2KG - Holy-Supps.co.uk","description":"Maximiza el crecimiento muscular y la recuperaci\u00f3n con Maximum Whey Protein - 2.2KG de MHP STRONG. Contiene prote\u00edna de alta calidad para masa muscular seca y fuerza.","robots":{"index":"index","follow":"follow","max-snippet":"max-snippet:-1","max-image-preview":"max-image-preview:large","max-video-preview":"max-video-preview:-1"},"canonical":"https:\/\/www.holy-supps.nl\/es\/producto\/maximum-whey-protein-mhp-strong-2-2kg\/","og_locale":"es_ES","og_type":"article","og_title":"Maximum Whey Protein - MHP STRONG - 2.2KG - Holy-Supps.nl","og_description":"Maximaliseer spiergroei en herstel met Maximum Whey Protein - 2.2KG van MHP STRONG. Bevat hoogwaardige eiwitten voor droge spiermassa en kracht.","og_url":"https:\/\/www.holy-supps.nl\/es\/producto\/maximum-whey-protein-mhp-strong-2-2kg\/","og_site_name":"Holy-Supps.nl","article_publisher":"https:\/\/www.facebook.com\/holy.supps","article_modified_time":"2026-02-20T05:46:52+00:00","og_image":[{"width":900,"height":900,"url":"https:\/\/www.holy-supps.nl\/wp-content\/uploads\/2024\/07\/wsi-imageoptim-Maximum-Whey-VI-01_5000x.webp","type":"image\/webp"}],"twitter_card":"summary_large_image","twitter_misc":{"Tiempo de lectura":"2 minutos"},"schema":{"@context":"https:\/\/schema.org","@graph":[{"@type":"WebPage","@id":"https:\/\/www.holy-supps.nl\/product\/maximum-whey-protein-mhp-strong-2-2kg\/","url":"https:\/\/www.holy-supps.nl\/product\/maximum-whey-protein-mhp-strong-2-2kg\/","name":"Maximum Whey Protein - MHP STRONG - 2.2KG - Holy-Supps.co.uk","isPartOf":{"@id":"https:\/\/www.holy-supps.nl\/#website"},"primaryImageOfPage":{"@id":"https:\/\/www.holy-supps.nl\/product\/maximum-whey-protein-mhp-strong-2-2kg\/#primaryimage"},"image":{"@id":"https:\/\/www.holy-supps.nl\/product\/maximum-whey-protein-mhp-strong-2-2kg\/#primaryimage"},"thumbnailUrl":"https:\/\/www.holy-supps.nl\/wp-content\/uploads\/2024\/07\/wsi-imageoptim-Maximum-Whey-VI-01_5000x.webp","datePublished":"2024-07-23T14:01:55+00:00","dateModified":"2026-02-20T05:46:52+00:00","description":"Maximiza el crecimiento muscular y la recuperaci\u00f3n con Maximum Whey Protein - 2.2KG de MHP STRONG. Contiene prote\u00edna de alta calidad para masa muscular seca y fuerza.","breadcrumb":{"@id":"https:\/\/www.holy-supps.nl\/product\/maximum-whey-protein-mhp-strong-2-2kg\/#breadcrumb"},"inLanguage":"es","potentialAction":[{"@type":"ReadAction","target":["https:\/\/www.holy-supps.nl\/product\/maximum-whey-protein-mhp-strong-2-2kg\/"]}]},{"@type":"ImageObject","inLanguage":"es","@id":"https:\/\/www.holy-supps.nl\/product\/maximum-whey-protein-mhp-strong-2-2kg\/#primaryimage","url":"https:\/\/www.holy-supps.nl\/wp-content\/uploads\/2024\/07\/wsi-imageoptim-Maximum-Whey-VI-01_5000x.webp","contentUrl":"https:\/\/www.holy-supps.nl\/wp-content\/uploads\/2024\/07\/wsi-imageoptim-Maximum-Whey-VI-01_5000x.webp","width":900,"height":900},{"@type":"BreadcrumbList","@id":"https:\/\/www.holy-supps.nl\/product\/maximum-whey-protein-mhp-strong-2-2kg\/#breadcrumb","itemListElement":[{"@type":"ListItem","position":1,"name":"Home","item":"https:\/\/www.holy-supps.nl\/"},{"@type":"ListItem","position":2,"name":"Winkel","item":"https:\/\/www.holy-supps.nl\/winkel\/"},{"@type":"ListItem","position":3,"name":"Maximum Whey Protein &#8211; MHP STRONG &#8211; 2.2KG"}]},{"@type":"WebSite","@id":"https:\/\/www.holy-supps.nl\/#website","url":"https:\/\/www.holy-supps.nl\/","name":"Holy-Supps.es","description":"\u00a1Distribuidor oficial de EHPLabs!","publisher":{"@id":"https:\/\/www.holy-supps.nl\/#organization"},"potentialAction":[{"@type":"SearchAction","target":{"@type":"EntryPoint","urlTemplate":"https:\/\/www.holy-supps.nl\/?s={search_term_string}"},"query-input":{"@type":"PropertyValueSpecification","valueRequired":true,"valueName":"search_term_string"}}],"inLanguage":"es"},{"@type":"Organization","@id":"https:\/\/www.holy-supps.nl\/#organization","name":"Santa Cena","url":"https:\/\/www.holy-supps.nl\/","logo":{"@type":"ImageObject","inLanguage":"es","@id":"https:\/\/www.holy-supps.nl\/#\/schema\/logo\/image\/","url":"https:\/\/www.holy-supps.nl\/wp-content\/uploads\/2023\/06\/HOLY-SUPPS.png","contentUrl":"https:\/\/www.holy-supps.nl\/wp-content\/uploads\/2023\/06\/HOLY-SUPPS.png","width":1000,"height":400,"caption":"Holy Supps"},"image":{"@id":"https:\/\/www.holy-supps.nl\/#\/schema\/logo\/image\/"},"sameAs":["https:\/\/www.facebook.com\/holy.supps","https:\/\/www.instagram.com\/holy.supps.shop\/"]}]}},"jetpack_sharing_enabled":true,"_links":{"self":[{"href":"https:\/\/www.holy-supps.nl\/es\/wp-json\/wp\/v2\/product\/2734","targetHints":{"allow":["GET"]}}],"collection":[{"href":"https:\/\/www.holy-supps.nl\/es\/wp-json\/wp\/v2\/product"}],"about":[{"href":"https:\/\/www.holy-supps.nl\/es\/wp-json\/wp\/v2\/types\/product"}],"replies":[{"embeddable":true,"href":"https:\/\/www.holy-supps.nl\/es\/wp-json\/wp\/v2\/comments?post=2734"}],"wp:featuredmedia":[{"embeddable":true,"href":"https:\/\/www.holy-supps.nl\/es\/wp-json\/wp\/v2\/media\/2740"}],"wp:attachment":[{"href":"https:\/\/www.holy-supps.nl\/es\/wp-json\/wp\/v2\/media?parent=2734"}],"wp:term":[{"taxonomy":"product_brand","embeddable":true,"href":"https:\/\/www.holy-supps.nl\/es\/wp-json\/wp\/v2\/product_brand?post=2734"},{"taxonomy":"product_cat","embeddable":true,"href":"https:\/\/www.holy-supps.nl\/es\/wp-json\/wp\/v2\/product_cat?post=2734"},{"taxonomy":"product_tag","embeddable":true,"href":"https:\/\/www.holy-supps.nl\/es\/wp-json\/wp\/v2\/product_tag?post=2734"}],"curies":[{"name":"wp","href":"https:\/\/api.w.org\/{rel}","templated":true}]}}