{"id":23,"date":"2023-01-08T18:39:30","date_gmt":"2023-01-08T17:39:30","guid":{"rendered":"https:\/\/www.holy-supps.nl\/?post_type=product&#038;p=23"},"modified":"2026-04-13T09:27:08","modified_gmt":"2026-04-13T07:27:08","slug":"oxygreens-daily-super-greens-polvo-ehplabs","status":"publish","type":"product","link":"https:\/\/www.holy-supps.nl\/es\/product\/oxygreens-daily-super-greens-powder-ehplabs\/","title":{"rendered":"Oxygreens - Super Greens Diario en Polvo - EHPLabs"},"content":{"rendered":"<h2>Descripci\u00f3n<\/h2>\n<p>EHPlabs <strong>OxyGreens Daily Super Greens Powder<\/strong> es un suplemento vegetal superalimento en polvo. Contiene una mezcla de fuentes de verduras, frutas y fibra, y est\u00e1 dise\u00f1ado para mezclarse f\u00e1cilmente con agua u otra bebida. OxyGreens est\u00e1 disponible en varios sabores frescos y es adecuado como complemento de una dieta variada.<\/p>\n<hr \/>\n<h2>Ventajas<\/h2>\n<ul>\n<li>Mezcla de extractos de frutas y verduras en polvo<\/li>\n<li>Contiene fibra alimentaria.<\/li>\n<li>100% vegetal y apto para un estilo de vida vegano.<\/li>\n<li>F\u00e1cil de mezclar con agua o batidos.<\/li>\n<li>Disponible en varios sabores.<\/li>\n<\/ul>\n<hr \/>\n<h2>Instrucciones de uso<\/h2>\n<p>Mezclar <strong>1 cucharada (aprox. 7 g)<\/strong> OxyGreens con 350-400 ml de agua o a\u00f1\u00e1dalo a un batido.<\/p>\n<ul>\n<li>Uso recomendado: <strong>1 porci\u00f3n al d\u00eda<\/strong><\/li>\n<li>Se puede tomar en cualquier momento del d\u00eda.<\/li>\n<li>Agitar o remover bien antes de usar.<\/li>\n<\/ul>","protected":false},"excerpt":{"rendered":"<p>EHPlabs OxyGreens es un superalimento vegetal en polvo que contiene una mezcla de verduras, frutas y fuentes de fibra. El polvo es f\u00e1cil de mezclar con agua o batidos y est\u00e1 disponible en diferentes sabores. Un complemento pr\u00e1ctico para quienes desean enriquecer su dieta diaria.<\/p>","protected":false},"featured_media":24,"comment_status":"open","ping_status":"closed","template":"","meta":[],"product_brand":[],"product_cat":[77,72,74,84],"product_tag":[],"class_list":{"0":"post-23","1":"product","2":"type-product","3":"status-publish","4":"has-post-thumbnail","6":"product_cat-bundles-save","7":"product_cat-ehplabs","8":"product_cat-health-wellness","9":"product_cat-vegan-supplementen","11":"first","12":"instock","13":"sale","14":"taxable","15":"shipping-taxable","16":"purchasable","17":"product-type-variable"},"yoast_head":"<!-- This site is optimized with the Yoast SEO plugin v27.4 - https:\/\/yoast.com\/product\/yoast-seo-wordpress\/ -->\n<title>Oxygreens \u2013 Daily Super Greens Powder \u2013 EHPLabs - Holy-Supps.nl<\/title>\n<meta name=\"description\" content=\"Verbeter je immuniteit en spijsvertering met OxyGreens, het best smakende super greens poeder zonder bittere nasmaak. Beschikbaar in heerlijke smaken!\" \/>\n<meta name=\"robots\" content=\"index, follow, max-snippet:-1, max-image-preview:large, max-video-preview:-1\" \/>\n<link rel=\"canonical\" href=\"https:\/\/www.holy-supps.nl\/es\/producto\/oxygreens-daily-super-greens-polvo-ehplabs\/\" \/>\n<meta property=\"og:locale\" content=\"es_ES\" \/>\n<meta property=\"og:type\" content=\"article\" \/>\n<meta property=\"og:title\" content=\"Oxygreens \u2013 Daily Super Greens Powder \u2013 EHPLabs - Holy-Supps.nl\" \/>\n<meta property=\"og:description\" content=\"Verbeter je immuniteit en spijsvertering met OxyGreens, het best smakende super greens poeder zonder bittere nasmaak. Beschikbaar in heerlijke smaken!\" \/>\n<meta property=\"og:url\" content=\"https:\/\/www.holy-supps.nl\/es\/producto\/oxygreens-daily-super-greens-polvo-ehplabs\/\" \/>\n<meta property=\"og:site_name\" content=\"Holy-Supps.nl\" \/>\n<meta property=\"article:publisher\" content=\"https:\/\/www.facebook.com\/holy.supps\" \/>\n<meta property=\"article:modified_time\" content=\"2026-04-13T07:27:08+00:00\" \/>\n<meta property=\"og:image\" content=\"https:\/\/www.holy-supps.nl\/wp-content\/uploads\/2023\/01\/OxyGreensProductPhotos2_1000x.webp\" \/>\n\t<meta property=\"og:image:width\" content=\"1000\" \/>\n\t<meta property=\"og:image:height\" content=\"1000\" \/>\n\t<meta property=\"og:image:type\" content=\"image\/webp\" \/>\n<meta name=\"twitter:card\" content=\"summary_large_image\" \/>\n<meta name=\"twitter:label1\" content=\"Tiempo de lectura\" \/>\n\t<meta name=\"twitter:data1\" content=\"1 minuto\" \/>\n<script type=\"application\/ld+json\" class=\"yoast-schema-graph\">{\"@context\":\"https:\\\/\\\/schema.org\",\"@graph\":[{\"@type\":\"WebPage\",\"@id\":\"https:\\\/\\\/www.holy-supps.nl\\\/product\\\/oxygreens-daily-super-greens-powder-ehplabs\\\/\",\"url\":\"https:\\\/\\\/www.holy-supps.nl\\\/product\\\/oxygreens-daily-super-greens-powder-ehplabs\\\/\",\"name\":\"Oxygreens \u2013 Daily Super Greens Powder \u2013 EHPLabs - Holy-Supps.nl\",\"isPartOf\":{\"@id\":\"https:\\\/\\\/www.holy-supps.nl\\\/#website\"},\"primaryImageOfPage\":{\"@id\":\"https:\\\/\\\/www.holy-supps.nl\\\/product\\\/oxygreens-daily-super-greens-powder-ehplabs\\\/#primaryimage\"},\"image\":{\"@id\":\"https:\\\/\\\/www.holy-supps.nl\\\/product\\\/oxygreens-daily-super-greens-powder-ehplabs\\\/#primaryimage\"},\"thumbnailUrl\":\"https:\\\/\\\/www.holy-supps.nl\\\/wp-content\\\/uploads\\\/2023\\\/01\\\/OxyGreensProductPhotos2_1000x.webp\",\"datePublished\":\"2023-01-08T17:39:30+00:00\",\"dateModified\":\"2026-04-13T07:27:08+00:00\",\"description\":\"Verbeter je immuniteit en spijsvertering met OxyGreens, het best smakende super greens poeder zonder bittere nasmaak. Beschikbaar in heerlijke smaken!\",\"breadcrumb\":{\"@id\":\"https:\\\/\\\/www.holy-supps.nl\\\/product\\\/oxygreens-daily-super-greens-powder-ehplabs\\\/#breadcrumb\"},\"inLanguage\":\"es\",\"potentialAction\":[{\"@type\":\"ReadAction\",\"target\":[\"https:\\\/\\\/www.holy-supps.nl\\\/product\\\/oxygreens-daily-super-greens-powder-ehplabs\\\/\"]}]},{\"@type\":\"ImageObject\",\"inLanguage\":\"es\",\"@id\":\"https:\\\/\\\/www.holy-supps.nl\\\/product\\\/oxygreens-daily-super-greens-powder-ehplabs\\\/#primaryimage\",\"url\":\"https:\\\/\\\/www.holy-supps.nl\\\/wp-content\\\/uploads\\\/2023\\\/01\\\/OxyGreensProductPhotos2_1000x.webp\",\"contentUrl\":\"https:\\\/\\\/www.holy-supps.nl\\\/wp-content\\\/uploads\\\/2023\\\/01\\\/OxyGreensProductPhotos2_1000x.webp\",\"width\":1000,\"height\":1000},{\"@type\":\"BreadcrumbList\",\"@id\":\"https:\\\/\\\/www.holy-supps.nl\\\/product\\\/oxygreens-daily-super-greens-powder-ehplabs\\\/#breadcrumb\",\"itemListElement\":[{\"@type\":\"ListItem\",\"position\":1,\"name\":\"Home\",\"item\":\"https:\\\/\\\/www.holy-supps.nl\\\/\"},{\"@type\":\"ListItem\",\"position\":2,\"name\":\"Winkel\",\"item\":\"https:\\\/\\\/www.holy-supps.nl\\\/winkel\\\/\"},{\"@type\":\"ListItem\",\"position\":3,\"name\":\"Oxygreens \u2013 Daily Super Greens Powder \u2013 EHPLabs\"}]},{\"@type\":\"WebSite\",\"@id\":\"https:\\\/\\\/www.holy-supps.nl\\\/#website\",\"url\":\"https:\\\/\\\/www.holy-supps.nl\\\/\",\"name\":\"Holy-Supps.nl\",\"description\":\"Official EHPLabs Reseller!\",\"publisher\":{\"@id\":\"https:\\\/\\\/www.holy-supps.nl\\\/#organization\"},\"potentialAction\":[{\"@type\":\"SearchAction\",\"target\":{\"@type\":\"EntryPoint\",\"urlTemplate\":\"https:\\\/\\\/www.holy-supps.nl\\\/?s={search_term_string}\"},\"query-input\":{\"@type\":\"PropertyValueSpecification\",\"valueRequired\":true,\"valueName\":\"search_term_string\"}}],\"inLanguage\":\"es\"},{\"@type\":\"Organization\",\"@id\":\"https:\\\/\\\/www.holy-supps.nl\\\/#organization\",\"name\":\"Holy Supps\",\"url\":\"https:\\\/\\\/www.holy-supps.nl\\\/\",\"logo\":{\"@type\":\"ImageObject\",\"inLanguage\":\"es\",\"@id\":\"https:\\\/\\\/www.holy-supps.nl\\\/#\\\/schema\\\/logo\\\/image\\\/\",\"url\":\"https:\\\/\\\/www.holy-supps.nl\\\/wp-content\\\/uploads\\\/2023\\\/06\\\/HOLY-SUPPS.png\",\"contentUrl\":\"https:\\\/\\\/www.holy-supps.nl\\\/wp-content\\\/uploads\\\/2023\\\/06\\\/HOLY-SUPPS.png\",\"width\":1000,\"height\":400,\"caption\":\"Holy Supps\"},\"image\":{\"@id\":\"https:\\\/\\\/www.holy-supps.nl\\\/#\\\/schema\\\/logo\\\/image\\\/\"},\"sameAs\":[\"https:\\\/\\\/www.facebook.com\\\/holy.supps\",\"https:\\\/\\\/www.instagram.com\\\/holy.supps.shop\\\/\"]}]}<\/script>\n<!-- \/ Yoast SEO plugin. -->","yoast_head_json":{"title":"Oxygreens - Super Verdes Diarios en Polvo - EHPLabs - Holy-Supps.co.uk","description":"Mejore su inmunidad y digesti\u00f3n con OxyGreens, el polvo de superverdes con el mejor sabor y sin regusto amargo. \u00a1Disponible en deliciosos sabores!","robots":{"index":"index","follow":"follow","max-snippet":"max-snippet:-1","max-image-preview":"max-image-preview:large","max-video-preview":"max-video-preview:-1"},"canonical":"https:\/\/www.holy-supps.nl\/es\/producto\/oxygreens-daily-super-greens-polvo-ehplabs\/","og_locale":"es_ES","og_type":"article","og_title":"Oxygreens \u2013 Daily Super Greens Powder \u2013 EHPLabs - Holy-Supps.nl","og_description":"Verbeter je immuniteit en spijsvertering met OxyGreens, het best smakende super greens poeder zonder bittere nasmaak. Beschikbaar in heerlijke smaken!","og_url":"https:\/\/www.holy-supps.nl\/es\/producto\/oxygreens-daily-super-greens-polvo-ehplabs\/","og_site_name":"Holy-Supps.nl","article_publisher":"https:\/\/www.facebook.com\/holy.supps","article_modified_time":"2026-04-13T07:27:08+00:00","og_image":[{"width":1000,"height":1000,"url":"https:\/\/www.holy-supps.nl\/wp-content\/uploads\/2023\/01\/OxyGreensProductPhotos2_1000x.webp","type":"image\/webp"}],"twitter_card":"summary_large_image","twitter_misc":{"Tiempo de lectura":"1 minuto"},"schema":{"@context":"https:\/\/schema.org","@graph":[{"@type":"WebPage","@id":"https:\/\/www.holy-supps.nl\/product\/oxygreens-daily-super-greens-powder-ehplabs\/","url":"https:\/\/www.holy-supps.nl\/product\/oxygreens-daily-super-greens-powder-ehplabs\/","name":"Oxygreens - Super Verdes Diarios en Polvo - EHPLabs - Holy-Supps.co.uk","isPartOf":{"@id":"https:\/\/www.holy-supps.nl\/#website"},"primaryImageOfPage":{"@id":"https:\/\/www.holy-supps.nl\/product\/oxygreens-daily-super-greens-powder-ehplabs\/#primaryimage"},"image":{"@id":"https:\/\/www.holy-supps.nl\/product\/oxygreens-daily-super-greens-powder-ehplabs\/#primaryimage"},"thumbnailUrl":"https:\/\/www.holy-supps.nl\/wp-content\/uploads\/2023\/01\/OxyGreensProductPhotos2_1000x.webp","datePublished":"2023-01-08T17:39:30+00:00","dateModified":"2026-04-13T07:27:08+00:00","description":"Mejore su inmunidad y digesti\u00f3n con OxyGreens, el polvo de superverdes con el mejor sabor y sin regusto amargo. \u00a1Disponible en deliciosos sabores!","breadcrumb":{"@id":"https:\/\/www.holy-supps.nl\/product\/oxygreens-daily-super-greens-powder-ehplabs\/#breadcrumb"},"inLanguage":"es","potentialAction":[{"@type":"ReadAction","target":["https:\/\/www.holy-supps.nl\/product\/oxygreens-daily-super-greens-powder-ehplabs\/"]}]},{"@type":"ImageObject","inLanguage":"es","@id":"https:\/\/www.holy-supps.nl\/product\/oxygreens-daily-super-greens-powder-ehplabs\/#primaryimage","url":"https:\/\/www.holy-supps.nl\/wp-content\/uploads\/2023\/01\/OxyGreensProductPhotos2_1000x.webp","contentUrl":"https:\/\/www.holy-supps.nl\/wp-content\/uploads\/2023\/01\/OxyGreensProductPhotos2_1000x.webp","width":1000,"height":1000},{"@type":"BreadcrumbList","@id":"https:\/\/www.holy-supps.nl\/product\/oxygreens-daily-super-greens-powder-ehplabs\/#breadcrumb","itemListElement":[{"@type":"ListItem","position":1,"name":"Home","item":"https:\/\/www.holy-supps.nl\/"},{"@type":"ListItem","position":2,"name":"Winkel","item":"https:\/\/www.holy-supps.nl\/winkel\/"},{"@type":"ListItem","position":3,"name":"Oxygreens \u2013 Daily Super Greens Powder \u2013 EHPLabs"}]},{"@type":"WebSite","@id":"https:\/\/www.holy-supps.nl\/#website","url":"https:\/\/www.holy-supps.nl\/","name":"Holy-Supps.es","description":"\u00a1Distribuidor oficial de EHPLabs!","publisher":{"@id":"https:\/\/www.holy-supps.nl\/#organization"},"potentialAction":[{"@type":"SearchAction","target":{"@type":"EntryPoint","urlTemplate":"https:\/\/www.holy-supps.nl\/?s={search_term_string}"},"query-input":{"@type":"PropertyValueSpecification","valueRequired":true,"valueName":"search_term_string"}}],"inLanguage":"es"},{"@type":"Organization","@id":"https:\/\/www.holy-supps.nl\/#organization","name":"Santa Cena","url":"https:\/\/www.holy-supps.nl\/","logo":{"@type":"ImageObject","inLanguage":"es","@id":"https:\/\/www.holy-supps.nl\/#\/schema\/logo\/image\/","url":"https:\/\/www.holy-supps.nl\/wp-content\/uploads\/2023\/06\/HOLY-SUPPS.png","contentUrl":"https:\/\/www.holy-supps.nl\/wp-content\/uploads\/2023\/06\/HOLY-SUPPS.png","width":1000,"height":400,"caption":"Holy Supps"},"image":{"@id":"https:\/\/www.holy-supps.nl\/#\/schema\/logo\/image\/"},"sameAs":["https:\/\/www.facebook.com\/holy.supps","https:\/\/www.instagram.com\/holy.supps.shop\/"]}]}},"jetpack_sharing_enabled":true,"_links":{"self":[{"href":"https:\/\/www.holy-supps.nl\/es\/wp-json\/wp\/v2\/product\/23","targetHints":{"allow":["GET"]}}],"collection":[{"href":"https:\/\/www.holy-supps.nl\/es\/wp-json\/wp\/v2\/product"}],"about":[{"href":"https:\/\/www.holy-supps.nl\/es\/wp-json\/wp\/v2\/types\/product"}],"replies":[{"embeddable":true,"href":"https:\/\/www.holy-supps.nl\/es\/wp-json\/wp\/v2\/comments?post=23"}],"wp:featuredmedia":[{"embeddable":true,"href":"https:\/\/www.holy-supps.nl\/es\/wp-json\/wp\/v2\/media\/24"}],"wp:attachment":[{"href":"https:\/\/www.holy-supps.nl\/es\/wp-json\/wp\/v2\/media?parent=23"}],"wp:term":[{"taxonomy":"product_brand","embeddable":true,"href":"https:\/\/www.holy-supps.nl\/es\/wp-json\/wp\/v2\/product_brand?post=23"},{"taxonomy":"product_cat","embeddable":true,"href":"https:\/\/www.holy-supps.nl\/es\/wp-json\/wp\/v2\/product_cat?post=23"},{"taxonomy":"product_tag","embeddable":true,"href":"https:\/\/www.holy-supps.nl\/es\/wp-json\/wp\/v2\/product_tag?post=23"}],"curies":[{"name":"wp","href":"https:\/\/api.w.org\/{rel}","templated":true}]}}