{"id":2226,"date":"2024-03-29T22:39:53","date_gmt":"2024-03-29T21:39:53","guid":{"rendered":"https:\/\/www.holy-supps.nl\/product\/protein-works-omega-3-high-strength\/"},"modified":"2025-12-22T17:14:59","modified_gmt":"2025-12-22T16:14:59","slug":"protein-works-omega-3-high-strength","status":"publish","type":"product","link":"https:\/\/www.holy-supps.nl\/es\/product\/protein-works-omega-3-high-strength\/","title":{"rendered":"Omega 3 Alta Potencia - Protein Works"},"content":{"rendered":"<p>Nuestro Omega 3 High Strength es un suplemento de alta calidad elaborado a partir de aceite de pescado de primera calidad. Cada c\u00e1psula blanda contiene 1000 mg de aceite de pescado: 180 mg de EPA y 120 mg de DHA. Todo ello en una c\u00e1psula f\u00e1cil de tragar.<\/p>\n<h3>\u00bfQu\u00e9 es el aceite Omega 3?<\/h3>\n<p>Omega 3 de Protein Works es una f\u00f3rmula de excepcional calidad, procedente de aceite de pescado de primera calidad. Cada c\u00e1psula blanda de suplemento de Omega 3 contiene 180 mg de EPA y 120 mg de DHA. Los \u00e1cidos grasos Omega 3 son grasas poliinsaturadas que el cuerpo no puede producir por s\u00ed mismo y, por lo tanto, deben obtenerse a trav\u00e9s de la alimentaci\u00f3n o los suplementos. Las c\u00e1psulas de Omega 3 son una forma pr\u00e1ctica de complementar la dieta, especialmente si se consume poco o nada de pescado azul.<\/p>\n<h3>\u00bfPor qu\u00e9 tomar omega 3?<\/h3>\n<p>Un suplemento de omega 3 contiene \u00e1cidos grasos esenciales que a menudo son dif\u00edciles de obtener en cantidades suficientes a trav\u00e9s de la alimentaci\u00f3n diaria. El cuerpo no puede producir estas grasas por s\u00ed mismo, por lo que puede ser importante complementarlas a trav\u00e9s de la alimentaci\u00f3n o los suplementos. El omega 3 se considera a menudo un valioso complemento de una dieta saludable y, por lo tanto, es popular entre las personas que se preocupan por su estilo de vida.<\/p>","protected":false},"excerpt":{"rendered":"<p>Onze Omega 3 High Strength is een supplementformule van hoge kwaliteit, afkomstig van premium visolie. Elke softgel bevat 1000 mg visolie \u2013 180 mg EPA en 120 mg DHA. Alles in een gemakkelijk te slikken capsule. Wat is Omega 3 olie? Omega 3 van Protein Works is een formule van uitzonderlijk hoge kwaliteit, afkomstig van [&#8230;]\n","protected":false},"featured_media":2227,"comment_status":"open","ping_status":"closed","template":"","meta":[],"product_brand":[],"product_cat":[77,74,73,70],"product_tag":[],"class_list":{"0":"post-2226","1":"product","2":"type-product","3":"status-publish","4":"has-post-thumbnail","6":"product_cat-bundles-save","7":"product_cat-health-wellness","8":"product_cat-protein-works","9":"product_cat-raws","11":"first","12":"instock","13":"sale","14":"taxable","15":"shipping-taxable","16":"purchasable","17":"product-type-simple"},"yoast_head":"<!-- This site is optimized with the Yoast SEO plugin v27.3 - https:\/\/yoast.com\/product\/yoast-seo-wordpress\/ -->\n<title>Omega 3 High Strength - Protein Works - Holy-Supps.nl<\/title>\n<meta name=\"description\" content=\"Omega 3 High Strength: 1000 mg visolie per softgel, met 180 mg EPA en 120 mg DHA. Ondersteunt hart, hersenfunctie en vetverlies. Hoogwaardige kwaliteit.\" \/>\n<meta name=\"robots\" content=\"index, follow, max-snippet:-1, max-image-preview:large, max-video-preview:-1\" \/>\n<link rel=\"canonical\" href=\"https:\/\/www.holy-supps.nl\/es\/producto\/protein-works-omega-3-high-strength\/\" \/>\n<meta property=\"og:locale\" content=\"es_ES\" \/>\n<meta property=\"og:type\" content=\"article\" \/>\n<meta property=\"og:title\" content=\"Omega 3 High Strength - Protein Works - Holy-Supps.nl\" \/>\n<meta property=\"og:description\" content=\"Omega 3 High Strength: 1000 mg visolie per softgel, met 180 mg EPA en 120 mg DHA. Ondersteunt hart, hersenfunctie en vetverlies. Hoogwaardige kwaliteit.\" \/>\n<meta property=\"og:url\" content=\"https:\/\/www.holy-supps.nl\/es\/producto\/protein-works-omega-3-high-strength\/\" \/>\n<meta property=\"og:site_name\" content=\"Holy-Supps.nl\" \/>\n<meta property=\"article:publisher\" content=\"https:\/\/www.facebook.com\/holy.supps\" \/>\n<meta property=\"article:modified_time\" content=\"2025-12-22T16:14:59+00:00\" \/>\n<meta property=\"og:image\" content=\"https:\/\/www.holy-supps.nl\/wp-content\/uploads\/2024\/03\/img_0367.jpeg\" \/>\n\t<meta property=\"og:image:width\" content=\"1048\" \/>\n\t<meta property=\"og:image:height\" content=\"1336\" \/>\n\t<meta property=\"og:image:type\" content=\"image\/jpeg\" \/>\n<meta name=\"twitter:card\" content=\"summary_large_image\" \/>\n<meta name=\"twitter:label1\" content=\"Tiempo de lectura\" \/>\n\t<meta name=\"twitter:data1\" content=\"2 minutos\" \/>\n<script type=\"application\/ld+json\" class=\"yoast-schema-graph\">{\"@context\":\"https:\\\/\\\/schema.org\",\"@graph\":[{\"@type\":\"WebPage\",\"@id\":\"https:\\\/\\\/www.holy-supps.nl\\\/product\\\/protein-works-omega-3-high-strength\\\/\",\"url\":\"https:\\\/\\\/www.holy-supps.nl\\\/product\\\/protein-works-omega-3-high-strength\\\/\",\"name\":\"Omega 3 High Strength - Protein Works - Holy-Supps.nl\",\"isPartOf\":{\"@id\":\"https:\\\/\\\/www.holy-supps.nl\\\/#website\"},\"primaryImageOfPage\":{\"@id\":\"https:\\\/\\\/www.holy-supps.nl\\\/product\\\/protein-works-omega-3-high-strength\\\/#primaryimage\"},\"image\":{\"@id\":\"https:\\\/\\\/www.holy-supps.nl\\\/product\\\/protein-works-omega-3-high-strength\\\/#primaryimage\"},\"thumbnailUrl\":\"https:\\\/\\\/www.holy-supps.nl\\\/wp-content\\\/uploads\\\/2024\\\/03\\\/img_0367.jpeg\",\"datePublished\":\"2024-03-29T21:39:53+00:00\",\"dateModified\":\"2025-12-22T16:14:59+00:00\",\"description\":\"Omega 3 High Strength: 1000 mg visolie per softgel, met 180 mg EPA en 120 mg DHA. Ondersteunt hart, hersenfunctie en vetverlies. Hoogwaardige kwaliteit.\",\"breadcrumb\":{\"@id\":\"https:\\\/\\\/www.holy-supps.nl\\\/product\\\/protein-works-omega-3-high-strength\\\/#breadcrumb\"},\"inLanguage\":\"es\",\"potentialAction\":[{\"@type\":\"ReadAction\",\"target\":[\"https:\\\/\\\/www.holy-supps.nl\\\/product\\\/protein-works-omega-3-high-strength\\\/\"]}]},{\"@type\":\"ImageObject\",\"inLanguage\":\"es\",\"@id\":\"https:\\\/\\\/www.holy-supps.nl\\\/product\\\/protein-works-omega-3-high-strength\\\/#primaryimage\",\"url\":\"https:\\\/\\\/www.holy-supps.nl\\\/wp-content\\\/uploads\\\/2024\\\/03\\\/img_0367.jpeg\",\"contentUrl\":\"https:\\\/\\\/www.holy-supps.nl\\\/wp-content\\\/uploads\\\/2024\\\/03\\\/img_0367.jpeg\",\"width\":1048,\"height\":1336},{\"@type\":\"BreadcrumbList\",\"@id\":\"https:\\\/\\\/www.holy-supps.nl\\\/product\\\/protein-works-omega-3-high-strength\\\/#breadcrumb\",\"itemListElement\":[{\"@type\":\"ListItem\",\"position\":1,\"name\":\"Home\",\"item\":\"https:\\\/\\\/www.holy-supps.nl\\\/\"},{\"@type\":\"ListItem\",\"position\":2,\"name\":\"Winkel\",\"item\":\"https:\\\/\\\/www.holy-supps.nl\\\/winkel\\\/\"},{\"@type\":\"ListItem\",\"position\":3,\"name\":\"Omega 3 High Strength &#8211; Protein Works\"}]},{\"@type\":\"WebSite\",\"@id\":\"https:\\\/\\\/www.holy-supps.nl\\\/#website\",\"url\":\"https:\\\/\\\/www.holy-supps.nl\\\/\",\"name\":\"Holy-Supps.nl\",\"description\":\"Official EHPLabs Reseller!\",\"publisher\":{\"@id\":\"https:\\\/\\\/www.holy-supps.nl\\\/#organization\"},\"potentialAction\":[{\"@type\":\"SearchAction\",\"target\":{\"@type\":\"EntryPoint\",\"urlTemplate\":\"https:\\\/\\\/www.holy-supps.nl\\\/?s={search_term_string}\"},\"query-input\":{\"@type\":\"PropertyValueSpecification\",\"valueRequired\":true,\"valueName\":\"search_term_string\"}}],\"inLanguage\":\"es\"},{\"@type\":\"Organization\",\"@id\":\"https:\\\/\\\/www.holy-supps.nl\\\/#organization\",\"name\":\"Holy Supps\",\"url\":\"https:\\\/\\\/www.holy-supps.nl\\\/\",\"logo\":{\"@type\":\"ImageObject\",\"inLanguage\":\"es\",\"@id\":\"https:\\\/\\\/www.holy-supps.nl\\\/#\\\/schema\\\/logo\\\/image\\\/\",\"url\":\"https:\\\/\\\/www.holy-supps.nl\\\/wp-content\\\/uploads\\\/2023\\\/06\\\/HOLY-SUPPS.png\",\"contentUrl\":\"https:\\\/\\\/www.holy-supps.nl\\\/wp-content\\\/uploads\\\/2023\\\/06\\\/HOLY-SUPPS.png\",\"width\":1000,\"height\":400,\"caption\":\"Holy Supps\"},\"image\":{\"@id\":\"https:\\\/\\\/www.holy-supps.nl\\\/#\\\/schema\\\/logo\\\/image\\\/\"},\"sameAs\":[\"https:\\\/\\\/www.facebook.com\\\/holy.supps\",\"https:\\\/\\\/www.instagram.com\\\/holy.supps.shop\\\/\"]}]}<\/script>\n<!-- \/ Yoast SEO plugin. -->","yoast_head_json":{"title":"Omega 3 Alta Potencia - Protein Works - Holy-Supps.co.uk","description":"Omega 3 de alta potencia: 1000 mg de aceite de pescado por c\u00e1psula blanda, con 180 mg de EPA y 120 mg de DHA. Favorece el coraz\u00f3n, la funci\u00f3n cerebral y la p\u00e9rdida de grasa. Alta calidad.","robots":{"index":"index","follow":"follow","max-snippet":"max-snippet:-1","max-image-preview":"max-image-preview:large","max-video-preview":"max-video-preview:-1"},"canonical":"https:\/\/www.holy-supps.nl\/es\/producto\/protein-works-omega-3-high-strength\/","og_locale":"es_ES","og_type":"article","og_title":"Omega 3 High Strength - Protein Works - Holy-Supps.nl","og_description":"Omega 3 High Strength: 1000 mg visolie per softgel, met 180 mg EPA en 120 mg DHA. Ondersteunt hart, hersenfunctie en vetverlies. Hoogwaardige kwaliteit.","og_url":"https:\/\/www.holy-supps.nl\/es\/producto\/protein-works-omega-3-high-strength\/","og_site_name":"Holy-Supps.nl","article_publisher":"https:\/\/www.facebook.com\/holy.supps","article_modified_time":"2025-12-22T16:14:59+00:00","og_image":[{"width":1048,"height":1336,"url":"https:\/\/www.holy-supps.nl\/wp-content\/uploads\/2024\/03\/img_0367.jpeg","type":"image\/jpeg"}],"twitter_card":"summary_large_image","twitter_misc":{"Tiempo de lectura":"2 minutos"},"schema":{"@context":"https:\/\/schema.org","@graph":[{"@type":"WebPage","@id":"https:\/\/www.holy-supps.nl\/product\/protein-works-omega-3-high-strength\/","url":"https:\/\/www.holy-supps.nl\/product\/protein-works-omega-3-high-strength\/","name":"Omega 3 Alta Potencia - Protein Works - Holy-Supps.co.uk","isPartOf":{"@id":"https:\/\/www.holy-supps.nl\/#website"},"primaryImageOfPage":{"@id":"https:\/\/www.holy-supps.nl\/product\/protein-works-omega-3-high-strength\/#primaryimage"},"image":{"@id":"https:\/\/www.holy-supps.nl\/product\/protein-works-omega-3-high-strength\/#primaryimage"},"thumbnailUrl":"https:\/\/www.holy-supps.nl\/wp-content\/uploads\/2024\/03\/img_0367.jpeg","datePublished":"2024-03-29T21:39:53+00:00","dateModified":"2025-12-22T16:14:59+00:00","description":"Omega 3 de alta potencia: 1000 mg de aceite de pescado por c\u00e1psula blanda, con 180 mg de EPA y 120 mg de DHA. Favorece el coraz\u00f3n, la funci\u00f3n cerebral y la p\u00e9rdida de grasa. Alta calidad.","breadcrumb":{"@id":"https:\/\/www.holy-supps.nl\/product\/protein-works-omega-3-high-strength\/#breadcrumb"},"inLanguage":"es","potentialAction":[{"@type":"ReadAction","target":["https:\/\/www.holy-supps.nl\/product\/protein-works-omega-3-high-strength\/"]}]},{"@type":"ImageObject","inLanguage":"es","@id":"https:\/\/www.holy-supps.nl\/product\/protein-works-omega-3-high-strength\/#primaryimage","url":"https:\/\/www.holy-supps.nl\/wp-content\/uploads\/2024\/03\/img_0367.jpeg","contentUrl":"https:\/\/www.holy-supps.nl\/wp-content\/uploads\/2024\/03\/img_0367.jpeg","width":1048,"height":1336},{"@type":"BreadcrumbList","@id":"https:\/\/www.holy-supps.nl\/product\/protein-works-omega-3-high-strength\/#breadcrumb","itemListElement":[{"@type":"ListItem","position":1,"name":"Home","item":"https:\/\/www.holy-supps.nl\/"},{"@type":"ListItem","position":2,"name":"Winkel","item":"https:\/\/www.holy-supps.nl\/winkel\/"},{"@type":"ListItem","position":3,"name":"Omega 3 High Strength &#8211; Protein Works"}]},{"@type":"WebSite","@id":"https:\/\/www.holy-supps.nl\/#website","url":"https:\/\/www.holy-supps.nl\/","name":"Holy-Supps.es","description":"\u00a1Distribuidor oficial de EHPLabs!","publisher":{"@id":"https:\/\/www.holy-supps.nl\/#organization"},"potentialAction":[{"@type":"SearchAction","target":{"@type":"EntryPoint","urlTemplate":"https:\/\/www.holy-supps.nl\/?s={search_term_string}"},"query-input":{"@type":"PropertyValueSpecification","valueRequired":true,"valueName":"search_term_string"}}],"inLanguage":"es"},{"@type":"Organization","@id":"https:\/\/www.holy-supps.nl\/#organization","name":"Santa Cena","url":"https:\/\/www.holy-supps.nl\/","logo":{"@type":"ImageObject","inLanguage":"es","@id":"https:\/\/www.holy-supps.nl\/#\/schema\/logo\/image\/","url":"https:\/\/www.holy-supps.nl\/wp-content\/uploads\/2023\/06\/HOLY-SUPPS.png","contentUrl":"https:\/\/www.holy-supps.nl\/wp-content\/uploads\/2023\/06\/HOLY-SUPPS.png","width":1000,"height":400,"caption":"Holy Supps"},"image":{"@id":"https:\/\/www.holy-supps.nl\/#\/schema\/logo\/image\/"},"sameAs":["https:\/\/www.facebook.com\/holy.supps","https:\/\/www.instagram.com\/holy.supps.shop\/"]}]}},"jetpack_sharing_enabled":true,"_links":{"self":[{"href":"https:\/\/www.holy-supps.nl\/es\/wp-json\/wp\/v2\/product\/2226","targetHints":{"allow":["GET"]}}],"collection":[{"href":"https:\/\/www.holy-supps.nl\/es\/wp-json\/wp\/v2\/product"}],"about":[{"href":"https:\/\/www.holy-supps.nl\/es\/wp-json\/wp\/v2\/types\/product"}],"replies":[{"embeddable":true,"href":"https:\/\/www.holy-supps.nl\/es\/wp-json\/wp\/v2\/comments?post=2226"}],"wp:featuredmedia":[{"embeddable":true,"href":"https:\/\/www.holy-supps.nl\/es\/wp-json\/wp\/v2\/media\/2227"}],"wp:attachment":[{"href":"https:\/\/www.holy-supps.nl\/es\/wp-json\/wp\/v2\/media?parent=2226"}],"wp:term":[{"taxonomy":"product_brand","embeddable":true,"href":"https:\/\/www.holy-supps.nl\/es\/wp-json\/wp\/v2\/product_brand?post=2226"},{"taxonomy":"product_cat","embeddable":true,"href":"https:\/\/www.holy-supps.nl\/es\/wp-json\/wp\/v2\/product_cat?post=2226"},{"taxonomy":"product_tag","embeddable":true,"href":"https:\/\/www.holy-supps.nl\/es\/wp-json\/wp\/v2\/product_tag?post=2226"}],"curies":[{"name":"wp","href":"https:\/\/api.w.org\/{rel}","templated":true}]}}